{"id":26532,"date":"2026-05-02T13:06:28","date_gmt":"2026-05-02T10:06:28","guid":{"rendered":"https:\/\/tehnoformat.md\/product\/haier-es50v-f5cr\/"},"modified":"2026-05-04T12:15:44","modified_gmt":"2026-05-04T09:15:44","slug":"haier-es50v-f5cr","status":"publish","type":"product","link":"https:\/\/tehnoformat.md\/ro\/produs\/haier-es50v-f5cr\/","title":{"rendered":"Haier ES50V-F5C(R)"},"content":{"rendered":"\t\t<div data-elementor-type=\"product-post\" data-elementor-id=\"26532\" class=\"elementor elementor-26532 elementor-26500\">\n\t\t\t\t<div class=\"elementor-element elementor-element-50eac6f e-flex e-con-boxed e-con e-parent\" data-id=\"50eac6f\" data-element_type=\"container\" data-e-type=\"container\">\n\t\t\t\t\t<div class=\"e-con-inner\">\n\t\t\t\t<div class=\"elementor-element elementor-element-92369d7 elementor-widget elementor-widget-text-editor\" data-id=\"92369d7\" data-element_type=\"widget\" data-e-type=\"widget\" data-widget_type=\"text-editor.default\">\n\t\t\t\t<div class=\"elementor-widget-container\">\n\t\t\t\t\t\t\t\t\t<h4 data-section-id=\"8fdn9g\" data-start=\"118\" data-end=\"200\">\u00cenc\u0103lzitorul de ap\u0103 Haier ES50V-F5C(R) ofer\u0103 confort fiabil al apei calde \u00een fiecare zi.<\/h4><p data-start=\"202\" data-end=\"478\">Haier ES50V-F5C(R) este un \u00eenc\u0103lzitor electric modern de ap\u0103 cu stocare, cu o capacitate de 50 de litri, ideal pentru un apartament sau o cas\u0103 privat\u0103. Combin\u0103 designul elegant, \u00eenc\u0103lzirea rapid\u0103 \u0219i protec\u021bia fiabil\u0103, asigur\u00e2nd o alimentare stabil\u0103 cu ap\u0103 cald\u0103 \u00een orice moment.<\/p><p data-start=\"480\" data-end=\"795\">Cu o putere de p\u00e2n\u0103 la 1,5\u20133 kW, \u00eenc\u0103lzitorul de ap\u0103 \u00eenc\u0103lze\u0219te rapid apa la o temperatur\u0103 de p\u00e2n\u0103 la 75\u00b0C, permi\u021b\u00e2nd o utilizare confortabil\u0103 la du\u0219, \u00een buc\u0103t\u0103rie sau \u00een uz casnic. Timpul de \u00eenc\u0103lzire este de aproximativ 35-55 de minute, ceea ce face ca dispozitivul s\u0103 fie eficient chiar \u0219i \u00een cazul utiliz\u0103rii active.<\/p><p data-start=\"797\" data-end=\"1055\">Rezervorul interior este acoperit cu email durabil, care protejeaz\u0103 \u00eempotriva coroziunii \u0219i prelunge\u0219te durata de via\u021b\u0103 a dispozitivului. \u00cen plus, este instalat un anod de magneziu, care previne formarea depunerilor de calcar \u0219i cre\u0219te durabilitatea dispozitivului.<\/p><p data-start=\"1057\" data-end=\"1272\">Modelul este echipat cu comenzi electronice convenabile, precum \u0219i cu moduri de func\u021bionare inteligente, inclusiv un mod economic \u0219i o func\u021bie antibacterian\u0103 pentru a men\u021bine puritatea apei.<\/p><p data-start=\"1274\" data-end=\"1441\">Designul vertical compact permite o instalare u\u0219oar\u0103 chiar \u0219i \u00een spa\u021bii \u00eenguste, \u00een timp ce aspectul s\u0103u modern se va integra armonios \u00een orice interior.<\/p><hr data-start=\"1443\" data-end=\"1446\"><h4 data-section-id=\"tb7wch\" data-start=\"1448\" data-end=\"1474\">Principalele avantaje:<\/h4><ul data-start=\"1475\" data-end=\"1795\"><li data-section-id=\"ys620g\" data-start=\"1475\" data-end=\"1532\">Volum 50 litri &#8211; ideal pentru o familie de 2-3 persoane<\/li><li data-section-id=\"f8q5ah\" data-start=\"1533\" data-end=\"1556\">\u00cenc\u0103lzire rapid\u0103 a apei<\/li><li data-section-id=\"9nv2kl\" data-start=\"1557\" data-end=\"1593\">Temperatur\u0103 maxim\u0103 de p\u00e2n\u0103 la 75\u00b0C<\/li><li data-section-id=\"aqn82y\" data-start=\"1594\" data-end=\"1624\">Rezervor emailat fiabil<\/li><li data-section-id=\"iwdolq\" data-start=\"1625\" data-end=\"1666\">Anod de magneziu pentru protec\u021bie la coroziune<\/li><li data-section-id=\"jqt473\" data-start=\"1667\" data-end=\"1713\">Control electronic \u0219i mod economic<\/li><li data-section-id=\"1lx8u8x\" data-start=\"1714\" data-end=\"1760\">Protec\u021bie \u00eempotriva supra\u00eenc\u0103lzirii \u0219i a presiunii excesive<\/li><li data-section-id=\"nvwrq4\" data-start=\"1761\" data-end=\"1795\">Instalare vertical\u0103 u\u0219oar\u0103<\/li><\/ul><hr data-start=\"1797\" data-end=\"1800\"><h4 data-section-id=\"15uhl8h\" data-start=\"1802\" data-end=\"1926\">Haier ES50V-F5C(R) este o solu\u021bie practic\u0103 pentru cei care apreciaz\u0103 fiabilitatea, eficien\u021ba \u0219i confortul \u00een via\u021ba de zi cu zi.<\/h4>\t\t\t\t\t\t\t\t<\/div>\n\t\t\t\t<\/div>\n\t\t\t\t\t<\/div>\n\t\t\t\t<\/div>\n\t\t\t\t<\/div>\n\t\t","protected":false},"excerpt":{"rendered":"<p>\u00cenc\u0103lzitorul de ap\u0103 Haier ES50V-F5C(R) ofer\u0103 confort fiabil al apei calde \u00een fiecare zi. Haier ES50V-F5C(R) este un \u00eenc\u0103lzitor electric modern de ap\u0103 cu stocare, cu o capacitate de 50 de litri, ideal pentru un apartament sau o cas\u0103 privat\u0103. Combin\u0103 designul elegant, \u00eenc\u0103lzirea rapid\u0103 \u0219i protec\u021bia fiabil\u0103, asigur\u00e2nd o alimentare stabil\u0103 cu ap\u0103 cald\u0103 [&hellip;]<\/p>\n","protected":false},"featured_media":26507,"comment_status":"closed","ping_status":"closed","template":"","meta":[],"product_brand":[],"product_cat":[784,795],"product_tag":[906,907,957,963,989],"class_list":{"0":"post-26532","1":"product","2":"type-product","3":"status-publish","4":"has-post-thumbnail","6":"product_cat-boilere","7":"product_cat-incalzitoare-de-apa","8":"product_tag-boilere-ro","9":"product_tag-boilere-electrice-ro","10":"product_tag-flat-ro","11":"product_tag-haier-ro","12":"product_tag-plat-ro","13":"ts_product_brand-haier-ro","15":"first","16":"instock","17":"sale","18":"shipping-taxable","19":"purchasable","20":"product-type-simple","21":"add-to-wishlist-after_add_to_cart"},"yoast_head":"<!-- This site is optimized with the Yoast SEO plugin v27.3 - https:\/\/yoast.com\/product\/yoast-seo-wordpress\/ -->\n<title>Haier ES50V-F5C(R) - Tehnoformat<\/title>\n<meta name=\"robots\" content=\"index, follow, max-snippet:-1, max-image-preview:large, max-video-preview:-1\" \/>\n<link rel=\"canonical\" href=\"https:\/\/tehnoformat.md\/ro\/produs\/haier-es50v-f5cr\/\" \/>\n<meta property=\"og:locale\" content=\"ro_RO\" \/>\n<meta property=\"og:type\" content=\"article\" \/>\n<meta property=\"og:title\" content=\"Haier ES50V-F5C(R) - Tehnoformat\" \/>\n<meta property=\"og:description\" content=\"\u00cenc\u0103lzitorul de ap\u0103 Haier ES50V-F5C(R) ofer\u0103 confort fiabil al apei calde \u00een fiecare zi. Haier ES50V-F5C(R) este un \u00eenc\u0103lzitor electric modern de ap\u0103 cu stocare, cu o capacitate de 50 de litri, ideal pentru un apartament sau o cas\u0103 privat\u0103. Combin\u0103 designul elegant, \u00eenc\u0103lzirea rapid\u0103 \u0219i protec\u021bia fiabil\u0103, asigur\u00e2nd o alimentare stabil\u0103 cu ap\u0103 cald\u0103 [&hellip;]\" \/>\n<meta property=\"og:url\" content=\"https:\/\/tehnoformat.md\/ro\/produs\/haier-es50v-f5cr\/\" \/>\n<meta property=\"og:site_name\" content=\"Tehnoformat\" \/>\n<meta property=\"article:publisher\" content=\"https:\/\/www.facebook.com\/formatterm\" \/>\n<meta property=\"article:modified_time\" content=\"2026-05-04T09:15:44+00:00\" \/>\n<meta property=\"og:image\" content=\"https:\/\/tehnoformat.md\/wp-content\/uploads\/2026\/05\/haier-f5c.jpg\" \/>\n\t<meta property=\"og:image:width\" content=\"1000\" \/>\n\t<meta property=\"og:image:height\" content=\"1000\" \/>\n\t<meta property=\"og:image:type\" content=\"image\/jpeg\" \/>\n<meta name=\"twitter:card\" content=\"summary_large_image\" \/>\n<meta name=\"twitter:label1\" content=\"Timp estimat pentru citire\" \/>\n\t<meta name=\"twitter:data1\" content=\"2 minute\" \/>\n<script type=\"application\/ld+json\" class=\"yoast-schema-graph\">{\"@context\":\"https:\\\/\\\/schema.org\",\"@graph\":[{\"@type\":\"WebPage\",\"@id\":\"https:\\\/\\\/tehnoformat.md\\\/ro\\\/produs\\\/haier-es50v-f5cr\\\/\",\"url\":\"https:\\\/\\\/tehnoformat.md\\\/ro\\\/produs\\\/haier-es50v-f5cr\\\/\",\"name\":\"Haier ES50V-F5C(R) - Tehnoformat\",\"isPartOf\":{\"@id\":\"https:\\\/\\\/tehnoformat.md\\\/ro\\\/#website\"},\"primaryImageOfPage\":{\"@id\":\"https:\\\/\\\/tehnoformat.md\\\/ro\\\/produs\\\/haier-es50v-f5cr\\\/#primaryimage\"},\"image\":{\"@id\":\"https:\\\/\\\/tehnoformat.md\\\/ro\\\/produs\\\/haier-es50v-f5cr\\\/#primaryimage\"},\"thumbnailUrl\":\"https:\\\/\\\/tehnoformat.md\\\/wp-content\\\/uploads\\\/2026\\\/05\\\/haier-f5c.jpg\",\"datePublished\":\"2026-05-02T10:06:28+00:00\",\"dateModified\":\"2026-05-04T09:15:44+00:00\",\"breadcrumb\":{\"@id\":\"https:\\\/\\\/tehnoformat.md\\\/ro\\\/produs\\\/haier-es50v-f5cr\\\/#breadcrumb\"},\"inLanguage\":\"ro-RO\",\"potentialAction\":[{\"@type\":\"ReadAction\",\"target\":[\"https:\\\/\\\/tehnoformat.md\\\/ro\\\/produs\\\/haier-es50v-f5cr\\\/\"]}]},{\"@type\":\"ImageObject\",\"inLanguage\":\"ro-RO\",\"@id\":\"https:\\\/\\\/tehnoformat.md\\\/ro\\\/produs\\\/haier-es50v-f5cr\\\/#primaryimage\",\"url\":\"https:\\\/\\\/tehnoformat.md\\\/wp-content\\\/uploads\\\/2026\\\/05\\\/haier-f5c.jpg\",\"contentUrl\":\"https:\\\/\\\/tehnoformat.md\\\/wp-content\\\/uploads\\\/2026\\\/05\\\/haier-f5c.jpg\",\"width\":1000,\"height\":1000},{\"@type\":\"BreadcrumbList\",\"@id\":\"https:\\\/\\\/tehnoformat.md\\\/ro\\\/produs\\\/haier-es50v-f5cr\\\/#breadcrumb\",\"itemListElement\":[{\"@type\":\"ListItem\",\"position\":1,\"name\":\"Pagina principal\u0103\",\"item\":\"https:\\\/\\\/tehnoformat.md\\\/ro\\\/\"},{\"@type\":\"ListItem\",\"position\":2,\"name\":\"Magazin\",\"item\":\"https:\\\/\\\/tehnoformat.md\\\/ro\\\/shop\\\/\"},{\"@type\":\"ListItem\",\"position\":3,\"name\":\"Haier ES50V-F5C(R)\"}]},{\"@type\":\"WebSite\",\"@id\":\"https:\\\/\\\/tehnoformat.md\\\/ro\\\/#website\",\"url\":\"https:\\\/\\\/tehnoformat.md\\\/ro\\\/\",\"name\":\"Tehnoformat.md\",\"description\":\"\",\"publisher\":{\"@id\":\"https:\\\/\\\/tehnoformat.md\\\/ro\\\/#organization\"},\"potentialAction\":[{\"@type\":\"SearchAction\",\"target\":{\"@type\":\"EntryPoint\",\"urlTemplate\":\"https:\\\/\\\/tehnoformat.md\\\/ro\\\/?s={search_term_string}\"},\"query-input\":{\"@type\":\"PropertyValueSpecification\",\"valueRequired\":true,\"valueName\":\"search_term_string\"}}],\"inLanguage\":\"ro-RO\"},{\"@type\":\"Organization\",\"@id\":\"https:\\\/\\\/tehnoformat.md\\\/ro\\\/#organization\",\"name\":\"Tehnoformat\",\"url\":\"https:\\\/\\\/tehnoformat.md\\\/ro\\\/\",\"logo\":{\"@type\":\"ImageObject\",\"inLanguage\":\"ro-RO\",\"@id\":\"https:\\\/\\\/tehnoformat.md\\\/ro\\\/#\\\/schema\\\/logo\\\/image\\\/\",\"url\":\"https:\\\/\\\/tehnoformat.md\\\/wp-content\\\/uploads\\\/2024\\\/10\\\/icon1.png\",\"contentUrl\":\"https:\\\/\\\/tehnoformat.md\\\/wp-content\\\/uploads\\\/2024\\\/10\\\/icon1.png\",\"width\":512,\"height\":512,\"caption\":\"Tehnoformat\"},\"image\":{\"@id\":\"https:\\\/\\\/tehnoformat.md\\\/ro\\\/#\\\/schema\\\/logo\\\/image\\\/\"},\"sameAs\":[\"https:\\\/\\\/www.facebook.com\\\/formatterm\",\"https:\\\/\\\/www.instagram.com\\\/tehnoformat.md\\\/\"]}]}<\/script>\n<!-- \/ Yoast SEO plugin. -->","yoast_head_json":{"title":"Haier ES50V-F5C(R) - Tehnoformat","robots":{"index":"index","follow":"follow","max-snippet":"max-snippet:-1","max-image-preview":"max-image-preview:large","max-video-preview":"max-video-preview:-1"},"canonical":"https:\/\/tehnoformat.md\/ro\/produs\/haier-es50v-f5cr\/","og_locale":"ro_RO","og_type":"article","og_title":"Haier ES50V-F5C(R) - Tehnoformat","og_description":"\u00cenc\u0103lzitorul de ap\u0103 Haier ES50V-F5C(R) ofer\u0103 confort fiabil al apei calde \u00een fiecare zi. Haier ES50V-F5C(R) este un \u00eenc\u0103lzitor electric modern de ap\u0103 cu stocare, cu o capacitate de 50 de litri, ideal pentru un apartament sau o cas\u0103 privat\u0103. Combin\u0103 designul elegant, \u00eenc\u0103lzirea rapid\u0103 \u0219i protec\u021bia fiabil\u0103, asigur\u00e2nd o alimentare stabil\u0103 cu ap\u0103 cald\u0103 [&hellip;]","og_url":"https:\/\/tehnoformat.md\/ro\/produs\/haier-es50v-f5cr\/","og_site_name":"Tehnoformat","article_publisher":"https:\/\/www.facebook.com\/formatterm","article_modified_time":"2026-05-04T09:15:44+00:00","og_image":[{"width":1000,"height":1000,"url":"https:\/\/tehnoformat.md\/wp-content\/uploads\/2026\/05\/haier-f5c.jpg","type":"image\/jpeg"}],"twitter_card":"summary_large_image","twitter_misc":{"Timp estimat pentru citire":"2 minute"},"schema":{"@context":"https:\/\/schema.org","@graph":[{"@type":"WebPage","@id":"https:\/\/tehnoformat.md\/ro\/produs\/haier-es50v-f5cr\/","url":"https:\/\/tehnoformat.md\/ro\/produs\/haier-es50v-f5cr\/","name":"Haier ES50V-F5C(R) - Tehnoformat","isPartOf":{"@id":"https:\/\/tehnoformat.md\/ro\/#website"},"primaryImageOfPage":{"@id":"https:\/\/tehnoformat.md\/ro\/produs\/haier-es50v-f5cr\/#primaryimage"},"image":{"@id":"https:\/\/tehnoformat.md\/ro\/produs\/haier-es50v-f5cr\/#primaryimage"},"thumbnailUrl":"https:\/\/tehnoformat.md\/wp-content\/uploads\/2026\/05\/haier-f5c.jpg","datePublished":"2026-05-02T10:06:28+00:00","dateModified":"2026-05-04T09:15:44+00:00","breadcrumb":{"@id":"https:\/\/tehnoformat.md\/ro\/produs\/haier-es50v-f5cr\/#breadcrumb"},"inLanguage":"ro-RO","potentialAction":[{"@type":"ReadAction","target":["https:\/\/tehnoformat.md\/ro\/produs\/haier-es50v-f5cr\/"]}]},{"@type":"ImageObject","inLanguage":"ro-RO","@id":"https:\/\/tehnoformat.md\/ro\/produs\/haier-es50v-f5cr\/#primaryimage","url":"https:\/\/tehnoformat.md\/wp-content\/uploads\/2026\/05\/haier-f5c.jpg","contentUrl":"https:\/\/tehnoformat.md\/wp-content\/uploads\/2026\/05\/haier-f5c.jpg","width":1000,"height":1000},{"@type":"BreadcrumbList","@id":"https:\/\/tehnoformat.md\/ro\/produs\/haier-es50v-f5cr\/#breadcrumb","itemListElement":[{"@type":"ListItem","position":1,"name":"Pagina principal\u0103","item":"https:\/\/tehnoformat.md\/ro\/"},{"@type":"ListItem","position":2,"name":"Magazin","item":"https:\/\/tehnoformat.md\/ro\/shop\/"},{"@type":"ListItem","position":3,"name":"Haier ES50V-F5C(R)"}]},{"@type":"WebSite","@id":"https:\/\/tehnoformat.md\/ro\/#website","url":"https:\/\/tehnoformat.md\/ro\/","name":"Tehnoformat.md","description":"","publisher":{"@id":"https:\/\/tehnoformat.md\/ro\/#organization"},"potentialAction":[{"@type":"SearchAction","target":{"@type":"EntryPoint","urlTemplate":"https:\/\/tehnoformat.md\/ro\/?s={search_term_string}"},"query-input":{"@type":"PropertyValueSpecification","valueRequired":true,"valueName":"search_term_string"}}],"inLanguage":"ro-RO"},{"@type":"Organization","@id":"https:\/\/tehnoformat.md\/ro\/#organization","name":"Tehnoformat","url":"https:\/\/tehnoformat.md\/ro\/","logo":{"@type":"ImageObject","inLanguage":"ro-RO","@id":"https:\/\/tehnoformat.md\/ro\/#\/schema\/logo\/image\/","url":"https:\/\/tehnoformat.md\/wp-content\/uploads\/2024\/10\/icon1.png","contentUrl":"https:\/\/tehnoformat.md\/wp-content\/uploads\/2024\/10\/icon1.png","width":512,"height":512,"caption":"Tehnoformat"},"image":{"@id":"https:\/\/tehnoformat.md\/ro\/#\/schema\/logo\/image\/"},"sameAs":["https:\/\/www.facebook.com\/formatterm","https:\/\/www.instagram.com\/tehnoformat.md\/"]}]}},"_links":{"self":[{"href":"https:\/\/tehnoformat.md\/ro\/wp-json\/wp\/v2\/product\/26532","targetHints":{"allow":["GET"]}}],"collection":[{"href":"https:\/\/tehnoformat.md\/ro\/wp-json\/wp\/v2\/product"}],"about":[{"href":"https:\/\/tehnoformat.md\/ro\/wp-json\/wp\/v2\/types\/product"}],"replies":[{"embeddable":true,"href":"https:\/\/tehnoformat.md\/ro\/wp-json\/wp\/v2\/comments?post=26532"}],"version-history":[{"count":2,"href":"https:\/\/tehnoformat.md\/ro\/wp-json\/wp\/v2\/product\/26532\/revisions"}],"predecessor-version":[{"id":26534,"href":"https:\/\/tehnoformat.md\/ro\/wp-json\/wp\/v2\/product\/26532\/revisions\/26534"}],"wp:featuredmedia":[{"embeddable":true,"href":"https:\/\/tehnoformat.md\/ro\/wp-json\/wp\/v2\/media\/26507"}],"wp:attachment":[{"href":"https:\/\/tehnoformat.md\/ro\/wp-json\/wp\/v2\/media?parent=26532"}],"wp:term":[{"taxonomy":"product_brand","embeddable":true,"href":"https:\/\/tehnoformat.md\/ro\/wp-json\/wp\/v2\/product_brand?post=26532"},{"taxonomy":"product_cat","embeddable":true,"href":"https:\/\/tehnoformat.md\/ro\/wp-json\/wp\/v2\/product_cat?post=26532"},{"taxonomy":"product_tag","embeddable":true,"href":"https:\/\/tehnoformat.md\/ro\/wp-json\/wp\/v2\/product_tag?post=26532"}],"curies":[{"name":"wp","href":"https:\/\/api.w.org\/{rel}","templated":true}]}}