{"id":25612,"date":"2024-10-08T14:00:52","date_gmt":"2024-10-08T11:00:52","guid":{"rendered":"https:\/\/tehnoformat.md\/product\/baxi-v-501-10-l-cu-conectare-jos\/"},"modified":"2026-03-05T18:22:05","modified_gmt":"2026-03-05T15:22:05","slug":"baxi-v-501-10-l-cu-conectare-jos","status":"publish","type":"product","link":"https:\/\/tehnoformat.md\/ro\/produs\/baxi-v-501-10-l-cu-conectare-jos\/","title":{"rendered":"BAXI V 501 &#8211; 10 L (cu conectare jos)"},"content":{"rendered":"\t\t<div data-elementor-type=\"product-post\" data-elementor-id=\"25612\" class=\"elementor elementor-25612 elementor-17230\">\n\t\t\t\t<div class=\"elementor-element elementor-element-008c881 e-flex e-con-boxed e-con e-parent\" data-id=\"008c881\" data-element_type=\"container\" data-e-type=\"container\">\n\t\t\t\t\t<div class=\"e-con-inner\">\n\t\t<div class=\"elementor-element elementor-element-2d8f7cd e-con-full e-flex e-con e-child\" data-id=\"2d8f7cd\" data-element_type=\"container\" data-e-type=\"container\">\n\t\t\t\t<div class=\"elementor-element elementor-element-feb0f7a elementor-widget elementor-widget-text-editor\" data-id=\"feb0f7a\" data-element_type=\"widget\" data-e-type=\"widget\" data-widget_type=\"text-editor.default\">\n\t\t\t\t<div class=\"elementor-widget-container\">\n\t\t\t\t\t\t\t\t\t<p><strong>Descriere BAXI R 501 SL<\/strong><\/p><p>\u00cenc\u0103lzitorul electric de ap\u0103 cu stocare BAXI R 501 SL este conceput pentru \u00eenc\u0103lzirea apei \u0219i crearea de rezerve de ap\u0103 cald\u0103 at\u00e2t pentru volume mici, c\u00e2t \u0219i mari. Acest model este ideal pentru uz casnic, oferind diverse capacit\u0103\u021bi de stocare a apei calde pentru a satisface diverse nevoi. <\/p><h6>Principalele caracteristici:<\/h6><ul><li><strong>Capacitate:<\/strong> Sunt disponibile modele cu capacit\u0103\u021bi ale rezervorului de 10, 15, 30, 50, 80, 100 litri, permi\u021b\u00e2ndu-v\u0103 s\u0103 alege\u021bi dispozitivul \u00een func\u021bie de cantitatea de ap\u0103 cald\u0103 necesar\u0103.<\/li><li><strong>Temperatur\u0103:<\/strong> \u00cenc\u0103lzitorul de ap\u0103 este capabil s\u0103 \u00eenc\u0103lzeasc\u0103 apa la temperatura necesar\u0103 pentru a asigura acces constant la ap\u0103 cald\u0103.<\/li><\/ul><h6>Tipuri de instalare:<\/h6><ol><li><strong>Instalare orizontal\u0103:<\/strong> Potrivit\u0103 pentru \u00eenc\u0103peri cu \u00een\u0103l\u021bime limitat\u0103 sau unde este necesar\u0103 amplasarea compact\u0103 a unit\u0103\u021bii.<\/li><li><strong>Instalare vertical\u0103:<\/strong> Ofer\u0103 economie de spa\u021biu \u0219i func\u021bionare optim\u0103 a \u00eenc\u0103lzitorului de ap\u0103 \u00een condi\u021bii normale.<\/li><li><strong>Instalare deasupra chiuvetei:<\/strong> Ideal\u0103 pentru spa\u021bii mici \u0219i zone \u00een care \u00eenc\u0103lzitorul de ap\u0103 trebuie instalat aproape de punctul de extrac\u021bie a apei.<\/li><li><strong>Instalare sub chiuvet\u0103:<\/strong> O solu\u021bie convenabil\u0103 de economisire a spa\u021biului care v\u0103 permite s\u0103 ascunde\u021bi \u00eenc\u0103lzitorul de ap\u0103 sub corpurile sanitare.<\/li><\/ol>\t\t\t\t\t\t\t\t<\/div>\n\t\t\t\t<\/div>\n\t\t\t\t<\/div>\n\t\t<div class=\"elementor-element elementor-element-a2c9611 e-con-full e-flex e-con e-child\" data-id=\"a2c9611\" data-element_type=\"container\" data-e-type=\"container\">\n\t\t\t\t<div class=\"elementor-element elementor-element-a2b8a65 elementor-widget elementor-widget-image\" data-id=\"a2b8a65\" data-element_type=\"widget\" data-e-type=\"widget\" data-widget_type=\"image.default\">\n\t\t\t\t<div class=\"elementor-widget-container\">\n\t\t\t\t\t\t\t\t\t\t\t\t\t\t\t<img fetchpriority=\"high\" decoding=\"async\" width=\"1000\" height=\"1000\" src=\"https:\/\/tehnoformat.md\/wp-content\/uploads\/2024\/10\/baxi-1.jpg\" class=\"attachment-large size-large wp-image-22359\" alt=\"\" srcset=\"https:\/\/tehnoformat.md\/wp-content\/uploads\/2024\/10\/baxi-1.jpg 1000w, https:\/\/tehnoformat.md\/wp-content\/uploads\/2024\/10\/baxi-1-300x300.jpg 300w, https:\/\/tehnoformat.md\/wp-content\/uploads\/2024\/10\/baxi-1-250x250.jpg 250w, https:\/\/tehnoformat.md\/wp-content\/uploads\/2024\/10\/baxi-1-768x768.jpg 768w, https:\/\/tehnoformat.md\/wp-content\/uploads\/2024\/10\/baxi-1-180x180.jpg 180w, https:\/\/tehnoformat.md\/wp-content\/uploads\/2024\/10\/baxi-1-400x400.jpg 400w, https:\/\/tehnoformat.md\/wp-content\/uploads\/2024\/10\/baxi-1-100x100.jpg 100w, https:\/\/tehnoformat.md\/wp-content\/uploads\/2024\/10\/baxi-1-54x54.jpg 54w, https:\/\/tehnoformat.md\/wp-content\/uploads\/2024\/10\/baxi-1-310x310.jpg 310w, https:\/\/tehnoformat.md\/wp-content\/uploads\/2024\/10\/baxi-1-80x80.jpg 80w\" sizes=\"(max-width: 1000px) 100vw, 1000px\" \/>\t\t\t\t\t\t\t\t\t\t\t\t\t\t\t<\/div>\n\t\t\t\t<\/div>\n\t\t\t\t<\/div>\n\t\t\t\t\t<\/div>\n\t\t\t\t<\/div>\n\t\t<div class=\"elementor-element elementor-element-717549d e-flex e-con-boxed e-con e-parent\" data-id=\"717549d\" data-element_type=\"container\" data-e-type=\"container\">\n\t\t\t\t\t<div class=\"e-con-inner\">\n\t\t<div class=\"elementor-element elementor-element-5cc4427 e-con-full e-flex e-con e-child\" data-id=\"5cc4427\" data-element_type=\"container\" data-e-type=\"container\">\n\t\t\t\t<div class=\"elementor-element elementor-element-ec94259 elementor-widget elementor-widget-image\" data-id=\"ec94259\" data-element_type=\"widget\" data-e-type=\"widget\" data-widget_type=\"image.default\">\n\t\t\t\t<div class=\"elementor-widget-container\">\n\t\t\t\t\t\t\t\t\t\t\t\t\t\t\t<img decoding=\"async\" width=\"1000\" height=\"1000\" src=\"https:\/\/tehnoformat.md\/wp-content\/uploads\/2024\/10\/baxi2.jpg\" class=\"attachment-large size-large wp-image-22361\" alt=\"\" srcset=\"https:\/\/tehnoformat.md\/wp-content\/uploads\/2024\/10\/baxi2.jpg 1000w, https:\/\/tehnoformat.md\/wp-content\/uploads\/2024\/10\/baxi2-300x300.jpg 300w, https:\/\/tehnoformat.md\/wp-content\/uploads\/2024\/10\/baxi2-250x250.jpg 250w, https:\/\/tehnoformat.md\/wp-content\/uploads\/2024\/10\/baxi2-768x768.jpg 768w, https:\/\/tehnoformat.md\/wp-content\/uploads\/2024\/10\/baxi2-180x180.jpg 180w, https:\/\/tehnoformat.md\/wp-content\/uploads\/2024\/10\/baxi2-400x400.jpg 400w, https:\/\/tehnoformat.md\/wp-content\/uploads\/2024\/10\/baxi2-100x100.jpg 100w, https:\/\/tehnoformat.md\/wp-content\/uploads\/2024\/10\/baxi2-54x54.jpg 54w, https:\/\/tehnoformat.md\/wp-content\/uploads\/2024\/10\/baxi2-310x310.jpg 310w, https:\/\/tehnoformat.md\/wp-content\/uploads\/2024\/10\/baxi2-80x80.jpg 80w\" sizes=\"(max-width: 1000px) 100vw, 1000px\" \/>\t\t\t\t\t\t\t\t\t\t\t\t\t\t\t<\/div>\n\t\t\t\t<\/div>\n\t\t\t\t<\/div>\n\t\t<div class=\"elementor-element elementor-element-4e1b76c e-con-full e-flex e-con e-child\" data-id=\"4e1b76c\" data-element_type=\"container\" data-e-type=\"container\">\n\t\t\t\t<div class=\"elementor-element elementor-element-3c0f270 elementor-widget elementor-widget-text-editor\" data-id=\"3c0f270\" data-element_type=\"widget\" data-e-type=\"widget\" data-widget_type=\"text-editor.default\">\n\t\t\t\t<div class=\"elementor-widget-container\">\n\t\t\t\t\t\t\t\t\t<p><strong>Caracteristici tehnologice ale \u00eenc\u0103lzitorului de ap\u0103 cu stocare BAXI EVN:<\/strong><\/p><p>\u00cenc\u0103lzitorul de ap\u0103 cu stocare <strong>BAXI EVN<\/strong> se m\u00e2ndre\u0219te cu numeroase avantaje tehnologice care \u00eei asigur\u0103 eficien\u021ba \u0219i durabilitatea. Principalele sale componente \u0219i func\u021bii includ: <\/p><ul><li><strong>Rezervor interior din o\u021bel:<\/strong> Componenta principal\u0103 \u00een care se stocheaz\u0103 apa cald\u0103. Rezervorul este acoperit cu un strat protector special pentru a preveni coroziunea, prelungindu-i durata de via\u021b\u0103. <\/li><li><strong>Elemente de \u00eenc\u0103lzire izolate electric:<\/strong> Elemente de \u00eenc\u0103lzire protejate de contactul cu apa, ceea ce le asigur\u0103 durabilitatea \u0219i eficien\u021ba la \u00eenc\u0103lzirea apei.<\/li><li><strong>Izola\u021bie termic\u0103:<\/strong> \u00cenc\u0103lzitorul de ap\u0103 este echipat cu material termoizolant, care minimizeaz\u0103 pierderile de c\u0103ldur\u0103 \u0219i men\u021bine o temperatur\u0103 stabil\u0103 a apei \u00een interiorul rezervorului, reduc\u00e2nd costurile cu energia.<\/li><li><strong>Anod de magneziu:<\/strong> Unitatea include un anod mare de magneziu care previne coroziunea rezervorului intern \u0219i a elementelor de \u00eenc\u0103lzire, cresc\u00e2nd semnificativ durata de via\u021b\u0103 a \u00eenc\u0103lzitorului de ap\u0103.<\/li><li><strong>Termostat:<\/strong> Pentru monitorizarea \u0219i reglarea temperaturii apei. Termostatul v\u0103 permite s\u0103 seta\u021bi cu precizie temperatura de \u00eenc\u0103lzire dorit\u0103. <\/li><li><strong>Supap\u0103 de siguran\u021b\u0103:<\/strong> Dispozitivul este echipat cu o supap\u0103 calibrat\u0103 pentru a elibera excesul de presiune, ceea ce asigur\u0103 func\u021bionarea \u00een siguran\u021b\u0103 a sistemului, prevenind situa\u021biile de urgen\u021b\u0103.<\/li><li><strong>Controler de temperatur\u0103:<\/strong> Utilizatorul poate regla cu u\u0219urin\u021b\u0103 temperatura apei \u00een func\u021bie de nevoile sale cu ajutorul controlerului convenabil.<\/li><li><strong>Termometru:<\/strong> Majoritatea modelelor sunt echipate cu un termometru care arat\u0103 temperatura curent\u0103 a apei din rezervor, permi\u021b\u00e2ndu-v\u0103 s\u0103 monitoriza\u021bi procesul de \u00eenc\u0103lzire.<\/li><\/ul>\t\t\t\t\t\t\t\t<\/div>\n\t\t\t\t<\/div>\n\t\t\t\t<\/div>\n\t\t\t\t\t<\/div>\n\t\t\t\t<\/div>\n\t\t<div class=\"elementor-element elementor-element-a21389e e-flex e-con-boxed e-con e-parent\" data-id=\"a21389e\" data-element_type=\"container\" data-e-type=\"container\">\n\t\t\t\t\t<div class=\"e-con-inner\">\n\t\t<div class=\"elementor-element elementor-element-dccbb66 e-con-full e-flex e-con e-child\" data-id=\"dccbb66\" data-element_type=\"container\" data-e-type=\"container\">\n\t\t\t\t<div class=\"elementor-element elementor-element-a8aa452 elementor-widget elementor-widget-text-editor\" data-id=\"a8aa452\" data-element_type=\"widget\" data-e-type=\"widget\" data-widget_type=\"text-editor.default\">\n\t\t\t\t<div class=\"elementor-widget-container\">\n\t\t\t\t\t\t\t\t\t<div class=\"flex-shrink-0 flex flex-col relative items-end\"><div><div class=\"pt-0\"><div class=\"gizmo-bot-avatar flex h-8 w-8 items-center justify-center overflow-hidden rounded-full\"><div class=\"relative p-1 rounded-sm flex items-center justify-center bg-token-main-surface-primary text-token-text-primary h-8 w-8\"> <\/div><\/div><\/div><\/div><\/div><div class=\"group\/conversation-turn relative flex w-full min-w-0 flex-col agent-turn\"><div class=\"flex-col gap-1 md:gap-3\"><div class=\"flex max-w-full flex-col flex-grow\"><div class=\"min-h-8 text-message flex w-full flex-col items-end gap-2 whitespace-normal break-words [.text-message+&amp;]:mt-5\" dir=\"auto\" data-message-author-role=\"assistant\" data-message-id=\"0ee0f313-22ea-46ae-8232-08313b94544b\"><div class=\"flex w-full flex-col gap-1 empty:hidden first:pt-[3px]\"><div class=\"markdown prose w-full break-words dark:prose-invert light\"><p>Avantajele \u00eenc\u0103lzitorului electric de ap\u0103 <strong>BAXI<\/strong>:<\/p><p>Durabilitate:<\/p><ul><li>Utilizarea unui anod mare de magneziu prelunge\u0219te semnificativ durata de via\u021b\u0103 a \u00eenc\u0103lzitorului de ap\u0103 prin prevenirea coroziunii din interiorul rezervorului.<\/li><li>Materialele de \u00eenalt\u0103 calitate utilizate \u00een produc\u021bie asigur\u0103 rezisten\u021ba dispozitivului la influen\u021be negative, cum ar fi depunerile de calcar \u0219i rugina.<\/li><\/ul><p>Siguran\u0163\u0103:<\/p><ul><li>Inser\u021biile dielectrice de pe conexiunile de ap\u0103 previn scurgerile electrice periculoase \u0219i fac func\u021bionarea mai sigur\u0103.<\/li><li>Elementul de \u00eenc\u0103lzire izolat este protejat de contactul cu apa, ceea ce previne supra\u00eenc\u0103lzirea \u0219i deteriorarea elementului de \u00eenc\u0103lzire.<\/li><li>Supapa de siguran\u021b\u0103 controleaz\u0103 presiunea din rezervor, prevenind situa\u021biile de urgen\u021b\u0103 \u0219i asigur\u00e2nd utilizarea \u00een siguran\u021b\u0103 chiar \u0219i la presiuni ridicate.<\/li><\/ul><p><strong>U\u0219or de instalat \u0219i \u00eentre\u021binut:<\/strong><\/p><ul><li>\u00cenc\u0103lzitorul de ap\u0103 este u\u0219or de instalat datorit\u0103 designului s\u0103u bine g\u00e2ndit \u0219i dimensiunilor compacte.<\/li><li>\u00centre\u021binerea u\u0219oar\u0103 permite utilizatorului s\u0103 men\u021bin\u0103 dispozitivul \u00een stare de func\u021bionare f\u0103r\u0103 niciun efort suplimentar, de exemplu, prin \u00eenlocuirea regulat\u0103 a anodului de magneziu sau cur\u0103\u021barea rezervorului.<\/li><\/ul><p>Aceste avantaje fac din <strong>BAXI <\/strong>o solu\u021bie fiabil\u0103 \u0219i convenabil\u0103 pentru furnizarea de ap\u0103 cald\u0103 \u00eentr-o locuin\u021b\u0103 sau \u00eentr-un spa\u021biu comercial.<\/p><\/div><\/div><\/div><\/div><\/div><\/div>\t\t\t\t\t\t\t\t<\/div>\n\t\t\t\t<\/div>\n\t\t\t\t<\/div>\n\t\t<div class=\"elementor-element elementor-element-3ed0708 e-con-full e-flex e-con e-child\" data-id=\"3ed0708\" data-element_type=\"container\" data-e-type=\"container\">\n\t\t\t\t<div class=\"elementor-element elementor-element-0c62496 elementor-widget elementor-widget-image\" data-id=\"0c62496\" data-element_type=\"widget\" data-e-type=\"widget\" data-widget_type=\"image.default\">\n\t\t\t\t<div class=\"elementor-widget-container\">\n\t\t\t\t\t\t\t\t\t\t\t\t\t\t\t<img decoding=\"async\" width=\"1000\" height=\"1000\" src=\"https:\/\/tehnoformat.md\/wp-content\/uploads\/2024\/10\/baxi8.jpg\" class=\"attachment-large size-large wp-image-22367\" alt=\"\" srcset=\"https:\/\/tehnoformat.md\/wp-content\/uploads\/2024\/10\/baxi8.jpg 1000w, https:\/\/tehnoformat.md\/wp-content\/uploads\/2024\/10\/baxi8-300x300.jpg 300w, https:\/\/tehnoformat.md\/wp-content\/uploads\/2024\/10\/baxi8-250x250.jpg 250w, https:\/\/tehnoformat.md\/wp-content\/uploads\/2024\/10\/baxi8-768x768.jpg 768w, https:\/\/tehnoformat.md\/wp-content\/uploads\/2024\/10\/baxi8-180x180.jpg 180w, https:\/\/tehnoformat.md\/wp-content\/uploads\/2024\/10\/baxi8-400x400.jpg 400w, https:\/\/tehnoformat.md\/wp-content\/uploads\/2024\/10\/baxi8-100x100.jpg 100w, https:\/\/tehnoformat.md\/wp-content\/uploads\/2024\/10\/baxi8-54x54.jpg 54w, https:\/\/tehnoformat.md\/wp-content\/uploads\/2024\/10\/baxi8-310x310.jpg 310w, https:\/\/tehnoformat.md\/wp-content\/uploads\/2024\/10\/baxi8-80x80.jpg 80w\" sizes=\"(max-width: 1000px) 100vw, 1000px\" \/>\t\t\t\t\t\t\t\t\t\t\t\t\t\t\t<\/div>\n\t\t\t\t<\/div>\n\t\t\t\t<\/div>\n\t\t\t\t\t<\/div>\n\t\t\t\t<\/div>\n\t\t\t\t<\/div>\n\t\t","protected":false},"excerpt":{"rendered":"<p>Descriere BAXI R 501 SL \u00cenc\u0103lzitorul electric de ap\u0103 cu stocare BAXI R 501 SL este conceput pentru \u00eenc\u0103lzirea apei \u0219i crearea de rezerve de ap\u0103 cald\u0103 at\u00e2t pentru volume mici, c\u00e2t \u0219i mari. Acest model este ideal pentru uz casnic, oferind diverse capacit\u0103\u021bi de stocare a apei calde pentru a satisface diverse nevoi. Principalele [&hellip;]<\/p>\n","protected":false},"featured_media":22359,"comment_status":"closed","ping_status":"open","template":"","meta":[],"product_brand":[],"product_cat":[784,795],"product_tag":[898,906,907],"class_list":{"0":"post-25612","1":"product","2":"type-product","3":"status-publish","4":"has-post-thumbnail","6":"product_cat-boilere","7":"product_cat-incalzitoare-de-apa","8":"product_tag-baxi-ro","9":"product_tag-boilere-ro","10":"product_tag-boilere-electrice-ro","11":"ts_product_brand-baxi-ro","13":"first","14":"instock","15":"sale","16":"shipping-taxable","17":"purchasable","18":"product-type-simple","19":"add-to-wishlist-after_add_to_cart"},"yoast_head":"<!-- This site is optimized with the Yoast SEO plugin v27.3 - https:\/\/yoast.com\/product\/yoast-seo-wordpress\/ -->\n<title>BAXI V 501 - 10 L (cu conectare jos) - Tehnoformat<\/title>\n<meta name=\"robots\" content=\"index, follow, max-snippet:-1, max-image-preview:large, max-video-preview:-1\" \/>\n<link rel=\"canonical\" href=\"https:\/\/tehnoformat.md\/ro\/produs\/baxi-v-501-10-l-cu-conectare-jos\/\" \/>\n<meta property=\"og:locale\" content=\"ro_RO\" \/>\n<meta property=\"og:type\" content=\"article\" \/>\n<meta property=\"og:title\" content=\"BAXI V 501 - 10 L (cu conectare jos) - Tehnoformat\" \/>\n<meta property=\"og:description\" content=\"Descriere BAXI R 501 SL \u00cenc\u0103lzitorul electric de ap\u0103 cu stocare BAXI R 501 SL este conceput pentru \u00eenc\u0103lzirea apei \u0219i crearea de rezerve de ap\u0103 cald\u0103 at\u00e2t pentru volume mici, c\u00e2t \u0219i mari. Acest model este ideal pentru uz casnic, oferind diverse capacit\u0103\u021bi de stocare a apei calde pentru a satisface diverse nevoi. Principalele [&hellip;]\" \/>\n<meta property=\"og:url\" content=\"https:\/\/tehnoformat.md\/ro\/produs\/baxi-v-501-10-l-cu-conectare-jos\/\" \/>\n<meta property=\"og:site_name\" content=\"Tehnoformat\" \/>\n<meta property=\"article:publisher\" content=\"https:\/\/www.facebook.com\/formatterm\" \/>\n<meta property=\"article:modified_time\" content=\"2026-03-05T15:22:05+00:00\" \/>\n<meta property=\"og:image\" content=\"https:\/\/tehnoformat.md\/wp-content\/uploads\/2024\/10\/baxi-1.jpg\" \/>\n\t<meta property=\"og:image:width\" content=\"1000\" \/>\n\t<meta property=\"og:image:height\" content=\"1000\" \/>\n\t<meta property=\"og:image:type\" content=\"image\/jpeg\" \/>\n<meta name=\"twitter:card\" content=\"summary_large_image\" \/>\n<meta name=\"twitter:label1\" content=\"Timp estimat pentru citire\" \/>\n\t<meta name=\"twitter:data1\" content=\"4 minute\" \/>\n<script type=\"application\/ld+json\" class=\"yoast-schema-graph\">{\"@context\":\"https:\\\/\\\/schema.org\",\"@graph\":[{\"@type\":\"WebPage\",\"@id\":\"https:\\\/\\\/tehnoformat.md\\\/ro\\\/produs\\\/baxi-v-501-10-l-cu-conectare-jos\\\/\",\"url\":\"https:\\\/\\\/tehnoformat.md\\\/ro\\\/produs\\\/baxi-v-501-10-l-cu-conectare-jos\\\/\",\"name\":\"BAXI V 501 - 10 L (cu conectare jos) - Tehnoformat\",\"isPartOf\":{\"@id\":\"https:\\\/\\\/tehnoformat.md\\\/ro\\\/#website\"},\"primaryImageOfPage\":{\"@id\":\"https:\\\/\\\/tehnoformat.md\\\/ro\\\/produs\\\/baxi-v-501-10-l-cu-conectare-jos\\\/#primaryimage\"},\"image\":{\"@id\":\"https:\\\/\\\/tehnoformat.md\\\/ro\\\/produs\\\/baxi-v-501-10-l-cu-conectare-jos\\\/#primaryimage\"},\"thumbnailUrl\":\"https:\\\/\\\/tehnoformat.md\\\/wp-content\\\/uploads\\\/2024\\\/10\\\/baxi-1.jpg\",\"datePublished\":\"2024-10-08T11:00:52+00:00\",\"dateModified\":\"2026-03-05T15:22:05+00:00\",\"breadcrumb\":{\"@id\":\"https:\\\/\\\/tehnoformat.md\\\/ro\\\/produs\\\/baxi-v-501-10-l-cu-conectare-jos\\\/#breadcrumb\"},\"inLanguage\":\"ro-RO\",\"potentialAction\":[{\"@type\":\"ReadAction\",\"target\":[\"https:\\\/\\\/tehnoformat.md\\\/ro\\\/produs\\\/baxi-v-501-10-l-cu-conectare-jos\\\/\"]}]},{\"@type\":\"ImageObject\",\"inLanguage\":\"ro-RO\",\"@id\":\"https:\\\/\\\/tehnoformat.md\\\/ro\\\/produs\\\/baxi-v-501-10-l-cu-conectare-jos\\\/#primaryimage\",\"url\":\"https:\\\/\\\/tehnoformat.md\\\/wp-content\\\/uploads\\\/2024\\\/10\\\/baxi-1.jpg\",\"contentUrl\":\"https:\\\/\\\/tehnoformat.md\\\/wp-content\\\/uploads\\\/2024\\\/10\\\/baxi-1.jpg\",\"width\":1000,\"height\":1000},{\"@type\":\"BreadcrumbList\",\"@id\":\"https:\\\/\\\/tehnoformat.md\\\/ro\\\/produs\\\/baxi-v-501-10-l-cu-conectare-jos\\\/#breadcrumb\",\"itemListElement\":[{\"@type\":\"ListItem\",\"position\":1,\"name\":\"Pagina principal\u0103\",\"item\":\"https:\\\/\\\/tehnoformat.md\\\/ro\\\/\"},{\"@type\":\"ListItem\",\"position\":2,\"name\":\"Magazin\",\"item\":\"https:\\\/\\\/tehnoformat.md\\\/ro\\\/shop\\\/\"},{\"@type\":\"ListItem\",\"position\":3,\"name\":\"BAXI V 501 &#8211; 10 L (cu conectare jos)\"}]},{\"@type\":\"WebSite\",\"@id\":\"https:\\\/\\\/tehnoformat.md\\\/ro\\\/#website\",\"url\":\"https:\\\/\\\/tehnoformat.md\\\/ro\\\/\",\"name\":\"Tehnoformat.md\",\"description\":\"\",\"publisher\":{\"@id\":\"https:\\\/\\\/tehnoformat.md\\\/ro\\\/#organization\"},\"potentialAction\":[{\"@type\":\"SearchAction\",\"target\":{\"@type\":\"EntryPoint\",\"urlTemplate\":\"https:\\\/\\\/tehnoformat.md\\\/ro\\\/?s={search_term_string}\"},\"query-input\":{\"@type\":\"PropertyValueSpecification\",\"valueRequired\":true,\"valueName\":\"search_term_string\"}}],\"inLanguage\":\"ro-RO\"},{\"@type\":\"Organization\",\"@id\":\"https:\\\/\\\/tehnoformat.md\\\/ro\\\/#organization\",\"name\":\"Tehnoformat\",\"url\":\"https:\\\/\\\/tehnoformat.md\\\/ro\\\/\",\"logo\":{\"@type\":\"ImageObject\",\"inLanguage\":\"ro-RO\",\"@id\":\"https:\\\/\\\/tehnoformat.md\\\/ro\\\/#\\\/schema\\\/logo\\\/image\\\/\",\"url\":\"https:\\\/\\\/tehnoformat.md\\\/wp-content\\\/uploads\\\/2024\\\/10\\\/icon1.png\",\"contentUrl\":\"https:\\\/\\\/tehnoformat.md\\\/wp-content\\\/uploads\\\/2024\\\/10\\\/icon1.png\",\"width\":512,\"height\":512,\"caption\":\"Tehnoformat\"},\"image\":{\"@id\":\"https:\\\/\\\/tehnoformat.md\\\/ro\\\/#\\\/schema\\\/logo\\\/image\\\/\"},\"sameAs\":[\"https:\\\/\\\/www.facebook.com\\\/formatterm\",\"https:\\\/\\\/www.instagram.com\\\/tehnoformat.md\\\/\"]}]}<\/script>\n<!-- \/ Yoast SEO plugin. -->","yoast_head_json":{"title":"BAXI V 501 - 10 L (cu conectare jos) - Tehnoformat","robots":{"index":"index","follow":"follow","max-snippet":"max-snippet:-1","max-image-preview":"max-image-preview:large","max-video-preview":"max-video-preview:-1"},"canonical":"https:\/\/tehnoformat.md\/ro\/produs\/baxi-v-501-10-l-cu-conectare-jos\/","og_locale":"ro_RO","og_type":"article","og_title":"BAXI V 501 - 10 L (cu conectare jos) - Tehnoformat","og_description":"Descriere BAXI R 501 SL \u00cenc\u0103lzitorul electric de ap\u0103 cu stocare BAXI R 501 SL este conceput pentru \u00eenc\u0103lzirea apei \u0219i crearea de rezerve de ap\u0103 cald\u0103 at\u00e2t pentru volume mici, c\u00e2t \u0219i mari. Acest model este ideal pentru uz casnic, oferind diverse capacit\u0103\u021bi de stocare a apei calde pentru a satisface diverse nevoi. Principalele [&hellip;]","og_url":"https:\/\/tehnoformat.md\/ro\/produs\/baxi-v-501-10-l-cu-conectare-jos\/","og_site_name":"Tehnoformat","article_publisher":"https:\/\/www.facebook.com\/formatterm","article_modified_time":"2026-03-05T15:22:05+00:00","og_image":[{"width":1000,"height":1000,"url":"https:\/\/tehnoformat.md\/wp-content\/uploads\/2024\/10\/baxi-1.jpg","type":"image\/jpeg"}],"twitter_card":"summary_large_image","twitter_misc":{"Timp estimat pentru citire":"4 minute"},"schema":{"@context":"https:\/\/schema.org","@graph":[{"@type":"WebPage","@id":"https:\/\/tehnoformat.md\/ro\/produs\/baxi-v-501-10-l-cu-conectare-jos\/","url":"https:\/\/tehnoformat.md\/ro\/produs\/baxi-v-501-10-l-cu-conectare-jos\/","name":"BAXI V 501 - 10 L (cu conectare jos) - Tehnoformat","isPartOf":{"@id":"https:\/\/tehnoformat.md\/ro\/#website"},"primaryImageOfPage":{"@id":"https:\/\/tehnoformat.md\/ro\/produs\/baxi-v-501-10-l-cu-conectare-jos\/#primaryimage"},"image":{"@id":"https:\/\/tehnoformat.md\/ro\/produs\/baxi-v-501-10-l-cu-conectare-jos\/#primaryimage"},"thumbnailUrl":"https:\/\/tehnoformat.md\/wp-content\/uploads\/2024\/10\/baxi-1.jpg","datePublished":"2024-10-08T11:00:52+00:00","dateModified":"2026-03-05T15:22:05+00:00","breadcrumb":{"@id":"https:\/\/tehnoformat.md\/ro\/produs\/baxi-v-501-10-l-cu-conectare-jos\/#breadcrumb"},"inLanguage":"ro-RO","potentialAction":[{"@type":"ReadAction","target":["https:\/\/tehnoformat.md\/ro\/produs\/baxi-v-501-10-l-cu-conectare-jos\/"]}]},{"@type":"ImageObject","inLanguage":"ro-RO","@id":"https:\/\/tehnoformat.md\/ro\/produs\/baxi-v-501-10-l-cu-conectare-jos\/#primaryimage","url":"https:\/\/tehnoformat.md\/wp-content\/uploads\/2024\/10\/baxi-1.jpg","contentUrl":"https:\/\/tehnoformat.md\/wp-content\/uploads\/2024\/10\/baxi-1.jpg","width":1000,"height":1000},{"@type":"BreadcrumbList","@id":"https:\/\/tehnoformat.md\/ro\/produs\/baxi-v-501-10-l-cu-conectare-jos\/#breadcrumb","itemListElement":[{"@type":"ListItem","position":1,"name":"Pagina principal\u0103","item":"https:\/\/tehnoformat.md\/ro\/"},{"@type":"ListItem","position":2,"name":"Magazin","item":"https:\/\/tehnoformat.md\/ro\/shop\/"},{"@type":"ListItem","position":3,"name":"BAXI V 501 &#8211; 10 L (cu conectare jos)"}]},{"@type":"WebSite","@id":"https:\/\/tehnoformat.md\/ro\/#website","url":"https:\/\/tehnoformat.md\/ro\/","name":"Tehnoformat.md","description":"","publisher":{"@id":"https:\/\/tehnoformat.md\/ro\/#organization"},"potentialAction":[{"@type":"SearchAction","target":{"@type":"EntryPoint","urlTemplate":"https:\/\/tehnoformat.md\/ro\/?s={search_term_string}"},"query-input":{"@type":"PropertyValueSpecification","valueRequired":true,"valueName":"search_term_string"}}],"inLanguage":"ro-RO"},{"@type":"Organization","@id":"https:\/\/tehnoformat.md\/ro\/#organization","name":"Tehnoformat","url":"https:\/\/tehnoformat.md\/ro\/","logo":{"@type":"ImageObject","inLanguage":"ro-RO","@id":"https:\/\/tehnoformat.md\/ro\/#\/schema\/logo\/image\/","url":"https:\/\/tehnoformat.md\/wp-content\/uploads\/2024\/10\/icon1.png","contentUrl":"https:\/\/tehnoformat.md\/wp-content\/uploads\/2024\/10\/icon1.png","width":512,"height":512,"caption":"Tehnoformat"},"image":{"@id":"https:\/\/tehnoformat.md\/ro\/#\/schema\/logo\/image\/"},"sameAs":["https:\/\/www.facebook.com\/formatterm","https:\/\/www.instagram.com\/tehnoformat.md\/"]}]}},"_links":{"self":[{"href":"https:\/\/tehnoformat.md\/ro\/wp-json\/wp\/v2\/product\/25612","targetHints":{"allow":["GET"]}}],"collection":[{"href":"https:\/\/tehnoformat.md\/ro\/wp-json\/wp\/v2\/product"}],"about":[{"href":"https:\/\/tehnoformat.md\/ro\/wp-json\/wp\/v2\/types\/product"}],"replies":[{"embeddable":true,"href":"https:\/\/tehnoformat.md\/ro\/wp-json\/wp\/v2\/comments?post=25612"}],"version-history":[{"count":4,"href":"https:\/\/tehnoformat.md\/ro\/wp-json\/wp\/v2\/product\/25612\/revisions"}],"predecessor-version":[{"id":25616,"href":"https:\/\/tehnoformat.md\/ro\/wp-json\/wp\/v2\/product\/25612\/revisions\/25616"}],"wp:featuredmedia":[{"embeddable":true,"href":"https:\/\/tehnoformat.md\/ro\/wp-json\/wp\/v2\/media\/22359"}],"wp:attachment":[{"href":"https:\/\/tehnoformat.md\/ro\/wp-json\/wp\/v2\/media?parent=25612"}],"wp:term":[{"taxonomy":"product_brand","embeddable":true,"href":"https:\/\/tehnoformat.md\/ro\/wp-json\/wp\/v2\/product_brand?post=25612"},{"taxonomy":"product_cat","embeddable":true,"href":"https:\/\/tehnoformat.md\/ro\/wp-json\/wp\/v2\/product_cat?post=25612"},{"taxonomy":"product_tag","embeddable":true,"href":"https:\/\/tehnoformat.md\/ro\/wp-json\/wp\/v2\/product_tag?post=25612"}],"curies":[{"name":"wp","href":"https:\/\/api.w.org\/{rel}","templated":true}]}}