{"id":25593,"date":"2024-10-09T09:46:29","date_gmt":"2024-10-09T06:46:29","guid":{"rendered":"https:\/\/tehnoformat.md\/product\/atlantic-opro-slim-30-l\/"},"modified":"2025-11-13T14:30:17","modified_gmt":"2025-11-13T11:30:17","slug":"atlantic-opro-slim-30-l","status":"publish","type":"product","link":"https:\/\/tehnoformat.md\/ro\/produs\/atlantic-opro-slim-30-l\/","title":{"rendered":"Atlantic O&#8217;Pro Slim 30 L"},"content":{"rendered":"\t\t<div data-elementor-type=\"product-post\" data-elementor-id=\"25593\" class=\"elementor elementor-25593 elementor-17274\">\n\t\t\t\t<div class=\"elementor-element elementor-element-8765675 e-flex e-con-boxed e-con e-parent\" data-id=\"8765675\" data-element_type=\"container\" data-e-type=\"container\">\n\t\t\t\t\t<div class=\"e-con-inner\">\n\t\t\t\t<div class=\"elementor-element elementor-element-e49d6f0 elementor-align-center elementor-widget elementor-widget-button\" data-id=\"e49d6f0\" data-element_type=\"widget\" data-e-type=\"widget\" data-widget_type=\"button.default\">\n\t\t\t\t<div class=\"elementor-widget-container\">\n\t\t\t\t\t\t\t\t\t<div class=\"elementor-button-wrapper\">\n\t\t\t\t\t<a target=\"_blank\" rel=\"nofollow\" href=\"https:\/\/tehnoformat.md\/goto\/https:\/\/atlantic-market.com.ua\/index.php?route=product\/product\/download&#038;product_id=72&#038;download_id=49\" class=\"elementor-button elementor-button-link elementor-size-sm\" >\n\t\t\t\t\t\t<span class=\"elementor-button-content-wrapper\">\n\t\t\t\t\t\t\t\t\t<span class=\"elementor-button-text\">Instruc\u021biuni de utilizare<\/span>\n\t\t\t\t\t<\/span>\n\t\t\t\t\t<\/a>\n\t\t\t\t<\/div>\n\t\t\t\t\t\t\t\t<\/div>\n\t\t\t\t<\/div>\n\t\t\t\t\t<\/div>\n\t\t\t\t<\/div>\n\t\t<div class=\"elementor-element elementor-element-b9bbaee e-flex e-con-boxed e-con e-parent\" data-id=\"b9bbaee\" data-element_type=\"container\" data-e-type=\"container\">\n\t\t\t\t\t<div class=\"e-con-inner\">\n\t\t\t\t<div class=\"elementor-element elementor-element-12d2ba4 elementor-widget elementor-widget-text-editor\" data-id=\"12d2ba4\" data-element_type=\"widget\" data-e-type=\"widget\" data-widget_type=\"text-editor.default\">\n\t\t\t\t<div class=\"elementor-widget-container\">\n\t\t\t\t\t\t\t\t\t<p>Boilerul <strong>O&#8217;Pro Slim PC<\/strong> de la compania francez\u0103 <strong>Atlantic Group<\/strong> este o solu\u021bie compact\u0103 de \u00eenc\u0103lzire a apei, ideal\u0103 pentru instalarea \u00een spa\u021bii \u00eenguste. Cu un diametru al rezervorului de doar 338 mm, acesta poate fi instalat \u00een spa\u021bii \u00eenguste, ceea ce este deosebit de important pentru spa\u021biile mici. <\/p><h6>Beneficii \u0219i caracteristici cheie:<\/h6><ol><li><strong>Dimensiuni compacte<\/strong>:<\/li><\/ol><ul><li>Diametrul mic al rezervorului nu numai c\u0103 faciliteaz\u0103 instalarea, dar, datorit\u0103 suprafe\u021bei de \u00eenc\u0103lzire reduse, permite prepararea a p\u00e2n\u0103 la 30% mai mult\u0103 ap\u0103 cald\u0103 \u00een acela\u0219i timp, comparativ cu boilerele de dimensiuni standard.<\/li><\/ul><p><strong>2. Tehnologie proprietar\u0103 O\u2019Pro<\/strong>:<\/p><ul><li>Designul patentat de la <strong>O&#8217;Pro<\/strong> prelunge\u0219te durata de via\u021b\u0103 a rezervorului \u0219i a anodului de magneziu, sporind durata de via\u021b\u0103 a centralei \u0219i reduc\u00e2nd riscul de coroziune.<\/li><\/ul><p><strong>3. Suprafa\u021b\u0103 de o\u021bel acoperit\u0103<\/strong>:<\/p><ul><li>Interiorul rezervorului este fabricat din o\u021bel \u0219i acoperit cu vitroceramic\u0103 infuzat\u0103 cu zirconiu, utiliz\u00e2nd un proces de pulverizare electrostatic\u0103. Acest strat ofer\u0103 o protec\u021bie superioar\u0103 \u00eempotriva coroziunii \u0219i prelunge\u0219te durata de via\u021b\u0103 a cazanului. <\/li><\/ul><h6>Caracteristici suplimentare:<\/h6><ul><li>Boilerul <strong>O\u2019Pro Slim PC<\/strong> este extrem de eficient \u00een \u00eenc\u0103lzirea apei datorit\u0103 diametrului s\u0103u redus.<\/li><li>Protec\u021bie fiabil\u0103 \u00eempotriva coroziunii \u0219i depunerilor de calcar datorit\u0103 utiliz\u0103rii unui anod de magneziu \u0219i a tehnologiilor moderne de acoperire a rezervorului.<\/li><\/ul><p>Acest \u00eenc\u0103lzitor de apa este o solu\u021bie modern\u0103 \u0219i fiabil\u0103 pentru furnizarea de ap\u0103 cald\u0103 \u00een condi\u021bii de spa\u021biu limitat.<\/p>\t\t\t\t\t\t\t\t<\/div>\n\t\t\t\t<\/div>\n\t\t\t\t\t<\/div>\n\t\t\t\t<\/div>\n\t\t<div class=\"elementor-element elementor-element-73f217d e-flex e-con-boxed e-con e-parent\" data-id=\"73f217d\" data-element_type=\"container\" data-e-type=\"container\">\n\t\t\t\t\t<div class=\"e-con-inner\">\n\t\t\t\t<div class=\"elementor-element elementor-element-996f745 elementor-widget elementor-widget-image\" data-id=\"996f745\" data-element_type=\"widget\" data-e-type=\"widget\" data-widget_type=\"image.default\">\n\t\t\t\t<div class=\"elementor-widget-container\">\n\t\t\t\t\t\t\t\t\t\t\t\t\t\t\t<img fetchpriority=\"high\" decoding=\"async\" width=\"798\" height=\"388\" src=\"https:\/\/tehnoformat.md\/wp-content\/uploads\/2024\/10\/o-pro-slim-option2.jpg\" class=\"attachment-large size-large wp-image-22380\" alt=\"\" srcset=\"https:\/\/tehnoformat.md\/wp-content\/uploads\/2024\/10\/o-pro-slim-option2.jpg 798w, https:\/\/tehnoformat.md\/wp-content\/uploads\/2024\/10\/o-pro-slim-option2-300x146.jpg 300w, https:\/\/tehnoformat.md\/wp-content\/uploads\/2024\/10\/o-pro-slim-option2-768x373.jpg 768w\" sizes=\"(max-width: 798px) 100vw, 798px\" \/>\t\t\t\t\t\t\t\t\t\t\t\t\t\t\t<\/div>\n\t\t\t\t<\/div>\n\t\t\t\t\t<\/div>\n\t\t\t\t<\/div>\n\t\t<div class=\"elementor-element elementor-element-b2d7d63 e-flex e-con-boxed e-con e-parent\" data-id=\"b2d7d63\" data-element_type=\"container\" data-e-type=\"container\">\n\t\t\t\t\t<div class=\"e-con-inner\">\n\t\t\t\t<div class=\"elementor-element elementor-element-d94f1b6 elementor-widget elementor-widget-text-editor\" data-id=\"d94f1b6\" data-element_type=\"widget\" data-e-type=\"widget\" data-widget_type=\"text-editor.default\">\n\t\t\t\t<div class=\"elementor-widget-container\">\n\t\t\t\t\t\t\t\t\t<div class=\"flex-shrink-0 flex flex-col relative items-end\"><div><div class=\"pt-0\"><div class=\"gizmo-bot-avatar flex h-8 w-8 items-center justify-center overflow-hidden rounded-full\"><h6 class=\"relative p-1 rounded-sm flex items-center justify-center bg-token-main-surface-primary text-token-text-primary h-8 w-8\"><strong style=\"font-size: 16px;\">Principalele caracteristici tehnice ale boilerului O\u2019Pro Slim PC:<\/strong><\/h6><\/div><\/div><\/div><\/div><div class=\"group\/conversation-turn relative flex w-full min-w-0 flex-col agent-turn\"><div class=\"flex-col gap-1 md:gap-3\"><div class=\"flex max-w-full flex-col flex-grow\"><div class=\"min-h-8 text-message flex w-full flex-col items-end gap-2 whitespace-normal break-words [.text-message+&amp;]:mt-5\" dir=\"auto\" data-message-author-role=\"assistant\" data-message-id=\"4389458c-4d6c-4cd5-b565-9c391a73d5c6\"><div class=\"flex w-full flex-col gap-1 empty:hidden first:pt-[3px]\"><div class=\"markdown prose w-full break-words dark:prose-invert light\"><ul><li><strong>Diametru rezervor<\/strong>: 33,8 cm (corp \u00eengust pentru instalare \u00een spa\u021bii restr\u00e2nse).<\/li><li><strong>Vitez\u0103 crescut\u0103 de \u00eenc\u0103lzire a apei<\/strong>: datorit\u0103 suprafe\u021bei de \u00eenc\u0103lzire reduse, v\u0103 permite s\u0103 prepara\u021bi cu p\u00e2n\u0103 la 30% mai mult\u0103 ap\u0103 cald\u0103 \u00een aceea\u0219i perioad\u0103 de timp.<\/li><li><strong>Element de \u00eenc\u0103lzire<\/strong>: element de \u00eenc\u0103lzire din cupru, care asigur\u0103 o eficien\u021b\u0103 ridicat\u0103 a \u00eenc\u0103lzirii.<\/li><li><strong>Sistemul anticoroziv O\u2019Pro<\/strong>: O dezvoltare proprie pentru a proteja rezervorul \u0219i a-i prelungi durata de via\u021b\u0103.<\/li><li><strong>Acoperire rezervor<\/strong>: rezervor din o\u021bel cu acoperire electrostatic\u0103 vitroceramic\u0103 ce con\u021bine zirconiu pentru protec\u021bie suplimentar\u0103 \u00eempotriva coroziunii.<\/li><li><strong>Anod de magneziu<\/strong>: serve\u0219te la protejarea rezervorului de coroziune.<\/li><li><strong>Temperatura maxim\u0103 a apei<\/strong>: p\u00e2n\u0103 la 65 de grade Celsius.<\/li><li><strong>Clasa de protec\u021bie a dispozitivului<\/strong> este IP 25, ceea ce asigur\u0103 protec\u021bie \u00eempotriva jeturilor de ap\u0103.<\/li><li><strong>Termostat<\/strong>: mecanic, pentru control precis al temperaturii.<\/li><li><strong>Instalare<\/strong>: vertical\u0103, ceea ce ajut\u0103 la economisirea spa\u021biului.<\/li><li><strong>Izola\u021bie termic\u0103<\/strong>: izola\u021bie din spum\u0103 poliuretanic\u0103 de \u00eenalt\u0103 densitate pentru re\u021binerea c\u0103ldurii \u0219i economisirea energiei.<\/li><li><strong>Rezervorul vine cu o garan\u021bie<\/strong> de 5 ani, ceea ce indic\u0103 calitatea \u00eenalt\u0103 \u0219i durabilitatea dispozitivului.<\/li><\/ul><p>Acest boiler este o alegere ideal\u0103 pentru zonele cu spa\u021biu limitat, oferind o alimentare fiabil\u0103 \u0219i eficient\u0103 cu ap\u0103 cald\u0103.<\/p><\/div><\/div><\/div><\/div><\/div><\/div>\t\t\t\t\t\t\t\t<\/div>\n\t\t\t\t<\/div>\n\t\t\t\t\t<\/div>\n\t\t\t\t<\/div>\n\t\t<div class=\"elementor-element elementor-element-3c1a4d6 e-flex e-con-boxed e-con e-parent\" data-id=\"3c1a4d6\" data-element_type=\"container\" data-e-type=\"container\">\n\t\t\t\t\t<div class=\"e-con-inner\">\n\t\t\t\t<div class=\"elementor-element elementor-element-8d1d473 elementor-widget elementor-widget-image\" data-id=\"8d1d473\" data-element_type=\"widget\" data-e-type=\"widget\" data-widget_type=\"image.default\">\n\t\t\t\t<div class=\"elementor-widget-container\">\n\t\t\t\t\t\t\t\t\t\t\t\t\t\t\t<img decoding=\"async\" width=\"1024\" height=\"568\" src=\"https:\/\/tehnoformat.md\/wp-content\/uploads\/2024\/10\/o-pro-slim-option1.jpg\" class=\"attachment-large size-large wp-image-22379\" alt=\"\" srcset=\"https:\/\/tehnoformat.md\/wp-content\/uploads\/2024\/10\/o-pro-slim-option1.jpg 1024w, https:\/\/tehnoformat.md\/wp-content\/uploads\/2024\/10\/o-pro-slim-option1-300x166.jpg 300w, https:\/\/tehnoformat.md\/wp-content\/uploads\/2024\/10\/o-pro-slim-option1-768x426.jpg 768w, https:\/\/tehnoformat.md\/wp-content\/uploads\/2024\/10\/o-pro-slim-option1-1000x555.jpg 1000w\" sizes=\"(max-width: 1024px) 100vw, 1024px\" \/>\t\t\t\t\t\t\t\t\t\t\t\t\t\t\t<\/div>\n\t\t\t\t<\/div>\n\t\t\t\t\t<\/div>\n\t\t\t\t<\/div>\n\t\t<div class=\"elementor-element elementor-element-c26d8e2 e-flex e-con-boxed e-con e-parent\" data-id=\"c26d8e2\" data-element_type=\"container\" data-e-type=\"container\">\n\t\t\t\t\t<div class=\"e-con-inner\">\n\t\t\t\t<div class=\"elementor-element elementor-element-136ad6c elementor-widget elementor-widget-text-editor\" data-id=\"136ad6c\" data-element_type=\"widget\" data-e-type=\"widget\" data-widget_type=\"text-editor.default\">\n\t\t\t\t<div class=\"elementor-widget-container\">\n\t\t\t\t\t\t\t\t\t<h6>Control convenabil al temperaturii \u00een boilerul <strong>O\u2019Pro Slim PC<\/strong>:<\/h6><p>Reglarea temperaturii apei este foarte simpl\u0103: exist\u0103 un buton de control \u00een partea de jos a centralei. Pentru a seta temperatura dorit\u0103, pur \u0219i simplu roti\u021bi butonul: <\/p><ul><li><strong>St\u00e2nga <\/strong>&#8211; pentru a reduce temperatura.<\/li><li><strong>La dreapta<\/strong> &#8211; pentru a cre\u0219te temperatura.<\/li><\/ul><p>Acest control simplu \u0219i intuitiv faciliteaz\u0103 reglarea temperaturii pentru a se potrivi nevoilor dumneavoastr\u0103 de ap\u0103 cald\u0103.<\/p>\t\t\t\t\t\t\t\t<\/div>\n\t\t\t\t<\/div>\n\t\t\t\t\t<\/div>\n\t\t\t\t<\/div>\n\t\t<div class=\"elementor-element elementor-element-1b1d5f7 e-flex e-con-boxed e-con e-parent\" data-id=\"1b1d5f7\" data-element_type=\"container\" data-e-type=\"container\">\n\t\t\t\t\t<div class=\"e-con-inner\">\n\t\t\t\t<div class=\"elementor-element elementor-element-2b93450 elementor-widget elementor-widget-image\" data-id=\"2b93450\" data-element_type=\"widget\" data-e-type=\"widget\" data-widget_type=\"image.default\">\n\t\t\t\t<div class=\"elementor-widget-container\">\n\t\t\t\t\t\t\t\t\t\t\t\t\t\t\t<img decoding=\"async\" width=\"1024\" height=\"647\" src=\"https:\/\/tehnoformat.md\/wp-content\/uploads\/2024\/10\/o-pro-slim-option.jpg\" class=\"attachment-large size-large wp-image-22378\" alt=\"\" srcset=\"https:\/\/tehnoformat.md\/wp-content\/uploads\/2024\/10\/o-pro-slim-option.jpg 1024w, https:\/\/tehnoformat.md\/wp-content\/uploads\/2024\/10\/o-pro-slim-option-300x190.jpg 300w, https:\/\/tehnoformat.md\/wp-content\/uploads\/2024\/10\/o-pro-slim-option-768x485.jpg 768w, https:\/\/tehnoformat.md\/wp-content\/uploads\/2024\/10\/o-pro-slim-option-1000x632.jpg 1000w\" sizes=\"(max-width: 1024px) 100vw, 1024px\" \/>\t\t\t\t\t\t\t\t\t\t\t\t\t\t\t<\/div>\n\t\t\t\t<\/div>\n\t\t\t\t\t<\/div>\n\t\t\t\t<\/div>\n\t\t<div class=\"elementor-element elementor-element-01eb67e e-flex e-con-boxed e-con e-parent\" data-id=\"01eb67e\" data-element_type=\"container\" data-e-type=\"container\">\n\t\t\t\t\t<div class=\"e-con-inner\">\n\t\t\t\t<div class=\"elementor-element elementor-element-5b5b357 elementor-widget elementor-widget-image\" data-id=\"5b5b357\" data-element_type=\"widget\" data-e-type=\"widget\" data-widget_type=\"image.default\">\n\t\t\t\t<div class=\"elementor-widget-container\">\n\t\t\t\t\t\t\t\t\t\t\t\t\t\t\t<img loading=\"lazy\" decoding=\"async\" width=\"942\" height=\"633\" src=\"https:\/\/tehnoformat.md\/wp-content\/uploads\/2024\/10\/o-pro-slim-shhzeshshht-22.jpg\" class=\"attachment-large size-large wp-image-22381\" alt=\"\" srcset=\"https:\/\/tehnoformat.md\/wp-content\/uploads\/2024\/10\/o-pro-slim-shhzeshshht-22.jpg 942w, https:\/\/tehnoformat.md\/wp-content\/uploads\/2024\/10\/o-pro-slim-shhzeshshht-22-300x202.jpg 300w, https:\/\/tehnoformat.md\/wp-content\/uploads\/2024\/10\/o-pro-slim-shhzeshshht-22-768x516.jpg 768w\" sizes=\"(max-width: 942px) 100vw, 942px\" \/>\t\t\t\t\t\t\t\t\t\t\t\t\t\t\t<\/div>\n\t\t\t\t<\/div>\n\t\t\t\t\t<\/div>\n\t\t\t\t<\/div>\n\t\t\t\t<\/div>\n\t\t","protected":false},"excerpt":{"rendered":"<p>Instruc\u021biuni de utilizare Boilerul O&#8217;Pro Slim PC de la compania francez\u0103 Atlantic Group este o solu\u021bie compact\u0103 de \u00eenc\u0103lzire a apei, ideal\u0103 pentru instalarea \u00een spa\u021bii \u00eenguste. Cu un diametru al rezervorului de doar 338 mm, acesta poate fi instalat \u00een spa\u021bii \u00eenguste, ceea ce este deosebit de important pentru spa\u021biile mici. Beneficii \u0219i caracteristici [&hellip;]<\/p>\n","protected":false},"featured_media":22375,"comment_status":"closed","ping_status":"closed","template":"","meta":[],"product_brand":[],"product_cat":[784,795],"product_tag":[896,906,907,1002],"class_list":{"0":"post-25593","1":"product","2":"type-product","3":"status-publish","4":"has-post-thumbnail","6":"product_cat-boilere","7":"product_cat-incalzitoare-de-apa","8":"product_tag-atlantic-ro","9":"product_tag-boilere-ro","10":"product_tag-boilere-electrice-ro","11":"product_tag-slim-ro","12":"ts_product_brand-atlantic-ro","14":"first","15":"instock","16":"sale","17":"shipping-taxable","18":"purchasable","19":"product-type-simple","20":"add-to-wishlist-after_add_to_cart"},"yoast_head":"<!-- This site is optimized with the Yoast SEO plugin v27.3 - https:\/\/yoast.com\/product\/yoast-seo-wordpress\/ -->\n<title>Atlantic O&#039;Pro Slim 30 L - Tehnoformat<\/title>\n<meta name=\"robots\" content=\"index, follow, max-snippet:-1, max-image-preview:large, max-video-preview:-1\" \/>\n<link rel=\"canonical\" href=\"https:\/\/tehnoformat.md\/ro\/produs\/atlantic-opro-slim-30-l\/\" \/>\n<meta property=\"og:locale\" content=\"ro_RO\" \/>\n<meta property=\"og:type\" content=\"article\" \/>\n<meta property=\"og:title\" content=\"Atlantic O&#039;Pro Slim 30 L - Tehnoformat\" \/>\n<meta property=\"og:description\" content=\"Instruc\u021biuni de utilizare Boilerul O&#8217;Pro Slim PC de la compania francez\u0103 Atlantic Group este o solu\u021bie compact\u0103 de \u00eenc\u0103lzire a apei, ideal\u0103 pentru instalarea \u00een spa\u021bii \u00eenguste. Cu un diametru al rezervorului de doar 338 mm, acesta poate fi instalat \u00een spa\u021bii \u00eenguste, ceea ce este deosebit de important pentru spa\u021biile mici. Beneficii \u0219i caracteristici [&hellip;]\" \/>\n<meta property=\"og:url\" content=\"https:\/\/tehnoformat.md\/ro\/produs\/atlantic-opro-slim-30-l\/\" \/>\n<meta property=\"og:site_name\" content=\"Tehnoformat\" \/>\n<meta property=\"article:publisher\" content=\"https:\/\/www.facebook.com\/formatterm\" \/>\n<meta property=\"article:modified_time\" content=\"2025-11-13T11:30:17+00:00\" \/>\n<meta property=\"og:image\" content=\"https:\/\/tehnoformat.md\/wp-content\/uploads\/2024\/10\/o-pro-slim5.jpg\" \/>\n\t<meta property=\"og:image:width\" content=\"1000\" \/>\n\t<meta property=\"og:image:height\" content=\"1000\" \/>\n\t<meta property=\"og:image:type\" content=\"image\/jpeg\" \/>\n<meta name=\"twitter:card\" content=\"summary_large_image\" \/>\n<meta name=\"twitter:label1\" content=\"Timp estimat pentru citire\" \/>\n\t<meta name=\"twitter:data1\" content=\"4 minute\" \/>\n<script type=\"application\/ld+json\" class=\"yoast-schema-graph\">{\"@context\":\"https:\\\/\\\/schema.org\",\"@graph\":[{\"@type\":\"WebPage\",\"@id\":\"https:\\\/\\\/tehnoformat.md\\\/ro\\\/produs\\\/atlantic-opro-slim-30-l\\\/\",\"url\":\"https:\\\/\\\/tehnoformat.md\\\/ro\\\/produs\\\/atlantic-opro-slim-30-l\\\/\",\"name\":\"Atlantic O'Pro Slim 30 L - Tehnoformat\",\"isPartOf\":{\"@id\":\"https:\\\/\\\/tehnoformat.md\\\/ro\\\/#website\"},\"primaryImageOfPage\":{\"@id\":\"https:\\\/\\\/tehnoformat.md\\\/ro\\\/produs\\\/atlantic-opro-slim-30-l\\\/#primaryimage\"},\"image\":{\"@id\":\"https:\\\/\\\/tehnoformat.md\\\/ro\\\/produs\\\/atlantic-opro-slim-30-l\\\/#primaryimage\"},\"thumbnailUrl\":\"https:\\\/\\\/tehnoformat.md\\\/wp-content\\\/uploads\\\/2024\\\/10\\\/o-pro-slim5.jpg\",\"datePublished\":\"2024-10-09T06:46:29+00:00\",\"dateModified\":\"2025-11-13T11:30:17+00:00\",\"breadcrumb\":{\"@id\":\"https:\\\/\\\/tehnoformat.md\\\/ro\\\/produs\\\/atlantic-opro-slim-30-l\\\/#breadcrumb\"},\"inLanguage\":\"ro-RO\",\"potentialAction\":[{\"@type\":\"ReadAction\",\"target\":[\"https:\\\/\\\/tehnoformat.md\\\/ro\\\/produs\\\/atlantic-opro-slim-30-l\\\/\"]}]},{\"@type\":\"ImageObject\",\"inLanguage\":\"ro-RO\",\"@id\":\"https:\\\/\\\/tehnoformat.md\\\/ro\\\/produs\\\/atlantic-opro-slim-30-l\\\/#primaryimage\",\"url\":\"https:\\\/\\\/tehnoformat.md\\\/wp-content\\\/uploads\\\/2024\\\/10\\\/o-pro-slim5.jpg\",\"contentUrl\":\"https:\\\/\\\/tehnoformat.md\\\/wp-content\\\/uploads\\\/2024\\\/10\\\/o-pro-slim5.jpg\",\"width\":1000,\"height\":1000},{\"@type\":\"BreadcrumbList\",\"@id\":\"https:\\\/\\\/tehnoformat.md\\\/ro\\\/produs\\\/atlantic-opro-slim-30-l\\\/#breadcrumb\",\"itemListElement\":[{\"@type\":\"ListItem\",\"position\":1,\"name\":\"Pagina principal\u0103\",\"item\":\"https:\\\/\\\/tehnoformat.md\\\/ro\\\/\"},{\"@type\":\"ListItem\",\"position\":2,\"name\":\"Magazin\",\"item\":\"https:\\\/\\\/tehnoformat.md\\\/ro\\\/shop\\\/\"},{\"@type\":\"ListItem\",\"position\":3,\"name\":\"Atlantic O&#8217;Pro Slim 30 L\"}]},{\"@type\":\"WebSite\",\"@id\":\"https:\\\/\\\/tehnoformat.md\\\/ro\\\/#website\",\"url\":\"https:\\\/\\\/tehnoformat.md\\\/ro\\\/\",\"name\":\"Tehnoformat.md\",\"description\":\"\",\"publisher\":{\"@id\":\"https:\\\/\\\/tehnoformat.md\\\/ro\\\/#organization\"},\"potentialAction\":[{\"@type\":\"SearchAction\",\"target\":{\"@type\":\"EntryPoint\",\"urlTemplate\":\"https:\\\/\\\/tehnoformat.md\\\/ro\\\/?s={search_term_string}\"},\"query-input\":{\"@type\":\"PropertyValueSpecification\",\"valueRequired\":true,\"valueName\":\"search_term_string\"}}],\"inLanguage\":\"ro-RO\"},{\"@type\":\"Organization\",\"@id\":\"https:\\\/\\\/tehnoformat.md\\\/ro\\\/#organization\",\"name\":\"Tehnoformat\",\"url\":\"https:\\\/\\\/tehnoformat.md\\\/ro\\\/\",\"logo\":{\"@type\":\"ImageObject\",\"inLanguage\":\"ro-RO\",\"@id\":\"https:\\\/\\\/tehnoformat.md\\\/ro\\\/#\\\/schema\\\/logo\\\/image\\\/\",\"url\":\"https:\\\/\\\/tehnoformat.md\\\/wp-content\\\/uploads\\\/2024\\\/10\\\/icon1.png\",\"contentUrl\":\"https:\\\/\\\/tehnoformat.md\\\/wp-content\\\/uploads\\\/2024\\\/10\\\/icon1.png\",\"width\":512,\"height\":512,\"caption\":\"Tehnoformat\"},\"image\":{\"@id\":\"https:\\\/\\\/tehnoformat.md\\\/ro\\\/#\\\/schema\\\/logo\\\/image\\\/\"},\"sameAs\":[\"https:\\\/\\\/www.facebook.com\\\/formatterm\",\"https:\\\/\\\/www.instagram.com\\\/tehnoformat.md\\\/\"]}]}<\/script>\n<!-- \/ Yoast SEO plugin. -->","yoast_head_json":{"title":"Atlantic O'Pro Slim 30 L - Tehnoformat","robots":{"index":"index","follow":"follow","max-snippet":"max-snippet:-1","max-image-preview":"max-image-preview:large","max-video-preview":"max-video-preview:-1"},"canonical":"https:\/\/tehnoformat.md\/ro\/produs\/atlantic-opro-slim-30-l\/","og_locale":"ro_RO","og_type":"article","og_title":"Atlantic O'Pro Slim 30 L - Tehnoformat","og_description":"Instruc\u021biuni de utilizare Boilerul O&#8217;Pro Slim PC de la compania francez\u0103 Atlantic Group este o solu\u021bie compact\u0103 de \u00eenc\u0103lzire a apei, ideal\u0103 pentru instalarea \u00een spa\u021bii \u00eenguste. Cu un diametru al rezervorului de doar 338 mm, acesta poate fi instalat \u00een spa\u021bii \u00eenguste, ceea ce este deosebit de important pentru spa\u021biile mici. Beneficii \u0219i caracteristici [&hellip;]","og_url":"https:\/\/tehnoformat.md\/ro\/produs\/atlantic-opro-slim-30-l\/","og_site_name":"Tehnoformat","article_publisher":"https:\/\/www.facebook.com\/formatterm","article_modified_time":"2025-11-13T11:30:17+00:00","og_image":[{"width":1000,"height":1000,"url":"https:\/\/tehnoformat.md\/wp-content\/uploads\/2024\/10\/o-pro-slim5.jpg","type":"image\/jpeg"}],"twitter_card":"summary_large_image","twitter_misc":{"Timp estimat pentru citire":"4 minute"},"schema":{"@context":"https:\/\/schema.org","@graph":[{"@type":"WebPage","@id":"https:\/\/tehnoformat.md\/ro\/produs\/atlantic-opro-slim-30-l\/","url":"https:\/\/tehnoformat.md\/ro\/produs\/atlantic-opro-slim-30-l\/","name":"Atlantic O'Pro Slim 30 L - Tehnoformat","isPartOf":{"@id":"https:\/\/tehnoformat.md\/ro\/#website"},"primaryImageOfPage":{"@id":"https:\/\/tehnoformat.md\/ro\/produs\/atlantic-opro-slim-30-l\/#primaryimage"},"image":{"@id":"https:\/\/tehnoformat.md\/ro\/produs\/atlantic-opro-slim-30-l\/#primaryimage"},"thumbnailUrl":"https:\/\/tehnoformat.md\/wp-content\/uploads\/2024\/10\/o-pro-slim5.jpg","datePublished":"2024-10-09T06:46:29+00:00","dateModified":"2025-11-13T11:30:17+00:00","breadcrumb":{"@id":"https:\/\/tehnoformat.md\/ro\/produs\/atlantic-opro-slim-30-l\/#breadcrumb"},"inLanguage":"ro-RO","potentialAction":[{"@type":"ReadAction","target":["https:\/\/tehnoformat.md\/ro\/produs\/atlantic-opro-slim-30-l\/"]}]},{"@type":"ImageObject","inLanguage":"ro-RO","@id":"https:\/\/tehnoformat.md\/ro\/produs\/atlantic-opro-slim-30-l\/#primaryimage","url":"https:\/\/tehnoformat.md\/wp-content\/uploads\/2024\/10\/o-pro-slim5.jpg","contentUrl":"https:\/\/tehnoformat.md\/wp-content\/uploads\/2024\/10\/o-pro-slim5.jpg","width":1000,"height":1000},{"@type":"BreadcrumbList","@id":"https:\/\/tehnoformat.md\/ro\/produs\/atlantic-opro-slim-30-l\/#breadcrumb","itemListElement":[{"@type":"ListItem","position":1,"name":"Pagina principal\u0103","item":"https:\/\/tehnoformat.md\/ro\/"},{"@type":"ListItem","position":2,"name":"Magazin","item":"https:\/\/tehnoformat.md\/ro\/shop\/"},{"@type":"ListItem","position":3,"name":"Atlantic O&#8217;Pro Slim 30 L"}]},{"@type":"WebSite","@id":"https:\/\/tehnoformat.md\/ro\/#website","url":"https:\/\/tehnoformat.md\/ro\/","name":"Tehnoformat.md","description":"","publisher":{"@id":"https:\/\/tehnoformat.md\/ro\/#organization"},"potentialAction":[{"@type":"SearchAction","target":{"@type":"EntryPoint","urlTemplate":"https:\/\/tehnoformat.md\/ro\/?s={search_term_string}"},"query-input":{"@type":"PropertyValueSpecification","valueRequired":true,"valueName":"search_term_string"}}],"inLanguage":"ro-RO"},{"@type":"Organization","@id":"https:\/\/tehnoformat.md\/ro\/#organization","name":"Tehnoformat","url":"https:\/\/tehnoformat.md\/ro\/","logo":{"@type":"ImageObject","inLanguage":"ro-RO","@id":"https:\/\/tehnoformat.md\/ro\/#\/schema\/logo\/image\/","url":"https:\/\/tehnoformat.md\/wp-content\/uploads\/2024\/10\/icon1.png","contentUrl":"https:\/\/tehnoformat.md\/wp-content\/uploads\/2024\/10\/icon1.png","width":512,"height":512,"caption":"Tehnoformat"},"image":{"@id":"https:\/\/tehnoformat.md\/ro\/#\/schema\/logo\/image\/"},"sameAs":["https:\/\/www.facebook.com\/formatterm","https:\/\/www.instagram.com\/tehnoformat.md\/"]}]}},"_links":{"self":[{"href":"https:\/\/tehnoformat.md\/ro\/wp-json\/wp\/v2\/product\/25593","targetHints":{"allow":["GET"]}}],"collection":[{"href":"https:\/\/tehnoformat.md\/ro\/wp-json\/wp\/v2\/product"}],"about":[{"href":"https:\/\/tehnoformat.md\/ro\/wp-json\/wp\/v2\/types\/product"}],"replies":[{"embeddable":true,"href":"https:\/\/tehnoformat.md\/ro\/wp-json\/wp\/v2\/comments?post=25593"}],"version-history":[{"count":2,"href":"https:\/\/tehnoformat.md\/ro\/wp-json\/wp\/v2\/product\/25593\/revisions"}],"predecessor-version":[{"id":25595,"href":"https:\/\/tehnoformat.md\/ro\/wp-json\/wp\/v2\/product\/25593\/revisions\/25595"}],"wp:featuredmedia":[{"embeddable":true,"href":"https:\/\/tehnoformat.md\/ro\/wp-json\/wp\/v2\/media\/22375"}],"wp:attachment":[{"href":"https:\/\/tehnoformat.md\/ro\/wp-json\/wp\/v2\/media?parent=25593"}],"wp:term":[{"taxonomy":"product_brand","embeddable":true,"href":"https:\/\/tehnoformat.md\/ro\/wp-json\/wp\/v2\/product_brand?post=25593"},{"taxonomy":"product_cat","embeddable":true,"href":"https:\/\/tehnoformat.md\/ro\/wp-json\/wp\/v2\/product_cat?post=25593"},{"taxonomy":"product_tag","embeddable":true,"href":"https:\/\/tehnoformat.md\/ro\/wp-json\/wp\/v2\/product_tag?post=25593"}],"curies":[{"name":"wp","href":"https:\/\/api.w.org\/{rel}","templated":true}]}}