{"id":25583,"date":"2025-05-07T16:57:04","date_gmt":"2025-05-07T13:57:04","guid":{"rendered":"https:\/\/tehnoformat.md\/product\/radiator-e-c-a-tip-22-500400-mm\/"},"modified":"2025-11-13T13:41:59","modified_gmt":"2025-11-13T10:41:59","slug":"radiator-e-c-a-tip-22-500400-mm","status":"publish","type":"product","link":"https:\/\/tehnoformat.md\/ro\/produs\/radiator-e-c-a-tip-22-500400-mm\/","title":{"rendered":"Radiator E.C.A. Tip-22 500*400 mm"},"content":{"rendered":"\t\t<div data-elementor-type=\"wp-post\" data-elementor-id=\"25583\" class=\"elementor elementor-25583 elementor-23289\">\n\t\t\t\t<div class=\"elementor-element elementor-element-c690494 e-flex e-con-boxed e-con e-parent\" data-id=\"c690494\" data-element_type=\"container\" data-e-type=\"container\">\n\t\t\t\t\t<div class=\"e-con-inner\">\n\t\t<div class=\"elementor-element elementor-element-1407961 e-con-full e-flex e-con e-child\" data-id=\"1407961\" data-element_type=\"container\" data-e-type=\"container\">\n\t\t\t\t<div class=\"elementor-element elementor-element-6cdf001 elementor-widget elementor-widget-text-editor\" data-id=\"6cdf001\" data-element_type=\"widget\" data-e-type=\"widget\" data-widget_type=\"text-editor.default\">\n\t\t\t\t<div class=\"elementor-widget-container\">\n\t\t\t\t\t\t\t\t\t<p> O metod\u0103 inovatoare de preg\u0103tire a caloriferelor pentru vopsire folosind o solu\u021bie nanoceramic\u0103 reprezint\u0103 un progres \u00een protec\u021bia \u00eempotriva coroziunii. Aceast\u0103 metod\u0103 este de dou\u0103 ori mai eficient\u0103 dec\u00e2t fosfatarea tradi\u021bional\u0103, oferind o protec\u021bie mai eficient\u0103 pentru calorifere. <\/p><p> <\/p><p> Procesul de vopsire de \u00eenalt\u0103 calitate implic\u0103 mai multe etape, \u00eencep\u00e2nd cu tratamentul suprafe\u021bei (degresare, sp\u0103lare, acoperire nanoceramic\u0103 \u0219i resp\u0103lare), urmat de un grund pe baz\u0103 de ap\u0103 \u0219i o acoperire cu pulbere. Aceast\u0103 etap\u0103 final\u0103 se realizeaz\u0103 folosind vopsea ecologic\u0103, care se aplic\u0103 uniform pe \u00eentreaga suprafa\u021b\u0103 a radiatorului. <\/p><p>Pentru a verifica rezisten\u021ba lor la coroziune, caloriferele sunt supuse unui test special de laborator folosind o metod\u0103 de condensare. Acest lucru asigur\u0103 c\u0103 radiatoarele sunt supuse unor teste riguroase \u0219i \u00eendeplinesc standarde \u00eenalte de calitate. <\/p><p>Cre\u0219terea puterii termice a radiatoarelor este ob\u021binut\u0103 datorit\u0103 unui design inovator care include o serie de \u00eembun\u0103t\u0103\u021biri:<\/p><ul><li>Restric\u021bionarea fluxului de lichid de r\u0103cire prin primele dou\u0103 canale ale radiatorului, asigur\u00e2nd o distribu\u021bie uniform\u0103 a apei pe \u00eentreaga suprafa\u021b\u0103.<\/li><li>Cre\u0219terea ad\u00e2ncimii pl\u0103cilor convectoare de la 35 la 39 mm, ceea ce m\u0103re\u0219te suprafa\u021ba de contact cu panoul de \u00eenc\u0103lzire.<\/li><li>Cre\u0219terea num\u0103rului de puncte de sudur\u0103 ale convectorului la panoul de \u00eenc\u0103lzire de la 14 la 28, ceea ce m\u0103re\u0219te \u0219i suprafa\u021ba de contact.<\/li><li>Forma membranelor superioare ale grilei radiatorului a fost schimbat\u0103 \u00eentr-o form\u0103 rotunjit\u0103, ceea ce \u00eembun\u0103t\u0103\u021be\u0219te fluxul de aer cald \u0219i reduce rezisten\u021ba acestuia.<\/li><\/ul><p>Toate radiatoarele sunt fabricate \u0219i testate \u00een conformitate cu standardele interna\u021bionale DIN EN442 \u0219i respect\u0103 sistemul de calitate ISO 9001:2000, sistemul de management de mediu ISO 14001 \u0219i sistemul de management al s\u0103n\u0103t\u0103\u021bii \u0219i securit\u0103\u021bii ocupa\u021bionale OHSAS 18001. Acest lucru este confirmat de certificatele de calitate relevante. <\/p><p>Pentru a asigura o \u00eencredere suplimentar\u0103 \u00een calitatea produsului, produc\u0103torul ofer\u0103 o garan\u021bie de 10 ani pentru calorifere (\u00eempotriva defectelor de material sau de fabrica\u021bie), sub rezerva utiliz\u0103rii corecte. Caloriferele sunt ambalate \u00een siguran\u021b\u0103, folosind materiale de \u00eenalt\u0103 calitate, iar kitul de instalare include toate componentele necesare pentru instalare. <\/p>\t\t\t\t\t\t\t\t<\/div>\n\t\t\t\t<\/div>\n\t\t\t\t<\/div>\n\t\t<div class=\"elementor-element elementor-element-e438066 e-con-full e-flex e-con e-child\" data-id=\"e438066\" data-element_type=\"container\" data-e-type=\"container\">\n\t\t<div class=\"elementor-element elementor-element-d65ff44 e-flex e-con-boxed e-con e-child\" data-id=\"d65ff44\" data-element_type=\"container\" data-e-type=\"container\">\n\t\t\t\t\t<div class=\"e-con-inner\">\n\t\t\t\t<div class=\"elementor-element elementor-element-5b12575 elementor-widget elementor-widget-image\" data-id=\"5b12575\" data-element_type=\"widget\" data-e-type=\"widget\" data-widget_type=\"image.default\">\n\t\t\t\t<div class=\"elementor-widget-container\">\n\t\t\t\t\t\t\t\t\t\t\t\t\t\t\t<img fetchpriority=\"high\" decoding=\"async\" width=\"1000\" height=\"1000\" src=\"https:\/\/tehnoformat.md\/wp-content\/uploads\/2024\/04\/134-2-vosstanovleno3.jpg\" class=\"attachment-large size-large wp-image-20533\" alt=\"\" srcset=\"https:\/\/tehnoformat.md\/wp-content\/uploads\/2024\/04\/134-2-vosstanovleno3.jpg 1000w, https:\/\/tehnoformat.md\/wp-content\/uploads\/2024\/04\/134-2-vosstanovleno3-300x300.jpg 300w, https:\/\/tehnoformat.md\/wp-content\/uploads\/2024\/04\/134-2-vosstanovleno3-250x250.jpg 250w, https:\/\/tehnoformat.md\/wp-content\/uploads\/2024\/04\/134-2-vosstanovleno3-768x768.jpg 768w, https:\/\/tehnoformat.md\/wp-content\/uploads\/2024\/04\/134-2-vosstanovleno3-180x180.jpg 180w, https:\/\/tehnoformat.md\/wp-content\/uploads\/2024\/04\/134-2-vosstanovleno3-400x400.jpg 400w, https:\/\/tehnoformat.md\/wp-content\/uploads\/2024\/04\/134-2-vosstanovleno3-100x100.jpg 100w, https:\/\/tehnoformat.md\/wp-content\/uploads\/2024\/04\/134-2-vosstanovleno3-54x54.jpg 54w, https:\/\/tehnoformat.md\/wp-content\/uploads\/2024\/04\/134-2-vosstanovleno3-310x310.jpg 310w, https:\/\/tehnoformat.md\/wp-content\/uploads\/2024\/04\/134-2-vosstanovleno3-80x80.jpg 80w\" sizes=\"(max-width: 1000px) 100vw, 1000px\" \/>\t\t\t\t\t\t\t\t\t\t\t\t\t\t\t<\/div>\n\t\t\t\t<\/div>\n\t\t\t\t\t<\/div>\n\t\t\t\t<\/div>\n\t\t<div class=\"elementor-element elementor-element-2bd3b03 e-flex e-con-boxed e-con e-child\" data-id=\"2bd3b03\" data-element_type=\"container\" data-e-type=\"container\">\n\t\t\t\t\t<div class=\"e-con-inner\">\n\t\t\t\t<div class=\"elementor-element elementor-element-8c3c9c2 elementor-widget elementor-widget-image\" data-id=\"8c3c9c2\" data-element_type=\"widget\" data-e-type=\"widget\" data-widget_type=\"image.default\">\n\t\t\t\t<div class=\"elementor-widget-container\">\n\t\t\t\t\t\t\t\t\t\t\t\t\t\t\t<img decoding=\"async\" width=\"1000\" height=\"1000\" src=\"https:\/\/tehnoformat.md\/wp-content\/uploads\/2024\/04\/134-2-vosstanovleno1.jpg\" class=\"attachment-large size-large wp-image-20532\" alt=\"\" srcset=\"https:\/\/tehnoformat.md\/wp-content\/uploads\/2024\/04\/134-2-vosstanovleno1.jpg 1000w, https:\/\/tehnoformat.md\/wp-content\/uploads\/2024\/04\/134-2-vosstanovleno1-300x300.jpg 300w, https:\/\/tehnoformat.md\/wp-content\/uploads\/2024\/04\/134-2-vosstanovleno1-250x250.jpg 250w, https:\/\/tehnoformat.md\/wp-content\/uploads\/2024\/04\/134-2-vosstanovleno1-768x768.jpg 768w, https:\/\/tehnoformat.md\/wp-content\/uploads\/2024\/04\/134-2-vosstanovleno1-180x180.jpg 180w, https:\/\/tehnoformat.md\/wp-content\/uploads\/2024\/04\/134-2-vosstanovleno1-400x400.jpg 400w, https:\/\/tehnoformat.md\/wp-content\/uploads\/2024\/04\/134-2-vosstanovleno1-100x100.jpg 100w, https:\/\/tehnoformat.md\/wp-content\/uploads\/2024\/04\/134-2-vosstanovleno1-54x54.jpg 54w, https:\/\/tehnoformat.md\/wp-content\/uploads\/2024\/04\/134-2-vosstanovleno1-310x310.jpg 310w, https:\/\/tehnoformat.md\/wp-content\/uploads\/2024\/04\/134-2-vosstanovleno1-80x80.jpg 80w\" sizes=\"(max-width: 1000px) 100vw, 1000px\" \/>\t\t\t\t\t\t\t\t\t\t\t\t\t\t\t<\/div>\n\t\t\t\t<\/div>\n\t\t\t\t\t<\/div>\n\t\t\t\t<\/div>\n\t\t\t\t<\/div>\n\t\t\t\t\t<\/div>\n\t\t\t\t<\/div>\n\t\t<div class=\"elementor-element elementor-element-9e90780 e-flex e-con-boxed e-con e-parent\" data-id=\"9e90780\" data-element_type=\"container\" data-e-type=\"container\">\n\t\t\t\t\t<div class=\"e-con-inner\">\n\t\t\t\t<div class=\"elementor-element elementor-element-4d99af6 elementor-widget__width-initial elementor-widget elementor-widget-image\" data-id=\"4d99af6\" data-element_type=\"widget\" data-e-type=\"widget\" data-widget_type=\"image.default\">\n\t\t\t\t<div class=\"elementor-widget-container\">\n\t\t\t\t\t\t\t\t\t\t\t\t\t\t\t<img decoding=\"async\" width=\"1000\" height=\"1000\" src=\"https:\/\/tehnoformat.md\/wp-content\/uploads\/2024\/04\/134-2-vosstanovleno6.jpg\" class=\"attachment-large size-large wp-image-20536\" alt=\"\" srcset=\"https:\/\/tehnoformat.md\/wp-content\/uploads\/2024\/04\/134-2-vosstanovleno6.jpg 1000w, https:\/\/tehnoformat.md\/wp-content\/uploads\/2024\/04\/134-2-vosstanovleno6-300x300.jpg 300w, https:\/\/tehnoformat.md\/wp-content\/uploads\/2024\/04\/134-2-vosstanovleno6-250x250.jpg 250w, https:\/\/tehnoformat.md\/wp-content\/uploads\/2024\/04\/134-2-vosstanovleno6-768x768.jpg 768w, https:\/\/tehnoformat.md\/wp-content\/uploads\/2024\/04\/134-2-vosstanovleno6-180x180.jpg 180w, https:\/\/tehnoformat.md\/wp-content\/uploads\/2024\/04\/134-2-vosstanovleno6-400x400.jpg 400w, https:\/\/tehnoformat.md\/wp-content\/uploads\/2024\/04\/134-2-vosstanovleno6-100x100.jpg 100w, https:\/\/tehnoformat.md\/wp-content\/uploads\/2024\/04\/134-2-vosstanovleno6-54x54.jpg 54w, https:\/\/tehnoformat.md\/wp-content\/uploads\/2024\/04\/134-2-vosstanovleno6-310x310.jpg 310w, https:\/\/tehnoformat.md\/wp-content\/uploads\/2024\/04\/134-2-vosstanovleno6-80x80.jpg 80w\" sizes=\"(max-width: 1000px) 100vw, 1000px\" \/>\t\t\t\t\t\t\t\t\t\t\t\t\t\t\t<\/div>\n\t\t\t\t<\/div>\n\t\t\t\t\t<\/div>\n\t\t\t\t<\/div>\n\t\t\t\t<\/div>\n\t\t","protected":false},"excerpt":{"rendered":"<p>O metod\u0103 inovatoare de preg\u0103tire a caloriferelor pentru vopsire folosind o solu\u021bie nanoceramic\u0103 reprezint\u0103 un progres \u00een protec\u021bia \u00eempotriva coroziunii. Aceast\u0103 metod\u0103 este de dou\u0103 ori mai eficient\u0103 dec\u00e2t fosfatarea tradi\u021bional\u0103, oferind o protec\u021bie mai eficient\u0103 pentru calorifere. Procesul de vopsire de \u00eenalt\u0103 calitate implic\u0103 mai multe etape, \u00eencep\u00e2nd cu tratamentul suprafe\u021bei (degresare, sp\u0103lare, acoperire [&hellip;]<\/p>\n","protected":false},"featured_media":20535,"comment_status":"closed","ping_status":"open","template":"","meta":[],"product_brand":[],"product_cat":[827],"product_tag":[916,917,998,999],"class_list":{"0":"post-25583","1":"product","2":"type-product","3":"status-publish","4":"has-post-thumbnail","6":"product_cat-radiatoare","7":"product_tag-calorifere-ro","8":"product_tag-calorifere-din-otel-ro","9":"product_tag-radiatoare-ro","10":"product_tag-radiatoare-de-otel-ro","11":"ts_product_brand-e-c-a-ro","13":"first","14":"instock","15":"shipping-taxable","16":"purchasable","17":"product-type-simple","18":"add-to-wishlist-after_add_to_cart"},"yoast_head":"<!-- This site is optimized with the Yoast SEO plugin v27.3 - https:\/\/yoast.com\/product\/yoast-seo-wordpress\/ -->\n<title>Radiator E.C.A. Tip-22 500*400 mm - Tehnoformat<\/title>\n<meta name=\"robots\" content=\"index, follow, max-snippet:-1, max-image-preview:large, max-video-preview:-1\" \/>\n<link rel=\"canonical\" href=\"https:\/\/tehnoformat.md\/ro\/produs\/radiator-e-c-a-tip-22-500400-mm\/\" \/>\n<meta property=\"og:locale\" content=\"ro_RO\" \/>\n<meta property=\"og:type\" content=\"article\" \/>\n<meta property=\"og:title\" content=\"Radiator E.C.A. Tip-22 500*400 mm - Tehnoformat\" \/>\n<meta property=\"og:description\" content=\"O metod\u0103 inovatoare de preg\u0103tire a caloriferelor pentru vopsire folosind o solu\u021bie nanoceramic\u0103 reprezint\u0103 un progres \u00een protec\u021bia \u00eempotriva coroziunii. Aceast\u0103 metod\u0103 este de dou\u0103 ori mai eficient\u0103 dec\u00e2t fosfatarea tradi\u021bional\u0103, oferind o protec\u021bie mai eficient\u0103 pentru calorifere. Procesul de vopsire de \u00eenalt\u0103 calitate implic\u0103 mai multe etape, \u00eencep\u00e2nd cu tratamentul suprafe\u021bei (degresare, sp\u0103lare, acoperire [&hellip;]\" \/>\n<meta property=\"og:url\" content=\"https:\/\/tehnoformat.md\/ro\/produs\/radiator-e-c-a-tip-22-500400-mm\/\" \/>\n<meta property=\"og:site_name\" content=\"Tehnoformat\" \/>\n<meta property=\"article:publisher\" content=\"https:\/\/www.facebook.com\/formatterm\" \/>\n<meta property=\"article:modified_time\" content=\"2025-11-13T10:41:59+00:00\" \/>\n<meta property=\"og:image\" content=\"https:\/\/tehnoformat.md\/wp-content\/uploads\/2024\/04\/134-2-vosstanovleno5.jpg\" \/>\n\t<meta property=\"og:image:width\" content=\"1000\" \/>\n\t<meta property=\"og:image:height\" content=\"1000\" \/>\n\t<meta property=\"og:image:type\" content=\"image\/jpeg\" \/>\n<meta name=\"twitter:card\" content=\"summary_large_image\" \/>\n<meta name=\"twitter:label1\" content=\"Timp estimat pentru citire\" \/>\n\t<meta name=\"twitter:data1\" content=\"3 minute\" \/>\n<script type=\"application\/ld+json\" class=\"yoast-schema-graph\">{\"@context\":\"https:\\\/\\\/schema.org\",\"@graph\":[{\"@type\":\"WebPage\",\"@id\":\"https:\\\/\\\/tehnoformat.md\\\/ro\\\/produs\\\/radiator-e-c-a-tip-22-500400-mm\\\/\",\"url\":\"https:\\\/\\\/tehnoformat.md\\\/ro\\\/produs\\\/radiator-e-c-a-tip-22-500400-mm\\\/\",\"name\":\"Radiator E.C.A. Tip-22 500*400 mm - Tehnoformat\",\"isPartOf\":{\"@id\":\"https:\\\/\\\/tehnoformat.md\\\/ro\\\/#website\"},\"primaryImageOfPage\":{\"@id\":\"https:\\\/\\\/tehnoformat.md\\\/ro\\\/produs\\\/radiator-e-c-a-tip-22-500400-mm\\\/#primaryimage\"},\"image\":{\"@id\":\"https:\\\/\\\/tehnoformat.md\\\/ro\\\/produs\\\/radiator-e-c-a-tip-22-500400-mm\\\/#primaryimage\"},\"thumbnailUrl\":\"https:\\\/\\\/tehnoformat.md\\\/wp-content\\\/uploads\\\/2024\\\/04\\\/134-2-vosstanovleno5.jpg\",\"datePublished\":\"2025-05-07T13:57:04+00:00\",\"dateModified\":\"2025-11-13T10:41:59+00:00\",\"breadcrumb\":{\"@id\":\"https:\\\/\\\/tehnoformat.md\\\/ro\\\/produs\\\/radiator-e-c-a-tip-22-500400-mm\\\/#breadcrumb\"},\"inLanguage\":\"ro-RO\",\"potentialAction\":[{\"@type\":\"ReadAction\",\"target\":[\"https:\\\/\\\/tehnoformat.md\\\/ro\\\/produs\\\/radiator-e-c-a-tip-22-500400-mm\\\/\"]}]},{\"@type\":\"ImageObject\",\"inLanguage\":\"ro-RO\",\"@id\":\"https:\\\/\\\/tehnoformat.md\\\/ro\\\/produs\\\/radiator-e-c-a-tip-22-500400-mm\\\/#primaryimage\",\"url\":\"https:\\\/\\\/tehnoformat.md\\\/wp-content\\\/uploads\\\/2024\\\/04\\\/134-2-vosstanovleno5.jpg\",\"contentUrl\":\"https:\\\/\\\/tehnoformat.md\\\/wp-content\\\/uploads\\\/2024\\\/04\\\/134-2-vosstanovleno5.jpg\",\"width\":1000,\"height\":1000},{\"@type\":\"BreadcrumbList\",\"@id\":\"https:\\\/\\\/tehnoformat.md\\\/ro\\\/produs\\\/radiator-e-c-a-tip-22-500400-mm\\\/#breadcrumb\",\"itemListElement\":[{\"@type\":\"ListItem\",\"position\":1,\"name\":\"Pagina principal\u0103\",\"item\":\"https:\\\/\\\/tehnoformat.md\\\/ro\\\/\"},{\"@type\":\"ListItem\",\"position\":2,\"name\":\"Magazin\",\"item\":\"https:\\\/\\\/tehnoformat.md\\\/ro\\\/shop\\\/\"},{\"@type\":\"ListItem\",\"position\":3,\"name\":\"Radiator E.C.A. Tip-22 500*400 mm\"}]},{\"@type\":\"WebSite\",\"@id\":\"https:\\\/\\\/tehnoformat.md\\\/ro\\\/#website\",\"url\":\"https:\\\/\\\/tehnoformat.md\\\/ro\\\/\",\"name\":\"Tehnoformat.md\",\"description\":\"\",\"publisher\":{\"@id\":\"https:\\\/\\\/tehnoformat.md\\\/ro\\\/#organization\"},\"potentialAction\":[{\"@type\":\"SearchAction\",\"target\":{\"@type\":\"EntryPoint\",\"urlTemplate\":\"https:\\\/\\\/tehnoformat.md\\\/ro\\\/?s={search_term_string}\"},\"query-input\":{\"@type\":\"PropertyValueSpecification\",\"valueRequired\":true,\"valueName\":\"search_term_string\"}}],\"inLanguage\":\"ro-RO\"},{\"@type\":\"Organization\",\"@id\":\"https:\\\/\\\/tehnoformat.md\\\/ro\\\/#organization\",\"name\":\"Tehnoformat\",\"url\":\"https:\\\/\\\/tehnoformat.md\\\/ro\\\/\",\"logo\":{\"@type\":\"ImageObject\",\"inLanguage\":\"ro-RO\",\"@id\":\"https:\\\/\\\/tehnoformat.md\\\/ro\\\/#\\\/schema\\\/logo\\\/image\\\/\",\"url\":\"https:\\\/\\\/tehnoformat.md\\\/wp-content\\\/uploads\\\/2024\\\/10\\\/icon1.png\",\"contentUrl\":\"https:\\\/\\\/tehnoformat.md\\\/wp-content\\\/uploads\\\/2024\\\/10\\\/icon1.png\",\"width\":512,\"height\":512,\"caption\":\"Tehnoformat\"},\"image\":{\"@id\":\"https:\\\/\\\/tehnoformat.md\\\/ro\\\/#\\\/schema\\\/logo\\\/image\\\/\"},\"sameAs\":[\"https:\\\/\\\/www.facebook.com\\\/formatterm\",\"https:\\\/\\\/www.instagram.com\\\/tehnoformat.md\\\/\"]}]}<\/script>\n<!-- \/ Yoast SEO plugin. -->","yoast_head_json":{"title":"Radiator E.C.A. Tip-22 500*400 mm - Tehnoformat","robots":{"index":"index","follow":"follow","max-snippet":"max-snippet:-1","max-image-preview":"max-image-preview:large","max-video-preview":"max-video-preview:-1"},"canonical":"https:\/\/tehnoformat.md\/ro\/produs\/radiator-e-c-a-tip-22-500400-mm\/","og_locale":"ro_RO","og_type":"article","og_title":"Radiator E.C.A. Tip-22 500*400 mm - Tehnoformat","og_description":"O metod\u0103 inovatoare de preg\u0103tire a caloriferelor pentru vopsire folosind o solu\u021bie nanoceramic\u0103 reprezint\u0103 un progres \u00een protec\u021bia \u00eempotriva coroziunii. Aceast\u0103 metod\u0103 este de dou\u0103 ori mai eficient\u0103 dec\u00e2t fosfatarea tradi\u021bional\u0103, oferind o protec\u021bie mai eficient\u0103 pentru calorifere. Procesul de vopsire de \u00eenalt\u0103 calitate implic\u0103 mai multe etape, \u00eencep\u00e2nd cu tratamentul suprafe\u021bei (degresare, sp\u0103lare, acoperire [&hellip;]","og_url":"https:\/\/tehnoformat.md\/ro\/produs\/radiator-e-c-a-tip-22-500400-mm\/","og_site_name":"Tehnoformat","article_publisher":"https:\/\/www.facebook.com\/formatterm","article_modified_time":"2025-11-13T10:41:59+00:00","og_image":[{"width":1000,"height":1000,"url":"https:\/\/tehnoformat.md\/wp-content\/uploads\/2024\/04\/134-2-vosstanovleno5.jpg","type":"image\/jpeg"}],"twitter_card":"summary_large_image","twitter_misc":{"Timp estimat pentru citire":"3 minute"},"schema":{"@context":"https:\/\/schema.org","@graph":[{"@type":"WebPage","@id":"https:\/\/tehnoformat.md\/ro\/produs\/radiator-e-c-a-tip-22-500400-mm\/","url":"https:\/\/tehnoformat.md\/ro\/produs\/radiator-e-c-a-tip-22-500400-mm\/","name":"Radiator E.C.A. Tip-22 500*400 mm - Tehnoformat","isPartOf":{"@id":"https:\/\/tehnoformat.md\/ro\/#website"},"primaryImageOfPage":{"@id":"https:\/\/tehnoformat.md\/ro\/produs\/radiator-e-c-a-tip-22-500400-mm\/#primaryimage"},"image":{"@id":"https:\/\/tehnoformat.md\/ro\/produs\/radiator-e-c-a-tip-22-500400-mm\/#primaryimage"},"thumbnailUrl":"https:\/\/tehnoformat.md\/wp-content\/uploads\/2024\/04\/134-2-vosstanovleno5.jpg","datePublished":"2025-05-07T13:57:04+00:00","dateModified":"2025-11-13T10:41:59+00:00","breadcrumb":{"@id":"https:\/\/tehnoformat.md\/ro\/produs\/radiator-e-c-a-tip-22-500400-mm\/#breadcrumb"},"inLanguage":"ro-RO","potentialAction":[{"@type":"ReadAction","target":["https:\/\/tehnoformat.md\/ro\/produs\/radiator-e-c-a-tip-22-500400-mm\/"]}]},{"@type":"ImageObject","inLanguage":"ro-RO","@id":"https:\/\/tehnoformat.md\/ro\/produs\/radiator-e-c-a-tip-22-500400-mm\/#primaryimage","url":"https:\/\/tehnoformat.md\/wp-content\/uploads\/2024\/04\/134-2-vosstanovleno5.jpg","contentUrl":"https:\/\/tehnoformat.md\/wp-content\/uploads\/2024\/04\/134-2-vosstanovleno5.jpg","width":1000,"height":1000},{"@type":"BreadcrumbList","@id":"https:\/\/tehnoformat.md\/ro\/produs\/radiator-e-c-a-tip-22-500400-mm\/#breadcrumb","itemListElement":[{"@type":"ListItem","position":1,"name":"Pagina principal\u0103","item":"https:\/\/tehnoformat.md\/ro\/"},{"@type":"ListItem","position":2,"name":"Magazin","item":"https:\/\/tehnoformat.md\/ro\/shop\/"},{"@type":"ListItem","position":3,"name":"Radiator E.C.A. Tip-22 500*400 mm"}]},{"@type":"WebSite","@id":"https:\/\/tehnoformat.md\/ro\/#website","url":"https:\/\/tehnoformat.md\/ro\/","name":"Tehnoformat.md","description":"","publisher":{"@id":"https:\/\/tehnoformat.md\/ro\/#organization"},"potentialAction":[{"@type":"SearchAction","target":{"@type":"EntryPoint","urlTemplate":"https:\/\/tehnoformat.md\/ro\/?s={search_term_string}"},"query-input":{"@type":"PropertyValueSpecification","valueRequired":true,"valueName":"search_term_string"}}],"inLanguage":"ro-RO"},{"@type":"Organization","@id":"https:\/\/tehnoformat.md\/ro\/#organization","name":"Tehnoformat","url":"https:\/\/tehnoformat.md\/ro\/","logo":{"@type":"ImageObject","inLanguage":"ro-RO","@id":"https:\/\/tehnoformat.md\/ro\/#\/schema\/logo\/image\/","url":"https:\/\/tehnoformat.md\/wp-content\/uploads\/2024\/10\/icon1.png","contentUrl":"https:\/\/tehnoformat.md\/wp-content\/uploads\/2024\/10\/icon1.png","width":512,"height":512,"caption":"Tehnoformat"},"image":{"@id":"https:\/\/tehnoformat.md\/ro\/#\/schema\/logo\/image\/"},"sameAs":["https:\/\/www.facebook.com\/formatterm","https:\/\/www.instagram.com\/tehnoformat.md\/"]}]}},"_links":{"self":[{"href":"https:\/\/tehnoformat.md\/ro\/wp-json\/wp\/v2\/product\/25583","targetHints":{"allow":["GET"]}}],"collection":[{"href":"https:\/\/tehnoformat.md\/ro\/wp-json\/wp\/v2\/product"}],"about":[{"href":"https:\/\/tehnoformat.md\/ro\/wp-json\/wp\/v2\/types\/product"}],"replies":[{"embeddable":true,"href":"https:\/\/tehnoformat.md\/ro\/wp-json\/wp\/v2\/comments?post=25583"}],"version-history":[{"count":2,"href":"https:\/\/tehnoformat.md\/ro\/wp-json\/wp\/v2\/product\/25583\/revisions"}],"predecessor-version":[{"id":25585,"href":"https:\/\/tehnoformat.md\/ro\/wp-json\/wp\/v2\/product\/25583\/revisions\/25585"}],"wp:featuredmedia":[{"embeddable":true,"href":"https:\/\/tehnoformat.md\/ro\/wp-json\/wp\/v2\/media\/20535"}],"wp:attachment":[{"href":"https:\/\/tehnoformat.md\/ro\/wp-json\/wp\/v2\/media?parent=25583"}],"wp:term":[{"taxonomy":"product_brand","embeddable":true,"href":"https:\/\/tehnoformat.md\/ro\/wp-json\/wp\/v2\/product_brand?post=25583"},{"taxonomy":"product_cat","embeddable":true,"href":"https:\/\/tehnoformat.md\/ro\/wp-json\/wp\/v2\/product_cat?post=25583"},{"taxonomy":"product_tag","embeddable":true,"href":"https:\/\/tehnoformat.md\/ro\/wp-json\/wp\/v2\/product_tag?post=25583"}],"curies":[{"name":"wp","href":"https:\/\/api.w.org\/{rel}","templated":true}]}}