{"id":25577,"date":"2024-04-04T17:27:59","date_gmt":"2024-04-04T14:27:59","guid":{"rendered":"https:\/\/tehnoformat.md\/product\/cazan-e-c-a-gelios-plus-24-kw\/"},"modified":"2025-11-13T13:27:12","modified_gmt":"2025-11-13T10:27:12","slug":"cazan-e-c-a-gelios-plus-24-kw","status":"publish","type":"product","link":"https:\/\/tehnoformat.md\/ro\/produs\/cazan-e-c-a-gelios-plus-24-kw\/","title":{"rendered":"Cazan E.C.A. Gelios Plus. 24 kW"},"content":{"rendered":"\t\t<div data-elementor-type=\"wp-post\" data-elementor-id=\"25577\" class=\"elementor elementor-25577 elementor-9892\">\n\t\t\t\t<div class=\"elementor-element elementor-element-7f00aab e-flex e-con-boxed e-con e-parent\" data-id=\"7f00aab\" data-element_type=\"container\" data-e-type=\"container\">\n\t\t\t\t\t<div class=\"e-con-inner\">\n\t\t<div class=\"elementor-element elementor-element-2c55249 e-con-full e-flex e-con e-child\" data-id=\"2c55249\" data-element_type=\"container\" data-e-type=\"container\">\n\t\t\t\t<div class=\"elementor-element elementor-element-09e29fa elementor-widget elementor-widget-text-editor\" data-id=\"09e29fa\" data-element_type=\"widget\" data-e-type=\"widget\" data-widget_type=\"text-editor.default\">\n\t\t\t\t<div class=\"elementor-widget-container\">\n\t\t\t\t\t\t\t\t\t<p>Caracteristicile tehnice ale centralei termice pe gaz E.C.A. Gelios Plus 24 kW:<\/p><ol><li>Putere: de la 11 la 33 kW.<\/li><li>Tipul centralei: monotermic\u0103 combinat\u0103 cu camer\u0103 de ardere \u00eenchis\u0103.<\/li><li>Gam\u0103 de putere: de la 11 la 33 kW.<\/li><li>Co\u0219 de fum: co\u0219 coaxial cu diametrul de 60\/100 mm p\u00e2n\u0103 la 4 m \u00een configura\u021bii orizontale \u0219i verticale. Un co\u0219 separat cu diametrul de 80\/80 mm poate fi utilizat pentru o lungime total\u0103 de p\u00e2n\u0103 la 8 m. <\/li><li>Eficien\u021b\u0103: 90,6%.<\/li><li>Clasa de emisie a oxizilor de azot: 3.<\/li><li>Capacitatea vasului de expansiune: 6 litri pentru modelele de p\u00e2n\u0103 la 24 kW, 8 litri pentru modelele de 28 \u0219i 33 kW.<\/li><li>Interval de temperatur\u0103 de func\u021bionare:<ul><li>Apa \u00een sistemul de \u00eenc\u0103lzire: 30-80\u00b0C.<\/li><li>Ap\u0103 cald\u0103 pentru uz casnic: 35-64\u00b0C.<\/li><\/ul><\/li><li>Control: Posibilitatea de a utiliza termostatul pornit\/oprit \u0219i termostatul inteligent.<\/li><li>Emisii reduse de CO2.<\/li><li>Pomp\u0103: \u00een trei etape.<\/li><li>Clasa de protec\u021bie: IPx4D.<\/li><li>Dimensiuni: 720 x 400 x 330 mm.<\/li><li>Afi\u0219aj: Afi\u0219aj LCD multifunc\u021bional.<\/li><li>Caracteristici suplimentare: design ergonomic, u\u0219urin\u021b\u0103 \u00een utilizare, aspect elegant.<\/li><\/ol>\t\t\t\t\t\t\t\t<\/div>\n\t\t\t\t<\/div>\n\t\t\t\t<\/div>\n\t\t<div class=\"elementor-element elementor-element-f7fb2d0 e-con-full e-flex e-con e-child\" data-id=\"f7fb2d0\" data-element_type=\"container\" data-e-type=\"container\">\n\t\t\t\t<div class=\"elementor-element elementor-element-215e643 elementor-widget elementor-widget-image\" data-id=\"215e643\" data-element_type=\"widget\" data-e-type=\"widget\" data-widget_type=\"image.default\">\n\t\t\t\t<div class=\"elementor-widget-container\">\n\t\t\t\t\t\t\t\t\t\t\t\t\t\t\t<img fetchpriority=\"high\" decoding=\"async\" width=\"1000\" height=\"1000\" src=\"https:\/\/tehnoformat.md\/wp-content\/uploads\/2024\/04\/134-2.jpg\" class=\"attachment-large size-large wp-image-20489\" alt=\"\" srcset=\"https:\/\/tehnoformat.md\/wp-content\/uploads\/2024\/04\/134-2.jpg 1000w, https:\/\/tehnoformat.md\/wp-content\/uploads\/2024\/04\/134-2-300x300.jpg 300w, https:\/\/tehnoformat.md\/wp-content\/uploads\/2024\/04\/134-2-250x250.jpg 250w, https:\/\/tehnoformat.md\/wp-content\/uploads\/2024\/04\/134-2-768x768.jpg 768w, https:\/\/tehnoformat.md\/wp-content\/uploads\/2024\/04\/134-2-180x180.jpg 180w, https:\/\/tehnoformat.md\/wp-content\/uploads\/2024\/04\/134-2-400x400.jpg 400w, https:\/\/tehnoformat.md\/wp-content\/uploads\/2024\/04\/134-2-46x46.jpg 46w, https:\/\/tehnoformat.md\/wp-content\/uploads\/2024\/04\/134-2-100x100.jpg 100w, https:\/\/tehnoformat.md\/wp-content\/uploads\/2024\/04\/134-2-54x54.jpg 54w, https:\/\/tehnoformat.md\/wp-content\/uploads\/2024\/04\/134-2-310x310.jpg 310w, https:\/\/tehnoformat.md\/wp-content\/uploads\/2024\/04\/134-2-80x80.jpg 80w\" sizes=\"(max-width: 1000px) 100vw, 1000px\" \/>\t\t\t\t\t\t\t\t\t\t\t\t\t\t\t<\/div>\n\t\t\t\t<\/div>\n\t\t\t\t<\/div>\n\t\t<div class=\"elementor-element elementor-element-a16d25f e-con-full e-flex e-con e-child\" data-id=\"a16d25f\" data-element_type=\"container\" data-e-type=\"container\">\n\t\t\t\t<div class=\"elementor-element elementor-element-fc549ea elementor-widget elementor-widget-text-editor\" data-id=\"fc549ea\" data-element_type=\"widget\" data-e-type=\"widget\" data-widget_type=\"text-editor.default\">\n\t\t\t\t<div class=\"elementor-widget-container\">\n\t\t\t\t\t\t\t\t\t<p>Sistemul de siguran\u021b\u0103 al centralei termice pe gaz E.C.A. Gelios Plus 24 kW include:<\/p><ol><li>Dispozitiv de siguran\u021b\u0103 \u00eempotriva presiunii ridicate a apei (3 bar).<\/li><li>Dispozitiv de protec\u021bie \u00eempotriva presiunii sc\u0103zute \u00een circuitul de \u00eenc\u0103lzire (0,8 bar).<\/li><li>Dispozitiv de protec\u021bie la \u0219ocuri termice.<\/li><li>Vas de expansiune.<\/li><li>Filtru electromagnetic.<\/li><li>Protec\u021bie \u00eempotriva stingerii fl\u0103c\u0103rii.<\/li><li>Protec\u021bie \u00eempotriva bloc\u0103rii pompei.<\/li><li>Protec\u021bie \u00eempotriva bloc\u0103rii valvei cu trei c\u0103i.<\/li><li>Dispozitiv de protec\u021bie \u00eempotriva \u00eenghe\u021bului.<\/li><li>Supap\u0103 automat\u0103 de aer a pompei \u0219i purjare manual\u0103 a aerului pentru vasul de expansiune.<\/li><li>Comutator de presiune diferen\u021bial\u0103 pentru sistemul de evacuare a gazelor de ardere.<\/li><li>Dispozitive de protec\u021bie la supra\u00eenc\u0103lzire.<\/li><li>Termostat de protec\u021bie.<\/li><\/ol>\t\t\t\t\t\t\t\t<\/div>\n\t\t\t\t<\/div>\n\t\t\t\t<\/div>\n\t\t\t\t\t<\/div>\n\t\t\t\t<\/div>\n\t\t<div class=\"elementor-element elementor-element-9e3aec7 e-grid e-con-boxed e-con e-parent\" data-id=\"9e3aec7\" data-element_type=\"container\" data-e-type=\"container\">\n\t\t\t\t\t<div class=\"e-con-inner\">\n\t\t\t\t\t<\/div>\n\t\t\t\t<\/div>\n\t\t<div class=\"elementor-element elementor-element-da54911 e-grid e-con-boxed e-con e-parent\" data-id=\"da54911\" data-element_type=\"container\" data-e-type=\"container\">\n\t\t\t\t\t<div class=\"e-con-inner\">\n\t\t\t\t\t<\/div>\n\t\t\t\t<\/div>\n\t\t<div class=\"elementor-element elementor-element-f284053 e-grid e-con-boxed e-con e-parent\" data-id=\"f284053\" data-element_type=\"container\" data-e-type=\"container\">\n\t\t\t\t\t<div class=\"e-con-inner\">\n\t\t\t\t\t<\/div>\n\t\t\t\t<\/div>\n\t\t\t\t<\/div>\n\t\t","protected":false},"excerpt":{"rendered":"<p>Central\u0103 termic\u0103 pe gaz E.C.A. Gelios Plus 24 kW &#8211; aceast\u0103 central\u0103 are dou\u0103 schimb\u0103toare de c\u0103ldur\u0103: primar cupru &#8211; secundar o\u021bel inoxidabil, randament &#8211; 90,6%, consum maxim de ap\u0103 cald\u0103 de 10 l\/minut la (\u2206t = 33,4 \u00b0C)<\/p>\n","protected":false},"featured_media":25854,"comment_status":"closed","ping_status":"open","template":"","meta":[],"product_brand":[],"product_cat":[794,796,836],"product_tag":[924,1032,946,960,985],"class_list":{"0":"post-25577","1":"product","2":"type-product","3":"status-publish","4":"has-post-thumbnail","6":"product_cat-cazane","7":"product_cat-pe-gaz","8":"product_cat-produsele-zilei","9":"product_tag-cazan-pe-gaz-ro","10":"product_tag-centrala-pe-gaz-ro","11":"product_tag-e-c-a-ro","12":"product_tag-gelios-ro","13":"product_tag-murale-ro","14":"ts_product_brand-e-c-a-ro","16":"first","17":"instock","18":"featured","19":"shipping-taxable","20":"purchasable","21":"product-type-simple","22":"add-to-wishlist-after_add_to_cart"},"yoast_head":"<!-- This site is optimized with the Yoast SEO plugin v27.3 - https:\/\/yoast.com\/product\/yoast-seo-wordpress\/ -->\n<title>Cazan E.C.A. Gelios Plus. 24 kW - Tehnoformat<\/title>\n<meta name=\"robots\" content=\"index, follow, max-snippet:-1, max-image-preview:large, max-video-preview:-1\" \/>\n<link rel=\"canonical\" href=\"https:\/\/tehnoformat.md\/ro\/produs\/cazan-e-c-a-gelios-plus-24-kw\/\" \/>\n<meta property=\"og:locale\" content=\"ro_RO\" \/>\n<meta property=\"og:type\" content=\"article\" \/>\n<meta property=\"og:title\" content=\"Cazan E.C.A. Gelios Plus. 24 kW - Tehnoformat\" \/>\n<meta property=\"og:description\" content=\"Central\u0103 termic\u0103 pe gaz E.C.A. Gelios Plus 24 kW - aceast\u0103 central\u0103 are dou\u0103 schimb\u0103toare de c\u0103ldur\u0103: primar cupru - secundar o\u021bel inoxidabil, randament - 90,6%, consum maxim de ap\u0103 cald\u0103 de 10 l\/minut la (\u2206t = 33,4 \u00b0C)\" \/>\n<meta property=\"og:url\" content=\"https:\/\/tehnoformat.md\/ro\/produs\/cazan-e-c-a-gelios-plus-24-kw\/\" \/>\n<meta property=\"og:site_name\" content=\"Tehnoformat\" \/>\n<meta property=\"article:publisher\" content=\"https:\/\/www.facebook.com\/formatterm\" \/>\n<meta property=\"article:modified_time\" content=\"2025-11-13T10:27:12+00:00\" \/>\n<meta property=\"og:image\" content=\"https:\/\/tehnoformat.md\/wp-content\/uploads\/2024\/04\/eca_gelios_plus_24_kw_1_5.jpg\" \/>\n\t<meta property=\"og:image:width\" content=\"1000\" \/>\n\t<meta property=\"og:image:height\" content=\"1000\" \/>\n\t<meta property=\"og:image:type\" content=\"image\/jpeg\" \/>\n<meta name=\"twitter:card\" content=\"summary_large_image\" \/>\n<meta name=\"twitter:label1\" content=\"Timp estimat pentru citire\" \/>\n\t<meta name=\"twitter:data1\" content=\"2 minute\" \/>\n<script type=\"application\/ld+json\" class=\"yoast-schema-graph\">{\"@context\":\"https:\\\/\\\/schema.org\",\"@graph\":[{\"@type\":\"WebPage\",\"@id\":\"https:\\\/\\\/tehnoformat.md\\\/ro\\\/produs\\\/cazan-e-c-a-gelios-plus-24-kw\\\/\",\"url\":\"https:\\\/\\\/tehnoformat.md\\\/ro\\\/produs\\\/cazan-e-c-a-gelios-plus-24-kw\\\/\",\"name\":\"Cazan E.C.A. Gelios Plus. 24 kW - Tehnoformat\",\"isPartOf\":{\"@id\":\"https:\\\/\\\/tehnoformat.md\\\/ro\\\/#website\"},\"primaryImageOfPage\":{\"@id\":\"https:\\\/\\\/tehnoformat.md\\\/ro\\\/produs\\\/cazan-e-c-a-gelios-plus-24-kw\\\/#primaryimage\"},\"image\":{\"@id\":\"https:\\\/\\\/tehnoformat.md\\\/ro\\\/produs\\\/cazan-e-c-a-gelios-plus-24-kw\\\/#primaryimage\"},\"thumbnailUrl\":\"https:\\\/\\\/tehnoformat.md\\\/wp-content\\\/uploads\\\/2024\\\/04\\\/eca-gelios-plus.jpg\",\"datePublished\":\"2024-04-04T14:27:59+00:00\",\"dateModified\":\"2025-11-13T10:27:12+00:00\",\"breadcrumb\":{\"@id\":\"https:\\\/\\\/tehnoformat.md\\\/ro\\\/produs\\\/cazan-e-c-a-gelios-plus-24-kw\\\/#breadcrumb\"},\"inLanguage\":\"ro-RO\",\"potentialAction\":[{\"@type\":\"ReadAction\",\"target\":[\"https:\\\/\\\/tehnoformat.md\\\/ro\\\/produs\\\/cazan-e-c-a-gelios-plus-24-kw\\\/\"]}]},{\"@type\":\"ImageObject\",\"inLanguage\":\"ro-RO\",\"@id\":\"https:\\\/\\\/tehnoformat.md\\\/ro\\\/produs\\\/cazan-e-c-a-gelios-plus-24-kw\\\/#primaryimage\",\"url\":\"https:\\\/\\\/tehnoformat.md\\\/wp-content\\\/uploads\\\/2024\\\/04\\\/eca-gelios-plus.jpg\",\"contentUrl\":\"https:\\\/\\\/tehnoformat.md\\\/wp-content\\\/uploads\\\/2024\\\/04\\\/eca-gelios-plus.jpg\",\"width\":1000,\"height\":1000},{\"@type\":\"BreadcrumbList\",\"@id\":\"https:\\\/\\\/tehnoformat.md\\\/ro\\\/produs\\\/cazan-e-c-a-gelios-plus-24-kw\\\/#breadcrumb\",\"itemListElement\":[{\"@type\":\"ListItem\",\"position\":1,\"name\":\"Pagina principal\u0103\",\"item\":\"https:\\\/\\\/tehnoformat.md\\\/ro\\\/principala\\\/\"},{\"@type\":\"ListItem\",\"position\":2,\"name\":\"Magazin\",\"item\":\"https:\\\/\\\/tehnoformat.md\\\/ro\\\/shop\\\/\"},{\"@type\":\"ListItem\",\"position\":3,\"name\":\"Cazan E.C.A. Gelios Plus. 24 kW\"}]},{\"@type\":\"WebSite\",\"@id\":\"https:\\\/\\\/tehnoformat.md\\\/ro\\\/#website\",\"url\":\"https:\\\/\\\/tehnoformat.md\\\/ro\\\/\",\"name\":\"Tehnoformat.md\",\"description\":\"\",\"publisher\":{\"@id\":\"https:\\\/\\\/tehnoformat.md\\\/ro\\\/#organization\"},\"potentialAction\":[{\"@type\":\"SearchAction\",\"target\":{\"@type\":\"EntryPoint\",\"urlTemplate\":\"https:\\\/\\\/tehnoformat.md\\\/ro\\\/?s={search_term_string}\"},\"query-input\":{\"@type\":\"PropertyValueSpecification\",\"valueRequired\":true,\"valueName\":\"search_term_string\"}}],\"inLanguage\":\"ro-RO\"},{\"@type\":\"Organization\",\"@id\":\"https:\\\/\\\/tehnoformat.md\\\/ro\\\/#organization\",\"name\":\"Tehnoformat\",\"url\":\"https:\\\/\\\/tehnoformat.md\\\/ro\\\/\",\"logo\":{\"@type\":\"ImageObject\",\"inLanguage\":\"ro-RO\",\"@id\":\"https:\\\/\\\/tehnoformat.md\\\/ro\\\/#\\\/schema\\\/logo\\\/image\\\/\",\"url\":\"https:\\\/\\\/tehnoformat.md\\\/wp-content\\\/uploads\\\/2024\\\/10\\\/icon1.png\",\"contentUrl\":\"https:\\\/\\\/tehnoformat.md\\\/wp-content\\\/uploads\\\/2024\\\/10\\\/icon1.png\",\"width\":512,\"height\":512,\"caption\":\"Tehnoformat\"},\"image\":{\"@id\":\"https:\\\/\\\/tehnoformat.md\\\/ro\\\/#\\\/schema\\\/logo\\\/image\\\/\"},\"sameAs\":[\"https:\\\/\\\/www.facebook.com\\\/formatterm\",\"https:\\\/\\\/www.instagram.com\\\/tehnoformat.md\\\/\"]}]}<\/script>\n<!-- \/ Yoast SEO plugin. -->","yoast_head_json":{"title":"Cazan E.C.A. Gelios Plus. 24 kW - Tehnoformat","robots":{"index":"index","follow":"follow","max-snippet":"max-snippet:-1","max-image-preview":"max-image-preview:large","max-video-preview":"max-video-preview:-1"},"canonical":"https:\/\/tehnoformat.md\/ro\/produs\/cazan-e-c-a-gelios-plus-24-kw\/","og_locale":"ro_RO","og_type":"article","og_title":"Cazan E.C.A. Gelios Plus. 24 kW - Tehnoformat","og_description":"Central\u0103 termic\u0103 pe gaz E.C.A. Gelios Plus 24 kW - aceast\u0103 central\u0103 are dou\u0103 schimb\u0103toare de c\u0103ldur\u0103: primar cupru - secundar o\u021bel inoxidabil, randament - 90,6%, consum maxim de ap\u0103 cald\u0103 de 10 l\/minut la (\u2206t = 33,4 \u00b0C)","og_url":"https:\/\/tehnoformat.md\/ro\/produs\/cazan-e-c-a-gelios-plus-24-kw\/","og_site_name":"Tehnoformat","article_publisher":"https:\/\/www.facebook.com\/formatterm","article_modified_time":"2025-11-13T10:27:12+00:00","og_image":[{"width":1000,"height":1000,"url":"https:\/\/tehnoformat.md\/wp-content\/uploads\/2024\/04\/eca_gelios_plus_24_kw_1_5.jpg","type":"image\/jpeg"}],"twitter_card":"summary_large_image","twitter_misc":{"Timp estimat pentru citire":"2 minute"},"schema":{"@context":"https:\/\/schema.org","@graph":[{"@type":"WebPage","@id":"https:\/\/tehnoformat.md\/ro\/produs\/cazan-e-c-a-gelios-plus-24-kw\/","url":"https:\/\/tehnoformat.md\/ro\/produs\/cazan-e-c-a-gelios-plus-24-kw\/","name":"Cazan E.C.A. Gelios Plus. 24 kW - Tehnoformat","isPartOf":{"@id":"https:\/\/tehnoformat.md\/ro\/#website"},"primaryImageOfPage":{"@id":"https:\/\/tehnoformat.md\/ro\/produs\/cazan-e-c-a-gelios-plus-24-kw\/#primaryimage"},"image":{"@id":"https:\/\/tehnoformat.md\/ro\/produs\/cazan-e-c-a-gelios-plus-24-kw\/#primaryimage"},"thumbnailUrl":"https:\/\/tehnoformat.md\/wp-content\/uploads\/2024\/04\/eca-gelios-plus.jpg","datePublished":"2024-04-04T14:27:59+00:00","dateModified":"2025-11-13T10:27:12+00:00","breadcrumb":{"@id":"https:\/\/tehnoformat.md\/ro\/produs\/cazan-e-c-a-gelios-plus-24-kw\/#breadcrumb"},"inLanguage":"ro-RO","potentialAction":[{"@type":"ReadAction","target":["https:\/\/tehnoformat.md\/ro\/produs\/cazan-e-c-a-gelios-plus-24-kw\/"]}]},{"@type":"ImageObject","inLanguage":"ro-RO","@id":"https:\/\/tehnoformat.md\/ro\/produs\/cazan-e-c-a-gelios-plus-24-kw\/#primaryimage","url":"https:\/\/tehnoformat.md\/wp-content\/uploads\/2024\/04\/eca-gelios-plus.jpg","contentUrl":"https:\/\/tehnoformat.md\/wp-content\/uploads\/2024\/04\/eca-gelios-plus.jpg","width":1000,"height":1000},{"@type":"BreadcrumbList","@id":"https:\/\/tehnoformat.md\/ro\/produs\/cazan-e-c-a-gelios-plus-24-kw\/#breadcrumb","itemListElement":[{"@type":"ListItem","position":1,"name":"Pagina principal\u0103","item":"https:\/\/tehnoformat.md\/ro\/principala\/"},{"@type":"ListItem","position":2,"name":"Magazin","item":"https:\/\/tehnoformat.md\/ro\/shop\/"},{"@type":"ListItem","position":3,"name":"Cazan E.C.A. Gelios Plus. 24 kW"}]},{"@type":"WebSite","@id":"https:\/\/tehnoformat.md\/ro\/#website","url":"https:\/\/tehnoformat.md\/ro\/","name":"Tehnoformat.md","description":"","publisher":{"@id":"https:\/\/tehnoformat.md\/ro\/#organization"},"potentialAction":[{"@type":"SearchAction","target":{"@type":"EntryPoint","urlTemplate":"https:\/\/tehnoformat.md\/ro\/?s={search_term_string}"},"query-input":{"@type":"PropertyValueSpecification","valueRequired":true,"valueName":"search_term_string"}}],"inLanguage":"ro-RO"},{"@type":"Organization","@id":"https:\/\/tehnoformat.md\/ro\/#organization","name":"Tehnoformat","url":"https:\/\/tehnoformat.md\/ro\/","logo":{"@type":"ImageObject","inLanguage":"ro-RO","@id":"https:\/\/tehnoformat.md\/ro\/#\/schema\/logo\/image\/","url":"https:\/\/tehnoformat.md\/wp-content\/uploads\/2024\/10\/icon1.png","contentUrl":"https:\/\/tehnoformat.md\/wp-content\/uploads\/2024\/10\/icon1.png","width":512,"height":512,"caption":"Tehnoformat"},"image":{"@id":"https:\/\/tehnoformat.md\/ro\/#\/schema\/logo\/image\/"},"sameAs":["https:\/\/www.facebook.com\/formatterm","https:\/\/www.instagram.com\/tehnoformat.md\/"]}]}},"_links":{"self":[{"href":"https:\/\/tehnoformat.md\/ro\/wp-json\/wp\/v2\/product\/25577","targetHints":{"allow":["GET"]}}],"collection":[{"href":"https:\/\/tehnoformat.md\/ro\/wp-json\/wp\/v2\/product"}],"about":[{"href":"https:\/\/tehnoformat.md\/ro\/wp-json\/wp\/v2\/types\/product"}],"replies":[{"embeddable":true,"href":"https:\/\/tehnoformat.md\/ro\/wp-json\/wp\/v2\/comments?post=25577"}],"version-history":[{"count":2,"href":"https:\/\/tehnoformat.md\/ro\/wp-json\/wp\/v2\/product\/25577\/revisions"}],"predecessor-version":[{"id":25579,"href":"https:\/\/tehnoformat.md\/ro\/wp-json\/wp\/v2\/product\/25577\/revisions\/25579"}],"wp:featuredmedia":[{"embeddable":true,"href":"https:\/\/tehnoformat.md\/ro\/wp-json\/wp\/v2\/media\/25854"}],"wp:attachment":[{"href":"https:\/\/tehnoformat.md\/ro\/wp-json\/wp\/v2\/media?parent=25577"}],"wp:term":[{"taxonomy":"product_brand","embeddable":true,"href":"https:\/\/tehnoformat.md\/ro\/wp-json\/wp\/v2\/product_brand?post=25577"},{"taxonomy":"product_cat","embeddable":true,"href":"https:\/\/tehnoformat.md\/ro\/wp-json\/wp\/v2\/product_cat?post=25577"},{"taxonomy":"product_tag","embeddable":true,"href":"https:\/\/tehnoformat.md\/ro\/wp-json\/wp\/v2\/product_tag?post=25577"}],"curies":[{"name":"wp","href":"https:\/\/api.w.org\/{rel}","templated":true}]}}