{"id":25528,"date":"2024-04-08T12:08:43","date_gmt":"2024-04-08T09:08:43","guid":{"rendered":"https:\/\/tehnoformat.md\/product\/cazan-e-c-a-proteus-premix-35-kw\/"},"modified":"2025-11-11T18:28:42","modified_gmt":"2025-11-11T15:28:42","slug":"cazan-e-c-a-proteus-premix-35-kw","status":"publish","type":"product","link":"https:\/\/tehnoformat.md\/ro\/produs\/cazan-e-c-a-proteus-premix-35-kw\/","title":{"rendered":"Cazan E.C.A. Proteus Premix 35 kw"},"content":{"rendered":"\t\t<div data-elementor-type=\"wp-post\" data-elementor-id=\"25528\" class=\"elementor elementor-25528 elementor-10275\">\n\t\t\t\t<div class=\"elementor-element elementor-element-35ee229 e-con-full e-flex e-con e-parent\" data-id=\"35ee229\" data-element_type=\"container\" data-e-type=\"container\">\n\t\t<div class=\"elementor-element elementor-element-e2c4d85 e-con-full e-flex e-con e-child\" data-id=\"e2c4d85\" data-element_type=\"container\" data-e-type=\"container\">\n\t\t\t\t<div class=\"elementor-element elementor-element-631578c elementor-widget elementor-widget-text-editor\" data-id=\"631578c\" data-element_type=\"widget\" data-e-type=\"widget\" data-widget_type=\"text-editor.default\">\n\t\t\t\t<div class=\"elementor-widget-container\">\n\t\t\t\t\t\t\t\t\t<p>Centrala termic\u0103 pe gaz \u00een condensare E.C.A. Proteus Premix 35 kW are urm\u0103toarele caracteristici:<\/p><ol><li>Dou\u0103 schimb\u0103toare de c\u0103ldur\u0103 din o\u021bel inoxidabil.<\/li><li>Eficien\u021b\u0103 &#8211; 107,5%.<\/li><li>Debit maxim de produc\u021bie de ap\u0103 cald\u0103: 12 l\/minut la \u2206t = 35,8\u00b0C.<\/li><li>Nivel ridicat de economisire a energiei datorit\u0103 utiliz\u0103rii tehnologiei de condensare.<\/li><li>Moduri de func\u021bionare: ECO (economic) \u0219i COMFORT (confortabil), care ofer\u0103 o utilizare mai economic\u0103 a combustibilului \u0219i, respectiv, un nivel sporit de confort.<\/li><li>Dimensiunile sale compacte \u0219i aspectul elegant \u00eel fac un produs atractiv.<\/li><li>Panoul de control ergonomic asigur\u0103 u\u0219urin\u021ba \u00een utilizare.<\/li><li>Tehnologie avansat\u0103 de condensare, zgomot redus \u0219i performan\u021b\u0103 ridicat\u0103.<\/li><li>Kitul op\u021bional de accesorii inteligente pentru centrala termic\u0103 combinat\u0103 va oferi probabil capacit\u0103\u021bi suplimentare de control \u0219i monitorizare a func\u021bion\u0103rii centralei termice.<\/li><\/ol><p>O prezentare general\u0103 a centralei termice arat\u0103 c\u0103 aceasta are o eficien\u021b\u0103 ridicat\u0103, ofer\u0103 diverse moduri de func\u021bionare pentru economisirea resurselor \u0219i un confort sporit, are, de asemenea, un design atractiv \u0219i capacitatea de a controla \u0219i monitoriza suplimentar.<\/p>\t\t\t\t\t\t\t\t<\/div>\n\t\t\t\t<\/div>\n\t\t\t\t<\/div>\n\t\t<div class=\"elementor-element elementor-element-7ac7cb5 e-con-full e-flex e-con e-child\" data-id=\"7ac7cb5\" data-element_type=\"container\" data-e-type=\"container\">\n\t\t<div class=\"elementor-element elementor-element-7a3615c e-flex e-con-boxed e-con e-child\" data-id=\"7a3615c\" data-element_type=\"container\" data-e-type=\"container\">\n\t\t\t\t\t<div class=\"e-con-inner\">\n\t\t\t\t<div class=\"elementor-element elementor-element-1d8fa7c elementor-widget elementor-widget-image\" data-id=\"1d8fa7c\" data-element_type=\"widget\" data-e-type=\"widget\" data-widget_type=\"image.default\">\n\t\t\t\t<div class=\"elementor-widget-container\">\n\t\t\t\t\t\t\t\t\t\t\t\t\t\t\t<img fetchpriority=\"high\" decoding=\"async\" width=\"1000\" height=\"1000\" src=\"https:\/\/tehnoformat.md\/wp-content\/uploads\/2024\/04\/134-3-2.jpg\" class=\"attachment-large size-large wp-image-20500\" alt=\"\" srcset=\"https:\/\/tehnoformat.md\/wp-content\/uploads\/2024\/04\/134-3-2.jpg 1000w, https:\/\/tehnoformat.md\/wp-content\/uploads\/2024\/04\/134-3-2-300x300.jpg 300w, https:\/\/tehnoformat.md\/wp-content\/uploads\/2024\/04\/134-3-2-250x250.jpg 250w, https:\/\/tehnoformat.md\/wp-content\/uploads\/2024\/04\/134-3-2-768x768.jpg 768w, https:\/\/tehnoformat.md\/wp-content\/uploads\/2024\/04\/134-3-2-180x180.jpg 180w, https:\/\/tehnoformat.md\/wp-content\/uploads\/2024\/04\/134-3-2-400x400.jpg 400w, https:\/\/tehnoformat.md\/wp-content\/uploads\/2024\/04\/134-3-2-46x46.jpg 46w, https:\/\/tehnoformat.md\/wp-content\/uploads\/2024\/04\/134-3-2-100x100.jpg 100w, https:\/\/tehnoformat.md\/wp-content\/uploads\/2024\/04\/134-3-2-54x54.jpg 54w, https:\/\/tehnoformat.md\/wp-content\/uploads\/2024\/04\/134-3-2-310x310.jpg 310w, https:\/\/tehnoformat.md\/wp-content\/uploads\/2024\/04\/134-3-2-80x80.jpg 80w\" sizes=\"(max-width: 1000px) 100vw, 1000px\" \/>\t\t\t\t\t\t\t\t\t\t\t\t\t\t\t<\/div>\n\t\t\t\t<\/div>\n\t\t\t\t\t<\/div>\n\t\t\t\t<\/div>\n\t\t<div class=\"elementor-element elementor-element-68d932d e-flex e-con-boxed e-con e-child\" data-id=\"68d932d\" data-element_type=\"container\" data-e-type=\"container\">\n\t\t\t\t\t<div class=\"e-con-inner\">\n\t\t\t\t\t<\/div>\n\t\t\t\t<\/div>\n\t\t\t\t<\/div>\n\t\t\t\t<\/div>\n\t\t<div class=\"elementor-element elementor-element-597cceb e-grid e-con-full e-con e-parent\" data-id=\"597cceb\" data-element_type=\"container\" data-e-type=\"container\">\n\t\t\t\t<div class=\"elementor-element elementor-element-3e60f6b elementor-widget elementor-widget-text-editor\" data-id=\"3e60f6b\" data-element_type=\"widget\" data-e-type=\"widget\" data-widget_type=\"text-editor.default\">\n\t\t\t\t<div class=\"elementor-widget-container\">\n\t\t\t\t\t\t\t\t\t<div class=\"flex-1 overflow-hidden\"><div class=\"react-scroll-to-bottom--css-olfwl-79elbk h-full\"><div class=\"react-scroll-to-bottom--css-olfwl-1n7m0yu\"><div><div class=\"flex flex-col text-sm pb-9\"><div class=\"w-full text-token-text-primary\" data-testid=\"conversation-turn-5\"><div class=\"px-4 py-2 justify-center text-base md:gap-6 m-auto\"><div class=\"flex flex-1 text-base mx-auto gap-3 md:px-5 lg:px-1 xl:px-5 md:max-w-3xl lg:max-w-[40rem] xl:max-w-[48rem] group final-completion\"><div class=\"relative flex w-full flex-col agent-turn\"><div class=\"flex-col gap-1 md:gap-3\"><div class=\"flex flex-grow flex-col max-w-full\"><div class=\"min-h-[20px] text-message flex flex-col items-start gap-3 whitespace-pre-wrap break-words [.text-message+&amp;]:mt-5 overflow-x-auto\" data-message-author-role=\"assistant\" data-message-id=\"8487f4b2-ebdc-49e9-888c-7b9d3b17f3b7\"><div class=\"markdown prose w-full break-words dark:prose-invert light\"><p>Sistemele de siguran\u021b\u0103 ale centralei termice pe gaz cu condensare E.C.A. Proteus Premix 35 kW includ:<\/p><ol><li><strong>Dispozitiv de siguran\u021b\u0103 pentru presiune ridicat\u0103 a apei (3 bar):<\/strong> Protejeaz\u0103 sistemul de \u00eenc\u0103lzire \u0219i centrala termic\u0103 de suprapresiune.<\/li><\/ol><p><strong>2. Dispozitiv de siguran\u021b\u0103 la presiune sc\u0103zut\u0103 a apei (0,4 bar):<\/strong> Opre\u0219te centrala termic\u0103 la presiune sc\u0103zut\u0103 a apei.<\/p><ol><li><strong>Vas de expansiune cu o capacitate de 8 litri:<\/strong> Compenseaz\u0103 expansiunea lichidului de r\u0103cire din sistemul de \u00eenc\u0103lzire.<\/li><li><strong>Protec\u021bie \u00eempotriva returului fl\u0103c\u0103rii:<\/strong> Previne posibilitatea returului fl\u0103c\u0103rii.<\/li><li><strong>Dispozitiv de protec\u021bie \u00eempotriva bloc\u0103rii pompei:<\/strong> Previne blocarea pompei \u00een timpul perioadelor lungi de inactivitate.<\/li><li><strong>Dispozitiv de protec\u021bie \u00eempotriva bloc\u0103rii pompei:<\/strong> Previne blocarea pompei \u00een timpul perioadelor lungi de inactivitate.<\/li><li><strong>Supape de aerisire automate \u0219i manuale:<\/strong> Pentru pomp\u0103 \u0219i respectiv vas de expansiune.<\/li><li><strong>Unitate de protec\u021bie la supra\u00eenc\u0103lzire pentru ap\u0103 cald\u0103 (71\u00b0C) \u0219i \u00eenc\u0103lzire (95\u00b0C):<\/strong> Dispozitive de siguran\u021b\u0103 la supra\u00eenc\u0103lzire pentru diferite scopuri.<\/li><li><strong>Dispozitiv de protec\u021bie la joas\u0103 tensiune (170V AC):<\/strong> Protejeaz\u0103 \u00eempotriva joas\u0103 tensiune din linie.<\/li><li><strong>Protec\u021bie la supra\u00eenc\u0103lzire pentru gazele de ardere (95\u00b0C).<\/strong><\/li><li><strong>Sistem de bypass \u00eencorporat \u00een sistemul de \u00eenc\u0103lzire 13:<\/strong> \u00cembun\u0103t\u0103\u021be\u0219te siguran\u021ba \u0219i eficien\u021ba \u00eenc\u0103lzirii.<\/li><li><strong>Senzor de debit cu efect Hall:<\/strong> Monitorizeaz\u0103 debitul apei.<\/li><li><strong>Protec\u021bie \u00eempotriva p\u0103trunderii apei \u00een admisia de aer a co\u0219ului de fum:<\/strong> Previne situa\u021biile nedorite.<\/li><li><strong>Sistem de reamintire anual\u0103 a reviziei:<\/strong> Ajut\u0103 la men\u021binerea centralei termice \u00een stare bun\u0103 de func\u021bionare.<\/li><li><strong>Protec\u021bie \u00eempotriva \u00eenghe\u021bului:<\/strong> Previne \u00eenghe\u021barea apei din sistem.<\/li><\/ol><p>Panoul de control al centralei include diverse butoane pentru reglarea parametrilor, inclusiv selectarea modului iarn\u0103\/var\u0103, resetarea erorilor \u0219i cre\u0219terea\/reducerea temperaturii apei calde \u0219i a \u00eenc\u0103lzirii. Aceste func\u021bii ofer\u0103 confort \u0219i control la utilizarea centralei. <\/p><\/div><\/div><\/div><div class=\"mt-1 flex justify-start gap-3 empty:hidden\"><div class=\"text-gray-400 flex self-end lg:self-center items-center justify-center lg:justify-start mt-0 -ml-1 h-7 gap-[2px] visible\"> <\/div><\/div><div class=\"pr-2 lg:pr-0\"> <\/div><\/div><div class=\"absolute\"><div class=\"flex w-full gap-2 items-center justify-center\"> <\/div><\/div><\/div><\/div><\/div><\/div><\/div><\/div><\/div><\/div><\/div><div class=\"w-full pt-2 md:pt-0 dark:border-white\/20 md:border-transparent md:dark:border-transparent md:w-[calc(100%-.5rem)]\"><div class=\"relative flex h-full flex-1 flex-col\"><div class=\"absolute bottom-full left-0 right-0\"> <\/div><div class=\"flex w-full items-center\"> <\/div><\/div><\/div>\t\t\t\t\t\t\t\t<\/div>\n\t\t\t\t<\/div>\n\t\t\t\t<div class=\"elementor-element elementor-element-b46e618 elementor-widget elementor-widget-image\" data-id=\"b46e618\" data-element_type=\"widget\" data-e-type=\"widget\" data-widget_type=\"image.default\">\n\t\t\t\t<div class=\"elementor-widget-container\">\n\t\t\t\t\t\t\t\t\t\t\t\t\t\t\t<img decoding=\"async\" width=\"1000\" height=\"1000\" src=\"https:\/\/tehnoformat.md\/wp-content\/uploads\/2024\/04\/134-2-1.jpg\" class=\"attachment-large size-large wp-image-20499\" alt=\"\" srcset=\"https:\/\/tehnoformat.md\/wp-content\/uploads\/2024\/04\/134-2-1.jpg 1000w, https:\/\/tehnoformat.md\/wp-content\/uploads\/2024\/04\/134-2-1-300x300.jpg 300w, https:\/\/tehnoformat.md\/wp-content\/uploads\/2024\/04\/134-2-1-250x250.jpg 250w, https:\/\/tehnoformat.md\/wp-content\/uploads\/2024\/04\/134-2-1-768x768.jpg 768w, https:\/\/tehnoformat.md\/wp-content\/uploads\/2024\/04\/134-2-1-180x180.jpg 180w, https:\/\/tehnoformat.md\/wp-content\/uploads\/2024\/04\/134-2-1-400x400.jpg 400w, https:\/\/tehnoformat.md\/wp-content\/uploads\/2024\/04\/134-2-1-46x46.jpg 46w, https:\/\/tehnoformat.md\/wp-content\/uploads\/2024\/04\/134-2-1-100x100.jpg 100w, https:\/\/tehnoformat.md\/wp-content\/uploads\/2024\/04\/134-2-1-54x54.jpg 54w, https:\/\/tehnoformat.md\/wp-content\/uploads\/2024\/04\/134-2-1-310x310.jpg 310w, https:\/\/tehnoformat.md\/wp-content\/uploads\/2024\/04\/134-2-1-80x80.jpg 80w\" sizes=\"(max-width: 1000px) 100vw, 1000px\" \/>\t\t\t\t\t\t\t\t\t\t\t\t\t\t\t<\/div>\n\t\t\t\t<\/div>\n\t\t\t\t<\/div>\n\t\t\t\t<\/div>\n\t\t","protected":false},"excerpt":{"rendered":"<p>Centrala termic\u0103 pe gaz \u00een condensare E.C.A. Proteus Premix 35 kW are urm\u0103toarele caracteristici: Dou\u0103 schimb\u0103toare de c\u0103ldur\u0103 din o\u021bel inoxidabil. Eficien\u021b\u0103 &#8211; 107,5%. Debit maxim de produc\u021bie de ap\u0103 cald\u0103: 12 l\/minut la \u2206t = 35,8\u00b0C. Nivel ridicat de economisire a energiei datorit\u0103 utiliz\u0103rii tehnologiei de condensare. Moduri de func\u021bionare: ECO (economic) \u0219i COMFORT [&hellip;]<\/p>\n","protected":false},"featured_media":25852,"comment_status":"closed","ping_status":"open","template":"","meta":[],"product_brand":[],"product_cat":[794,796],"product_tag":[924,1032,985],"class_list":{"0":"post-25528","1":"product","2":"type-product","3":"status-publish","4":"has-post-thumbnail","6":"product_cat-cazane","7":"product_cat-pe-gaz","8":"product_tag-cazan-pe-gaz-ro","9":"product_tag-centrala-pe-gaz-ro","10":"product_tag-murale-ro","11":"ts_product_brand-e-c-a-ro","13":"first","14":"instock","15":"shipping-taxable","16":"purchasable","17":"product-type-simple","18":"add-to-wishlist-after_add_to_cart"},"yoast_head":"<!-- This site is optimized with the Yoast SEO plugin v27.3 - https:\/\/yoast.com\/product\/yoast-seo-wordpress\/ -->\n<title>Cazan E.C.A. Proteus Premix 35 kw - Tehnoformat<\/title>\n<meta name=\"robots\" content=\"index, follow, max-snippet:-1, max-image-preview:large, max-video-preview:-1\" \/>\n<link rel=\"canonical\" href=\"https:\/\/tehnoformat.md\/ro\/produs\/cazan-e-c-a-proteus-premix-35-kw\/\" \/>\n<meta property=\"og:locale\" content=\"ro_RO\" \/>\n<meta property=\"og:type\" content=\"article\" \/>\n<meta property=\"og:title\" content=\"Cazan E.C.A. Proteus Premix 35 kw - Tehnoformat\" \/>\n<meta property=\"og:description\" content=\"Centrala termic\u0103 pe gaz \u00een condensare E.C.A. Proteus Premix 35 kW are urm\u0103toarele caracteristici: Dou\u0103 schimb\u0103toare de c\u0103ldur\u0103 din o\u021bel inoxidabil. Eficien\u021b\u0103 &#8211; 107,5%. Debit maxim de produc\u021bie de ap\u0103 cald\u0103: 12 l\/minut la \u2206t = 35,8\u00b0C. Nivel ridicat de economisire a energiei datorit\u0103 utiliz\u0103rii tehnologiei de condensare. Moduri de func\u021bionare: ECO (economic) \u0219i COMFORT [&hellip;]\" \/>\n<meta property=\"og:url\" content=\"https:\/\/tehnoformat.md\/ro\/produs\/cazan-e-c-a-proteus-premix-35-kw\/\" \/>\n<meta property=\"og:site_name\" content=\"Tehnoformat\" \/>\n<meta property=\"article:publisher\" content=\"https:\/\/www.facebook.com\/formatterm\" \/>\n<meta property=\"article:modified_time\" content=\"2025-11-11T15:28:42+00:00\" \/>\n<meta property=\"og:image\" content=\"https:\/\/tehnoformat.md\/wp-content\/uploads\/2024\/04\/eca_proteus_premix_24_kw.jpg\" \/>\n\t<meta property=\"og:image:width\" content=\"600\" \/>\n\t<meta property=\"og:image:height\" content=\"400\" \/>\n\t<meta property=\"og:image:type\" content=\"image\/jpeg\" \/>\n<meta name=\"twitter:card\" content=\"summary_large_image\" \/>\n<meta name=\"twitter:label1\" content=\"Timp estimat pentru citire\" \/>\n\t<meta name=\"twitter:data1\" content=\"3 minute\" \/>\n<script type=\"application\/ld+json\" class=\"yoast-schema-graph\">{\"@context\":\"https:\\\/\\\/schema.org\",\"@graph\":[{\"@type\":\"WebPage\",\"@id\":\"https:\\\/\\\/tehnoformat.md\\\/ro\\\/produs\\\/cazan-e-c-a-proteus-premix-35-kw\\\/\",\"url\":\"https:\\\/\\\/tehnoformat.md\\\/ro\\\/produs\\\/cazan-e-c-a-proteus-premix-35-kw\\\/\",\"name\":\"Cazan E.C.A. Proteus Premix 35 kw - Tehnoformat\",\"isPartOf\":{\"@id\":\"https:\\\/\\\/tehnoformat.md\\\/ro\\\/#website\"},\"primaryImageOfPage\":{\"@id\":\"https:\\\/\\\/tehnoformat.md\\\/ro\\\/produs\\\/cazan-e-c-a-proteus-premix-35-kw\\\/#primaryimage\"},\"image\":{\"@id\":\"https:\\\/\\\/tehnoformat.md\\\/ro\\\/produs\\\/cazan-e-c-a-proteus-premix-35-kw\\\/#primaryimage\"},\"thumbnailUrl\":\"https:\\\/\\\/tehnoformat.md\\\/wp-content\\\/uploads\\\/2024\\\/04\\\/eca-proteus.jpg\",\"datePublished\":\"2024-04-08T09:08:43+00:00\",\"dateModified\":\"2025-11-11T15:28:42+00:00\",\"breadcrumb\":{\"@id\":\"https:\\\/\\\/tehnoformat.md\\\/ro\\\/produs\\\/cazan-e-c-a-proteus-premix-35-kw\\\/#breadcrumb\"},\"inLanguage\":\"ro-RO\",\"potentialAction\":[{\"@type\":\"ReadAction\",\"target\":[\"https:\\\/\\\/tehnoformat.md\\\/ro\\\/produs\\\/cazan-e-c-a-proteus-premix-35-kw\\\/\"]}]},{\"@type\":\"ImageObject\",\"inLanguage\":\"ro-RO\",\"@id\":\"https:\\\/\\\/tehnoformat.md\\\/ro\\\/produs\\\/cazan-e-c-a-proteus-premix-35-kw\\\/#primaryimage\",\"url\":\"https:\\\/\\\/tehnoformat.md\\\/wp-content\\\/uploads\\\/2024\\\/04\\\/eca-proteus.jpg\",\"contentUrl\":\"https:\\\/\\\/tehnoformat.md\\\/wp-content\\\/uploads\\\/2024\\\/04\\\/eca-proteus.jpg\",\"width\":1000,\"height\":1000},{\"@type\":\"BreadcrumbList\",\"@id\":\"https:\\\/\\\/tehnoformat.md\\\/ro\\\/produs\\\/cazan-e-c-a-proteus-premix-35-kw\\\/#breadcrumb\",\"itemListElement\":[{\"@type\":\"ListItem\",\"position\":1,\"name\":\"Pagina principal\u0103\",\"item\":\"https:\\\/\\\/tehnoformat.md\\\/ro\\\/principala\\\/\"},{\"@type\":\"ListItem\",\"position\":2,\"name\":\"Magazin\",\"item\":\"https:\\\/\\\/tehnoformat.md\\\/ro\\\/shop\\\/\"},{\"@type\":\"ListItem\",\"position\":3,\"name\":\"Cazan E.C.A. Proteus Premix 35 kw\"}]},{\"@type\":\"WebSite\",\"@id\":\"https:\\\/\\\/tehnoformat.md\\\/ro\\\/#website\",\"url\":\"https:\\\/\\\/tehnoformat.md\\\/ro\\\/\",\"name\":\"Tehnoformat.md\",\"description\":\"\",\"publisher\":{\"@id\":\"https:\\\/\\\/tehnoformat.md\\\/ro\\\/#organization\"},\"potentialAction\":[{\"@type\":\"SearchAction\",\"target\":{\"@type\":\"EntryPoint\",\"urlTemplate\":\"https:\\\/\\\/tehnoformat.md\\\/ro\\\/?s={search_term_string}\"},\"query-input\":{\"@type\":\"PropertyValueSpecification\",\"valueRequired\":true,\"valueName\":\"search_term_string\"}}],\"inLanguage\":\"ro-RO\"},{\"@type\":\"Organization\",\"@id\":\"https:\\\/\\\/tehnoformat.md\\\/ro\\\/#organization\",\"name\":\"Tehnoformat\",\"url\":\"https:\\\/\\\/tehnoformat.md\\\/ro\\\/\",\"logo\":{\"@type\":\"ImageObject\",\"inLanguage\":\"ro-RO\",\"@id\":\"https:\\\/\\\/tehnoformat.md\\\/ro\\\/#\\\/schema\\\/logo\\\/image\\\/\",\"url\":\"https:\\\/\\\/tehnoformat.md\\\/wp-content\\\/uploads\\\/2024\\\/10\\\/icon1.png\",\"contentUrl\":\"https:\\\/\\\/tehnoformat.md\\\/wp-content\\\/uploads\\\/2024\\\/10\\\/icon1.png\",\"width\":512,\"height\":512,\"caption\":\"Tehnoformat\"},\"image\":{\"@id\":\"https:\\\/\\\/tehnoformat.md\\\/ro\\\/#\\\/schema\\\/logo\\\/image\\\/\"},\"sameAs\":[\"https:\\\/\\\/www.facebook.com\\\/formatterm\",\"https:\\\/\\\/www.instagram.com\\\/tehnoformat.md\\\/\"]}]}<\/script>\n<!-- \/ Yoast SEO plugin. -->","yoast_head_json":{"title":"Cazan E.C.A. Proteus Premix 35 kw - Tehnoformat","robots":{"index":"index","follow":"follow","max-snippet":"max-snippet:-1","max-image-preview":"max-image-preview:large","max-video-preview":"max-video-preview:-1"},"canonical":"https:\/\/tehnoformat.md\/ro\/produs\/cazan-e-c-a-proteus-premix-35-kw\/","og_locale":"ro_RO","og_type":"article","og_title":"Cazan E.C.A. Proteus Premix 35 kw - Tehnoformat","og_description":"Centrala termic\u0103 pe gaz \u00een condensare E.C.A. Proteus Premix 35 kW are urm\u0103toarele caracteristici: Dou\u0103 schimb\u0103toare de c\u0103ldur\u0103 din o\u021bel inoxidabil. Eficien\u021b\u0103 &#8211; 107,5%. Debit maxim de produc\u021bie de ap\u0103 cald\u0103: 12 l\/minut la \u2206t = 35,8\u00b0C. Nivel ridicat de economisire a energiei datorit\u0103 utiliz\u0103rii tehnologiei de condensare. Moduri de func\u021bionare: ECO (economic) \u0219i COMFORT [&hellip;]","og_url":"https:\/\/tehnoformat.md\/ro\/produs\/cazan-e-c-a-proteus-premix-35-kw\/","og_site_name":"Tehnoformat","article_publisher":"https:\/\/www.facebook.com\/formatterm","article_modified_time":"2025-11-11T15:28:42+00:00","og_image":[{"width":600,"height":400,"url":"https:\/\/tehnoformat.md\/wp-content\/uploads\/2024\/04\/eca_proteus_premix_24_kw.jpg","type":"image\/jpeg"}],"twitter_card":"summary_large_image","twitter_misc":{"Timp estimat pentru citire":"3 minute"},"schema":{"@context":"https:\/\/schema.org","@graph":[{"@type":"WebPage","@id":"https:\/\/tehnoformat.md\/ro\/produs\/cazan-e-c-a-proteus-premix-35-kw\/","url":"https:\/\/tehnoformat.md\/ro\/produs\/cazan-e-c-a-proteus-premix-35-kw\/","name":"Cazan E.C.A. Proteus Premix 35 kw - Tehnoformat","isPartOf":{"@id":"https:\/\/tehnoformat.md\/ro\/#website"},"primaryImageOfPage":{"@id":"https:\/\/tehnoformat.md\/ro\/produs\/cazan-e-c-a-proteus-premix-35-kw\/#primaryimage"},"image":{"@id":"https:\/\/tehnoformat.md\/ro\/produs\/cazan-e-c-a-proteus-premix-35-kw\/#primaryimage"},"thumbnailUrl":"https:\/\/tehnoformat.md\/wp-content\/uploads\/2024\/04\/eca-proteus.jpg","datePublished":"2024-04-08T09:08:43+00:00","dateModified":"2025-11-11T15:28:42+00:00","breadcrumb":{"@id":"https:\/\/tehnoformat.md\/ro\/produs\/cazan-e-c-a-proteus-premix-35-kw\/#breadcrumb"},"inLanguage":"ro-RO","potentialAction":[{"@type":"ReadAction","target":["https:\/\/tehnoformat.md\/ro\/produs\/cazan-e-c-a-proteus-premix-35-kw\/"]}]},{"@type":"ImageObject","inLanguage":"ro-RO","@id":"https:\/\/tehnoformat.md\/ro\/produs\/cazan-e-c-a-proteus-premix-35-kw\/#primaryimage","url":"https:\/\/tehnoformat.md\/wp-content\/uploads\/2024\/04\/eca-proteus.jpg","contentUrl":"https:\/\/tehnoformat.md\/wp-content\/uploads\/2024\/04\/eca-proteus.jpg","width":1000,"height":1000},{"@type":"BreadcrumbList","@id":"https:\/\/tehnoformat.md\/ro\/produs\/cazan-e-c-a-proteus-premix-35-kw\/#breadcrumb","itemListElement":[{"@type":"ListItem","position":1,"name":"Pagina principal\u0103","item":"https:\/\/tehnoformat.md\/ro\/principala\/"},{"@type":"ListItem","position":2,"name":"Magazin","item":"https:\/\/tehnoformat.md\/ro\/shop\/"},{"@type":"ListItem","position":3,"name":"Cazan E.C.A. Proteus Premix 35 kw"}]},{"@type":"WebSite","@id":"https:\/\/tehnoformat.md\/ro\/#website","url":"https:\/\/tehnoformat.md\/ro\/","name":"Tehnoformat.md","description":"","publisher":{"@id":"https:\/\/tehnoformat.md\/ro\/#organization"},"potentialAction":[{"@type":"SearchAction","target":{"@type":"EntryPoint","urlTemplate":"https:\/\/tehnoformat.md\/ro\/?s={search_term_string}"},"query-input":{"@type":"PropertyValueSpecification","valueRequired":true,"valueName":"search_term_string"}}],"inLanguage":"ro-RO"},{"@type":"Organization","@id":"https:\/\/tehnoformat.md\/ro\/#organization","name":"Tehnoformat","url":"https:\/\/tehnoformat.md\/ro\/","logo":{"@type":"ImageObject","inLanguage":"ro-RO","@id":"https:\/\/tehnoformat.md\/ro\/#\/schema\/logo\/image\/","url":"https:\/\/tehnoformat.md\/wp-content\/uploads\/2024\/10\/icon1.png","contentUrl":"https:\/\/tehnoformat.md\/wp-content\/uploads\/2024\/10\/icon1.png","width":512,"height":512,"caption":"Tehnoformat"},"image":{"@id":"https:\/\/tehnoformat.md\/ro\/#\/schema\/logo\/image\/"},"sameAs":["https:\/\/www.facebook.com\/formatterm","https:\/\/www.instagram.com\/tehnoformat.md\/"]}]}},"_links":{"self":[{"href":"https:\/\/tehnoformat.md\/ro\/wp-json\/wp\/v2\/product\/25528","targetHints":{"allow":["GET"]}}],"collection":[{"href":"https:\/\/tehnoformat.md\/ro\/wp-json\/wp\/v2\/product"}],"about":[{"href":"https:\/\/tehnoformat.md\/ro\/wp-json\/wp\/v2\/types\/product"}],"replies":[{"embeddable":true,"href":"https:\/\/tehnoformat.md\/ro\/wp-json\/wp\/v2\/comments?post=25528"}],"version-history":[{"count":3,"href":"https:\/\/tehnoformat.md\/ro\/wp-json\/wp\/v2\/product\/25528\/revisions"}],"predecessor-version":[{"id":25535,"href":"https:\/\/tehnoformat.md\/ro\/wp-json\/wp\/v2\/product\/25528\/revisions\/25535"}],"wp:featuredmedia":[{"embeddable":true,"href":"https:\/\/tehnoformat.md\/ro\/wp-json\/wp\/v2\/media\/25852"}],"wp:attachment":[{"href":"https:\/\/tehnoformat.md\/ro\/wp-json\/wp\/v2\/media?parent=25528"}],"wp:term":[{"taxonomy":"product_brand","embeddable":true,"href":"https:\/\/tehnoformat.md\/ro\/wp-json\/wp\/v2\/product_brand?post=25528"},{"taxonomy":"product_cat","embeddable":true,"href":"https:\/\/tehnoformat.md\/ro\/wp-json\/wp\/v2\/product_cat?post=25528"},{"taxonomy":"product_tag","embeddable":true,"href":"https:\/\/tehnoformat.md\/ro\/wp-json\/wp\/v2\/product_tag?post=25528"}],"curies":[{"name":"wp","href":"https:\/\/api.w.org\/{rel}","templated":true}]}}