{"id":25357,"date":"2024-10-10T12:31:40","date_gmt":"2024-10-10T09:31:40","guid":{"rendered":"https:\/\/tehnoformat.md\/product\/atlantic-opro-profi-vm-050\/"},"modified":"2025-09-12T12:21:22","modified_gmt":"2025-09-12T09:21:22","slug":"atlantic-opro-profi-vm-050","status":"publish","type":"product","link":"https:\/\/tehnoformat.md\/ro\/produs\/atlantic-opro-profi-vm-050\/","title":{"rendered":"Atlantic O`PRO Profi+ VM 050"},"content":{"rendered":"\t\t<div data-elementor-type=\"product-post\" data-elementor-id=\"25357\" class=\"elementor elementor-25357 elementor-17344\">\n\t\t\t\t<div class=\"elementor-element elementor-element-8765675 e-flex e-con-boxed e-con e-parent\" data-id=\"8765675\" data-element_type=\"container\" data-e-type=\"container\">\n\t\t\t\t\t<div class=\"e-con-inner\">\n\t\t\t\t<div class=\"elementor-element elementor-element-e49d6f0 elementor-align-center elementor-widget elementor-widget-button\" data-id=\"e49d6f0\" data-element_type=\"widget\" data-e-type=\"widget\" data-widget_type=\"button.default\">\n\t\t\t\t<div class=\"elementor-widget-container\">\n\t\t\t\t\t\t\t\t\t<div class=\"elementor-button-wrapper\">\n\t\t\t\t\t<a target=\"_blank\" rel=\"nofollow\" href=\"https:\/\/tehnoformat.md\/goto\/https:\/\/atlantic-market.com.ua\/index.php?route=product\/product\/download&#038;product_id=72&#038;download_id=49\" class=\"elementor-button elementor-button-link elementor-size-sm\" >\n\t\t\t\t\t\t<span class=\"elementor-button-content-wrapper\">\n\t\t\t\t\t\t\t\t\t<span class=\"elementor-button-text\">Instruc\u021biuni de utilizare<\/span>\n\t\t\t\t\t<\/span>\n\t\t\t\t\t<\/a>\n\t\t\t\t<\/div>\n\t\t\t\t\t\t\t\t<\/div>\n\t\t\t\t<\/div>\n\t\t\t\t\t<\/div>\n\t\t\t\t<\/div>\n\t\t<div class=\"elementor-element elementor-element-1142c80 e-flex e-con-boxed e-con e-parent\" data-id=\"1142c80\" data-element_type=\"container\" data-e-type=\"container\">\n\t\t\t\t\t<div class=\"e-con-inner\">\n\t\t\t\t<div class=\"elementor-element elementor-element-c056c32 elementor-widget elementor-widget-text-editor\" data-id=\"c056c32\" data-element_type=\"widget\" data-e-type=\"widget\" data-widget_type=\"text-editor.default\">\n\t\t\t\t<div class=\"elementor-widget-container\">\n\t\t\t\t\t\t\t\t\t<div class=\"flex-shrink-0 flex flex-col relative items-end\"><div><div class=\"pt-0\"><div class=\"gizmo-bot-avatar flex h-8 w-8 items-center justify-center overflow-hidden rounded-full\"><div class=\"relative p-1 rounded-sm flex items-center justify-center bg-token-main-surface-primary text-token-text-primary h-8 w-8\"> <\/div><\/div><\/div><\/div><\/div><div class=\"group\/conversation-turn relative flex w-full min-w-0 flex-col agent-turn\"><div class=\"flex-col gap-1 md:gap-3\"><div class=\"flex max-w-full flex-col flex-grow\"><div class=\"min-h-8 text-message flex w-full flex-col items-end gap-2 whitespace-normal break-words [.text-message+&amp;]:mt-5\" dir=\"auto\" data-message-author-role=\"assistant\" data-message-id=\"a10e7885-8509-40e3-8f81-fa8e23942870\"><div class=\"flex w-full flex-col gap-1 empty:hidden first:pt-[3px]\"><div class=\"markdown prose w-full break-words dark:prose-invert light\"><p><strong>\u00cenc\u0103lzitorul de ap\u0103 Atlantic O`PRO Profi+ VM 050 D400-1-M 2000W<\/strong> este unul dintre modelele populare de boilere electrice cu element de \u00eenc\u0103lzire \u201eumed\u201d de la compania <strong>Atlantic Groupe<\/strong>, datorit\u0103 caracteristicilor sale remarcabile \u0219i pre\u021bului accesibil.<\/p><h6>Avantaje:<\/h6><ul><li><strong>Respectarea standardelor europene de calitate<\/strong>: Fiabilitatea \u0219i durabilitatea ridicate ale dispozitivului sunt confirmate de certificatele de calitate.<\/li><li><strong>Pre\u021b accesibil<\/strong>: Dispozitivul este accesibil pentru pia\u021ba ucrainean\u0103.<\/li><li><strong>Design modern<\/strong>: Potrivit pentru orice interior.<\/li><li><strong>Anod de magneziu cu tehnologie O`Pro<\/strong>: Prelunge\u0219te durata de via\u021b\u0103 a centralei termice de aproape dou\u0103 ori, prevenind depunerile de calcar \u0219i coroziunea.<\/li><li><strong>Tehnologia O`Pro<\/strong>: O dezvoltare unic\u0103 realizat\u0103 de inginerii francezi care \u00eenmoaie apa dur\u0103 \u0219i prelunge\u0219te durata de via\u021b\u0103 a centralei termice prin protejarea \u00eempotriva coroziunii electrochimice.<\/li><\/ul><p>Datorit\u0103 acestor avantaje, \u00eenc\u0103lzitoarele de ap\u0103 <strong>Atlantic O`PRO Profi+<\/strong> reprezint\u0103 o alegere excelent\u0103 pentru asigurarea apei calde \u00een locuin\u021b\u0103, combin\u00e2nd fiabilitatea, pre\u021bul accesibil \u0219i tehnologia avansat\u0103.<\/p><\/div><\/div><\/div><\/div><\/div><\/div>\t\t\t\t\t\t\t\t<\/div>\n\t\t\t\t<\/div>\n\t\t\t\t\t<\/div>\n\t\t\t\t<\/div>\n\t\t<div class=\"elementor-element elementor-element-6dfca9d e-flex e-con-boxed e-con e-parent\" data-id=\"6dfca9d\" data-element_type=\"container\" data-e-type=\"container\">\n\t\t\t\t\t<div class=\"e-con-inner\">\n\t\t\t\t<div class=\"elementor-element elementor-element-2a4bba6 elementor-widget elementor-widget-image\" data-id=\"2a4bba6\" data-element_type=\"widget\" data-e-type=\"widget\" data-widget_type=\"image.default\">\n\t\t\t\t<div class=\"elementor-widget-container\">\n\t\t\t\t\t\t\t\t\t\t\t\t\t\t\t<img fetchpriority=\"high\" decoding=\"async\" width=\"1024\" height=\"611\" src=\"https:\/\/tehnoformat.md\/wp-content\/uploads\/2024\/10\/option1-4.jpg\" class=\"attachment-large size-large wp-image-22401\" alt=\"\" srcset=\"https:\/\/tehnoformat.md\/wp-content\/uploads\/2024\/10\/option1-4.jpg 1024w, https:\/\/tehnoformat.md\/wp-content\/uploads\/2024\/10\/option1-4-300x179.jpg 300w, https:\/\/tehnoformat.md\/wp-content\/uploads\/2024\/10\/option1-4-768x458.jpg 768w, https:\/\/tehnoformat.md\/wp-content\/uploads\/2024\/10\/option1-4-1000x597.jpg 1000w\" sizes=\"(max-width: 1024px) 100vw, 1024px\" \/>\t\t\t\t\t\t\t\t\t\t\t\t\t\t\t<\/div>\n\t\t\t\t<\/div>\n\t\t\t\t\t<\/div>\n\t\t\t\t<\/div>\n\t\t<div class=\"elementor-element elementor-element-70c745d e-flex e-con-boxed e-con e-parent\" data-id=\"70c745d\" data-element_type=\"container\" data-e-type=\"container\">\n\t\t\t\t\t<div class=\"e-con-inner\">\n\t\t\t\t<div class=\"elementor-element elementor-element-ff77063 elementor-widget elementor-widget-text-editor\" data-id=\"ff77063\" data-element_type=\"widget\" data-e-type=\"widget\" data-widget_type=\"text-editor.default\">\n\t\t\t\t<div class=\"elementor-widget-container\">\n\t\t\t\t\t\t\t\t\t<div><div><div><div><div> <\/div><\/div><\/div><\/div><\/div><div><div><div><div dir=\"auto\" data-message-author-role=\"assistant\" data-message-id=\"11f423ae-5fb5-47f5-8a36-37faf484ed52\"><div><div><p>Seria <strong>Atlantic<\/strong> <span style=\"border-color: var(--ts-border); font-weight: 800;\">O`PRO<\/span> <strong>Profi <\/strong>include \u00eenc\u0103lzitoare de ap\u0103 cu o capacitate de 50, 80 \u0219i 100 de litri, care satisfac diverse nevoi de ap\u0103 cald\u0103.<\/p><h6>Modele din serie:<\/h6><ol><li><strong>Atlantic <span style=\"border-color: var(--ts-border);\">O`PRO<\/span> Profi 50 litri<\/strong>:<\/li><\/ol><ul><li style=\"list-style-type: none;\"><ul><li>O alegere ideal\u0103 pentru una sau dou\u0103 persoane.<\/li><li>Potrivit pentru utilizare confortabil\u0103 la du\u0219.<\/li><li>Dimensiuni compacte pentru spa\u021bii mici.<\/li><\/ul><\/li><\/ul><p><strong>2. Atlantic<\/strong> <span style=\"border-color: var(--ts-border); font-weight: 800;\">O`PRO<\/span> <strong>Profi 80 litri<\/strong>:<\/p><ul><li style=\"list-style-type: none;\"><ul><li>Conceput pentru o familie de trei persoane.<\/li><li>Potrivit pentru du\u0219 sau baie.<\/li><li>Cea mai bun\u0103 op\u021biune pentru familiile cu un singur copil.<\/li><\/ul><\/li><\/ul><p><strong>3. Atlantic<\/strong> <span style=\"border-color: var(--ts-border); font-weight: 800;\">O`PRO<\/span> <strong>Profi 100 litri<\/strong>:<\/p><ul><li style=\"list-style-type: none;\"><ul><li>Conceput pentru familii de trei p\u00e2n\u0103 la patru persoane.<\/li><li>Ofer\u0103 un volum suficient de ap\u0103 pentru du\u0219 sau baie.<\/li><\/ul><\/li><\/ul><h6>Avantaje comune ale tuturor modelelor:<\/h6><ul><li><strong>Tehnologia O`Pro<\/strong>: Prelunge\u0219te durata de via\u021b\u0103 a rezervorului prin protejarea \u00eempotriva coroziunii.<\/li><li><strong>Anod de magneziu<\/strong>: Previne eficient formarea depunerilor de calcar.<\/li><li><strong>Element de \u00eenc\u0103lzire umed<\/strong>: \u00cenc\u0103lzire rapid\u0103 a apei.<\/li><li><strong>Izola\u021bie termic\u0103 dens\u0103<\/strong>: Asigur\u0103 pierderi minime de c\u0103ldur\u0103.<\/li><\/ul><\/div><\/div><\/div><\/div><\/div><\/div>\t\t\t\t\t\t\t\t<\/div>\n\t\t\t\t<\/div>\n\t\t\t\t\t<\/div>\n\t\t\t\t<\/div>\n\t\t<div class=\"elementor-element elementor-element-47c6d1c e-flex e-con-boxed e-con e-parent\" data-id=\"47c6d1c\" data-element_type=\"container\" data-e-type=\"container\">\n\t\t\t\t\t<div class=\"e-con-inner\">\n\t\t\t\t<div class=\"elementor-element elementor-element-438a175 elementor-widget elementor-widget-image\" data-id=\"438a175\" data-element_type=\"widget\" data-e-type=\"widget\" data-widget_type=\"image.default\">\n\t\t\t\t<div class=\"elementor-widget-container\">\n\t\t\t\t\t\t\t\t\t\t\t\t\t\t\t<img decoding=\"async\" width=\"1024\" height=\"576\" src=\"https:\/\/tehnoformat.md\/wp-content\/uploads\/2024\/10\/option2-6.jpg\" class=\"attachment-large size-large wp-image-22402\" alt=\"\" srcset=\"https:\/\/tehnoformat.md\/wp-content\/uploads\/2024\/10\/option2-6.jpg 1024w, https:\/\/tehnoformat.md\/wp-content\/uploads\/2024\/10\/option2-6-300x169.jpg 300w, https:\/\/tehnoformat.md\/wp-content\/uploads\/2024\/10\/option2-6-768x432.jpg 768w, https:\/\/tehnoformat.md\/wp-content\/uploads\/2024\/10\/option2-6-1000x563.jpg 1000w\" sizes=\"(max-width: 1024px) 100vw, 1024px\" \/>\t\t\t\t\t\t\t\t\t\t\t\t\t\t\t<\/div>\n\t\t\t\t<\/div>\n\t\t\t\t\t<\/div>\n\t\t\t\t<\/div>\n\t\t<div class=\"elementor-element elementor-element-09bb990 e-flex e-con-boxed e-con e-parent\" data-id=\"09bb990\" data-element_type=\"container\" data-e-type=\"container\">\n\t\t\t\t\t<div class=\"e-con-inner\">\n\t\t\t\t<div class=\"elementor-element elementor-element-6486e27 elementor-widget elementor-widget-text-editor\" data-id=\"6486e27\" data-element_type=\"widget\" data-e-type=\"widget\" data-widget_type=\"text-editor.default\">\n\t\t\t\t<div class=\"elementor-widget-container\">\n\t\t\t\t\t\t\t\t\t<div><div><div><div><div> <\/div><\/div><\/div><\/div><\/div><div><div><div><div dir=\"auto\" data-message-author-role=\"assistant\" data-message-id=\"54df808d-6c04-470d-a001-0ff27e701ca7\"><div><div><p><strong>Condi\u021bii de garan\u021bie pentru \u00eenc\u0103lzitoarele de ap\u0103 Atlantic<\/strong> <span style=\"font-weight: 800;\">O`PRO<\/span> <strong>Profi<\/strong>:<\/p><ul><li><strong>5 ani garan\u021bie<\/strong> pentru rezervorul \u00eenc\u0103lzitorului de ap\u0103.<\/li><li><strong>2 ani garan\u021bie<\/strong> pentru partea electric\u0103 a dispozitivului.<\/li><\/ul><h6>Condi\u021bii pentru men\u021binerea garan\u021biei:<\/h6><ol><li><strong>Instalare corect\u0103<\/strong>: Boilerul trebuie instalat de c\u0103tre profesioni\u0219ti certifica\u021bi \u0219i licen\u021bia\u021bi de <strong>Atlantic Groupe<\/strong>. Nerespectarea regulilor de instalare poate duce la pierderea garan\u021biei. <\/li><li><strong>Instalarea unei supape de scurgere \u0219i a unei supape de reducere a presiunii<\/strong>: Aceste elemente sunt esen\u021biale pentru men\u021binerea garan\u021biei, deoarece previn supra\u00eenc\u0103rcarea sistemului \u0219i suprapresiunea care pot deteriora \u00eenc\u0103lzitorul de ap\u0103.<\/li><\/ol><p>Se recomand\u0103 contactarea unor speciali\u0219ti cu calific\u0103rile \u0219i experien\u021ba corespunz\u0103toare pentru a evita problemele legate de service-ul \u00een garan\u021bie \u0219i a prelungi durata de via\u021b\u0103 a centralei termice.<\/p><\/div><\/div><\/div><\/div><\/div><\/div>\t\t\t\t\t\t\t\t<\/div>\n\t\t\t\t<\/div>\n\t\t\t\t\t<\/div>\n\t\t\t\t<\/div>\n\t\t<div class=\"elementor-element elementor-element-2faaa37 e-flex e-con-boxed e-con e-parent\" data-id=\"2faaa37\" data-element_type=\"container\" data-e-type=\"container\">\n\t\t\t\t\t<div class=\"e-con-inner\">\n\t\t\t\t<div class=\"elementor-element elementor-element-367b287 elementor-widget elementor-widget-image\" data-id=\"367b287\" data-element_type=\"widget\" data-e-type=\"widget\" data-widget_type=\"image.default\">\n\t\t\t\t<div class=\"elementor-widget-container\">\n\t\t\t\t\t\t\t\t\t\t\t\t\t\t\t<img decoding=\"async\" width=\"1024\" height=\"1024\" src=\"https:\/\/tehnoformat.md\/wp-content\/uploads\/2024\/10\/option-7.jpg\" class=\"attachment-large size-large wp-image-22400\" alt=\"\" srcset=\"https:\/\/tehnoformat.md\/wp-content\/uploads\/2024\/10\/option-7.jpg 1024w, https:\/\/tehnoformat.md\/wp-content\/uploads\/2024\/10\/option-7-300x300.jpg 300w, https:\/\/tehnoformat.md\/wp-content\/uploads\/2024\/10\/option-7-250x250.jpg 250w, https:\/\/tehnoformat.md\/wp-content\/uploads\/2024\/10\/option-7-768x768.jpg 768w, https:\/\/tehnoformat.md\/wp-content\/uploads\/2024\/10\/option-7-180x180.jpg 180w, https:\/\/tehnoformat.md\/wp-content\/uploads\/2024\/10\/option-7-400x400.jpg 400w, https:\/\/tehnoformat.md\/wp-content\/uploads\/2024\/10\/option-7-1000x1000.jpg 1000w, https:\/\/tehnoformat.md\/wp-content\/uploads\/2024\/10\/option-7-100x100.jpg 100w, https:\/\/tehnoformat.md\/wp-content\/uploads\/2024\/10\/option-7-54x54.jpg 54w, https:\/\/tehnoformat.md\/wp-content\/uploads\/2024\/10\/option-7-310x310.jpg 310w, https:\/\/tehnoformat.md\/wp-content\/uploads\/2024\/10\/option-7-80x80.jpg 80w\" sizes=\"(max-width: 1024px) 100vw, 1024px\" \/>\t\t\t\t\t\t\t\t\t\t\t\t\t\t\t<\/div>\n\t\t\t\t<\/div>\n\t\t\t\t\t<\/div>\n\t\t\t\t<\/div>\n\t\t\t\t<\/div>\n\t\t","protected":false},"excerpt":{"rendered":"<p>Instruc\u021biuni de utilizare \u00cenc\u0103lzitorul de ap\u0103 Atlantic O`PRO Profi+ VM 050 D400-1-M 2000W este unul dintre modelele populare de boilere electrice cu element de \u00eenc\u0103lzire \u201eumed\u201d de la compania Atlantic Groupe, datorit\u0103 caracteristicilor sale remarcabile \u0219i pre\u021bului accesibil. Avantaje: Respectarea standardelor europene de calitate: Fiabilitatea \u0219i durabilitatea ridicate ale dispozitivului sunt confirmate de certificatele de [&hellip;]<\/p>\n","protected":false},"featured_media":22396,"comment_status":"closed","ping_status":"closed","template":"","meta":[],"product_brand":[],"product_cat":[784,795],"product_tag":[896,906,907,1025],"class_list":{"0":"post-25357","1":"product","2":"type-product","3":"status-publish","4":"has-post-thumbnail","6":"product_cat-boilere","7":"product_cat-incalzitoare-de-apa","8":"product_tag-atlantic-ro","9":"product_tag-boilere-ro","10":"product_tag-boilere-electrice-ro","11":"product_tag-welcome-ro","12":"ts_product_brand-atlantic-ro","14":"first","15":"instock","16":"sale","17":"shipping-taxable","18":"purchasable","19":"product-type-simple","20":"add-to-wishlist-after_add_to_cart"},"yoast_head":"<!-- This site is optimized with the Yoast SEO plugin v27.3 - https:\/\/yoast.com\/product\/yoast-seo-wordpress\/ -->\n<title>Atlantic O`PRO Profi+ VM 050 - Tehnoformat<\/title>\n<meta name=\"robots\" content=\"index, follow, max-snippet:-1, max-image-preview:large, max-video-preview:-1\" \/>\n<link rel=\"canonical\" href=\"https:\/\/tehnoformat.md\/ro\/produs\/atlantic-opro-profi-vm-050\/\" \/>\n<meta property=\"og:locale\" content=\"ro_RO\" \/>\n<meta property=\"og:type\" content=\"article\" \/>\n<meta property=\"og:title\" content=\"Atlantic O`PRO Profi+ VM 050 - Tehnoformat\" \/>\n<meta property=\"og:description\" content=\"Instruc\u021biuni de utilizare \u00cenc\u0103lzitorul de ap\u0103 Atlantic O`PRO Profi+ VM 050 D400-1-M 2000W este unul dintre modelele populare de boilere electrice cu element de \u00eenc\u0103lzire \u201eumed\u201d de la compania Atlantic Groupe, datorit\u0103 caracteristicilor sale remarcabile \u0219i pre\u021bului accesibil. Avantaje: Respectarea standardelor europene de calitate: Fiabilitatea \u0219i durabilitatea ridicate ale dispozitivului sunt confirmate de certificatele de [&hellip;]\" \/>\n<meta property=\"og:url\" content=\"https:\/\/tehnoformat.md\/ro\/produs\/atlantic-opro-profi-vm-050\/\" \/>\n<meta property=\"og:site_name\" content=\"Tehnoformat\" \/>\n<meta property=\"article:publisher\" content=\"https:\/\/www.facebook.com\/formatterm\" \/>\n<meta property=\"article:modified_time\" content=\"2025-09-12T09:21:22+00:00\" \/>\n<meta property=\"og:image\" content=\"https:\/\/tehnoformat.md\/wp-content\/uploads\/2024\/10\/o-pro-p.jpg\" \/>\n\t<meta property=\"og:image:width\" content=\"1000\" \/>\n\t<meta property=\"og:image:height\" content=\"1000\" \/>\n\t<meta property=\"og:image:type\" content=\"image\/jpeg\" \/>\n<meta name=\"twitter:card\" content=\"summary_large_image\" \/>\n<meta name=\"twitter:label1\" content=\"Timp estimat pentru citire\" \/>\n\t<meta name=\"twitter:data1\" content=\"3 minute\" \/>\n<script type=\"application\/ld+json\" class=\"yoast-schema-graph\">{\"@context\":\"https:\\\/\\\/schema.org\",\"@graph\":[{\"@type\":\"WebPage\",\"@id\":\"https:\\\/\\\/tehnoformat.md\\\/ro\\\/produs\\\/atlantic-opro-profi-vm-050\\\/\",\"url\":\"https:\\\/\\\/tehnoformat.md\\\/ro\\\/produs\\\/atlantic-opro-profi-vm-050\\\/\",\"name\":\"Atlantic O`PRO Profi+ VM 050 - Tehnoformat\",\"isPartOf\":{\"@id\":\"https:\\\/\\\/tehnoformat.md\\\/ro\\\/#website\"},\"primaryImageOfPage\":{\"@id\":\"https:\\\/\\\/tehnoformat.md\\\/ro\\\/produs\\\/atlantic-opro-profi-vm-050\\\/#primaryimage\"},\"image\":{\"@id\":\"https:\\\/\\\/tehnoformat.md\\\/ro\\\/produs\\\/atlantic-opro-profi-vm-050\\\/#primaryimage\"},\"thumbnailUrl\":\"https:\\\/\\\/tehnoformat.md\\\/wp-content\\\/uploads\\\/2024\\\/10\\\/o-pro-p.jpg\",\"datePublished\":\"2024-10-10T09:31:40+00:00\",\"dateModified\":\"2025-09-12T09:21:22+00:00\",\"breadcrumb\":{\"@id\":\"https:\\\/\\\/tehnoformat.md\\\/ro\\\/produs\\\/atlantic-opro-profi-vm-050\\\/#breadcrumb\"},\"inLanguage\":\"ro-RO\",\"potentialAction\":[{\"@type\":\"ReadAction\",\"target\":[\"https:\\\/\\\/tehnoformat.md\\\/ro\\\/produs\\\/atlantic-opro-profi-vm-050\\\/\"]}]},{\"@type\":\"ImageObject\",\"inLanguage\":\"ro-RO\",\"@id\":\"https:\\\/\\\/tehnoformat.md\\\/ro\\\/produs\\\/atlantic-opro-profi-vm-050\\\/#primaryimage\",\"url\":\"https:\\\/\\\/tehnoformat.md\\\/wp-content\\\/uploads\\\/2024\\\/10\\\/o-pro-p.jpg\",\"contentUrl\":\"https:\\\/\\\/tehnoformat.md\\\/wp-content\\\/uploads\\\/2024\\\/10\\\/o-pro-p.jpg\",\"width\":1000,\"height\":1000},{\"@type\":\"BreadcrumbList\",\"@id\":\"https:\\\/\\\/tehnoformat.md\\\/ro\\\/produs\\\/atlantic-opro-profi-vm-050\\\/#breadcrumb\",\"itemListElement\":[{\"@type\":\"ListItem\",\"position\":1,\"name\":\"Pagina principal\u0103\",\"item\":\"https:\\\/\\\/tehnoformat.md\\\/ro\\\/\"},{\"@type\":\"ListItem\",\"position\":2,\"name\":\"Magazin\",\"item\":\"https:\\\/\\\/tehnoformat.md\\\/ro\\\/shop\\\/\"},{\"@type\":\"ListItem\",\"position\":3,\"name\":\"Atlantic O`PRO Profi+ VM 050\"}]},{\"@type\":\"WebSite\",\"@id\":\"https:\\\/\\\/tehnoformat.md\\\/ro\\\/#website\",\"url\":\"https:\\\/\\\/tehnoformat.md\\\/ro\\\/\",\"name\":\"Tehnoformat.md\",\"description\":\"\",\"publisher\":{\"@id\":\"https:\\\/\\\/tehnoformat.md\\\/ro\\\/#organization\"},\"potentialAction\":[{\"@type\":\"SearchAction\",\"target\":{\"@type\":\"EntryPoint\",\"urlTemplate\":\"https:\\\/\\\/tehnoformat.md\\\/ro\\\/?s={search_term_string}\"},\"query-input\":{\"@type\":\"PropertyValueSpecification\",\"valueRequired\":true,\"valueName\":\"search_term_string\"}}],\"inLanguage\":\"ro-RO\"},{\"@type\":\"Organization\",\"@id\":\"https:\\\/\\\/tehnoformat.md\\\/ro\\\/#organization\",\"name\":\"Tehnoformat\",\"url\":\"https:\\\/\\\/tehnoformat.md\\\/ro\\\/\",\"logo\":{\"@type\":\"ImageObject\",\"inLanguage\":\"ro-RO\",\"@id\":\"https:\\\/\\\/tehnoformat.md\\\/ro\\\/#\\\/schema\\\/logo\\\/image\\\/\",\"url\":\"https:\\\/\\\/tehnoformat.md\\\/wp-content\\\/uploads\\\/2024\\\/10\\\/icon1.png\",\"contentUrl\":\"https:\\\/\\\/tehnoformat.md\\\/wp-content\\\/uploads\\\/2024\\\/10\\\/icon1.png\",\"width\":512,\"height\":512,\"caption\":\"Tehnoformat\"},\"image\":{\"@id\":\"https:\\\/\\\/tehnoformat.md\\\/ro\\\/#\\\/schema\\\/logo\\\/image\\\/\"},\"sameAs\":[\"https:\\\/\\\/www.facebook.com\\\/formatterm\",\"https:\\\/\\\/www.instagram.com\\\/tehnoformat.md\\\/\"]}]}<\/script>\n<!-- \/ Yoast SEO plugin. -->","yoast_head_json":{"title":"Atlantic O`PRO Profi+ VM 050 - Tehnoformat","robots":{"index":"index","follow":"follow","max-snippet":"max-snippet:-1","max-image-preview":"max-image-preview:large","max-video-preview":"max-video-preview:-1"},"canonical":"https:\/\/tehnoformat.md\/ro\/produs\/atlantic-opro-profi-vm-050\/","og_locale":"ro_RO","og_type":"article","og_title":"Atlantic O`PRO Profi+ VM 050 - Tehnoformat","og_description":"Instruc\u021biuni de utilizare \u00cenc\u0103lzitorul de ap\u0103 Atlantic O`PRO Profi+ VM 050 D400-1-M 2000W este unul dintre modelele populare de boilere electrice cu element de \u00eenc\u0103lzire \u201eumed\u201d de la compania Atlantic Groupe, datorit\u0103 caracteristicilor sale remarcabile \u0219i pre\u021bului accesibil. Avantaje: Respectarea standardelor europene de calitate: Fiabilitatea \u0219i durabilitatea ridicate ale dispozitivului sunt confirmate de certificatele de [&hellip;]","og_url":"https:\/\/tehnoformat.md\/ro\/produs\/atlantic-opro-profi-vm-050\/","og_site_name":"Tehnoformat","article_publisher":"https:\/\/www.facebook.com\/formatterm","article_modified_time":"2025-09-12T09:21:22+00:00","og_image":[{"width":1000,"height":1000,"url":"https:\/\/tehnoformat.md\/wp-content\/uploads\/2024\/10\/o-pro-p.jpg","type":"image\/jpeg"}],"twitter_card":"summary_large_image","twitter_misc":{"Timp estimat pentru citire":"3 minute"},"schema":{"@context":"https:\/\/schema.org","@graph":[{"@type":"WebPage","@id":"https:\/\/tehnoformat.md\/ro\/produs\/atlantic-opro-profi-vm-050\/","url":"https:\/\/tehnoformat.md\/ro\/produs\/atlantic-opro-profi-vm-050\/","name":"Atlantic O`PRO Profi+ VM 050 - Tehnoformat","isPartOf":{"@id":"https:\/\/tehnoformat.md\/ro\/#website"},"primaryImageOfPage":{"@id":"https:\/\/tehnoformat.md\/ro\/produs\/atlantic-opro-profi-vm-050\/#primaryimage"},"image":{"@id":"https:\/\/tehnoformat.md\/ro\/produs\/atlantic-opro-profi-vm-050\/#primaryimage"},"thumbnailUrl":"https:\/\/tehnoformat.md\/wp-content\/uploads\/2024\/10\/o-pro-p.jpg","datePublished":"2024-10-10T09:31:40+00:00","dateModified":"2025-09-12T09:21:22+00:00","breadcrumb":{"@id":"https:\/\/tehnoformat.md\/ro\/produs\/atlantic-opro-profi-vm-050\/#breadcrumb"},"inLanguage":"ro-RO","potentialAction":[{"@type":"ReadAction","target":["https:\/\/tehnoformat.md\/ro\/produs\/atlantic-opro-profi-vm-050\/"]}]},{"@type":"ImageObject","inLanguage":"ro-RO","@id":"https:\/\/tehnoformat.md\/ro\/produs\/atlantic-opro-profi-vm-050\/#primaryimage","url":"https:\/\/tehnoformat.md\/wp-content\/uploads\/2024\/10\/o-pro-p.jpg","contentUrl":"https:\/\/tehnoformat.md\/wp-content\/uploads\/2024\/10\/o-pro-p.jpg","width":1000,"height":1000},{"@type":"BreadcrumbList","@id":"https:\/\/tehnoformat.md\/ro\/produs\/atlantic-opro-profi-vm-050\/#breadcrumb","itemListElement":[{"@type":"ListItem","position":1,"name":"Pagina principal\u0103","item":"https:\/\/tehnoformat.md\/ro\/"},{"@type":"ListItem","position":2,"name":"Magazin","item":"https:\/\/tehnoformat.md\/ro\/shop\/"},{"@type":"ListItem","position":3,"name":"Atlantic O`PRO Profi+ VM 050"}]},{"@type":"WebSite","@id":"https:\/\/tehnoformat.md\/ro\/#website","url":"https:\/\/tehnoformat.md\/ro\/","name":"Tehnoformat.md","description":"","publisher":{"@id":"https:\/\/tehnoformat.md\/ro\/#organization"},"potentialAction":[{"@type":"SearchAction","target":{"@type":"EntryPoint","urlTemplate":"https:\/\/tehnoformat.md\/ro\/?s={search_term_string}"},"query-input":{"@type":"PropertyValueSpecification","valueRequired":true,"valueName":"search_term_string"}}],"inLanguage":"ro-RO"},{"@type":"Organization","@id":"https:\/\/tehnoformat.md\/ro\/#organization","name":"Tehnoformat","url":"https:\/\/tehnoformat.md\/ro\/","logo":{"@type":"ImageObject","inLanguage":"ro-RO","@id":"https:\/\/tehnoformat.md\/ro\/#\/schema\/logo\/image\/","url":"https:\/\/tehnoformat.md\/wp-content\/uploads\/2024\/10\/icon1.png","contentUrl":"https:\/\/tehnoformat.md\/wp-content\/uploads\/2024\/10\/icon1.png","width":512,"height":512,"caption":"Tehnoformat"},"image":{"@id":"https:\/\/tehnoformat.md\/ro\/#\/schema\/logo\/image\/"},"sameAs":["https:\/\/www.facebook.com\/formatterm","https:\/\/www.instagram.com\/tehnoformat.md\/"]}]}},"_links":{"self":[{"href":"https:\/\/tehnoformat.md\/ro\/wp-json\/wp\/v2\/product\/25357","targetHints":{"allow":["GET"]}}],"collection":[{"href":"https:\/\/tehnoformat.md\/ro\/wp-json\/wp\/v2\/product"}],"about":[{"href":"https:\/\/tehnoformat.md\/ro\/wp-json\/wp\/v2\/types\/product"}],"replies":[{"embeddable":true,"href":"https:\/\/tehnoformat.md\/ro\/wp-json\/wp\/v2\/comments?post=25357"}],"version-history":[{"count":4,"href":"https:\/\/tehnoformat.md\/ro\/wp-json\/wp\/v2\/product\/25357\/revisions"}],"predecessor-version":[{"id":25361,"href":"https:\/\/tehnoformat.md\/ro\/wp-json\/wp\/v2\/product\/25357\/revisions\/25361"}],"wp:featuredmedia":[{"embeddable":true,"href":"https:\/\/tehnoformat.md\/ro\/wp-json\/wp\/v2\/media\/22396"}],"wp:attachment":[{"href":"https:\/\/tehnoformat.md\/ro\/wp-json\/wp\/v2\/media?parent=25357"}],"wp:term":[{"taxonomy":"product_brand","embeddable":true,"href":"https:\/\/tehnoformat.md\/ro\/wp-json\/wp\/v2\/product_brand?post=25357"},{"taxonomy":"product_cat","embeddable":true,"href":"https:\/\/tehnoformat.md\/ro\/wp-json\/wp\/v2\/product_cat?post=25357"},{"taxonomy":"product_tag","embeddable":true,"href":"https:\/\/tehnoformat.md\/ro\/wp-json\/wp\/v2\/product_tag?post=25357"}],"curies":[{"name":"wp","href":"https:\/\/api.w.org\/{rel}","templated":true}]}}