{"id":25338,"date":"2024-10-10T14:58:09","date_gmt":"2024-10-10T11:58:09","guid":{"rendered":"https:\/\/tehnoformat.md\/product\/atlantic-steatite-elite-vm-050\/"},"modified":"2025-09-11T10:03:56","modified_gmt":"2025-09-11T07:03:56","slug":"atlantic-steatite-elite-vm-050","status":"publish","type":"product","link":"https:\/\/tehnoformat.md\/ro\/produs\/atlantic-steatite-elite-vm-050\/","title":{"rendered":"Atlantic Steatite Elite VM 050"},"content":{"rendered":"\t\t<div data-elementor-type=\"product-post\" data-elementor-id=\"25338\" class=\"elementor elementor-25338 elementor-17414\">\n\t\t\t\t<div class=\"elementor-element elementor-element-8765675 e-flex e-con-boxed e-con e-parent\" data-id=\"8765675\" data-element_type=\"container\" data-e-type=\"container\">\n\t\t\t\t\t<div class=\"e-con-inner\">\n\t\t\t\t<div class=\"elementor-element elementor-element-e49d6f0 elementor-align-center elementor-widget elementor-widget-button\" data-id=\"e49d6f0\" data-element_type=\"widget\" data-e-type=\"widget\" data-widget_type=\"button.default\">\n\t\t\t\t<div class=\"elementor-widget-container\">\n\t\t\t\t\t\t\t\t\t<div class=\"elementor-button-wrapper\">\n\t\t\t\t\t<a target=\"_blank\" rel=\"nofollow\" href=\"https:\/\/tehnoformat.md\/goto\/https:\/\/atlantic-market.com.ua\/index.php?route=product\/product\/download&#038;product_id=72&#038;download_id=49\" class=\"elementor-button elementor-button-link elementor-size-sm\" >\n\t\t\t\t\t\t<span class=\"elementor-button-content-wrapper\">\n\t\t\t\t\t\t\t\t\t<span class=\"elementor-button-text\">Instruc\u021biuni de utilizare<\/span>\n\t\t\t\t\t<\/span>\n\t\t\t\t\t<\/a>\n\t\t\t\t<\/div>\n\t\t\t\t\t\t\t\t<\/div>\n\t\t\t\t<\/div>\n\t\t\t\t\t<\/div>\n\t\t\t\t<\/div>\n\t\t<div class=\"elementor-element elementor-element-f1a710f e-flex e-con-boxed e-con e-parent\" data-id=\"f1a710f\" data-element_type=\"container\" data-e-type=\"container\">\n\t\t\t\t\t<div class=\"e-con-inner\">\n\t\t\t\t<div class=\"elementor-element elementor-element-0d89468 elementor-widget elementor-widget-text-editor\" data-id=\"0d89468\" data-element_type=\"widget\" data-e-type=\"widget\" data-widget_type=\"text-editor.default\">\n\t\t\t\t<div class=\"elementor-widget-container\">\n\t\t\t\t\t\t\t\t\t<p><strong>\u00cenc\u0103lzitorul de ap\u0103 Atlantic Steatite Elite VM 050 D400-2-BC<\/strong> este un dispozitiv fiabil, montat vertical, cu o putere de 1500 W, ceea ce \u00eel face potrivit pentru utilizarea \u00een case cu instala\u021bii electrice vechi. Aceast\u0103 serie de centrale termice combin\u0103 simplitatea \u0219i fiabilitatea clasic\u0103 cu un design modern. <\/p><h6>Tehnologii principale:<\/h6><ol><li><strong>Elementul de \u00eenc\u0103lzire uscat (Steatite)<\/strong> este o dezvoltare cheie a <strong>Atlantic Groupe<\/strong>. Caracteristici ale acestei tehnologii: <ul><li><strong>Elementul de \u00eenc\u0103lzire ceramic<\/strong> este plasat \u00eentr-o flan\u0219\u0103 de protec\u021bie din o\u021bel, care previne contactul cu apa, asigur\u00e2nd o durat\u0103 lung\u0103 de via\u021b\u0103.<\/li><li><strong>Rezisten\u021b\u0103 la calcar<\/strong>: elementul de \u00eenc\u0103lzire nu se depune cu sare, ceea ce este util \u00een special \u00een condi\u021bii de ap\u0103 dur\u0103 cu un con\u021binut ridicat de s\u0103ruri \u0219i fier.<\/li><li><strong>Mai pu\u021bini curen\u021bi galvanici<\/strong>: Apa nu intr\u0103 \u00een contact direct cu elementul de \u00eenc\u0103lzire, ceea ce reduce coroziunea intern\u0103 a rezervorului.<\/li><li><strong>Suprafa\u021ba m\u0103rit\u0103 a schimb\u0103torului de c\u0103ldur\u0103<\/strong> promoveaz\u0103 o \u00eenc\u0103lzire mai rapid\u0103 a apei.<\/li><li><strong>Economisirea energiei<\/strong>: \u00cenc\u0103lzirea rapid\u0103 \u0219i procesul lung de r\u0103cire v\u0103 permit s\u0103 economisi\u021bi p\u00e2n\u0103 la 20% din energie electric\u0103.<\/li><\/ul><\/li><\/ol><p>Aceste caracteristici fac din \u00eenc\u0103lzitorul de ap\u0103 <strong>Atlantic Steatite Elite<\/strong> o alegere excelent\u0103 pentru casele cu ap\u0103 dur\u0103 \u0219i pentru cele care caut\u0103 o func\u021bionare de lung\u0103 durat\u0103 \u0219i eficient\u0103 din punct de vedere al costurilor.<\/p>\t\t\t\t\t\t\t\t<\/div>\n\t\t\t\t<\/div>\n\t\t\t\t\t<\/div>\n\t\t\t\t<\/div>\n\t\t<div class=\"elementor-element elementor-element-8d2ec57 e-flex e-con-boxed e-con e-parent\" data-id=\"8d2ec57\" data-element_type=\"container\" data-e-type=\"container\">\n\t\t\t\t\t<div class=\"e-con-inner\">\n\t\t\t\t<div class=\"elementor-element elementor-element-269cfa6 elementor-widget elementor-widget-video\" data-id=\"269cfa6\" data-element_type=\"widget\" data-e-type=\"widget\" data-settings=\"{&quot;youtube_url&quot;:&quot;https:\\\/\\\/www.youtube.com\\\/watch?v=rsyfYFPiSN0&amp;ab_channel=BoilerCenter&quot;,&quot;video_type&quot;:&quot;youtube&quot;,&quot;controls&quot;:&quot;yes&quot;}\" data-widget_type=\"video.default\">\n\t\t\t\t<div class=\"elementor-widget-container\">\n\t\t\t\t\t\t\t<div class=\"elementor-wrapper elementor-open-inline\">\n\t\t\t<div class=\"elementor-video\"><\/div>\t\t<\/div>\n\t\t\t\t\t\t<\/div>\n\t\t\t\t<\/div>\n\t\t\t\t\t<\/div>\n\t\t\t\t<\/div>\n\t\t<div class=\"elementor-element elementor-element-223ff18 e-flex e-con-boxed e-con e-parent\" data-id=\"223ff18\" data-element_type=\"container\" data-e-type=\"container\">\n\t\t\t\t\t<div class=\"e-con-inner\">\n\t\t\t\t<div class=\"elementor-element elementor-element-690c409 elementor-widget elementor-widget-text-editor\" data-id=\"690c409\" data-element_type=\"widget\" data-e-type=\"widget\" data-widget_type=\"text-editor.default\">\n\t\t\t\t<div class=\"elementor-widget-container\">\n\t\t\t\t\t\t\t\t\t<p><strong>\u00cenc\u0103lzitorul de ap\u0103 Atlantic Steatite Elite VM 050 D400-2-BC<\/strong> este cunoscut \u0219i pentru durabilitatea \u0219i eficien\u021ba sa datorit\u0103 utiliz\u0103rii anodului de magneziu <strong>Atlantic O&#8217;Pro<\/strong>, care \u00eenmoaie apa dur\u0103, prevenind coroziunea \u0219i prelungind durata de via\u021b\u0103 a dispozitivului. Rezervorul interior este acoperit cu un strat gros de email cu zirconiu, ceea ce \u00eei confer\u0103 protec\u021bie suplimentar\u0103 \u00eempotriva ruginii \u0219i deterior\u0103rii. <\/p><h6><strong>Avantaje:<\/strong><\/h6><ul><li><strong>Izola\u021bie termic\u0103 ridicat\u0103<\/strong>: Izola\u021bia termic\u0103 din spum\u0103 poliuretanic\u0103 v\u0103 permite s\u0103 p\u0103stra\u021bi c\u0103ldura apei p\u00e2n\u0103 la 2 zile, ceea ce reduce consumul de energie \u0219i asigur\u0103 economie.<\/li><li><strong>U\u0219urin\u021b\u0103 \u00een control<\/strong>: Controlul mecanic face procesul de setare a temperaturii simplu \u0219i convenabil &#8211; roti\u021bi regulatorul \u00een direc\u021bia dorit\u0103.<\/li><li><strong>Pre\u021b accesibil<\/strong>: Absen\u021ba componentelor electronice complexe reduce costul dispozitivului \u0219i simplific\u0103 \u00eenlocuirea componentelor \u00een caz de defec\u021biune.<\/li><\/ul>\t\t\t\t\t\t\t\t<\/div>\n\t\t\t\t<\/div>\n\t\t\t\t\t<\/div>\n\t\t\t\t<\/div>\n\t\t<div class=\"elementor-element elementor-element-d871396 e-flex e-con-boxed e-con e-parent\" data-id=\"d871396\" data-element_type=\"container\" data-e-type=\"container\">\n\t\t\t\t\t<div class=\"e-con-inner\">\n\t\t\t\t<div class=\"elementor-element elementor-element-20a320a elementor-widget elementor-widget-image\" data-id=\"20a320a\" data-element_type=\"widget\" data-e-type=\"widget\" data-widget_type=\"image.default\">\n\t\t\t\t<div class=\"elementor-widget-container\">\n\t\t\t\t\t\t\t\t\t\t\t\t\t\t\t<img fetchpriority=\"high\" decoding=\"async\" width=\"1011\" height=\"454\" src=\"https:\/\/tehnoformat.md\/wp-content\/uploads\/2024\/10\/option1-5.jpg\" class=\"attachment-large size-large wp-image-22408\" alt=\"\" srcset=\"https:\/\/tehnoformat.md\/wp-content\/uploads\/2024\/10\/option1-5.jpg 1011w, https:\/\/tehnoformat.md\/wp-content\/uploads\/2024\/10\/option1-5-300x135.jpg 300w, https:\/\/tehnoformat.md\/wp-content\/uploads\/2024\/10\/option1-5-768x345.jpg 768w, https:\/\/tehnoformat.md\/wp-content\/uploads\/2024\/10\/option1-5-1000x449.jpg 1000w\" sizes=\"(max-width: 1011px) 100vw, 1011px\" \/>\t\t\t\t\t\t\t\t\t\t\t\t\t\t\t<\/div>\n\t\t\t\t<\/div>\n\t\t\t\t\t<\/div>\n\t\t\t\t<\/div>\n\t\t<div class=\"elementor-element elementor-element-e3fefe1 e-flex e-con-boxed e-con e-parent\" data-id=\"e3fefe1\" data-element_type=\"container\" data-e-type=\"container\">\n\t\t\t\t\t<div class=\"e-con-inner\">\n\t\t\t\t<div class=\"elementor-element elementor-element-13716e5 elementor-widget elementor-widget-text-editor\" data-id=\"13716e5\" data-element_type=\"widget\" data-e-type=\"widget\" data-widget_type=\"text-editor.default\">\n\t\t\t\t<div class=\"elementor-widget-container\">\n\t\t\t\t\t\t\t\t\t<p><strong>Atlantic Steatite Elite VM 050 D400-2-BC<\/strong> combin\u0103 nu doar avantaje tehnice, ci \u0219i un design modern \u0219i elegant, dezvoltat de ingineri francezi. Forma sa cilindric\u0103 minimalist\u0103 \u0219i liniile \u00eengrijite fac din boiler nu doar un element func\u021bional, ci \u0219i o parte integrant\u0103 a interiorului. Datorit\u0103 aspectului s\u0103u laconic, boilerul se integreaz\u0103 armonios \u00een orice stil de design interior, fie el clasic sau minimalist modern.  <\/p><p><strong>Caracteristici de design:<\/strong><\/p><ul><li><strong>Form\u0103 elegant\u0103<\/strong>: Corp cilindric cu suprafa\u021b\u0103 neted\u0103.<\/li><li><strong>Compactitate<\/strong>: Dispozitivul nu ocup\u0103 mult spa\u021biu \u0219i este ideal pentru instalare chiar \u0219i \u00een \u00eenc\u0103peri mici.<\/li><li><strong>Materiale moderne<\/strong>: Utilizarea materialelor de \u00eenalt\u0103 calitate confer\u0103 \u00eenc\u0103lzitorului de ap\u0103 rezisten\u021b\u0103 \u0219i durabilitate.<\/li><\/ul>\t\t\t\t\t\t\t\t<\/div>\n\t\t\t\t<\/div>\n\t\t\t\t\t<\/div>\n\t\t\t\t<\/div>\n\t\t<div class=\"elementor-element elementor-element-ab3c85c e-flex e-con-boxed e-con e-parent\" data-id=\"ab3c85c\" data-element_type=\"container\" data-e-type=\"container\">\n\t\t\t\t\t<div class=\"e-con-inner\">\n\t\t\t\t<div class=\"elementor-element elementor-element-15426d8 elementor-widget elementor-widget-image\" data-id=\"15426d8\" data-element_type=\"widget\" data-e-type=\"widget\" data-widget_type=\"image.default\">\n\t\t\t\t<div class=\"elementor-widget-container\">\n\t\t\t\t\t\t\t\t\t\t\t\t\t\t\t<img decoding=\"async\" width=\"1024\" height=\"1024\" src=\"https:\/\/tehnoformat.md\/wp-content\/uploads\/2024\/10\/option-8.jpg\" class=\"attachment-large size-large wp-image-22407\" alt=\"\" srcset=\"https:\/\/tehnoformat.md\/wp-content\/uploads\/2024\/10\/option-8.jpg 1024w, https:\/\/tehnoformat.md\/wp-content\/uploads\/2024\/10\/option-8-300x300.jpg 300w, https:\/\/tehnoformat.md\/wp-content\/uploads\/2024\/10\/option-8-250x250.jpg 250w, https:\/\/tehnoformat.md\/wp-content\/uploads\/2024\/10\/option-8-768x768.jpg 768w, https:\/\/tehnoformat.md\/wp-content\/uploads\/2024\/10\/option-8-180x180.jpg 180w, https:\/\/tehnoformat.md\/wp-content\/uploads\/2024\/10\/option-8-400x400.jpg 400w, https:\/\/tehnoformat.md\/wp-content\/uploads\/2024\/10\/option-8-1000x1000.jpg 1000w, https:\/\/tehnoformat.md\/wp-content\/uploads\/2024\/10\/option-8-100x100.jpg 100w, https:\/\/tehnoformat.md\/wp-content\/uploads\/2024\/10\/option-8-54x54.jpg 54w, https:\/\/tehnoformat.md\/wp-content\/uploads\/2024\/10\/option-8-310x310.jpg 310w, https:\/\/tehnoformat.md\/wp-content\/uploads\/2024\/10\/option-8-80x80.jpg 80w\" sizes=\"(max-width: 1024px) 100vw, 1024px\" \/>\t\t\t\t\t\t\t\t\t\t\t\t\t\t\t<\/div>\n\t\t\t\t<\/div>\n\t\t\t\t\t<\/div>\n\t\t\t\t<\/div>\n\t\t<div class=\"elementor-element elementor-element-f362f4c e-flex e-con-boxed e-con e-parent\" data-id=\"f362f4c\" data-element_type=\"container\" data-e-type=\"container\">\n\t\t\t\t\t<div class=\"e-con-inner\">\n\t\t\t\t<div class=\"elementor-element elementor-element-41840b8 elementor-widget elementor-widget-text-editor\" data-id=\"41840b8\" data-element_type=\"widget\" data-e-type=\"widget\" data-widget_type=\"text-editor.default\">\n\t\t\t\t<div class=\"elementor-widget-container\">\n\t\t\t\t\t\t\t\t\t<h6>Condi\u021bii de garan\u021bie \u0219i instalare pentru Atlantic Steatite Elite VM 050 D400-2-BC<\/h6><p><strong>Garan\u0163ie:<\/strong><\/p><ul><li><strong>Rezervor<\/strong>: 5 ani<\/li><li><strong>Pentru partea electric\u0103<\/strong>: 2 ani<\/li><\/ul><p><strong>Condi\u021bii pentru men\u021binerea garan\u021biei:<\/strong><\/p><ul><li>Pentru a men\u021bine garan\u021bia, este important s\u0103 instala\u021bi corect \u00eenc\u0103lzitorul de ap\u0103.<\/li><li>Se recomand\u0103 s\u0103 v\u0103 familiariza\u021bi cu condi\u021biile de func\u021bionare specificate \u00een certificatul de garan\u021bie sau \u00een instruc\u021biunile centralei termice.<\/li><\/ul><p><strong>Recomand\u0103ri de instalare:<\/strong><\/p><ul><li><strong>Instalare<\/strong>: Se recomand\u0103 ca instalarea s\u0103 fie efectuat\u0103 de c\u0103tre profesioni\u0219ti certifica\u021bi \u0219i licen\u021bia\u021bi de Atlantic.<\/li><li><strong>Elemente obligatorii<\/strong>: \u00cen timpul instal\u0103rii, este necesar s\u0103 se utilizeze o supap\u0103 de golire \u0219i un reductor de presiune pentru a asigura func\u021bionarea \u00een siguran\u021b\u0103 a dispozitivului.<\/li><\/ul>\t\t\t\t\t\t\t\t<\/div>\n\t\t\t\t<\/div>\n\t\t\t\t\t<\/div>\n\t\t\t\t<\/div>\n\t\t\t\t<\/div>\n\t\t","protected":false},"excerpt":{"rendered":"<p>Instruc\u021biuni de utilizare \u00cenc\u0103lzitorul de ap\u0103 Atlantic Steatite Elite VM 050 D400-2-BC este un dispozitiv fiabil, montat vertical, cu o putere de 1500 W, ceea ce \u00eel face potrivit pentru utilizarea \u00een case cu instala\u021bii electrice vechi. Aceast\u0103 serie de centrale termice combin\u0103 simplitatea \u0219i fiabilitatea clasic\u0103 cu un design modern. Tehnologii principale: Elementul de [&hellip;]<\/p>\n","protected":false},"featured_media":22410,"comment_status":"closed","ping_status":"closed","template":"","meta":[],"product_brand":[],"product_cat":[784,795],"product_tag":[896,906,907,1007],"class_list":{"0":"post-25338","1":"product","2":"type-product","3":"status-publish","4":"has-post-thumbnail","6":"product_cat-boilere","7":"product_cat-incalzitoare-de-apa","8":"product_tag-atlantic-ro","9":"product_tag-boilere-ro","10":"product_tag-boilere-electrice-ro","11":"product_tag-steatite-ro","12":"ts_product_brand-atlantic-ro","14":"first","15":"instock","16":"sale","17":"shipping-taxable","18":"purchasable","19":"product-type-simple","20":"add-to-wishlist-after_add_to_cart"},"yoast_head":"<!-- This site is optimized with the Yoast SEO plugin v27.3 - https:\/\/yoast.com\/product\/yoast-seo-wordpress\/ -->\n<title>Atlantic Steatite Elite VM 050 - Tehnoformat<\/title>\n<meta name=\"robots\" content=\"index, follow, max-snippet:-1, max-image-preview:large, max-video-preview:-1\" \/>\n<link rel=\"canonical\" href=\"https:\/\/tehnoformat.md\/ro\/produs\/atlantic-steatite-elite-vm-050\/\" \/>\n<meta property=\"og:locale\" content=\"ro_RO\" \/>\n<meta property=\"og:type\" content=\"article\" \/>\n<meta property=\"og:title\" content=\"Atlantic Steatite Elite VM 050 - Tehnoformat\" \/>\n<meta property=\"og:description\" content=\"Instruc\u021biuni de utilizare \u00cenc\u0103lzitorul de ap\u0103 Atlantic Steatite Elite VM 050 D400-2-BC este un dispozitiv fiabil, montat vertical, cu o putere de 1500 W, ceea ce \u00eel face potrivit pentru utilizarea \u00een case cu instala\u021bii electrice vechi. Aceast\u0103 serie de centrale termice combin\u0103 simplitatea \u0219i fiabilitatea clasic\u0103 cu un design modern. Tehnologii principale: Elementul de [&hellip;]\" \/>\n<meta property=\"og:url\" content=\"https:\/\/tehnoformat.md\/ro\/produs\/atlantic-steatite-elite-vm-050\/\" \/>\n<meta property=\"og:site_name\" content=\"Tehnoformat\" \/>\n<meta property=\"article:publisher\" content=\"https:\/\/www.facebook.com\/formatterm\" \/>\n<meta property=\"article:modified_time\" content=\"2025-09-11T07:03:56+00:00\" \/>\n<meta property=\"og:image\" content=\"https:\/\/tehnoformat.md\/wp-content\/uploads\/2024\/10\/steatite-502.jpg\" \/>\n\t<meta property=\"og:image:width\" content=\"1000\" \/>\n\t<meta property=\"og:image:height\" content=\"1000\" \/>\n\t<meta property=\"og:image:type\" content=\"image\/jpeg\" \/>\n<meta name=\"twitter:card\" content=\"summary_large_image\" \/>\n<meta name=\"twitter:label1\" content=\"Timp estimat pentru citire\" \/>\n\t<meta name=\"twitter:data1\" content=\"4 minute\" \/>\n<script type=\"application\/ld+json\" class=\"yoast-schema-graph\">{\"@context\":\"https:\\\/\\\/schema.org\",\"@graph\":[{\"@type\":\"WebPage\",\"@id\":\"https:\\\/\\\/tehnoformat.md\\\/ro\\\/produs\\\/atlantic-steatite-elite-vm-050\\\/\",\"url\":\"https:\\\/\\\/tehnoformat.md\\\/ro\\\/produs\\\/atlantic-steatite-elite-vm-050\\\/\",\"name\":\"Atlantic Steatite Elite VM 050 - Tehnoformat\",\"isPartOf\":{\"@id\":\"https:\\\/\\\/tehnoformat.md\\\/ro\\\/#website\"},\"primaryImageOfPage\":{\"@id\":\"https:\\\/\\\/tehnoformat.md\\\/ro\\\/produs\\\/atlantic-steatite-elite-vm-050\\\/#primaryimage\"},\"image\":{\"@id\":\"https:\\\/\\\/tehnoformat.md\\\/ro\\\/produs\\\/atlantic-steatite-elite-vm-050\\\/#primaryimage\"},\"thumbnailUrl\":\"https:\\\/\\\/tehnoformat.md\\\/wp-content\\\/uploads\\\/2024\\\/10\\\/steatite-502.jpg\",\"datePublished\":\"2024-10-10T11:58:09+00:00\",\"dateModified\":\"2025-09-11T07:03:56+00:00\",\"breadcrumb\":{\"@id\":\"https:\\\/\\\/tehnoformat.md\\\/ro\\\/produs\\\/atlantic-steatite-elite-vm-050\\\/#breadcrumb\"},\"inLanguage\":\"ro-RO\",\"potentialAction\":[{\"@type\":\"ReadAction\",\"target\":[\"https:\\\/\\\/tehnoformat.md\\\/ro\\\/produs\\\/atlantic-steatite-elite-vm-050\\\/\"]}]},{\"@type\":\"ImageObject\",\"inLanguage\":\"ro-RO\",\"@id\":\"https:\\\/\\\/tehnoformat.md\\\/ro\\\/produs\\\/atlantic-steatite-elite-vm-050\\\/#primaryimage\",\"url\":\"https:\\\/\\\/tehnoformat.md\\\/wp-content\\\/uploads\\\/2024\\\/10\\\/steatite-502.jpg\",\"contentUrl\":\"https:\\\/\\\/tehnoformat.md\\\/wp-content\\\/uploads\\\/2024\\\/10\\\/steatite-502.jpg\",\"width\":1000,\"height\":1000},{\"@type\":\"BreadcrumbList\",\"@id\":\"https:\\\/\\\/tehnoformat.md\\\/ro\\\/produs\\\/atlantic-steatite-elite-vm-050\\\/#breadcrumb\",\"itemListElement\":[{\"@type\":\"ListItem\",\"position\":1,\"name\":\"Pagina principal\u0103\",\"item\":\"https:\\\/\\\/tehnoformat.md\\\/ro\\\/\"},{\"@type\":\"ListItem\",\"position\":2,\"name\":\"Magazin\",\"item\":\"https:\\\/\\\/tehnoformat.md\\\/ro\\\/shop\\\/\"},{\"@type\":\"ListItem\",\"position\":3,\"name\":\"Atlantic Steatite Elite VM 050\"}]},{\"@type\":\"WebSite\",\"@id\":\"https:\\\/\\\/tehnoformat.md\\\/ro\\\/#website\",\"url\":\"https:\\\/\\\/tehnoformat.md\\\/ro\\\/\",\"name\":\"Tehnoformat.md\",\"description\":\"\",\"publisher\":{\"@id\":\"https:\\\/\\\/tehnoformat.md\\\/ro\\\/#organization\"},\"potentialAction\":[{\"@type\":\"SearchAction\",\"target\":{\"@type\":\"EntryPoint\",\"urlTemplate\":\"https:\\\/\\\/tehnoformat.md\\\/ro\\\/?s={search_term_string}\"},\"query-input\":{\"@type\":\"PropertyValueSpecification\",\"valueRequired\":true,\"valueName\":\"search_term_string\"}}],\"inLanguage\":\"ro-RO\"},{\"@type\":\"Organization\",\"@id\":\"https:\\\/\\\/tehnoformat.md\\\/ro\\\/#organization\",\"name\":\"Tehnoformat\",\"url\":\"https:\\\/\\\/tehnoformat.md\\\/ro\\\/\",\"logo\":{\"@type\":\"ImageObject\",\"inLanguage\":\"ro-RO\",\"@id\":\"https:\\\/\\\/tehnoformat.md\\\/ro\\\/#\\\/schema\\\/logo\\\/image\\\/\",\"url\":\"https:\\\/\\\/tehnoformat.md\\\/wp-content\\\/uploads\\\/2024\\\/10\\\/icon1.png\",\"contentUrl\":\"https:\\\/\\\/tehnoformat.md\\\/wp-content\\\/uploads\\\/2024\\\/10\\\/icon1.png\",\"width\":512,\"height\":512,\"caption\":\"Tehnoformat\"},\"image\":{\"@id\":\"https:\\\/\\\/tehnoformat.md\\\/ro\\\/#\\\/schema\\\/logo\\\/image\\\/\"},\"sameAs\":[\"https:\\\/\\\/www.facebook.com\\\/formatterm\",\"https:\\\/\\\/www.instagram.com\\\/tehnoformat.md\\\/\"]}]}<\/script>\n<!-- \/ Yoast SEO plugin. -->","yoast_head_json":{"title":"Atlantic Steatite Elite VM 050 - Tehnoformat","robots":{"index":"index","follow":"follow","max-snippet":"max-snippet:-1","max-image-preview":"max-image-preview:large","max-video-preview":"max-video-preview:-1"},"canonical":"https:\/\/tehnoformat.md\/ro\/produs\/atlantic-steatite-elite-vm-050\/","og_locale":"ro_RO","og_type":"article","og_title":"Atlantic Steatite Elite VM 050 - Tehnoformat","og_description":"Instruc\u021biuni de utilizare \u00cenc\u0103lzitorul de ap\u0103 Atlantic Steatite Elite VM 050 D400-2-BC este un dispozitiv fiabil, montat vertical, cu o putere de 1500 W, ceea ce \u00eel face potrivit pentru utilizarea \u00een case cu instala\u021bii electrice vechi. Aceast\u0103 serie de centrale termice combin\u0103 simplitatea \u0219i fiabilitatea clasic\u0103 cu un design modern. Tehnologii principale: Elementul de [&hellip;]","og_url":"https:\/\/tehnoformat.md\/ro\/produs\/atlantic-steatite-elite-vm-050\/","og_site_name":"Tehnoformat","article_publisher":"https:\/\/www.facebook.com\/formatterm","article_modified_time":"2025-09-11T07:03:56+00:00","og_image":[{"width":1000,"height":1000,"url":"https:\/\/tehnoformat.md\/wp-content\/uploads\/2024\/10\/steatite-502.jpg","type":"image\/jpeg"}],"twitter_card":"summary_large_image","twitter_misc":{"Timp estimat pentru citire":"4 minute"},"schema":{"@context":"https:\/\/schema.org","@graph":[{"@type":"WebPage","@id":"https:\/\/tehnoformat.md\/ro\/produs\/atlantic-steatite-elite-vm-050\/","url":"https:\/\/tehnoformat.md\/ro\/produs\/atlantic-steatite-elite-vm-050\/","name":"Atlantic Steatite Elite VM 050 - Tehnoformat","isPartOf":{"@id":"https:\/\/tehnoformat.md\/ro\/#website"},"primaryImageOfPage":{"@id":"https:\/\/tehnoformat.md\/ro\/produs\/atlantic-steatite-elite-vm-050\/#primaryimage"},"image":{"@id":"https:\/\/tehnoformat.md\/ro\/produs\/atlantic-steatite-elite-vm-050\/#primaryimage"},"thumbnailUrl":"https:\/\/tehnoformat.md\/wp-content\/uploads\/2024\/10\/steatite-502.jpg","datePublished":"2024-10-10T11:58:09+00:00","dateModified":"2025-09-11T07:03:56+00:00","breadcrumb":{"@id":"https:\/\/tehnoformat.md\/ro\/produs\/atlantic-steatite-elite-vm-050\/#breadcrumb"},"inLanguage":"ro-RO","potentialAction":[{"@type":"ReadAction","target":["https:\/\/tehnoformat.md\/ro\/produs\/atlantic-steatite-elite-vm-050\/"]}]},{"@type":"ImageObject","inLanguage":"ro-RO","@id":"https:\/\/tehnoformat.md\/ro\/produs\/atlantic-steatite-elite-vm-050\/#primaryimage","url":"https:\/\/tehnoformat.md\/wp-content\/uploads\/2024\/10\/steatite-502.jpg","contentUrl":"https:\/\/tehnoformat.md\/wp-content\/uploads\/2024\/10\/steatite-502.jpg","width":1000,"height":1000},{"@type":"BreadcrumbList","@id":"https:\/\/tehnoformat.md\/ro\/produs\/atlantic-steatite-elite-vm-050\/#breadcrumb","itemListElement":[{"@type":"ListItem","position":1,"name":"Pagina principal\u0103","item":"https:\/\/tehnoformat.md\/ro\/"},{"@type":"ListItem","position":2,"name":"Magazin","item":"https:\/\/tehnoformat.md\/ro\/shop\/"},{"@type":"ListItem","position":3,"name":"Atlantic Steatite Elite VM 050"}]},{"@type":"WebSite","@id":"https:\/\/tehnoformat.md\/ro\/#website","url":"https:\/\/tehnoformat.md\/ro\/","name":"Tehnoformat.md","description":"","publisher":{"@id":"https:\/\/tehnoformat.md\/ro\/#organization"},"potentialAction":[{"@type":"SearchAction","target":{"@type":"EntryPoint","urlTemplate":"https:\/\/tehnoformat.md\/ro\/?s={search_term_string}"},"query-input":{"@type":"PropertyValueSpecification","valueRequired":true,"valueName":"search_term_string"}}],"inLanguage":"ro-RO"},{"@type":"Organization","@id":"https:\/\/tehnoformat.md\/ro\/#organization","name":"Tehnoformat","url":"https:\/\/tehnoformat.md\/ro\/","logo":{"@type":"ImageObject","inLanguage":"ro-RO","@id":"https:\/\/tehnoformat.md\/ro\/#\/schema\/logo\/image\/","url":"https:\/\/tehnoformat.md\/wp-content\/uploads\/2024\/10\/icon1.png","contentUrl":"https:\/\/tehnoformat.md\/wp-content\/uploads\/2024\/10\/icon1.png","width":512,"height":512,"caption":"Tehnoformat"},"image":{"@id":"https:\/\/tehnoformat.md\/ro\/#\/schema\/logo\/image\/"},"sameAs":["https:\/\/www.facebook.com\/formatterm","https:\/\/www.instagram.com\/tehnoformat.md\/"]}]}},"_links":{"self":[{"href":"https:\/\/tehnoformat.md\/ro\/wp-json\/wp\/v2\/product\/25338","targetHints":{"allow":["GET"]}}],"collection":[{"href":"https:\/\/tehnoformat.md\/ro\/wp-json\/wp\/v2\/product"}],"about":[{"href":"https:\/\/tehnoformat.md\/ro\/wp-json\/wp\/v2\/types\/product"}],"replies":[{"embeddable":true,"href":"https:\/\/tehnoformat.md\/ro\/wp-json\/wp\/v2\/comments?post=25338"}],"version-history":[{"count":5,"href":"https:\/\/tehnoformat.md\/ro\/wp-json\/wp\/v2\/product\/25338\/revisions"}],"predecessor-version":[{"id":25343,"href":"https:\/\/tehnoformat.md\/ro\/wp-json\/wp\/v2\/product\/25338\/revisions\/25343"}],"wp:featuredmedia":[{"embeddable":true,"href":"https:\/\/tehnoformat.md\/ro\/wp-json\/wp\/v2\/media\/22410"}],"wp:attachment":[{"href":"https:\/\/tehnoformat.md\/ro\/wp-json\/wp\/v2\/media?parent=25338"}],"wp:term":[{"taxonomy":"product_brand","embeddable":true,"href":"https:\/\/tehnoformat.md\/ro\/wp-json\/wp\/v2\/product_brand?post=25338"},{"taxonomy":"product_cat","embeddable":true,"href":"https:\/\/tehnoformat.md\/ro\/wp-json\/wp\/v2\/product_cat?post=25338"},{"taxonomy":"product_tag","embeddable":true,"href":"https:\/\/tehnoformat.md\/ro\/wp-json\/wp\/v2\/product_tag?post=25338"}],"curies":[{"name":"wp","href":"https:\/\/api.w.org\/{rel}","templated":true}]}}