{"id":25267,"date":"2024-10-12T12:28:57","date_gmt":"2024-10-12T09:28:57","guid":{"rendered":"https:\/\/tehnoformat.md\/product\/atlantic-opro-compact-pc-15-sb\/"},"modified":"2025-08-26T09:39:16","modified_gmt":"2025-08-26T06:39:16","slug":"atlantic-opro-compact-pc-15-sb","status":"publish","type":"product","link":"https:\/\/tehnoformat.md\/ro\/produs\/atlantic-opro-compact-pc-15-sb\/","title":{"rendered":"Atlantic Opro Compact PC 15 SB"},"content":{"rendered":"\t\t<div data-elementor-type=\"product-post\" data-elementor-id=\"25267\" class=\"elementor elementor-25267 elementor-17579\">\n\t\t\t\t<div class=\"elementor-element elementor-element-8765675 e-flex e-con-boxed e-con e-parent\" data-id=\"8765675\" data-element_type=\"container\" data-e-type=\"container\">\n\t\t\t\t\t<div class=\"e-con-inner\">\n\t\t\t\t<div class=\"elementor-element elementor-element-e49d6f0 elementor-align-center elementor-widget elementor-widget-button\" data-id=\"e49d6f0\" data-element_type=\"widget\" data-e-type=\"widget\" data-widget_type=\"button.default\">\n\t\t\t\t<div class=\"elementor-widget-container\">\n\t\t\t\t\t\t\t\t\t<div class=\"elementor-button-wrapper\">\n\t\t\t\t\t<a target=\"_blank\" rel=\"nofollow\" href=\"https:\/\/tehnoformat.md\/goto\/https:\/\/atlantic.ua\/image\/catalog\/Documentation\/evn\/inctrukciya-atlantic-opro-small.pdf\" class=\"elementor-button elementor-button-link elementor-size-sm\" >\n\t\t\t\t\t\t<span class=\"elementor-button-content-wrapper\">\n\t\t\t\t\t\t\t\t\t<span class=\"elementor-button-text\">Instruc\u021biuni de utilizare<\/span>\n\t\t\t\t\t<\/span>\n\t\t\t\t\t<\/a>\n\t\t\t\t<\/div>\n\t\t\t\t\t\t\t\t<\/div>\n\t\t\t\t<\/div>\n\t\t\t\t\t<\/div>\n\t\t\t\t<\/div>\n\t\t<div class=\"elementor-element elementor-element-e1dc3d7 e-flex e-con-boxed e-con e-parent\" data-id=\"e1dc3d7\" data-element_type=\"container\" data-e-type=\"container\">\n\t\t\t\t\t<div class=\"e-con-inner\">\n\t\t\t\t<div class=\"elementor-element elementor-element-2db5f90 elementor-widget elementor-widget-text-editor\" data-id=\"2db5f90\" data-element_type=\"widget\" data-e-type=\"widget\" data-widget_type=\"text-editor.default\">\n\t\t\t\t<div class=\"elementor-widget-container\">\n\t\t\t\t\t\t\t\t\t<p>\u00cenc\u0103lzitorul electric de ap\u0103 <strong>Atlantic O\u2019Pro Small PC 15 S<\/strong> este conceput pentru instalare sub chiuvet\u0103 \u0219i este capabil s\u0103 furnizeze ap\u0103 cald\u0103 \u00eentr-un singur punct. Datorit\u0103 dimensiunilor sale compacte, se poate amplasa cu u\u0219urin\u021b\u0103 \u00een mobilierul de buc\u0103t\u0103rie, f\u0103r\u0103 a ocupa mult spa\u021biu. <\/p><p><strong>Caracteristici cheie:<\/strong><\/p><ul><li><strong>Element de \u00eenc\u0103lzire din cupru<\/strong>: asigur\u0103 \u00eenc\u0103lzirea rapid\u0103 a apei \u0219i o eficien\u021b\u0103 ridicat\u0103 \u00een func\u021bionare.<\/li><li><strong>Anod de magneziu<\/strong>: ac\u021bioneaz\u0103 ca principal mijloc de protejare a rezervorului de lucru \u0219i a elementului de \u00eenc\u0103lzire \u00eempotriva coroziunii.<\/li><li><strong>Tehnologie de protec\u021bie ohmic\u0103 (O\u2019Pro)<\/strong>: protec\u021bie anticoroziv\u0103 suplimentar\u0103 dezvoltat\u0103 de inginerii de la Atlantic. Prelunge\u0219te durata de via\u021b\u0103 a anodului de magneziu de 2 ori, reduc\u00e2nd frecven\u021ba \u00eentre\u021binerii la o dat\u0103 la 2 ani. <\/li><li><strong>Putere element de \u00eenc\u0103lzire 2000 W<\/strong>: permite \u00eenc\u0103lzirea apei la 63 \u00b0C \u00een doar 26 de minute f\u0103r\u0103 a supra\u00eenc\u0103rca re\u021beaua electric\u0103, \u00een timp ce consumul de energie per ciclu de \u00eenc\u0103lzire este de aproximativ 870 Wh.<\/li><li><strong>Email de zirconiu<\/strong>: suprafa\u021ba interioar\u0103 a rezervorului este acoperit\u0103 cu email de \u00eenalt\u0103 calitate cu adaos de zirconiu, ceea ce \u00eei cre\u0219te rezisten\u021ba la fluctua\u021biile de temperatur\u0103.<\/li><li><strong>Izola\u021bie din spum\u0103 poliuretanic\u0103<\/strong>: un strat dens de izola\u021bie reduce pierderile de c\u0103ldur\u0103 la 5-6 \u00b0C pe zi, ajut\u00e2nd la men\u021binerea apei calde mai mult timp.<\/li><li><strong>Func\u021bionare silen\u021bioas\u0103<\/strong>: \u00eenc\u0103lzitorul de ap\u0103 func\u021bioneaz\u0103 absolut silen\u021bios, ceea ce face ca utilizarea sa s\u0103 fie c\u00e2t mai confortabil\u0103 posibil.<\/li><li><strong>Controlul temperaturii externe<\/strong>: regla\u021bi convenabil temperatura apei f\u0103r\u0103 a fi nevoie s\u0103 atinge\u021bi elementele interne.<\/li><\/ul><p>Acest \u00eenc\u0103lzitor de ap\u0103 este perfect pentru utilizatorii care apreciaz\u0103 compactitatea, fiabilitatea \u0219i eficien\u021ba energetic\u0103.<\/p>\t\t\t\t\t\t\t\t<\/div>\n\t\t\t\t<\/div>\n\t\t\t\t\t<\/div>\n\t\t\t\t<\/div>\n\t\t<div class=\"elementor-element elementor-element-cf164a4 e-flex e-con-boxed e-con e-parent\" data-id=\"cf164a4\" data-element_type=\"container\" data-e-type=\"container\">\n\t\t\t\t\t<div class=\"e-con-inner\">\n\t\t\t\t<div class=\"elementor-element elementor-element-22d7253 elementor-widget elementor-widget-image\" data-id=\"22d7253\" data-element_type=\"widget\" data-e-type=\"widget\" data-widget_type=\"image.default\">\n\t\t\t\t<div class=\"elementor-widget-container\">\n\t\t\t\t\t\t\t\t\t\t\t\t\t\t\t<img fetchpriority=\"high\" decoding=\"async\" width=\"1024\" height=\"611\" src=\"https:\/\/tehnoformat.md\/wp-content\/uploads\/2024\/10\/option1-4.jpg\" class=\"attachment-large size-large wp-image-22401\" alt=\"\" srcset=\"https:\/\/tehnoformat.md\/wp-content\/uploads\/2024\/10\/option1-4.jpg 1024w, https:\/\/tehnoformat.md\/wp-content\/uploads\/2024\/10\/option1-4-300x179.jpg 300w, https:\/\/tehnoformat.md\/wp-content\/uploads\/2024\/10\/option1-4-768x458.jpg 768w, https:\/\/tehnoformat.md\/wp-content\/uploads\/2024\/10\/option1-4-1000x597.jpg 1000w\" sizes=\"(max-width: 1024px) 100vw, 1024px\" \/>\t\t\t\t\t\t\t\t\t\t\t\t\t\t\t<\/div>\n\t\t\t\t<\/div>\n\t\t\t\t\t<\/div>\n\t\t\t\t<\/div>\n\t\t<div class=\"elementor-element elementor-element-8cb604e e-flex e-con-boxed e-con e-parent\" data-id=\"8cb604e\" data-element_type=\"container\" data-e-type=\"container\">\n\t\t\t\t\t<div class=\"e-con-inner\">\n\t\t\t\t<div class=\"elementor-element elementor-element-03e7d33 elementor-widget elementor-widget-text-editor\" data-id=\"03e7d33\" data-element_type=\"widget\" data-e-type=\"widget\" data-widget_type=\"text-editor.default\">\n\t\t\t\t<div class=\"elementor-widget-container\">\n\t\t\t\t\t\t\t\t\t<p>Caracteristicile boilerului <strong>Atlantic O&#8217;Pro Small PC 15 SB<\/strong> includ:<\/p>\n<ul>\n<li><strong>Supap\u0103 de siguran\u021b\u0103 \u0219i cuplaj dielectric<\/strong>: asigur\u0103 func\u021bionarea \u00een siguran\u021b\u0103 a \u00eenc\u0103lzitorului de ap\u0103 \u0219i protec\u021bia sistemului.<\/li>\n<li><strong>Sistem anticoroziv O&#8217;Pro<\/strong>: Reduce uzura anodului de magneziu, prelungindu-i durata de via\u021b\u0103 \u0219i sporind protec\u021bia rezervorului intern \u00eempotriva coroziunii.<\/li>\n<li><strong>Anod de magneziu<\/strong>: protec\u021bie suplimentar\u0103 a rezervorului \u0219i a elementului de \u00eenc\u0103lzire \u00eempotriva coroziunii.<\/li>\n<li><strong>Indicator de \u00eenc\u0103lzire<\/strong>: v\u0103 permite s\u0103 monitoriza\u021bi vizual procesul de \u00eenc\u0103lzire a apei.<\/li>\n<li><strong>Izola\u021bie ecologic\u0103 din spum\u0103 poliuretanic\u0103<\/strong>: re\u021bine c\u0103ldura \u0219i reduce pierderile de c\u0103ldur\u0103, f\u0103c\u00e2nd dispozitivul mai eficient din punct de vedere energetic.<\/li>\n<li><strong>\u021aeav\u0103 de admisie a apei calde<\/strong>: fabricat\u0103 din o\u021bel inoxidabil pentru durabilitate \u0219i protec\u021bie \u00eempotriva coroziunii.<\/li>\n<li><strong>Termostat cu protec\u021bie la supra\u00eenc\u0103lzire<\/strong>: previne supra\u00eenc\u0103lzirea dispozitivului, asigur\u00e2nd utilizarea \u00een siguran\u021b\u0103.<\/li>\n<li><strong>Echipament<\/strong>: centrala este furnizat\u0103 cu cablu electric, \u0219techer, supap\u0103 de siguran\u021b\u0103 \u0219i cuplaj dielectric.<\/li>\n<\/ul>\n<p>Aceast boiler combin\u0103 protec\u021bia fiabil\u0103 \u00eempotriva coroziunii, eficien\u021ba energetic\u0103 \u0219i un design compact, fiind o alegere excelent\u0103 pentru spa\u021biile mici.<\/p>\t\t\t\t\t\t\t\t<\/div>\n\t\t\t\t<\/div>\n\t\t\t\t\t<\/div>\n\t\t\t\t<\/div>\n\t\t<div class=\"elementor-element elementor-element-013d052 e-flex e-con-boxed e-con e-parent\" data-id=\"013d052\" data-element_type=\"container\" data-e-type=\"container\">\n\t\t\t\t\t<div class=\"e-con-inner\">\n\t\t\t\t<div class=\"elementor-element elementor-element-92ef5dd elementor-widget elementor-widget-image\" data-id=\"92ef5dd\" data-element_type=\"widget\" data-e-type=\"widget\" data-widget_type=\"image.default\">\n\t\t\t\t<div class=\"elementor-widget-container\">\n\t\t\t\t\t\t\t\t\t\t\t\t\t\t\t<img decoding=\"async\" width=\"989\" height=\"665\" src=\"https:\/\/tehnoformat.md\/wp-content\/uploads\/2024\/10\/option-9.jpg\" class=\"attachment-large size-large wp-image-22463\" alt=\"\" srcset=\"https:\/\/tehnoformat.md\/wp-content\/uploads\/2024\/10\/option-9.jpg 989w, https:\/\/tehnoformat.md\/wp-content\/uploads\/2024\/10\/option-9-300x202.jpg 300w, https:\/\/tehnoformat.md\/wp-content\/uploads\/2024\/10\/option-9-768x516.jpg 768w\" sizes=\"(max-width: 989px) 100vw, 989px\" \/>\t\t\t\t\t\t\t\t\t\t\t\t\t\t\t<\/div>\n\t\t\t\t<\/div>\n\t\t\t\t\t<\/div>\n\t\t\t\t<\/div>\n\t\t\t\t<\/div>\n\t\t","protected":false},"excerpt":{"rendered":"<p>Instruc\u021biuni de utilizare \u00cenc\u0103lzitorul electric de ap\u0103 Atlantic O\u2019Pro Small PC 15 S este conceput pentru instalare sub chiuvet\u0103 \u0219i este capabil s\u0103 furnizeze ap\u0103 cald\u0103 \u00eentr-un singur punct. Datorit\u0103 dimensiunilor sale compacte, se poate amplasa cu u\u0219urin\u021b\u0103 \u00een mobilierul de buc\u0103t\u0103rie, f\u0103r\u0103 a ocupa mult spa\u021biu. Caracteristici cheie: Element de \u00eenc\u0103lzire din cupru: asigur\u0103 [&hellip;]<\/p>\n","protected":false},"featured_media":22459,"comment_status":"closed","ping_status":"open","template":"","meta":[],"product_brand":[],"product_cat":[784,795],"product_tag":[896,906,907,1002],"class_list":{"0":"post-25267","1":"product","2":"type-product","3":"status-publish","4":"has-post-thumbnail","6":"product_cat-boilere","7":"product_cat-incalzitoare-de-apa","8":"product_tag-atlantic-ro","9":"product_tag-boilere-ro","10":"product_tag-boilere-electrice-ro","11":"product_tag-slim-ro","12":"ts_product_brand-atlantic-ro","14":"first","15":"instock","16":"sale","17":"shipping-taxable","18":"purchasable","19":"product-type-simple","20":"add-to-wishlist-after_add_to_cart"},"yoast_head":"<!-- This site is optimized with the Yoast SEO plugin v27.3 - https:\/\/yoast.com\/product\/yoast-seo-wordpress\/ -->\n<title>Atlantic Opro Compact PC 15 SB - Tehnoformat<\/title>\n<meta name=\"robots\" content=\"index, follow, max-snippet:-1, max-image-preview:large, max-video-preview:-1\" \/>\n<link rel=\"canonical\" href=\"https:\/\/tehnoformat.md\/ro\/produs\/atlantic-opro-compact-pc-15-sb\/\" \/>\n<meta property=\"og:locale\" content=\"ro_RO\" \/>\n<meta property=\"og:type\" content=\"article\" \/>\n<meta property=\"og:title\" content=\"Atlantic Opro Compact PC 15 SB - Tehnoformat\" \/>\n<meta property=\"og:description\" content=\"Instruc\u021biuni de utilizare \u00cenc\u0103lzitorul electric de ap\u0103 Atlantic O\u2019Pro Small PC 15 S este conceput pentru instalare sub chiuvet\u0103 \u0219i este capabil s\u0103 furnizeze ap\u0103 cald\u0103 \u00eentr-un singur punct. Datorit\u0103 dimensiunilor sale compacte, se poate amplasa cu u\u0219urin\u021b\u0103 \u00een mobilierul de buc\u0103t\u0103rie, f\u0103r\u0103 a ocupa mult spa\u021biu. Caracteristici cheie: Element de \u00eenc\u0103lzire din cupru: asigur\u0103 [&hellip;]\" \/>\n<meta property=\"og:url\" content=\"https:\/\/tehnoformat.md\/ro\/produs\/atlantic-opro-compact-pc-15-sb\/\" \/>\n<meta property=\"og:site_name\" content=\"Tehnoformat\" \/>\n<meta property=\"article:publisher\" content=\"https:\/\/www.facebook.com\/formatterm\" \/>\n<meta property=\"article:modified_time\" content=\"2025-08-26T06:39:16+00:00\" \/>\n<meta property=\"og:image\" content=\"https:\/\/tehnoformat.md\/wp-content\/uploads\/2024\/10\/o-pro-10-small.jpg\" \/>\n\t<meta property=\"og:image:width\" content=\"1000\" \/>\n\t<meta property=\"og:image:height\" content=\"1000\" \/>\n\t<meta property=\"og:image:type\" content=\"image\/jpeg\" \/>\n<meta name=\"twitter:card\" content=\"summary_large_image\" \/>\n<meta name=\"twitter:label1\" content=\"Timp estimat pentru citire\" \/>\n\t<meta name=\"twitter:data1\" content=\"3 minute\" \/>\n<script type=\"application\/ld+json\" class=\"yoast-schema-graph\">{\"@context\":\"https:\\\/\\\/schema.org\",\"@graph\":[{\"@type\":\"WebPage\",\"@id\":\"https:\\\/\\\/tehnoformat.md\\\/ro\\\/produs\\\/atlantic-opro-compact-pc-15-sb\\\/\",\"url\":\"https:\\\/\\\/tehnoformat.md\\\/ro\\\/produs\\\/atlantic-opro-compact-pc-15-sb\\\/\",\"name\":\"Atlantic Opro Compact PC 15 SB - Tehnoformat\",\"isPartOf\":{\"@id\":\"https:\\\/\\\/tehnoformat.md\\\/ro\\\/#website\"},\"primaryImageOfPage\":{\"@id\":\"https:\\\/\\\/tehnoformat.md\\\/ro\\\/produs\\\/atlantic-opro-compact-pc-15-sb\\\/#primaryimage\"},\"image\":{\"@id\":\"https:\\\/\\\/tehnoformat.md\\\/ro\\\/produs\\\/atlantic-opro-compact-pc-15-sb\\\/#primaryimage\"},\"thumbnailUrl\":\"https:\\\/\\\/tehnoformat.md\\\/wp-content\\\/uploads\\\/2024\\\/10\\\/o-pro-10-small.jpg\",\"datePublished\":\"2024-10-12T09:28:57+00:00\",\"dateModified\":\"2025-08-26T06:39:16+00:00\",\"breadcrumb\":{\"@id\":\"https:\\\/\\\/tehnoformat.md\\\/ro\\\/produs\\\/atlantic-opro-compact-pc-15-sb\\\/#breadcrumb\"},\"inLanguage\":\"ro-RO\",\"potentialAction\":[{\"@type\":\"ReadAction\",\"target\":[\"https:\\\/\\\/tehnoformat.md\\\/ro\\\/produs\\\/atlantic-opro-compact-pc-15-sb\\\/\"]}]},{\"@type\":\"ImageObject\",\"inLanguage\":\"ro-RO\",\"@id\":\"https:\\\/\\\/tehnoformat.md\\\/ro\\\/produs\\\/atlantic-opro-compact-pc-15-sb\\\/#primaryimage\",\"url\":\"https:\\\/\\\/tehnoformat.md\\\/wp-content\\\/uploads\\\/2024\\\/10\\\/o-pro-10-small.jpg\",\"contentUrl\":\"https:\\\/\\\/tehnoformat.md\\\/wp-content\\\/uploads\\\/2024\\\/10\\\/o-pro-10-small.jpg\",\"width\":1000,\"height\":1000},{\"@type\":\"BreadcrumbList\",\"@id\":\"https:\\\/\\\/tehnoformat.md\\\/ro\\\/produs\\\/atlantic-opro-compact-pc-15-sb\\\/#breadcrumb\",\"itemListElement\":[{\"@type\":\"ListItem\",\"position\":1,\"name\":\"Pagina principal\u0103\",\"item\":\"https:\\\/\\\/tehnoformat.md\\\/ro\\\/\"},{\"@type\":\"ListItem\",\"position\":2,\"name\":\"Magazin\",\"item\":\"https:\\\/\\\/tehnoformat.md\\\/ro\\\/shop\\\/\"},{\"@type\":\"ListItem\",\"position\":3,\"name\":\"Atlantic Opro Compact PC 15 SB\"}]},{\"@type\":\"WebSite\",\"@id\":\"https:\\\/\\\/tehnoformat.md\\\/ro\\\/#website\",\"url\":\"https:\\\/\\\/tehnoformat.md\\\/ro\\\/\",\"name\":\"Tehnoformat.md\",\"description\":\"\",\"publisher\":{\"@id\":\"https:\\\/\\\/tehnoformat.md\\\/ro\\\/#organization\"},\"potentialAction\":[{\"@type\":\"SearchAction\",\"target\":{\"@type\":\"EntryPoint\",\"urlTemplate\":\"https:\\\/\\\/tehnoformat.md\\\/ro\\\/?s={search_term_string}\"},\"query-input\":{\"@type\":\"PropertyValueSpecification\",\"valueRequired\":true,\"valueName\":\"search_term_string\"}}],\"inLanguage\":\"ro-RO\"},{\"@type\":\"Organization\",\"@id\":\"https:\\\/\\\/tehnoformat.md\\\/ro\\\/#organization\",\"name\":\"Tehnoformat\",\"url\":\"https:\\\/\\\/tehnoformat.md\\\/ro\\\/\",\"logo\":{\"@type\":\"ImageObject\",\"inLanguage\":\"ro-RO\",\"@id\":\"https:\\\/\\\/tehnoformat.md\\\/ro\\\/#\\\/schema\\\/logo\\\/image\\\/\",\"url\":\"https:\\\/\\\/tehnoformat.md\\\/wp-content\\\/uploads\\\/2024\\\/10\\\/icon1.png\",\"contentUrl\":\"https:\\\/\\\/tehnoformat.md\\\/wp-content\\\/uploads\\\/2024\\\/10\\\/icon1.png\",\"width\":512,\"height\":512,\"caption\":\"Tehnoformat\"},\"image\":{\"@id\":\"https:\\\/\\\/tehnoformat.md\\\/ro\\\/#\\\/schema\\\/logo\\\/image\\\/\"},\"sameAs\":[\"https:\\\/\\\/www.facebook.com\\\/formatterm\",\"https:\\\/\\\/www.instagram.com\\\/tehnoformat.md\\\/\"]}]}<\/script>\n<!-- \/ Yoast SEO plugin. -->","yoast_head_json":{"title":"Atlantic Opro Compact PC 15 SB - Tehnoformat","robots":{"index":"index","follow":"follow","max-snippet":"max-snippet:-1","max-image-preview":"max-image-preview:large","max-video-preview":"max-video-preview:-1"},"canonical":"https:\/\/tehnoformat.md\/ro\/produs\/atlantic-opro-compact-pc-15-sb\/","og_locale":"ro_RO","og_type":"article","og_title":"Atlantic Opro Compact PC 15 SB - Tehnoformat","og_description":"Instruc\u021biuni de utilizare \u00cenc\u0103lzitorul electric de ap\u0103 Atlantic O\u2019Pro Small PC 15 S este conceput pentru instalare sub chiuvet\u0103 \u0219i este capabil s\u0103 furnizeze ap\u0103 cald\u0103 \u00eentr-un singur punct. Datorit\u0103 dimensiunilor sale compacte, se poate amplasa cu u\u0219urin\u021b\u0103 \u00een mobilierul de buc\u0103t\u0103rie, f\u0103r\u0103 a ocupa mult spa\u021biu. Caracteristici cheie: Element de \u00eenc\u0103lzire din cupru: asigur\u0103 [&hellip;]","og_url":"https:\/\/tehnoformat.md\/ro\/produs\/atlantic-opro-compact-pc-15-sb\/","og_site_name":"Tehnoformat","article_publisher":"https:\/\/www.facebook.com\/formatterm","article_modified_time":"2025-08-26T06:39:16+00:00","og_image":[{"width":1000,"height":1000,"url":"https:\/\/tehnoformat.md\/wp-content\/uploads\/2024\/10\/o-pro-10-small.jpg","type":"image\/jpeg"}],"twitter_card":"summary_large_image","twitter_misc":{"Timp estimat pentru citire":"3 minute"},"schema":{"@context":"https:\/\/schema.org","@graph":[{"@type":"WebPage","@id":"https:\/\/tehnoformat.md\/ro\/produs\/atlantic-opro-compact-pc-15-sb\/","url":"https:\/\/tehnoformat.md\/ro\/produs\/atlantic-opro-compact-pc-15-sb\/","name":"Atlantic Opro Compact PC 15 SB - Tehnoformat","isPartOf":{"@id":"https:\/\/tehnoformat.md\/ro\/#website"},"primaryImageOfPage":{"@id":"https:\/\/tehnoformat.md\/ro\/produs\/atlantic-opro-compact-pc-15-sb\/#primaryimage"},"image":{"@id":"https:\/\/tehnoformat.md\/ro\/produs\/atlantic-opro-compact-pc-15-sb\/#primaryimage"},"thumbnailUrl":"https:\/\/tehnoformat.md\/wp-content\/uploads\/2024\/10\/o-pro-10-small.jpg","datePublished":"2024-10-12T09:28:57+00:00","dateModified":"2025-08-26T06:39:16+00:00","breadcrumb":{"@id":"https:\/\/tehnoformat.md\/ro\/produs\/atlantic-opro-compact-pc-15-sb\/#breadcrumb"},"inLanguage":"ro-RO","potentialAction":[{"@type":"ReadAction","target":["https:\/\/tehnoformat.md\/ro\/produs\/atlantic-opro-compact-pc-15-sb\/"]}]},{"@type":"ImageObject","inLanguage":"ro-RO","@id":"https:\/\/tehnoformat.md\/ro\/produs\/atlantic-opro-compact-pc-15-sb\/#primaryimage","url":"https:\/\/tehnoformat.md\/wp-content\/uploads\/2024\/10\/o-pro-10-small.jpg","contentUrl":"https:\/\/tehnoformat.md\/wp-content\/uploads\/2024\/10\/o-pro-10-small.jpg","width":1000,"height":1000},{"@type":"BreadcrumbList","@id":"https:\/\/tehnoformat.md\/ro\/produs\/atlantic-opro-compact-pc-15-sb\/#breadcrumb","itemListElement":[{"@type":"ListItem","position":1,"name":"Pagina principal\u0103","item":"https:\/\/tehnoformat.md\/ro\/"},{"@type":"ListItem","position":2,"name":"Magazin","item":"https:\/\/tehnoformat.md\/ro\/shop\/"},{"@type":"ListItem","position":3,"name":"Atlantic Opro Compact PC 15 SB"}]},{"@type":"WebSite","@id":"https:\/\/tehnoformat.md\/ro\/#website","url":"https:\/\/tehnoformat.md\/ro\/","name":"Tehnoformat.md","description":"","publisher":{"@id":"https:\/\/tehnoformat.md\/ro\/#organization"},"potentialAction":[{"@type":"SearchAction","target":{"@type":"EntryPoint","urlTemplate":"https:\/\/tehnoformat.md\/ro\/?s={search_term_string}"},"query-input":{"@type":"PropertyValueSpecification","valueRequired":true,"valueName":"search_term_string"}}],"inLanguage":"ro-RO"},{"@type":"Organization","@id":"https:\/\/tehnoformat.md\/ro\/#organization","name":"Tehnoformat","url":"https:\/\/tehnoformat.md\/ro\/","logo":{"@type":"ImageObject","inLanguage":"ro-RO","@id":"https:\/\/tehnoformat.md\/ro\/#\/schema\/logo\/image\/","url":"https:\/\/tehnoformat.md\/wp-content\/uploads\/2024\/10\/icon1.png","contentUrl":"https:\/\/tehnoformat.md\/wp-content\/uploads\/2024\/10\/icon1.png","width":512,"height":512,"caption":"Tehnoformat"},"image":{"@id":"https:\/\/tehnoformat.md\/ro\/#\/schema\/logo\/image\/"},"sameAs":["https:\/\/www.facebook.com\/formatterm","https:\/\/www.instagram.com\/tehnoformat.md\/"]}]}},"_links":{"self":[{"href":"https:\/\/tehnoformat.md\/ro\/wp-json\/wp\/v2\/product\/25267","targetHints":{"allow":["GET"]}}],"collection":[{"href":"https:\/\/tehnoformat.md\/ro\/wp-json\/wp\/v2\/product"}],"about":[{"href":"https:\/\/tehnoformat.md\/ro\/wp-json\/wp\/v2\/types\/product"}],"replies":[{"embeddable":true,"href":"https:\/\/tehnoformat.md\/ro\/wp-json\/wp\/v2\/comments?post=25267"}],"version-history":[{"count":2,"href":"https:\/\/tehnoformat.md\/ro\/wp-json\/wp\/v2\/product\/25267\/revisions"}],"predecessor-version":[{"id":25269,"href":"https:\/\/tehnoformat.md\/ro\/wp-json\/wp\/v2\/product\/25267\/revisions\/25269"}],"wp:featuredmedia":[{"embeddable":true,"href":"https:\/\/tehnoformat.md\/ro\/wp-json\/wp\/v2\/media\/22459"}],"wp:attachment":[{"href":"https:\/\/tehnoformat.md\/ro\/wp-json\/wp\/v2\/media?parent=25267"}],"wp:term":[{"taxonomy":"product_brand","embeddable":true,"href":"https:\/\/tehnoformat.md\/ro\/wp-json\/wp\/v2\/product_brand?post=25267"},{"taxonomy":"product_cat","embeddable":true,"href":"https:\/\/tehnoformat.md\/ro\/wp-json\/wp\/v2\/product_cat?post=25267"},{"taxonomy":"product_tag","embeddable":true,"href":"https:\/\/tehnoformat.md\/ro\/wp-json\/wp\/v2\/product_tag?post=25267"}],"curies":[{"name":"wp","href":"https:\/\/api.w.org\/{rel}","templated":true}]}}