{"id":25252,"date":"2025-08-25T14:49:38","date_gmt":"2025-08-25T11:49:38","guid":{"rendered":"https:\/\/tehnoformat.md\/product\/ebara-hydrostation-bluetooth\/"},"modified":"2025-08-25T15:03:45","modified_gmt":"2025-08-25T12:03:45","slug":"ebara-hydrostation-bluetooth","status":"publish","type":"product","link":"https:\/\/tehnoformat.md\/ro\/produs\/ebara-hydrostation-bluetooth\/","title":{"rendered":"Ebara Hydrostation Bluetooth"},"content":{"rendered":"\t\t<div data-elementor-type=\"wp-post\" data-elementor-id=\"25252\" class=\"elementor elementor-25252 elementor-25249\">\n\t\t\t\t<div class=\"elementor-element elementor-element-d97068a e-grid e-con-boxed e-con e-parent\" data-id=\"d97068a\" data-element_type=\"container\" data-e-type=\"container\">\n\t\t\t\t\t<div class=\"e-con-inner\">\n\t\t\t\t<div class=\"elementor-element elementor-element-662c792 elementor-align-center elementor-widget elementor-widget-button\" data-id=\"662c792\" data-element_type=\"widget\" data-e-type=\"widget\" data-widget_type=\"button.default\">\n\t\t\t\t<div class=\"elementor-widget-container\">\n\t\t\t\t\t\t\t\t\t<div class=\"elementor-button-wrapper\">\n\t\t\t\t\t<a target=\"_blank\" rel=\"nofollow\" href=\"https:\/\/tehnoformat.md\/goto\/https:\/\/www.ebaraeurope.com\/wp-content\/plugins\/woocommerce-onpage\/storage\/cache\/7b922bf942794ed3e538d8fbe5e6aced2828eb0c.pdf\/hydrostation-manual-revF%20%282%29.pdf\" class=\"elementor-button elementor-button-link elementor-size-sm\" >\n\t\t\t\t\t\t<span class=\"elementor-button-content-wrapper\">\n\t\t\t\t\t\t\t\t\t<span class=\"elementor-button-text\">Instruc\u021bie<\/span>\n\t\t\t\t\t<\/span>\n\t\t\t\t\t<\/a>\n\t\t\t\t<\/div>\n\t\t\t\t\t\t\t\t<\/div>\n\t\t\t\t<\/div>\n\t\t\t\t<div class=\"elementor-element elementor-element-96951c5 elementor-align-center elementor-widget elementor-widget-button\" data-id=\"96951c5\" data-element_type=\"widget\" data-e-type=\"widget\" data-widget_type=\"button.default\">\n\t\t\t\t<div class=\"elementor-widget-container\">\n\t\t\t\t\t\t\t\t\t<div class=\"elementor-button-wrapper\">\n\t\t\t\t\t<a target=\"_blank\" rel=\"nofollow\" href=\"https:\/\/tehnoformat.md\/goto\/https:\/\/www.ebaraeurope.com\/wp-content\/plugins\/woocommerce-onpage\/storage\/cache\/ab82ff3e62ccbb4fc6eae684f5bb8c312104253e.pdf\/databook-hydrostation-revC%20%282%29.pdf\" class=\"elementor-button elementor-button-link elementor-size-sm\" >\n\t\t\t\t\t\t<span class=\"elementor-button-content-wrapper\">\n\t\t\t\t\t\t\t\t\t<span class=\"elementor-button-text\">Pa\u0219aport tehnic<\/span>\n\t\t\t\t\t<\/span>\n\t\t\t\t\t<\/a>\n\t\t\t\t<\/div>\n\t\t\t\t\t\t\t\t<\/div>\n\t\t\t\t<\/div>\n\t\t\t\t\t<\/div>\n\t\t\t\t<\/div>\n\t\t<div class=\"elementor-element elementor-element-7f4bdf1 e-flex e-con-boxed e-con e-parent\" data-id=\"7f4bdf1\" data-element_type=\"container\" data-e-type=\"container\">\n\t\t\t\t\t<div class=\"e-con-inner\">\n\t\t\t\t<div class=\"elementor-element elementor-element-674ef31 elementor-widget elementor-widget-text-editor\" data-id=\"674ef31\" data-element_type=\"widget\" data-e-type=\"widget\" data-widget_type=\"text-editor.default\">\n\t\t\t\t<div class=\"elementor-widget-container\">\n\t\t\t\t\t\t\t\t\t<p><strong>Hidrosta\u021bia Ebara<\/strong> este <img fetchpriority=\"high\" decoding=\"async\" class=\"size-full wp-image-25201 alignright\" src=\"https:\/\/tehnoformat.md\/wp-content\/uploads\/2025\/08\/hydro.png\" alt=\"\" width=\"631\" height=\"792\" srcset=\"https:\/\/tehnoformat.md\/wp-content\/uploads\/2025\/08\/hydro.png 631w, https:\/\/tehnoformat.md\/wp-content\/uploads\/2025\/08\/hydro-239x300.png 239w\" sizes=\"(max-width: 631px) 100vw, 631px\" \/> un sistem electronic nou, cu clasa de eficien\u021b\u0103 IE5, pentru alimentarea cu ap\u0103 la presiune constant\u0103. Pompa autoclav\u0103 compact\u0103 \u0219i inovatoare de nou\u0103 genera\u021bie este echipat\u0103 cu toate func\u021biile necesare \u0219i nu necesit\u0103 accesorii \u0219i unelte suplimentare pentru instalare. Acest sistem universal eficient energetic include:  <\/p><p>\u2022 Pomp\u0103 orizontal\u0103 multietajat\u0103<br>\u2022 Motor cu magnet permanent cu clas\u0103 de eficien\u021b\u0103 ridicat\u0103 (IE5)<br>\u2022 Sistem inverter pentru injec\u021bie de ap\u0103<br>\u2022 Supap\u0103 de sens unidirec\u021bional\u0103 \u00eencorporat\u0103<br>\u2022 Dispozitiv de autoamorsare (\u00eencorporat)<br>\u2022 Dispozitiv de expansiune protejat \u00eempotriva loviturilor de berbec cu arcuri opuse (f\u0103r\u0103 \u00eentre\u021binere)<\/p><p>Hydrostation garanteaz\u0103 o presiune constant\u0103 indiferent de num\u0103rul de consumatori activi, datorit\u0103 sistemului s\u0103u cu vitez\u0103 variabil\u0103, care reduce consumul \u0219i permite economii semnificative de energie. Silen\u021biozitatea sistemului (doar 43 dB(A)) permite instalarea acestuia chiar \u0219i \u00een zone locuite sau deosebit de sensibile la zgomot. <\/p><p>Conectivitatea Bluetooth permite programarea \u0219i controlul sta\u021biei prin intermediul unei aplica\u021bii f\u0103r\u0103 acces direct la sta\u021bie, fiind ideal\u0103 pentru instala\u021bii \u00een spa\u021bii restr\u00e2nse. \u00cen plus, cu kitul de distribuitoare Plug and Play, se pot conecta p\u00e2n\u0103 la 2 hidrosta\u021bii (interschimbabile sau \u00een paralel) pentru a cre\u0219te debitul sistemului de pompare f\u0103r\u0103 a fi nevoie de accesorii sau unelte de instalare. <\/p><p>\u2022 Sisteme de cre\u0219tere a presiunii<br>\u2022 Iriga\u021bii \u0219i gr\u0103din\u0103rit<br>\u2022 Extrac\u021bia apei din subteran<br>\u2022 Pomparea apei curate<\/p>\t\t\t\t\t\t\t\t<\/div>\n\t\t\t\t<\/div>\n\t\t\t\t\t<\/div>\n\t\t\t\t<\/div>\n\t\t\t\t<\/div>\n\t\t","protected":false},"excerpt":{"rendered":"<p>Instruc\u021bie Pa\u0219aport tehnic Hidrosta\u021bia Ebara este un sistem electronic nou, cu clasa de eficien\u021b\u0103 IE5, pentru alimentarea cu ap\u0103 la presiune constant\u0103. Pompa autoclav\u0103 compact\u0103 \u0219i inovatoare de nou\u0103 genera\u021bie este echipat\u0103 cu toate func\u021biile necesare \u0219i nu necesit\u0103 accesorii \u0219i unelte suplimentare pentru instalare. Acest sistem universal eficient energetic include: \u2022 Pomp\u0103 orizontal\u0103 multietajat\u0103 [&hellip;]<\/p>\n","protected":false},"featured_media":25198,"comment_status":"closed","ping_status":"open","template":"","meta":[],"product_brand":[],"product_cat":[807],"product_tag":[1302,948,1301,992,1303],"class_list":{"0":"post-25252","1":"product","2":"type-product","3":"status-publish","4":"has-post-thumbnail","6":"product_cat-statii-automate-de-pompare","7":"product_tag-bluetooth-ro","8":"product_tag-ebara-ro","9":"product_tag-hydrostation-ro","10":"product_tag-pompe-ro","11":"product_tag-statie-de-pompare-ro","12":"ts_product_brand-ebara-ro","14":"first","15":"instock","16":"sale","17":"shipping-taxable","18":"purchasable","19":"product-type-simple","20":"add-to-wishlist-after_add_to_cart"},"yoast_head":"<!-- This site is optimized with the Yoast SEO plugin v27.3 - https:\/\/yoast.com\/product\/yoast-seo-wordpress\/ -->\n<title>Ebara Hydrostation Bluetooth - Tehnoformat<\/title>\n<meta name=\"robots\" content=\"index, follow, max-snippet:-1, max-image-preview:large, max-video-preview:-1\" \/>\n<link rel=\"canonical\" href=\"https:\/\/tehnoformat.md\/ro\/produs\/ebara-hydrostation-bluetooth\/\" \/>\n<meta property=\"og:locale\" content=\"ro_RO\" \/>\n<meta property=\"og:type\" content=\"article\" \/>\n<meta property=\"og:title\" content=\"Ebara Hydrostation Bluetooth - Tehnoformat\" \/>\n<meta property=\"og:description\" content=\"Instruc\u021bie Pa\u0219aport tehnic Hidrosta\u021bia Ebara este un sistem electronic nou, cu clasa de eficien\u021b\u0103 IE5, pentru alimentarea cu ap\u0103 la presiune constant\u0103. Pompa autoclav\u0103 compact\u0103 \u0219i inovatoare de nou\u0103 genera\u021bie este echipat\u0103 cu toate func\u021biile necesare \u0219i nu necesit\u0103 accesorii \u0219i unelte suplimentare pentru instalare. Acest sistem universal eficient energetic include: \u2022 Pomp\u0103 orizontal\u0103 multietajat\u0103 [&hellip;]\" \/>\n<meta property=\"og:url\" content=\"https:\/\/tehnoformat.md\/ro\/produs\/ebara-hydrostation-bluetooth\/\" \/>\n<meta property=\"og:site_name\" content=\"Tehnoformat\" \/>\n<meta property=\"article:publisher\" content=\"https:\/\/www.facebook.com\/formatterm\" \/>\n<meta property=\"article:modified_time\" content=\"2025-08-25T12:03:45+00:00\" \/>\n<meta property=\"og:image\" content=\"https:\/\/tehnoformat.md\/wp-content\/uploads\/2025\/08\/hydrostation.jpg\" \/>\n\t<meta property=\"og:image:width\" content=\"1000\" \/>\n\t<meta property=\"og:image:height\" content=\"1000\" \/>\n\t<meta property=\"og:image:type\" content=\"image\/jpeg\" \/>\n<meta name=\"twitter:card\" content=\"summary_large_image\" \/>\n<meta name=\"twitter:label1\" content=\"Timp estimat pentru citire\" \/>\n\t<meta name=\"twitter:data1\" content=\"2 minute\" \/>\n<script type=\"application\/ld+json\" class=\"yoast-schema-graph\">{\"@context\":\"https:\\\/\\\/schema.org\",\"@graph\":[{\"@type\":\"WebPage\",\"@id\":\"https:\\\/\\\/tehnoformat.md\\\/ro\\\/produs\\\/ebara-hydrostation-bluetooth\\\/\",\"url\":\"https:\\\/\\\/tehnoformat.md\\\/ro\\\/produs\\\/ebara-hydrostation-bluetooth\\\/\",\"name\":\"Ebara Hydrostation Bluetooth - Tehnoformat\",\"isPartOf\":{\"@id\":\"https:\\\/\\\/tehnoformat.md\\\/ro\\\/#website\"},\"primaryImageOfPage\":{\"@id\":\"https:\\\/\\\/tehnoformat.md\\\/ro\\\/produs\\\/ebara-hydrostation-bluetooth\\\/#primaryimage\"},\"image\":{\"@id\":\"https:\\\/\\\/tehnoformat.md\\\/ro\\\/produs\\\/ebara-hydrostation-bluetooth\\\/#primaryimage\"},\"thumbnailUrl\":\"https:\\\/\\\/tehnoformat.md\\\/wp-content\\\/uploads\\\/2025\\\/08\\\/hydrostation.jpg\",\"datePublished\":\"2025-08-25T11:49:38+00:00\",\"dateModified\":\"2025-08-25T12:03:45+00:00\",\"breadcrumb\":{\"@id\":\"https:\\\/\\\/tehnoformat.md\\\/ro\\\/produs\\\/ebara-hydrostation-bluetooth\\\/#breadcrumb\"},\"inLanguage\":\"ro-RO\",\"potentialAction\":[{\"@type\":\"ReadAction\",\"target\":[\"https:\\\/\\\/tehnoformat.md\\\/ro\\\/produs\\\/ebara-hydrostation-bluetooth\\\/\"]}]},{\"@type\":\"ImageObject\",\"inLanguage\":\"ro-RO\",\"@id\":\"https:\\\/\\\/tehnoformat.md\\\/ro\\\/produs\\\/ebara-hydrostation-bluetooth\\\/#primaryimage\",\"url\":\"https:\\\/\\\/tehnoformat.md\\\/wp-content\\\/uploads\\\/2025\\\/08\\\/hydrostation.jpg\",\"contentUrl\":\"https:\\\/\\\/tehnoformat.md\\\/wp-content\\\/uploads\\\/2025\\\/08\\\/hydrostation.jpg\",\"width\":1000,\"height\":1000},{\"@type\":\"BreadcrumbList\",\"@id\":\"https:\\\/\\\/tehnoformat.md\\\/ro\\\/produs\\\/ebara-hydrostation-bluetooth\\\/#breadcrumb\",\"itemListElement\":[{\"@type\":\"ListItem\",\"position\":1,\"name\":\"Pagina principal\u0103\",\"item\":\"https:\\\/\\\/tehnoformat.md\\\/ro\\\/\"},{\"@type\":\"ListItem\",\"position\":2,\"name\":\"Magazin\",\"item\":\"https:\\\/\\\/tehnoformat.md\\\/ro\\\/shop\\\/\"},{\"@type\":\"ListItem\",\"position\":3,\"name\":\"Ebara Hydrostation Bluetooth\"}]},{\"@type\":\"WebSite\",\"@id\":\"https:\\\/\\\/tehnoformat.md\\\/ro\\\/#website\",\"url\":\"https:\\\/\\\/tehnoformat.md\\\/ro\\\/\",\"name\":\"Tehnoformat.md\",\"description\":\"\",\"publisher\":{\"@id\":\"https:\\\/\\\/tehnoformat.md\\\/ro\\\/#organization\"},\"potentialAction\":[{\"@type\":\"SearchAction\",\"target\":{\"@type\":\"EntryPoint\",\"urlTemplate\":\"https:\\\/\\\/tehnoformat.md\\\/ro\\\/?s={search_term_string}\"},\"query-input\":{\"@type\":\"PropertyValueSpecification\",\"valueRequired\":true,\"valueName\":\"search_term_string\"}}],\"inLanguage\":\"ro-RO\"},{\"@type\":\"Organization\",\"@id\":\"https:\\\/\\\/tehnoformat.md\\\/ro\\\/#organization\",\"name\":\"Tehnoformat\",\"url\":\"https:\\\/\\\/tehnoformat.md\\\/ro\\\/\",\"logo\":{\"@type\":\"ImageObject\",\"inLanguage\":\"ro-RO\",\"@id\":\"https:\\\/\\\/tehnoformat.md\\\/ro\\\/#\\\/schema\\\/logo\\\/image\\\/\",\"url\":\"https:\\\/\\\/tehnoformat.md\\\/wp-content\\\/uploads\\\/2024\\\/10\\\/icon1.png\",\"contentUrl\":\"https:\\\/\\\/tehnoformat.md\\\/wp-content\\\/uploads\\\/2024\\\/10\\\/icon1.png\",\"width\":512,\"height\":512,\"caption\":\"Tehnoformat\"},\"image\":{\"@id\":\"https:\\\/\\\/tehnoformat.md\\\/ro\\\/#\\\/schema\\\/logo\\\/image\\\/\"},\"sameAs\":[\"https:\\\/\\\/www.facebook.com\\\/formatterm\",\"https:\\\/\\\/www.instagram.com\\\/tehnoformat.md\\\/\"]}]}<\/script>\n<!-- \/ Yoast SEO plugin. -->","yoast_head_json":{"title":"Ebara Hydrostation Bluetooth - Tehnoformat","robots":{"index":"index","follow":"follow","max-snippet":"max-snippet:-1","max-image-preview":"max-image-preview:large","max-video-preview":"max-video-preview:-1"},"canonical":"https:\/\/tehnoformat.md\/ro\/produs\/ebara-hydrostation-bluetooth\/","og_locale":"ro_RO","og_type":"article","og_title":"Ebara Hydrostation Bluetooth - Tehnoformat","og_description":"Instruc\u021bie Pa\u0219aport tehnic Hidrosta\u021bia Ebara este un sistem electronic nou, cu clasa de eficien\u021b\u0103 IE5, pentru alimentarea cu ap\u0103 la presiune constant\u0103. Pompa autoclav\u0103 compact\u0103 \u0219i inovatoare de nou\u0103 genera\u021bie este echipat\u0103 cu toate func\u021biile necesare \u0219i nu necesit\u0103 accesorii \u0219i unelte suplimentare pentru instalare. Acest sistem universal eficient energetic include: \u2022 Pomp\u0103 orizontal\u0103 multietajat\u0103 [&hellip;]","og_url":"https:\/\/tehnoformat.md\/ro\/produs\/ebara-hydrostation-bluetooth\/","og_site_name":"Tehnoformat","article_publisher":"https:\/\/www.facebook.com\/formatterm","article_modified_time":"2025-08-25T12:03:45+00:00","og_image":[{"width":1000,"height":1000,"url":"https:\/\/tehnoformat.md\/wp-content\/uploads\/2025\/08\/hydrostation.jpg","type":"image\/jpeg"}],"twitter_card":"summary_large_image","twitter_misc":{"Timp estimat pentru citire":"2 minute"},"schema":{"@context":"https:\/\/schema.org","@graph":[{"@type":"WebPage","@id":"https:\/\/tehnoformat.md\/ro\/produs\/ebara-hydrostation-bluetooth\/","url":"https:\/\/tehnoformat.md\/ro\/produs\/ebara-hydrostation-bluetooth\/","name":"Ebara Hydrostation Bluetooth - Tehnoformat","isPartOf":{"@id":"https:\/\/tehnoformat.md\/ro\/#website"},"primaryImageOfPage":{"@id":"https:\/\/tehnoformat.md\/ro\/produs\/ebara-hydrostation-bluetooth\/#primaryimage"},"image":{"@id":"https:\/\/tehnoformat.md\/ro\/produs\/ebara-hydrostation-bluetooth\/#primaryimage"},"thumbnailUrl":"https:\/\/tehnoformat.md\/wp-content\/uploads\/2025\/08\/hydrostation.jpg","datePublished":"2025-08-25T11:49:38+00:00","dateModified":"2025-08-25T12:03:45+00:00","breadcrumb":{"@id":"https:\/\/tehnoformat.md\/ro\/produs\/ebara-hydrostation-bluetooth\/#breadcrumb"},"inLanguage":"ro-RO","potentialAction":[{"@type":"ReadAction","target":["https:\/\/tehnoformat.md\/ro\/produs\/ebara-hydrostation-bluetooth\/"]}]},{"@type":"ImageObject","inLanguage":"ro-RO","@id":"https:\/\/tehnoformat.md\/ro\/produs\/ebara-hydrostation-bluetooth\/#primaryimage","url":"https:\/\/tehnoformat.md\/wp-content\/uploads\/2025\/08\/hydrostation.jpg","contentUrl":"https:\/\/tehnoformat.md\/wp-content\/uploads\/2025\/08\/hydrostation.jpg","width":1000,"height":1000},{"@type":"BreadcrumbList","@id":"https:\/\/tehnoformat.md\/ro\/produs\/ebara-hydrostation-bluetooth\/#breadcrumb","itemListElement":[{"@type":"ListItem","position":1,"name":"Pagina principal\u0103","item":"https:\/\/tehnoformat.md\/ro\/"},{"@type":"ListItem","position":2,"name":"Magazin","item":"https:\/\/tehnoformat.md\/ro\/shop\/"},{"@type":"ListItem","position":3,"name":"Ebara Hydrostation Bluetooth"}]},{"@type":"WebSite","@id":"https:\/\/tehnoformat.md\/ro\/#website","url":"https:\/\/tehnoformat.md\/ro\/","name":"Tehnoformat.md","description":"","publisher":{"@id":"https:\/\/tehnoformat.md\/ro\/#organization"},"potentialAction":[{"@type":"SearchAction","target":{"@type":"EntryPoint","urlTemplate":"https:\/\/tehnoformat.md\/ro\/?s={search_term_string}"},"query-input":{"@type":"PropertyValueSpecification","valueRequired":true,"valueName":"search_term_string"}}],"inLanguage":"ro-RO"},{"@type":"Organization","@id":"https:\/\/tehnoformat.md\/ro\/#organization","name":"Tehnoformat","url":"https:\/\/tehnoformat.md\/ro\/","logo":{"@type":"ImageObject","inLanguage":"ro-RO","@id":"https:\/\/tehnoformat.md\/ro\/#\/schema\/logo\/image\/","url":"https:\/\/tehnoformat.md\/wp-content\/uploads\/2024\/10\/icon1.png","contentUrl":"https:\/\/tehnoformat.md\/wp-content\/uploads\/2024\/10\/icon1.png","width":512,"height":512,"caption":"Tehnoformat"},"image":{"@id":"https:\/\/tehnoformat.md\/ro\/#\/schema\/logo\/image\/"},"sameAs":["https:\/\/www.facebook.com\/formatterm","https:\/\/www.instagram.com\/tehnoformat.md\/"]}]}},"_links":{"self":[{"href":"https:\/\/tehnoformat.md\/ro\/wp-json\/wp\/v2\/product\/25252","targetHints":{"allow":["GET"]}}],"collection":[{"href":"https:\/\/tehnoformat.md\/ro\/wp-json\/wp\/v2\/product"}],"about":[{"href":"https:\/\/tehnoformat.md\/ro\/wp-json\/wp\/v2\/types\/product"}],"replies":[{"embeddable":true,"href":"https:\/\/tehnoformat.md\/ro\/wp-json\/wp\/v2\/comments?post=25252"}],"version-history":[{"count":3,"href":"https:\/\/tehnoformat.md\/ro\/wp-json\/wp\/v2\/product\/25252\/revisions"}],"predecessor-version":[{"id":25259,"href":"https:\/\/tehnoformat.md\/ro\/wp-json\/wp\/v2\/product\/25252\/revisions\/25259"}],"wp:featuredmedia":[{"embeddable":true,"href":"https:\/\/tehnoformat.md\/ro\/wp-json\/wp\/v2\/media\/25198"}],"wp:attachment":[{"href":"https:\/\/tehnoformat.md\/ro\/wp-json\/wp\/v2\/media?parent=25252"}],"wp:term":[{"taxonomy":"product_brand","embeddable":true,"href":"https:\/\/tehnoformat.md\/ro\/wp-json\/wp\/v2\/product_brand?post=25252"},{"taxonomy":"product_cat","embeddable":true,"href":"https:\/\/tehnoformat.md\/ro\/wp-json\/wp\/v2\/product_cat?post=25252"},{"taxonomy":"product_tag","embeddable":true,"href":"https:\/\/tehnoformat.md\/ro\/wp-json\/wp\/v2\/product_tag?post=25252"}],"curies":[{"name":"wp","href":"https:\/\/api.w.org\/{rel}","templated":true}]}}