{"id":25176,"date":"2024-10-12T12:41:18","date_gmt":"2024-10-12T09:41:18","guid":{"rendered":"https:\/\/tehnoformat.md\/product\/atlantic-opro-compact-pc-15-rb\/"},"modified":"2025-08-22T10:17:15","modified_gmt":"2025-08-22T07:17:15","slug":"atlantic-opro-compact-pc-15-rb","status":"publish","type":"product","link":"https:\/\/tehnoformat.md\/ro\/produs\/atlantic-opro-compact-pc-15-rb\/","title":{"rendered":"Atlantic Opro Compact PC 15 RB"},"content":{"rendered":"\t\t<div data-elementor-type=\"product-post\" data-elementor-id=\"25176\" class=\"elementor elementor-25176 elementor-17602\">\n\t\t\t\t<div class=\"elementor-element elementor-element-8765675 e-flex e-con-boxed e-con e-parent\" data-id=\"8765675\" data-element_type=\"container\" data-e-type=\"container\">\n\t\t\t\t\t<div class=\"e-con-inner\">\n\t\t\t\t<div class=\"elementor-element elementor-element-e49d6f0 elementor-align-center elementor-widget elementor-widget-button\" data-id=\"e49d6f0\" data-element_type=\"widget\" data-e-type=\"widget\" data-widget_type=\"button.default\">\n\t\t\t\t<div class=\"elementor-widget-container\">\n\t\t\t\t\t\t\t\t\t<div class=\"elementor-button-wrapper\">\n\t\t\t\t\t<a target=\"_blank\" rel=\"nofollow\" href=\"https:\/\/tehnoformat.md\/goto\/https:\/\/atlantic.ua\/image\/catalog\/Documentation\/evn\/inctrukciya-atlantic-opro-small.pdf\" class=\"elementor-button elementor-button-link elementor-size-sm\" >\n\t\t\t\t\t\t<span class=\"elementor-button-content-wrapper\">\n\t\t\t\t\t\t\t\t\t<span class=\"elementor-button-text\">Instruc\u021biuni de utilizare<\/span>\n\t\t\t\t\t<\/span>\n\t\t\t\t\t<\/a>\n\t\t\t\t<\/div>\n\t\t\t\t\t\t\t\t<\/div>\n\t\t\t\t<\/div>\n\t\t\t\t\t<\/div>\n\t\t\t\t<\/div>\n\t\t<div class=\"elementor-element elementor-element-e1dc3d7 e-flex e-con-boxed e-con e-parent\" data-id=\"e1dc3d7\" data-element_type=\"container\" data-e-type=\"container\">\n\t\t\t\t\t<div class=\"e-con-inner\">\n\t\t\t\t<div class=\"elementor-element elementor-element-2db5f90 elementor-widget elementor-widget-text-editor\" data-id=\"2db5f90\" data-element_type=\"widget\" data-e-type=\"widget\" data-widget_type=\"text-editor.default\">\n\t\t\t\t<div class=\"elementor-widget-container\">\n\t\t\t\t\t\t\t\t\t<p>\u00cenc\u0103lzitorul electric de ap\u0103 <strong>Atlantic O\u2019Pro Small PC 15 R<\/strong> este conceput pentru instalarea <strong>deasupra chiuvetei<\/strong> \u0219i este capabil s\u0103 furnizeze ap\u0103 cald\u0103 unui singur punct de alimentare cu ap\u0103. Datorit\u0103 dimensiunilor sale compacte, \u00eenc\u0103lzitorul de ap\u0103 se amplaseaz\u0103 cu u\u0219urin\u021b\u0103 \u00een mobilierul de buc\u0103t\u0103rie, economisind spa\u021biu \u0219i r\u0103m\u00e2n\u00e2nd convenabil de utilizat. <\/p><h6>Caracteristici \u0219i caracteristici principale:<\/h6><ul><li><strong>Element de \u00eenc\u0103lzire din cupru:<\/strong> un element de \u00eenc\u0103lzire care asigur\u0103 \u00eenc\u0103lzirea eficient\u0103 a apei.<\/li><li><strong>Anod de magneziu:<\/strong> protejeaz\u0103 rezervorul interior \u0219i elementul de \u00eenc\u0103lzire de coroziune, prelungind durata de via\u021b\u0103 a \u00eenc\u0103lzitorului de ap\u0103.<\/li><li><strong>Tehnologie de protec\u021bie ohmic\u0103 (O\u2019Pro)<\/strong>: o dezvoltare unic\u0103 ce permite extinderea duratei de via\u021b\u0103 a anodului de magneziu de 2 ori, ceea ce reduce frecven\u021ba \u00eentre\u021binerii.<\/li><li><strong>Putere 2000 W:<\/strong> asigur\u0103 \u00eenc\u0103lzirea rapid\u0103 a apei p\u00e2n\u0103 la 63 \u00b0C \u00een 26 de minute f\u0103r\u0103 a supra\u00eenc\u0103rca re\u021beaua electric\u0103.<\/li><li><strong>Consum de energie<\/strong>: 1 ciclu de \u00eenc\u0103lzire a apei la temperatura maxim\u0103 consum\u0103 aproximativ 870 W h.<\/li><li><strong>Email de zirconiu<\/strong>: emailul de \u00eenalt\u0103 calitate cu adaos de zirconiu ofer\u0103 protec\u021bie rezervorului \u00eempotriva coroziunii \u0219i a schimb\u0103rilor de temperatur\u0103.<\/li><li><strong>Izola\u021bie din spum\u0103 poliuretanic\u0103<\/strong>: un strat dens de izola\u021bie reduce pierderile de c\u0103ldur\u0103 la minimum &#8211; doar 5-6 \u00b0C pe zi, ceea ce v\u0103 permite s\u0103 men\u021bine\u021bi apa cald\u0103 pentru o perioad\u0103 lung\u0103 de timp.<\/li><li><strong>Func\u021bionare silen\u021bioas\u0103<\/strong>: func\u021bionarea absolut silen\u021bioas\u0103 a dispozitivului, ceea ce \u00eel face confortabil de utilizat.<\/li><li><strong>Controlul temperaturii:<\/strong> Panoul extern v\u0103 permite s\u0103 controla\u021bi cu u\u0219urin\u021b\u0103 temperatura apei.<\/li><\/ul><h6>Proiectare \u0219i instalare:<\/h6><ul><li><strong>Dimensiunile compacte<\/strong> \u0219i instalarea deasupra chiuvetei permit integrarea u\u0219oar\u0103 a \u00eenc\u0103lzitorului de ap\u0103 \u00een interiorul buc\u0103t\u0103riei. Designul clasic \u00eel face o solu\u021bie universal\u0103 pentru orice camer\u0103. <\/li><\/ul>\t\t\t\t\t\t\t\t<\/div>\n\t\t\t\t<\/div>\n\t\t\t\t\t<\/div>\n\t\t\t\t<\/div>\n\t\t<div class=\"elementor-element elementor-element-cf164a4 e-flex e-con-boxed e-con e-parent\" data-id=\"cf164a4\" data-element_type=\"container\" data-e-type=\"container\">\n\t\t\t\t\t<div class=\"e-con-inner\">\n\t\t\t\t<div class=\"elementor-element elementor-element-22d7253 elementor-widget elementor-widget-image\" data-id=\"22d7253\" data-element_type=\"widget\" data-e-type=\"widget\" data-widget_type=\"image.default\">\n\t\t\t\t<div class=\"elementor-widget-container\">\n\t\t\t\t\t\t\t\t\t\t\t\t\t\t\t<img fetchpriority=\"high\" decoding=\"async\" width=\"1024\" height=\"611\" src=\"https:\/\/tehnoformat.md\/wp-content\/uploads\/2024\/10\/option1-4.jpg\" class=\"attachment-large size-large wp-image-22401\" alt=\"\" srcset=\"https:\/\/tehnoformat.md\/wp-content\/uploads\/2024\/10\/option1-4.jpg 1024w, https:\/\/tehnoformat.md\/wp-content\/uploads\/2024\/10\/option1-4-300x179.jpg 300w, https:\/\/tehnoformat.md\/wp-content\/uploads\/2024\/10\/option1-4-768x458.jpg 768w, https:\/\/tehnoformat.md\/wp-content\/uploads\/2024\/10\/option1-4-1000x597.jpg 1000w\" sizes=\"(max-width: 1024px) 100vw, 1024px\" \/>\t\t\t\t\t\t\t\t\t\t\t\t\t\t\t<\/div>\n\t\t\t\t<\/div>\n\t\t\t\t\t<\/div>\n\t\t\t\t<\/div>\n\t\t<div class=\"elementor-element elementor-element-8cb604e e-flex e-con-boxed e-con e-parent\" data-id=\"8cb604e\" data-element_type=\"container\" data-e-type=\"container\">\n\t\t\t\t\t<div class=\"e-con-inner\">\n\t\t\t\t<div class=\"elementor-element elementor-element-03e7d33 elementor-widget elementor-widget-text-editor\" data-id=\"03e7d33\" data-element_type=\"widget\" data-e-type=\"widget\" data-widget_type=\"text-editor.default\">\n\t\t\t\t<div class=\"elementor-widget-container\">\n\t\t\t\t\t\t\t\t\t<h6>Caracteristicile boilerului Atlantic O Pro Compact PC 15 RB<\/h6>\n<ul>\n<li>Supap\u0103 de siguran\u021b\u0103, cuplaj dielectric<\/li>\n<li>Sistem suplimentar de protec\u021bie anticoroziv\u0103 O\u2019Pro, care reduce intensitatea consumului de anod de magneziu \u0219i, prin urmare, cre\u0219te perioada de func\u021bionare activ\u0103 a acestuia pentru a proteja rezervorul intern de coroziune<\/li>\n<li>Anod de magneziu<\/li>\n<li>Indicator de \u00eenc\u0103lzire<\/li>\n<li>Izola\u021bie ecologic\u0103 din spum\u0103 poliuretanic\u0103<\/li>\n<li>\u021aeav\u0103 de admisie a apei calde din o\u021bel inoxidabil<\/li>\n<li>Termostat cu protec\u021bie la supra\u00eenc\u0103lzire<\/li>\n<li>Kitul include un cablu \u0219i un \u0219techer.<\/li>\n<\/ul>\t\t\t\t\t\t\t\t<\/div>\n\t\t\t\t<\/div>\n\t\t\t\t\t<\/div>\n\t\t\t\t<\/div>\n\t\t<div class=\"elementor-element elementor-element-013d052 e-flex e-con-boxed e-con e-parent\" data-id=\"013d052\" data-element_type=\"container\" data-e-type=\"container\">\n\t\t\t\t\t<div class=\"e-con-inner\">\n\t\t\t\t<div class=\"elementor-element elementor-element-92ef5dd elementor-widget elementor-widget-image\" data-id=\"92ef5dd\" data-element_type=\"widget\" data-e-type=\"widget\" data-widget_type=\"image.default\">\n\t\t\t\t<div class=\"elementor-widget-container\">\n\t\t\t\t\t\t\t\t\t\t\t\t\t\t\t<img decoding=\"async\" width=\"989\" height=\"665\" src=\"https:\/\/tehnoformat.md\/wp-content\/uploads\/2024\/10\/option-9.jpg\" class=\"attachment-large size-large wp-image-22463\" alt=\"\" srcset=\"https:\/\/tehnoformat.md\/wp-content\/uploads\/2024\/10\/option-9.jpg 989w, https:\/\/tehnoformat.md\/wp-content\/uploads\/2024\/10\/option-9-300x202.jpg 300w, https:\/\/tehnoformat.md\/wp-content\/uploads\/2024\/10\/option-9-768x516.jpg 768w\" sizes=\"(max-width: 989px) 100vw, 989px\" \/>\t\t\t\t\t\t\t\t\t\t\t\t\t\t\t<\/div>\n\t\t\t\t<\/div>\n\t\t\t\t\t<\/div>\n\t\t\t\t<\/div>\n\t\t\t\t<\/div>\n\t\t","protected":false},"excerpt":{"rendered":"<p>Instruc\u021biuni de utilizare \u00cenc\u0103lzitorul electric de ap\u0103 Atlantic O\u2019Pro Small PC 15 R este conceput pentru instalarea deasupra chiuvetei \u0219i este capabil s\u0103 furnizeze ap\u0103 cald\u0103 unui singur punct de alimentare cu ap\u0103. Datorit\u0103 dimensiunilor sale compacte, \u00eenc\u0103lzitorul de ap\u0103 se amplaseaz\u0103 cu u\u0219urin\u021b\u0103 \u00een mobilierul de buc\u0103t\u0103rie, economisind spa\u021biu \u0219i r\u0103m\u00e2n\u00e2nd convenabil de utilizat. [&hellip;]<\/p>\n","protected":false},"featured_media":22472,"comment_status":"closed","ping_status":"open","template":"","meta":[],"product_brand":[],"product_cat":[784,795],"product_tag":[896,906,907,1002],"class_list":{"0":"post-25176","1":"product","2":"type-product","3":"status-publish","4":"has-post-thumbnail","6":"product_cat-boilere","7":"product_cat-incalzitoare-de-apa","8":"product_tag-atlantic-ro","9":"product_tag-boilere-ro","10":"product_tag-boilere-electrice-ro","11":"product_tag-slim-ro","12":"ts_product_brand-atlantic-ro","14":"first","15":"instock","16":"sale","17":"shipping-taxable","18":"purchasable","19":"product-type-simple","20":"add-to-wishlist-after_add_to_cart"},"yoast_head":"<!-- This site is optimized with the Yoast SEO plugin v27.3 - https:\/\/yoast.com\/product\/yoast-seo-wordpress\/ -->\n<title>Atlantic Opro Compact PC 15 RB - Tehnoformat<\/title>\n<meta name=\"robots\" content=\"index, follow, max-snippet:-1, max-image-preview:large, max-video-preview:-1\" \/>\n<link rel=\"canonical\" href=\"https:\/\/tehnoformat.md\/ro\/produs\/atlantic-opro-compact-pc-15-rb\/\" \/>\n<meta property=\"og:locale\" content=\"ro_RO\" \/>\n<meta property=\"og:type\" content=\"article\" \/>\n<meta property=\"og:title\" content=\"Atlantic Opro Compact PC 15 RB - Tehnoformat\" \/>\n<meta property=\"og:description\" content=\"Instruc\u021biuni de utilizare \u00cenc\u0103lzitorul electric de ap\u0103 Atlantic O\u2019Pro Small PC 15 R este conceput pentru instalarea deasupra chiuvetei \u0219i este capabil s\u0103 furnizeze ap\u0103 cald\u0103 unui singur punct de alimentare cu ap\u0103. Datorit\u0103 dimensiunilor sale compacte, \u00eenc\u0103lzitorul de ap\u0103 se amplaseaz\u0103 cu u\u0219urin\u021b\u0103 \u00een mobilierul de buc\u0103t\u0103rie, economisind spa\u021biu \u0219i r\u0103m\u00e2n\u00e2nd convenabil de utilizat. [&hellip;]\" \/>\n<meta property=\"og:url\" content=\"https:\/\/tehnoformat.md\/ro\/produs\/atlantic-opro-compact-pc-15-rb\/\" \/>\n<meta property=\"og:site_name\" content=\"Tehnoformat\" \/>\n<meta property=\"article:publisher\" content=\"https:\/\/www.facebook.com\/formatterm\" \/>\n<meta property=\"article:modified_time\" content=\"2025-08-22T07:17:15+00:00\" \/>\n<meta property=\"og:image\" content=\"https:\/\/tehnoformat.md\/wp-content\/uploads\/2024\/10\/o-pro-15-small.jpg\" \/>\n\t<meta property=\"og:image:width\" content=\"1000\" \/>\n\t<meta property=\"og:image:height\" content=\"1000\" \/>\n\t<meta property=\"og:image:type\" content=\"image\/jpeg\" \/>\n<meta name=\"twitter:card\" content=\"summary_large_image\" \/>\n<meta name=\"twitter:label1\" content=\"Timp estimat pentru citire\" \/>\n\t<meta name=\"twitter:data1\" content=\"3 minute\" \/>\n<script type=\"application\/ld+json\" class=\"yoast-schema-graph\">{\"@context\":\"https:\\\/\\\/schema.org\",\"@graph\":[{\"@type\":\"WebPage\",\"@id\":\"https:\\\/\\\/tehnoformat.md\\\/ro\\\/produs\\\/atlantic-opro-compact-pc-15-rb\\\/\",\"url\":\"https:\\\/\\\/tehnoformat.md\\\/ro\\\/produs\\\/atlantic-opro-compact-pc-15-rb\\\/\",\"name\":\"Atlantic Opro Compact PC 15 RB - Tehnoformat\",\"isPartOf\":{\"@id\":\"https:\\\/\\\/tehnoformat.md\\\/ro\\\/#website\"},\"primaryImageOfPage\":{\"@id\":\"https:\\\/\\\/tehnoformat.md\\\/ro\\\/produs\\\/atlantic-opro-compact-pc-15-rb\\\/#primaryimage\"},\"image\":{\"@id\":\"https:\\\/\\\/tehnoformat.md\\\/ro\\\/produs\\\/atlantic-opro-compact-pc-15-rb\\\/#primaryimage\"},\"thumbnailUrl\":\"https:\\\/\\\/tehnoformat.md\\\/wp-content\\\/uploads\\\/2024\\\/10\\\/o-pro-15-small.jpg\",\"datePublished\":\"2024-10-12T09:41:18+00:00\",\"dateModified\":\"2025-08-22T07:17:15+00:00\",\"breadcrumb\":{\"@id\":\"https:\\\/\\\/tehnoformat.md\\\/ro\\\/produs\\\/atlantic-opro-compact-pc-15-rb\\\/#breadcrumb\"},\"inLanguage\":\"ro-RO\",\"potentialAction\":[{\"@type\":\"ReadAction\",\"target\":[\"https:\\\/\\\/tehnoformat.md\\\/ro\\\/produs\\\/atlantic-opro-compact-pc-15-rb\\\/\"]}]},{\"@type\":\"ImageObject\",\"inLanguage\":\"ro-RO\",\"@id\":\"https:\\\/\\\/tehnoformat.md\\\/ro\\\/produs\\\/atlantic-opro-compact-pc-15-rb\\\/#primaryimage\",\"url\":\"https:\\\/\\\/tehnoformat.md\\\/wp-content\\\/uploads\\\/2024\\\/10\\\/o-pro-15-small.jpg\",\"contentUrl\":\"https:\\\/\\\/tehnoformat.md\\\/wp-content\\\/uploads\\\/2024\\\/10\\\/o-pro-15-small.jpg\",\"width\":1000,\"height\":1000},{\"@type\":\"BreadcrumbList\",\"@id\":\"https:\\\/\\\/tehnoformat.md\\\/ro\\\/produs\\\/atlantic-opro-compact-pc-15-rb\\\/#breadcrumb\",\"itemListElement\":[{\"@type\":\"ListItem\",\"position\":1,\"name\":\"Pagina principal\u0103\",\"item\":\"https:\\\/\\\/tehnoformat.md\\\/ro\\\/\"},{\"@type\":\"ListItem\",\"position\":2,\"name\":\"Magazin\",\"item\":\"https:\\\/\\\/tehnoformat.md\\\/ro\\\/shop\\\/\"},{\"@type\":\"ListItem\",\"position\":3,\"name\":\"Atlantic Opro Compact PC 15 RB\"}]},{\"@type\":\"WebSite\",\"@id\":\"https:\\\/\\\/tehnoformat.md\\\/ro\\\/#website\",\"url\":\"https:\\\/\\\/tehnoformat.md\\\/ro\\\/\",\"name\":\"Tehnoformat.md\",\"description\":\"\",\"publisher\":{\"@id\":\"https:\\\/\\\/tehnoformat.md\\\/ro\\\/#organization\"},\"potentialAction\":[{\"@type\":\"SearchAction\",\"target\":{\"@type\":\"EntryPoint\",\"urlTemplate\":\"https:\\\/\\\/tehnoformat.md\\\/ro\\\/?s={search_term_string}\"},\"query-input\":{\"@type\":\"PropertyValueSpecification\",\"valueRequired\":true,\"valueName\":\"search_term_string\"}}],\"inLanguage\":\"ro-RO\"},{\"@type\":\"Organization\",\"@id\":\"https:\\\/\\\/tehnoformat.md\\\/ro\\\/#organization\",\"name\":\"Tehnoformat\",\"url\":\"https:\\\/\\\/tehnoformat.md\\\/ro\\\/\",\"logo\":{\"@type\":\"ImageObject\",\"inLanguage\":\"ro-RO\",\"@id\":\"https:\\\/\\\/tehnoformat.md\\\/ro\\\/#\\\/schema\\\/logo\\\/image\\\/\",\"url\":\"https:\\\/\\\/tehnoformat.md\\\/wp-content\\\/uploads\\\/2024\\\/10\\\/icon1.png\",\"contentUrl\":\"https:\\\/\\\/tehnoformat.md\\\/wp-content\\\/uploads\\\/2024\\\/10\\\/icon1.png\",\"width\":512,\"height\":512,\"caption\":\"Tehnoformat\"},\"image\":{\"@id\":\"https:\\\/\\\/tehnoformat.md\\\/ro\\\/#\\\/schema\\\/logo\\\/image\\\/\"},\"sameAs\":[\"https:\\\/\\\/www.facebook.com\\\/formatterm\",\"https:\\\/\\\/www.instagram.com\\\/tehnoformat.md\\\/\"]}]}<\/script>\n<!-- \/ Yoast SEO plugin. -->","yoast_head_json":{"title":"Atlantic Opro Compact PC 15 RB - Tehnoformat","robots":{"index":"index","follow":"follow","max-snippet":"max-snippet:-1","max-image-preview":"max-image-preview:large","max-video-preview":"max-video-preview:-1"},"canonical":"https:\/\/tehnoformat.md\/ro\/produs\/atlantic-opro-compact-pc-15-rb\/","og_locale":"ro_RO","og_type":"article","og_title":"Atlantic Opro Compact PC 15 RB - Tehnoformat","og_description":"Instruc\u021biuni de utilizare \u00cenc\u0103lzitorul electric de ap\u0103 Atlantic O\u2019Pro Small PC 15 R este conceput pentru instalarea deasupra chiuvetei \u0219i este capabil s\u0103 furnizeze ap\u0103 cald\u0103 unui singur punct de alimentare cu ap\u0103. Datorit\u0103 dimensiunilor sale compacte, \u00eenc\u0103lzitorul de ap\u0103 se amplaseaz\u0103 cu u\u0219urin\u021b\u0103 \u00een mobilierul de buc\u0103t\u0103rie, economisind spa\u021biu \u0219i r\u0103m\u00e2n\u00e2nd convenabil de utilizat. [&hellip;]","og_url":"https:\/\/tehnoformat.md\/ro\/produs\/atlantic-opro-compact-pc-15-rb\/","og_site_name":"Tehnoformat","article_publisher":"https:\/\/www.facebook.com\/formatterm","article_modified_time":"2025-08-22T07:17:15+00:00","og_image":[{"width":1000,"height":1000,"url":"https:\/\/tehnoformat.md\/wp-content\/uploads\/2024\/10\/o-pro-15-small.jpg","type":"image\/jpeg"}],"twitter_card":"summary_large_image","twitter_misc":{"Timp estimat pentru citire":"3 minute"},"schema":{"@context":"https:\/\/schema.org","@graph":[{"@type":"WebPage","@id":"https:\/\/tehnoformat.md\/ro\/produs\/atlantic-opro-compact-pc-15-rb\/","url":"https:\/\/tehnoformat.md\/ro\/produs\/atlantic-opro-compact-pc-15-rb\/","name":"Atlantic Opro Compact PC 15 RB - Tehnoformat","isPartOf":{"@id":"https:\/\/tehnoformat.md\/ro\/#website"},"primaryImageOfPage":{"@id":"https:\/\/tehnoformat.md\/ro\/produs\/atlantic-opro-compact-pc-15-rb\/#primaryimage"},"image":{"@id":"https:\/\/tehnoformat.md\/ro\/produs\/atlantic-opro-compact-pc-15-rb\/#primaryimage"},"thumbnailUrl":"https:\/\/tehnoformat.md\/wp-content\/uploads\/2024\/10\/o-pro-15-small.jpg","datePublished":"2024-10-12T09:41:18+00:00","dateModified":"2025-08-22T07:17:15+00:00","breadcrumb":{"@id":"https:\/\/tehnoformat.md\/ro\/produs\/atlantic-opro-compact-pc-15-rb\/#breadcrumb"},"inLanguage":"ro-RO","potentialAction":[{"@type":"ReadAction","target":["https:\/\/tehnoformat.md\/ro\/produs\/atlantic-opro-compact-pc-15-rb\/"]}]},{"@type":"ImageObject","inLanguage":"ro-RO","@id":"https:\/\/tehnoformat.md\/ro\/produs\/atlantic-opro-compact-pc-15-rb\/#primaryimage","url":"https:\/\/tehnoformat.md\/wp-content\/uploads\/2024\/10\/o-pro-15-small.jpg","contentUrl":"https:\/\/tehnoformat.md\/wp-content\/uploads\/2024\/10\/o-pro-15-small.jpg","width":1000,"height":1000},{"@type":"BreadcrumbList","@id":"https:\/\/tehnoformat.md\/ro\/produs\/atlantic-opro-compact-pc-15-rb\/#breadcrumb","itemListElement":[{"@type":"ListItem","position":1,"name":"Pagina principal\u0103","item":"https:\/\/tehnoformat.md\/ro\/"},{"@type":"ListItem","position":2,"name":"Magazin","item":"https:\/\/tehnoformat.md\/ro\/shop\/"},{"@type":"ListItem","position":3,"name":"Atlantic Opro Compact PC 15 RB"}]},{"@type":"WebSite","@id":"https:\/\/tehnoformat.md\/ro\/#website","url":"https:\/\/tehnoformat.md\/ro\/","name":"Tehnoformat.md","description":"","publisher":{"@id":"https:\/\/tehnoformat.md\/ro\/#organization"},"potentialAction":[{"@type":"SearchAction","target":{"@type":"EntryPoint","urlTemplate":"https:\/\/tehnoformat.md\/ro\/?s={search_term_string}"},"query-input":{"@type":"PropertyValueSpecification","valueRequired":true,"valueName":"search_term_string"}}],"inLanguage":"ro-RO"},{"@type":"Organization","@id":"https:\/\/tehnoformat.md\/ro\/#organization","name":"Tehnoformat","url":"https:\/\/tehnoformat.md\/ro\/","logo":{"@type":"ImageObject","inLanguage":"ro-RO","@id":"https:\/\/tehnoformat.md\/ro\/#\/schema\/logo\/image\/","url":"https:\/\/tehnoformat.md\/wp-content\/uploads\/2024\/10\/icon1.png","contentUrl":"https:\/\/tehnoformat.md\/wp-content\/uploads\/2024\/10\/icon1.png","width":512,"height":512,"caption":"Tehnoformat"},"image":{"@id":"https:\/\/tehnoformat.md\/ro\/#\/schema\/logo\/image\/"},"sameAs":["https:\/\/www.facebook.com\/formatterm","https:\/\/www.instagram.com\/tehnoformat.md\/"]}]}},"_links":{"self":[{"href":"https:\/\/tehnoformat.md\/ro\/wp-json\/wp\/v2\/product\/25176","targetHints":{"allow":["GET"]}}],"collection":[{"href":"https:\/\/tehnoformat.md\/ro\/wp-json\/wp\/v2\/product"}],"about":[{"href":"https:\/\/tehnoformat.md\/ro\/wp-json\/wp\/v2\/types\/product"}],"replies":[{"embeddable":true,"href":"https:\/\/tehnoformat.md\/ro\/wp-json\/wp\/v2\/comments?post=25176"}],"version-history":[{"count":2,"href":"https:\/\/tehnoformat.md\/ro\/wp-json\/wp\/v2\/product\/25176\/revisions"}],"predecessor-version":[{"id":25211,"href":"https:\/\/tehnoformat.md\/ro\/wp-json\/wp\/v2\/product\/25176\/revisions\/25211"}],"wp:featuredmedia":[{"embeddable":true,"href":"https:\/\/tehnoformat.md\/ro\/wp-json\/wp\/v2\/media\/22472"}],"wp:attachment":[{"href":"https:\/\/tehnoformat.md\/ro\/wp-json\/wp\/v2\/media?parent=25176"}],"wp:term":[{"taxonomy":"product_brand","embeddable":true,"href":"https:\/\/tehnoformat.md\/ro\/wp-json\/wp\/v2\/product_brand?post=25176"},{"taxonomy":"product_cat","embeddable":true,"href":"https:\/\/tehnoformat.md\/ro\/wp-json\/wp\/v2\/product_cat?post=25176"},{"taxonomy":"product_tag","embeddable":true,"href":"https:\/\/tehnoformat.md\/ro\/wp-json\/wp\/v2\/product_tag?post=25176"}],"curies":[{"name":"wp","href":"https:\/\/api.w.org\/{rel}","templated":true}]}}