{"id":25172,"date":"2024-10-14T09:34:29","date_gmt":"2024-10-14T06:34:29","guid":{"rendered":"https:\/\/tehnoformat.md\/product\/tesy-gcu-0715-g01-rc\/"},"modified":"2026-03-05T18:06:11","modified_gmt":"2026-03-05T15:06:11","slug":"tesy-gcu-0715-g01-rc","status":"publish","type":"product","link":"https:\/\/tehnoformat.md\/ro\/produs\/tesy-gcu-0715-g01-rc\/","title":{"rendered":"Tesy GCU 0715 G01 RC"},"content":{"rendered":"\t\t<div data-elementor-type=\"product-post\" data-elementor-id=\"25172\" class=\"elementor elementor-25172 elementor-17629\">\n\t\t\t\t<div class=\"elementor-element elementor-element-16dd150 e-flex e-con-boxed e-con e-parent\" data-id=\"16dd150\" data-element_type=\"container\" data-e-type=\"container\">\n\t\t\t\t\t<div class=\"e-con-inner\">\n\t\t<div class=\"elementor-element elementor-element-2d9e157 e-con-full e-flex e-con e-child\" data-id=\"2d9e157\" data-element_type=\"container\" data-e-type=\"container\">\n\t\t\t\t<div class=\"elementor-element elementor-element-63b97ad elementor-align-center elementor-widget elementor-widget-button\" data-id=\"63b97ad\" data-element_type=\"widget\" data-e-type=\"widget\" data-widget_type=\"button.default\">\n\t\t\t\t<div class=\"elementor-widget-container\">\n\t\t\t\t\t\t\t\t\t<div class=\"elementor-button-wrapper\">\n\t\t\t\t\t<a target=\"_blank\" rel=\"nofollow\" href=\"https:\/\/tehnoformat.md\/goto\/https:\/\/tesy.bg\/products\/datasheet\/679\" class=\"elementor-button elementor-button-link elementor-size-sm\" >\n\t\t\t\t\t\t<span class=\"elementor-button-content-wrapper\">\n\t\t\t\t\t\t\t\t\t<span class=\"elementor-button-text\">Pa\u0219aport<\/span>\n\t\t\t\t\t<\/span>\n\t\t\t\t\t<\/a>\n\t\t\t\t<\/div>\n\t\t\t\t\t\t\t\t<\/div>\n\t\t\t\t<\/div>\n\t\t\t\t<\/div>\n\t\t<div class=\"elementor-element elementor-element-36b1941 e-con-full e-flex e-con e-child\" data-id=\"36b1941\" data-element_type=\"container\" data-e-type=\"container\">\n\t\t\t\t<div class=\"elementor-element elementor-element-632fc89 elementor-align-center elementor-widget elementor-widget-button\" data-id=\"632fc89\" data-element_type=\"widget\" data-e-type=\"widget\" data-widget_type=\"button.default\">\n\t\t\t\t<div class=\"elementor-widget-container\">\n\t\t\t\t\t\t\t\t\t<div class=\"elementor-button-wrapper\">\n\t\t\t\t\t<a target=\"_blank\" rel=\"nofollow\" href=\"https:\/\/tehnoformat.md\/goto\/https:\/\/tesy.kz\/web\/files\/richeditor\/TESY%20Home%20RU%20v1.6.pdf\" class=\"elementor-button elementor-button-link elementor-size-sm\" >\n\t\t\t\t\t\t<span class=\"elementor-button-content-wrapper\">\n\t\t\t\t\t\t\t\t\t<span class=\"elementor-button-text\">Catalog<\/span>\n\t\t\t\t\t<\/span>\n\t\t\t\t\t<\/a>\n\t\t\t\t<\/div>\n\t\t\t\t\t\t\t\t<\/div>\n\t\t\t\t<\/div>\n\t\t\t\t<\/div>\n\t\t<div class=\"elementor-element elementor-element-686c2ee e-con-full e-flex e-con e-child\" data-id=\"686c2ee\" data-element_type=\"container\" data-e-type=\"container\">\n\t\t\t\t<div class=\"elementor-element elementor-element-3caee47 elementor-align-center elementor-widget elementor-widget-button\" data-id=\"3caee47\" data-element_type=\"widget\" data-e-type=\"widget\" data-widget_type=\"button.default\">\n\t\t\t\t<div class=\"elementor-widget-container\">\n\t\t\t\t\t\t\t\t\t<div class=\"elementor-button-wrapper\">\n\t\t\t\t\t<a target=\"_blank\" rel=\"nofollow\" href=\"https:\/\/tehnoformat.md\/goto\/https:\/\/tesy.es\/web\/files\/richeditor\/TESY%20Catalogue%20EWH%20SPAIN%20%202021_22.pdf\" class=\"elementor-button elementor-button-link elementor-size-sm\" >\n\t\t\t\t\t\t<span class=\"elementor-button-content-wrapper\">\n\t\t\t\t\t\t\t\t\t<span class=\"elementor-button-text\">Catalog<\/span>\n\t\t\t\t\t<\/span>\n\t\t\t\t\t<\/a>\n\t\t\t\t<\/div>\n\t\t\t\t\t\t\t\t<\/div>\n\t\t\t\t<\/div>\n\t\t\t\t<\/div>\n\t\t\t\t\t<\/div>\n\t\t\t\t<\/div>\n\t\t<div class=\"elementor-element elementor-element-e2b46f3 e-flex e-con-boxed e-con e-parent\" data-id=\"e2b46f3\" data-element_type=\"container\" data-e-type=\"container\">\n\t\t\t\t\t<div class=\"e-con-inner\">\n\t\t<div class=\"elementor-element elementor-element-9ce1ab6 e-con-full e-flex e-con e-child\" data-id=\"9ce1ab6\" data-element_type=\"container\" data-e-type=\"container\">\n\t\t\t\t<div class=\"elementor-element elementor-element-ee6d337 elementor-widget elementor-widget-text-editor\" data-id=\"ee6d337\" data-element_type=\"widget\" data-e-type=\"widget\" data-widget_type=\"text-editor.default\">\n\t\t\t\t<div class=\"elementor-widget-container\">\n\t\t\t\t\t\t\t\t\t<p>\u00cenc\u0103lzitorul compact <strong>TESY Compact 7 GCU 0715 G01 RC<\/strong> este o solu\u021bie practic\u0103 pentru cei care caut\u0103 un \u00eenc\u0103lzitor de ap\u0103 mic \u0219i eficient pentru chiuvet\u0103. Datorit\u0103 designului s\u0103u elegant \u0219i dimensiunilor compacte (315 x 315 x 278 mm), poate fi montat cu u\u0219urin\u021b\u0103 sub chiuvet\u0103, pe blat sau pe perete, ceea ce \u00eel face foarte flexibil \u00een instalare \u0219i potrivit pentru diverse interioare. <\/p><h6>Principalele caracteristici:<\/h6><ul><li><strong>Capacitate:<\/strong> 7 litri, fiind ideal pentru puncte mici de ap\u0103, cum ar fi buc\u0103t\u0103riile sau b\u0103ile, unde este necesar\u0103 ap\u0103 cald\u0103.<\/li><li><strong>Putere:<\/strong> 1500 W, care asigur\u0103 o \u00eenc\u0103lzire rapid\u0103 a apei, permi\u021b\u00e2ndu-v\u0103 s\u0103 primi\u021bi constant ap\u0103 cald\u0103 atunci c\u00e2nd este nevoie.<\/li><li><strong>Eficien\u021b\u0103 energetic\u0103:<\/strong> \u00eendepline\u0219te clasa de eficien\u021b\u0103 energetic\u0103 <strong>B<\/strong>, ceea ce ajut\u0103 la economisirea energiei.<\/li><li><strong>Protec\u021bie la \u00eenghe\u021b:<\/strong> Sistemul \u00eencorporat de protec\u021bie la temperaturi sc\u0103zute previne deteriorarea \u00eenc\u0103lzitorului de ap\u0103 \u00een condi\u021bii de frig extrem.<\/li><li><strong>Protec\u021bie la supra\u00eenc\u0103lzire:<\/strong> Func\u021bia \u00eencorporat\u0103 asigur\u0103 o temperatur\u0103 sigur\u0103 a apei, prevenind supra\u00eenc\u0103lzirea acesteia.<\/li><\/ul><p>Acest \u00eenc\u0103lzitor de ap\u0103 este o solu\u021bie versatil\u0103 \u0219i compact\u0103 pentru locuin\u021be private, birouri sau alte spa\u021bii unde este necesar\u0103 ap\u0103 cald\u0103, dar spa\u021biul este limitat.<\/p>\t\t\t\t\t\t\t\t<\/div>\n\t\t\t\t<\/div>\n\t\t\t\t<\/div>\n\t\t<div class=\"elementor-element elementor-element-bf6fe78 e-con-full e-flex e-con e-child\" data-id=\"bf6fe78\" data-element_type=\"container\" data-e-type=\"container\">\n\t\t\t\t<div class=\"elementor-element elementor-element-0e38bec elementor-widget elementor-widget-image\" data-id=\"0e38bec\" data-element_type=\"widget\" data-e-type=\"widget\" data-widget_type=\"image.default\">\n\t\t\t\t<div class=\"elementor-widget-container\">\n\t\t\t\t\t\t\t\t\t\t\t\t\t\t\t<img fetchpriority=\"high\" decoding=\"async\" width=\"1000\" height=\"1000\" src=\"https:\/\/tehnoformat.md\/wp-content\/uploads\/2024\/10\/tesy-compact-7-gcu1.jpg\" class=\"attachment-large size-large wp-image-22480\" alt=\"\" srcset=\"https:\/\/tehnoformat.md\/wp-content\/uploads\/2024\/10\/tesy-compact-7-gcu1.jpg 1000w, https:\/\/tehnoformat.md\/wp-content\/uploads\/2024\/10\/tesy-compact-7-gcu1-300x300.jpg 300w, https:\/\/tehnoformat.md\/wp-content\/uploads\/2024\/10\/tesy-compact-7-gcu1-250x250.jpg 250w, https:\/\/tehnoformat.md\/wp-content\/uploads\/2024\/10\/tesy-compact-7-gcu1-768x768.jpg 768w, https:\/\/tehnoformat.md\/wp-content\/uploads\/2024\/10\/tesy-compact-7-gcu1-180x180.jpg 180w, https:\/\/tehnoformat.md\/wp-content\/uploads\/2024\/10\/tesy-compact-7-gcu1-400x400.jpg 400w, https:\/\/tehnoformat.md\/wp-content\/uploads\/2024\/10\/tesy-compact-7-gcu1-100x100.jpg 100w, https:\/\/tehnoformat.md\/wp-content\/uploads\/2024\/10\/tesy-compact-7-gcu1-54x54.jpg 54w, https:\/\/tehnoformat.md\/wp-content\/uploads\/2024\/10\/tesy-compact-7-gcu1-310x310.jpg 310w, https:\/\/tehnoformat.md\/wp-content\/uploads\/2024\/10\/tesy-compact-7-gcu1-80x80.jpg 80w\" sizes=\"(max-width: 1000px) 100vw, 1000px\" \/>\t\t\t\t\t\t\t\t\t\t\t\t\t\t\t<\/div>\n\t\t\t\t<\/div>\n\t\t\t\t<\/div>\n\t\t\t\t\t<\/div>\n\t\t\t\t<\/div>\n\t\t<div class=\"elementor-element elementor-element-22218ce e-flex e-con-boxed e-con e-parent\" data-id=\"22218ce\" data-element_type=\"container\" data-e-type=\"container\">\n\t\t\t\t\t<div class=\"e-con-inner\">\n\t\t<div class=\"elementor-element elementor-element-1154c1b e-con-full e-flex e-con e-child\" data-id=\"1154c1b\" data-element_type=\"container\" data-e-type=\"container\">\n\t\t\t\t<div class=\"elementor-element elementor-element-563de26 elementor-widget elementor-widget-image\" data-id=\"563de26\" data-element_type=\"widget\" data-e-type=\"widget\" data-widget_type=\"image.default\">\n\t\t\t\t<div class=\"elementor-widget-container\">\n\t\t\t\t\t\t\t\t\t\t\t\t\t\t\t<img decoding=\"async\" width=\"640\" height=\"470\" src=\"https:\/\/tehnoformat.md\/wp-content\/uploads\/2024\/10\/option1-6.jpg\" class=\"attachment-large size-large wp-image-22478\" alt=\"\" srcset=\"https:\/\/tehnoformat.md\/wp-content\/uploads\/2024\/10\/option1-6.jpg 640w, https:\/\/tehnoformat.md\/wp-content\/uploads\/2024\/10\/option1-6-300x220.jpg 300w\" sizes=\"(max-width: 640px) 100vw, 640px\" \/>\t\t\t\t\t\t\t\t\t\t\t\t\t\t\t<\/div>\n\t\t\t\t<\/div>\n\t\t\t\t<\/div>\n\t\t<div class=\"elementor-element elementor-element-1792b44 e-con-full e-flex e-con e-child\" data-id=\"1792b44\" data-element_type=\"container\" data-e-type=\"container\">\n\t\t\t\t<div class=\"elementor-element elementor-element-fe520c9 elementor-widget elementor-widget-text-editor\" data-id=\"fe520c9\" data-element_type=\"widget\" data-e-type=\"widget\" data-widget_type=\"text-editor.default\">\n\t\t\t\t<div class=\"elementor-widget-container\">\n\t\t\t\t\t\t\t\t\t<p>\u00cenc\u0103lzitoarele de ap\u0103 mici <strong>TESY Compact 7 GCU 0715 G01 RC<\/strong> sunt echipate cu o supap\u0103 termostatic\u0103, care v\u0103 permite s\u0103 regla\u021bi cu u\u0219urin\u021b\u0103 temperatura dorit\u0103 a apei. Acest lucru ajut\u0103 la economisirea energiei electrice \u0219i la reducerea facturilor la utilit\u0103\u021bi. Un avantaj important este func\u021bia de pornire \u00eent\u00e2rziat\u0103, care v\u0103 permite s\u0103 seta\u021bi ora de \u00eencepere a \u00eenc\u0103lzirii apei, oferind ap\u0103 cald\u0103 exact atunci c\u00e2nd ave\u021bi nevoie.  <\/p><h6>Caracteristici cheie:<\/h6><ul><li><strong>Supap\u0103 termostatic\u0103<\/strong> pentru reglarea precis\u0103 a temperaturii apei.<\/li><li><strong>Func\u021bie de pornire \u00eent\u00e2rziat\u0103<\/strong> pentru programarea \u00eenc\u0103lzirii apei.<\/li><li><strong>Design compact:<\/strong> u\u0219or de instalat sub chiuvet\u0103, pe blat sau pe perete.<\/li><li><strong>Capacitate 7 litri<\/strong>: potrivit\u0103 pentru alimentarea cu ap\u0103 cald\u0103 a unui singur punct de alimentare cu ap\u0103.<\/li><li><strong>Putere 1500 W:<\/strong> asigur\u0103 o \u00eenc\u0103lzire rapid\u0103 a apei \u0219i o func\u021bionare eficient\u0103.<\/li><li><strong>Protec\u021bie \u00eempotriva \u00eenghe\u021bului<\/strong> \u0219i <strong>supra\u00eenc\u0103lzirii<\/strong>: garanteaz\u0103 utilizarea sigur\u0103 \u0219i durabilitatea dispozitivului.<\/li><\/ul><p>Acest \u00eenc\u0103lzitor de ap\u0103 este o alegere excelent\u0103 pentru cei care caut\u0103 o solu\u021bie compact\u0103, eficient\u0103 energetic \u0219i convenabil\u0103 pentru nevoile lor zilnice.<\/p>\t\t\t\t\t\t\t\t<\/div>\n\t\t\t\t<\/div>\n\t\t\t\t<\/div>\n\t\t\t\t\t<\/div>\n\t\t\t\t<\/div>\n\t\t<div class=\"elementor-element elementor-element-25ef54b e-flex e-con-boxed e-con e-parent\" data-id=\"25ef54b\" data-element_type=\"container\" data-e-type=\"container\">\n\t\t\t\t\t<div class=\"e-con-inner\">\n\t\t\t\t<div class=\"elementor-element elementor-element-4635195 elementor-widget elementor-widget-image\" data-id=\"4635195\" data-element_type=\"widget\" data-e-type=\"widget\" data-widget_type=\"image.default\">\n\t\t\t\t<div class=\"elementor-widget-container\">\n\t\t\t\t\t\t\t\t\t\t\t\t\t\t\t<img decoding=\"async\" width=\"1000\" height=\"1000\" src=\"https:\/\/tehnoformat.md\/wp-content\/uploads\/2024\/10\/option2-8.jpg\" class=\"attachment-large size-large wp-image-22482\" alt=\"\" srcset=\"https:\/\/tehnoformat.md\/wp-content\/uploads\/2024\/10\/option2-8.jpg 1000w, https:\/\/tehnoformat.md\/wp-content\/uploads\/2024\/10\/option2-8-300x300.jpg 300w, https:\/\/tehnoformat.md\/wp-content\/uploads\/2024\/10\/option2-8-250x250.jpg 250w, https:\/\/tehnoformat.md\/wp-content\/uploads\/2024\/10\/option2-8-768x768.jpg 768w, https:\/\/tehnoformat.md\/wp-content\/uploads\/2024\/10\/option2-8-180x180.jpg 180w, https:\/\/tehnoformat.md\/wp-content\/uploads\/2024\/10\/option2-8-400x400.jpg 400w, https:\/\/tehnoformat.md\/wp-content\/uploads\/2024\/10\/option2-8-100x100.jpg 100w, https:\/\/tehnoformat.md\/wp-content\/uploads\/2024\/10\/option2-8-54x54.jpg 54w, https:\/\/tehnoformat.md\/wp-content\/uploads\/2024\/10\/option2-8-310x310.jpg 310w, https:\/\/tehnoformat.md\/wp-content\/uploads\/2024\/10\/option2-8-80x80.jpg 80w\" sizes=\"(max-width: 1000px) 100vw, 1000px\" \/>\t\t\t\t\t\t\t\t\t\t\t\t\t\t\t<\/div>\n\t\t\t\t<\/div>\n\t\t\t\t\t<\/div>\n\t\t\t\t<\/div>\n\t\t\t\t<\/div>\n\t\t","protected":false},"excerpt":{"rendered":"<p>Pa\u0219aport Catalog Catalog \u00cenc\u0103lzitorul compact TESY Compact 7 GCU 0715 G01 RC este o solu\u021bie practic\u0103 pentru cei care caut\u0103 un \u00eenc\u0103lzitor de ap\u0103 mic \u0219i eficient pentru chiuvet\u0103. Datorit\u0103 designului s\u0103u elegant \u0219i dimensiunilor compacte (315 x 315 x 278 mm), poate fi montat cu u\u0219urin\u021b\u0103 sub chiuvet\u0103, pe blat sau pe perete, ceea [&hellip;]<\/p>\n","protected":false},"featured_media":22480,"comment_status":"closed","ping_status":"open","template":"","meta":[],"product_brand":[],"product_cat":[784,795],"product_tag":[906,907,1002,1014],"class_list":{"0":"post-25172","1":"product","2":"type-product","3":"status-publish","4":"has-post-thumbnail","6":"product_cat-boilere","7":"product_cat-incalzitoare-de-apa","8":"product_tag-boilere-ro","9":"product_tag-boilere-electrice-ro","10":"product_tag-slim-ro","11":"product_tag-tesy-ro","12":"ts_product_brand-tesy-ro","14":"first","15":"instock","16":"sale","17":"shipping-taxable","18":"purchasable","19":"product-type-simple","20":"add-to-wishlist-after_add_to_cart"},"yoast_head":"<!-- This site is optimized with the Yoast SEO plugin v27.3 - https:\/\/yoast.com\/product\/yoast-seo-wordpress\/ -->\n<title>Tesy GCU 0715 G01 RC - Tehnoformat<\/title>\n<meta name=\"robots\" content=\"index, follow, max-snippet:-1, max-image-preview:large, max-video-preview:-1\" \/>\n<link rel=\"canonical\" href=\"https:\/\/tehnoformat.md\/ro\/produs\/tesy-gcu-0715-g01-rc\/\" \/>\n<meta property=\"og:locale\" content=\"ro_RO\" \/>\n<meta property=\"og:type\" content=\"article\" \/>\n<meta property=\"og:title\" content=\"Tesy GCU 0715 G01 RC - Tehnoformat\" \/>\n<meta property=\"og:description\" content=\"Pa\u0219aport Catalog Catalog \u00cenc\u0103lzitorul compact TESY Compact 7 GCU 0715 G01 RC este o solu\u021bie practic\u0103 pentru cei care caut\u0103 un \u00eenc\u0103lzitor de ap\u0103 mic \u0219i eficient pentru chiuvet\u0103. Datorit\u0103 designului s\u0103u elegant \u0219i dimensiunilor compacte (315 x 315 x 278 mm), poate fi montat cu u\u0219urin\u021b\u0103 sub chiuvet\u0103, pe blat sau pe perete, ceea [&hellip;]\" \/>\n<meta property=\"og:url\" content=\"https:\/\/tehnoformat.md\/ro\/produs\/tesy-gcu-0715-g01-rc\/\" \/>\n<meta property=\"og:site_name\" content=\"Tehnoformat\" \/>\n<meta property=\"article:publisher\" content=\"https:\/\/www.facebook.com\/formatterm\" \/>\n<meta property=\"article:modified_time\" content=\"2026-03-05T15:06:11+00:00\" \/>\n<meta property=\"og:image\" content=\"https:\/\/tehnoformat.md\/wp-content\/uploads\/2024\/10\/tesy-compact-7-gcu1.jpg\" \/>\n\t<meta property=\"og:image:width\" content=\"1000\" \/>\n\t<meta property=\"og:image:height\" content=\"1000\" \/>\n\t<meta property=\"og:image:type\" content=\"image\/jpeg\" \/>\n<meta name=\"twitter:card\" content=\"summary_large_image\" \/>\n<meta name=\"twitter:label1\" content=\"Timp estimat pentru citire\" \/>\n\t<meta name=\"twitter:data1\" content=\"3 minute\" \/>\n<script type=\"application\/ld+json\" class=\"yoast-schema-graph\">{\"@context\":\"https:\\\/\\\/schema.org\",\"@graph\":[{\"@type\":\"WebPage\",\"@id\":\"https:\\\/\\\/tehnoformat.md\\\/ro\\\/produs\\\/tesy-gcu-0715-g01-rc\\\/\",\"url\":\"https:\\\/\\\/tehnoformat.md\\\/ro\\\/produs\\\/tesy-gcu-0715-g01-rc\\\/\",\"name\":\"Tesy GCU 0715 G01 RC - Tehnoformat\",\"isPartOf\":{\"@id\":\"https:\\\/\\\/tehnoformat.md\\\/ro\\\/#website\"},\"primaryImageOfPage\":{\"@id\":\"https:\\\/\\\/tehnoformat.md\\\/ro\\\/produs\\\/tesy-gcu-0715-g01-rc\\\/#primaryimage\"},\"image\":{\"@id\":\"https:\\\/\\\/tehnoformat.md\\\/ro\\\/produs\\\/tesy-gcu-0715-g01-rc\\\/#primaryimage\"},\"thumbnailUrl\":\"https:\\\/\\\/tehnoformat.md\\\/wp-content\\\/uploads\\\/2024\\\/10\\\/tesy-compact-7-gcu1.jpg\",\"datePublished\":\"2024-10-14T06:34:29+00:00\",\"dateModified\":\"2026-03-05T15:06:11+00:00\",\"breadcrumb\":{\"@id\":\"https:\\\/\\\/tehnoformat.md\\\/ro\\\/produs\\\/tesy-gcu-0715-g01-rc\\\/#breadcrumb\"},\"inLanguage\":\"ro-RO\",\"potentialAction\":[{\"@type\":\"ReadAction\",\"target\":[\"https:\\\/\\\/tehnoformat.md\\\/ro\\\/produs\\\/tesy-gcu-0715-g01-rc\\\/\"]}]},{\"@type\":\"ImageObject\",\"inLanguage\":\"ro-RO\",\"@id\":\"https:\\\/\\\/tehnoformat.md\\\/ro\\\/produs\\\/tesy-gcu-0715-g01-rc\\\/#primaryimage\",\"url\":\"https:\\\/\\\/tehnoformat.md\\\/wp-content\\\/uploads\\\/2024\\\/10\\\/tesy-compact-7-gcu1.jpg\",\"contentUrl\":\"https:\\\/\\\/tehnoformat.md\\\/wp-content\\\/uploads\\\/2024\\\/10\\\/tesy-compact-7-gcu1.jpg\",\"width\":1000,\"height\":1000},{\"@type\":\"BreadcrumbList\",\"@id\":\"https:\\\/\\\/tehnoformat.md\\\/ro\\\/produs\\\/tesy-gcu-0715-g01-rc\\\/#breadcrumb\",\"itemListElement\":[{\"@type\":\"ListItem\",\"position\":1,\"name\":\"Pagina principal\u0103\",\"item\":\"https:\\\/\\\/tehnoformat.md\\\/ro\\\/\"},{\"@type\":\"ListItem\",\"position\":2,\"name\":\"Magazin\",\"item\":\"https:\\\/\\\/tehnoformat.md\\\/ro\\\/shop\\\/\"},{\"@type\":\"ListItem\",\"position\":3,\"name\":\"Tesy GCU 0715 G01 RC\"}]},{\"@type\":\"WebSite\",\"@id\":\"https:\\\/\\\/tehnoformat.md\\\/ro\\\/#website\",\"url\":\"https:\\\/\\\/tehnoformat.md\\\/ro\\\/\",\"name\":\"Tehnoformat.md\",\"description\":\"\",\"publisher\":{\"@id\":\"https:\\\/\\\/tehnoformat.md\\\/ro\\\/#organization\"},\"potentialAction\":[{\"@type\":\"SearchAction\",\"target\":{\"@type\":\"EntryPoint\",\"urlTemplate\":\"https:\\\/\\\/tehnoformat.md\\\/ro\\\/?s={search_term_string}\"},\"query-input\":{\"@type\":\"PropertyValueSpecification\",\"valueRequired\":true,\"valueName\":\"search_term_string\"}}],\"inLanguage\":\"ro-RO\"},{\"@type\":\"Organization\",\"@id\":\"https:\\\/\\\/tehnoformat.md\\\/ro\\\/#organization\",\"name\":\"Tehnoformat\",\"url\":\"https:\\\/\\\/tehnoformat.md\\\/ro\\\/\",\"logo\":{\"@type\":\"ImageObject\",\"inLanguage\":\"ro-RO\",\"@id\":\"https:\\\/\\\/tehnoformat.md\\\/ro\\\/#\\\/schema\\\/logo\\\/image\\\/\",\"url\":\"https:\\\/\\\/tehnoformat.md\\\/wp-content\\\/uploads\\\/2024\\\/10\\\/icon1.png\",\"contentUrl\":\"https:\\\/\\\/tehnoformat.md\\\/wp-content\\\/uploads\\\/2024\\\/10\\\/icon1.png\",\"width\":512,\"height\":512,\"caption\":\"Tehnoformat\"},\"image\":{\"@id\":\"https:\\\/\\\/tehnoformat.md\\\/ro\\\/#\\\/schema\\\/logo\\\/image\\\/\"},\"sameAs\":[\"https:\\\/\\\/www.facebook.com\\\/formatterm\",\"https:\\\/\\\/www.instagram.com\\\/tehnoformat.md\\\/\"]}]}<\/script>\n<!-- \/ Yoast SEO plugin. -->","yoast_head_json":{"title":"Tesy GCU 0715 G01 RC - Tehnoformat","robots":{"index":"index","follow":"follow","max-snippet":"max-snippet:-1","max-image-preview":"max-image-preview:large","max-video-preview":"max-video-preview:-1"},"canonical":"https:\/\/tehnoformat.md\/ro\/produs\/tesy-gcu-0715-g01-rc\/","og_locale":"ro_RO","og_type":"article","og_title":"Tesy GCU 0715 G01 RC - Tehnoformat","og_description":"Pa\u0219aport Catalog Catalog \u00cenc\u0103lzitorul compact TESY Compact 7 GCU 0715 G01 RC este o solu\u021bie practic\u0103 pentru cei care caut\u0103 un \u00eenc\u0103lzitor de ap\u0103 mic \u0219i eficient pentru chiuvet\u0103. Datorit\u0103 designului s\u0103u elegant \u0219i dimensiunilor compacte (315 x 315 x 278 mm), poate fi montat cu u\u0219urin\u021b\u0103 sub chiuvet\u0103, pe blat sau pe perete, ceea [&hellip;]","og_url":"https:\/\/tehnoformat.md\/ro\/produs\/tesy-gcu-0715-g01-rc\/","og_site_name":"Tehnoformat","article_publisher":"https:\/\/www.facebook.com\/formatterm","article_modified_time":"2026-03-05T15:06:11+00:00","og_image":[{"width":1000,"height":1000,"url":"https:\/\/tehnoformat.md\/wp-content\/uploads\/2024\/10\/tesy-compact-7-gcu1.jpg","type":"image\/jpeg"}],"twitter_card":"summary_large_image","twitter_misc":{"Timp estimat pentru citire":"3 minute"},"schema":{"@context":"https:\/\/schema.org","@graph":[{"@type":"WebPage","@id":"https:\/\/tehnoformat.md\/ro\/produs\/tesy-gcu-0715-g01-rc\/","url":"https:\/\/tehnoformat.md\/ro\/produs\/tesy-gcu-0715-g01-rc\/","name":"Tesy GCU 0715 G01 RC - Tehnoformat","isPartOf":{"@id":"https:\/\/tehnoformat.md\/ro\/#website"},"primaryImageOfPage":{"@id":"https:\/\/tehnoformat.md\/ro\/produs\/tesy-gcu-0715-g01-rc\/#primaryimage"},"image":{"@id":"https:\/\/tehnoformat.md\/ro\/produs\/tesy-gcu-0715-g01-rc\/#primaryimage"},"thumbnailUrl":"https:\/\/tehnoformat.md\/wp-content\/uploads\/2024\/10\/tesy-compact-7-gcu1.jpg","datePublished":"2024-10-14T06:34:29+00:00","dateModified":"2026-03-05T15:06:11+00:00","breadcrumb":{"@id":"https:\/\/tehnoformat.md\/ro\/produs\/tesy-gcu-0715-g01-rc\/#breadcrumb"},"inLanguage":"ro-RO","potentialAction":[{"@type":"ReadAction","target":["https:\/\/tehnoformat.md\/ro\/produs\/tesy-gcu-0715-g01-rc\/"]}]},{"@type":"ImageObject","inLanguage":"ro-RO","@id":"https:\/\/tehnoformat.md\/ro\/produs\/tesy-gcu-0715-g01-rc\/#primaryimage","url":"https:\/\/tehnoformat.md\/wp-content\/uploads\/2024\/10\/tesy-compact-7-gcu1.jpg","contentUrl":"https:\/\/tehnoformat.md\/wp-content\/uploads\/2024\/10\/tesy-compact-7-gcu1.jpg","width":1000,"height":1000},{"@type":"BreadcrumbList","@id":"https:\/\/tehnoformat.md\/ro\/produs\/tesy-gcu-0715-g01-rc\/#breadcrumb","itemListElement":[{"@type":"ListItem","position":1,"name":"Pagina principal\u0103","item":"https:\/\/tehnoformat.md\/ro\/"},{"@type":"ListItem","position":2,"name":"Magazin","item":"https:\/\/tehnoformat.md\/ro\/shop\/"},{"@type":"ListItem","position":3,"name":"Tesy GCU 0715 G01 RC"}]},{"@type":"WebSite","@id":"https:\/\/tehnoformat.md\/ro\/#website","url":"https:\/\/tehnoformat.md\/ro\/","name":"Tehnoformat.md","description":"","publisher":{"@id":"https:\/\/tehnoformat.md\/ro\/#organization"},"potentialAction":[{"@type":"SearchAction","target":{"@type":"EntryPoint","urlTemplate":"https:\/\/tehnoformat.md\/ro\/?s={search_term_string}"},"query-input":{"@type":"PropertyValueSpecification","valueRequired":true,"valueName":"search_term_string"}}],"inLanguage":"ro-RO"},{"@type":"Organization","@id":"https:\/\/tehnoformat.md\/ro\/#organization","name":"Tehnoformat","url":"https:\/\/tehnoformat.md\/ro\/","logo":{"@type":"ImageObject","inLanguage":"ro-RO","@id":"https:\/\/tehnoformat.md\/ro\/#\/schema\/logo\/image\/","url":"https:\/\/tehnoformat.md\/wp-content\/uploads\/2024\/10\/icon1.png","contentUrl":"https:\/\/tehnoformat.md\/wp-content\/uploads\/2024\/10\/icon1.png","width":512,"height":512,"caption":"Tehnoformat"},"image":{"@id":"https:\/\/tehnoformat.md\/ro\/#\/schema\/logo\/image\/"},"sameAs":["https:\/\/www.facebook.com\/formatterm","https:\/\/www.instagram.com\/tehnoformat.md\/"]}]}},"_links":{"self":[{"href":"https:\/\/tehnoformat.md\/ro\/wp-json\/wp\/v2\/product\/25172","targetHints":{"allow":["GET"]}}],"collection":[{"href":"https:\/\/tehnoformat.md\/ro\/wp-json\/wp\/v2\/product"}],"about":[{"href":"https:\/\/tehnoformat.md\/ro\/wp-json\/wp\/v2\/types\/product"}],"replies":[{"embeddable":true,"href":"https:\/\/tehnoformat.md\/ro\/wp-json\/wp\/v2\/comments?post=25172"}],"version-history":[{"count":3,"href":"https:\/\/tehnoformat.md\/ro\/wp-json\/wp\/v2\/product\/25172\/revisions"}],"predecessor-version":[{"id":25175,"href":"https:\/\/tehnoformat.md\/ro\/wp-json\/wp\/v2\/product\/25172\/revisions\/25175"}],"wp:featuredmedia":[{"embeddable":true,"href":"https:\/\/tehnoformat.md\/ro\/wp-json\/wp\/v2\/media\/22480"}],"wp:attachment":[{"href":"https:\/\/tehnoformat.md\/ro\/wp-json\/wp\/v2\/media?parent=25172"}],"wp:term":[{"taxonomy":"product_brand","embeddable":true,"href":"https:\/\/tehnoformat.md\/ro\/wp-json\/wp\/v2\/product_brand?post=25172"},{"taxonomy":"product_cat","embeddable":true,"href":"https:\/\/tehnoformat.md\/ro\/wp-json\/wp\/v2\/product_cat?post=25172"},{"taxonomy":"product_tag","embeddable":true,"href":"https:\/\/tehnoformat.md\/ro\/wp-json\/wp\/v2\/product_tag?post=25172"}],"curies":[{"name":"wp","href":"https:\/\/api.w.org\/{rel}","templated":true}]}}