{"id":25136,"date":"2024-10-14T13:35:42","date_gmt":"2024-10-14T10:35:42","guid":{"rendered":"https:\/\/tehnoformat.md\/product\/vaillant-mag-mini-114-1\/"},"modified":"2026-03-05T18:00:34","modified_gmt":"2026-03-05T15:00:34","slug":"vaillant-mag-mini-114-1","status":"publish","type":"product","link":"https:\/\/tehnoformat.md\/ro\/produs\/vaillant-mag-mini-114-1\/","title":{"rendered":"VAILLANT MAG mini 114\/1"},"content":{"rendered":"\t\t<div data-elementor-type=\"product-post\" data-elementor-id=\"25136\" class=\"elementor elementor-25136 elementor-17720\">\n\t\t\t\t<div class=\"elementor-element elementor-element-8384513 e-flex e-con-boxed e-con e-parent\" data-id=\"8384513\" data-element_type=\"container\" data-e-type=\"container\">\n\t\t\t\t\t<div class=\"e-con-inner\">\n\t\t\t\t<div class=\"elementor-element elementor-element-2657c07 elementor-align-center elementor-widget elementor-widget-button\" data-id=\"2657c07\" data-element_type=\"widget\" data-e-type=\"widget\" data-widget_type=\"button.default\">\n\t\t\t\t<div class=\"elementor-widget-container\">\n\t\t\t\t\t\t\t\t\t<div class=\"elementor-button-wrapper\">\n\t\t\t\t\t<a target=\"_blank\" rel=\"nofollow\" href=\"https:\/\/tehnoformat.md\/goto\/https:\/\/www.c-o-k.ru\/library\/instructions\/vaillant\/gazovye-kolonki\/11031\/29766.pdf\" class=\"elementor-button elementor-button-link elementor-size-sm\" >\n\t\t\t\t\t\t<span class=\"elementor-button-content-wrapper\">\n\t\t\t\t\t\t\t\t\t<span class=\"elementor-button-text\">Pa\u0219aport \u00eenc\u0103lzitor<\/span>\n\t\t\t\t\t<\/span>\n\t\t\t\t\t<\/a>\n\t\t\t\t<\/div>\n\t\t\t\t\t\t\t\t<\/div>\n\t\t\t\t<\/div>\n\t\t\t\t\t<\/div>\n\t\t\t\t<\/div>\n\t\t<div class=\"elementor-element elementor-element-fa592d2 e-flex e-con-boxed e-con e-parent\" data-id=\"fa592d2\" data-element_type=\"container\" data-e-type=\"container\">\n\t\t\t\t\t<div class=\"e-con-inner\">\n\t\t\t\t<div class=\"elementor-element elementor-element-ac550b3 elementor-widget elementor-widget-image\" data-id=\"ac550b3\" data-element_type=\"widget\" data-e-type=\"widget\" data-widget_type=\"image.default\">\n\t\t\t\t<div class=\"elementor-widget-container\">\n\t\t\t\t\t\t\t\t\t\t\t\t\t\t\t<img fetchpriority=\"high\" decoding=\"async\" width=\"1024\" height=\"318\" src=\"https:\/\/tehnoformat.md\/wp-content\/uploads\/2024\/08\/1-7-1024x318.jpg\" class=\"attachment-large size-large wp-image-21780\" alt=\"\" srcset=\"https:\/\/tehnoformat.md\/wp-content\/uploads\/2024\/08\/1-7-1024x318.jpg 1024w, https:\/\/tehnoformat.md\/wp-content\/uploads\/2024\/08\/1-7-300x93.jpg 300w, https:\/\/tehnoformat.md\/wp-content\/uploads\/2024\/08\/1-7-768x239.jpg 768w, https:\/\/tehnoformat.md\/wp-content\/uploads\/2024\/08\/1-7-1000x311.jpg 1000w, https:\/\/tehnoformat.md\/wp-content\/uploads\/2024\/08\/1-7.jpg 1336w\" sizes=\"(max-width: 1024px) 100vw, 1024px\" \/>\t\t\t\t\t\t\t\t\t\t\t\t\t\t\t<\/div>\n\t\t\t\t<\/div>\n\t\t\t\t\t<\/div>\n\t\t\t\t<\/div>\n\t\t<div class=\"elementor-element elementor-element-f054b77 e-flex e-con-boxed e-con e-parent\" data-id=\"f054b77\" data-element_type=\"container\" data-e-type=\"container\">\n\t\t\t\t\t<div class=\"e-con-inner\">\n\t\t\t\t<div class=\"elementor-element elementor-element-b67bcf3 elementor-widget elementor-widget-text-editor\" data-id=\"b67bcf3\" data-element_type=\"widget\" data-e-type=\"widget\" data-widget_type=\"text-editor.default\">\n\t\t\t\t<div class=\"elementor-widget-container\">\n\t\t\t\t\t\t\t\t\t<div class=\"flex-shrink-0 flex flex-col relative items-end\"><div><div class=\"pt-0\"><div class=\"gizmo-bot-avatar flex h-8 w-8 items-center justify-center overflow-hidden rounded-full\"><div class=\"relative p-1 rounded-sm flex items-center justify-center bg-token-main-surface-primary text-token-text-primary h-8 w-8\"> <\/div><\/div><\/div><\/div><\/div><div class=\"group\/conversation-turn relative flex w-full min-w-0 flex-col agent-turn\"><div class=\"flex-col gap-1 md:gap-3\"><div class=\"flex max-w-full flex-col flex-grow\"><div class=\"min-h-8 text-message flex w-full flex-col items-end gap-2 whitespace-normal break-words [.text-message+&amp;]:mt-5\" dir=\"auto\" data-message-author-role=\"assistant\" data-message-id=\"8d03c1b4-d17b-47fc-ae2c-c48211cf343c\" data-message-model-slug=\"gpt-4o\"><div class=\"flex w-full flex-col gap-1 empty:hidden first:pt-[3px]\"><div class=\"markdown prose w-full break-words dark:prose-invert light\"><p>\u00cenc\u0103lzitoarele de ap\u0103 cu debit pe gaz <strong>atmoMAG<\/strong> \u0219i <strong>atmoMAG<\/strong> mini ofer\u0103 o solu\u021bie eficient\u0103 pentru \u00eenc\u0103lzirea instantanee a apei \u0219i func\u021bioneaz\u0103 exclusiv \u00een timpul admisiei apei, ceea ce ajut\u0103 la economisirea energiei \u0219i a apei. Principalele avantaje ale acestor dispozitive includ: <\/p><ul><li><strong>Ecologic:<\/strong> \u00cenc\u0103lzitoarele de ap\u0103 sunt proiectate cu accent pe protec\u021bia mediului \u0219i au niveluri sc\u0103zute de emisii de oxizi de azot.<\/li><li><strong>Consum economic de ap\u0103:<\/strong> Apa este \u00eenc\u0103lzit\u0103 doar atunci c\u00e2nd este utilizat\u0103, ceea ce reduce la minimum pierderile inutile.<\/li><li><strong>U\u0219urin\u021b\u0103 \u00een utilizare:<\/strong> Afi\u0219ajul clar al parametrilor de func\u021bionare ajut\u0103 utilizatorul s\u0103 monitorizeze set\u0103rile curente \u0219i temperatura apei.<\/li><li><strong>Control precis al temperaturii:<\/strong> Utilizatorii pot controla cu precizie temperatura apei calde pentru un confort sporit.<\/li><li><strong>Aprindere pe baterie:<\/strong> Dispozitivul este echipat cu un sistem de aprindere alimentat de baterie, ceea ce \u00eel face autonom \u0219i sigur.<\/li><\/ul><p>Aceste \u00eenc\u0103lzitoare de ap\u0103 sunt ideale pentru utilizare \u00een apartamente, case \u0219i alte spa\u021bii, oferind acces la ap\u0103 cald\u0103 cu costuri energetice minime \u0219i un grad ridicat de fiabilitate.<\/p><\/div><\/div><\/div><\/div><\/div><\/div>\t\t\t\t\t\t\t\t<\/div>\n\t\t\t\t<\/div>\n\t\t\t\t\t<\/div>\n\t\t\t\t<\/div>\n\t\t<div class=\"elementor-element elementor-element-694e160 e-flex e-con-boxed e-con e-parent\" data-id=\"694e160\" data-element_type=\"container\" data-e-type=\"container\">\n\t\t\t\t\t<div class=\"e-con-inner\">\n\t\t\t\t<div class=\"elementor-element elementor-element-d021ac8 elementor-widget elementor-widget-image\" data-id=\"d021ac8\" data-element_type=\"widget\" data-e-type=\"widget\" data-widget_type=\"image.default\">\n\t\t\t\t<div class=\"elementor-widget-container\">\n\t\t\t\t\t\t\t\t\t\t\t\t\t\t\t<img decoding=\"async\" width=\"1000\" height=\"1000\" src=\"https:\/\/tehnoformat.md\/wp-content\/uploads\/2024\/10\/mag-mini2.jpg\" class=\"attachment-large size-large wp-image-22505\" alt=\"\" srcset=\"https:\/\/tehnoformat.md\/wp-content\/uploads\/2024\/10\/mag-mini2.jpg 1000w, https:\/\/tehnoformat.md\/wp-content\/uploads\/2024\/10\/mag-mini2-300x300.jpg 300w, https:\/\/tehnoformat.md\/wp-content\/uploads\/2024\/10\/mag-mini2-250x250.jpg 250w, https:\/\/tehnoformat.md\/wp-content\/uploads\/2024\/10\/mag-mini2-768x768.jpg 768w, https:\/\/tehnoformat.md\/wp-content\/uploads\/2024\/10\/mag-mini2-180x180.jpg 180w, https:\/\/tehnoformat.md\/wp-content\/uploads\/2024\/10\/mag-mini2-400x400.jpg 400w, https:\/\/tehnoformat.md\/wp-content\/uploads\/2024\/10\/mag-mini2-100x100.jpg 100w, https:\/\/tehnoformat.md\/wp-content\/uploads\/2024\/10\/mag-mini2-54x54.jpg 54w, https:\/\/tehnoformat.md\/wp-content\/uploads\/2024\/10\/mag-mini2-310x310.jpg 310w, https:\/\/tehnoformat.md\/wp-content\/uploads\/2024\/10\/mag-mini2-80x80.jpg 80w\" sizes=\"(max-width: 1000px) 100vw, 1000px\" \/>\t\t\t\t\t\t\t\t\t\t\t\t\t\t\t<\/div>\n\t\t\t\t<\/div>\n\t\t\t\t\t<\/div>\n\t\t\t\t<\/div>\n\t\t<div class=\"elementor-element elementor-element-d88f3b4 e-flex e-con-boxed e-con e-parent\" data-id=\"d88f3b4\" data-element_type=\"container\" data-e-type=\"container\">\n\t\t\t\t\t<div class=\"e-con-inner\">\n\t\t\t\t<div class=\"elementor-element elementor-element-fd2f03b elementor-widget elementor-widget-text-editor\" data-id=\"fd2f03b\" data-element_type=\"widget\" data-e-type=\"widget\" data-widget_type=\"text-editor.default\">\n\t\t\t\t<div class=\"elementor-widget-container\">\n\t\t\t\t\t\t\t\t\t<p><strong>\u00cenc\u0103lzitorul instantaneu de ap\u0103 pe gaz atmoMAG <\/strong>ofer\u0103 nu doar u\u0219urin\u021b\u0103 \u00een utilizare, ci \u0219i o serie de avantaje privind instalarea, protec\u021bia mediului \u0219i durabilitatea:<\/p><ul><li><strong>Instalare u\u0219oar\u0103:<\/strong> \u00cenc\u0103lzitorul de ap\u0103 se monteaz\u0103 u\u0219or pe perete, fiind convenabil de amplasat \u00een apropierea punctelor de admisie a apei \u0219i a co\u0219urilor de fum. Aprinderea cu baterie elimin\u0103 necesitatea unei prize de alimentare, simplific\u00e2nd instalarea. <\/li><li><strong>Protec\u021bia mediului:<\/strong> Arz\u0103toarele r\u0103cite cu ap\u0103 respect\u0103 standarde stricte de mediu, contribuind la reducerea emisiilor de oxizi de azot, ceea ce are un impact pozitiv asupra protec\u021biei mediului.<\/li><li><strong>Economie:<\/strong> Solu\u021biile moderne, cum ar fi aprinderea automat\u0103 doar la extragerea apei, ajut\u0103 la economisirea benzinei \u0219i la reducerea costurilor de operare. Absen\u021ba unei bujii permanente contribuie, de asemenea, la reducerea consumului de benzin\u0103. <\/li><li><strong>Durabilitate:<\/strong> Toate componentele expuse la flac\u0103r\u0103 sunt protejate cu un strat anticoroziv, care cre\u0219te durata de via\u021b\u0103 a \u00eenc\u0103lzitorului de ap\u0103 \u0219i \u00eel face mai rezistent la temperaturi ridicate.<\/li><\/ul><p>Aceste caracteristici fac din <strong>atmoMAG <\/strong>o solu\u021bie eficient\u0103, ecologic\u0103 \u0219i durabil\u0103 pentru \u00eenc\u0103lzirea apei menajere.<\/p>\t\t\t\t\t\t\t\t<\/div>\n\t\t\t\t<\/div>\n\t\t\t\t\t<\/div>\n\t\t\t\t<\/div>\n\t\t<div class=\"elementor-element elementor-element-e586497 e-flex e-con-boxed e-con e-parent\" data-id=\"e586497\" data-element_type=\"container\" data-e-type=\"container\">\n\t\t\t\t\t<div class=\"e-con-inner\">\n\t\t\t\t<div class=\"elementor-element elementor-element-34e3036 elementor-widget elementor-widget-image\" data-id=\"34e3036\" data-element_type=\"widget\" data-e-type=\"widget\" data-widget_type=\"image.default\">\n\t\t\t\t<div class=\"elementor-widget-container\">\n\t\t\t\t\t\t\t\t\t\t\t\t\t\t\t<img decoding=\"async\" width=\"1000\" height=\"1000\" src=\"https:\/\/tehnoformat.md\/wp-content\/uploads\/2024\/10\/mag-mini3.jpg\" class=\"attachment-large size-large wp-image-22506\" alt=\"\" srcset=\"https:\/\/tehnoformat.md\/wp-content\/uploads\/2024\/10\/mag-mini3.jpg 1000w, https:\/\/tehnoformat.md\/wp-content\/uploads\/2024\/10\/mag-mini3-300x300.jpg 300w, https:\/\/tehnoformat.md\/wp-content\/uploads\/2024\/10\/mag-mini3-250x250.jpg 250w, https:\/\/tehnoformat.md\/wp-content\/uploads\/2024\/10\/mag-mini3-768x768.jpg 768w, https:\/\/tehnoformat.md\/wp-content\/uploads\/2024\/10\/mag-mini3-180x180.jpg 180w, https:\/\/tehnoformat.md\/wp-content\/uploads\/2024\/10\/mag-mini3-400x400.jpg 400w, https:\/\/tehnoformat.md\/wp-content\/uploads\/2024\/10\/mag-mini3-100x100.jpg 100w, https:\/\/tehnoformat.md\/wp-content\/uploads\/2024\/10\/mag-mini3-54x54.jpg 54w, https:\/\/tehnoformat.md\/wp-content\/uploads\/2024\/10\/mag-mini3-310x310.jpg 310w, https:\/\/tehnoformat.md\/wp-content\/uploads\/2024\/10\/mag-mini3-80x80.jpg 80w\" sizes=\"(max-width: 1000px) 100vw, 1000px\" \/>\t\t\t\t\t\t\t\t\t\t\t\t\t\t\t<\/div>\n\t\t\t\t<\/div>\n\t\t\t\t\t<\/div>\n\t\t\t\t<\/div>\n\t\t<div class=\"elementor-element elementor-element-8a0497e e-flex e-con-boxed e-con e-parent\" data-id=\"8a0497e\" data-element_type=\"container\" data-e-type=\"container\">\n\t\t\t\t\t<div class=\"e-con-inner\">\n\t\t\t\t<div class=\"elementor-element elementor-element-ea506ba elementor-widget elementor-widget-text-editor\" data-id=\"ea506ba\" data-element_type=\"widget\" data-e-type=\"widget\" data-widget_type=\"text-editor.default\">\n\t\t\t\t<div class=\"elementor-widget-container\">\n\t\t\t\t\t\t\t\t\t<p>Pachetul include:<\/p><ul><li>Pa\u0219aport pentru \u00eenc\u0103lzitorul de ap\u0103<\/li><li>Instruc\u021biuni de instalare \u0219i utilizare<\/li><li>Furtunuri flexibile de alimentare<\/li><li>Adaptoare de cupru<\/li><\/ul>\t\t\t\t\t\t\t\t<\/div>\n\t\t\t\t<\/div>\n\t\t\t\t\t<\/div>\n\t\t\t\t<\/div>\n\t\t<div class=\"elementor-element elementor-element-eaad978 e-flex e-con-boxed e-con e-parent\" data-id=\"eaad978\" data-element_type=\"container\" data-e-type=\"container\">\n\t\t\t\t\t<div class=\"e-con-inner\">\n\t\t\t\t<div class=\"elementor-element elementor-element-b3e5d3a elementor-widget elementor-widget-image\" data-id=\"b3e5d3a\" data-element_type=\"widget\" data-e-type=\"widget\" data-widget_type=\"image.default\">\n\t\t\t\t<div class=\"elementor-widget-container\">\n\t\t\t\t\t\t\t\t\t\t\t\t\t\t\t<img loading=\"lazy\" decoding=\"async\" width=\"1024\" height=\"555\" src=\"https:\/\/tehnoformat.md\/wp-content\/uploads\/2024\/10\/option2-10-1024x555.jpg\" class=\"attachment-large size-large wp-image-22511\" alt=\"\" srcset=\"https:\/\/tehnoformat.md\/wp-content\/uploads\/2024\/10\/option2-10-1024x555.jpg 1024w, https:\/\/tehnoformat.md\/wp-content\/uploads\/2024\/10\/option2-10-300x163.jpg 300w, https:\/\/tehnoformat.md\/wp-content\/uploads\/2024\/10\/option2-10-768x416.jpg 768w, https:\/\/tehnoformat.md\/wp-content\/uploads\/2024\/10\/option2-10-1000x542.jpg 1000w, https:\/\/tehnoformat.md\/wp-content\/uploads\/2024\/10\/option2-10.jpg 1500w\" sizes=\"(max-width: 1024px) 100vw, 1024px\" \/>\t\t\t\t\t\t\t\t\t\t\t\t\t\t\t<\/div>\n\t\t\t\t<\/div>\n\t\t\t\t\t<\/div>\n\t\t\t\t<\/div>\n\t\t<div class=\"elementor-element elementor-element-9491324 e-flex e-con-boxed e-con e-parent\" data-id=\"9491324\" data-element_type=\"container\" data-e-type=\"container\">\n\t\t\t\t\t<div class=\"e-con-inner\">\n\t\t\t\t<div class=\"elementor-element elementor-element-656569d elementor-widget elementor-widget-image\" data-id=\"656569d\" data-element_type=\"widget\" data-e-type=\"widget\" data-widget_type=\"image.default\">\n\t\t\t\t<div class=\"elementor-widget-container\">\n\t\t\t\t\t\t\t\t\t\t\t\t\t\t\t<img loading=\"lazy\" decoding=\"async\" width=\"1000\" height=\"1000\" src=\"https:\/\/tehnoformat.md\/wp-content\/uploads\/2024\/10\/option3-6.jpg\" class=\"attachment-large size-large wp-image-22512\" alt=\"\" srcset=\"https:\/\/tehnoformat.md\/wp-content\/uploads\/2024\/10\/option3-6.jpg 1000w, https:\/\/tehnoformat.md\/wp-content\/uploads\/2024\/10\/option3-6-300x300.jpg 300w, https:\/\/tehnoformat.md\/wp-content\/uploads\/2024\/10\/option3-6-250x250.jpg 250w, https:\/\/tehnoformat.md\/wp-content\/uploads\/2024\/10\/option3-6-768x768.jpg 768w, https:\/\/tehnoformat.md\/wp-content\/uploads\/2024\/10\/option3-6-180x180.jpg 180w, https:\/\/tehnoformat.md\/wp-content\/uploads\/2024\/10\/option3-6-400x400.jpg 400w, https:\/\/tehnoformat.md\/wp-content\/uploads\/2024\/10\/option3-6-100x100.jpg 100w, https:\/\/tehnoformat.md\/wp-content\/uploads\/2024\/10\/option3-6-54x54.jpg 54w, https:\/\/tehnoformat.md\/wp-content\/uploads\/2024\/10\/option3-6-310x310.jpg 310w, https:\/\/tehnoformat.md\/wp-content\/uploads\/2024\/10\/option3-6-80x80.jpg 80w\" sizes=\"(max-width: 1000px) 100vw, 1000px\" \/>\t\t\t\t\t\t\t\t\t\t\t\t\t\t\t<\/div>\n\t\t\t\t<\/div>\n\t\t\t\t\t<\/div>\n\t\t\t\t<\/div>\n\t\t\t\t<\/div>\n\t\t","protected":false},"excerpt":{"rendered":"<p>Pa\u0219aport \u00eenc\u0103lzitor \u00cenc\u0103lzitoarele de ap\u0103 cu debit pe gaz atmoMAG \u0219i atmoMAG mini ofer\u0103 o solu\u021bie eficient\u0103 pentru \u00eenc\u0103lzirea instantanee a apei \u0219i func\u021bioneaz\u0103 exclusiv \u00een timpul admisiei apei, ceea ce ajut\u0103 la economisirea energiei \u0219i a apei. Principalele avantaje ale acestor dispozitive includ: Ecologic: \u00cenc\u0103lzitoarele de ap\u0103 sunt proiectate cu accent pe protec\u021bia mediului [&hellip;]<\/p>\n","protected":false},"featured_media":22507,"comment_status":"closed","ping_status":"open","template":"","meta":[],"product_brand":[],"product_cat":[787],"product_tag":[934,970,1019],"class_list":{"0":"post-25136","1":"product","2":"type-product","3":"status-publish","4":"has-post-thumbnail","6":"product_cat-coloane-pe-gaz","7":"product_tag-coloana-de-gaz-ro","8":"product_tag-incalzitor-de-apa-pe-gaz-ro","9":"product_tag-vaillant-ro","10":"ts_product_brand-vaillant-ro","12":"first","13":"instock","14":"sale","15":"shipping-taxable","16":"purchasable","17":"product-type-simple","18":"add-to-wishlist-after_add_to_cart"},"yoast_head":"<!-- This site is optimized with the Yoast SEO plugin v27.3 - https:\/\/yoast.com\/product\/yoast-seo-wordpress\/ -->\n<title>VAILLANT MAG mini 114\/1 - Tehnoformat<\/title>\n<meta name=\"robots\" content=\"index, follow, max-snippet:-1, max-image-preview:large, max-video-preview:-1\" \/>\n<link rel=\"canonical\" href=\"https:\/\/tehnoformat.md\/ro\/produs\/vaillant-mag-mini-114-1\/\" \/>\n<meta property=\"og:locale\" content=\"ro_RO\" \/>\n<meta property=\"og:type\" content=\"article\" \/>\n<meta property=\"og:title\" content=\"VAILLANT MAG mini 114\/1 - Tehnoformat\" \/>\n<meta property=\"og:description\" content=\"Pa\u0219aport \u00eenc\u0103lzitor \u00cenc\u0103lzitoarele de ap\u0103 cu debit pe gaz atmoMAG \u0219i atmoMAG mini ofer\u0103 o solu\u021bie eficient\u0103 pentru \u00eenc\u0103lzirea instantanee a apei \u0219i func\u021bioneaz\u0103 exclusiv \u00een timpul admisiei apei, ceea ce ajut\u0103 la economisirea energiei \u0219i a apei. Principalele avantaje ale acestor dispozitive includ: Ecologic: \u00cenc\u0103lzitoarele de ap\u0103 sunt proiectate cu accent pe protec\u021bia mediului [&hellip;]\" \/>\n<meta property=\"og:url\" content=\"https:\/\/tehnoformat.md\/ro\/produs\/vaillant-mag-mini-114-1\/\" \/>\n<meta property=\"og:site_name\" content=\"Tehnoformat\" \/>\n<meta property=\"article:publisher\" content=\"https:\/\/www.facebook.com\/formatterm\" \/>\n<meta property=\"article:modified_time\" content=\"2026-03-05T15:00:34+00:00\" \/>\n<meta property=\"og:image\" content=\"https:\/\/tehnoformat.md\/wp-content\/uploads\/2024\/10\/mag-mini4.jpg\" \/>\n\t<meta property=\"og:image:width\" content=\"1000\" \/>\n\t<meta property=\"og:image:height\" content=\"1000\" \/>\n\t<meta property=\"og:image:type\" content=\"image\/jpeg\" \/>\n<meta name=\"twitter:card\" content=\"summary_large_image\" \/>\n<meta name=\"twitter:label1\" content=\"Timp estimat pentru citire\" \/>\n\t<meta name=\"twitter:data1\" content=\"3 minute\" \/>\n<script type=\"application\/ld+json\" class=\"yoast-schema-graph\">{\"@context\":\"https:\\\/\\\/schema.org\",\"@graph\":[{\"@type\":\"WebPage\",\"@id\":\"https:\\\/\\\/tehnoformat.md\\\/ro\\\/produs\\\/vaillant-mag-mini-114-1\\\/\",\"url\":\"https:\\\/\\\/tehnoformat.md\\\/ro\\\/produs\\\/vaillant-mag-mini-114-1\\\/\",\"name\":\"VAILLANT MAG mini 114\\\/1 - Tehnoformat\",\"isPartOf\":{\"@id\":\"https:\\\/\\\/tehnoformat.md\\\/ro\\\/#website\"},\"primaryImageOfPage\":{\"@id\":\"https:\\\/\\\/tehnoformat.md\\\/ro\\\/produs\\\/vaillant-mag-mini-114-1\\\/#primaryimage\"},\"image\":{\"@id\":\"https:\\\/\\\/tehnoformat.md\\\/ro\\\/produs\\\/vaillant-mag-mini-114-1\\\/#primaryimage\"},\"thumbnailUrl\":\"https:\\\/\\\/tehnoformat.md\\\/wp-content\\\/uploads\\\/2024\\\/10\\\/mag-mini4.jpg\",\"datePublished\":\"2024-10-14T10:35:42+00:00\",\"dateModified\":\"2026-03-05T15:00:34+00:00\",\"breadcrumb\":{\"@id\":\"https:\\\/\\\/tehnoformat.md\\\/ro\\\/produs\\\/vaillant-mag-mini-114-1\\\/#breadcrumb\"},\"inLanguage\":\"ro-RO\",\"potentialAction\":[{\"@type\":\"ReadAction\",\"target\":[\"https:\\\/\\\/tehnoformat.md\\\/ro\\\/produs\\\/vaillant-mag-mini-114-1\\\/\"]}]},{\"@type\":\"ImageObject\",\"inLanguage\":\"ro-RO\",\"@id\":\"https:\\\/\\\/tehnoformat.md\\\/ro\\\/produs\\\/vaillant-mag-mini-114-1\\\/#primaryimage\",\"url\":\"https:\\\/\\\/tehnoformat.md\\\/wp-content\\\/uploads\\\/2024\\\/10\\\/mag-mini4.jpg\",\"contentUrl\":\"https:\\\/\\\/tehnoformat.md\\\/wp-content\\\/uploads\\\/2024\\\/10\\\/mag-mini4.jpg\",\"width\":1000,\"height\":1000},{\"@type\":\"BreadcrumbList\",\"@id\":\"https:\\\/\\\/tehnoformat.md\\\/ro\\\/produs\\\/vaillant-mag-mini-114-1\\\/#breadcrumb\",\"itemListElement\":[{\"@type\":\"ListItem\",\"position\":1,\"name\":\"Pagina principal\u0103\",\"item\":\"https:\\\/\\\/tehnoformat.md\\\/ro\\\/\"},{\"@type\":\"ListItem\",\"position\":2,\"name\":\"Magazin\",\"item\":\"https:\\\/\\\/tehnoformat.md\\\/ro\\\/shop\\\/\"},{\"@type\":\"ListItem\",\"position\":3,\"name\":\"VAILLANT MAG mini 114\\\/1\"}]},{\"@type\":\"WebSite\",\"@id\":\"https:\\\/\\\/tehnoformat.md\\\/ro\\\/#website\",\"url\":\"https:\\\/\\\/tehnoformat.md\\\/ro\\\/\",\"name\":\"Tehnoformat.md\",\"description\":\"\",\"publisher\":{\"@id\":\"https:\\\/\\\/tehnoformat.md\\\/ro\\\/#organization\"},\"potentialAction\":[{\"@type\":\"SearchAction\",\"target\":{\"@type\":\"EntryPoint\",\"urlTemplate\":\"https:\\\/\\\/tehnoformat.md\\\/ro\\\/?s={search_term_string}\"},\"query-input\":{\"@type\":\"PropertyValueSpecification\",\"valueRequired\":true,\"valueName\":\"search_term_string\"}}],\"inLanguage\":\"ro-RO\"},{\"@type\":\"Organization\",\"@id\":\"https:\\\/\\\/tehnoformat.md\\\/ro\\\/#organization\",\"name\":\"Tehnoformat\",\"url\":\"https:\\\/\\\/tehnoformat.md\\\/ro\\\/\",\"logo\":{\"@type\":\"ImageObject\",\"inLanguage\":\"ro-RO\",\"@id\":\"https:\\\/\\\/tehnoformat.md\\\/ro\\\/#\\\/schema\\\/logo\\\/image\\\/\",\"url\":\"https:\\\/\\\/tehnoformat.md\\\/wp-content\\\/uploads\\\/2024\\\/10\\\/icon1.png\",\"contentUrl\":\"https:\\\/\\\/tehnoformat.md\\\/wp-content\\\/uploads\\\/2024\\\/10\\\/icon1.png\",\"width\":512,\"height\":512,\"caption\":\"Tehnoformat\"},\"image\":{\"@id\":\"https:\\\/\\\/tehnoformat.md\\\/ro\\\/#\\\/schema\\\/logo\\\/image\\\/\"},\"sameAs\":[\"https:\\\/\\\/www.facebook.com\\\/formatterm\",\"https:\\\/\\\/www.instagram.com\\\/tehnoformat.md\\\/\"]}]}<\/script>\n<!-- \/ Yoast SEO plugin. -->","yoast_head_json":{"title":"VAILLANT MAG mini 114\/1 - Tehnoformat","robots":{"index":"index","follow":"follow","max-snippet":"max-snippet:-1","max-image-preview":"max-image-preview:large","max-video-preview":"max-video-preview:-1"},"canonical":"https:\/\/tehnoformat.md\/ro\/produs\/vaillant-mag-mini-114-1\/","og_locale":"ro_RO","og_type":"article","og_title":"VAILLANT MAG mini 114\/1 - Tehnoformat","og_description":"Pa\u0219aport \u00eenc\u0103lzitor \u00cenc\u0103lzitoarele de ap\u0103 cu debit pe gaz atmoMAG \u0219i atmoMAG mini ofer\u0103 o solu\u021bie eficient\u0103 pentru \u00eenc\u0103lzirea instantanee a apei \u0219i func\u021bioneaz\u0103 exclusiv \u00een timpul admisiei apei, ceea ce ajut\u0103 la economisirea energiei \u0219i a apei. Principalele avantaje ale acestor dispozitive includ: Ecologic: \u00cenc\u0103lzitoarele de ap\u0103 sunt proiectate cu accent pe protec\u021bia mediului [&hellip;]","og_url":"https:\/\/tehnoformat.md\/ro\/produs\/vaillant-mag-mini-114-1\/","og_site_name":"Tehnoformat","article_publisher":"https:\/\/www.facebook.com\/formatterm","article_modified_time":"2026-03-05T15:00:34+00:00","og_image":[{"width":1000,"height":1000,"url":"https:\/\/tehnoformat.md\/wp-content\/uploads\/2024\/10\/mag-mini4.jpg","type":"image\/jpeg"}],"twitter_card":"summary_large_image","twitter_misc":{"Timp estimat pentru citire":"3 minute"},"schema":{"@context":"https:\/\/schema.org","@graph":[{"@type":"WebPage","@id":"https:\/\/tehnoformat.md\/ro\/produs\/vaillant-mag-mini-114-1\/","url":"https:\/\/tehnoformat.md\/ro\/produs\/vaillant-mag-mini-114-1\/","name":"VAILLANT MAG mini 114\/1 - Tehnoformat","isPartOf":{"@id":"https:\/\/tehnoformat.md\/ro\/#website"},"primaryImageOfPage":{"@id":"https:\/\/tehnoformat.md\/ro\/produs\/vaillant-mag-mini-114-1\/#primaryimage"},"image":{"@id":"https:\/\/tehnoformat.md\/ro\/produs\/vaillant-mag-mini-114-1\/#primaryimage"},"thumbnailUrl":"https:\/\/tehnoformat.md\/wp-content\/uploads\/2024\/10\/mag-mini4.jpg","datePublished":"2024-10-14T10:35:42+00:00","dateModified":"2026-03-05T15:00:34+00:00","breadcrumb":{"@id":"https:\/\/tehnoformat.md\/ro\/produs\/vaillant-mag-mini-114-1\/#breadcrumb"},"inLanguage":"ro-RO","potentialAction":[{"@type":"ReadAction","target":["https:\/\/tehnoformat.md\/ro\/produs\/vaillant-mag-mini-114-1\/"]}]},{"@type":"ImageObject","inLanguage":"ro-RO","@id":"https:\/\/tehnoformat.md\/ro\/produs\/vaillant-mag-mini-114-1\/#primaryimage","url":"https:\/\/tehnoformat.md\/wp-content\/uploads\/2024\/10\/mag-mini4.jpg","contentUrl":"https:\/\/tehnoformat.md\/wp-content\/uploads\/2024\/10\/mag-mini4.jpg","width":1000,"height":1000},{"@type":"BreadcrumbList","@id":"https:\/\/tehnoformat.md\/ro\/produs\/vaillant-mag-mini-114-1\/#breadcrumb","itemListElement":[{"@type":"ListItem","position":1,"name":"Pagina principal\u0103","item":"https:\/\/tehnoformat.md\/ro\/"},{"@type":"ListItem","position":2,"name":"Magazin","item":"https:\/\/tehnoformat.md\/ro\/shop\/"},{"@type":"ListItem","position":3,"name":"VAILLANT MAG mini 114\/1"}]},{"@type":"WebSite","@id":"https:\/\/tehnoformat.md\/ro\/#website","url":"https:\/\/tehnoformat.md\/ro\/","name":"Tehnoformat.md","description":"","publisher":{"@id":"https:\/\/tehnoformat.md\/ro\/#organization"},"potentialAction":[{"@type":"SearchAction","target":{"@type":"EntryPoint","urlTemplate":"https:\/\/tehnoformat.md\/ro\/?s={search_term_string}"},"query-input":{"@type":"PropertyValueSpecification","valueRequired":true,"valueName":"search_term_string"}}],"inLanguage":"ro-RO"},{"@type":"Organization","@id":"https:\/\/tehnoformat.md\/ro\/#organization","name":"Tehnoformat","url":"https:\/\/tehnoformat.md\/ro\/","logo":{"@type":"ImageObject","inLanguage":"ro-RO","@id":"https:\/\/tehnoformat.md\/ro\/#\/schema\/logo\/image\/","url":"https:\/\/tehnoformat.md\/wp-content\/uploads\/2024\/10\/icon1.png","contentUrl":"https:\/\/tehnoformat.md\/wp-content\/uploads\/2024\/10\/icon1.png","width":512,"height":512,"caption":"Tehnoformat"},"image":{"@id":"https:\/\/tehnoformat.md\/ro\/#\/schema\/logo\/image\/"},"sameAs":["https:\/\/www.facebook.com\/formatterm","https:\/\/www.instagram.com\/tehnoformat.md\/"]}]}},"_links":{"self":[{"href":"https:\/\/tehnoformat.md\/ro\/wp-json\/wp\/v2\/product\/25136","targetHints":{"allow":["GET"]}}],"collection":[{"href":"https:\/\/tehnoformat.md\/ro\/wp-json\/wp\/v2\/product"}],"about":[{"href":"https:\/\/tehnoformat.md\/ro\/wp-json\/wp\/v2\/types\/product"}],"replies":[{"embeddable":true,"href":"https:\/\/tehnoformat.md\/ro\/wp-json\/wp\/v2\/comments?post=25136"}],"version-history":[{"count":2,"href":"https:\/\/tehnoformat.md\/ro\/wp-json\/wp\/v2\/product\/25136\/revisions"}],"predecessor-version":[{"id":25138,"href":"https:\/\/tehnoformat.md\/ro\/wp-json\/wp\/v2\/product\/25136\/revisions\/25138"}],"wp:featuredmedia":[{"embeddable":true,"href":"https:\/\/tehnoformat.md\/ro\/wp-json\/wp\/v2\/media\/22507"}],"wp:attachment":[{"href":"https:\/\/tehnoformat.md\/ro\/wp-json\/wp\/v2\/media?parent=25136"}],"wp:term":[{"taxonomy":"product_brand","embeddable":true,"href":"https:\/\/tehnoformat.md\/ro\/wp-json\/wp\/v2\/product_brand?post=25136"},{"taxonomy":"product_cat","embeddable":true,"href":"https:\/\/tehnoformat.md\/ro\/wp-json\/wp\/v2\/product_cat?post=25136"},{"taxonomy":"product_tag","embeddable":true,"href":"https:\/\/tehnoformat.md\/ro\/wp-json\/wp\/v2\/product_tag?post=25136"}],"curies":[{"name":"wp","href":"https:\/\/api.w.org\/{rel}","templated":true}]}}