{"id":25128,"date":"2024-10-15T17:17:02","date_gmt":"2024-10-15T14:17:02","guid":{"rendered":"https:\/\/tehnoformat.md\/product\/tesy-gcv-50-38-16d-ts2r-anticalc\/"},"modified":"2025-08-06T10:03:22","modified_gmt":"2025-08-06T07:03:22","slug":"tesy-gcv-50-38-16d-ts2r-anticalc","status":"publish","type":"product","link":"https:\/\/tehnoformat.md\/ro\/produs\/tesy-gcv-50-38-16d-ts2r-anticalc\/","title":{"rendered":"Tesy GCV 50 38\/16D TS2R Anticalc"},"content":{"rendered":"\t\t<div data-elementor-type=\"wp-post\" data-elementor-id=\"25128\" class=\"elementor elementor-25128 elementor-17832\">\n\t\t\t\t<div class=\"elementor-element elementor-element-c1b555e e-grid e-con-boxed e-con e-parent\" data-id=\"c1b555e\" data-element_type=\"container\" data-e-type=\"container\">\n\t\t\t\t\t<div class=\"e-con-inner\">\n\t\t\t\t<div class=\"elementor-element elementor-element-4d7ce8a elementor-align-center elementor-widget elementor-widget-button\" data-id=\"4d7ce8a\" data-element_type=\"widget\" data-e-type=\"widget\" data-widget_type=\"button.default\">\n\t\t\t\t<div class=\"elementor-widget-container\">\n\t\t\t\t\t\t\t\t\t<div class=\"elementor-button-wrapper\">\n\t\t\t\t\t<a target=\"_blank\" rel=\"nofollow\" href=\"https:\/\/tehnoformat.md\/goto\/https:\/\/www.santehnica.ru\/files\/attachments\/products\/1\/1\/1112602-datasheet-tesy-gcv-50-35-16d-d06-ts2r.pdf?ysclid=m2bj204dzo10834813\" class=\"elementor-button elementor-button-link elementor-size-sm\" >\n\t\t\t\t\t\t<span class=\"elementor-button-content-wrapper\">\n\t\t\t\t\t\t\t\t\t<span class=\"elementor-button-text\">Pa\u0219aport<\/span>\n\t\t\t\t\t<\/span>\n\t\t\t\t\t<\/a>\n\t\t\t\t<\/div>\n\t\t\t\t\t\t\t\t<\/div>\n\t\t\t\t<\/div>\n\t\t\t\t<div class=\"elementor-element elementor-element-3073977 elementor-align-center elementor-widget elementor-widget-button\" data-id=\"3073977\" data-element_type=\"widget\" data-e-type=\"widget\" data-widget_type=\"button.default\">\n\t\t\t\t<div class=\"elementor-widget-container\">\n\t\t\t\t\t\t\t\t\t<div class=\"elementor-button-wrapper\">\n\t\t\t\t\t<a target=\"_blank\" rel=\"nofollow\" href=\"https:\/\/tehnoformat.md\/goto\/https:\/\/tesy.kz\/web\/files\/richeditor\/TESY%20Home%20RU%20v1.6.pdf\" class=\"elementor-button elementor-button-link elementor-size-sm\" >\n\t\t\t\t\t\t<span class=\"elementor-button-content-wrapper\">\n\t\t\t\t\t\t\t\t\t<span class=\"elementor-button-text\">Catalog<\/span>\n\t\t\t\t\t<\/span>\n\t\t\t\t\t<\/a>\n\t\t\t\t<\/div>\n\t\t\t\t\t\t\t\t<\/div>\n\t\t\t\t<\/div>\n\t\t\t\t<div class=\"elementor-element elementor-element-28c4b0a elementor-align-center elementor-widget elementor-widget-button\" data-id=\"28c4b0a\" data-element_type=\"widget\" data-e-type=\"widget\" data-widget_type=\"button.default\">\n\t\t\t\t<div class=\"elementor-widget-container\">\n\t\t\t\t\t\t\t\t\t<div class=\"elementor-button-wrapper\">\n\t\t\t\t\t<a target=\"_blank\" rel=\"nofollow\" href=\"https:\/\/tehnoformat.md\/goto\/https:\/\/tesy.es\/web\/files\/richeditor\/TESY%20Catalogue%20EWH%20SPAIN%20%202021_22.pdf\" class=\"elementor-button elementor-button-link elementor-size-sm\" >\n\t\t\t\t\t\t<span class=\"elementor-button-content-wrapper\">\n\t\t\t\t\t\t\t\t\t<span class=\"elementor-button-text\">Catalog<\/span>\n\t\t\t\t\t<\/span>\n\t\t\t\t\t<\/a>\n\t\t\t\t<\/div>\n\t\t\t\t\t\t\t\t<\/div>\n\t\t\t\t<\/div>\n\t\t\t\t\t<\/div>\n\t\t\t\t<\/div>\n\t\t<div class=\"elementor-element elementor-element-0e7b79e e-grid e-con-boxed e-con e-parent\" data-id=\"0e7b79e\" data-element_type=\"container\" data-e-type=\"container\">\n\t\t\t\t\t<div class=\"e-con-inner\">\n\t\t\t\t<div class=\"elementor-element elementor-element-a2b0fcb elementor-widget elementor-widget-text-editor\" data-id=\"a2b0fcb\" data-element_type=\"widget\" data-e-type=\"widget\" data-widget_type=\"text-editor.default\">\n\t\t\t\t<div class=\"elementor-widget-container\">\n\t\t\t\t\t\t\t\t\t<p>Boilerul electric <strong>Tesy GCV 50 38\/16D TS2R Anticalc<\/strong> este un \u00eenc\u0103lzitor de ap\u0103 \u00eengust, special conceput pentru instalare \u00een spa\u021bii limitate datorit\u0103 diametrului s\u0103u de doar 38 cm. Modelele din aceast\u0103 serie sunt echipate cu un <strong>element de \u00eenc\u0103lzire Anticalc<\/strong> inovator, care func\u021bioneaz\u0103 la o temperatur\u0103 mai sc\u0103zut\u0103, ceea ce reduce semnificativ formarea depunerilor de calcar. Aceast\u0103 linie include modele cu un volum de 30 p\u00e2n\u0103 la 80 de litri. <\/p><h6>Caracteristici cheie:<\/h6><ul><li><strong>Tehnologie INSUTECH:<\/strong> Dezvoltat\u0103 de TESY, aceast\u0103 tehnologie ofer\u0103 o izola\u021bie termic\u0103 extrem de eficient\u0103 \u0219i pierderi minime de c\u0103ldur\u0103, ceea ce face ca centrala s\u0103 fie mai economic\u0103 de utilizat.<\/li><li><strong>Efect de piston:<\/strong> Un sistem unic de control al vitezei apei care intr\u0103, permi\u021b\u00e2ndu-v\u0103 s\u0103 cre\u0219te\u021bi cantitatea de ap\u0103 cald\u0103 disponibil\u0103 cu p\u00e2n\u0103 la 15%.<\/li><li><strong>Dou\u0103 niveluri de putere:<\/strong> Posibilitatea de a alege \u00eentre dou\u0103 moduri de func\u021bionare, permi\u021b\u00e2ndu-v\u0103 s\u0103 optimiza\u021bi consumul de energie \u00een func\u021bie de nevoile dumneavoastr\u0103.<\/li><li><strong>Mod ECO:<\/strong> Pozi\u021bie special\u0103 a termostatului pentru func\u021bionarea economic\u0103 pe termen lung a dispozitivului.<\/li><\/ul>\t\t\t\t\t\t\t\t<\/div>\n\t\t\t\t<\/div>\n\t\t\t\t<div class=\"elementor-element elementor-element-a1cd3d4 elementor-widget elementor-widget-image\" data-id=\"a1cd3d4\" data-element_type=\"widget\" data-e-type=\"widget\" data-widget_type=\"image.default\">\n\t\t\t\t<div class=\"elementor-widget-container\">\n\t\t\t\t\t\t\t\t\t\t\t\t\t\t\t<img fetchpriority=\"high\" decoding=\"async\" width=\"1000\" height=\"1000\" src=\"https:\/\/tehnoformat.md\/wp-content\/uploads\/2024\/10\/tesy-gcv-50-3816d-ts2r-anticalc2-1.jpg\" class=\"attachment-large size-large wp-image-22562\" alt=\"\" srcset=\"https:\/\/tehnoformat.md\/wp-content\/uploads\/2024\/10\/tesy-gcv-50-3816d-ts2r-anticalc2-1.jpg 1000w, https:\/\/tehnoformat.md\/wp-content\/uploads\/2024\/10\/tesy-gcv-50-3816d-ts2r-anticalc2-1-300x300.jpg 300w, https:\/\/tehnoformat.md\/wp-content\/uploads\/2024\/10\/tesy-gcv-50-3816d-ts2r-anticalc2-1-250x250.jpg 250w, https:\/\/tehnoformat.md\/wp-content\/uploads\/2024\/10\/tesy-gcv-50-3816d-ts2r-anticalc2-1-768x768.jpg 768w, https:\/\/tehnoformat.md\/wp-content\/uploads\/2024\/10\/tesy-gcv-50-3816d-ts2r-anticalc2-1-180x180.jpg 180w, https:\/\/tehnoformat.md\/wp-content\/uploads\/2024\/10\/tesy-gcv-50-3816d-ts2r-anticalc2-1-400x400.jpg 400w, https:\/\/tehnoformat.md\/wp-content\/uploads\/2024\/10\/tesy-gcv-50-3816d-ts2r-anticalc2-1-100x100.jpg 100w, https:\/\/tehnoformat.md\/wp-content\/uploads\/2024\/10\/tesy-gcv-50-3816d-ts2r-anticalc2-1-54x54.jpg 54w, https:\/\/tehnoformat.md\/wp-content\/uploads\/2024\/10\/tesy-gcv-50-3816d-ts2r-anticalc2-1-310x310.jpg 310w, https:\/\/tehnoformat.md\/wp-content\/uploads\/2024\/10\/tesy-gcv-50-3816d-ts2r-anticalc2-1-80x80.jpg 80w\" sizes=\"(max-width: 1000px) 100vw, 1000px\" \/>\t\t\t\t\t\t\t\t\t\t\t\t\t\t\t<\/div>\n\t\t\t\t<\/div>\n\t\t\t\t\t<\/div>\n\t\t\t\t<\/div>\n\t\t<div class=\"elementor-element elementor-element-80acec6 e-grid e-con-boxed e-con e-parent\" data-id=\"80acec6\" data-element_type=\"container\" data-e-type=\"container\">\n\t\t\t\t\t<div class=\"e-con-inner\">\n\t\t\t\t<div class=\"elementor-element elementor-element-e29bf0c elementor-widget elementor-widget-image\" data-id=\"e29bf0c\" data-element_type=\"widget\" data-e-type=\"widget\" data-widget_type=\"image.default\">\n\t\t\t\t<div class=\"elementor-widget-container\">\n\t\t\t\t\t\t\t\t\t\t\t\t\t\t\t<img decoding=\"async\" width=\"1000\" height=\"1000\" src=\"https:\/\/tehnoformat.md\/wp-content\/uploads\/2024\/10\/tesy-gcv-50-3816d-ts2r-anticalc5.jpg\" class=\"attachment-large size-large wp-image-22560\" alt=\"\" srcset=\"https:\/\/tehnoformat.md\/wp-content\/uploads\/2024\/10\/tesy-gcv-50-3816d-ts2r-anticalc5.jpg 1000w, https:\/\/tehnoformat.md\/wp-content\/uploads\/2024\/10\/tesy-gcv-50-3816d-ts2r-anticalc5-300x300.jpg 300w, https:\/\/tehnoformat.md\/wp-content\/uploads\/2024\/10\/tesy-gcv-50-3816d-ts2r-anticalc5-250x250.jpg 250w, https:\/\/tehnoformat.md\/wp-content\/uploads\/2024\/10\/tesy-gcv-50-3816d-ts2r-anticalc5-768x768.jpg 768w, https:\/\/tehnoformat.md\/wp-content\/uploads\/2024\/10\/tesy-gcv-50-3816d-ts2r-anticalc5-180x180.jpg 180w, https:\/\/tehnoformat.md\/wp-content\/uploads\/2024\/10\/tesy-gcv-50-3816d-ts2r-anticalc5-400x400.jpg 400w, https:\/\/tehnoformat.md\/wp-content\/uploads\/2024\/10\/tesy-gcv-50-3816d-ts2r-anticalc5-100x100.jpg 100w, https:\/\/tehnoformat.md\/wp-content\/uploads\/2024\/10\/tesy-gcv-50-3816d-ts2r-anticalc5-54x54.jpg 54w, https:\/\/tehnoformat.md\/wp-content\/uploads\/2024\/10\/tesy-gcv-50-3816d-ts2r-anticalc5-310x310.jpg 310w, https:\/\/tehnoformat.md\/wp-content\/uploads\/2024\/10\/tesy-gcv-50-3816d-ts2r-anticalc5-80x80.jpg 80w\" sizes=\"(max-width: 1000px) 100vw, 1000px\" \/>\t\t\t\t\t\t\t\t\t\t\t\t\t\t\t<\/div>\n\t\t\t\t<\/div>\n\t\t\t\t<div class=\"elementor-element elementor-element-88c9fdd elementor-widget elementor-widget-text-editor\" data-id=\"88c9fdd\" data-element_type=\"widget\" data-e-type=\"widget\" data-widget_type=\"text-editor.default\">\n\t\t\t\t<div class=\"elementor-widget-container\">\n\t\t\t\t\t\t\t\t\t<p>Boilerele electrice verticale din seria <strong>Anticalc<\/strong> sunt special concepute pentru func\u021bionare pe termen lung \u0219i fiabil\u0103 \u00een regiuni cu ap\u0103 dur\u0103 sau con\u021binut ridicat de minerale. Datorit\u0103 suprafe\u021bei m\u0103rite \u0219i netede a elementului de \u00eenc\u0103lzire, procesul de formare a calcarului este \u00eencetinit \u0219i limitat semnificativ, ceea ce face ca aceste modele s\u0103 fie deosebit de potrivite pentru condi\u021bii dificile de func\u021bionare. <\/p><h6>Principalele avantaje:<\/h6><ul><li><strong>Durat\u0103 de via\u021b\u0103 extins\u0103:<\/strong> Boilerele din seria <strong>Anticalc <\/strong>au o durat\u0103 de via\u021b\u0103 mai lung\u0103 datorit\u0103 limit\u0103rii supra\u00eenc\u0103lzirii prin intermediul unui control capilar precis. Acest lucru ajut\u0103 la prevenirea temperaturilor excesive, ceea ce cre\u0219te \u0219i durabilitatea dispozitivului. <\/li><li><strong>Func\u021bionare silen\u021bioas\u0103 \u0219i \u00eentre\u021binere u\u0219oar\u0103:<\/strong> Aceste boilere func\u021bioneaz\u0103 practic silen\u021bios \u0219i sunt u\u0219or de \u00eentre\u021binut, deoarece nu necesit\u0103 golirea prealabil\u0103 a apei \u00een timpul \u00eentre\u021binerii.<\/li><li><strong>\u00centrerup\u0103tor electric impermeabil:<\/strong> Unitatea este echipat\u0103 cu un \u00eentrerup\u0103tor impermeabil care v\u0103 permite s\u0103 alege\u021bi \u00eentre dou\u0103 niveluri de putere, ceea ce v\u0103 permite s\u0103 distribui\u021bi eficient sarcina pe re\u021beaua electric\u0103 din locuin\u021ba dumneavoastr\u0103.<\/li><li><strong>Instalare universal\u0103:<\/strong> Unele modele din seria <strong>Anticalc <\/strong>ofer\u0103 posibilitatea instal\u0103rii universale &#8211; at\u00e2t pe vertical\u0103, c\u00e2t \u0219i pe orizontal\u0103, ceea ce cre\u0219te flexibilitatea instal\u0103rii lor \u00een orice \u00eenc\u0103pere.<\/li><\/ul><p>Aceste caracteristici fac din centralele termice <strong>Anticalc <\/strong>o solu\u021bie fiabil\u0103 \u0219i durabil\u0103 pentru utilizarea \u00een condi\u021bii de ap\u0103 dur\u0103, oferind eficien\u021b\u0103 pe termen lung \u0219i u\u0219urin\u021b\u0103 \u00een \u00eentre\u021binere.<\/p>\t\t\t\t\t\t\t\t<\/div>\n\t\t\t\t<\/div>\n\t\t\t\t\t<\/div>\n\t\t\t\t<\/div>\n\t\t<div class=\"elementor-element elementor-element-592f12a e-flex e-con-boxed e-con e-parent\" data-id=\"592f12a\" data-element_type=\"container\" data-e-type=\"container\">\n\t\t\t\t\t<div class=\"e-con-inner\">\n\t\t\t\t<div class=\"elementor-element elementor-element-c3ce7de elementor-widget elementor-widget-image\" data-id=\"c3ce7de\" data-element_type=\"widget\" data-e-type=\"widget\" data-widget_type=\"image.default\">\n\t\t\t\t<div class=\"elementor-widget-container\">\n\t\t\t\t\t\t\t\t\t\t\t\t\t\t\t<img decoding=\"async\" width=\"1024\" height=\"683\" src=\"https:\/\/tehnoformat.md\/wp-content\/uploads\/2024\/10\/tesy-gch-50-3520-b12-tsr5-1024x683.jpg\" class=\"attachment-large size-large wp-image-22555\" alt=\"\" srcset=\"https:\/\/tehnoformat.md\/wp-content\/uploads\/2024\/10\/tesy-gch-50-3520-b12-tsr5-1024x683.jpg 1024w, https:\/\/tehnoformat.md\/wp-content\/uploads\/2024\/10\/tesy-gch-50-3520-b12-tsr5-300x200.jpg 300w, https:\/\/tehnoformat.md\/wp-content\/uploads\/2024\/10\/tesy-gch-50-3520-b12-tsr5-768x512.jpg 768w, https:\/\/tehnoformat.md\/wp-content\/uploads\/2024\/10\/tesy-gch-50-3520-b12-tsr5-1000x667.jpg 1000w, https:\/\/tehnoformat.md\/wp-content\/uploads\/2024\/10\/tesy-gch-50-3520-b12-tsr5.jpg 1200w\" sizes=\"(max-width: 1024px) 100vw, 1024px\" \/>\t\t\t\t\t\t\t\t\t\t\t\t\t\t\t<\/div>\n\t\t\t\t<\/div>\n\t\t\t\t\t<\/div>\n\t\t\t\t<\/div>\n\t\t\t\t<\/div>\n\t\t","protected":false},"excerpt":{"rendered":"<p>Pa\u0219aport Catalog Catalog Boilerul electric Tesy GCV 50 38\/16D TS2R Anticalc este un \u00eenc\u0103lzitor de ap\u0103 \u00eengust, special conceput pentru instalare \u00een spa\u021bii limitate datorit\u0103 diametrului s\u0103u de doar 38 cm. Modelele din aceast\u0103 serie sunt echipate cu un element de \u00eenc\u0103lzire Anticalc inovator, care func\u021bioneaz\u0103 la o temperatur\u0103 mai sc\u0103zut\u0103, ceea ce reduce semnificativ [&hellip;]<\/p>\n","protected":false},"featured_media":22546,"comment_status":"closed","ping_status":"open","template":"","meta":[],"product_brand":[],"product_cat":[784,795],"product_tag":[893,903,908,935,1014],"class_list":{"0":"post-25128","1":"product","2":"type-product","3":"status-publish","4":"has-post-thumbnail","6":"product_cat-boilere","7":"product_cat-incalzitoare-de-apa","8":"product_tag-anticalc-ro","9":"product_tag-boiler-ro","10":"product_tag-boiler-electric-ro","11":"product_tag-compact-ro","12":"product_tag-tesy-ro","13":"ts_product_brand-tesy-ro","15":"first","16":"instock","17":"sale","18":"shipping-taxable","19":"purchasable","20":"product-type-simple","21":"add-to-wishlist-after_add_to_cart"},"yoast_head":"<!-- This site is optimized with the Yoast SEO plugin v27.3 - https:\/\/yoast.com\/product\/yoast-seo-wordpress\/ -->\n<title>Tesy GCV 50 38\/16D TS2R Anticalc - Tehnoformat<\/title>\n<meta name=\"robots\" content=\"index, follow, max-snippet:-1, max-image-preview:large, max-video-preview:-1\" \/>\n<link rel=\"canonical\" href=\"https:\/\/tehnoformat.md\/ro\/produs\/tesy-gcv-50-38-16d-ts2r-anticalc\/\" \/>\n<meta property=\"og:locale\" content=\"ro_RO\" \/>\n<meta property=\"og:type\" content=\"article\" \/>\n<meta property=\"og:title\" content=\"Tesy GCV 50 38\/16D TS2R Anticalc - Tehnoformat\" \/>\n<meta property=\"og:description\" content=\"Pa\u0219aport Catalog Catalog Boilerul electric Tesy GCV 50 38\/16D TS2R Anticalc este un \u00eenc\u0103lzitor de ap\u0103 \u00eengust, special conceput pentru instalare \u00een spa\u021bii limitate datorit\u0103 diametrului s\u0103u de doar 38 cm. Modelele din aceast\u0103 serie sunt echipate cu un element de \u00eenc\u0103lzire Anticalc inovator, care func\u021bioneaz\u0103 la o temperatur\u0103 mai sc\u0103zut\u0103, ceea ce reduce semnificativ [&hellip;]\" \/>\n<meta property=\"og:url\" content=\"https:\/\/tehnoformat.md\/ro\/produs\/tesy-gcv-50-38-16d-ts2r-anticalc\/\" \/>\n<meta property=\"og:site_name\" content=\"Tehnoformat\" \/>\n<meta property=\"article:publisher\" content=\"https:\/\/www.facebook.com\/formatterm\" \/>\n<meta property=\"article:modified_time\" content=\"2025-08-06T07:03:22+00:00\" \/>\n<meta property=\"og:image\" content=\"https:\/\/tehnoformat.md\/wp-content\/uploads\/2024\/10\/tesy-gcv-50-3816d-ts2r-anticalc4.jpg\" \/>\n\t<meta property=\"og:image:width\" content=\"1000\" \/>\n\t<meta property=\"og:image:height\" content=\"1000\" \/>\n\t<meta property=\"og:image:type\" content=\"image\/jpeg\" \/>\n<meta name=\"twitter:card\" content=\"summary_large_image\" \/>\n<meta name=\"twitter:label1\" content=\"Timp estimat pentru citire\" \/>\n\t<meta name=\"twitter:data1\" content=\"3 minute\" \/>\n<script type=\"application\/ld+json\" class=\"yoast-schema-graph\">{\"@context\":\"https:\\\/\\\/schema.org\",\"@graph\":[{\"@type\":\"WebPage\",\"@id\":\"https:\\\/\\\/tehnoformat.md\\\/ro\\\/produs\\\/tesy-gcv-50-38-16d-ts2r-anticalc\\\/\",\"url\":\"https:\\\/\\\/tehnoformat.md\\\/ro\\\/produs\\\/tesy-gcv-50-38-16d-ts2r-anticalc\\\/\",\"name\":\"Tesy GCV 50 38\\\/16D TS2R Anticalc - Tehnoformat\",\"isPartOf\":{\"@id\":\"https:\\\/\\\/tehnoformat.md\\\/ro\\\/#website\"},\"primaryImageOfPage\":{\"@id\":\"https:\\\/\\\/tehnoformat.md\\\/ro\\\/produs\\\/tesy-gcv-50-38-16d-ts2r-anticalc\\\/#primaryimage\"},\"image\":{\"@id\":\"https:\\\/\\\/tehnoformat.md\\\/ro\\\/produs\\\/tesy-gcv-50-38-16d-ts2r-anticalc\\\/#primaryimage\"},\"thumbnailUrl\":\"https:\\\/\\\/tehnoformat.md\\\/wp-content\\\/uploads\\\/2024\\\/10\\\/tesy-gcv-50-3816d-ts2r-anticalc4.jpg\",\"datePublished\":\"2024-10-15T14:17:02+00:00\",\"dateModified\":\"2025-08-06T07:03:22+00:00\",\"breadcrumb\":{\"@id\":\"https:\\\/\\\/tehnoformat.md\\\/ro\\\/produs\\\/tesy-gcv-50-38-16d-ts2r-anticalc\\\/#breadcrumb\"},\"inLanguage\":\"ro-RO\",\"potentialAction\":[{\"@type\":\"ReadAction\",\"target\":[\"https:\\\/\\\/tehnoformat.md\\\/ro\\\/produs\\\/tesy-gcv-50-38-16d-ts2r-anticalc\\\/\"]}]},{\"@type\":\"ImageObject\",\"inLanguage\":\"ro-RO\",\"@id\":\"https:\\\/\\\/tehnoformat.md\\\/ro\\\/produs\\\/tesy-gcv-50-38-16d-ts2r-anticalc\\\/#primaryimage\",\"url\":\"https:\\\/\\\/tehnoformat.md\\\/wp-content\\\/uploads\\\/2024\\\/10\\\/tesy-gcv-50-3816d-ts2r-anticalc4.jpg\",\"contentUrl\":\"https:\\\/\\\/tehnoformat.md\\\/wp-content\\\/uploads\\\/2024\\\/10\\\/tesy-gcv-50-3816d-ts2r-anticalc4.jpg\",\"width\":1000,\"height\":1000},{\"@type\":\"BreadcrumbList\",\"@id\":\"https:\\\/\\\/tehnoformat.md\\\/ro\\\/produs\\\/tesy-gcv-50-38-16d-ts2r-anticalc\\\/#breadcrumb\",\"itemListElement\":[{\"@type\":\"ListItem\",\"position\":1,\"name\":\"Pagina principal\u0103\",\"item\":\"https:\\\/\\\/tehnoformat.md\\\/ro\\\/\"},{\"@type\":\"ListItem\",\"position\":2,\"name\":\"Magazin\",\"item\":\"https:\\\/\\\/tehnoformat.md\\\/ro\\\/shop\\\/\"},{\"@type\":\"ListItem\",\"position\":3,\"name\":\"Tesy GCV 50 38\\\/16D TS2R Anticalc\"}]},{\"@type\":\"WebSite\",\"@id\":\"https:\\\/\\\/tehnoformat.md\\\/ro\\\/#website\",\"url\":\"https:\\\/\\\/tehnoformat.md\\\/ro\\\/\",\"name\":\"Tehnoformat.md\",\"description\":\"\",\"publisher\":{\"@id\":\"https:\\\/\\\/tehnoformat.md\\\/ro\\\/#organization\"},\"potentialAction\":[{\"@type\":\"SearchAction\",\"target\":{\"@type\":\"EntryPoint\",\"urlTemplate\":\"https:\\\/\\\/tehnoformat.md\\\/ro\\\/?s={search_term_string}\"},\"query-input\":{\"@type\":\"PropertyValueSpecification\",\"valueRequired\":true,\"valueName\":\"search_term_string\"}}],\"inLanguage\":\"ro-RO\"},{\"@type\":\"Organization\",\"@id\":\"https:\\\/\\\/tehnoformat.md\\\/ro\\\/#organization\",\"name\":\"Tehnoformat\",\"url\":\"https:\\\/\\\/tehnoformat.md\\\/ro\\\/\",\"logo\":{\"@type\":\"ImageObject\",\"inLanguage\":\"ro-RO\",\"@id\":\"https:\\\/\\\/tehnoformat.md\\\/ro\\\/#\\\/schema\\\/logo\\\/image\\\/\",\"url\":\"https:\\\/\\\/tehnoformat.md\\\/wp-content\\\/uploads\\\/2024\\\/10\\\/icon1.png\",\"contentUrl\":\"https:\\\/\\\/tehnoformat.md\\\/wp-content\\\/uploads\\\/2024\\\/10\\\/icon1.png\",\"width\":512,\"height\":512,\"caption\":\"Tehnoformat\"},\"image\":{\"@id\":\"https:\\\/\\\/tehnoformat.md\\\/ro\\\/#\\\/schema\\\/logo\\\/image\\\/\"},\"sameAs\":[\"https:\\\/\\\/www.facebook.com\\\/formatterm\",\"https:\\\/\\\/www.instagram.com\\\/tehnoformat.md\\\/\"]}]}<\/script>\n<!-- \/ Yoast SEO plugin. -->","yoast_head_json":{"title":"Tesy GCV 50 38\/16D TS2R Anticalc - Tehnoformat","robots":{"index":"index","follow":"follow","max-snippet":"max-snippet:-1","max-image-preview":"max-image-preview:large","max-video-preview":"max-video-preview:-1"},"canonical":"https:\/\/tehnoformat.md\/ro\/produs\/tesy-gcv-50-38-16d-ts2r-anticalc\/","og_locale":"ro_RO","og_type":"article","og_title":"Tesy GCV 50 38\/16D TS2R Anticalc - Tehnoformat","og_description":"Pa\u0219aport Catalog Catalog Boilerul electric Tesy GCV 50 38\/16D TS2R Anticalc este un \u00eenc\u0103lzitor de ap\u0103 \u00eengust, special conceput pentru instalare \u00een spa\u021bii limitate datorit\u0103 diametrului s\u0103u de doar 38 cm. Modelele din aceast\u0103 serie sunt echipate cu un element de \u00eenc\u0103lzire Anticalc inovator, care func\u021bioneaz\u0103 la o temperatur\u0103 mai sc\u0103zut\u0103, ceea ce reduce semnificativ [&hellip;]","og_url":"https:\/\/tehnoformat.md\/ro\/produs\/tesy-gcv-50-38-16d-ts2r-anticalc\/","og_site_name":"Tehnoformat","article_publisher":"https:\/\/www.facebook.com\/formatterm","article_modified_time":"2025-08-06T07:03:22+00:00","og_image":[{"width":1000,"height":1000,"url":"https:\/\/tehnoformat.md\/wp-content\/uploads\/2024\/10\/tesy-gcv-50-3816d-ts2r-anticalc4.jpg","type":"image\/jpeg"}],"twitter_card":"summary_large_image","twitter_misc":{"Timp estimat pentru citire":"3 minute"},"schema":{"@context":"https:\/\/schema.org","@graph":[{"@type":"WebPage","@id":"https:\/\/tehnoformat.md\/ro\/produs\/tesy-gcv-50-38-16d-ts2r-anticalc\/","url":"https:\/\/tehnoformat.md\/ro\/produs\/tesy-gcv-50-38-16d-ts2r-anticalc\/","name":"Tesy GCV 50 38\/16D TS2R Anticalc - Tehnoformat","isPartOf":{"@id":"https:\/\/tehnoformat.md\/ro\/#website"},"primaryImageOfPage":{"@id":"https:\/\/tehnoformat.md\/ro\/produs\/tesy-gcv-50-38-16d-ts2r-anticalc\/#primaryimage"},"image":{"@id":"https:\/\/tehnoformat.md\/ro\/produs\/tesy-gcv-50-38-16d-ts2r-anticalc\/#primaryimage"},"thumbnailUrl":"https:\/\/tehnoformat.md\/wp-content\/uploads\/2024\/10\/tesy-gcv-50-3816d-ts2r-anticalc4.jpg","datePublished":"2024-10-15T14:17:02+00:00","dateModified":"2025-08-06T07:03:22+00:00","breadcrumb":{"@id":"https:\/\/tehnoformat.md\/ro\/produs\/tesy-gcv-50-38-16d-ts2r-anticalc\/#breadcrumb"},"inLanguage":"ro-RO","potentialAction":[{"@type":"ReadAction","target":["https:\/\/tehnoformat.md\/ro\/produs\/tesy-gcv-50-38-16d-ts2r-anticalc\/"]}]},{"@type":"ImageObject","inLanguage":"ro-RO","@id":"https:\/\/tehnoformat.md\/ro\/produs\/tesy-gcv-50-38-16d-ts2r-anticalc\/#primaryimage","url":"https:\/\/tehnoformat.md\/wp-content\/uploads\/2024\/10\/tesy-gcv-50-3816d-ts2r-anticalc4.jpg","contentUrl":"https:\/\/tehnoformat.md\/wp-content\/uploads\/2024\/10\/tesy-gcv-50-3816d-ts2r-anticalc4.jpg","width":1000,"height":1000},{"@type":"BreadcrumbList","@id":"https:\/\/tehnoformat.md\/ro\/produs\/tesy-gcv-50-38-16d-ts2r-anticalc\/#breadcrumb","itemListElement":[{"@type":"ListItem","position":1,"name":"Pagina principal\u0103","item":"https:\/\/tehnoformat.md\/ro\/"},{"@type":"ListItem","position":2,"name":"Magazin","item":"https:\/\/tehnoformat.md\/ro\/shop\/"},{"@type":"ListItem","position":3,"name":"Tesy GCV 50 38\/16D TS2R Anticalc"}]},{"@type":"WebSite","@id":"https:\/\/tehnoformat.md\/ro\/#website","url":"https:\/\/tehnoformat.md\/ro\/","name":"Tehnoformat.md","description":"","publisher":{"@id":"https:\/\/tehnoformat.md\/ro\/#organization"},"potentialAction":[{"@type":"SearchAction","target":{"@type":"EntryPoint","urlTemplate":"https:\/\/tehnoformat.md\/ro\/?s={search_term_string}"},"query-input":{"@type":"PropertyValueSpecification","valueRequired":true,"valueName":"search_term_string"}}],"inLanguage":"ro-RO"},{"@type":"Organization","@id":"https:\/\/tehnoformat.md\/ro\/#organization","name":"Tehnoformat","url":"https:\/\/tehnoformat.md\/ro\/","logo":{"@type":"ImageObject","inLanguage":"ro-RO","@id":"https:\/\/tehnoformat.md\/ro\/#\/schema\/logo\/image\/","url":"https:\/\/tehnoformat.md\/wp-content\/uploads\/2024\/10\/icon1.png","contentUrl":"https:\/\/tehnoformat.md\/wp-content\/uploads\/2024\/10\/icon1.png","width":512,"height":512,"caption":"Tehnoformat"},"image":{"@id":"https:\/\/tehnoformat.md\/ro\/#\/schema\/logo\/image\/"},"sameAs":["https:\/\/www.facebook.com\/formatterm","https:\/\/www.instagram.com\/tehnoformat.md\/"]}]}},"_links":{"self":[{"href":"https:\/\/tehnoformat.md\/ro\/wp-json\/wp\/v2\/product\/25128","targetHints":{"allow":["GET"]}}],"collection":[{"href":"https:\/\/tehnoformat.md\/ro\/wp-json\/wp\/v2\/product"}],"about":[{"href":"https:\/\/tehnoformat.md\/ro\/wp-json\/wp\/v2\/types\/product"}],"replies":[{"embeddable":true,"href":"https:\/\/tehnoformat.md\/ro\/wp-json\/wp\/v2\/comments?post=25128"}],"version-history":[{"count":4,"href":"https:\/\/tehnoformat.md\/ro\/wp-json\/wp\/v2\/product\/25128\/revisions"}],"predecessor-version":[{"id":25132,"href":"https:\/\/tehnoformat.md\/ro\/wp-json\/wp\/v2\/product\/25128\/revisions\/25132"}],"wp:featuredmedia":[{"embeddable":true,"href":"https:\/\/tehnoformat.md\/ro\/wp-json\/wp\/v2\/media\/22546"}],"wp:attachment":[{"href":"https:\/\/tehnoformat.md\/ro\/wp-json\/wp\/v2\/media?parent=25128"}],"wp:term":[{"taxonomy":"product_brand","embeddable":true,"href":"https:\/\/tehnoformat.md\/ro\/wp-json\/wp\/v2\/product_brand?post=25128"},{"taxonomy":"product_cat","embeddable":true,"href":"https:\/\/tehnoformat.md\/ro\/wp-json\/wp\/v2\/product_cat?post=25128"},{"taxonomy":"product_tag","embeddable":true,"href":"https:\/\/tehnoformat.md\/ro\/wp-json\/wp\/v2\/product_tag?post=25128"}],"curies":[{"name":"wp","href":"https:\/\/api.w.org\/{rel}","templated":true}]}}