{"id":25109,"date":"2024-10-24T13:34:46","date_gmt":"2024-10-24T10:34:46","guid":{"rendered":"https:\/\/tehnoformat.md\/product\/thermex-eurotop-10-lpg\/"},"modified":"2025-08-04T17:09:14","modified_gmt":"2025-08-04T14:09:14","slug":"thermex-eurotop-10-lpg","status":"publish","type":"product","link":"https:\/\/tehnoformat.md\/ro\/produs\/thermex-eurotop-10-lpg\/","title":{"rendered":"Thermex Eurotop 10 LPG"},"content":{"rendered":"\t\t<div data-elementor-type=\"product-post\" data-elementor-id=\"25109\" class=\"elementor elementor-25109 elementor-18315\">\n\t\t\t\t<div class=\"elementor-element elementor-element-8384513 e-flex e-con-boxed e-con e-parent\" data-id=\"8384513\" data-element_type=\"container\" data-e-type=\"container\">\n\t\t\t\t\t<div class=\"e-con-inner\">\n\t\t\t\t<div class=\"elementor-element elementor-element-2657c07 elementor-align-center elementor-widget elementor-widget-button\" data-id=\"2657c07\" data-element_type=\"widget\" data-e-type=\"widget\" data-widget_type=\"button.default\">\n\t\t\t\t<div class=\"elementor-widget-container\">\n\t\t\t\t\t\t\t\t\t<div class=\"elementor-button-wrapper\">\n\t\t\t\t\t<a target=\"_blank\" rel=\"nofollow\" href=\"https:\/\/tehnoformat.md\/goto\/https:\/\/vodoprovod.ru\/upload\/insrukcii\/thermexGrand.pdf\" class=\"elementor-button elementor-button-link elementor-size-sm\" >\n\t\t\t\t\t\t<span class=\"elementor-button-content-wrapper\">\n\t\t\t\t\t\t\t\t\t<span class=\"elementor-button-text\">Pa\u0219aport \u00eenc\u0103lzitor<\/span>\n\t\t\t\t\t<\/span>\n\t\t\t\t\t<\/a>\n\t\t\t\t<\/div>\n\t\t\t\t\t\t\t\t<\/div>\n\t\t\t\t<\/div>\n\t\t\t\t\t<\/div>\n\t\t\t\t<\/div>\n\t\t<div class=\"elementor-element elementor-element-f054b77 e-flex e-con-boxed e-con e-parent\" data-id=\"f054b77\" data-element_type=\"container\" data-e-type=\"container\">\n\t\t\t\t\t<div class=\"e-con-inner\">\n\t\t\t\t<div class=\"elementor-element elementor-element-b67bcf3 elementor-widget elementor-widget-text-editor\" data-id=\"b67bcf3\" data-element_type=\"widget\" data-e-type=\"widget\" data-widget_type=\"text-editor.default\">\n\t\t\t\t<div class=\"elementor-widget-container\">\n\t\t\t\t\t\t\t\t\t<div class=\"flex-shrink-0 flex flex-col relative items-end\">\n<div class=\"pt-0\">\n<div class=\"gizmo-bot-avatar flex h-8 w-8 items-center justify-center overflow-hidden rounded-full\">\n<div class=\"relative p-1 rounded-sm flex items-center justify-center bg-token-main-surface-primary text-token-text-primary h-8 w-8\">\n<p>\u00cenc\u0103lzitorul instantaneu de ap\u0103 pe gaz natural <strong>Thermex Eurotop 10<\/strong> are dimensiuni compacte \u0219i este u\u0219or de instalat. Datorit\u0103 corpului s\u0103u ultra-sub\u021bire \u0219i dimensiunilor reduse, se potrive\u0219te cu u\u0219urin\u021b\u0103 chiar \u0219i \u00een cele mai limitate spa\u021bii. Dispozitivul se monteaz\u0103 vertical pe perete, ceea ce economise\u0219te spa\u021biu.  <\/p>\n<p>Una dintre caracteristicile cheie este productivitatea ridicat\u0103 &#8211; p\u00e2n\u0103 la 10 litri de ap\u0103 cald\u0103 pe minut, ceea ce asigur\u0103 \u00eenc\u0103lzirea rapid\u0103 a apei. Aprinderea electronic\u0103 \u0219i func\u021bionarea cu baterie permit utilizarea \u00eenc\u0103lzitorului de ap\u0103 chiar \u0219i \u00een timpul pene de curent. <\/p>\n<p>Fiabilitatea \u00eenc\u0103lzitorului Thermex Eurotop 10 este sus\u021binut\u0103 de un schimb\u0103tor de c\u0103ldur\u0103 din cupru armat, care garanteaz\u0103 o durat\u0103 lung\u0103 de via\u021b\u0103 a dispozitivului. Unitatea gaz-ap\u0103 este proiectat\u0103 pentru o func\u021bionare stabil\u0103 \u0219i o siguran\u021b\u0103 ridicat\u0103. \u00cenc\u0103lzitorul de ap\u0103 este echipat cu un sistem complet de siguran\u021b\u0103 care controleaz\u0103 alimentarea cu gaz \u0219i ap\u0103, procesul de ardere, eliminarea gazelor de ardere \u0219i, de asemenea, protejeaz\u0103 \u00eempotriva supra\u00eenc\u0103lzirii.  <\/p>\n<p>Dispozitivul este u\u0219or de utilizat datorit\u0103 sistemului de control mecanic, care v\u0103 permite s\u0103 regla\u021bi convenabil puterea \u0219i temperatura. Nivelul redus de zgomot \u00een timpul func\u021bion\u0103rii ofer\u0103 un confort suplimentar \u00een timpul utiliz\u0103rii. &nbsp;<\/p>\n<\/div>\n<\/div>\n<\/div>\n<\/div>\t\t\t\t\t\t\t\t<\/div>\n\t\t\t\t<\/div>\n\t\t\t\t\t<\/div>\n\t\t\t\t<\/div>\n\t\t<div class=\"elementor-element elementor-element-694e160 e-flex e-con-boxed e-con e-parent\" data-id=\"694e160\" data-element_type=\"container\" data-e-type=\"container\">\n\t\t\t\t\t<div class=\"e-con-inner\">\n\t\t\t\t<div class=\"elementor-element elementor-element-d021ac8 elementor-widget elementor-widget-image\" data-id=\"d021ac8\" data-element_type=\"widget\" data-e-type=\"widget\" data-widget_type=\"image.default\">\n\t\t\t\t<div class=\"elementor-widget-container\">\n\t\t\t\t\t\t\t\t\t\t\t\t\t\t\t<img fetchpriority=\"high\" decoding=\"async\" width=\"1000\" height=\"1000\" src=\"https:\/\/tehnoformat.md\/wp-content\/uploads\/2024\/10\/euroheat2.jpg\" class=\"attachment-large size-large wp-image-22677\" alt=\"\" srcset=\"https:\/\/tehnoformat.md\/wp-content\/uploads\/2024\/10\/euroheat2.jpg 1000w, https:\/\/tehnoformat.md\/wp-content\/uploads\/2024\/10\/euroheat2-300x300.jpg 300w, https:\/\/tehnoformat.md\/wp-content\/uploads\/2024\/10\/euroheat2-250x250.jpg 250w, https:\/\/tehnoformat.md\/wp-content\/uploads\/2024\/10\/euroheat2-768x768.jpg 768w, https:\/\/tehnoformat.md\/wp-content\/uploads\/2024\/10\/euroheat2-180x180.jpg 180w, https:\/\/tehnoformat.md\/wp-content\/uploads\/2024\/10\/euroheat2-400x400.jpg 400w, https:\/\/tehnoformat.md\/wp-content\/uploads\/2024\/10\/euroheat2-100x100.jpg 100w, https:\/\/tehnoformat.md\/wp-content\/uploads\/2024\/10\/euroheat2-54x54.jpg 54w, https:\/\/tehnoformat.md\/wp-content\/uploads\/2024\/10\/euroheat2-310x310.jpg 310w, https:\/\/tehnoformat.md\/wp-content\/uploads\/2024\/10\/euroheat2-80x80.jpg 80w\" sizes=\"(max-width: 1000px) 100vw, 1000px\" \/>\t\t\t\t\t\t\t\t\t\t\t\t\t\t\t<\/div>\n\t\t\t\t<\/div>\n\t\t\t\t\t<\/div>\n\t\t\t\t<\/div>\n\t\t<div class=\"elementor-element elementor-element-d88f3b4 e-flex e-con-boxed e-con e-parent\" data-id=\"d88f3b4\" data-element_type=\"container\" data-e-type=\"container\">\n\t\t\t\t\t<div class=\"e-con-inner\">\n\t\t\t\t<div class=\"elementor-element elementor-element-fd2f03b elementor-widget elementor-widget-text-editor\" data-id=\"fd2f03b\" data-element_type=\"widget\" data-e-type=\"widget\" data-widget_type=\"text-editor.default\">\n\t\t\t\t<div class=\"elementor-widget-container\">\n\t\t\t\t\t\t\t\t\t<div class=\"flex-shrink-0 flex flex-col relative items-end\"><div><div class=\"pt-0\"><div class=\"gizmo-bot-avatar flex h-8 w-8 items-center justify-center overflow-hidden rounded-full\"><div class=\"relative p-1 rounded-sm flex items-center justify-center bg-token-main-surface-primary text-token-text-primary h-8 w-8\"> <\/div><\/div><\/div><\/div><\/div><div class=\"group\/conversation-turn relative flex w-full min-w-0 flex-col agent-turn\"><div class=\"flex-col gap-1 md:gap-3\"><div class=\"flex max-w-full flex-col flex-grow\"><div class=\"min-h-8 text-message flex w-full flex-col items-end gap-2 whitespace-normal break-words [.text-message+&amp;]:mt-5\" dir=\"auto\" data-message-author-role=\"assistant\" data-message-id=\"512ec4ad-91e5-4564-9ff0-57de5ddadd83\" data-message-model-slug=\"gpt-4o\"><div class=\"flex w-full flex-col gap-1 empty:hidden first:pt-[3px]\"><div class=\"markdown prose w-full break-words dark:prose-invert light\"><p>Avantajele \u00eenc\u0103lzitorului de ap\u0103 pe gaz Thermex Eurotop:<\/p><ul><li>Raport optim calitate-pre\u021b.<\/li><li>Aprindere automat\u0103 \u0219i pornire lin\u0103.<\/li><li>Func\u021bioneaz\u0103 pe baterii, fiind independent de re\u021beaua electric\u0103.<\/li><li>Func\u021bionarea silen\u021bioas\u0103 asigur\u0103 o func\u021bionare confortabil\u0103.<\/li><\/ul><p><strong>De ce s\u0103 alege\u021bi \u00eenc\u0103lzitorul de ap\u0103 pe gaz Thermex Eurotop?<\/strong><\/p><p>Thermex Eurotop este un dispozitiv fiabil, sigur \u0219i eficient, care v\u0103 va oferi ap\u0103 cald\u0103 \u00een orice moment. Cu designul s\u0103u compact \u0219i performan\u021ba ridicat\u0103, aceast\u0103 coloan\u0103 va fi solu\u021bia perfect\u0103 pentru casa dumneavoastr\u0103, combin\u00e2nd confortul \u0219i func\u021bionalitatea. <\/p><\/div><\/div><\/div><\/div><\/div><\/div>\t\t\t\t\t\t\t\t<\/div>\n\t\t\t\t<\/div>\n\t\t\t\t\t<\/div>\n\t\t\t\t<\/div>\n\t\t\t\t<\/div>\n\t\t","protected":false},"excerpt":{"rendered":"<p>Pa\u0219aport \u00eenc\u0103lzitor \u00cenc\u0103lzitorul instantaneu de ap\u0103 pe gaz natural Thermex Eurotop 10 are dimensiuni compacte \u0219i este u\u0219or de instalat. Datorit\u0103 corpului s\u0103u ultra-sub\u021bire \u0219i dimensiunilor reduse, se potrive\u0219te cu u\u0219urin\u021b\u0103 chiar \u0219i \u00een cele mai limitate spa\u021bii. Dispozitivul se monteaz\u0103 vertical pe perete, ceea ce economise\u0219te spa\u021biu. Una dintre caracteristicile cheie este productivitatea ridicat\u0103 [&hellip;]<\/p>\n","protected":false},"featured_media":22676,"comment_status":"closed","ping_status":"open","template":"","meta":[],"product_brand":[],"product_cat":[787],"product_tag":[934,954,970,1015],"class_list":{"0":"post-25109","1":"product","2":"type-product","3":"status-publish","4":"has-post-thumbnail","6":"product_cat-coloane-pe-gaz","7":"product_tag-coloana-de-gaz-ro","8":"product_tag-eurotop-ro","9":"product_tag-incalzitor-de-apa-pe-gaz-ro","10":"product_tag-thermex-ro","11":"ts_product_brand-thermex-ro","13":"first","14":"instock","15":"sale","16":"shipping-taxable","17":"purchasable","18":"product-type-simple","19":"add-to-wishlist-after_add_to_cart"},"yoast_head":"<!-- This site is optimized with the Yoast SEO plugin v27.3 - https:\/\/yoast.com\/product\/yoast-seo-wordpress\/ -->\n<title>Thermex Eurotop 10 LPG - Tehnoformat<\/title>\n<meta name=\"robots\" content=\"index, follow, max-snippet:-1, max-image-preview:large, max-video-preview:-1\" \/>\n<link rel=\"canonical\" href=\"https:\/\/tehnoformat.md\/ro\/produs\/thermex-eurotop-10-lpg\/\" \/>\n<meta property=\"og:locale\" content=\"ro_RO\" \/>\n<meta property=\"og:type\" content=\"article\" \/>\n<meta property=\"og:title\" content=\"Thermex Eurotop 10 LPG - Tehnoformat\" \/>\n<meta property=\"og:description\" content=\"Pa\u0219aport \u00eenc\u0103lzitor \u00cenc\u0103lzitorul instantaneu de ap\u0103 pe gaz natural Thermex Eurotop 10 are dimensiuni compacte \u0219i este u\u0219or de instalat. Datorit\u0103 corpului s\u0103u ultra-sub\u021bire \u0219i dimensiunilor reduse, se potrive\u0219te cu u\u0219urin\u021b\u0103 chiar \u0219i \u00een cele mai limitate spa\u021bii. Dispozitivul se monteaz\u0103 vertical pe perete, ceea ce economise\u0219te spa\u021biu. Una dintre caracteristicile cheie este productivitatea ridicat\u0103 [&hellip;]\" \/>\n<meta property=\"og:url\" content=\"https:\/\/tehnoformat.md\/ro\/produs\/thermex-eurotop-10-lpg\/\" \/>\n<meta property=\"og:site_name\" content=\"Tehnoformat\" \/>\n<meta property=\"article:publisher\" content=\"https:\/\/www.facebook.com\/formatterm\" \/>\n<meta property=\"article:modified_time\" content=\"2025-08-04T14:09:14+00:00\" \/>\n<meta property=\"og:image\" content=\"https:\/\/tehnoformat.md\/wp-content\/uploads\/2024\/10\/euroheat1.jpg\" \/>\n\t<meta property=\"og:image:width\" content=\"1000\" \/>\n\t<meta property=\"og:image:height\" content=\"1000\" \/>\n\t<meta property=\"og:image:type\" content=\"image\/jpeg\" \/>\n<meta name=\"twitter:card\" content=\"summary_large_image\" \/>\n<meta name=\"twitter:label1\" content=\"Timp estimat pentru citire\" \/>\n\t<meta name=\"twitter:data1\" content=\"2 minute\" \/>\n<script type=\"application\/ld+json\" class=\"yoast-schema-graph\">{\"@context\":\"https:\\\/\\\/schema.org\",\"@graph\":[{\"@type\":\"WebPage\",\"@id\":\"https:\\\/\\\/tehnoformat.md\\\/ro\\\/produs\\\/thermex-eurotop-10-lpg\\\/\",\"url\":\"https:\\\/\\\/tehnoformat.md\\\/ro\\\/produs\\\/thermex-eurotop-10-lpg\\\/\",\"name\":\"Thermex Eurotop 10 LPG - Tehnoformat\",\"isPartOf\":{\"@id\":\"https:\\\/\\\/tehnoformat.md\\\/ro\\\/#website\"},\"primaryImageOfPage\":{\"@id\":\"https:\\\/\\\/tehnoformat.md\\\/ro\\\/produs\\\/thermex-eurotop-10-lpg\\\/#primaryimage\"},\"image\":{\"@id\":\"https:\\\/\\\/tehnoformat.md\\\/ro\\\/produs\\\/thermex-eurotop-10-lpg\\\/#primaryimage\"},\"thumbnailUrl\":\"https:\\\/\\\/tehnoformat.md\\\/wp-content\\\/uploads\\\/2024\\\/10\\\/euroheat1.jpg\",\"datePublished\":\"2024-10-24T10:34:46+00:00\",\"dateModified\":\"2025-08-04T14:09:14+00:00\",\"breadcrumb\":{\"@id\":\"https:\\\/\\\/tehnoformat.md\\\/ro\\\/produs\\\/thermex-eurotop-10-lpg\\\/#breadcrumb\"},\"inLanguage\":\"ro-RO\",\"potentialAction\":[{\"@type\":\"ReadAction\",\"target\":[\"https:\\\/\\\/tehnoformat.md\\\/ro\\\/produs\\\/thermex-eurotop-10-lpg\\\/\"]}]},{\"@type\":\"ImageObject\",\"inLanguage\":\"ro-RO\",\"@id\":\"https:\\\/\\\/tehnoformat.md\\\/ro\\\/produs\\\/thermex-eurotop-10-lpg\\\/#primaryimage\",\"url\":\"https:\\\/\\\/tehnoformat.md\\\/wp-content\\\/uploads\\\/2024\\\/10\\\/euroheat1.jpg\",\"contentUrl\":\"https:\\\/\\\/tehnoformat.md\\\/wp-content\\\/uploads\\\/2024\\\/10\\\/euroheat1.jpg\",\"width\":1000,\"height\":1000},{\"@type\":\"BreadcrumbList\",\"@id\":\"https:\\\/\\\/tehnoformat.md\\\/ro\\\/produs\\\/thermex-eurotop-10-lpg\\\/#breadcrumb\",\"itemListElement\":[{\"@type\":\"ListItem\",\"position\":1,\"name\":\"Pagina principal\u0103\",\"item\":\"https:\\\/\\\/tehnoformat.md\\\/ro\\\/\"},{\"@type\":\"ListItem\",\"position\":2,\"name\":\"Magazin\",\"item\":\"https:\\\/\\\/tehnoformat.md\\\/ro\\\/shop\\\/\"},{\"@type\":\"ListItem\",\"position\":3,\"name\":\"Thermex Eurotop 10 LPG\"}]},{\"@type\":\"WebSite\",\"@id\":\"https:\\\/\\\/tehnoformat.md\\\/ro\\\/#website\",\"url\":\"https:\\\/\\\/tehnoformat.md\\\/ro\\\/\",\"name\":\"Tehnoformat.md\",\"description\":\"\",\"publisher\":{\"@id\":\"https:\\\/\\\/tehnoformat.md\\\/ro\\\/#organization\"},\"potentialAction\":[{\"@type\":\"SearchAction\",\"target\":{\"@type\":\"EntryPoint\",\"urlTemplate\":\"https:\\\/\\\/tehnoformat.md\\\/ro\\\/?s={search_term_string}\"},\"query-input\":{\"@type\":\"PropertyValueSpecification\",\"valueRequired\":true,\"valueName\":\"search_term_string\"}}],\"inLanguage\":\"ro-RO\"},{\"@type\":\"Organization\",\"@id\":\"https:\\\/\\\/tehnoformat.md\\\/ro\\\/#organization\",\"name\":\"Tehnoformat\",\"url\":\"https:\\\/\\\/tehnoformat.md\\\/ro\\\/\",\"logo\":{\"@type\":\"ImageObject\",\"inLanguage\":\"ro-RO\",\"@id\":\"https:\\\/\\\/tehnoformat.md\\\/ro\\\/#\\\/schema\\\/logo\\\/image\\\/\",\"url\":\"https:\\\/\\\/tehnoformat.md\\\/wp-content\\\/uploads\\\/2024\\\/10\\\/icon1.png\",\"contentUrl\":\"https:\\\/\\\/tehnoformat.md\\\/wp-content\\\/uploads\\\/2024\\\/10\\\/icon1.png\",\"width\":512,\"height\":512,\"caption\":\"Tehnoformat\"},\"image\":{\"@id\":\"https:\\\/\\\/tehnoformat.md\\\/ro\\\/#\\\/schema\\\/logo\\\/image\\\/\"},\"sameAs\":[\"https:\\\/\\\/www.facebook.com\\\/formatterm\",\"https:\\\/\\\/www.instagram.com\\\/tehnoformat.md\\\/\"]}]}<\/script>\n<!-- \/ Yoast SEO plugin. -->","yoast_head_json":{"title":"Thermex Eurotop 10 LPG - Tehnoformat","robots":{"index":"index","follow":"follow","max-snippet":"max-snippet:-1","max-image-preview":"max-image-preview:large","max-video-preview":"max-video-preview:-1"},"canonical":"https:\/\/tehnoformat.md\/ro\/produs\/thermex-eurotop-10-lpg\/","og_locale":"ro_RO","og_type":"article","og_title":"Thermex Eurotop 10 LPG - Tehnoformat","og_description":"Pa\u0219aport \u00eenc\u0103lzitor \u00cenc\u0103lzitorul instantaneu de ap\u0103 pe gaz natural Thermex Eurotop 10 are dimensiuni compacte \u0219i este u\u0219or de instalat. Datorit\u0103 corpului s\u0103u ultra-sub\u021bire \u0219i dimensiunilor reduse, se potrive\u0219te cu u\u0219urin\u021b\u0103 chiar \u0219i \u00een cele mai limitate spa\u021bii. Dispozitivul se monteaz\u0103 vertical pe perete, ceea ce economise\u0219te spa\u021biu. Una dintre caracteristicile cheie este productivitatea ridicat\u0103 [&hellip;]","og_url":"https:\/\/tehnoformat.md\/ro\/produs\/thermex-eurotop-10-lpg\/","og_site_name":"Tehnoformat","article_publisher":"https:\/\/www.facebook.com\/formatterm","article_modified_time":"2025-08-04T14:09:14+00:00","og_image":[{"width":1000,"height":1000,"url":"https:\/\/tehnoformat.md\/wp-content\/uploads\/2024\/10\/euroheat1.jpg","type":"image\/jpeg"}],"twitter_card":"summary_large_image","twitter_misc":{"Timp estimat pentru citire":"2 minute"},"schema":{"@context":"https:\/\/schema.org","@graph":[{"@type":"WebPage","@id":"https:\/\/tehnoformat.md\/ro\/produs\/thermex-eurotop-10-lpg\/","url":"https:\/\/tehnoformat.md\/ro\/produs\/thermex-eurotop-10-lpg\/","name":"Thermex Eurotop 10 LPG - Tehnoformat","isPartOf":{"@id":"https:\/\/tehnoformat.md\/ro\/#website"},"primaryImageOfPage":{"@id":"https:\/\/tehnoformat.md\/ro\/produs\/thermex-eurotop-10-lpg\/#primaryimage"},"image":{"@id":"https:\/\/tehnoformat.md\/ro\/produs\/thermex-eurotop-10-lpg\/#primaryimage"},"thumbnailUrl":"https:\/\/tehnoformat.md\/wp-content\/uploads\/2024\/10\/euroheat1.jpg","datePublished":"2024-10-24T10:34:46+00:00","dateModified":"2025-08-04T14:09:14+00:00","breadcrumb":{"@id":"https:\/\/tehnoformat.md\/ro\/produs\/thermex-eurotop-10-lpg\/#breadcrumb"},"inLanguage":"ro-RO","potentialAction":[{"@type":"ReadAction","target":["https:\/\/tehnoformat.md\/ro\/produs\/thermex-eurotop-10-lpg\/"]}]},{"@type":"ImageObject","inLanguage":"ro-RO","@id":"https:\/\/tehnoformat.md\/ro\/produs\/thermex-eurotop-10-lpg\/#primaryimage","url":"https:\/\/tehnoformat.md\/wp-content\/uploads\/2024\/10\/euroheat1.jpg","contentUrl":"https:\/\/tehnoformat.md\/wp-content\/uploads\/2024\/10\/euroheat1.jpg","width":1000,"height":1000},{"@type":"BreadcrumbList","@id":"https:\/\/tehnoformat.md\/ro\/produs\/thermex-eurotop-10-lpg\/#breadcrumb","itemListElement":[{"@type":"ListItem","position":1,"name":"Pagina principal\u0103","item":"https:\/\/tehnoformat.md\/ro\/"},{"@type":"ListItem","position":2,"name":"Magazin","item":"https:\/\/tehnoformat.md\/ro\/shop\/"},{"@type":"ListItem","position":3,"name":"Thermex Eurotop 10 LPG"}]},{"@type":"WebSite","@id":"https:\/\/tehnoformat.md\/ro\/#website","url":"https:\/\/tehnoformat.md\/ro\/","name":"Tehnoformat.md","description":"","publisher":{"@id":"https:\/\/tehnoformat.md\/ro\/#organization"},"potentialAction":[{"@type":"SearchAction","target":{"@type":"EntryPoint","urlTemplate":"https:\/\/tehnoformat.md\/ro\/?s={search_term_string}"},"query-input":{"@type":"PropertyValueSpecification","valueRequired":true,"valueName":"search_term_string"}}],"inLanguage":"ro-RO"},{"@type":"Organization","@id":"https:\/\/tehnoformat.md\/ro\/#organization","name":"Tehnoformat","url":"https:\/\/tehnoformat.md\/ro\/","logo":{"@type":"ImageObject","inLanguage":"ro-RO","@id":"https:\/\/tehnoformat.md\/ro\/#\/schema\/logo\/image\/","url":"https:\/\/tehnoformat.md\/wp-content\/uploads\/2024\/10\/icon1.png","contentUrl":"https:\/\/tehnoformat.md\/wp-content\/uploads\/2024\/10\/icon1.png","width":512,"height":512,"caption":"Tehnoformat"},"image":{"@id":"https:\/\/tehnoformat.md\/ro\/#\/schema\/logo\/image\/"},"sameAs":["https:\/\/www.facebook.com\/formatterm","https:\/\/www.instagram.com\/tehnoformat.md\/"]}]}},"_links":{"self":[{"href":"https:\/\/tehnoformat.md\/ro\/wp-json\/wp\/v2\/product\/25109","targetHints":{"allow":["GET"]}}],"collection":[{"href":"https:\/\/tehnoformat.md\/ro\/wp-json\/wp\/v2\/product"}],"about":[{"href":"https:\/\/tehnoformat.md\/ro\/wp-json\/wp\/v2\/types\/product"}],"replies":[{"embeddable":true,"href":"https:\/\/tehnoformat.md\/ro\/wp-json\/wp\/v2\/comments?post=25109"}],"version-history":[{"count":2,"href":"https:\/\/tehnoformat.md\/ro\/wp-json\/wp\/v2\/product\/25109\/revisions"}],"predecessor-version":[{"id":25111,"href":"https:\/\/tehnoformat.md\/ro\/wp-json\/wp\/v2\/product\/25109\/revisions\/25111"}],"wp:featuredmedia":[{"embeddable":true,"href":"https:\/\/tehnoformat.md\/ro\/wp-json\/wp\/v2\/media\/22676"}],"wp:attachment":[{"href":"https:\/\/tehnoformat.md\/ro\/wp-json\/wp\/v2\/media?parent=25109"}],"wp:term":[{"taxonomy":"product_brand","embeddable":true,"href":"https:\/\/tehnoformat.md\/ro\/wp-json\/wp\/v2\/product_brand?post=25109"},{"taxonomy":"product_cat","embeddable":true,"href":"https:\/\/tehnoformat.md\/ro\/wp-json\/wp\/v2\/product_cat?post=25109"},{"taxonomy":"product_tag","embeddable":true,"href":"https:\/\/tehnoformat.md\/ro\/wp-json\/wp\/v2\/product_tag?post=25109"}],"curies":[{"name":"wp","href":"https:\/\/api.w.org\/{rel}","templated":true}]}}