{"id":25106,"date":"2024-10-24T15:24:20","date_gmt":"2024-10-24T12:24:20","guid":{"rendered":"https:\/\/tehnoformat.md\/product\/euroterm-et-w-a-ng\/"},"modified":"2026-03-05T17:59:38","modified_gmt":"2026-03-05T14:59:38","slug":"euroterm-et-w-a-ng","status":"publish","type":"product","link":"https:\/\/tehnoformat.md\/ro\/produs\/euroterm-et-w-a-ng\/","title":{"rendered":"Euroterm ET W-A NG"},"content":{"rendered":"\t\t<div data-elementor-type=\"product-post\" data-elementor-id=\"25106\" class=\"elementor elementor-25106 elementor-18349\">\n\t\t\t\t<div class=\"elementor-element elementor-element-f054b77 e-flex e-con-boxed e-con e-parent\" data-id=\"f054b77\" data-element_type=\"container\" data-e-type=\"container\">\n\t\t\t\t\t<div class=\"e-con-inner\">\n\t\t\t\t<div class=\"elementor-element elementor-element-b67bcf3 elementor-widget elementor-widget-text-editor\" data-id=\"b67bcf3\" data-element_type=\"widget\" data-e-type=\"widget\" data-widget_type=\"text-editor.default\">\n\t\t\t\t<div class=\"elementor-widget-container\">\n\t\t\t\t\t\t\t\t\t<div class=\"flex-shrink-0 flex flex-col relative items-end\"><div class=\"pt-0\"><div class=\"gizmo-bot-avatar flex h-8 w-8 items-center justify-center overflow-hidden rounded-full\"><div class=\"relative p-1 rounded-sm flex items-center justify-center bg-token-main-surface-primary text-token-text-primary h-8 w-8\"><p>\u00cenc\u0103lzitorul de ap\u0103 pe gaz \u0219i evacuare natural\u0103 a produselor de ardere este destinat instal\u0103rii \u00een conformitate cu cerin\u021bele GOST 19910-94. Acest echipament se caracterizeaz\u0103 prin u\u0219urin\u021ba \u00een utilizare \u0219i simplitatea func\u021bion\u0103rii. Datorit\u0103 afi\u0219ajului LCD, este posibil\u0103 monitorizarea parametrilor de func\u021bionare ai dispozitivului \u00een timp real, oferind control deplin asupra func\u021bion\u0103rii acestuia.  <\/p><\/div><\/div><\/div><\/div>\t\t\t\t\t\t\t\t<\/div>\n\t\t\t\t<\/div>\n\t\t\t\t\t<\/div>\n\t\t\t\t<\/div>\n\t\t<div class=\"elementor-element elementor-element-694e160 e-flex e-con-boxed e-con e-parent\" data-id=\"694e160\" data-element_type=\"container\" data-e-type=\"container\">\n\t\t\t\t\t<div class=\"e-con-inner\">\n\t\t\t\t<div class=\"elementor-element elementor-element-d021ac8 elementor-widget elementor-widget-image\" data-id=\"d021ac8\" data-element_type=\"widget\" data-e-type=\"widget\" data-widget_type=\"image.default\">\n\t\t\t\t<div class=\"elementor-widget-container\">\n\t\t\t\t\t\t\t\t\t\t\t\t\t\t\t<img fetchpriority=\"high\" decoding=\"async\" width=\"1000\" height=\"1000\" src=\"https:\/\/tehnoformat.md\/wp-content\/uploads\/2024\/10\/etw4.jpg\" class=\"attachment-large size-large wp-image-22683\" alt=\"\" srcset=\"https:\/\/tehnoformat.md\/wp-content\/uploads\/2024\/10\/etw4.jpg 1000w, https:\/\/tehnoformat.md\/wp-content\/uploads\/2024\/10\/etw4-300x300.jpg 300w, https:\/\/tehnoformat.md\/wp-content\/uploads\/2024\/10\/etw4-250x250.jpg 250w, https:\/\/tehnoformat.md\/wp-content\/uploads\/2024\/10\/etw4-768x768.jpg 768w, https:\/\/tehnoformat.md\/wp-content\/uploads\/2024\/10\/etw4-180x180.jpg 180w, https:\/\/tehnoformat.md\/wp-content\/uploads\/2024\/10\/etw4-400x400.jpg 400w, https:\/\/tehnoformat.md\/wp-content\/uploads\/2024\/10\/etw4-100x100.jpg 100w, https:\/\/tehnoformat.md\/wp-content\/uploads\/2024\/10\/etw4-54x54.jpg 54w, https:\/\/tehnoformat.md\/wp-content\/uploads\/2024\/10\/etw4-310x310.jpg 310w, https:\/\/tehnoformat.md\/wp-content\/uploads\/2024\/10\/etw4-80x80.jpg 80w\" sizes=\"(max-width: 1000px) 100vw, 1000px\" \/>\t\t\t\t\t\t\t\t\t\t\t\t\t\t\t<\/div>\n\t\t\t\t<\/div>\n\t\t\t\t\t<\/div>\n\t\t\t\t<\/div>\n\t\t<div class=\"elementor-element elementor-element-d88f3b4 e-flex e-con-boxed e-con e-parent\" data-id=\"d88f3b4\" data-element_type=\"container\" data-e-type=\"container\">\n\t\t\t\t\t<div class=\"e-con-inner\">\n\t\t\t\t<div class=\"elementor-element elementor-element-fd2f03b elementor-widget elementor-widget-text-editor\" data-id=\"fd2f03b\" data-element_type=\"widget\" data-e-type=\"widget\" data-widget_type=\"text-editor.default\">\n\t\t\t\t<div class=\"elementor-widget-container\">\n\t\t\t\t\t\t\t\t\t<div class=\"flex-shrink-0 flex flex-col relative items-end\"><div class=\"pt-0\"><div class=\"gizmo-bot-avatar flex h-8 w-8 items-center justify-center overflow-hidden rounded-full\"><div class=\"relative p-1 rounded-sm flex items-center justify-center bg-token-main-surface-primary text-token-text-primary h-8 w-8\"><p>Un \u00eenc\u0103lzitor de ap\u0103 pe gaz cu camer\u0103 de ardere deschis\u0103 \u0219i o putere termic\u0103 de 20 kW este capabil s\u0103 furnizeze ap\u0103 cald\u0103 \u00een cantitate de 10 litri pe minut, ceea ce este suficient pentru utilizarea simultan\u0103 \u00een dou\u0103 puncte de admisie a apei, cum ar fi buc\u0103t\u0103ria \u0219i baia. Aceasta este o alegere ideal\u0103 pentru case private, birouri \u0219i apartamente unde este deja instalat un sistem de \u00eenc\u0103lzire \u0219i exist\u0103 un canal de fum. <\/p><p>\u00cenc\u0103lzitorul de ap\u0103 se caracterizeaz\u0103 prin calitatea \u00eenalt\u0103 a construc\u021biei, designul ergonomic \u0219i dimensiunile convenabile. Un confort suplimentar este oferit de afi\u0219ajul LCD, care permite utilizatorului s\u0103 monitorizeze \u0219i s\u0103 controleze cu u\u0219urin\u021b\u0103 func\u021bionarea dispozitivului. \u00cen plus, \u00eenc\u0103lzitorul de ap\u0103 este echipat cu aprindere electronic\u0103 automat\u0103, ceea ce face ca func\u021bionarea s\u0103 fie \u0219i mai u\u0219oar\u0103 &#8211; trebuie doar s\u0103 deschide\u021bi robinetul de ap\u0103 cald\u0103, iar dispozitivul va porni automat.  <\/p><\/div><\/div><\/div><\/div>\t\t\t\t\t\t\t\t<\/div>\n\t\t\t\t<\/div>\n\t\t\t\t\t<\/div>\n\t\t\t\t<\/div>\n\t\t<div class=\"elementor-element elementor-element-a85079e e-flex e-con-boxed e-con e-parent\" data-id=\"a85079e\" data-element_type=\"container\" data-e-type=\"container\">\n\t\t\t\t\t<div class=\"e-con-inner\">\n\t\t\t\t<div class=\"elementor-element elementor-element-139855d elementor-widget elementor-widget-image\" data-id=\"139855d\" data-element_type=\"widget\" data-e-type=\"widget\" data-widget_type=\"image.default\">\n\t\t\t\t<div class=\"elementor-widget-container\">\n\t\t\t\t\t\t\t\t\t\t\t\t\t\t\t<img decoding=\"async\" width=\"1000\" height=\"1000\" src=\"https:\/\/tehnoformat.md\/wp-content\/uploads\/2024\/10\/etw3.jpg\" class=\"attachment-large size-large wp-image-22682\" alt=\"\" srcset=\"https:\/\/tehnoformat.md\/wp-content\/uploads\/2024\/10\/etw3.jpg 1000w, https:\/\/tehnoformat.md\/wp-content\/uploads\/2024\/10\/etw3-300x300.jpg 300w, https:\/\/tehnoformat.md\/wp-content\/uploads\/2024\/10\/etw3-250x250.jpg 250w, https:\/\/tehnoformat.md\/wp-content\/uploads\/2024\/10\/etw3-768x768.jpg 768w, https:\/\/tehnoformat.md\/wp-content\/uploads\/2024\/10\/etw3-180x180.jpg 180w, https:\/\/tehnoformat.md\/wp-content\/uploads\/2024\/10\/etw3-400x400.jpg 400w, https:\/\/tehnoformat.md\/wp-content\/uploads\/2024\/10\/etw3-100x100.jpg 100w, https:\/\/tehnoformat.md\/wp-content\/uploads\/2024\/10\/etw3-54x54.jpg 54w, https:\/\/tehnoformat.md\/wp-content\/uploads\/2024\/10\/etw3-310x310.jpg 310w, https:\/\/tehnoformat.md\/wp-content\/uploads\/2024\/10\/etw3-80x80.jpg 80w\" sizes=\"(max-width: 1000px) 100vw, 1000px\" \/>\t\t\t\t\t\t\t\t\t\t\t\t\t\t\t<\/div>\n\t\t\t\t<\/div>\n\t\t\t\t\t<\/div>\n\t\t\t\t<\/div>\n\t\t<div class=\"elementor-element elementor-element-4b65a6e e-flex e-con-boxed e-con e-parent\" data-id=\"4b65a6e\" data-element_type=\"container\" data-e-type=\"container\">\n\t\t\t\t\t<div class=\"e-con-inner\">\n\t\t\t\t<div class=\"elementor-element elementor-element-269dee3 elementor-widget elementor-widget-text-editor\" data-id=\"269dee3\" data-element_type=\"widget\" data-e-type=\"widget\" data-widget_type=\"text-editor.default\">\n\t\t\t\t<div class=\"elementor-widget-container\">\n\t\t\t\t\t\t\t\t\t<p>Acest model de \u00eenc\u0103lzitor de ap\u0103 cu debit de gaz ofer\u0103 posibilitatea de a comuta \u00eentre modurile \u201eIarn\u0103\u201d \u0219i \u201eVar\u0103\u201d. Acest lucru v\u0103 permite s\u0103 reduce\u021bi puterea dispozitivului vara, ceea ce duce la o sc\u0103dere a consumului de gaz \u0219i elimin\u0103 riscul de supra\u00eenc\u0103lzire a apei \u00een sezonul cald. <\/p><p>Senzorul de debit \u00eencorporat, de \u00eenalt\u0103 sensibilitate, permite utilizarea coloanei chiar \u0219i \u00een case cu presiune instabil\u0103 a apei, asigur\u00e2nd func\u021bionarea acesteia la niveluri sc\u0103zute de presiune. Sistemele electronice care controleaz\u0103 procesul de ardere, eliminarea fumului \u0219i presiunea apei asigur\u0103 un nivel ridicat de siguran\u021b\u0103 a dispozitivului. <\/p><p>\u00cen plus, coloana poate fi adaptat\u0103 la diverse tipuri de gaz. Dac\u0103 trebuie s\u0103 o reconfigura\u021bi pentru gaz lichefiat, ne pute\u021bi contacta \u0219i vom fi bucuro\u0219i s\u0103 v\u0103 ajut\u0103m s\u0103 face\u021bi ajust\u0103rile necesare. <\/p>\t\t\t\t\t\t\t\t<\/div>\n\t\t\t\t<\/div>\n\t\t\t\t\t<\/div>\n\t\t\t\t<\/div>\n\t\t\t\t<\/div>\n\t\t","protected":false},"excerpt":{"rendered":"<p>\u00cenc\u0103lzitorul de ap\u0103 pe gaz \u0219i evacuare natural\u0103 a produselor de ardere este destinat instal\u0103rii \u00een conformitate cu cerin\u021bele GOST 19910-94. Acest echipament se caracterizeaz\u0103 prin u\u0219urin\u021ba \u00een utilizare \u0219i simplitatea func\u021bion\u0103rii. Datorit\u0103 afi\u0219ajului LCD, este posibil\u0103 monitorizarea parametrilor de func\u021bionare ai dispozitivului \u00een timp real, oferind control deplin asupra func\u021bion\u0103rii acestuia. Un \u00eenc\u0103lzitor de [&hellip;]<\/p>\n","protected":false},"featured_media":22679,"comment_status":"closed","ping_status":"open","template":"","meta":[],"product_brand":[],"product_cat":[787],"product_tag":[934,953,970],"class_list":{"0":"post-25106","1":"product","2":"type-product","3":"status-publish","4":"has-post-thumbnail","6":"product_cat-coloane-pe-gaz","7":"product_tag-coloana-de-gaz-ro","8":"product_tag-euroterm-ro","9":"product_tag-incalzitor-de-apa-pe-gaz-ro","10":"ts_product_brand-euroterm-ro","12":"first","13":"instock","14":"sale","15":"shipping-taxable","16":"purchasable","17":"product-type-simple","18":"add-to-wishlist-after_add_to_cart"},"yoast_head":"<!-- This site is optimized with the Yoast SEO plugin v27.3 - https:\/\/yoast.com\/product\/yoast-seo-wordpress\/ -->\n<title>Euroterm ET W-A NG - Tehnoformat<\/title>\n<meta name=\"robots\" content=\"index, follow, max-snippet:-1, max-image-preview:large, max-video-preview:-1\" \/>\n<link rel=\"canonical\" href=\"https:\/\/tehnoformat.md\/ro\/produs\/euroterm-et-w-a-ng\/\" \/>\n<meta property=\"og:locale\" content=\"ro_RO\" \/>\n<meta property=\"og:type\" content=\"article\" \/>\n<meta property=\"og:title\" content=\"Euroterm ET W-A NG - Tehnoformat\" \/>\n<meta property=\"og:description\" content=\"\u00cenc\u0103lzitorul de ap\u0103 pe gaz \u0219i evacuare natural\u0103 a produselor de ardere este destinat instal\u0103rii \u00een conformitate cu cerin\u021bele GOST 19910-94. Acest echipament se caracterizeaz\u0103 prin u\u0219urin\u021ba \u00een utilizare \u0219i simplitatea func\u021bion\u0103rii. Datorit\u0103 afi\u0219ajului LCD, este posibil\u0103 monitorizarea parametrilor de func\u021bionare ai dispozitivului \u00een timp real, oferind control deplin asupra func\u021bion\u0103rii acestuia. Un \u00eenc\u0103lzitor de [&hellip;]\" \/>\n<meta property=\"og:url\" content=\"https:\/\/tehnoformat.md\/ro\/produs\/euroterm-et-w-a-ng\/\" \/>\n<meta property=\"og:site_name\" content=\"Tehnoformat\" \/>\n<meta property=\"article:publisher\" content=\"https:\/\/www.facebook.com\/formatterm\" \/>\n<meta property=\"article:modified_time\" content=\"2026-03-05T14:59:38+00:00\" \/>\n<meta property=\"og:image\" content=\"https:\/\/tehnoformat.md\/wp-content\/uploads\/2024\/10\/etw.jpg\" \/>\n\t<meta property=\"og:image:width\" content=\"1000\" \/>\n\t<meta property=\"og:image:height\" content=\"1000\" \/>\n\t<meta property=\"og:image:type\" content=\"image\/jpeg\" \/>\n<meta name=\"twitter:card\" content=\"summary_large_image\" \/>\n<meta name=\"twitter:label1\" content=\"Timp estimat pentru citire\" \/>\n\t<meta name=\"twitter:data1\" content=\"3 minute\" \/>\n<script type=\"application\/ld+json\" class=\"yoast-schema-graph\">{\"@context\":\"https:\\\/\\\/schema.org\",\"@graph\":[{\"@type\":\"WebPage\",\"@id\":\"https:\\\/\\\/tehnoformat.md\\\/ro\\\/produs\\\/euroterm-et-w-a-ng\\\/\",\"url\":\"https:\\\/\\\/tehnoformat.md\\\/ro\\\/produs\\\/euroterm-et-w-a-ng\\\/\",\"name\":\"Euroterm ET W-A NG - Tehnoformat\",\"isPartOf\":{\"@id\":\"https:\\\/\\\/tehnoformat.md\\\/ro\\\/#website\"},\"primaryImageOfPage\":{\"@id\":\"https:\\\/\\\/tehnoformat.md\\\/ro\\\/produs\\\/euroterm-et-w-a-ng\\\/#primaryimage\"},\"image\":{\"@id\":\"https:\\\/\\\/tehnoformat.md\\\/ro\\\/produs\\\/euroterm-et-w-a-ng\\\/#primaryimage\"},\"thumbnailUrl\":\"https:\\\/\\\/tehnoformat.md\\\/wp-content\\\/uploads\\\/2024\\\/10\\\/etw.jpg\",\"datePublished\":\"2024-10-24T12:24:20+00:00\",\"dateModified\":\"2026-03-05T14:59:38+00:00\",\"breadcrumb\":{\"@id\":\"https:\\\/\\\/tehnoformat.md\\\/ro\\\/produs\\\/euroterm-et-w-a-ng\\\/#breadcrumb\"},\"inLanguage\":\"ro-RO\",\"potentialAction\":[{\"@type\":\"ReadAction\",\"target\":[\"https:\\\/\\\/tehnoformat.md\\\/ro\\\/produs\\\/euroterm-et-w-a-ng\\\/\"]}]},{\"@type\":\"ImageObject\",\"inLanguage\":\"ro-RO\",\"@id\":\"https:\\\/\\\/tehnoformat.md\\\/ro\\\/produs\\\/euroterm-et-w-a-ng\\\/#primaryimage\",\"url\":\"https:\\\/\\\/tehnoformat.md\\\/wp-content\\\/uploads\\\/2024\\\/10\\\/etw.jpg\",\"contentUrl\":\"https:\\\/\\\/tehnoformat.md\\\/wp-content\\\/uploads\\\/2024\\\/10\\\/etw.jpg\",\"width\":1000,\"height\":1000},{\"@type\":\"BreadcrumbList\",\"@id\":\"https:\\\/\\\/tehnoformat.md\\\/ro\\\/produs\\\/euroterm-et-w-a-ng\\\/#breadcrumb\",\"itemListElement\":[{\"@type\":\"ListItem\",\"position\":1,\"name\":\"Pagina principal\u0103\",\"item\":\"https:\\\/\\\/tehnoformat.md\\\/ro\\\/\"},{\"@type\":\"ListItem\",\"position\":2,\"name\":\"Magazin\",\"item\":\"https:\\\/\\\/tehnoformat.md\\\/ro\\\/shop\\\/\"},{\"@type\":\"ListItem\",\"position\":3,\"name\":\"Euroterm ET W-A NG\"}]},{\"@type\":\"WebSite\",\"@id\":\"https:\\\/\\\/tehnoformat.md\\\/ro\\\/#website\",\"url\":\"https:\\\/\\\/tehnoformat.md\\\/ro\\\/\",\"name\":\"Tehnoformat.md\",\"description\":\"\",\"publisher\":{\"@id\":\"https:\\\/\\\/tehnoformat.md\\\/ro\\\/#organization\"},\"potentialAction\":[{\"@type\":\"SearchAction\",\"target\":{\"@type\":\"EntryPoint\",\"urlTemplate\":\"https:\\\/\\\/tehnoformat.md\\\/ro\\\/?s={search_term_string}\"},\"query-input\":{\"@type\":\"PropertyValueSpecification\",\"valueRequired\":true,\"valueName\":\"search_term_string\"}}],\"inLanguage\":\"ro-RO\"},{\"@type\":\"Organization\",\"@id\":\"https:\\\/\\\/tehnoformat.md\\\/ro\\\/#organization\",\"name\":\"Tehnoformat\",\"url\":\"https:\\\/\\\/tehnoformat.md\\\/ro\\\/\",\"logo\":{\"@type\":\"ImageObject\",\"inLanguage\":\"ro-RO\",\"@id\":\"https:\\\/\\\/tehnoformat.md\\\/ro\\\/#\\\/schema\\\/logo\\\/image\\\/\",\"url\":\"https:\\\/\\\/tehnoformat.md\\\/wp-content\\\/uploads\\\/2024\\\/10\\\/icon1.png\",\"contentUrl\":\"https:\\\/\\\/tehnoformat.md\\\/wp-content\\\/uploads\\\/2024\\\/10\\\/icon1.png\",\"width\":512,\"height\":512,\"caption\":\"Tehnoformat\"},\"image\":{\"@id\":\"https:\\\/\\\/tehnoformat.md\\\/ro\\\/#\\\/schema\\\/logo\\\/image\\\/\"},\"sameAs\":[\"https:\\\/\\\/www.facebook.com\\\/formatterm\",\"https:\\\/\\\/www.instagram.com\\\/tehnoformat.md\\\/\"]}]}<\/script>\n<!-- \/ Yoast SEO plugin. -->","yoast_head_json":{"title":"Euroterm ET W-A NG - Tehnoformat","robots":{"index":"index","follow":"follow","max-snippet":"max-snippet:-1","max-image-preview":"max-image-preview:large","max-video-preview":"max-video-preview:-1"},"canonical":"https:\/\/tehnoformat.md\/ro\/produs\/euroterm-et-w-a-ng\/","og_locale":"ro_RO","og_type":"article","og_title":"Euroterm ET W-A NG - Tehnoformat","og_description":"\u00cenc\u0103lzitorul de ap\u0103 pe gaz \u0219i evacuare natural\u0103 a produselor de ardere este destinat instal\u0103rii \u00een conformitate cu cerin\u021bele GOST 19910-94. Acest echipament se caracterizeaz\u0103 prin u\u0219urin\u021ba \u00een utilizare \u0219i simplitatea func\u021bion\u0103rii. Datorit\u0103 afi\u0219ajului LCD, este posibil\u0103 monitorizarea parametrilor de func\u021bionare ai dispozitivului \u00een timp real, oferind control deplin asupra func\u021bion\u0103rii acestuia. Un \u00eenc\u0103lzitor de [&hellip;]","og_url":"https:\/\/tehnoformat.md\/ro\/produs\/euroterm-et-w-a-ng\/","og_site_name":"Tehnoformat","article_publisher":"https:\/\/www.facebook.com\/formatterm","article_modified_time":"2026-03-05T14:59:38+00:00","og_image":[{"width":1000,"height":1000,"url":"https:\/\/tehnoformat.md\/wp-content\/uploads\/2024\/10\/etw.jpg","type":"image\/jpeg"}],"twitter_card":"summary_large_image","twitter_misc":{"Timp estimat pentru citire":"3 minute"},"schema":{"@context":"https:\/\/schema.org","@graph":[{"@type":"WebPage","@id":"https:\/\/tehnoformat.md\/ro\/produs\/euroterm-et-w-a-ng\/","url":"https:\/\/tehnoformat.md\/ro\/produs\/euroterm-et-w-a-ng\/","name":"Euroterm ET W-A NG - Tehnoformat","isPartOf":{"@id":"https:\/\/tehnoformat.md\/ro\/#website"},"primaryImageOfPage":{"@id":"https:\/\/tehnoformat.md\/ro\/produs\/euroterm-et-w-a-ng\/#primaryimage"},"image":{"@id":"https:\/\/tehnoformat.md\/ro\/produs\/euroterm-et-w-a-ng\/#primaryimage"},"thumbnailUrl":"https:\/\/tehnoformat.md\/wp-content\/uploads\/2024\/10\/etw.jpg","datePublished":"2024-10-24T12:24:20+00:00","dateModified":"2026-03-05T14:59:38+00:00","breadcrumb":{"@id":"https:\/\/tehnoformat.md\/ro\/produs\/euroterm-et-w-a-ng\/#breadcrumb"},"inLanguage":"ro-RO","potentialAction":[{"@type":"ReadAction","target":["https:\/\/tehnoformat.md\/ro\/produs\/euroterm-et-w-a-ng\/"]}]},{"@type":"ImageObject","inLanguage":"ro-RO","@id":"https:\/\/tehnoformat.md\/ro\/produs\/euroterm-et-w-a-ng\/#primaryimage","url":"https:\/\/tehnoformat.md\/wp-content\/uploads\/2024\/10\/etw.jpg","contentUrl":"https:\/\/tehnoformat.md\/wp-content\/uploads\/2024\/10\/etw.jpg","width":1000,"height":1000},{"@type":"BreadcrumbList","@id":"https:\/\/tehnoformat.md\/ro\/produs\/euroterm-et-w-a-ng\/#breadcrumb","itemListElement":[{"@type":"ListItem","position":1,"name":"Pagina principal\u0103","item":"https:\/\/tehnoformat.md\/ro\/"},{"@type":"ListItem","position":2,"name":"Magazin","item":"https:\/\/tehnoformat.md\/ro\/shop\/"},{"@type":"ListItem","position":3,"name":"Euroterm ET W-A NG"}]},{"@type":"WebSite","@id":"https:\/\/tehnoformat.md\/ro\/#website","url":"https:\/\/tehnoformat.md\/ro\/","name":"Tehnoformat.md","description":"","publisher":{"@id":"https:\/\/tehnoformat.md\/ro\/#organization"},"potentialAction":[{"@type":"SearchAction","target":{"@type":"EntryPoint","urlTemplate":"https:\/\/tehnoformat.md\/ro\/?s={search_term_string}"},"query-input":{"@type":"PropertyValueSpecification","valueRequired":true,"valueName":"search_term_string"}}],"inLanguage":"ro-RO"},{"@type":"Organization","@id":"https:\/\/tehnoformat.md\/ro\/#organization","name":"Tehnoformat","url":"https:\/\/tehnoformat.md\/ro\/","logo":{"@type":"ImageObject","inLanguage":"ro-RO","@id":"https:\/\/tehnoformat.md\/ro\/#\/schema\/logo\/image\/","url":"https:\/\/tehnoformat.md\/wp-content\/uploads\/2024\/10\/icon1.png","contentUrl":"https:\/\/tehnoformat.md\/wp-content\/uploads\/2024\/10\/icon1.png","width":512,"height":512,"caption":"Tehnoformat"},"image":{"@id":"https:\/\/tehnoformat.md\/ro\/#\/schema\/logo\/image\/"},"sameAs":["https:\/\/www.facebook.com\/formatterm","https:\/\/www.instagram.com\/tehnoformat.md\/"]}]}},"_links":{"self":[{"href":"https:\/\/tehnoformat.md\/ro\/wp-json\/wp\/v2\/product\/25106","targetHints":{"allow":["GET"]}}],"collection":[{"href":"https:\/\/tehnoformat.md\/ro\/wp-json\/wp\/v2\/product"}],"about":[{"href":"https:\/\/tehnoformat.md\/ro\/wp-json\/wp\/v2\/types\/product"}],"replies":[{"embeddable":true,"href":"https:\/\/tehnoformat.md\/ro\/wp-json\/wp\/v2\/comments?post=25106"}],"version-history":[{"count":2,"href":"https:\/\/tehnoformat.md\/ro\/wp-json\/wp\/v2\/product\/25106\/revisions"}],"predecessor-version":[{"id":25108,"href":"https:\/\/tehnoformat.md\/ro\/wp-json\/wp\/v2\/product\/25106\/revisions\/25108"}],"wp:featuredmedia":[{"embeddable":true,"href":"https:\/\/tehnoformat.md\/ro\/wp-json\/wp\/v2\/media\/22679"}],"wp:attachment":[{"href":"https:\/\/tehnoformat.md\/ro\/wp-json\/wp\/v2\/media?parent=25106"}],"wp:term":[{"taxonomy":"product_brand","embeddable":true,"href":"https:\/\/tehnoformat.md\/ro\/wp-json\/wp\/v2\/product_brand?post=25106"},{"taxonomy":"product_cat","embeddable":true,"href":"https:\/\/tehnoformat.md\/ro\/wp-json\/wp\/v2\/product_cat?post=25106"},{"taxonomy":"product_tag","embeddable":true,"href":"https:\/\/tehnoformat.md\/ro\/wp-json\/wp\/v2\/product_tag?post=25106"}],"curies":[{"name":"wp","href":"https:\/\/api.w.org\/{rel}","templated":true}]}}