{"id":25072,"date":"2024-11-18T09:44:07","date_gmt":"2024-11-18T06:44:07","guid":{"rendered":"https:\/\/tehnoformat.md\/product\/tesy-gcv-80-44-24d-ts2rc-anticalc\/"},"modified":"2025-07-31T15:09:59","modified_gmt":"2025-07-31T12:09:59","slug":"tesy-gcv-80-44-24d-ts2rc-anticalc","status":"publish","type":"product","link":"https:\/\/tehnoformat.md\/ro\/produs\/tesy-gcv-80-44-24d-ts2rc-anticalc\/","title":{"rendered":"Tesy GCV 80 44\/24D TS2RC Anticalc"},"content":{"rendered":"\t\t<div data-elementor-type=\"wp-post\" data-elementor-id=\"25072\" class=\"elementor elementor-25072 elementor-18887\">\n\t\t\t\t<div class=\"elementor-element elementor-element-c1b555e e-grid e-con-boxed e-con e-parent\" data-id=\"c1b555e\" data-element_type=\"container\" data-e-type=\"container\">\n\t\t\t\t\t<div class=\"e-con-inner\">\n\t\t\t\t<div class=\"elementor-element elementor-element-79d2767 elementor-align-center elementor-widget elementor-widget-button\" data-id=\"79d2767\" data-element_type=\"widget\" data-e-type=\"widget\" data-widget_type=\"button.default\">\n\t\t\t\t<div class=\"elementor-widget-container\">\n\t\t\t\t\t\t\t\t\t<div class=\"elementor-button-wrapper\">\n\t\t\t\t\t<a target=\"_blank\" rel=\"nofollow\" href=\"https:\/\/tehnoformat.md\/goto\/https:\/\/tesy.ru\/produkty\/datasheet\/501\" class=\"elementor-button elementor-button-link elementor-size-sm\" >\n\t\t\t\t\t\t<span class=\"elementor-button-content-wrapper\">\n\t\t\t\t\t\t\t\t\t<span class=\"elementor-button-text\">Pa\u0219aport<\/span>\n\t\t\t\t\t<\/span>\n\t\t\t\t\t<\/a>\n\t\t\t\t<\/div>\n\t\t\t\t\t\t\t\t<\/div>\n\t\t\t\t<\/div>\n\t\t\t\t<div class=\"elementor-element elementor-element-3073977 elementor-align-center elementor-widget elementor-widget-button\" data-id=\"3073977\" data-element_type=\"widget\" data-e-type=\"widget\" data-widget_type=\"button.default\">\n\t\t\t\t<div class=\"elementor-widget-container\">\n\t\t\t\t\t\t\t\t\t<div class=\"elementor-button-wrapper\">\n\t\t\t\t\t<a target=\"_blank\" rel=\"nofollow\" href=\"https:\/\/tehnoformat.md\/goto\/https:\/\/tesy.kz\/web\/files\/richeditor\/TESY%20Home%20RU%20v1.6.pdf\" class=\"elementor-button elementor-button-link elementor-size-sm\" >\n\t\t\t\t\t\t<span class=\"elementor-button-content-wrapper\">\n\t\t\t\t\t\t\t\t\t<span class=\"elementor-button-text\">Catalog<\/span>\n\t\t\t\t\t<\/span>\n\t\t\t\t\t<\/a>\n\t\t\t\t<\/div>\n\t\t\t\t\t\t\t\t<\/div>\n\t\t\t\t<\/div>\n\t\t\t\t<div class=\"elementor-element elementor-element-28c4b0a elementor-align-center elementor-widget elementor-widget-button\" data-id=\"28c4b0a\" data-element_type=\"widget\" data-e-type=\"widget\" data-widget_type=\"button.default\">\n\t\t\t\t<div class=\"elementor-widget-container\">\n\t\t\t\t\t\t\t\t\t<div class=\"elementor-button-wrapper\">\n\t\t\t\t\t<a target=\"_blank\" rel=\"nofollow\" href=\"https:\/\/tehnoformat.md\/goto\/https:\/\/tesy.ru\/web\/files\/richeditor\/ru-website\/Tesy%20Catalogue%20Waterheaters%20RU%20v1.3%20LowRes.pdf\" class=\"elementor-button elementor-button-link elementor-size-sm\" >\n\t\t\t\t\t\t<span class=\"elementor-button-content-wrapper\">\n\t\t\t\t\t\t\t\t\t<span class=\"elementor-button-text\">Catalog<\/span>\n\t\t\t\t\t<\/span>\n\t\t\t\t\t<\/a>\n\t\t\t\t<\/div>\n\t\t\t\t\t\t\t\t<\/div>\n\t\t\t\t<\/div>\n\t\t\t\t\t<\/div>\n\t\t\t\t<\/div>\n\t\t<div class=\"elementor-element elementor-element-0e7b79e e-grid e-con-boxed e-con e-parent\" data-id=\"0e7b79e\" data-element_type=\"container\" data-e-type=\"container\">\n\t\t\t\t\t<div class=\"e-con-inner\">\n\t\t\t\t<div class=\"elementor-element elementor-element-a2b0fcb elementor-widget elementor-widget-text-editor\" data-id=\"a2b0fcb\" data-element_type=\"widget\" data-e-type=\"widget\" data-widget_type=\"text-editor.default\">\n\t\t\t\t<div class=\"elementor-widget-container\">\n\t\t\t\t\t\t\t\t\t<p>Boilerul <strong>Tesy GCV 80 44\/24D TS2RC Anticalc<\/strong> este un dispozitiv de \u00eenc\u0103lzire a apei de \u00eenalt\u0103 eficien\u021b\u0103, cu un design bine g\u00e2ndit \u0219i tehnologii moderne care asigur\u0103 fiabilitate \u0219i durabilitate. Este proiectat\u0103 pentru un volum de 80 de litri \u0219i prezint\u0103 o combina\u021bie optim\u0103 de putere \u0219i eficien\u021b\u0103 energetic\u0103. <\/p><h5>Principalele caracteristici:<\/h5><ul><li><strong>Volum:<\/strong> 80 litri &#8211; ideal pentru o familie de 2-3 persoane.<\/li><li><strong>Putere de \u00eenc\u0103lzire:<\/strong> 2400 W &#8211; asigur\u0103 \u00eenc\u0103lzirea rapid\u0103 a apei.<\/li><li><strong>Protec\u021bie anticalcar:<\/strong> Un strat special protejeaz\u0103 elementul de \u00eenc\u0103lzire de depuneri de calcar, cresc\u00e2nd durata de via\u021b\u0103 a centralei termice.<\/li><li><strong>Dou\u0103 elemente de \u00eenc\u0103lzire:<\/strong> Posibilitatea de a alege \u00eentre modurile de func\u021bionare rapid \u0219i economic.<\/li><li><strong>Sistem de protec\u021bie:<\/strong> Protec\u021bie dubl\u0103 \u00eempotriva supra\u00eenc\u0103lzirii \u0219i presiunii pentru o func\u021bionare sigur\u0103.<\/li><li><strong>Control: <\/strong>Termostat mecanic cu control convenabil al temperaturii.<\/li><li><strong>Economie de energie:<\/strong> Carcas\u0103 izolat\u0103 pentru a minimiza pierderile de c\u0103ldur\u0103.<\/li><\/ul>\t\t\t\t\t\t\t\t<\/div>\n\t\t\t\t<\/div>\n\t\t\t\t<div class=\"elementor-element elementor-element-a1cd3d4 elementor-widget elementor-widget-image\" data-id=\"a1cd3d4\" data-element_type=\"widget\" data-e-type=\"widget\" data-widget_type=\"image.default\">\n\t\t\t\t<div class=\"elementor-widget-container\">\n\t\t\t\t\t\t\t\t\t\t\t\t\t\t\t<img fetchpriority=\"high\" decoding=\"async\" width=\"1024\" height=\"683\" src=\"https:\/\/tehnoformat.md\/wp-content\/uploads\/2024\/11\/tesy-gcv-80-4424d-ts2rc-anticalc5-1024x683.jpg\" class=\"attachment-large size-large wp-image-22780\" alt=\"\" srcset=\"https:\/\/tehnoformat.md\/wp-content\/uploads\/2024\/11\/tesy-gcv-80-4424d-ts2rc-anticalc5-1024x683.jpg 1024w, https:\/\/tehnoformat.md\/wp-content\/uploads\/2024\/11\/tesy-gcv-80-4424d-ts2rc-anticalc5-300x200.jpg 300w, https:\/\/tehnoformat.md\/wp-content\/uploads\/2024\/11\/tesy-gcv-80-4424d-ts2rc-anticalc5-768x512.jpg 768w, https:\/\/tehnoformat.md\/wp-content\/uploads\/2024\/11\/tesy-gcv-80-4424d-ts2rc-anticalc5-1000x667.jpg 1000w, https:\/\/tehnoformat.md\/wp-content\/uploads\/2024\/11\/tesy-gcv-80-4424d-ts2rc-anticalc5.jpg 1200w\" sizes=\"(max-width: 1024px) 100vw, 1024px\" \/>\t\t\t\t\t\t\t\t\t\t\t\t\t\t\t<\/div>\n\t\t\t\t<\/div>\n\t\t\t\t\t<\/div>\n\t\t\t\t<\/div>\n\t\t<div class=\"elementor-element elementor-element-80acec6 e-grid e-con-boxed e-con e-parent\" data-id=\"80acec6\" data-element_type=\"container\" data-e-type=\"container\">\n\t\t\t\t\t<div class=\"e-con-inner\">\n\t\t\t\t<div class=\"elementor-element elementor-element-e29bf0c elementor-widget elementor-widget-image\" data-id=\"e29bf0c\" data-element_type=\"widget\" data-e-type=\"widget\" data-widget_type=\"image.default\">\n\t\t\t\t<div class=\"elementor-widget-container\">\n\t\t\t\t\t\t\t\t\t\t\t\t\t\t\t<img decoding=\"async\" src=\"https:\/\/tehnoformat.md\/wp-content\/uploads\/elementor\/thumbs\/tesy-gcv-80-4424d-ts2rc-anticalc7-qx89d5r6dv4ggifr03lwab4rysdlxe9i1pp71gdpts.jpg\" title=\"Tesy-GCV-80-4424D-TS2RC-Anticalc7\" alt=\"Tesy-GCV-80-4424D-TS2RC-Anticalc7\" loading=\"lazy\" \/>\t\t\t\t\t\t\t\t\t\t\t\t\t\t\t<\/div>\n\t\t\t\t<\/div>\n\t\t\t\t<div class=\"elementor-element elementor-element-88c9fdd elementor-widget elementor-widget-text-editor\" data-id=\"88c9fdd\" data-element_type=\"widget\" data-e-type=\"widget\" data-widget_type=\"text-editor.default\">\n\t\t\t\t<div class=\"elementor-widget-container\">\n\t\t\t\t\t\t\t\t\t<p>\u00cenc\u0103lzitoarele de ap\u0103 din <strong>seria Anticalc<\/strong> sunt proiectate pentru o func\u021bionare fiabil\u0103 \u00een condi\u021bii de ap\u0103 dur\u0103, puternic mineralizat\u0103 \u0219i agresiv\u0103, furniz\u00e2nd ap\u0103 cald\u0103 pentru nevoile menajere \u0219i utilit\u0103\u021bi.<\/p><h5><strong>Caracteristici cheie:<\/strong><\/h5><ol><li><strong>Tehnologie anticalcar:<\/strong> Un element de \u00eenc\u0103lzire cu o temperatur\u0103 sc\u0103zut\u0103 la suprafa\u021b\u0103 previne formarea calcarului, ceea ce cre\u0219te durabilitatea \u0219i eficien\u021ba dispozitivului.<\/li><li><strong>Gam\u0103 larg\u0103 de modele:<\/strong><br>Volumul \u00eenc\u0103lzitoarelor de ap\u0103 variaz\u0103 de la<strong> 50 la 150 de litri<\/strong>, ceea ce v\u0103 permite s\u0103 alege\u021bi un model care se potrive\u0219te m\u0103rimii familiei \u0219i volumului de ap\u0103 consumat.<\/li><li><strong>Fiabilitate ridicat\u0103:<\/strong><br>Designul \u0219i materialele speciale asigur\u0103 o func\u021bionare ne\u00eentrerupt\u0103 chiar \u0219i \u00een condi\u021bii dificile de alimentare cu ap\u0103.<\/li><\/ol>\t\t\t\t\t\t\t\t<\/div>\n\t\t\t\t<\/div>\n\t\t\t\t\t<\/div>\n\t\t\t\t<\/div>\n\t\t<div class=\"elementor-element elementor-element-a74e418 e-grid e-con-boxed e-con e-parent\" data-id=\"a74e418\" data-element_type=\"container\" data-e-type=\"container\">\n\t\t\t\t\t<div class=\"e-con-inner\">\n\t\t\t\t<div class=\"elementor-element elementor-element-b6a2bf5 elementor-widget elementor-widget-text-editor\" data-id=\"b6a2bf5\" data-element_type=\"widget\" data-e-type=\"widget\" data-widget_type=\"text-editor.default\">\n\t\t\t\t<div class=\"elementor-widget-container\">\n\t\t\t\t\t\t\t\t\t<div class=\"flex-shrink-0 flex flex-col relative items-end\"><div class=\"pt-0\"><div class=\"gizmo-bot-avatar flex h-8 w-8 items-center justify-center overflow-hidden rounded-full\"><div class=\"relative p-1 rounded-sm flex items-center justify-center bg-token-main-surface-primary text-token-text-primary h-8 w-8\"><h5>Proiectare \u0219i instalare:<\/h5><ul><li>Designul cilindric compact permite amplasarea u\u0219oar\u0103 a centralei chiar \u0219i \u00een spa\u021bii mici.<\/li><li>Montarea vertical\u0103 pe perete economise\u0219te spa\u021biu.<\/li><\/ul><h5>Beneficii suplimentare:<\/h5><ul><li>Stratul de email al rezervorului interior ofer\u0103 protec\u021bie \u00eempotriva coroziunii.<\/li><li>Indicatorul de \u00eenc\u0103lzire v\u0103 permite s\u0103 monitoriza\u021bi func\u021bionarea dispozitivului.<\/li><li>Potrivit pentru utilizare at\u00e2t \u00een apartamente, c\u00e2t \u0219i \u00een case private.<\/li><\/ul><p>Boilerul <strong>Tesy GCV 80 44\/24D TS2RC Anticalc<\/strong> combin\u0103 tehnologia modern\u0103 cu u\u0219urin\u021ba \u00een utilizare, oferind o solu\u021bie fiabil\u0103 pentru alimentarea cu ap\u0103 cald\u0103.<\/p><\/div><\/div><\/div><\/div>\t\t\t\t\t\t\t\t<\/div>\n\t\t\t\t<\/div>\n\t\t\t\t<div class=\"elementor-element elementor-element-1672da0 elementor-widget elementor-widget-image\" data-id=\"1672da0\" data-element_type=\"widget\" data-e-type=\"widget\" data-widget_type=\"image.default\">\n\t\t\t\t<div class=\"elementor-widget-container\">\n\t\t\t\t\t\t\t\t\t\t\t\t\t\t\t<img decoding=\"async\" width=\"654\" height=\"324\" src=\"https:\/\/tehnoformat.md\/wp-content\/uploads\/2024\/11\/tesy-gcv-80-4424d-ts2rc-anticalc4.jpg\" class=\"attachment-large size-large wp-image-22779\" alt=\"\" srcset=\"https:\/\/tehnoformat.md\/wp-content\/uploads\/2024\/11\/tesy-gcv-80-4424d-ts2rc-anticalc4.jpg 654w, https:\/\/tehnoformat.md\/wp-content\/uploads\/2024\/11\/tesy-gcv-80-4424d-ts2rc-anticalc4-300x149.jpg 300w\" sizes=\"(max-width: 654px) 100vw, 654px\" \/>\t\t\t\t\t\t\t\t\t\t\t\t\t\t\t<\/div>\n\t\t\t\t<\/div>\n\t\t\t\t\t<\/div>\n\t\t\t\t<\/div>\n\t\t<div class=\"elementor-element elementor-element-a5333a9 e-flex e-con-boxed e-con e-parent\" data-id=\"a5333a9\" data-element_type=\"container\" data-e-type=\"container\">\n\t\t\t\t\t<div class=\"e-con-inner\">\n\t\t\t\t<div class=\"elementor-element elementor-element-a16ff43 elementor-widget elementor-widget-image\" data-id=\"a16ff43\" data-element_type=\"widget\" data-e-type=\"widget\" data-widget_type=\"image.default\">\n\t\t\t\t<div class=\"elementor-widget-container\">\n\t\t\t\t\t\t\t\t\t\t\t\t\t\t\t<img decoding=\"async\" width=\"1280\" height=\"470\" src=\"https:\/\/tehnoformat.md\/wp-content\/uploads\/2024\/11\/tesy-gcv-80-4424d-ts2rc-anticalc9.jpg\" class=\"attachment-full size-full wp-image-22782\" alt=\"\" srcset=\"https:\/\/tehnoformat.md\/wp-content\/uploads\/2024\/11\/tesy-gcv-80-4424d-ts2rc-anticalc9.jpg 1280w, https:\/\/tehnoformat.md\/wp-content\/uploads\/2024\/11\/tesy-gcv-80-4424d-ts2rc-anticalc9-300x110.jpg 300w, https:\/\/tehnoformat.md\/wp-content\/uploads\/2024\/11\/tesy-gcv-80-4424d-ts2rc-anticalc9-1024x376.jpg 1024w, https:\/\/tehnoformat.md\/wp-content\/uploads\/2024\/11\/tesy-gcv-80-4424d-ts2rc-anticalc9-768x282.jpg 768w, https:\/\/tehnoformat.md\/wp-content\/uploads\/2024\/11\/tesy-gcv-80-4424d-ts2rc-anticalc9-1000x367.jpg 1000w\" sizes=\"(max-width: 1280px) 100vw, 1280px\" \/>\t\t\t\t\t\t\t\t\t\t\t\t\t\t\t<\/div>\n\t\t\t\t<\/div>\n\t\t\t\t\t<\/div>\n\t\t\t\t<\/div>\n\t\t\t\t<\/div>\n\t\t","protected":false},"excerpt":{"rendered":"<p>Pa\u0219aport Catalog Catalog Boilerul Tesy GCV 80 44\/24D TS2RC Anticalc este un dispozitiv de \u00eenc\u0103lzire a apei de \u00eenalt\u0103 eficien\u021b\u0103, cu un design bine g\u00e2ndit \u0219i tehnologii moderne care asigur\u0103 fiabilitate \u0219i durabilitate. Este proiectat\u0103 pentru un volum de 80 de litri \u0219i prezint\u0103 o combina\u021bie optim\u0103 de putere \u0219i eficien\u021b\u0103 energetic\u0103. Principalele caracteristici: Volum: [&hellip;]<\/p>\n","protected":false},"featured_media":22773,"comment_status":"closed","ping_status":"open","template":"","meta":[],"product_brand":[],"product_cat":[784,795],"product_tag":[902,903,908,935,1014],"class_list":{"0":"post-25072","1":"product","2":"type-product","3":"status-publish","4":"has-post-thumbnail","6":"product_cat-boilere","7":"product_cat-incalzitoare-de-apa","8":"product_tag-bilight-ro","9":"product_tag-boiler-ro","10":"product_tag-boiler-electric-ro","11":"product_tag-compact-ro","12":"product_tag-tesy-ro","13":"ts_product_brand-tesy-ro","15":"first","16":"instock","17":"sale","18":"shipping-taxable","19":"purchasable","20":"product-type-simple","21":"add-to-wishlist-after_add_to_cart"},"yoast_head":"<!-- This site is optimized with the Yoast SEO plugin v27.3 - https:\/\/yoast.com\/product\/yoast-seo-wordpress\/ -->\n<title>Tesy GCV 80 44\/24D TS2RC Anticalc - Tehnoformat<\/title>\n<meta name=\"robots\" content=\"index, follow, max-snippet:-1, max-image-preview:large, max-video-preview:-1\" \/>\n<link rel=\"canonical\" href=\"https:\/\/tehnoformat.md\/ro\/produs\/tesy-gcv-80-44-24d-ts2rc-anticalc\/\" \/>\n<meta property=\"og:locale\" content=\"ro_RO\" \/>\n<meta property=\"og:type\" content=\"article\" \/>\n<meta property=\"og:title\" content=\"Tesy GCV 80 44\/24D TS2RC Anticalc - Tehnoformat\" \/>\n<meta property=\"og:description\" content=\"Pa\u0219aport Catalog Catalog Boilerul Tesy GCV 80 44\/24D TS2RC Anticalc este un dispozitiv de \u00eenc\u0103lzire a apei de \u00eenalt\u0103 eficien\u021b\u0103, cu un design bine g\u00e2ndit \u0219i tehnologii moderne care asigur\u0103 fiabilitate \u0219i durabilitate. Este proiectat\u0103 pentru un volum de 80 de litri \u0219i prezint\u0103 o combina\u021bie optim\u0103 de putere \u0219i eficien\u021b\u0103 energetic\u0103. Principalele caracteristici: Volum: [&hellip;]\" \/>\n<meta property=\"og:url\" content=\"https:\/\/tehnoformat.md\/ro\/produs\/tesy-gcv-80-44-24d-ts2rc-anticalc\/\" \/>\n<meta property=\"og:site_name\" content=\"Tehnoformat\" \/>\n<meta property=\"article:publisher\" content=\"https:\/\/www.facebook.com\/formatterm\" \/>\n<meta property=\"article:modified_time\" content=\"2025-07-31T12:09:59+00:00\" \/>\n<meta property=\"og:image\" content=\"https:\/\/tehnoformat.md\/wp-content\/uploads\/2024\/11\/tesy-gcv-80-4424d-ts2rc-anticalc1.jpg\" \/>\n\t<meta property=\"og:image:width\" content=\"1000\" \/>\n\t<meta property=\"og:image:height\" content=\"1000\" \/>\n\t<meta property=\"og:image:type\" content=\"image\/jpeg\" \/>\n<meta name=\"twitter:card\" content=\"summary_large_image\" \/>\n<meta name=\"twitter:label1\" content=\"Timp estimat pentru citire\" \/>\n\t<meta name=\"twitter:data1\" content=\"3 minute\" \/>\n<script type=\"application\/ld+json\" class=\"yoast-schema-graph\">{\"@context\":\"https:\\\/\\\/schema.org\",\"@graph\":[{\"@type\":\"WebPage\",\"@id\":\"https:\\\/\\\/tehnoformat.md\\\/ro\\\/produs\\\/tesy-gcv-80-44-24d-ts2rc-anticalc\\\/\",\"url\":\"https:\\\/\\\/tehnoformat.md\\\/ro\\\/produs\\\/tesy-gcv-80-44-24d-ts2rc-anticalc\\\/\",\"name\":\"Tesy GCV 80 44\\\/24D TS2RC Anticalc - Tehnoformat\",\"isPartOf\":{\"@id\":\"https:\\\/\\\/tehnoformat.md\\\/ro\\\/#website\"},\"primaryImageOfPage\":{\"@id\":\"https:\\\/\\\/tehnoformat.md\\\/ro\\\/produs\\\/tesy-gcv-80-44-24d-ts2rc-anticalc\\\/#primaryimage\"},\"image\":{\"@id\":\"https:\\\/\\\/tehnoformat.md\\\/ro\\\/produs\\\/tesy-gcv-80-44-24d-ts2rc-anticalc\\\/#primaryimage\"},\"thumbnailUrl\":\"https:\\\/\\\/tehnoformat.md\\\/wp-content\\\/uploads\\\/2024\\\/11\\\/tesy-gcv-80-4424d-ts2rc-anticalc1.jpg\",\"datePublished\":\"2024-11-18T06:44:07+00:00\",\"dateModified\":\"2025-07-31T12:09:59+00:00\",\"breadcrumb\":{\"@id\":\"https:\\\/\\\/tehnoformat.md\\\/ro\\\/produs\\\/tesy-gcv-80-44-24d-ts2rc-anticalc\\\/#breadcrumb\"},\"inLanguage\":\"ro-RO\",\"potentialAction\":[{\"@type\":\"ReadAction\",\"target\":[\"https:\\\/\\\/tehnoformat.md\\\/ro\\\/produs\\\/tesy-gcv-80-44-24d-ts2rc-anticalc\\\/\"]}]},{\"@type\":\"ImageObject\",\"inLanguage\":\"ro-RO\",\"@id\":\"https:\\\/\\\/tehnoformat.md\\\/ro\\\/produs\\\/tesy-gcv-80-44-24d-ts2rc-anticalc\\\/#primaryimage\",\"url\":\"https:\\\/\\\/tehnoformat.md\\\/wp-content\\\/uploads\\\/2024\\\/11\\\/tesy-gcv-80-4424d-ts2rc-anticalc1.jpg\",\"contentUrl\":\"https:\\\/\\\/tehnoformat.md\\\/wp-content\\\/uploads\\\/2024\\\/11\\\/tesy-gcv-80-4424d-ts2rc-anticalc1.jpg\",\"width\":1000,\"height\":1000},{\"@type\":\"BreadcrumbList\",\"@id\":\"https:\\\/\\\/tehnoformat.md\\\/ro\\\/produs\\\/tesy-gcv-80-44-24d-ts2rc-anticalc\\\/#breadcrumb\",\"itemListElement\":[{\"@type\":\"ListItem\",\"position\":1,\"name\":\"Pagina principal\u0103\",\"item\":\"https:\\\/\\\/tehnoformat.md\\\/ro\\\/\"},{\"@type\":\"ListItem\",\"position\":2,\"name\":\"Magazin\",\"item\":\"https:\\\/\\\/tehnoformat.md\\\/ro\\\/shop\\\/\"},{\"@type\":\"ListItem\",\"position\":3,\"name\":\"Tesy GCV 80 44\\\/24D TS2RC Anticalc\"}]},{\"@type\":\"WebSite\",\"@id\":\"https:\\\/\\\/tehnoformat.md\\\/ro\\\/#website\",\"url\":\"https:\\\/\\\/tehnoformat.md\\\/ro\\\/\",\"name\":\"Tehnoformat.md\",\"description\":\"\",\"publisher\":{\"@id\":\"https:\\\/\\\/tehnoformat.md\\\/ro\\\/#organization\"},\"potentialAction\":[{\"@type\":\"SearchAction\",\"target\":{\"@type\":\"EntryPoint\",\"urlTemplate\":\"https:\\\/\\\/tehnoformat.md\\\/ro\\\/?s={search_term_string}\"},\"query-input\":{\"@type\":\"PropertyValueSpecification\",\"valueRequired\":true,\"valueName\":\"search_term_string\"}}],\"inLanguage\":\"ro-RO\"},{\"@type\":\"Organization\",\"@id\":\"https:\\\/\\\/tehnoformat.md\\\/ro\\\/#organization\",\"name\":\"Tehnoformat\",\"url\":\"https:\\\/\\\/tehnoformat.md\\\/ro\\\/\",\"logo\":{\"@type\":\"ImageObject\",\"inLanguage\":\"ro-RO\",\"@id\":\"https:\\\/\\\/tehnoformat.md\\\/ro\\\/#\\\/schema\\\/logo\\\/image\\\/\",\"url\":\"https:\\\/\\\/tehnoformat.md\\\/wp-content\\\/uploads\\\/2024\\\/10\\\/icon1.png\",\"contentUrl\":\"https:\\\/\\\/tehnoformat.md\\\/wp-content\\\/uploads\\\/2024\\\/10\\\/icon1.png\",\"width\":512,\"height\":512,\"caption\":\"Tehnoformat\"},\"image\":{\"@id\":\"https:\\\/\\\/tehnoformat.md\\\/ro\\\/#\\\/schema\\\/logo\\\/image\\\/\"},\"sameAs\":[\"https:\\\/\\\/www.facebook.com\\\/formatterm\",\"https:\\\/\\\/www.instagram.com\\\/tehnoformat.md\\\/\"]}]}<\/script>\n<!-- \/ Yoast SEO plugin. -->","yoast_head_json":{"title":"Tesy GCV 80 44\/24D TS2RC Anticalc - Tehnoformat","robots":{"index":"index","follow":"follow","max-snippet":"max-snippet:-1","max-image-preview":"max-image-preview:large","max-video-preview":"max-video-preview:-1"},"canonical":"https:\/\/tehnoformat.md\/ro\/produs\/tesy-gcv-80-44-24d-ts2rc-anticalc\/","og_locale":"ro_RO","og_type":"article","og_title":"Tesy GCV 80 44\/24D TS2RC Anticalc - Tehnoformat","og_description":"Pa\u0219aport Catalog Catalog Boilerul Tesy GCV 80 44\/24D TS2RC Anticalc este un dispozitiv de \u00eenc\u0103lzire a apei de \u00eenalt\u0103 eficien\u021b\u0103, cu un design bine g\u00e2ndit \u0219i tehnologii moderne care asigur\u0103 fiabilitate \u0219i durabilitate. Este proiectat\u0103 pentru un volum de 80 de litri \u0219i prezint\u0103 o combina\u021bie optim\u0103 de putere \u0219i eficien\u021b\u0103 energetic\u0103. Principalele caracteristici: Volum: [&hellip;]","og_url":"https:\/\/tehnoformat.md\/ro\/produs\/tesy-gcv-80-44-24d-ts2rc-anticalc\/","og_site_name":"Tehnoformat","article_publisher":"https:\/\/www.facebook.com\/formatterm","article_modified_time":"2025-07-31T12:09:59+00:00","og_image":[{"width":1000,"height":1000,"url":"https:\/\/tehnoformat.md\/wp-content\/uploads\/2024\/11\/tesy-gcv-80-4424d-ts2rc-anticalc1.jpg","type":"image\/jpeg"}],"twitter_card":"summary_large_image","twitter_misc":{"Timp estimat pentru citire":"3 minute"},"schema":{"@context":"https:\/\/schema.org","@graph":[{"@type":"WebPage","@id":"https:\/\/tehnoformat.md\/ro\/produs\/tesy-gcv-80-44-24d-ts2rc-anticalc\/","url":"https:\/\/tehnoformat.md\/ro\/produs\/tesy-gcv-80-44-24d-ts2rc-anticalc\/","name":"Tesy GCV 80 44\/24D TS2RC Anticalc - Tehnoformat","isPartOf":{"@id":"https:\/\/tehnoformat.md\/ro\/#website"},"primaryImageOfPage":{"@id":"https:\/\/tehnoformat.md\/ro\/produs\/tesy-gcv-80-44-24d-ts2rc-anticalc\/#primaryimage"},"image":{"@id":"https:\/\/tehnoformat.md\/ro\/produs\/tesy-gcv-80-44-24d-ts2rc-anticalc\/#primaryimage"},"thumbnailUrl":"https:\/\/tehnoformat.md\/wp-content\/uploads\/2024\/11\/tesy-gcv-80-4424d-ts2rc-anticalc1.jpg","datePublished":"2024-11-18T06:44:07+00:00","dateModified":"2025-07-31T12:09:59+00:00","breadcrumb":{"@id":"https:\/\/tehnoformat.md\/ro\/produs\/tesy-gcv-80-44-24d-ts2rc-anticalc\/#breadcrumb"},"inLanguage":"ro-RO","potentialAction":[{"@type":"ReadAction","target":["https:\/\/tehnoformat.md\/ro\/produs\/tesy-gcv-80-44-24d-ts2rc-anticalc\/"]}]},{"@type":"ImageObject","inLanguage":"ro-RO","@id":"https:\/\/tehnoformat.md\/ro\/produs\/tesy-gcv-80-44-24d-ts2rc-anticalc\/#primaryimage","url":"https:\/\/tehnoformat.md\/wp-content\/uploads\/2024\/11\/tesy-gcv-80-4424d-ts2rc-anticalc1.jpg","contentUrl":"https:\/\/tehnoformat.md\/wp-content\/uploads\/2024\/11\/tesy-gcv-80-4424d-ts2rc-anticalc1.jpg","width":1000,"height":1000},{"@type":"BreadcrumbList","@id":"https:\/\/tehnoformat.md\/ro\/produs\/tesy-gcv-80-44-24d-ts2rc-anticalc\/#breadcrumb","itemListElement":[{"@type":"ListItem","position":1,"name":"Pagina principal\u0103","item":"https:\/\/tehnoformat.md\/ro\/"},{"@type":"ListItem","position":2,"name":"Magazin","item":"https:\/\/tehnoformat.md\/ro\/shop\/"},{"@type":"ListItem","position":3,"name":"Tesy GCV 80 44\/24D TS2RC Anticalc"}]},{"@type":"WebSite","@id":"https:\/\/tehnoformat.md\/ro\/#website","url":"https:\/\/tehnoformat.md\/ro\/","name":"Tehnoformat.md","description":"","publisher":{"@id":"https:\/\/tehnoformat.md\/ro\/#organization"},"potentialAction":[{"@type":"SearchAction","target":{"@type":"EntryPoint","urlTemplate":"https:\/\/tehnoformat.md\/ro\/?s={search_term_string}"},"query-input":{"@type":"PropertyValueSpecification","valueRequired":true,"valueName":"search_term_string"}}],"inLanguage":"ro-RO"},{"@type":"Organization","@id":"https:\/\/tehnoformat.md\/ro\/#organization","name":"Tehnoformat","url":"https:\/\/tehnoformat.md\/ro\/","logo":{"@type":"ImageObject","inLanguage":"ro-RO","@id":"https:\/\/tehnoformat.md\/ro\/#\/schema\/logo\/image\/","url":"https:\/\/tehnoformat.md\/wp-content\/uploads\/2024\/10\/icon1.png","contentUrl":"https:\/\/tehnoformat.md\/wp-content\/uploads\/2024\/10\/icon1.png","width":512,"height":512,"caption":"Tehnoformat"},"image":{"@id":"https:\/\/tehnoformat.md\/ro\/#\/schema\/logo\/image\/"},"sameAs":["https:\/\/www.facebook.com\/formatterm","https:\/\/www.instagram.com\/tehnoformat.md\/"]}]}},"_links":{"self":[{"href":"https:\/\/tehnoformat.md\/ro\/wp-json\/wp\/v2\/product\/25072","targetHints":{"allow":["GET"]}}],"collection":[{"href":"https:\/\/tehnoformat.md\/ro\/wp-json\/wp\/v2\/product"}],"about":[{"href":"https:\/\/tehnoformat.md\/ro\/wp-json\/wp\/v2\/types\/product"}],"replies":[{"embeddable":true,"href":"https:\/\/tehnoformat.md\/ro\/wp-json\/wp\/v2\/comments?post=25072"}],"version-history":[{"count":3,"href":"https:\/\/tehnoformat.md\/ro\/wp-json\/wp\/v2\/product\/25072\/revisions"}],"predecessor-version":[{"id":25076,"href":"https:\/\/tehnoformat.md\/ro\/wp-json\/wp\/v2\/product\/25072\/revisions\/25076"}],"wp:featuredmedia":[{"embeddable":true,"href":"https:\/\/tehnoformat.md\/ro\/wp-json\/wp\/v2\/media\/22773"}],"wp:attachment":[{"href":"https:\/\/tehnoformat.md\/ro\/wp-json\/wp\/v2\/media?parent=25072"}],"wp:term":[{"taxonomy":"product_brand","embeddable":true,"href":"https:\/\/tehnoformat.md\/ro\/wp-json\/wp\/v2\/product_brand?post=25072"},{"taxonomy":"product_cat","embeddable":true,"href":"https:\/\/tehnoformat.md\/ro\/wp-json\/wp\/v2\/product_cat?post=25072"},{"taxonomy":"product_tag","embeddable":true,"href":"https:\/\/tehnoformat.md\/ro\/wp-json\/wp\/v2\/product_tag?post=25072"}],"curies":[{"name":"wp","href":"https:\/\/api.w.org\/{rel}","templated":true}]}}