{"id":25046,"date":"2024-11-18T11:00:35","date_gmt":"2024-11-18T08:00:35","guid":{"rendered":"https:\/\/tehnoformat.md\/product\/tesy-gch-80-44-20-b12-tsrc\/"},"modified":"2025-07-25T09:24:19","modified_gmt":"2025-07-25T06:24:19","slug":"tesy-gch-80-44-20-b12-tsrc","status":"publish","type":"product","link":"https:\/\/tehnoformat.md\/ro\/produs\/tesy-gch-80-44-20-b12-tsrc\/","title":{"rendered":"Tesy GCH 80 44\/20 B12 TSRC"},"content":{"rendered":"\t\t<div data-elementor-type=\"wp-post\" data-elementor-id=\"25046\" class=\"elementor elementor-25046 elementor-18903\">\n\t\t\t\t<div class=\"elementor-element elementor-element-c1b555e e-grid e-con-boxed e-con e-parent\" data-id=\"c1b555e\" data-element_type=\"container\" data-e-type=\"container\">\n\t\t\t\t\t<div class=\"e-con-inner\">\n\t\t\t\t<div class=\"elementor-element elementor-element-79d2767 elementor-align-center elementor-widget elementor-widget-button\" data-id=\"79d2767\" data-element_type=\"widget\" data-e-type=\"widget\" data-widget_type=\"button.default\">\n\t\t\t\t<div class=\"elementor-widget-container\">\n\t\t\t\t\t\t\t\t\t<div class=\"elementor-button-wrapper\">\n\t\t\t\t\t<a target=\"_blank\" rel=\"nofollow\" href=\"https:\/\/tehnoformat.md\/goto\/https:\/\/tesy.ru\/produkty\/datasheet\/592\" class=\"elementor-button elementor-button-link elementor-size-sm\" >\n\t\t\t\t\t\t<span class=\"elementor-button-content-wrapper\">\n\t\t\t\t\t\t\t\t\t<span class=\"elementor-button-text\">Pa\u0219aport<\/span>\n\t\t\t\t\t<\/span>\n\t\t\t\t\t<\/a>\n\t\t\t\t<\/div>\n\t\t\t\t\t\t\t\t<\/div>\n\t\t\t\t<\/div>\n\t\t\t\t<div class=\"elementor-element elementor-element-3073977 elementor-align-center elementor-widget elementor-widget-button\" data-id=\"3073977\" data-element_type=\"widget\" data-e-type=\"widget\" data-widget_type=\"button.default\">\n\t\t\t\t<div class=\"elementor-widget-container\">\n\t\t\t\t\t\t\t\t\t<div class=\"elementor-button-wrapper\">\n\t\t\t\t\t<a target=\"_blank\" rel=\"nofollow\" href=\"https:\/\/tehnoformat.md\/goto\/https:\/\/tesy.kz\/web\/files\/richeditor\/TESY%20Home%20RU%20v1.6.pdf\" class=\"elementor-button elementor-button-link elementor-size-sm\" >\n\t\t\t\t\t\t<span class=\"elementor-button-content-wrapper\">\n\t\t\t\t\t\t\t\t\t<span class=\"elementor-button-text\">Catalog<\/span>\n\t\t\t\t\t<\/span>\n\t\t\t\t\t<\/a>\n\t\t\t\t<\/div>\n\t\t\t\t\t\t\t\t<\/div>\n\t\t\t\t<\/div>\n\t\t\t\t<div class=\"elementor-element elementor-element-28c4b0a elementor-align-center elementor-widget elementor-widget-button\" data-id=\"28c4b0a\" data-element_type=\"widget\" data-e-type=\"widget\" data-widget_type=\"button.default\">\n\t\t\t\t<div class=\"elementor-widget-container\">\n\t\t\t\t\t\t\t\t\t<div class=\"elementor-button-wrapper\">\n\t\t\t\t\t<a target=\"_blank\" rel=\"nofollow\" href=\"https:\/\/tehnoformat.md\/goto\/https:\/\/tesy.ru\/web\/files\/richeditor\/ru-website\/Tesy%20Catalogue%20Waterheaters%20RU%20v1.3%20LowRes.pdf\" class=\"elementor-button elementor-button-link elementor-size-sm\" >\n\t\t\t\t\t\t<span class=\"elementor-button-content-wrapper\">\n\t\t\t\t\t\t\t\t\t<span class=\"elementor-button-text\">Catalog<\/span>\n\t\t\t\t\t<\/span>\n\t\t\t\t\t<\/a>\n\t\t\t\t<\/div>\n\t\t\t\t\t\t\t\t<\/div>\n\t\t\t\t<\/div>\n\t\t\t\t\t<\/div>\n\t\t\t\t<\/div>\n\t\t<div class=\"elementor-element elementor-element-0e7b79e e-grid e-con-boxed e-con e-parent\" data-id=\"0e7b79e\" data-element_type=\"container\" data-e-type=\"container\">\n\t\t\t\t\t<div class=\"e-con-inner\">\n\t\t\t\t<div class=\"elementor-element elementor-element-a2b0fcb elementor-widget elementor-widget-text-editor\" data-id=\"a2b0fcb\" data-element_type=\"widget\" data-e-type=\"widget\" data-widget_type=\"text-editor.default\">\n\t\t\t\t<div class=\"elementor-widget-container\">\n\t\t\t\t\t\t\t\t\t<p>Boilerul <strong>Tesy Bilight GCH 80 44\/20 B12 TSRC<\/strong> combin\u0103 fiabilitatea, performan\u021ba ridicat\u0103 \u0219i tehnologia modern\u0103, oferind ap\u0103 cald\u0103 pentru casa dumneavoastr\u0103. Designul s\u0103u ergonomic \u0219i construc\u021bia atent\u0103 fac instalarea \u0219i operarea convenabile \u0219i durabile. <\/p><h5><strong>Principalele caracteristici:<\/strong><\/h5><ul><li><strong>Volum:<\/strong> 80 litri \u2013 ideal pentru o familie de 2-3 persoane.<\/li><li><strong>Putere element de \u00eenc\u0103lzire:<\/strong> 2 kW (element de \u00eenc\u0103lzire umed), asigur\u00e2nd \u00eenc\u0103lzirea rapid\u0103 a apei.<\/li><li><strong>Presiune maxim\u0103:<\/strong> p\u00e2n\u0103 la 8 bar, potrivit\u0103 pentru func\u021bionare stabil\u0103 \u00een condi\u021bii standard de alimentare cu ap\u0103.<\/li><li><strong>Tip de montare:<\/strong> montare orizontal\u0103 pe perete, cu racord inferior la \u021beav\u0103.<\/li><\/ul>\t\t\t\t\t\t\t\t<\/div>\n\t\t\t\t<\/div>\n\t\t\t\t<div class=\"elementor-element elementor-element-a1cd3d4 elementor-widget elementor-widget-image\" data-id=\"a1cd3d4\" data-element_type=\"widget\" data-e-type=\"widget\" data-widget_type=\"image.default\">\n\t\t\t\t<div class=\"elementor-widget-container\">\n\t\t\t\t\t\t\t\t\t\t\t\t\t\t\t<img fetchpriority=\"high\" decoding=\"async\" width=\"1024\" height=\"610\" src=\"https:\/\/tehnoformat.md\/wp-content\/uploads\/2024\/11\/tesy-gch-80-4420-b12-tsrc6-1024x610.jpg\" class=\"attachment-large size-large wp-image-22787\" alt=\"\" srcset=\"https:\/\/tehnoformat.md\/wp-content\/uploads\/2024\/11\/tesy-gch-80-4420-b12-tsrc6-1024x610.jpg 1024w, https:\/\/tehnoformat.md\/wp-content\/uploads\/2024\/11\/tesy-gch-80-4420-b12-tsrc6-300x179.jpg 300w, https:\/\/tehnoformat.md\/wp-content\/uploads\/2024\/11\/tesy-gch-80-4420-b12-tsrc6-768x457.jpg 768w, https:\/\/tehnoformat.md\/wp-content\/uploads\/2024\/11\/tesy-gch-80-4420-b12-tsrc6-1000x596.jpg 1000w, https:\/\/tehnoformat.md\/wp-content\/uploads\/2024\/11\/tesy-gch-80-4420-b12-tsrc6.jpg 1209w\" sizes=\"(max-width: 1024px) 100vw, 1024px\" \/>\t\t\t\t\t\t\t\t\t\t\t\t\t\t\t<\/div>\n\t\t\t\t<\/div>\n\t\t\t\t\t<\/div>\n\t\t\t\t<\/div>\n\t\t<div class=\"elementor-element elementor-element-80acec6 e-grid e-con-boxed e-con e-parent\" data-id=\"80acec6\" data-element_type=\"container\" data-e-type=\"container\">\n\t\t\t\t\t<div class=\"e-con-inner\">\n\t\t\t\t<div class=\"elementor-element elementor-element-e29bf0c elementor-widget elementor-widget-image\" data-id=\"e29bf0c\" data-element_type=\"widget\" data-e-type=\"widget\" data-widget_type=\"image.default\">\n\t\t\t\t<div class=\"elementor-widget-container\">\n\t\t\t\t\t\t\t\t\t\t\t\t\t\t\t<img decoding=\"async\" src=\"https:\/\/tehnoformat.md\/wp-content\/uploads\/elementor\/thumbs\/tesy-gch-80-4420-b12-tsrc2-qx8cdq43qzqpf4qn210n9wvdyx9syv9ez2a4hzer5s.jpg\" title=\"Tesy-GCH-80-4420-B12-TSRC2\" alt=\"Tesy-GCH-80-4420-B12-TSRC2\" loading=\"lazy\" \/>\t\t\t\t\t\t\t\t\t\t\t\t\t\t\t<\/div>\n\t\t\t\t<\/div>\n\t\t\t\t<div class=\"elementor-element elementor-element-88c9fdd elementor-widget elementor-widget-text-editor\" data-id=\"88c9fdd\" data-element_type=\"widget\" data-e-type=\"widget\" data-widget_type=\"text-editor.default\">\n\t\t\t\t<div class=\"elementor-widget-container\">\n\t\t\t\t\t\t\t\t\t<h5><strong>Func\u021bionalitate:<\/strong><\/h5><ul><li><strong>Control mecanic:<\/strong> Control simplu \u0219i fiabil cu indicator de putere \u0219i termometru \u00eencorporat.<\/li><li><strong>Sisteme de securitate:<\/strong><ul><li>Termostat cu protec\u021bie termic\u0103 \u0219i electric\u0103.<\/li><li>Mod de prevenire a \u00eenghe\u021bului pentru func\u021bionare fiabil\u0103 \u00een condi\u021bii de frig.<\/li><li>\u00centrerup\u0103tor electric impermeabil.<\/li><\/ul><\/li><\/ul><h5><strong>Materiale \u0219i tehnologii:<\/strong><\/h5><ul><li><strong>\u00cenveli\u0219 vitroceramic:<\/strong> Rezervorul interior este acoperit cu un strat vitroceramic, oferind protec\u021bie \u00eempotriva coroziunii \u0219i o igien\u0103 ridicat\u0103 a apei.<\/li><li><strong>Sudare cu plasm\u0103:<\/strong> Tehnologia modern\u0103 automatizat\u0103 de sudare cu plasm\u0103 creeaz\u0103 suduri puternice \u0219i durabile f\u0103r\u0103 a fi nevoie de materiale suplimentare.<\/li><li><strong>Anod de magneziu:<\/strong> Anod extins cu durat\u0103 de via\u021b\u0103 de 3 ani, u\u0219or de \u00eenlocuit atunci c\u00e2nd este necesar.<\/li><\/ul>\t\t\t\t\t\t\t\t<\/div>\n\t\t\t\t<\/div>\n\t\t\t\t\t<\/div>\n\t\t\t\t<\/div>\n\t\t<div class=\"elementor-element elementor-element-a74e418 e-grid e-con-boxed e-con e-parent\" data-id=\"a74e418\" data-element_type=\"container\" data-e-type=\"container\">\n\t\t\t\t\t<div class=\"e-con-inner\">\n\t\t\t\t<div class=\"elementor-element elementor-element-b6a2bf5 elementor-widget elementor-widget-text-editor\" data-id=\"b6a2bf5\" data-element_type=\"widget\" data-e-type=\"widget\" data-widget_type=\"text-editor.default\">\n\t\t\t\t<div class=\"elementor-widget-container\">\n\t\t\t\t\t\t\t\t\t<p>Tehnologia <strong>INSUTECH <\/strong>folosit\u0103 \u00een acest model de \u00eenc\u0103lzitor a fost special dezvoltat\u0103 pentru a asigura o izolare termica extrem de eficient\u0103. Una dintre caracteristicile cheie este absen\u021ba unei pun\u021bi termice \u00eentre rezervorul intern \u0219i banda de montare pe perete, care reduce pierderile de c\u0103ldur\u0103 cu <strong>16%<\/strong>, f\u0103c\u00e2nd boilerul mai economic \u0219i mai eficient de utilizat. <\/p><h6>Particularit\u0103\u021bi:<\/h6><ul><li><strong>Tehnologie PISTON EFFECT:<\/strong> Designul patentat al duzei \u00eencetine\u0219te amestecarea apei rece care intr\u0103 \u00een rezervor cu apa fierbinte deja \u00eenc\u0103lzit\u0103. Aceast\u0103 distribu\u021bie uniform\u0103 a presiunii \u00een zona de amestecare permite o cre\u0219tere cu <strong>15%<\/strong> a volumului de ap\u0103 cald\u0103 disponibil\u0103 \u00een compara\u021bie cu concuren\u021bii. <\/li><li><strong>Pierderi reduse de c\u0103ldur\u0103:<\/strong> Prin eliminarea pun\u021bii termice, dispozitivul re\u021bine c\u0103ldura mai mult timp, ceea ce ajut\u0103 la economisirea energiei \u0219i la \u00eembun\u0103t\u0103\u021birea eficien\u021bei cazanului.<\/li><\/ul><p>Boilerul <strong>Tesy Bilight GCH 80 44\/20 B12 TSRC<\/strong> asigur\u0103 o func\u021bionare fiabil\u0103 chiar \u0219i \u00een condi\u021bii dificile de func\u021bionare, oferind durabilitate, economie \u0219i u\u0219urin\u021b\u0103 \u00een utilizare. Este alegerea ideal\u0103 pentru cei care pre\u021buiesc calitatea \u0219i inova\u021bia. <\/p>\t\t\t\t\t\t\t\t<\/div>\n\t\t\t\t<\/div>\n\t\t\t\t<div class=\"elementor-element elementor-element-1672da0 elementor-widget elementor-widget-image\" data-id=\"1672da0\" data-element_type=\"widget\" data-e-type=\"widget\" data-widget_type=\"image.default\">\n\t\t\t\t<div class=\"elementor-widget-container\">\n\t\t\t\t\t\t\t\t\t\t\t\t\t\t\t<img decoding=\"async\" width=\"1024\" height=\"910\" src=\"https:\/\/tehnoformat.md\/wp-content\/uploads\/2024\/11\/tesy-gch-80-4420-b12-tsrc4-1024x910.jpg\" class=\"attachment-large size-large wp-image-22789\" alt=\"\" srcset=\"https:\/\/tehnoformat.md\/wp-content\/uploads\/2024\/11\/tesy-gch-80-4420-b12-tsrc4-1024x910.jpg 1024w, https:\/\/tehnoformat.md\/wp-content\/uploads\/2024\/11\/tesy-gch-80-4420-b12-tsrc4-300x267.jpg 300w, https:\/\/tehnoformat.md\/wp-content\/uploads\/2024\/11\/tesy-gch-80-4420-b12-tsrc4-768x682.jpg 768w, https:\/\/tehnoformat.md\/wp-content\/uploads\/2024\/11\/tesy-gch-80-4420-b12-tsrc4-1536x1365.jpg 1536w, https:\/\/tehnoformat.md\/wp-content\/uploads\/2024\/11\/tesy-gch-80-4420-b12-tsrc4-2048x1820.jpg 2048w, https:\/\/tehnoformat.md\/wp-content\/uploads\/2024\/11\/tesy-gch-80-4420-b12-tsrc4-1000x888.jpg 1000w\" sizes=\"(max-width: 1024px) 100vw, 1024px\" \/>\t\t\t\t\t\t\t\t\t\t\t\t\t\t\t<\/div>\n\t\t\t\t<\/div>\n\t\t\t\t\t<\/div>\n\t\t\t\t<\/div>\n\t\t\t\t<\/div>\n\t\t","protected":false},"excerpt":{"rendered":"<p>Pa\u0219aport Catalog Catalog Boilerul Tesy Bilight GCH 80 44\/20 B12 TSRC combin\u0103 fiabilitatea, performan\u021ba ridicat\u0103 \u0219i tehnologia modern\u0103, oferind ap\u0103 cald\u0103 pentru casa dumneavoastr\u0103. Designul s\u0103u ergonomic \u0219i construc\u021bia atent\u0103 fac instalarea \u0219i operarea convenabile \u0219i durabile. Principalele caracteristici: Volum: 80 litri \u2013 ideal pentru o familie de 2-3 persoane. Putere element de \u00eenc\u0103lzire: 2 [&hellip;]<\/p>\n","protected":false},"featured_media":22783,"comment_status":"closed","ping_status":"open","template":"","meta":[],"product_brand":[],"product_cat":[784,795],"product_tag":[893,903,908,935,1014],"class_list":{"0":"post-25046","1":"product","2":"type-product","3":"status-publish","4":"has-post-thumbnail","6":"product_cat-boilere","7":"product_cat-incalzitoare-de-apa","8":"product_tag-anticalc-ro","9":"product_tag-boiler-ro","10":"product_tag-boiler-electric-ro","11":"product_tag-compact-ro","12":"product_tag-tesy-ro","13":"ts_product_brand-tesy-ro","15":"first","16":"instock","17":"sale","18":"shipping-taxable","19":"purchasable","20":"product-type-simple","21":"add-to-wishlist-after_add_to_cart"},"yoast_head":"<!-- This site is optimized with the Yoast SEO plugin v27.3 - https:\/\/yoast.com\/product\/yoast-seo-wordpress\/ -->\n<title>Tesy GCH 80 44\/20 B12 TSRC - Tehnoformat<\/title>\n<meta name=\"robots\" content=\"index, follow, max-snippet:-1, max-image-preview:large, max-video-preview:-1\" \/>\n<link rel=\"canonical\" href=\"https:\/\/tehnoformat.md\/ro\/produs\/tesy-gch-80-44-20-b12-tsrc\/\" \/>\n<meta property=\"og:locale\" content=\"ro_RO\" \/>\n<meta property=\"og:type\" content=\"article\" \/>\n<meta property=\"og:title\" content=\"Tesy GCH 80 44\/20 B12 TSRC - Tehnoformat\" \/>\n<meta property=\"og:description\" content=\"Pa\u0219aport Catalog Catalog Boilerul Tesy Bilight GCH 80 44\/20 B12 TSRC combin\u0103 fiabilitatea, performan\u021ba ridicat\u0103 \u0219i tehnologia modern\u0103, oferind ap\u0103 cald\u0103 pentru casa dumneavoastr\u0103. Designul s\u0103u ergonomic \u0219i construc\u021bia atent\u0103 fac instalarea \u0219i operarea convenabile \u0219i durabile. Principalele caracteristici: Volum: 80 litri \u2013 ideal pentru o familie de 2-3 persoane. Putere element de \u00eenc\u0103lzire: 2 [&hellip;]\" \/>\n<meta property=\"og:url\" content=\"https:\/\/tehnoformat.md\/ro\/produs\/tesy-gch-80-44-20-b12-tsrc\/\" \/>\n<meta property=\"og:site_name\" content=\"Tehnoformat\" \/>\n<meta property=\"article:publisher\" content=\"https:\/\/www.facebook.com\/formatterm\" \/>\n<meta property=\"article:modified_time\" content=\"2025-07-25T06:24:19+00:00\" \/>\n<meta property=\"og:image\" content=\"https:\/\/tehnoformat.md\/wp-content\/uploads\/2024\/11\/tesy-gch-80-4420-b12-tsrc1.jpg\" \/>\n\t<meta property=\"og:image:width\" content=\"1000\" \/>\n\t<meta property=\"og:image:height\" content=\"1000\" \/>\n\t<meta property=\"og:image:type\" content=\"image\/jpeg\" \/>\n<meta name=\"twitter:card\" content=\"summary_large_image\" \/>\n<meta name=\"twitter:label1\" content=\"Timp estimat pentru citire\" \/>\n\t<meta name=\"twitter:data1\" content=\"3 minute\" \/>\n<script type=\"application\/ld+json\" class=\"yoast-schema-graph\">{\"@context\":\"https:\\\/\\\/schema.org\",\"@graph\":[{\"@type\":\"WebPage\",\"@id\":\"https:\\\/\\\/tehnoformat.md\\\/ro\\\/produs\\\/tesy-gch-80-44-20-b12-tsrc\\\/\",\"url\":\"https:\\\/\\\/tehnoformat.md\\\/ro\\\/produs\\\/tesy-gch-80-44-20-b12-tsrc\\\/\",\"name\":\"Tesy GCH 80 44\\\/20 B12 TSRC - Tehnoformat\",\"isPartOf\":{\"@id\":\"https:\\\/\\\/tehnoformat.md\\\/ro\\\/#website\"},\"primaryImageOfPage\":{\"@id\":\"https:\\\/\\\/tehnoformat.md\\\/ro\\\/produs\\\/tesy-gch-80-44-20-b12-tsrc\\\/#primaryimage\"},\"image\":{\"@id\":\"https:\\\/\\\/tehnoformat.md\\\/ro\\\/produs\\\/tesy-gch-80-44-20-b12-tsrc\\\/#primaryimage\"},\"thumbnailUrl\":\"https:\\\/\\\/tehnoformat.md\\\/wp-content\\\/uploads\\\/2024\\\/11\\\/tesy-gch-80-4420-b12-tsrc1.jpg\",\"datePublished\":\"2024-11-18T08:00:35+00:00\",\"dateModified\":\"2025-07-25T06:24:19+00:00\",\"breadcrumb\":{\"@id\":\"https:\\\/\\\/tehnoformat.md\\\/ro\\\/produs\\\/tesy-gch-80-44-20-b12-tsrc\\\/#breadcrumb\"},\"inLanguage\":\"ro-RO\",\"potentialAction\":[{\"@type\":\"ReadAction\",\"target\":[\"https:\\\/\\\/tehnoformat.md\\\/ro\\\/produs\\\/tesy-gch-80-44-20-b12-tsrc\\\/\"]}]},{\"@type\":\"ImageObject\",\"inLanguage\":\"ro-RO\",\"@id\":\"https:\\\/\\\/tehnoformat.md\\\/ro\\\/produs\\\/tesy-gch-80-44-20-b12-tsrc\\\/#primaryimage\",\"url\":\"https:\\\/\\\/tehnoformat.md\\\/wp-content\\\/uploads\\\/2024\\\/11\\\/tesy-gch-80-4420-b12-tsrc1.jpg\",\"contentUrl\":\"https:\\\/\\\/tehnoformat.md\\\/wp-content\\\/uploads\\\/2024\\\/11\\\/tesy-gch-80-4420-b12-tsrc1.jpg\",\"width\":1000,\"height\":1000},{\"@type\":\"BreadcrumbList\",\"@id\":\"https:\\\/\\\/tehnoformat.md\\\/ro\\\/produs\\\/tesy-gch-80-44-20-b12-tsrc\\\/#breadcrumb\",\"itemListElement\":[{\"@type\":\"ListItem\",\"position\":1,\"name\":\"Pagina principal\u0103\",\"item\":\"https:\\\/\\\/tehnoformat.md\\\/ro\\\/\"},{\"@type\":\"ListItem\",\"position\":2,\"name\":\"Magazin\",\"item\":\"https:\\\/\\\/tehnoformat.md\\\/ro\\\/shop\\\/\"},{\"@type\":\"ListItem\",\"position\":3,\"name\":\"Tesy GCH 80 44\\\/20 B12 TSRC\"}]},{\"@type\":\"WebSite\",\"@id\":\"https:\\\/\\\/tehnoformat.md\\\/ro\\\/#website\",\"url\":\"https:\\\/\\\/tehnoformat.md\\\/ro\\\/\",\"name\":\"Tehnoformat.md\",\"description\":\"\",\"publisher\":{\"@id\":\"https:\\\/\\\/tehnoformat.md\\\/ro\\\/#organization\"},\"potentialAction\":[{\"@type\":\"SearchAction\",\"target\":{\"@type\":\"EntryPoint\",\"urlTemplate\":\"https:\\\/\\\/tehnoformat.md\\\/ro\\\/?s={search_term_string}\"},\"query-input\":{\"@type\":\"PropertyValueSpecification\",\"valueRequired\":true,\"valueName\":\"search_term_string\"}}],\"inLanguage\":\"ro-RO\"},{\"@type\":\"Organization\",\"@id\":\"https:\\\/\\\/tehnoformat.md\\\/ro\\\/#organization\",\"name\":\"Tehnoformat\",\"url\":\"https:\\\/\\\/tehnoformat.md\\\/ro\\\/\",\"logo\":{\"@type\":\"ImageObject\",\"inLanguage\":\"ro-RO\",\"@id\":\"https:\\\/\\\/tehnoformat.md\\\/ro\\\/#\\\/schema\\\/logo\\\/image\\\/\",\"url\":\"https:\\\/\\\/tehnoformat.md\\\/wp-content\\\/uploads\\\/2024\\\/10\\\/icon1.png\",\"contentUrl\":\"https:\\\/\\\/tehnoformat.md\\\/wp-content\\\/uploads\\\/2024\\\/10\\\/icon1.png\",\"width\":512,\"height\":512,\"caption\":\"Tehnoformat\"},\"image\":{\"@id\":\"https:\\\/\\\/tehnoformat.md\\\/ro\\\/#\\\/schema\\\/logo\\\/image\\\/\"},\"sameAs\":[\"https:\\\/\\\/www.facebook.com\\\/formatterm\",\"https:\\\/\\\/www.instagram.com\\\/tehnoformat.md\\\/\"]}]}<\/script>\n<!-- \/ Yoast SEO plugin. -->","yoast_head_json":{"title":"Tesy GCH 80 44\/20 B12 TSRC - Tehnoformat","robots":{"index":"index","follow":"follow","max-snippet":"max-snippet:-1","max-image-preview":"max-image-preview:large","max-video-preview":"max-video-preview:-1"},"canonical":"https:\/\/tehnoformat.md\/ro\/produs\/tesy-gch-80-44-20-b12-tsrc\/","og_locale":"ro_RO","og_type":"article","og_title":"Tesy GCH 80 44\/20 B12 TSRC - Tehnoformat","og_description":"Pa\u0219aport Catalog Catalog Boilerul Tesy Bilight GCH 80 44\/20 B12 TSRC combin\u0103 fiabilitatea, performan\u021ba ridicat\u0103 \u0219i tehnologia modern\u0103, oferind ap\u0103 cald\u0103 pentru casa dumneavoastr\u0103. Designul s\u0103u ergonomic \u0219i construc\u021bia atent\u0103 fac instalarea \u0219i operarea convenabile \u0219i durabile. Principalele caracteristici: Volum: 80 litri \u2013 ideal pentru o familie de 2-3 persoane. Putere element de \u00eenc\u0103lzire: 2 [&hellip;]","og_url":"https:\/\/tehnoformat.md\/ro\/produs\/tesy-gch-80-44-20-b12-tsrc\/","og_site_name":"Tehnoformat","article_publisher":"https:\/\/www.facebook.com\/formatterm","article_modified_time":"2025-07-25T06:24:19+00:00","og_image":[{"width":1000,"height":1000,"url":"https:\/\/tehnoformat.md\/wp-content\/uploads\/2024\/11\/tesy-gch-80-4420-b12-tsrc1.jpg","type":"image\/jpeg"}],"twitter_card":"summary_large_image","twitter_misc":{"Timp estimat pentru citire":"3 minute"},"schema":{"@context":"https:\/\/schema.org","@graph":[{"@type":"WebPage","@id":"https:\/\/tehnoformat.md\/ro\/produs\/tesy-gch-80-44-20-b12-tsrc\/","url":"https:\/\/tehnoformat.md\/ro\/produs\/tesy-gch-80-44-20-b12-tsrc\/","name":"Tesy GCH 80 44\/20 B12 TSRC - Tehnoformat","isPartOf":{"@id":"https:\/\/tehnoformat.md\/ro\/#website"},"primaryImageOfPage":{"@id":"https:\/\/tehnoformat.md\/ro\/produs\/tesy-gch-80-44-20-b12-tsrc\/#primaryimage"},"image":{"@id":"https:\/\/tehnoformat.md\/ro\/produs\/tesy-gch-80-44-20-b12-tsrc\/#primaryimage"},"thumbnailUrl":"https:\/\/tehnoformat.md\/wp-content\/uploads\/2024\/11\/tesy-gch-80-4420-b12-tsrc1.jpg","datePublished":"2024-11-18T08:00:35+00:00","dateModified":"2025-07-25T06:24:19+00:00","breadcrumb":{"@id":"https:\/\/tehnoformat.md\/ro\/produs\/tesy-gch-80-44-20-b12-tsrc\/#breadcrumb"},"inLanguage":"ro-RO","potentialAction":[{"@type":"ReadAction","target":["https:\/\/tehnoformat.md\/ro\/produs\/tesy-gch-80-44-20-b12-tsrc\/"]}]},{"@type":"ImageObject","inLanguage":"ro-RO","@id":"https:\/\/tehnoformat.md\/ro\/produs\/tesy-gch-80-44-20-b12-tsrc\/#primaryimage","url":"https:\/\/tehnoformat.md\/wp-content\/uploads\/2024\/11\/tesy-gch-80-4420-b12-tsrc1.jpg","contentUrl":"https:\/\/tehnoformat.md\/wp-content\/uploads\/2024\/11\/tesy-gch-80-4420-b12-tsrc1.jpg","width":1000,"height":1000},{"@type":"BreadcrumbList","@id":"https:\/\/tehnoformat.md\/ro\/produs\/tesy-gch-80-44-20-b12-tsrc\/#breadcrumb","itemListElement":[{"@type":"ListItem","position":1,"name":"Pagina principal\u0103","item":"https:\/\/tehnoformat.md\/ro\/"},{"@type":"ListItem","position":2,"name":"Magazin","item":"https:\/\/tehnoformat.md\/ro\/shop\/"},{"@type":"ListItem","position":3,"name":"Tesy GCH 80 44\/20 B12 TSRC"}]},{"@type":"WebSite","@id":"https:\/\/tehnoformat.md\/ro\/#website","url":"https:\/\/tehnoformat.md\/ro\/","name":"Tehnoformat.md","description":"","publisher":{"@id":"https:\/\/tehnoformat.md\/ro\/#organization"},"potentialAction":[{"@type":"SearchAction","target":{"@type":"EntryPoint","urlTemplate":"https:\/\/tehnoformat.md\/ro\/?s={search_term_string}"},"query-input":{"@type":"PropertyValueSpecification","valueRequired":true,"valueName":"search_term_string"}}],"inLanguage":"ro-RO"},{"@type":"Organization","@id":"https:\/\/tehnoformat.md\/ro\/#organization","name":"Tehnoformat","url":"https:\/\/tehnoformat.md\/ro\/","logo":{"@type":"ImageObject","inLanguage":"ro-RO","@id":"https:\/\/tehnoformat.md\/ro\/#\/schema\/logo\/image\/","url":"https:\/\/tehnoformat.md\/wp-content\/uploads\/2024\/10\/icon1.png","contentUrl":"https:\/\/tehnoformat.md\/wp-content\/uploads\/2024\/10\/icon1.png","width":512,"height":512,"caption":"Tehnoformat"},"image":{"@id":"https:\/\/tehnoformat.md\/ro\/#\/schema\/logo\/image\/"},"sameAs":["https:\/\/www.facebook.com\/formatterm","https:\/\/www.instagram.com\/tehnoformat.md\/"]}]}},"_links":{"self":[{"href":"https:\/\/tehnoformat.md\/ro\/wp-json\/wp\/v2\/product\/25046","targetHints":{"allow":["GET"]}}],"collection":[{"href":"https:\/\/tehnoformat.md\/ro\/wp-json\/wp\/v2\/product"}],"about":[{"href":"https:\/\/tehnoformat.md\/ro\/wp-json\/wp\/v2\/types\/product"}],"replies":[{"embeddable":true,"href":"https:\/\/tehnoformat.md\/ro\/wp-json\/wp\/v2\/comments?post=25046"}],"version-history":[{"count":2,"href":"https:\/\/tehnoformat.md\/ro\/wp-json\/wp\/v2\/product\/25046\/revisions"}],"predecessor-version":[{"id":25048,"href":"https:\/\/tehnoformat.md\/ro\/wp-json\/wp\/v2\/product\/25046\/revisions\/25048"}],"wp:featuredmedia":[{"embeddable":true,"href":"https:\/\/tehnoformat.md\/ro\/wp-json\/wp\/v2\/media\/22783"}],"wp:attachment":[{"href":"https:\/\/tehnoformat.md\/ro\/wp-json\/wp\/v2\/media?parent=25046"}],"wp:term":[{"taxonomy":"product_brand","embeddable":true,"href":"https:\/\/tehnoformat.md\/ro\/wp-json\/wp\/v2\/product_brand?post=25046"},{"taxonomy":"product_cat","embeddable":true,"href":"https:\/\/tehnoformat.md\/ro\/wp-json\/wp\/v2\/product_cat?post=25046"},{"taxonomy":"product_tag","embeddable":true,"href":"https:\/\/tehnoformat.md\/ro\/wp-json\/wp\/v2\/product_tag?post=25046"}],"curies":[{"name":"wp","href":"https:\/\/api.w.org\/{rel}","templated":true}]}}