{"id":25041,"date":"2024-11-18T12:44:11","date_gmt":"2024-11-18T09:44:11","guid":{"rendered":"https:\/\/tehnoformat.md\/product\/tesy-gcv-100-44-24-d-d06ts2r-anticalc\/"},"modified":"2025-07-25T09:13:42","modified_gmt":"2025-07-25T06:13:42","slug":"tesy-gcv-100-44-24-d-d06ts2r-anticalc","status":"publish","type":"product","link":"https:\/\/tehnoformat.md\/ro\/produs\/tesy-gcv-100-44-24-d-d06ts2r-anticalc\/","title":{"rendered":"Tesy GCV 100 44\/24 D D06TS2R Anticalc"},"content":{"rendered":"\t\t<div data-elementor-type=\"wp-post\" data-elementor-id=\"25041\" class=\"elementor elementor-25041 elementor-18932\">\n\t\t\t\t<div class=\"elementor-element elementor-element-c1b555e e-grid e-con-boxed e-con e-parent\" data-id=\"c1b555e\" data-element_type=\"container\" data-e-type=\"container\">\n\t\t\t\t\t<div class=\"e-con-inner\">\n\t\t\t\t<div class=\"elementor-element elementor-element-3073977 elementor-align-center elementor-widget elementor-widget-button\" data-id=\"3073977\" data-element_type=\"widget\" data-e-type=\"widget\" data-widget_type=\"button.default\">\n\t\t\t\t<div class=\"elementor-widget-container\">\n\t\t\t\t\t\t\t\t\t<div class=\"elementor-button-wrapper\">\n\t\t\t\t\t<a target=\"_blank\" rel=\"nofollow\" href=\"https:\/\/tehnoformat.md\/goto\/https:\/\/tesy.kz\/web\/files\/richeditor\/TESY%20Home%20RU%20v1.6.pdf\" class=\"elementor-button elementor-button-link elementor-size-sm\" >\n\t\t\t\t\t\t<span class=\"elementor-button-content-wrapper\">\n\t\t\t\t\t\t\t\t\t<span class=\"elementor-button-text\">Catalog<\/span>\n\t\t\t\t\t<\/span>\n\t\t\t\t\t<\/a>\n\t\t\t\t<\/div>\n\t\t\t\t\t\t\t\t<\/div>\n\t\t\t\t<\/div>\n\t\t\t\t<div class=\"elementor-element elementor-element-28c4b0a elementor-align-center elementor-widget elementor-widget-button\" data-id=\"28c4b0a\" data-element_type=\"widget\" data-e-type=\"widget\" data-widget_type=\"button.default\">\n\t\t\t\t<div class=\"elementor-widget-container\">\n\t\t\t\t\t\t\t\t\t<div class=\"elementor-button-wrapper\">\n\t\t\t\t\t<a target=\"_blank\" rel=\"nofollow\" href=\"https:\/\/tehnoformat.md\/goto\/https:\/\/tesy.es\/web\/files\/richeditor\/TESY%20Catalogue%20EWH%20SPAIN%20%202021_22.pdf\" class=\"elementor-button elementor-button-link elementor-size-sm\" >\n\t\t\t\t\t\t<span class=\"elementor-button-content-wrapper\">\n\t\t\t\t\t\t\t\t\t<span class=\"elementor-button-text\">Catalog<\/span>\n\t\t\t\t\t<\/span>\n\t\t\t\t\t<\/a>\n\t\t\t\t<\/div>\n\t\t\t\t\t\t\t\t<\/div>\n\t\t\t\t<\/div>\n\t\t\t\t\t<\/div>\n\t\t\t\t<\/div>\n\t\t<div class=\"elementor-element elementor-element-0e7b79e e-grid e-con-boxed e-con e-parent\" data-id=\"0e7b79e\" data-element_type=\"container\" data-e-type=\"container\">\n\t\t\t\t\t<div class=\"e-con-inner\">\n\t\t\t\t<div class=\"elementor-element elementor-element-a2b0fcb elementor-widget elementor-widget-text-editor\" data-id=\"a2b0fcb\" data-element_type=\"widget\" data-e-type=\"widget\" data-widget_type=\"text-editor.default\">\n\t\t\t\t<div class=\"elementor-widget-container\">\n\t\t\t\t\t\t\t\t\t<p><strong>Tesy GCV 100 44 24D D06 TS2R<\/strong> este un \u00eenc\u0103lzitor de ap\u0103 electric modern, cu o capacitate de 100 de litri, conceput pentru a asigura o alimentare confortabil\u0103 cu ap\u0103 cald\u0103. Modelul apar\u021bine seriei <strong>Anticalc<\/strong> \u0219i este echipat cu tehnologii avansate care asigur\u0103 fiabilitatea \u0219i durabilitatea \u00een func\u021bionare. <\/p><h5><strong>Principalele caracteristici:<\/strong><\/h5><ul><li><strong>Volum:<\/strong> 100 litri, ideal pentru o familie de 3-4 persoane.<\/li><li><strong>Tip element de \u00eenc\u0103lzire:<\/strong> Dou\u0103 elemente de \u00eenc\u0103lzire \u201euscate\u201d, care func\u021bioneaz\u0103 alternativ pentru o distribu\u021bie optim\u0103 a sarcinii \u0219i economisirea energiei.<\/li><li><strong>Mod economic:<\/strong> Utilizarea unui singur element de \u00eenc\u0103lzire.<\/li><li><strong>\u00cenc\u0103lzire rapid\u0103:<\/strong> Pornirea simultan\u0103 a ambelor elemente de \u00eenc\u0103lzire.<\/li><li><strong>Tensiune nominal\u0103:<\/strong> 230 V \/ 50 Hz.<\/li><\/ul><h5><strong>Design \u0219i materiale:<\/strong><\/h5><ul><li><strong>Form\u0103 cilindric\u0103:<\/strong> Design compact, potrivit pentru instalare \u00een spa\u021bii reziden\u021biale \u0219i comerciale.<\/li><li><strong>Material rezervor:<\/strong> \u00cenveli\u0219 ceramic de sticl\u0103 antibacterian pentru protec\u021bie \u00eempotriva ruginii \u0219i form\u0103rii bacteriilor.<\/li><li><strong>\u021aevi:<\/strong> Fabricate din o\u021bel inoxidabil alimentar, sigure pentru apa potabil\u0103.<\/li><li><strong>Grosimea izola\u021biei:<\/strong> poliuretan de 18 mm pentru a minimiza pierderile de c\u0103ldur\u0103.<\/li><\/ul>\t\t\t\t\t\t\t\t<\/div>\n\t\t\t\t<\/div>\n\t\t\t\t<div class=\"elementor-element elementor-element-a1cd3d4 elementor-widget elementor-widget-image\" data-id=\"a1cd3d4\" data-element_type=\"widget\" data-e-type=\"widget\" data-widget_type=\"image.default\">\n\t\t\t\t<div class=\"elementor-widget-container\">\n\t\t\t\t\t\t\t\t\t\t\t\t\t\t\t<img fetchpriority=\"high\" decoding=\"async\" width=\"1000\" height=\"1000\" src=\"https:\/\/tehnoformat.md\/wp-content\/uploads\/2024\/11\/tesy-gcv-80-4424d-ts2rc-anticalc3.jpg\" class=\"attachment-large size-large wp-image-22776\" alt=\"\" srcset=\"https:\/\/tehnoformat.md\/wp-content\/uploads\/2024\/11\/tesy-gcv-80-4424d-ts2rc-anticalc3.jpg 1000w, https:\/\/tehnoformat.md\/wp-content\/uploads\/2024\/11\/tesy-gcv-80-4424d-ts2rc-anticalc3-300x300.jpg 300w, https:\/\/tehnoformat.md\/wp-content\/uploads\/2024\/11\/tesy-gcv-80-4424d-ts2rc-anticalc3-250x250.jpg 250w, https:\/\/tehnoformat.md\/wp-content\/uploads\/2024\/11\/tesy-gcv-80-4424d-ts2rc-anticalc3-768x768.jpg 768w, https:\/\/tehnoformat.md\/wp-content\/uploads\/2024\/11\/tesy-gcv-80-4424d-ts2rc-anticalc3-180x180.jpg 180w, https:\/\/tehnoformat.md\/wp-content\/uploads\/2024\/11\/tesy-gcv-80-4424d-ts2rc-anticalc3-400x400.jpg 400w, https:\/\/tehnoformat.md\/wp-content\/uploads\/2024\/11\/tesy-gcv-80-4424d-ts2rc-anticalc3-100x100.jpg 100w, https:\/\/tehnoformat.md\/wp-content\/uploads\/2024\/11\/tesy-gcv-80-4424d-ts2rc-anticalc3-54x54.jpg 54w, https:\/\/tehnoformat.md\/wp-content\/uploads\/2024\/11\/tesy-gcv-80-4424d-ts2rc-anticalc3-310x310.jpg 310w, https:\/\/tehnoformat.md\/wp-content\/uploads\/2024\/11\/tesy-gcv-80-4424d-ts2rc-anticalc3-80x80.jpg 80w\" sizes=\"(max-width: 1000px) 100vw, 1000px\" \/>\t\t\t\t\t\t\t\t\t\t\t\t\t\t\t<\/div>\n\t\t\t\t<\/div>\n\t\t\t\t\t<\/div>\n\t\t\t\t<\/div>\n\t\t<div class=\"elementor-element elementor-element-80acec6 e-grid e-con-boxed e-con e-parent\" data-id=\"80acec6\" data-element_type=\"container\" data-e-type=\"container\">\n\t\t\t\t\t<div class=\"e-con-inner\">\n\t\t\t\t<div class=\"elementor-element elementor-element-e29bf0c elementor-widget elementor-widget-image\" data-id=\"e29bf0c\" data-element_type=\"widget\" data-e-type=\"widget\" data-widget_type=\"image.default\">\n\t\t\t\t<div class=\"elementor-widget-container\">\n\t\t\t\t\t\t\t\t\t\t\t\t\t\t\t<img decoding=\"async\" width=\"1000\" height=\"1000\" src=\"https:\/\/tehnoformat.md\/wp-content\/uploads\/2024\/10\/tesy-gcv-50-3816d-ts2r-anticalc5.jpg\" class=\"attachment-large size-large wp-image-22560\" alt=\"\" srcset=\"https:\/\/tehnoformat.md\/wp-content\/uploads\/2024\/10\/tesy-gcv-50-3816d-ts2r-anticalc5.jpg 1000w, https:\/\/tehnoformat.md\/wp-content\/uploads\/2024\/10\/tesy-gcv-50-3816d-ts2r-anticalc5-300x300.jpg 300w, https:\/\/tehnoformat.md\/wp-content\/uploads\/2024\/10\/tesy-gcv-50-3816d-ts2r-anticalc5-250x250.jpg 250w, https:\/\/tehnoformat.md\/wp-content\/uploads\/2024\/10\/tesy-gcv-50-3816d-ts2r-anticalc5-768x768.jpg 768w, https:\/\/tehnoformat.md\/wp-content\/uploads\/2024\/10\/tesy-gcv-50-3816d-ts2r-anticalc5-180x180.jpg 180w, https:\/\/tehnoformat.md\/wp-content\/uploads\/2024\/10\/tesy-gcv-50-3816d-ts2r-anticalc5-400x400.jpg 400w, https:\/\/tehnoformat.md\/wp-content\/uploads\/2024\/10\/tesy-gcv-50-3816d-ts2r-anticalc5-100x100.jpg 100w, https:\/\/tehnoformat.md\/wp-content\/uploads\/2024\/10\/tesy-gcv-50-3816d-ts2r-anticalc5-54x54.jpg 54w, https:\/\/tehnoformat.md\/wp-content\/uploads\/2024\/10\/tesy-gcv-50-3816d-ts2r-anticalc5-310x310.jpg 310w, https:\/\/tehnoformat.md\/wp-content\/uploads\/2024\/10\/tesy-gcv-50-3816d-ts2r-anticalc5-80x80.jpg 80w\" sizes=\"(max-width: 1000px) 100vw, 1000px\" \/>\t\t\t\t\t\t\t\t\t\t\t\t\t\t\t<\/div>\n\t\t\t\t<\/div>\n\t\t\t\t<div class=\"elementor-element elementor-element-88c9fdd elementor-widget elementor-widget-text-editor\" data-id=\"88c9fdd\" data-element_type=\"widget\" data-e-type=\"widget\" data-widget_type=\"text-editor.default\">\n\t\t\t\t<div class=\"elementor-widget-container\">\n\t\t\t\t\t\t\t\t\t<h5><strong>Func\u021bionalitate \u0219i securitate:<\/strong><\/h5><ul><li><strong>Controler de temperatur\u0103:<\/strong> Control convenabil al modurilor de \u00eenc\u0103lzire pe corpul dispozitivului.<\/li><li><strong>Sistem de securitate:<\/strong><ul><li>Supape de siguran\u021b\u0103 \u0219i verificare pentru a preveni suprapresiunea.<\/li><li>Termostat de rezerv\u0103 pentru protec\u021bie la supra\u00eenc\u0103lzire.<\/li><\/ul><\/li><li><strong>Anod de magneziu:<\/strong> Ofer\u0103 protec\u021bie suplimentar\u0103 \u00eempotriva coroziunii.<\/li><\/ul><h5><strong>Avantajele modelului:<\/strong><\/h5><ul><li>\u00cenc\u0103lzire eficient\u0103 \u0219i economic\u0103 a apei datorit\u0103 utiliz\u0103rii alternante a elementelor de \u00eenc\u0103lzire.<\/li><li>Protec\u021bie \u00eempotriva coroziunii \u0219i contamin\u0103rii bacteriene datorit\u0103 stratului de acoperire vitroceramic antibacterian.<\/li><li>Sistem de securitate fiabil pentru o func\u021bionare \u00een siguran\u021b\u0103.<\/li><\/ul><p>Boilerul <strong>Tesy GCV 100 44 24D D06 TS2R<\/strong> este solu\u021bia optim\u0103 pentru cei care caut\u0103 un dispozitiv fiabil, eficient energetic \u0219i durabil pentru alimentarea cu ap\u0103 cald\u0103.<\/p>\t\t\t\t\t\t\t\t<\/div>\n\t\t\t\t<\/div>\n\t\t\t\t\t<\/div>\n\t\t\t\t<\/div>\n\t\t\t\t<\/div>\n\t\t","protected":false},"excerpt":{"rendered":"<p>Catalog Catalog Tesy GCV 100 44 24D D06 TS2R este un \u00eenc\u0103lzitor de ap\u0103 electric modern, cu o capacitate de 100 de litri, conceput pentru a asigura o alimentare confortabil\u0103 cu ap\u0103 cald\u0103. Modelul apar\u021bine seriei Anticalc \u0219i este echipat cu tehnologii avansate care asigur\u0103 fiabilitatea \u0219i durabilitatea \u00een func\u021bionare. Principalele caracteristici: Volum: 100 litri, [&hellip;]<\/p>\n","protected":false},"featured_media":22546,"comment_status":"closed","ping_status":"open","template":"","meta":[],"product_brand":[],"product_cat":[784,795],"product_tag":[893,902,903,908,935,1014],"class_list":{"0":"post-25041","1":"product","2":"type-product","3":"status-publish","4":"has-post-thumbnail","6":"product_cat-boilere","7":"product_cat-incalzitoare-de-apa","8":"product_tag-anticalc-ro","9":"product_tag-bilight-ro","10":"product_tag-boiler-ro","11":"product_tag-boiler-electric-ro","12":"product_tag-compact-ro","13":"product_tag-tesy-ro","14":"ts_product_brand-tesy-ro","16":"first","17":"instock","18":"sale","19":"shipping-taxable","20":"purchasable","21":"product-type-simple","22":"add-to-wishlist-after_add_to_cart"},"yoast_head":"<!-- This site is optimized with the Yoast SEO plugin v27.1.1 - https:\/\/yoast.com\/product\/yoast-seo-wordpress\/ -->\n<title>Tesy GCV 100 44\/24 D D06TS2R Anticalc - Tehnoformat<\/title>\n<meta name=\"robots\" content=\"index, follow, max-snippet:-1, max-image-preview:large, max-video-preview:-1\" \/>\n<link rel=\"canonical\" href=\"https:\/\/tehnoformat.md\/ro\/produs\/tesy-gcv-100-44-24-d-d06ts2r-anticalc\/\" \/>\n<meta property=\"og:locale\" content=\"ro_RO\" \/>\n<meta property=\"og:type\" content=\"article\" \/>\n<meta property=\"og:title\" content=\"Tesy GCV 100 44\/24 D D06TS2R Anticalc - Tehnoformat\" \/>\n<meta property=\"og:description\" content=\"Catalog Catalog Tesy GCV 100 44 24D D06 TS2R este un \u00eenc\u0103lzitor de ap\u0103 electric modern, cu o capacitate de 100 de litri, conceput pentru a asigura o alimentare confortabil\u0103 cu ap\u0103 cald\u0103. Modelul apar\u021bine seriei Anticalc \u0219i este echipat cu tehnologii avansate care asigur\u0103 fiabilitatea \u0219i durabilitatea \u00een func\u021bionare. Principalele caracteristici: Volum: 100 litri, [&hellip;]\" \/>\n<meta property=\"og:url\" content=\"https:\/\/tehnoformat.md\/ro\/produs\/tesy-gcv-100-44-24-d-d06ts2r-anticalc\/\" \/>\n<meta property=\"og:site_name\" content=\"Tehnoformat\" \/>\n<meta property=\"article:publisher\" content=\"https:\/\/www.facebook.com\/formatterm\" \/>\n<meta property=\"article:modified_time\" content=\"2025-07-25T06:13:42+00:00\" \/>\n<meta property=\"og:image\" content=\"https:\/\/tehnoformat.md\/wp-content\/uploads\/2024\/10\/tesy-gcv-50-3816d-ts2r-anticalc4.jpg\" \/>\n\t<meta property=\"og:image:width\" content=\"1000\" \/>\n\t<meta property=\"og:image:height\" content=\"1000\" \/>\n\t<meta property=\"og:image:type\" content=\"image\/jpeg\" \/>\n<meta name=\"twitter:card\" content=\"summary_large_image\" \/>\n<meta name=\"twitter:label1\" content=\"Timp estimat pentru citire\" \/>\n\t<meta name=\"twitter:data1\" content=\"2 minute\" \/>\n<script type=\"application\/ld+json\" class=\"yoast-schema-graph\">{\"@context\":\"https:\/\/schema.org\",\"@graph\":[{\"@type\":\"WebPage\",\"@id\":\"https:\/\/tehnoformat.md\/ro\/produs\/tesy-gcv-100-44-24-d-d06ts2r-anticalc\/\",\"url\":\"https:\/\/tehnoformat.md\/ro\/produs\/tesy-gcv-100-44-24-d-d06ts2r-anticalc\/\",\"name\":\"Tesy GCV 100 44\/24 D D06TS2R Anticalc - Tehnoformat\",\"isPartOf\":{\"@id\":\"https:\/\/tehnoformat.md\/ro\/#website\"},\"primaryImageOfPage\":{\"@id\":\"https:\/\/tehnoformat.md\/ro\/produs\/tesy-gcv-100-44-24-d-d06ts2r-anticalc\/#primaryimage\"},\"image\":{\"@id\":\"https:\/\/tehnoformat.md\/ro\/produs\/tesy-gcv-100-44-24-d-d06ts2r-anticalc\/#primaryimage\"},\"thumbnailUrl\":\"https:\/\/tehnoformat.md\/wp-content\/uploads\/2024\/10\/tesy-gcv-50-3816d-ts2r-anticalc4.jpg\",\"datePublished\":\"2024-11-18T09:44:11+00:00\",\"dateModified\":\"2025-07-25T06:13:42+00:00\",\"breadcrumb\":{\"@id\":\"https:\/\/tehnoformat.md\/ro\/produs\/tesy-gcv-100-44-24-d-d06ts2r-anticalc\/#breadcrumb\"},\"inLanguage\":\"ro-RO\",\"potentialAction\":[{\"@type\":\"ReadAction\",\"target\":[\"https:\/\/tehnoformat.md\/ro\/produs\/tesy-gcv-100-44-24-d-d06ts2r-anticalc\/\"]}]},{\"@type\":\"ImageObject\",\"inLanguage\":\"ro-RO\",\"@id\":\"https:\/\/tehnoformat.md\/ro\/produs\/tesy-gcv-100-44-24-d-d06ts2r-anticalc\/#primaryimage\",\"url\":\"https:\/\/tehnoformat.md\/wp-content\/uploads\/2024\/10\/tesy-gcv-50-3816d-ts2r-anticalc4.jpg\",\"contentUrl\":\"https:\/\/tehnoformat.md\/wp-content\/uploads\/2024\/10\/tesy-gcv-50-3816d-ts2r-anticalc4.jpg\",\"width\":1000,\"height\":1000},{\"@type\":\"BreadcrumbList\",\"@id\":\"https:\/\/tehnoformat.md\/ro\/produs\/tesy-gcv-100-44-24-d-d06ts2r-anticalc\/#breadcrumb\",\"itemListElement\":[{\"@type\":\"ListItem\",\"position\":1,\"name\":\"Pagina principal\u0103\",\"item\":\"https:\/\/tehnoformat.md\/ro\/\"},{\"@type\":\"ListItem\",\"position\":2,\"name\":\"Magazin\",\"item\":\"https:\/\/tehnoformat.md\/ro\/shop\/\"},{\"@type\":\"ListItem\",\"position\":3,\"name\":\"Tesy GCV 100 44\/24 D D06TS2R Anticalc\"}]},{\"@type\":\"WebSite\",\"@id\":\"https:\/\/tehnoformat.md\/ro\/#website\",\"url\":\"https:\/\/tehnoformat.md\/ro\/\",\"name\":\"Tehnoformat.md\",\"description\":\"\",\"publisher\":{\"@id\":\"https:\/\/tehnoformat.md\/ro\/#organization\"},\"potentialAction\":[{\"@type\":\"SearchAction\",\"target\":{\"@type\":\"EntryPoint\",\"urlTemplate\":\"https:\/\/tehnoformat.md\/ro\/?s={search_term_string}\"},\"query-input\":{\"@type\":\"PropertyValueSpecification\",\"valueRequired\":true,\"valueName\":\"search_term_string\"}}],\"inLanguage\":\"ro-RO\"},{\"@type\":\"Organization\",\"@id\":\"https:\/\/tehnoformat.md\/ro\/#organization\",\"name\":\"Tehnoformat\",\"url\":\"https:\/\/tehnoformat.md\/ro\/\",\"logo\":{\"@type\":\"ImageObject\",\"inLanguage\":\"ro-RO\",\"@id\":\"https:\/\/tehnoformat.md\/ro\/#\/schema\/logo\/image\/\",\"url\":\"https:\/\/tehnoformat.md\/wp-content\/uploads\/2024\/10\/icon1.png\",\"contentUrl\":\"https:\/\/tehnoformat.md\/wp-content\/uploads\/2024\/10\/icon1.png\",\"width\":512,\"height\":512,\"caption\":\"Tehnoformat\"},\"image\":{\"@id\":\"https:\/\/tehnoformat.md\/ro\/#\/schema\/logo\/image\/\"},\"sameAs\":[\"https:\/\/www.facebook.com\/formatterm\",\"https:\/\/www.instagram.com\/tehnoformat.md\/\"]}]}<\/script>\n<!-- \/ Yoast SEO plugin. -->","yoast_head_json":{"title":"Tesy GCV 100 44\/24 D D06TS2R Anticalc - Tehnoformat","robots":{"index":"index","follow":"follow","max-snippet":"max-snippet:-1","max-image-preview":"max-image-preview:large","max-video-preview":"max-video-preview:-1"},"canonical":"https:\/\/tehnoformat.md\/ro\/produs\/tesy-gcv-100-44-24-d-d06ts2r-anticalc\/","og_locale":"ro_RO","og_type":"article","og_title":"Tesy GCV 100 44\/24 D D06TS2R Anticalc - Tehnoformat","og_description":"Catalog Catalog Tesy GCV 100 44 24D D06 TS2R este un \u00eenc\u0103lzitor de ap\u0103 electric modern, cu o capacitate de 100 de litri, conceput pentru a asigura o alimentare confortabil\u0103 cu ap\u0103 cald\u0103. Modelul apar\u021bine seriei Anticalc \u0219i este echipat cu tehnologii avansate care asigur\u0103 fiabilitatea \u0219i durabilitatea \u00een func\u021bionare. Principalele caracteristici: Volum: 100 litri, [&hellip;]","og_url":"https:\/\/tehnoformat.md\/ro\/produs\/tesy-gcv-100-44-24-d-d06ts2r-anticalc\/","og_site_name":"Tehnoformat","article_publisher":"https:\/\/www.facebook.com\/formatterm","article_modified_time":"2025-07-25T06:13:42+00:00","og_image":[{"width":1000,"height":1000,"url":"https:\/\/tehnoformat.md\/wp-content\/uploads\/2024\/10\/tesy-gcv-50-3816d-ts2r-anticalc4.jpg","type":"image\/jpeg"}],"twitter_card":"summary_large_image","twitter_misc":{"Timp estimat pentru citire":"2 minute"},"schema":{"@context":"https:\/\/schema.org","@graph":[{"@type":"WebPage","@id":"https:\/\/tehnoformat.md\/ro\/produs\/tesy-gcv-100-44-24-d-d06ts2r-anticalc\/","url":"https:\/\/tehnoformat.md\/ro\/produs\/tesy-gcv-100-44-24-d-d06ts2r-anticalc\/","name":"Tesy GCV 100 44\/24 D D06TS2R Anticalc - Tehnoformat","isPartOf":{"@id":"https:\/\/tehnoformat.md\/ro\/#website"},"primaryImageOfPage":{"@id":"https:\/\/tehnoformat.md\/ro\/produs\/tesy-gcv-100-44-24-d-d06ts2r-anticalc\/#primaryimage"},"image":{"@id":"https:\/\/tehnoformat.md\/ro\/produs\/tesy-gcv-100-44-24-d-d06ts2r-anticalc\/#primaryimage"},"thumbnailUrl":"https:\/\/tehnoformat.md\/wp-content\/uploads\/2024\/10\/tesy-gcv-50-3816d-ts2r-anticalc4.jpg","datePublished":"2024-11-18T09:44:11+00:00","dateModified":"2025-07-25T06:13:42+00:00","breadcrumb":{"@id":"https:\/\/tehnoformat.md\/ro\/produs\/tesy-gcv-100-44-24-d-d06ts2r-anticalc\/#breadcrumb"},"inLanguage":"ro-RO","potentialAction":[{"@type":"ReadAction","target":["https:\/\/tehnoformat.md\/ro\/produs\/tesy-gcv-100-44-24-d-d06ts2r-anticalc\/"]}]},{"@type":"ImageObject","inLanguage":"ro-RO","@id":"https:\/\/tehnoformat.md\/ro\/produs\/tesy-gcv-100-44-24-d-d06ts2r-anticalc\/#primaryimage","url":"https:\/\/tehnoformat.md\/wp-content\/uploads\/2024\/10\/tesy-gcv-50-3816d-ts2r-anticalc4.jpg","contentUrl":"https:\/\/tehnoformat.md\/wp-content\/uploads\/2024\/10\/tesy-gcv-50-3816d-ts2r-anticalc4.jpg","width":1000,"height":1000},{"@type":"BreadcrumbList","@id":"https:\/\/tehnoformat.md\/ro\/produs\/tesy-gcv-100-44-24-d-d06ts2r-anticalc\/#breadcrumb","itemListElement":[{"@type":"ListItem","position":1,"name":"Pagina principal\u0103","item":"https:\/\/tehnoformat.md\/ro\/"},{"@type":"ListItem","position":2,"name":"Magazin","item":"https:\/\/tehnoformat.md\/ro\/shop\/"},{"@type":"ListItem","position":3,"name":"Tesy GCV 100 44\/24 D D06TS2R Anticalc"}]},{"@type":"WebSite","@id":"https:\/\/tehnoformat.md\/ro\/#website","url":"https:\/\/tehnoformat.md\/ro\/","name":"Tehnoformat.md","description":"","publisher":{"@id":"https:\/\/tehnoformat.md\/ro\/#organization"},"potentialAction":[{"@type":"SearchAction","target":{"@type":"EntryPoint","urlTemplate":"https:\/\/tehnoformat.md\/ro\/?s={search_term_string}"},"query-input":{"@type":"PropertyValueSpecification","valueRequired":true,"valueName":"search_term_string"}}],"inLanguage":"ro-RO"},{"@type":"Organization","@id":"https:\/\/tehnoformat.md\/ro\/#organization","name":"Tehnoformat","url":"https:\/\/tehnoformat.md\/ro\/","logo":{"@type":"ImageObject","inLanguage":"ro-RO","@id":"https:\/\/tehnoformat.md\/ro\/#\/schema\/logo\/image\/","url":"https:\/\/tehnoformat.md\/wp-content\/uploads\/2024\/10\/icon1.png","contentUrl":"https:\/\/tehnoformat.md\/wp-content\/uploads\/2024\/10\/icon1.png","width":512,"height":512,"caption":"Tehnoformat"},"image":{"@id":"https:\/\/tehnoformat.md\/ro\/#\/schema\/logo\/image\/"},"sameAs":["https:\/\/www.facebook.com\/formatterm","https:\/\/www.instagram.com\/tehnoformat.md\/"]}]}},"_links":{"self":[{"href":"https:\/\/tehnoformat.md\/ro\/wp-json\/wp\/v2\/product\/25041","targetHints":{"allow":["GET"]}}],"collection":[{"href":"https:\/\/tehnoformat.md\/ro\/wp-json\/wp\/v2\/product"}],"about":[{"href":"https:\/\/tehnoformat.md\/ro\/wp-json\/wp\/v2\/types\/product"}],"replies":[{"embeddable":true,"href":"https:\/\/tehnoformat.md\/ro\/wp-json\/wp\/v2\/comments?post=25041"}],"version-history":[{"count":2,"href":"https:\/\/tehnoformat.md\/ro\/wp-json\/wp\/v2\/product\/25041\/revisions"}],"predecessor-version":[{"id":25045,"href":"https:\/\/tehnoformat.md\/ro\/wp-json\/wp\/v2\/product\/25041\/revisions\/25045"}],"wp:featuredmedia":[{"embeddable":true,"href":"https:\/\/tehnoformat.md\/ro\/wp-json\/wp\/v2\/media\/22546"}],"wp:attachment":[{"href":"https:\/\/tehnoformat.md\/ro\/wp-json\/wp\/v2\/media?parent=25041"}],"wp:term":[{"taxonomy":"product_brand","embeddable":true,"href":"https:\/\/tehnoformat.md\/ro\/wp-json\/wp\/v2\/product_brand?post=25041"},{"taxonomy":"product_cat","embeddable":true,"href":"https:\/\/tehnoformat.md\/ro\/wp-json\/wp\/v2\/product_cat?post=25041"},{"taxonomy":"product_tag","embeddable":true,"href":"https:\/\/tehnoformat.md\/ro\/wp-json\/wp\/v2\/product_tag?post=25041"}],"curies":[{"name":"wp","href":"https:\/\/api.w.org\/{rel}","templated":true}]}}