{"id":24762,"date":"2024-04-01T15:21:07","date_gmt":"2024-04-01T12:21:07","guid":{"rendered":"https:\/\/tehnoformat.md\/product\/hisense-auv140-auw140\/"},"modified":"2025-07-15T12:20:45","modified_gmt":"2025-07-15T09:20:45","slug":"hisense-auv140-auw140","status":"publish","type":"product","link":"https:\/\/tehnoformat.md\/ro\/produs\/hisense-auv140-auw140\/","title":{"rendered":"Hisense AUV140\/AUW140"},"content":{"rendered":"\t\t<div data-elementor-type=\"wp-post\" data-elementor-id=\"24762\" class=\"elementor elementor-24762 elementor-9449\">\n\t\t\t\t<div class=\"elementor-element elementor-element-571effc e-con-full e-flex e-con e-parent\" data-id=\"571effc\" data-element_type=\"container\" data-e-type=\"container\">\n\t\t<div class=\"elementor-element elementor-element-2de23f3 e-con-full e-flex e-con e-child\" data-id=\"2de23f3\" data-element_type=\"container\" data-e-type=\"container\">\n\t\t\t\t<div class=\"elementor-element elementor-element-47afccd elementor-widget elementor-widget-text-editor\" data-id=\"47afccd\" data-element_type=\"widget\" data-e-type=\"widget\" data-widget_type=\"text-editor.default\">\n\t\t\t\t<div class=\"elementor-widget-container\">\n\t\t\t\t\t\t\t\t\t<p><a href=\"https:\/\/tehnoformat.md\/wp-content\/uploads\/2024\/03\/324.png\"><img decoding=\"async\" class=\"aligncenter wp-image-8549 size-full\" src=\"https:\/\/tehnoformat.md\/wp-content\/uploads\/2024\/03\/324.png\" alt=\"\" width=\"70\" height=\"70\" srcset=\"https:\/\/tehnoformat.md\/wp-content\/uploads\/2024\/03\/324.png 70w, https:\/\/tehnoformat.md\/wp-content\/uploads\/2024\/03\/324-46x46.png 46w, https:\/\/tehnoformat.md\/wp-content\/uploads\/2024\/03\/324-54x54.png 54w\" sizes=\"(max-width: 70px) 100vw, 70px\" \/><\/a><\/p><h4 style=\"text-align: center;\">AGENT FRIGORIFIC ECONOMIC<\/h4><p style=\"text-align: center;\">Mai eficient, mai ecologic<\/p>\t\t\t\t\t\t\t\t<\/div>\n\t\t\t\t<\/div>\n\t\t\t\t<\/div>\n\t\t<div class=\"elementor-element elementor-element-4bd68e6 e-con-full e-flex e-con e-child\" data-id=\"4bd68e6\" data-element_type=\"container\" data-e-type=\"container\">\n\t\t<div class=\"elementor-element elementor-element-993d85f e-flex e-con-boxed e-con e-child\" data-id=\"993d85f\" data-element_type=\"container\" data-e-type=\"container\">\n\t\t\t\t\t<div class=\"e-con-inner\">\n\t\t\t\t<div class=\"elementor-element elementor-element-9ba718d elementor-widget elementor-widget-text-editor\" data-id=\"9ba718d\" data-element_type=\"widget\" data-e-type=\"widget\" data-widget_type=\"text-editor.default\">\n\t\t\t\t<div class=\"elementor-widget-container\">\n\t\t\t\t\t\t\t\t\t<p><a href=\"https:\/\/tehnoformat.md\/wp-content\/uploads\/2024\/03\/11.png\"><img decoding=\"async\" class=\"alignnone wp-image-8529 size-full\" src=\"https:\/\/tehnoformat.md\/wp-content\/uploads\/2024\/03\/11.png\" alt=\"\" width=\"88\" height=\"71\"><\/a><\/p><p><strong>INVERTOR DC COMPLET<\/strong><\/p><p>Tehnologii avansate pentru performan\u021be mai bune<\/p>\t\t\t\t\t\t\t\t<\/div>\n\t\t\t\t<\/div>\n\t\t\t\t\t<\/div>\n\t\t\t\t<\/div>\n\t\t<div class=\"elementor-element elementor-element-3858d5d e-flex e-con-boxed e-con e-child\" data-id=\"3858d5d\" data-element_type=\"container\" data-e-type=\"container\">\n\t\t\t\t\t<div class=\"e-con-inner\">\n\t\t\t\t<div class=\"elementor-element elementor-element-a8b1800 elementor-widget elementor-widget-text-editor\" data-id=\"a8b1800\" data-element_type=\"widget\" data-e-type=\"widget\" data-widget_type=\"text-editor.default\">\n\t\t\t\t<div class=\"elementor-widget-container\">\n\t\t\t\t\t\t\t\t\t<p><img decoding=\"async\" class=\"wp-image-7737 size-full alignnone\" src=\"https:\/\/tehnoformat.md\/wp-content\/uploads\/2024\/03\/%D0%91%D0%B5%D0%B7%D1%8B%D0%BC%D1%8F%D0%BD%D0%BD%D1%8B%D0%B914.png\" alt=\"\" width=\"87\" height=\"84\"><\/p><h6>Eficien\u021b\u0103 ridicat\u0103 \u0219i economie de energie<\/h6><p><a href=\"https:\/\/tehnoformat.md\/wp-content\/uploads\/2024\/03\/5.png\"><img loading=\"lazy\" decoding=\"async\" class=\"alignleft wp-image-8203 size-full\" src=\"https:\/\/tehnoformat.md\/wp-content\/uploads\/2024\/03\/5.png\" alt=\"\" width=\"70\" height=\"70\" srcset=\"https:\/\/tehnoformat.md\/wp-content\/uploads\/2024\/03\/5.png 70w, https:\/\/tehnoformat.md\/wp-content\/uploads\/2024\/03\/5-46x46.png 46w, https:\/\/tehnoformat.md\/wp-content\/uploads\/2024\/03\/5-54x54.png 54w\" sizes=\"(max-width: 70px) 100vw, 70px\" \/><\/a> Gril\u0103 de radiator din aluminiu, antivirus \u0219i hidrofil\u0103.<\/p>\t\t\t\t\t\t\t\t<\/div>\n\t\t\t\t<\/div>\n\t\t\t\t\t<\/div>\n\t\t\t\t<\/div>\n\t\t\t\t<\/div>\n\t\t\t\t<\/div>\n\t\t<div class=\"elementor-element elementor-element-d0846c6 e-flex e-con-boxed e-con e-parent\" data-id=\"d0846c6\" data-element_type=\"container\" data-e-type=\"container\">\n\t\t\t\t\t<div class=\"e-con-inner\">\n\t\t<div class=\"elementor-element elementor-element-2e7a54a e-con-full e-flex e-con e-child\" data-id=\"2e7a54a\" data-element_type=\"container\" data-e-type=\"container\">\n\t\t\t\t<div class=\"elementor-element elementor-element-9498351 elementor-widget elementor-widget-text-editor\" data-id=\"9498351\" data-element_type=\"widget\" data-e-type=\"widget\" data-widget_type=\"text-editor.default\">\n\t\t\t\t<div class=\"elementor-widget-container\">\n\t\t\t\t\t\t\t\t\t<h3 style=\"text-align: center;\">INSTALARE FLEXIBIL\u0102<\/h3>\n<p style=\"text-align: center;\">Dispozitivul are un design special, potrivit pentru instalarea pe podea \u0219i tavan. Conductele pot fi pozate \u00een patru direc\u021bii: st\u00e2nga, dreapta, spate \u0219i jos. &nbsp;<\/p>\t\t\t\t\t\t\t\t<\/div>\n\t\t\t\t<\/div>\n\t\t\t\t<\/div>\n\t\t<div class=\"elementor-element elementor-element-79244dd e-con-full e-flex e-con e-child\" data-id=\"79244dd\" data-element_type=\"container\" data-e-type=\"container\">\n\t\t\t\t<div class=\"elementor-element elementor-element-4a4c6ee elementor-widget elementor-widget-image\" data-id=\"4a4c6ee\" data-element_type=\"widget\" data-e-type=\"widget\" data-widget_type=\"image.default\">\n\t\t\t\t<div class=\"elementor-widget-container\">\n\t\t\t\t\t\t\t\t\t\t\t\t\t\t\t<img loading=\"lazy\" decoding=\"async\" width=\"1024\" height=\"767\" src=\"https:\/\/tehnoformat.md\/wp-content\/uploads\/2024\/04\/11-1024x767.jpg\" class=\"attachment-large size-large wp-image-20361\" alt=\"\" srcset=\"https:\/\/tehnoformat.md\/wp-content\/uploads\/2024\/04\/11-1024x767.jpg 1024w, https:\/\/tehnoformat.md\/wp-content\/uploads\/2024\/04\/11-300x225.jpg 300w, https:\/\/tehnoformat.md\/wp-content\/uploads\/2024\/04\/11-768x575.jpg 768w, https:\/\/tehnoformat.md\/wp-content\/uploads\/2024\/04\/11-1000x749.jpg 1000w, https:\/\/tehnoformat.md\/wp-content\/uploads\/2024\/04\/11.jpg 1402w\" sizes=\"(max-width: 1024px) 100vw, 1024px\" \/>\t\t\t\t\t\t\t\t\t\t\t\t\t\t\t<\/div>\n\t\t\t\t<\/div>\n\t\t\t\t<\/div>\n\t\t\t\t\t<\/div>\n\t\t\t\t<\/div>\n\t\t<div class=\"elementor-element elementor-element-c30e40a e-flex e-con-boxed e-con e-parent\" data-id=\"c30e40a\" data-element_type=\"container\" data-e-type=\"container\">\n\t\t\t\t\t<div class=\"e-con-inner\">\n\t\t<div class=\"elementor-element elementor-element-5976e31 e-con-full e-flex e-con e-child\" data-id=\"5976e31\" data-element_type=\"container\" data-e-type=\"container\">\n\t\t\t\t<div class=\"elementor-element elementor-element-bc0402a elementor-widget elementor-widget-text-editor\" data-id=\"bc0402a\" data-element_type=\"widget\" data-e-type=\"widget\" data-widget_type=\"text-editor.default\">\n\t\t\t\t<div class=\"elementor-widget-container\">\n\t\t\t\t\t\t\t\t\t<h3 style=\"text-align: center;\">FLUX DE AER<\/h3><p style=\"text-align: center;\">Fluxul de aer poate ajunge la o distan\u021b\u0103 de p\u00e2n\u0103 la 15 metri. Oamenii se pot bucura de un flux de aer confortabil chiar \u0219i \u00een \u00eenc\u0103peri mari. <\/p>\t\t\t\t\t\t\t\t<\/div>\n\t\t\t\t<\/div>\n\t\t\t\t<\/div>\n\t\t<div class=\"elementor-element elementor-element-b645621 e-con-full e-flex e-con e-child\" data-id=\"b645621\" data-element_type=\"container\" data-e-type=\"container\">\n\t\t\t\t<div class=\"elementor-element elementor-element-9ebbba3 elementor-widget elementor-widget-image\" data-id=\"9ebbba3\" data-element_type=\"widget\" data-e-type=\"widget\" data-widget_type=\"image.default\">\n\t\t\t\t<div class=\"elementor-widget-container\">\n\t\t\t\t\t\t\t\t\t\t\t\t\t\t\t<img loading=\"lazy\" decoding=\"async\" width=\"1024\" height=\"576\" src=\"https:\/\/tehnoformat.md\/wp-content\/uploads\/2024\/04\/22-1024x576.jpg\" class=\"attachment-large size-large wp-image-20362\" alt=\"\" srcset=\"https:\/\/tehnoformat.md\/wp-content\/uploads\/2024\/04\/22-1024x576.jpg 1024w, https:\/\/tehnoformat.md\/wp-content\/uploads\/2024\/04\/22-300x169.jpg 300w, https:\/\/tehnoformat.md\/wp-content\/uploads\/2024\/04\/22-768x432.jpg 768w, https:\/\/tehnoformat.md\/wp-content\/uploads\/2024\/04\/22-1536x864.jpg 1536w, https:\/\/tehnoformat.md\/wp-content\/uploads\/2024\/04\/22-1000x563.jpg 1000w, https:\/\/tehnoformat.md\/wp-content\/uploads\/2024\/04\/22.jpg 1920w\" sizes=\"(max-width: 1024px) 100vw, 1024px\" \/>\t\t\t\t\t\t\t\t\t\t\t\t\t\t\t<\/div>\n\t\t\t\t<\/div>\n\t\t\t\t<\/div>\n\t\t\t\t\t<\/div>\n\t\t\t\t<\/div>\n\t\t<div class=\"elementor-element elementor-element-5ae01d9 e-con-full e-flex e-con e-parent\" data-id=\"5ae01d9\" data-element_type=\"container\" data-e-type=\"container\">\n\t\t<div class=\"elementor-element elementor-element-3377e22 e-con-full e-flex e-con e-child\" data-id=\"3377e22\" data-element_type=\"container\" data-e-type=\"container\">\n\t\t\t\t<div class=\"elementor-element elementor-element-4fc65c6 elementor-widget elementor-widget-text-editor\" data-id=\"4fc65c6\" data-element_type=\"widget\" data-e-type=\"widget\" data-widget_type=\"text-editor.default\">\n\t\t\t\t<div class=\"elementor-widget-container\">\n\t\t\t\t\t\t\t\t\t<p>Fluxul de aer 4D ofer\u0103 confort maxim cu direc\u021bii orizontale \u0219i verticale. Este posibil un unghi de flux de aer de p\u00e2n\u0103 la 90\u00b0 pe orizontal\u0103 \u0219i p\u00e2n\u0103 la 130\u00b0 pe vertical\u0103. <\/p>\t\t\t\t\t\t\t\t<\/div>\n\t\t\t\t<\/div>\n\t\t\t\t<\/div>\n\t\t<div class=\"elementor-element elementor-element-21d22c5 e-con-full e-flex e-con e-child\" data-id=\"21d22c5\" data-element_type=\"container\" data-e-type=\"container\">\n\t\t\t\t<div class=\"elementor-element elementor-element-b231f56 elementor-widget elementor-widget-image\" data-id=\"b231f56\" data-element_type=\"widget\" data-e-type=\"widget\" data-widget_type=\"image.default\">\n\t\t\t\t<div class=\"elementor-widget-container\">\n\t\t\t\t\t\t\t\t\t\t\t\t\t\t\t<img loading=\"lazy\" decoding=\"async\" width=\"1024\" height=\"576\" src=\"https:\/\/tehnoformat.md\/wp-content\/uploads\/2024\/04\/33-1024x576.jpg\" class=\"attachment-large size-large wp-image-20363\" alt=\"\" srcset=\"https:\/\/tehnoformat.md\/wp-content\/uploads\/2024\/04\/33-1024x576.jpg 1024w, https:\/\/tehnoformat.md\/wp-content\/uploads\/2024\/04\/33-300x169.jpg 300w, https:\/\/tehnoformat.md\/wp-content\/uploads\/2024\/04\/33-768x432.jpg 768w, https:\/\/tehnoformat.md\/wp-content\/uploads\/2024\/04\/33-1536x864.jpg 1536w, https:\/\/tehnoformat.md\/wp-content\/uploads\/2024\/04\/33-1000x563.jpg 1000w, https:\/\/tehnoformat.md\/wp-content\/uploads\/2024\/04\/33.jpg 1920w\" sizes=\"(max-width: 1024px) 100vw, 1024px\" \/>\t\t\t\t\t\t\t\t\t\t\t\t\t\t\t<\/div>\n\t\t\t\t<\/div>\n\t\t\t\t<\/div>\n\t\t\t\t<\/div>\n\t\t\t\t<\/div>\n\t\t","protected":false},"excerpt":{"rendered":"<p>Noua gam\u0103 de corpuri de mobilier Hisense de perete-tavan are un design modern \u0219i este fabricat\u0103 din plastic alb lucios de \u00eenalt\u0103 calitate. Aceste unit\u0103\u021bi pot fi instalate \u00een dou\u0103 pozi\u021bii: pe perete sau sub tavan.<\/p>\n","protected":false},"featured_media":20364,"comment_status":"closed","ping_status":"open","template":"","meta":[],"product_brand":[],"product_cat":[783,792],"product_tag":[1029,899,1034,968],"class_list":{"0":"post-24762","1":"product","2":"type-product","3":"status-publish","4":"has-post-thumbnail","6":"product_cat-conditionere","7":"product_cat-tip-podea-si-tavan","8":"product_tag-aer-conditionat-ro-2","9":"product_tag-btu-ro","10":"product_tag-conditioner-ro","11":"product_tag-hisense-ro","12":"ts_product_brand-hisense-ro","14":"first","15":"instock","16":"sale","17":"shipping-taxable","18":"purchasable","19":"product-type-simple","20":"add-to-wishlist-after_add_to_cart"},"yoast_head":"<!-- This site is optimized with the Yoast SEO plugin v27.3 - https:\/\/yoast.com\/product\/yoast-seo-wordpress\/ -->\n<title>Hisense AUV140\/AUW140 - Tehnoformat<\/title>\n<meta name=\"robots\" content=\"index, follow, max-snippet:-1, max-image-preview:large, max-video-preview:-1\" \/>\n<link rel=\"canonical\" href=\"https:\/\/tehnoformat.md\/ro\/produs\/hisense-auv140-auw140\/\" \/>\n<meta property=\"og:locale\" content=\"ro_RO\" \/>\n<meta property=\"og:type\" content=\"article\" \/>\n<meta property=\"og:title\" content=\"Hisense AUV140\/AUW140 - Tehnoformat\" \/>\n<meta property=\"og:description\" content=\"Noua gam\u0103 de corpuri de mobilier Hisense de perete-tavan are un design modern \u0219i este fabricat\u0103 din plastic alb lucios de \u00eenalt\u0103 calitate. Aceste unit\u0103\u021bi pot fi instalate \u00een dou\u0103 pozi\u021bii: pe perete sau sub tavan.\" \/>\n<meta property=\"og:url\" content=\"https:\/\/tehnoformat.md\/ro\/produs\/hisense-auv140-auw140\/\" \/>\n<meta property=\"og:site_name\" content=\"Tehnoformat\" \/>\n<meta property=\"article:publisher\" content=\"https:\/\/www.facebook.com\/formatterm\" \/>\n<meta property=\"article:modified_time\" content=\"2025-07-15T09:20:45+00:00\" \/>\n<meta property=\"og:image\" content=\"https:\/\/tehnoformat.md\/wp-content\/uploads\/2024\/04\/avt140ur4rb8-1-1.jpg\" \/>\n\t<meta property=\"og:image:width\" content=\"1000\" \/>\n\t<meta property=\"og:image:height\" content=\"1000\" \/>\n\t<meta property=\"og:image:type\" content=\"image\/jpeg\" \/>\n<meta name=\"twitter:card\" content=\"summary_large_image\" \/>\n<meta name=\"twitter:label1\" content=\"Timp estimat pentru citire\" \/>\n\t<meta name=\"twitter:data1\" content=\"3 minute\" \/>\n<script type=\"application\/ld+json\" class=\"yoast-schema-graph\">{\"@context\":\"https:\\\/\\\/schema.org\",\"@graph\":[{\"@type\":\"WebPage\",\"@id\":\"https:\\\/\\\/tehnoformat.md\\\/ro\\\/produs\\\/hisense-auv140-auw140\\\/\",\"url\":\"https:\\\/\\\/tehnoformat.md\\\/ro\\\/produs\\\/hisense-auv140-auw140\\\/\",\"name\":\"Hisense AUV140\\\/AUW140 - Tehnoformat\",\"isPartOf\":{\"@id\":\"https:\\\/\\\/tehnoformat.md\\\/ro\\\/#website\"},\"primaryImageOfPage\":{\"@id\":\"https:\\\/\\\/tehnoformat.md\\\/ro\\\/produs\\\/hisense-auv140-auw140\\\/#primaryimage\"},\"image\":{\"@id\":\"https:\\\/\\\/tehnoformat.md\\\/ro\\\/produs\\\/hisense-auv140-auw140\\\/#primaryimage\"},\"thumbnailUrl\":\"https:\\\/\\\/tehnoformat.md\\\/wp-content\\\/uploads\\\/2024\\\/04\\\/avt140ur4rb8-1-1.jpg\",\"datePublished\":\"2024-04-01T12:21:07+00:00\",\"dateModified\":\"2025-07-15T09:20:45+00:00\",\"breadcrumb\":{\"@id\":\"https:\\\/\\\/tehnoformat.md\\\/ro\\\/produs\\\/hisense-auv140-auw140\\\/#breadcrumb\"},\"inLanguage\":\"ro-RO\",\"potentialAction\":[{\"@type\":\"ReadAction\",\"target\":[\"https:\\\/\\\/tehnoformat.md\\\/ro\\\/produs\\\/hisense-auv140-auw140\\\/\"]}]},{\"@type\":\"ImageObject\",\"inLanguage\":\"ro-RO\",\"@id\":\"https:\\\/\\\/tehnoformat.md\\\/ro\\\/produs\\\/hisense-auv140-auw140\\\/#primaryimage\",\"url\":\"https:\\\/\\\/tehnoformat.md\\\/wp-content\\\/uploads\\\/2024\\\/04\\\/avt140ur4rb8-1-1.jpg\",\"contentUrl\":\"https:\\\/\\\/tehnoformat.md\\\/wp-content\\\/uploads\\\/2024\\\/04\\\/avt140ur4rb8-1-1.jpg\",\"width\":1000,\"height\":1000},{\"@type\":\"BreadcrumbList\",\"@id\":\"https:\\\/\\\/tehnoformat.md\\\/ro\\\/produs\\\/hisense-auv140-auw140\\\/#breadcrumb\",\"itemListElement\":[{\"@type\":\"ListItem\",\"position\":1,\"name\":\"Pagina principal\u0103\",\"item\":\"https:\\\/\\\/tehnoformat.md\\\/ro\\\/\"},{\"@type\":\"ListItem\",\"position\":2,\"name\":\"Magazin\",\"item\":\"https:\\\/\\\/tehnoformat.md\\\/ro\\\/shop\\\/\"},{\"@type\":\"ListItem\",\"position\":3,\"name\":\"Hisense AUV140\\\/AUW140\"}]},{\"@type\":\"WebSite\",\"@id\":\"https:\\\/\\\/tehnoformat.md\\\/ro\\\/#website\",\"url\":\"https:\\\/\\\/tehnoformat.md\\\/ro\\\/\",\"name\":\"Tehnoformat.md\",\"description\":\"\",\"publisher\":{\"@id\":\"https:\\\/\\\/tehnoformat.md\\\/ro\\\/#organization\"},\"potentialAction\":[{\"@type\":\"SearchAction\",\"target\":{\"@type\":\"EntryPoint\",\"urlTemplate\":\"https:\\\/\\\/tehnoformat.md\\\/ro\\\/?s={search_term_string}\"},\"query-input\":{\"@type\":\"PropertyValueSpecification\",\"valueRequired\":true,\"valueName\":\"search_term_string\"}}],\"inLanguage\":\"ro-RO\"},{\"@type\":\"Organization\",\"@id\":\"https:\\\/\\\/tehnoformat.md\\\/ro\\\/#organization\",\"name\":\"Tehnoformat\",\"url\":\"https:\\\/\\\/tehnoformat.md\\\/ro\\\/\",\"logo\":{\"@type\":\"ImageObject\",\"inLanguage\":\"ro-RO\",\"@id\":\"https:\\\/\\\/tehnoformat.md\\\/ro\\\/#\\\/schema\\\/logo\\\/image\\\/\",\"url\":\"https:\\\/\\\/tehnoformat.md\\\/wp-content\\\/uploads\\\/2024\\\/10\\\/icon1.png\",\"contentUrl\":\"https:\\\/\\\/tehnoformat.md\\\/wp-content\\\/uploads\\\/2024\\\/10\\\/icon1.png\",\"width\":512,\"height\":512,\"caption\":\"Tehnoformat\"},\"image\":{\"@id\":\"https:\\\/\\\/tehnoformat.md\\\/ro\\\/#\\\/schema\\\/logo\\\/image\\\/\"},\"sameAs\":[\"https:\\\/\\\/www.facebook.com\\\/formatterm\",\"https:\\\/\\\/www.instagram.com\\\/tehnoformat.md\\\/\"]}]}<\/script>\n<!-- \/ Yoast SEO plugin. -->","yoast_head_json":{"title":"Hisense AUV140\/AUW140 - Tehnoformat","robots":{"index":"index","follow":"follow","max-snippet":"max-snippet:-1","max-image-preview":"max-image-preview:large","max-video-preview":"max-video-preview:-1"},"canonical":"https:\/\/tehnoformat.md\/ro\/produs\/hisense-auv140-auw140\/","og_locale":"ro_RO","og_type":"article","og_title":"Hisense AUV140\/AUW140 - Tehnoformat","og_description":"Noua gam\u0103 de corpuri de mobilier Hisense de perete-tavan are un design modern \u0219i este fabricat\u0103 din plastic alb lucios de \u00eenalt\u0103 calitate. Aceste unit\u0103\u021bi pot fi instalate \u00een dou\u0103 pozi\u021bii: pe perete sau sub tavan.","og_url":"https:\/\/tehnoformat.md\/ro\/produs\/hisense-auv140-auw140\/","og_site_name":"Tehnoformat","article_publisher":"https:\/\/www.facebook.com\/formatterm","article_modified_time":"2025-07-15T09:20:45+00:00","og_image":[{"width":1000,"height":1000,"url":"https:\/\/tehnoformat.md\/wp-content\/uploads\/2024\/04\/avt140ur4rb8-1-1.jpg","type":"image\/jpeg"}],"twitter_card":"summary_large_image","twitter_misc":{"Timp estimat pentru citire":"3 minute"},"schema":{"@context":"https:\/\/schema.org","@graph":[{"@type":"WebPage","@id":"https:\/\/tehnoformat.md\/ro\/produs\/hisense-auv140-auw140\/","url":"https:\/\/tehnoformat.md\/ro\/produs\/hisense-auv140-auw140\/","name":"Hisense AUV140\/AUW140 - Tehnoformat","isPartOf":{"@id":"https:\/\/tehnoformat.md\/ro\/#website"},"primaryImageOfPage":{"@id":"https:\/\/tehnoformat.md\/ro\/produs\/hisense-auv140-auw140\/#primaryimage"},"image":{"@id":"https:\/\/tehnoformat.md\/ro\/produs\/hisense-auv140-auw140\/#primaryimage"},"thumbnailUrl":"https:\/\/tehnoformat.md\/wp-content\/uploads\/2024\/04\/avt140ur4rb8-1-1.jpg","datePublished":"2024-04-01T12:21:07+00:00","dateModified":"2025-07-15T09:20:45+00:00","breadcrumb":{"@id":"https:\/\/tehnoformat.md\/ro\/produs\/hisense-auv140-auw140\/#breadcrumb"},"inLanguage":"ro-RO","potentialAction":[{"@type":"ReadAction","target":["https:\/\/tehnoformat.md\/ro\/produs\/hisense-auv140-auw140\/"]}]},{"@type":"ImageObject","inLanguage":"ro-RO","@id":"https:\/\/tehnoformat.md\/ro\/produs\/hisense-auv140-auw140\/#primaryimage","url":"https:\/\/tehnoformat.md\/wp-content\/uploads\/2024\/04\/avt140ur4rb8-1-1.jpg","contentUrl":"https:\/\/tehnoformat.md\/wp-content\/uploads\/2024\/04\/avt140ur4rb8-1-1.jpg","width":1000,"height":1000},{"@type":"BreadcrumbList","@id":"https:\/\/tehnoformat.md\/ro\/produs\/hisense-auv140-auw140\/#breadcrumb","itemListElement":[{"@type":"ListItem","position":1,"name":"Pagina principal\u0103","item":"https:\/\/tehnoformat.md\/ro\/"},{"@type":"ListItem","position":2,"name":"Magazin","item":"https:\/\/tehnoformat.md\/ro\/shop\/"},{"@type":"ListItem","position":3,"name":"Hisense AUV140\/AUW140"}]},{"@type":"WebSite","@id":"https:\/\/tehnoformat.md\/ro\/#website","url":"https:\/\/tehnoformat.md\/ro\/","name":"Tehnoformat.md","description":"","publisher":{"@id":"https:\/\/tehnoformat.md\/ro\/#organization"},"potentialAction":[{"@type":"SearchAction","target":{"@type":"EntryPoint","urlTemplate":"https:\/\/tehnoformat.md\/ro\/?s={search_term_string}"},"query-input":{"@type":"PropertyValueSpecification","valueRequired":true,"valueName":"search_term_string"}}],"inLanguage":"ro-RO"},{"@type":"Organization","@id":"https:\/\/tehnoformat.md\/ro\/#organization","name":"Tehnoformat","url":"https:\/\/tehnoformat.md\/ro\/","logo":{"@type":"ImageObject","inLanguage":"ro-RO","@id":"https:\/\/tehnoformat.md\/ro\/#\/schema\/logo\/image\/","url":"https:\/\/tehnoformat.md\/wp-content\/uploads\/2024\/10\/icon1.png","contentUrl":"https:\/\/tehnoformat.md\/wp-content\/uploads\/2024\/10\/icon1.png","width":512,"height":512,"caption":"Tehnoformat"},"image":{"@id":"https:\/\/tehnoformat.md\/ro\/#\/schema\/logo\/image\/"},"sameAs":["https:\/\/www.facebook.com\/formatterm","https:\/\/www.instagram.com\/tehnoformat.md\/"]}]}},"_links":{"self":[{"href":"https:\/\/tehnoformat.md\/ro\/wp-json\/wp\/v2\/product\/24762","targetHints":{"allow":["GET"]}}],"collection":[{"href":"https:\/\/tehnoformat.md\/ro\/wp-json\/wp\/v2\/product"}],"about":[{"href":"https:\/\/tehnoformat.md\/ro\/wp-json\/wp\/v2\/types\/product"}],"replies":[{"embeddable":true,"href":"https:\/\/tehnoformat.md\/ro\/wp-json\/wp\/v2\/comments?post=24762"}],"version-history":[{"count":4,"href":"https:\/\/tehnoformat.md\/ro\/wp-json\/wp\/v2\/product\/24762\/revisions"}],"predecessor-version":[{"id":24766,"href":"https:\/\/tehnoformat.md\/ro\/wp-json\/wp\/v2\/product\/24762\/revisions\/24766"}],"wp:featuredmedia":[{"embeddable":true,"href":"https:\/\/tehnoformat.md\/ro\/wp-json\/wp\/v2\/media\/20364"}],"wp:attachment":[{"href":"https:\/\/tehnoformat.md\/ro\/wp-json\/wp\/v2\/media?parent=24762"}],"wp:term":[{"taxonomy":"product_brand","embeddable":true,"href":"https:\/\/tehnoformat.md\/ro\/wp-json\/wp\/v2\/product_brand?post=24762"},{"taxonomy":"product_cat","embeddable":true,"href":"https:\/\/tehnoformat.md\/ro\/wp-json\/wp\/v2\/product_cat?post=24762"},{"taxonomy":"product_tag","embeddable":true,"href":"https:\/\/tehnoformat.md\/ro\/wp-json\/wp\/v2\/product_tag?post=24762"}],"curies":[{"name":"wp","href":"https:\/\/api.w.org\/{rel}","templated":true}]}}