{"id":24750,"date":"2024-04-02T11:57:24","date_gmt":"2024-04-02T08:57:24","guid":{"rendered":"https:\/\/tehnoformat.md\/product\/hisense-adt52-auw52-slim\/"},"modified":"2025-07-15T10:48:19","modified_gmt":"2025-07-15T07:48:19","slug":"hisense-adt52-auw52-slim","status":"publish","type":"product","link":"https:\/\/tehnoformat.md\/ro\/produs\/hisense-adt52-auw52-slim\/","title":{"rendered":"Hisense ADT52\/AUW52 (SLIM)"},"content":{"rendered":"\t\t<div data-elementor-type=\"wp-post\" data-elementor-id=\"24750\" class=\"elementor elementor-24750 elementor-9478\">\n\t\t\t\t<div class=\"elementor-element elementor-element-433cac7 e-flex e-con-boxed e-con e-parent\" data-id=\"433cac7\" data-element_type=\"container\" data-e-type=\"container\">\n\t\t\t\t\t<div class=\"e-con-inner\">\n\t\t\t\t<div class=\"elementor-element elementor-element-b6bf335 elementor-widget elementor-widget-image\" data-id=\"b6bf335\" data-element_type=\"widget\" data-e-type=\"widget\" data-widget_type=\"image.default\">\n\t\t\t\t<div class=\"elementor-widget-container\">\n\t\t\t\t\t\t\t\t\t\t\t\t\t\t\t<img fetchpriority=\"high\" decoding=\"async\" width=\"789\" height=\"708\" src=\"https:\/\/tehnoformat.md\/wp-content\/uploads\/2024\/04\/duct42.jpg\" class=\"attachment-large size-large wp-image-20367\" alt=\"\" srcset=\"https:\/\/tehnoformat.md\/wp-content\/uploads\/2024\/04\/duct42.jpg 789w, https:\/\/tehnoformat.md\/wp-content\/uploads\/2024\/04\/duct42-300x269.jpg 300w, https:\/\/tehnoformat.md\/wp-content\/uploads\/2024\/04\/duct42-768x689.jpg 768w\" sizes=\"(max-width: 789px) 100vw, 789px\" \/>\t\t\t\t\t\t\t\t\t\t\t\t\t\t\t<\/div>\n\t\t\t\t<\/div>\n\t\t\t\t\t<\/div>\n\t\t\t\t<\/div>\n\t\t<div class=\"elementor-element elementor-element-6c01504 e-flex e-con-boxed e-con e-parent\" data-id=\"6c01504\" data-element_type=\"container\" data-e-type=\"container\">\n\t\t\t\t\t<div class=\"e-con-inner\">\n\t\t\t\t<div class=\"elementor-element elementor-element-1c24325 elementor-widget elementor-widget-image\" data-id=\"1c24325\" data-element_type=\"widget\" data-e-type=\"widget\" data-widget_type=\"image.default\">\n\t\t\t\t<div class=\"elementor-widget-container\">\n\t\t\t\t\t\t\t\t\t\t\t\t\t\t\t<img decoding=\"async\" width=\"1024\" height=\"675\" src=\"https:\/\/tehnoformat.md\/wp-content\/uploads\/2024\/04\/duct-1024x675.jpg\" class=\"attachment-large size-large wp-image-20366\" alt=\"\" srcset=\"https:\/\/tehnoformat.md\/wp-content\/uploads\/2024\/04\/duct-1024x675.jpg 1024w, https:\/\/tehnoformat.md\/wp-content\/uploads\/2024\/04\/duct-300x198.jpg 300w, https:\/\/tehnoformat.md\/wp-content\/uploads\/2024\/04\/duct-768x507.jpg 768w, https:\/\/tehnoformat.md\/wp-content\/uploads\/2024\/04\/duct-1000x660.jpg 1000w, https:\/\/tehnoformat.md\/wp-content\/uploads\/2024\/04\/duct.jpg 1093w\" sizes=\"(max-width: 1024px) 100vw, 1024px\" \/>\t\t\t\t\t\t\t\t\t\t\t\t\t\t\t<\/div>\n\t\t\t\t<\/div>\n\t\t\t\t\t<\/div>\n\t\t\t\t<\/div>\n\t\t<div class=\"elementor-element elementor-element-17ae4f5 e-con-full e-flex e-con e-parent\" data-id=\"17ae4f5\" data-element_type=\"container\" data-e-type=\"container\">\n\t\t\t\t<div class=\"elementor-element elementor-element-ff13969 elementor-widget elementor-widget-image\" data-id=\"ff13969\" data-element_type=\"widget\" data-e-type=\"widget\" data-widget_type=\"image.default\">\n\t\t\t\t<div class=\"elementor-widget-container\">\n\t\t\t\t\t\t\t\t\t\t\t\t\t\t\t<img decoding=\"async\" width=\"1019\" height=\"1024\" src=\"https:\/\/tehnoformat.md\/wp-content\/uploads\/2024\/04\/352345-1019x1024.jpg\" class=\"attachment-large size-large wp-image-20365\" alt=\"\" srcset=\"https:\/\/tehnoformat.md\/wp-content\/uploads\/2024\/04\/352345-1019x1024.jpg 1019w, https:\/\/tehnoformat.md\/wp-content\/uploads\/2024\/04\/352345-298x300.jpg 298w, https:\/\/tehnoformat.md\/wp-content\/uploads\/2024\/04\/352345-150x150.jpg 150w, https:\/\/tehnoformat.md\/wp-content\/uploads\/2024\/04\/352345-768x772.jpg 768w, https:\/\/tehnoformat.md\/wp-content\/uploads\/2024\/04\/352345-180x180.jpg 180w, https:\/\/tehnoformat.md\/wp-content\/uploads\/2024\/04\/352345-46x46.jpg 46w, https:\/\/tehnoformat.md\/wp-content\/uploads\/2024\/04\/352345-1000x1005.jpg 1000w, https:\/\/tehnoformat.md\/wp-content\/uploads\/2024\/04\/352345-100x100.jpg 100w, https:\/\/tehnoformat.md\/wp-content\/uploads\/2024\/04\/352345-54x54.jpg 54w, https:\/\/tehnoformat.md\/wp-content\/uploads\/2024\/04\/352345-80x80.jpg 80w, https:\/\/tehnoformat.md\/wp-content\/uploads\/2024\/04\/352345.jpg 1135w\" sizes=\"(max-width: 1019px) 100vw, 1019px\" \/>\t\t\t\t\t\t\t\t\t\t\t\t\t\t\t<\/div>\n\t\t\t\t<\/div>\n\t\t\t\t<\/div>\n\t\t\t\t<\/div>\n\t\t","protected":false},"excerpt":{"rendered":"<p>Aparatul de aer condi\u021bionat de tip Duct Hisense ADT52UX4RCL8 \/AUW52U4RJ8 func\u021bioneaz\u0103 cu freon R-32 ecologic \u0219i este conceput pentru a oferi o temperatur\u0103 confortabil\u0103 a aerului \u00een \u00eenc\u0103peri de p\u00e2n\u0103 la 50 m\u00b2. Este capabil at\u00e2t s\u0103 \u00eenc\u0103lzeasc\u0103, c\u00e2t \u0219i s\u0103 r\u0103ceasc\u0103 aerul \u0219i este fabricat \u00een China.<\/p>\n","protected":false},"featured_media":20368,"comment_status":"closed","ping_status":"open","template":"","meta":[],"product_brand":[],"product_cat":[783,788],"product_tag":[1029,899,1034,968],"class_list":{"0":"post-24750","1":"product","2":"type-product","3":"status-publish","4":"has-post-thumbnail","6":"product_cat-conditionere","7":"product_cat-tip-duct","8":"product_tag-aer-conditionat-ro-2","9":"product_tag-btu-ro","10":"product_tag-conditioner-ro","11":"product_tag-hisense-ro","12":"ts_product_brand-hisense-ro","14":"first","15":"instock","16":"sale","17":"shipping-taxable","18":"purchasable","19":"product-type-simple","20":"add-to-wishlist-after_add_to_cart"},"yoast_head":"<!-- This site is optimized with the Yoast SEO plugin v27.1.1 - https:\/\/yoast.com\/product\/yoast-seo-wordpress\/ -->\n<title>Hisense ADT52\/AUW52 (SLIM) - Tehnoformat<\/title>\n<meta name=\"robots\" content=\"index, follow, max-snippet:-1, max-image-preview:large, max-video-preview:-1\" \/>\n<link rel=\"canonical\" href=\"https:\/\/tehnoformat.md\/ro\/produs\/hisense-adt52-auw52-slim\/\" \/>\n<meta property=\"og:locale\" content=\"ro_RO\" \/>\n<meta property=\"og:type\" content=\"article\" \/>\n<meta property=\"og:title\" content=\"Hisense ADT52\/AUW52 (SLIM) - Tehnoformat\" \/>\n<meta property=\"og:description\" content=\"Aparatul de aer condi\u021bionat de tip Duct Hisense ADT52UX4RCL8 \/AUW52U4RJ8 func\u021bioneaz\u0103 cu freon R-32 ecologic \u0219i este conceput pentru a oferi o temperatur\u0103 confortabil\u0103 a aerului \u00een \u00eenc\u0103peri de p\u00e2n\u0103 la 50 m\u00b2. Este capabil at\u00e2t s\u0103 \u00eenc\u0103lzeasc\u0103, c\u00e2t \u0219i s\u0103 r\u0103ceasc\u0103 aerul \u0219i este fabricat \u00een China.\" \/>\n<meta property=\"og:url\" content=\"https:\/\/tehnoformat.md\/ro\/produs\/hisense-adt52-auw52-slim\/\" \/>\n<meta property=\"og:site_name\" content=\"Tehnoformat\" \/>\n<meta property=\"article:publisher\" content=\"https:\/\/www.facebook.com\/formatterm\" \/>\n<meta property=\"article:modified_time\" content=\"2025-07-15T07:48:19+00:00\" \/>\n<meta property=\"og:image\" content=\"https:\/\/tehnoformat.md\/wp-content\/uploads\/2024\/04\/hisense-duct.jpg\" \/>\n\t<meta property=\"og:image:width\" content=\"1000\" \/>\n\t<meta property=\"og:image:height\" content=\"1000\" \/>\n\t<meta property=\"og:image:type\" content=\"image\/jpeg\" \/>\n<meta name=\"twitter:card\" content=\"summary_large_image\" \/>\n<meta name=\"twitter:label1\" content=\"Timp estimat pentru citire\" \/>\n\t<meta name=\"twitter:data1\" content=\"1 minut\" \/>\n<script type=\"application\/ld+json\" class=\"yoast-schema-graph\">{\"@context\":\"https:\/\/schema.org\",\"@graph\":[{\"@type\":\"WebPage\",\"@id\":\"https:\/\/tehnoformat.md\/ro\/produs\/hisense-adt52-auw52-slim\/\",\"url\":\"https:\/\/tehnoformat.md\/ro\/produs\/hisense-adt52-auw52-slim\/\",\"name\":\"Hisense ADT52\/AUW52 (SLIM) - Tehnoformat\",\"isPartOf\":{\"@id\":\"https:\/\/tehnoformat.md\/ro\/#website\"},\"primaryImageOfPage\":{\"@id\":\"https:\/\/tehnoformat.md\/ro\/produs\/hisense-adt52-auw52-slim\/#primaryimage\"},\"image\":{\"@id\":\"https:\/\/tehnoformat.md\/ro\/produs\/hisense-adt52-auw52-slim\/#primaryimage\"},\"thumbnailUrl\":\"https:\/\/tehnoformat.md\/wp-content\/uploads\/2024\/04\/hisense-duct.jpg\",\"datePublished\":\"2024-04-02T08:57:24+00:00\",\"dateModified\":\"2025-07-15T07:48:19+00:00\",\"breadcrumb\":{\"@id\":\"https:\/\/tehnoformat.md\/ro\/produs\/hisense-adt52-auw52-slim\/#breadcrumb\"},\"inLanguage\":\"ro-RO\",\"potentialAction\":[{\"@type\":\"ReadAction\",\"target\":[\"https:\/\/tehnoformat.md\/ro\/produs\/hisense-adt52-auw52-slim\/\"]}]},{\"@type\":\"ImageObject\",\"inLanguage\":\"ro-RO\",\"@id\":\"https:\/\/tehnoformat.md\/ro\/produs\/hisense-adt52-auw52-slim\/#primaryimage\",\"url\":\"https:\/\/tehnoformat.md\/wp-content\/uploads\/2024\/04\/hisense-duct.jpg\",\"contentUrl\":\"https:\/\/tehnoformat.md\/wp-content\/uploads\/2024\/04\/hisense-duct.jpg\",\"width\":1000,\"height\":1000},{\"@type\":\"BreadcrumbList\",\"@id\":\"https:\/\/tehnoformat.md\/ro\/produs\/hisense-adt52-auw52-slim\/#breadcrumb\",\"itemListElement\":[{\"@type\":\"ListItem\",\"position\":1,\"name\":\"Pagina principal\u0103\",\"item\":\"https:\/\/tehnoformat.md\/ro\/\"},{\"@type\":\"ListItem\",\"position\":2,\"name\":\"Magazin\",\"item\":\"https:\/\/tehnoformat.md\/ro\/shop\/\"},{\"@type\":\"ListItem\",\"position\":3,\"name\":\"Hisense ADT52\/AUW52 (SLIM)\"}]},{\"@type\":\"WebSite\",\"@id\":\"https:\/\/tehnoformat.md\/ro\/#website\",\"url\":\"https:\/\/tehnoformat.md\/ro\/\",\"name\":\"Tehnoformat.md\",\"description\":\"\",\"publisher\":{\"@id\":\"https:\/\/tehnoformat.md\/ro\/#organization\"},\"potentialAction\":[{\"@type\":\"SearchAction\",\"target\":{\"@type\":\"EntryPoint\",\"urlTemplate\":\"https:\/\/tehnoformat.md\/ro\/?s={search_term_string}\"},\"query-input\":{\"@type\":\"PropertyValueSpecification\",\"valueRequired\":true,\"valueName\":\"search_term_string\"}}],\"inLanguage\":\"ro-RO\"},{\"@type\":\"Organization\",\"@id\":\"https:\/\/tehnoformat.md\/ro\/#organization\",\"name\":\"Tehnoformat\",\"url\":\"https:\/\/tehnoformat.md\/ro\/\",\"logo\":{\"@type\":\"ImageObject\",\"inLanguage\":\"ro-RO\",\"@id\":\"https:\/\/tehnoformat.md\/ro\/#\/schema\/logo\/image\/\",\"url\":\"https:\/\/tehnoformat.md\/wp-content\/uploads\/2024\/10\/icon1.png\",\"contentUrl\":\"https:\/\/tehnoformat.md\/wp-content\/uploads\/2024\/10\/icon1.png\",\"width\":512,\"height\":512,\"caption\":\"Tehnoformat\"},\"image\":{\"@id\":\"https:\/\/tehnoformat.md\/ro\/#\/schema\/logo\/image\/\"},\"sameAs\":[\"https:\/\/www.facebook.com\/formatterm\",\"https:\/\/www.instagram.com\/tehnoformat.md\/\"]}]}<\/script>\n<!-- \/ Yoast SEO plugin. -->","yoast_head_json":{"title":"Hisense ADT52\/AUW52 (SLIM) - Tehnoformat","robots":{"index":"index","follow":"follow","max-snippet":"max-snippet:-1","max-image-preview":"max-image-preview:large","max-video-preview":"max-video-preview:-1"},"canonical":"https:\/\/tehnoformat.md\/ro\/produs\/hisense-adt52-auw52-slim\/","og_locale":"ro_RO","og_type":"article","og_title":"Hisense ADT52\/AUW52 (SLIM) - Tehnoformat","og_description":"Aparatul de aer condi\u021bionat de tip Duct Hisense ADT52UX4RCL8 \/AUW52U4RJ8 func\u021bioneaz\u0103 cu freon R-32 ecologic \u0219i este conceput pentru a oferi o temperatur\u0103 confortabil\u0103 a aerului \u00een \u00eenc\u0103peri de p\u00e2n\u0103 la 50 m\u00b2. Este capabil at\u00e2t s\u0103 \u00eenc\u0103lzeasc\u0103, c\u00e2t \u0219i s\u0103 r\u0103ceasc\u0103 aerul \u0219i este fabricat \u00een China.","og_url":"https:\/\/tehnoformat.md\/ro\/produs\/hisense-adt52-auw52-slim\/","og_site_name":"Tehnoformat","article_publisher":"https:\/\/www.facebook.com\/formatterm","article_modified_time":"2025-07-15T07:48:19+00:00","og_image":[{"width":1000,"height":1000,"url":"https:\/\/tehnoformat.md\/wp-content\/uploads\/2024\/04\/hisense-duct.jpg","type":"image\/jpeg"}],"twitter_card":"summary_large_image","twitter_misc":{"Timp estimat pentru citire":"1 minut"},"schema":{"@context":"https:\/\/schema.org","@graph":[{"@type":"WebPage","@id":"https:\/\/tehnoformat.md\/ro\/produs\/hisense-adt52-auw52-slim\/","url":"https:\/\/tehnoformat.md\/ro\/produs\/hisense-adt52-auw52-slim\/","name":"Hisense ADT52\/AUW52 (SLIM) - Tehnoformat","isPartOf":{"@id":"https:\/\/tehnoformat.md\/ro\/#website"},"primaryImageOfPage":{"@id":"https:\/\/tehnoformat.md\/ro\/produs\/hisense-adt52-auw52-slim\/#primaryimage"},"image":{"@id":"https:\/\/tehnoformat.md\/ro\/produs\/hisense-adt52-auw52-slim\/#primaryimage"},"thumbnailUrl":"https:\/\/tehnoformat.md\/wp-content\/uploads\/2024\/04\/hisense-duct.jpg","datePublished":"2024-04-02T08:57:24+00:00","dateModified":"2025-07-15T07:48:19+00:00","breadcrumb":{"@id":"https:\/\/tehnoformat.md\/ro\/produs\/hisense-adt52-auw52-slim\/#breadcrumb"},"inLanguage":"ro-RO","potentialAction":[{"@type":"ReadAction","target":["https:\/\/tehnoformat.md\/ro\/produs\/hisense-adt52-auw52-slim\/"]}]},{"@type":"ImageObject","inLanguage":"ro-RO","@id":"https:\/\/tehnoformat.md\/ro\/produs\/hisense-adt52-auw52-slim\/#primaryimage","url":"https:\/\/tehnoformat.md\/wp-content\/uploads\/2024\/04\/hisense-duct.jpg","contentUrl":"https:\/\/tehnoformat.md\/wp-content\/uploads\/2024\/04\/hisense-duct.jpg","width":1000,"height":1000},{"@type":"BreadcrumbList","@id":"https:\/\/tehnoformat.md\/ro\/produs\/hisense-adt52-auw52-slim\/#breadcrumb","itemListElement":[{"@type":"ListItem","position":1,"name":"Pagina principal\u0103","item":"https:\/\/tehnoformat.md\/ro\/"},{"@type":"ListItem","position":2,"name":"Magazin","item":"https:\/\/tehnoformat.md\/ro\/shop\/"},{"@type":"ListItem","position":3,"name":"Hisense ADT52\/AUW52 (SLIM)"}]},{"@type":"WebSite","@id":"https:\/\/tehnoformat.md\/ro\/#website","url":"https:\/\/tehnoformat.md\/ro\/","name":"Tehnoformat.md","description":"","publisher":{"@id":"https:\/\/tehnoformat.md\/ro\/#organization"},"potentialAction":[{"@type":"SearchAction","target":{"@type":"EntryPoint","urlTemplate":"https:\/\/tehnoformat.md\/ro\/?s={search_term_string}"},"query-input":{"@type":"PropertyValueSpecification","valueRequired":true,"valueName":"search_term_string"}}],"inLanguage":"ro-RO"},{"@type":"Organization","@id":"https:\/\/tehnoformat.md\/ro\/#organization","name":"Tehnoformat","url":"https:\/\/tehnoformat.md\/ro\/","logo":{"@type":"ImageObject","inLanguage":"ro-RO","@id":"https:\/\/tehnoformat.md\/ro\/#\/schema\/logo\/image\/","url":"https:\/\/tehnoformat.md\/wp-content\/uploads\/2024\/10\/icon1.png","contentUrl":"https:\/\/tehnoformat.md\/wp-content\/uploads\/2024\/10\/icon1.png","width":512,"height":512,"caption":"Tehnoformat"},"image":{"@id":"https:\/\/tehnoformat.md\/ro\/#\/schema\/logo\/image\/"},"sameAs":["https:\/\/www.facebook.com\/formatterm","https:\/\/www.instagram.com\/tehnoformat.md\/"]}]}},"_links":{"self":[{"href":"https:\/\/tehnoformat.md\/ro\/wp-json\/wp\/v2\/product\/24750","targetHints":{"allow":["GET"]}}],"collection":[{"href":"https:\/\/tehnoformat.md\/ro\/wp-json\/wp\/v2\/product"}],"about":[{"href":"https:\/\/tehnoformat.md\/ro\/wp-json\/wp\/v2\/types\/product"}],"replies":[{"embeddable":true,"href":"https:\/\/tehnoformat.md\/ro\/wp-json\/wp\/v2\/comments?post=24750"}],"version-history":[{"count":4,"href":"https:\/\/tehnoformat.md\/ro\/wp-json\/wp\/v2\/product\/24750\/revisions"}],"predecessor-version":[{"id":24755,"href":"https:\/\/tehnoformat.md\/ro\/wp-json\/wp\/v2\/product\/24750\/revisions\/24755"}],"wp:featuredmedia":[{"embeddable":true,"href":"https:\/\/tehnoformat.md\/ro\/wp-json\/wp\/v2\/media\/20368"}],"wp:attachment":[{"href":"https:\/\/tehnoformat.md\/ro\/wp-json\/wp\/v2\/media?parent=24750"}],"wp:term":[{"taxonomy":"product_brand","embeddable":true,"href":"https:\/\/tehnoformat.md\/ro\/wp-json\/wp\/v2\/product_brand?post=24750"},{"taxonomy":"product_cat","embeddable":true,"href":"https:\/\/tehnoformat.md\/ro\/wp-json\/wp\/v2\/product_cat?post=24750"},{"taxonomy":"product_tag","embeddable":true,"href":"https:\/\/tehnoformat.md\/ro\/wp-json\/wp\/v2\/product_tag?post=24750"}],"curies":[{"name":"wp","href":"https:\/\/api.w.org\/{rel}","templated":true}]}}