{"id":24747,"date":"2024-04-02T15:56:06","date_gmt":"2024-04-02T12:56:06","guid":{"rendered":"https:\/\/tehnoformat.md\/product\/hisense-aud71-auw71\/"},"modified":"2025-07-15T10:33:28","modified_gmt":"2025-07-15T07:33:28","slug":"hisense-aud71-auw71","status":"publish","type":"product","link":"https:\/\/tehnoformat.md\/ro\/produs\/hisense-aud71-auw71\/","title":{"rendered":"Hisense AUD71\/AUW71"},"content":{"rendered":"\t\t<div data-elementor-type=\"wp-post\" data-elementor-id=\"24747\" class=\"elementor elementor-24747 elementor-9537\">\n\t\t\t\t<div class=\"elementor-element elementor-element-773e219 e-flex e-con-boxed e-con e-parent\" data-id=\"773e219\" data-element_type=\"container\" data-e-type=\"container\">\n\t\t\t\t\t<div class=\"e-con-inner\">\n\t\t<div class=\"elementor-element elementor-element-00f4a99 e-con-full e-flex e-con e-child\" data-id=\"00f4a99\" data-element_type=\"container\" data-e-type=\"container\">\n\t\t\t\t<div class=\"elementor-element elementor-element-2f2f56d elementor-widget elementor-widget-text-editor\" data-id=\"2f2f56d\" data-element_type=\"widget\" data-e-type=\"widget\" data-widget_type=\"text-editor.default\">\n\t\t\t\t<div class=\"elementor-widget-container\">\n\t\t\t\t\t\t\t\t\t<h3>Descrierea unit\u0103\u021bii interioare<\/h3><p>Unitatea de conduct\u0103 este fabricat\u0103 din o\u021bel galvanizat \u0219i are un design standard de 245 mm \u00een\u0103l\u021bime. Este proiectat\u0103 at\u00e2t pentru instalare ascuns\u0103 \u00een sistemul de ventila\u021bie, c\u00e2t \u0219i \u00een sisteme amplasate separat. Tava de drenaj \u00eencorporat\u0103 din polistiren turnat nu este supus\u0103 coroziunii. Posibilitatea de a furniza aer proasp\u0103t \u00een \u00eenc\u0103pere. \u00cen plus, unitatea de conduct\u0103 se distinge prin capacitatea de a cre\u0219te presiunea static\u0103. Admisia de aer este prev\u0103zut\u0103 pe lateral \u0219i \u00een partea de jos, ceea ce simplific\u0103 instalarea. O telecomand\u0103 cu fir este furnizat\u0103 \u00een kit, o telecomand\u0103 IR este o op\u021biune.      <br><br><strong>Specifica\u021bii tehnice:<\/strong><br><br>Capacitate nominal\u0103 de r\u0103cire: 7000 wa\u021bi (min. 2000 wa\u021bi\/max. 9000 wa\u021bi)<br>Capacitate nominal\u0103 de \u00eenc\u0103lzire: 8000 wa\u021bi (min. 2000 wa\u021bi\/max. 10200 wa\u021bi)<br>Consum nominal de energie: 1950 wa\u021bi.<br>SEER\/SCOP sezonier: 7,2\/4,6 (A++\/A++)<br>Zgomot unitate interioar\u0103: 34\/37\/40 db(A)<br>Volum de aer pompat: 1000\/1150\/1360 m3\/h<br>Dimensiuni unitate interioar\u0103: 1100x245x700 (mm)<br>Greutate unitate interioar\u0103: 33 kg<br>Diametru conduct\u0103 lichid: 3\/8&#8242; (9,52 mm)<br>Diametru conduct\u0103 gaz: 5\/8&#8242; (15,88 mm)<br>Lungime maxim\u0103 traseu: 50 metri.<br>Pentru suprafe\u021be de p\u00e2n\u0103 la 80 m\u00b2.<\/p>\t\t\t\t\t\t\t\t<\/div>\n\t\t\t\t<\/div>\n\t\t\t\t<\/div>\n\t\t<div class=\"elementor-element elementor-element-3b5512b e-con-full e-flex e-con e-child\" data-id=\"3b5512b\" data-element_type=\"container\" data-e-type=\"container\">\n\t\t\t\t<div class=\"elementor-element elementor-element-9826c0f elementor-widget elementor-widget-text-editor\" data-id=\"9826c0f\" data-element_type=\"widget\" data-e-type=\"widget\" data-widget_type=\"text-editor.default\">\n\t\t\t\t<div class=\"elementor-widget-container\">\n\t\t\t\t\t\t\t\t\t<h3>Descrierea unit\u0103\u021bii exterioare<\/h3><p>Unit\u0103\u021bile exterioare pentru sistemele comerciale LC Heat+ sunt proiectate pentru a conecta o singur\u0103 unitate interioar\u0103. Unitatea este echipat\u0103 cu un sistem electronic de alimentare cu agent frigorific, care \u00eei permite s\u0103 fie utilizat\u0103 ca pomp\u0103 de c\u0103ldur\u0103, cu cea mai mare eficien\u021b\u0103 la temperaturi exterioare critice. Un design special, echipat cu un element de \u00eenc\u0103lzire suplimentar, garanteaz\u0103 func\u021bionarea p\u00e2n\u0103 la o temperatur\u0103 a aerului exterior de -25\u00b0C. \u00cen plus, acestea dispun de:   <br><br>Compresoare japoneze cu invertor cu dou\u0103 rotoare Toshiba Full DC, cu izola\u021bie fonic\u0103 dubl\u0103.<br>\u00cenc\u0103lzitor electric metalic, construit din fabric\u0103, cu un algoritm de comutare care permite utilizarea la temperaturi de p\u00e2n\u0103 la -25\u00b0C.<br>Eficien\u021b\u0103 energetic\u0103 ridicat\u0103.<br>Sistem electronic de alimentare cu agent frigorific.<br>Pornire lin\u0103 a compresorului.<br>Schimb de c\u0103ldur\u0103 crescut datorit\u0103 crest\u0103turilor interne din tuburile schimb\u0103torului de c\u0103ldur\u0103<br><br> <br><br><strong>Specifica\u021bii tehnice:<\/strong><br><br>Capacitate nominal\u0103 de r\u0103cire: 7000 wa\u021bi (min. 2000 wa\u021bi &#8211; max. 9000 wa\u021bi)<br>Capacitate nominal\u0103 de \u00eenc\u0103lzire: 8000 wa\u021bi (min. 2000 wa\u021bi &#8211; 10200 wa\u021bi)<br>Clasa de eficien\u021b\u0103 energetic\u0103 SEER\/SCOP: 7.1\/4.6 (A++\/A++)<br>Nivel minim de zgomot al unit\u0103\u021bii exterioare: 68 db(A)<br>Dimensiuni unitate exterioar\u0103: 900x750x340 (mm)<br>Greutate unitate exterioar\u0103: 53 kg<br>Diametru conduct\u0103 lichid: 3\/8&#8242; (9,52 mm)<br>Diametru conduct\u0103 gaz: 5\/8&#8242; (15,88 mm)<br>Lungime maxim\u0103 traseu: 50 metri.<\/p>\t\t\t\t\t\t\t\t<\/div>\n\t\t\t\t<\/div>\n\t\t\t\t<\/div>\n\t\t\t\t\t<\/div>\n\t\t\t\t<\/div>\n\t\t\t\t<\/div>\n\t\t","protected":false},"excerpt":{"rendered":"<p>Blocul de conducte este fabricat din o\u021bel galvanizat \u0219i are o \u00een\u0103l\u021bime standard de 245 mm. Este destinat at\u00e2t instal\u0103rii ascunse \u00een sistemul de ventila\u021bie, c\u00e2t \u0219i \u00een sisteme amplasate separat.<\/p>\n","protected":false},"featured_media":20374,"comment_status":"closed","ping_status":"open","template":"","meta":[],"product_brand":[],"product_cat":[783,788],"product_tag":[1029,899,1034,968],"class_list":{"0":"post-24747","1":"product","2":"type-product","3":"status-publish","4":"has-post-thumbnail","6":"product_cat-conditionere","7":"product_cat-tip-duct","8":"product_tag-aer-conditionat-ro-2","9":"product_tag-btu-ro","10":"product_tag-conditioner-ro","11":"product_tag-hisense-ro","12":"ts_product_brand-hisense-ro","14":"first","15":"instock","16":"sale","17":"shipping-taxable","18":"purchasable","19":"product-type-simple","20":"add-to-wishlist-after_add_to_cart"},"yoast_head":"<!-- This site is optimized with the Yoast SEO plugin v27.3 - https:\/\/yoast.com\/product\/yoast-seo-wordpress\/ -->\n<title>Hisense AUD71\/AUW71 - Tehnoformat<\/title>\n<meta name=\"robots\" content=\"index, follow, max-snippet:-1, max-image-preview:large, max-video-preview:-1\" \/>\n<link rel=\"canonical\" href=\"https:\/\/tehnoformat.md\/ro\/produs\/hisense-aud71-auw71\/\" \/>\n<meta property=\"og:locale\" content=\"ro_RO\" \/>\n<meta property=\"og:type\" content=\"article\" \/>\n<meta property=\"og:title\" content=\"Hisense AUD71\/AUW71 - Tehnoformat\" \/>\n<meta property=\"og:description\" content=\"Blocul de conducte este fabricat din o\u021bel galvanizat \u0219i are o \u00een\u0103l\u021bime standard de 245 mm. Este destinat at\u00e2t instal\u0103rii ascunse \u00een sistemul de ventila\u021bie, c\u00e2t \u0219i \u00een sisteme amplasate separat.\" \/>\n<meta property=\"og:url\" content=\"https:\/\/tehnoformat.md\/ro\/produs\/hisense-aud71-auw71\/\" \/>\n<meta property=\"og:site_name\" content=\"Tehnoformat\" \/>\n<meta property=\"article:publisher\" content=\"https:\/\/www.facebook.com\/formatterm\" \/>\n<meta property=\"article:modified_time\" content=\"2025-07-15T07:33:28+00:00\" \/>\n<meta property=\"og:image\" content=\"https:\/\/tehnoformat.md\/wp-content\/uploads\/2024\/04\/hisense-duct8.jpg\" \/>\n\t<meta property=\"og:image:width\" content=\"1000\" \/>\n\t<meta property=\"og:image:height\" content=\"1000\" \/>\n\t<meta property=\"og:image:type\" content=\"image\/jpeg\" \/>\n<meta name=\"twitter:card\" content=\"summary_large_image\" \/>\n<meta name=\"twitter:label1\" content=\"Timp estimat pentru citire\" \/>\n\t<meta name=\"twitter:data1\" content=\"3 minute\" \/>\n<script type=\"application\/ld+json\" class=\"yoast-schema-graph\">{\"@context\":\"https:\\\/\\\/schema.org\",\"@graph\":[{\"@type\":\"WebPage\",\"@id\":\"https:\\\/\\\/tehnoformat.md\\\/ro\\\/produs\\\/hisense-aud71-auw71\\\/\",\"url\":\"https:\\\/\\\/tehnoformat.md\\\/ro\\\/produs\\\/hisense-aud71-auw71\\\/\",\"name\":\"Hisense AUD71\\\/AUW71 - Tehnoformat\",\"isPartOf\":{\"@id\":\"https:\\\/\\\/tehnoformat.md\\\/ro\\\/#website\"},\"primaryImageOfPage\":{\"@id\":\"https:\\\/\\\/tehnoformat.md\\\/ro\\\/produs\\\/hisense-aud71-auw71\\\/#primaryimage\"},\"image\":{\"@id\":\"https:\\\/\\\/tehnoformat.md\\\/ro\\\/produs\\\/hisense-aud71-auw71\\\/#primaryimage\"},\"thumbnailUrl\":\"https:\\\/\\\/tehnoformat.md\\\/wp-content\\\/uploads\\\/2024\\\/04\\\/hisense-duct8.jpg\",\"datePublished\":\"2024-04-02T12:56:06+00:00\",\"dateModified\":\"2025-07-15T07:33:28+00:00\",\"breadcrumb\":{\"@id\":\"https:\\\/\\\/tehnoformat.md\\\/ro\\\/produs\\\/hisense-aud71-auw71\\\/#breadcrumb\"},\"inLanguage\":\"ro-RO\",\"potentialAction\":[{\"@type\":\"ReadAction\",\"target\":[\"https:\\\/\\\/tehnoformat.md\\\/ro\\\/produs\\\/hisense-aud71-auw71\\\/\"]}]},{\"@type\":\"ImageObject\",\"inLanguage\":\"ro-RO\",\"@id\":\"https:\\\/\\\/tehnoformat.md\\\/ro\\\/produs\\\/hisense-aud71-auw71\\\/#primaryimage\",\"url\":\"https:\\\/\\\/tehnoformat.md\\\/wp-content\\\/uploads\\\/2024\\\/04\\\/hisense-duct8.jpg\",\"contentUrl\":\"https:\\\/\\\/tehnoformat.md\\\/wp-content\\\/uploads\\\/2024\\\/04\\\/hisense-duct8.jpg\",\"width\":1000,\"height\":1000},{\"@type\":\"BreadcrumbList\",\"@id\":\"https:\\\/\\\/tehnoformat.md\\\/ro\\\/produs\\\/hisense-aud71-auw71\\\/#breadcrumb\",\"itemListElement\":[{\"@type\":\"ListItem\",\"position\":1,\"name\":\"Pagina principal\u0103\",\"item\":\"https:\\\/\\\/tehnoformat.md\\\/ro\\\/\"},{\"@type\":\"ListItem\",\"position\":2,\"name\":\"Magazin\",\"item\":\"https:\\\/\\\/tehnoformat.md\\\/ro\\\/shop\\\/\"},{\"@type\":\"ListItem\",\"position\":3,\"name\":\"Hisense AUD71\\\/AUW71\"}]},{\"@type\":\"WebSite\",\"@id\":\"https:\\\/\\\/tehnoformat.md\\\/ro\\\/#website\",\"url\":\"https:\\\/\\\/tehnoformat.md\\\/ro\\\/\",\"name\":\"Tehnoformat.md\",\"description\":\"\",\"publisher\":{\"@id\":\"https:\\\/\\\/tehnoformat.md\\\/ro\\\/#organization\"},\"potentialAction\":[{\"@type\":\"SearchAction\",\"target\":{\"@type\":\"EntryPoint\",\"urlTemplate\":\"https:\\\/\\\/tehnoformat.md\\\/ro\\\/?s={search_term_string}\"},\"query-input\":{\"@type\":\"PropertyValueSpecification\",\"valueRequired\":true,\"valueName\":\"search_term_string\"}}],\"inLanguage\":\"ro-RO\"},{\"@type\":\"Organization\",\"@id\":\"https:\\\/\\\/tehnoformat.md\\\/ro\\\/#organization\",\"name\":\"Tehnoformat\",\"url\":\"https:\\\/\\\/tehnoformat.md\\\/ro\\\/\",\"logo\":{\"@type\":\"ImageObject\",\"inLanguage\":\"ro-RO\",\"@id\":\"https:\\\/\\\/tehnoformat.md\\\/ro\\\/#\\\/schema\\\/logo\\\/image\\\/\",\"url\":\"https:\\\/\\\/tehnoformat.md\\\/wp-content\\\/uploads\\\/2024\\\/10\\\/icon1.png\",\"contentUrl\":\"https:\\\/\\\/tehnoformat.md\\\/wp-content\\\/uploads\\\/2024\\\/10\\\/icon1.png\",\"width\":512,\"height\":512,\"caption\":\"Tehnoformat\"},\"image\":{\"@id\":\"https:\\\/\\\/tehnoformat.md\\\/ro\\\/#\\\/schema\\\/logo\\\/image\\\/\"},\"sameAs\":[\"https:\\\/\\\/www.facebook.com\\\/formatterm\",\"https:\\\/\\\/www.instagram.com\\\/tehnoformat.md\\\/\"]}]}<\/script>\n<!-- \/ Yoast SEO plugin. -->","yoast_head_json":{"title":"Hisense AUD71\/AUW71 - Tehnoformat","robots":{"index":"index","follow":"follow","max-snippet":"max-snippet:-1","max-image-preview":"max-image-preview:large","max-video-preview":"max-video-preview:-1"},"canonical":"https:\/\/tehnoformat.md\/ro\/produs\/hisense-aud71-auw71\/","og_locale":"ro_RO","og_type":"article","og_title":"Hisense AUD71\/AUW71 - Tehnoformat","og_description":"Blocul de conducte este fabricat din o\u021bel galvanizat \u0219i are o \u00een\u0103l\u021bime standard de 245 mm. Este destinat at\u00e2t instal\u0103rii ascunse \u00een sistemul de ventila\u021bie, c\u00e2t \u0219i \u00een sisteme amplasate separat.","og_url":"https:\/\/tehnoformat.md\/ro\/produs\/hisense-aud71-auw71\/","og_site_name":"Tehnoformat","article_publisher":"https:\/\/www.facebook.com\/formatterm","article_modified_time":"2025-07-15T07:33:28+00:00","og_image":[{"width":1000,"height":1000,"url":"https:\/\/tehnoformat.md\/wp-content\/uploads\/2024\/04\/hisense-duct8.jpg","type":"image\/jpeg"}],"twitter_card":"summary_large_image","twitter_misc":{"Timp estimat pentru citire":"3 minute"},"schema":{"@context":"https:\/\/schema.org","@graph":[{"@type":"WebPage","@id":"https:\/\/tehnoformat.md\/ro\/produs\/hisense-aud71-auw71\/","url":"https:\/\/tehnoformat.md\/ro\/produs\/hisense-aud71-auw71\/","name":"Hisense AUD71\/AUW71 - Tehnoformat","isPartOf":{"@id":"https:\/\/tehnoformat.md\/ro\/#website"},"primaryImageOfPage":{"@id":"https:\/\/tehnoformat.md\/ro\/produs\/hisense-aud71-auw71\/#primaryimage"},"image":{"@id":"https:\/\/tehnoformat.md\/ro\/produs\/hisense-aud71-auw71\/#primaryimage"},"thumbnailUrl":"https:\/\/tehnoformat.md\/wp-content\/uploads\/2024\/04\/hisense-duct8.jpg","datePublished":"2024-04-02T12:56:06+00:00","dateModified":"2025-07-15T07:33:28+00:00","breadcrumb":{"@id":"https:\/\/tehnoformat.md\/ro\/produs\/hisense-aud71-auw71\/#breadcrumb"},"inLanguage":"ro-RO","potentialAction":[{"@type":"ReadAction","target":["https:\/\/tehnoformat.md\/ro\/produs\/hisense-aud71-auw71\/"]}]},{"@type":"ImageObject","inLanguage":"ro-RO","@id":"https:\/\/tehnoformat.md\/ro\/produs\/hisense-aud71-auw71\/#primaryimage","url":"https:\/\/tehnoformat.md\/wp-content\/uploads\/2024\/04\/hisense-duct8.jpg","contentUrl":"https:\/\/tehnoformat.md\/wp-content\/uploads\/2024\/04\/hisense-duct8.jpg","width":1000,"height":1000},{"@type":"BreadcrumbList","@id":"https:\/\/tehnoformat.md\/ro\/produs\/hisense-aud71-auw71\/#breadcrumb","itemListElement":[{"@type":"ListItem","position":1,"name":"Pagina principal\u0103","item":"https:\/\/tehnoformat.md\/ro\/"},{"@type":"ListItem","position":2,"name":"Magazin","item":"https:\/\/tehnoformat.md\/ro\/shop\/"},{"@type":"ListItem","position":3,"name":"Hisense AUD71\/AUW71"}]},{"@type":"WebSite","@id":"https:\/\/tehnoformat.md\/ro\/#website","url":"https:\/\/tehnoformat.md\/ro\/","name":"Tehnoformat.md","description":"","publisher":{"@id":"https:\/\/tehnoformat.md\/ro\/#organization"},"potentialAction":[{"@type":"SearchAction","target":{"@type":"EntryPoint","urlTemplate":"https:\/\/tehnoformat.md\/ro\/?s={search_term_string}"},"query-input":{"@type":"PropertyValueSpecification","valueRequired":true,"valueName":"search_term_string"}}],"inLanguage":"ro-RO"},{"@type":"Organization","@id":"https:\/\/tehnoformat.md\/ro\/#organization","name":"Tehnoformat","url":"https:\/\/tehnoformat.md\/ro\/","logo":{"@type":"ImageObject","inLanguage":"ro-RO","@id":"https:\/\/tehnoformat.md\/ro\/#\/schema\/logo\/image\/","url":"https:\/\/tehnoformat.md\/wp-content\/uploads\/2024\/10\/icon1.png","contentUrl":"https:\/\/tehnoformat.md\/wp-content\/uploads\/2024\/10\/icon1.png","width":512,"height":512,"caption":"Tehnoformat"},"image":{"@id":"https:\/\/tehnoformat.md\/ro\/#\/schema\/logo\/image\/"},"sameAs":["https:\/\/www.facebook.com\/formatterm","https:\/\/www.instagram.com\/tehnoformat.md\/"]}]}},"_links":{"self":[{"href":"https:\/\/tehnoformat.md\/ro\/wp-json\/wp\/v2\/product\/24747","targetHints":{"allow":["GET"]}}],"collection":[{"href":"https:\/\/tehnoformat.md\/ro\/wp-json\/wp\/v2\/product"}],"about":[{"href":"https:\/\/tehnoformat.md\/ro\/wp-json\/wp\/v2\/types\/product"}],"replies":[{"embeddable":true,"href":"https:\/\/tehnoformat.md\/ro\/wp-json\/wp\/v2\/comments?post=24747"}],"version-history":[{"count":2,"href":"https:\/\/tehnoformat.md\/ro\/wp-json\/wp\/v2\/product\/24747\/revisions"}],"predecessor-version":[{"id":24749,"href":"https:\/\/tehnoformat.md\/ro\/wp-json\/wp\/v2\/product\/24747\/revisions\/24749"}],"wp:featuredmedia":[{"embeddable":true,"href":"https:\/\/tehnoformat.md\/ro\/wp-json\/wp\/v2\/media\/20374"}],"wp:attachment":[{"href":"https:\/\/tehnoformat.md\/ro\/wp-json\/wp\/v2\/media?parent=24747"}],"wp:term":[{"taxonomy":"product_brand","embeddable":true,"href":"https:\/\/tehnoformat.md\/ro\/wp-json\/wp\/v2\/product_brand?post=24747"},{"taxonomy":"product_cat","embeddable":true,"href":"https:\/\/tehnoformat.md\/ro\/wp-json\/wp\/v2\/product_cat?post=24747"},{"taxonomy":"product_tag","embeddable":true,"href":"https:\/\/tehnoformat.md\/ro\/wp-json\/wp\/v2\/product_tag?post=24747"}],"curies":[{"name":"wp","href":"https:\/\/api.w.org\/{rel}","templated":true}]}}