{"id":24725,"date":"2024-04-11T11:31:57","date_gmt":"2024-04-11T08:31:57","guid":{"rendered":"https:\/\/tehnoformat.md\/product\/gree-aovia-gph12aok5nna1a\/"},"modified":"2025-07-12T10:41:05","modified_gmt":"2025-07-12T07:41:05","slug":"gree-aovia-gph12aok5nna1a","status":"publish","type":"product","link":"https:\/\/tehnoformat.md\/ro\/produs\/gree-aovia-gph12aok5nna1a\/","title":{"rendered":"Gree Aovia GPH12AOK5NNA1A"},"content":{"rendered":"\t\t<div data-elementor-type=\"wp-post\" data-elementor-id=\"24725\" class=\"elementor elementor-24725 elementor-10890\">\n\t\t\t\t<div class=\"elementor-element elementor-element-0a2ed12 e-flex e-con-boxed e-con e-parent\" data-id=\"0a2ed12\" data-element_type=\"container\" data-e-type=\"container\">\n\t\t\t\t\t<div class=\"e-con-inner\">\n\t\t<div class=\"elementor-element elementor-element-13fd7d4 e-con-full e-flex e-con e-child\" data-id=\"13fd7d4\" data-element_type=\"container\" data-e-type=\"container\">\n\t\t\t\t<div class=\"elementor-element elementor-element-47d716c elementor-widget elementor-widget-text-editor\" data-id=\"47d716c\" data-element_type=\"widget\" data-e-type=\"widget\" data-widget_type=\"text-editor.default\">\n\t\t\t\t<div class=\"elementor-widget-container\">\n\t\t\t\t\t\t\t\t\t<p>Aparatul de aer condi\u021bionat portabil Gree AOVIA GPH12AOK5NNA1A este un dispozitiv extrem de eficient pentru reglarea climatului \u00een \u00eenc\u0103pere. Acesta combin\u0103 puterea, portabilitatea \u0219i u\u0219urin\u021ba \u00een control, oferind o atmosfer\u0103 confortabil\u0103 \u00een orice perioad\u0103 a anului. <\/p><p>Principalele caracteristici:<\/p><ul><li>Capacitatea de r\u0103cire de p\u00e2n\u0103 la 12.000 BTU asigur\u0103 o r\u0103cire eficient\u0103 pentru spa\u021bii medii \u0219i mari.<\/li><li>Eficien\u021ba energetic\u0103 ridicat\u0103 v\u0103 permite s\u0103 economisi\u021bi energie \u0219i resurse.<\/li><li>Designul portabil cu ro\u021bi \u00eencorporate faciliteaz\u0103 mutarea aparatului de aer condi\u021bionat dintr-o camer\u0103 \u00een alta.<\/li><li>Capacitatea de a \u00eenc\u0103lzi camera o face o solu\u021bie universal\u0103 pentru orice anotimp.<\/li><li>Func\u021biile inteligente de control \u0219i programare v\u0103 permit s\u0103 personaliza\u021bi func\u021bionarea dispozitivului \u00een func\u021bie de nevoile dumneavoastr\u0103.<\/li><li>Func\u021bionarea silen\u021bioas\u0103 nu deranjeaz\u0103 ocupan\u021bii camerei.<\/li><li>Sistemul de filtrare a aerului \u00eembun\u0103t\u0103\u021be\u0219te calitatea aerului din interior.<\/li><\/ul><p>Echipament:<\/p><ul><li>Aparat de aer condi\u021bionat portabil Gree AOVIA GPH12AOK5NNA1A.<\/li><li>Picioare\/ro\u021bi pentru deplasare.<\/li><li>Telecomand\u0103.<\/li><li>Manual de utilizare.<\/li><li>Card de garan\u021bie.<\/li><\/ul><p>Gree AOVIA GPH12AOK5NNA1A nu este doar un aparat de aer condi\u021bionat, ci o solu\u021bie fiabil\u0103 pentru a oferi un climat confortabil \u00een orice camer\u0103.<\/p>\t\t\t\t\t\t\t\t<\/div>\n\t\t\t\t<\/div>\n\t\t\t\t<\/div>\n\t\t<div class=\"elementor-element elementor-element-ddc04d8 e-con-full e-flex e-con e-child\" data-id=\"ddc04d8\" data-element_type=\"container\" data-e-type=\"container\">\n\t\t\t\t<div class=\"elementor-element elementor-element-015484a elementor-widget elementor-widget-image\" data-id=\"015484a\" data-element_type=\"widget\" data-e-type=\"widget\" data-widget_type=\"image.default\">\n\t\t\t\t<div class=\"elementor-widget-container\">\n\t\t\t\t\t\t\t\t\t\t\t\t\t\t\t<img fetchpriority=\"high\" decoding=\"async\" width=\"1000\" height=\"1000\" src=\"https:\/\/tehnoformat.md\/wp-content\/uploads\/2024\/04\/aovia1.jpg\" class=\"attachment-large size-large wp-image-20592\" alt=\"\" srcset=\"https:\/\/tehnoformat.md\/wp-content\/uploads\/2024\/04\/aovia1.jpg 1000w, https:\/\/tehnoformat.md\/wp-content\/uploads\/2024\/04\/aovia1-300x300.jpg 300w, https:\/\/tehnoformat.md\/wp-content\/uploads\/2024\/04\/aovia1-250x250.jpg 250w, https:\/\/tehnoformat.md\/wp-content\/uploads\/2024\/04\/aovia1-768x768.jpg 768w, https:\/\/tehnoformat.md\/wp-content\/uploads\/2024\/04\/aovia1-180x180.jpg 180w, https:\/\/tehnoformat.md\/wp-content\/uploads\/2024\/04\/aovia1-400x400.jpg 400w, https:\/\/tehnoformat.md\/wp-content\/uploads\/2024\/04\/aovia1-100x100.jpg 100w, https:\/\/tehnoformat.md\/wp-content\/uploads\/2024\/04\/aovia1-54x54.jpg 54w, https:\/\/tehnoformat.md\/wp-content\/uploads\/2024\/04\/aovia1-310x310.jpg 310w, https:\/\/tehnoformat.md\/wp-content\/uploads\/2024\/04\/aovia1-80x80.jpg 80w\" sizes=\"(max-width: 1000px) 100vw, 1000px\" \/>\t\t\t\t\t\t\t\t\t\t\t\t\t\t\t<\/div>\n\t\t\t\t<\/div>\n\t\t\t\t<\/div>\n\t\t\t\t\t<\/div>\n\t\t\t\t<\/div>\n\t\t<div class=\"elementor-element elementor-element-4024a50 e-flex e-con-boxed e-con e-parent\" data-id=\"4024a50\" data-element_type=\"container\" data-e-type=\"container\">\n\t\t\t\t\t<div class=\"e-con-inner\">\n\t\t<div class=\"elementor-element elementor-element-e22ae33 e-con-full e-flex e-con e-child\" data-id=\"e22ae33\" data-element_type=\"container\" data-e-type=\"container\">\n\t\t\t\t<div class=\"elementor-element elementor-element-f5f5454 elementor-widget elementor-widget-image\" data-id=\"f5f5454\" data-element_type=\"widget\" data-e-type=\"widget\" data-widget_type=\"image.default\">\n\t\t\t\t<div class=\"elementor-widget-container\">\n\t\t\t\t\t\t\t\t\t\t\t\t\t\t\t<img decoding=\"async\" width=\"1000\" height=\"1000\" src=\"https:\/\/tehnoformat.md\/wp-content\/uploads\/2024\/04\/aovia8.jpg\" class=\"attachment-large size-large wp-image-20599\" alt=\"\" srcset=\"https:\/\/tehnoformat.md\/wp-content\/uploads\/2024\/04\/aovia8.jpg 1000w, https:\/\/tehnoformat.md\/wp-content\/uploads\/2024\/04\/aovia8-300x300.jpg 300w, https:\/\/tehnoformat.md\/wp-content\/uploads\/2024\/04\/aovia8-250x250.jpg 250w, https:\/\/tehnoformat.md\/wp-content\/uploads\/2024\/04\/aovia8-768x768.jpg 768w, https:\/\/tehnoformat.md\/wp-content\/uploads\/2024\/04\/aovia8-180x180.jpg 180w, https:\/\/tehnoformat.md\/wp-content\/uploads\/2024\/04\/aovia8-400x400.jpg 400w, https:\/\/tehnoformat.md\/wp-content\/uploads\/2024\/04\/aovia8-100x100.jpg 100w, https:\/\/tehnoformat.md\/wp-content\/uploads\/2024\/04\/aovia8-54x54.jpg 54w, https:\/\/tehnoformat.md\/wp-content\/uploads\/2024\/04\/aovia8-310x310.jpg 310w, https:\/\/tehnoformat.md\/wp-content\/uploads\/2024\/04\/aovia8-80x80.jpg 80w\" sizes=\"(max-width: 1000px) 100vw, 1000px\" \/>\t\t\t\t\t\t\t\t\t\t\t\t\t\t\t<\/div>\n\t\t\t\t<\/div>\n\t\t\t\t<\/div>\n\t\t<div class=\"elementor-element elementor-element-661f378 e-con-full e-flex e-con e-child\" data-id=\"661f378\" data-element_type=\"container\" data-e-type=\"container\">\n\t\t\t\t<div class=\"elementor-element elementor-element-58f0f47 elementor-widget elementor-widget-image\" data-id=\"58f0f47\" data-element_type=\"widget\" data-e-type=\"widget\" data-widget_type=\"image.default\">\n\t\t\t\t<div class=\"elementor-widget-container\">\n\t\t\t\t\t\t\t\t\t\t\t\t\t\t\t<img decoding=\"async\" width=\"1000\" height=\"1000\" src=\"https:\/\/tehnoformat.md\/wp-content\/uploads\/2024\/04\/aovia7.jpg\" class=\"attachment-large size-large wp-image-20598\" alt=\"\" srcset=\"https:\/\/tehnoformat.md\/wp-content\/uploads\/2024\/04\/aovia7.jpg 1000w, https:\/\/tehnoformat.md\/wp-content\/uploads\/2024\/04\/aovia7-300x300.jpg 300w, https:\/\/tehnoformat.md\/wp-content\/uploads\/2024\/04\/aovia7-250x250.jpg 250w, https:\/\/tehnoformat.md\/wp-content\/uploads\/2024\/04\/aovia7-768x768.jpg 768w, https:\/\/tehnoformat.md\/wp-content\/uploads\/2024\/04\/aovia7-180x180.jpg 180w, https:\/\/tehnoformat.md\/wp-content\/uploads\/2024\/04\/aovia7-400x400.jpg 400w, https:\/\/tehnoformat.md\/wp-content\/uploads\/2024\/04\/aovia7-100x100.jpg 100w, https:\/\/tehnoformat.md\/wp-content\/uploads\/2024\/04\/aovia7-54x54.jpg 54w, https:\/\/tehnoformat.md\/wp-content\/uploads\/2024\/04\/aovia7-310x310.jpg 310w, https:\/\/tehnoformat.md\/wp-content\/uploads\/2024\/04\/aovia7-80x80.jpg 80w\" sizes=\"(max-width: 1000px) 100vw, 1000px\" \/>\t\t\t\t\t\t\t\t\t\t\t\t\t\t\t<\/div>\n\t\t\t\t<\/div>\n\t\t\t\t<\/div>\n\t\t\t\t\t<\/div>\n\t\t\t\t<\/div>\n\t\t\t\t<\/div>\n\t\t","protected":false},"excerpt":{"rendered":"<div class=\"description-min\">Gree Aovia (GPH12AO-K5NNA1A) Acest tip de aparat de aer condi\u021bionat mobil este unic \u0219i ofer\u0103 consumatorului posibilitatea de a evita instalarea \u0219i \u00eenchiderea pere\u021bilor \u0219i a aparatelor de aer condi\u021bionat \u00een camer\u0103. Mai jos sunt c\u00e2teva dintre avantaje:<\/div>\n","protected":false},"featured_media":20591,"comment_status":"closed","ping_status":"open","template":"","meta":[],"product_brand":[],"product_cat":[790,783],"product_tag":[890,1031,1034,1035],"class_list":{"0":"post-24725","1":"product","2":"type-product","3":"status-publish","4":"has-post-thumbnail","6":"product_cat-aparate-mobile","7":"product_cat-conditionere","8":"product_tag-aer-conditionat-ro","9":"product_tag-aparat-de-aer-conditionat-ro","10":"product_tag-conditioner-ro","11":"product_tag-conditioner-mobil-ro","12":"ts_product_brand-gree-ro","14":"first","15":"instock","16":"shipping-taxable","17":"purchasable","18":"product-type-simple","19":"add-to-wishlist-after_add_to_cart"},"yoast_head":"<!-- This site is optimized with the Yoast SEO plugin v27.3 - https:\/\/yoast.com\/product\/yoast-seo-wordpress\/ -->\n<title>Gree Aovia GPH12AOK5NNA1A - Tehnoformat<\/title>\n<meta name=\"robots\" content=\"index, follow, max-snippet:-1, max-image-preview:large, max-video-preview:-1\" \/>\n<link rel=\"canonical\" href=\"https:\/\/tehnoformat.md\/ro\/produs\/gree-aovia-gph12aok5nna1a\/\" \/>\n<meta property=\"og:locale\" content=\"ro_RO\" \/>\n<meta property=\"og:type\" content=\"article\" \/>\n<meta property=\"og:title\" content=\"Gree Aovia GPH12AOK5NNA1A - Tehnoformat\" \/>\n<meta property=\"og:description\" content=\"Gree Aovia (GPH12AO-K5NNA1A) Acest tip de aparat de aer condi\u021bionat mobil este unic \u0219i ofer\u0103 consumatorului posibilitatea de a evita instalarea \u0219i \u00eenchiderea pere\u021bilor \u0219i a aparatelor de aer condi\u021bionat \u00een camer\u0103. Mai jos sunt c\u00e2teva dintre avantaje:\" \/>\n<meta property=\"og:url\" content=\"https:\/\/tehnoformat.md\/ro\/produs\/gree-aovia-gph12aok5nna1a\/\" \/>\n<meta property=\"og:site_name\" content=\"Tehnoformat\" \/>\n<meta property=\"article:publisher\" content=\"https:\/\/www.facebook.com\/formatterm\" \/>\n<meta property=\"article:modified_time\" content=\"2025-07-12T07:41:05+00:00\" \/>\n<meta property=\"og:image\" content=\"https:\/\/tehnoformat.md\/wp-content\/uploads\/2024\/04\/aovia.jpg\" \/>\n\t<meta property=\"og:image:width\" content=\"1000\" \/>\n\t<meta property=\"og:image:height\" content=\"1000\" \/>\n\t<meta property=\"og:image:type\" content=\"image\/jpeg\" \/>\n<meta name=\"twitter:card\" content=\"summary_large_image\" \/>\n<meta name=\"twitter:label1\" content=\"Timp estimat pentru citire\" \/>\n\t<meta name=\"twitter:data1\" content=\"2 minute\" \/>\n<script type=\"application\/ld+json\" class=\"yoast-schema-graph\">{\"@context\":\"https:\\\/\\\/schema.org\",\"@graph\":[{\"@type\":\"WebPage\",\"@id\":\"https:\\\/\\\/tehnoformat.md\\\/ro\\\/produs\\\/gree-aovia-gph12aok5nna1a\\\/\",\"url\":\"https:\\\/\\\/tehnoformat.md\\\/ro\\\/produs\\\/gree-aovia-gph12aok5nna1a\\\/\",\"name\":\"Gree Aovia GPH12AOK5NNA1A - Tehnoformat\",\"isPartOf\":{\"@id\":\"https:\\\/\\\/tehnoformat.md\\\/ro\\\/#website\"},\"primaryImageOfPage\":{\"@id\":\"https:\\\/\\\/tehnoformat.md\\\/ro\\\/produs\\\/gree-aovia-gph12aok5nna1a\\\/#primaryimage\"},\"image\":{\"@id\":\"https:\\\/\\\/tehnoformat.md\\\/ro\\\/produs\\\/gree-aovia-gph12aok5nna1a\\\/#primaryimage\"},\"thumbnailUrl\":\"https:\\\/\\\/tehnoformat.md\\\/wp-content\\\/uploads\\\/2024\\\/04\\\/aovia.jpg\",\"datePublished\":\"2024-04-11T08:31:57+00:00\",\"dateModified\":\"2025-07-12T07:41:05+00:00\",\"breadcrumb\":{\"@id\":\"https:\\\/\\\/tehnoformat.md\\\/ro\\\/produs\\\/gree-aovia-gph12aok5nna1a\\\/#breadcrumb\"},\"inLanguage\":\"ro-RO\",\"potentialAction\":[{\"@type\":\"ReadAction\",\"target\":[\"https:\\\/\\\/tehnoformat.md\\\/ro\\\/produs\\\/gree-aovia-gph12aok5nna1a\\\/\"]}]},{\"@type\":\"ImageObject\",\"inLanguage\":\"ro-RO\",\"@id\":\"https:\\\/\\\/tehnoformat.md\\\/ro\\\/produs\\\/gree-aovia-gph12aok5nna1a\\\/#primaryimage\",\"url\":\"https:\\\/\\\/tehnoformat.md\\\/wp-content\\\/uploads\\\/2024\\\/04\\\/aovia.jpg\",\"contentUrl\":\"https:\\\/\\\/tehnoformat.md\\\/wp-content\\\/uploads\\\/2024\\\/04\\\/aovia.jpg\",\"width\":1000,\"height\":1000},{\"@type\":\"BreadcrumbList\",\"@id\":\"https:\\\/\\\/tehnoformat.md\\\/ro\\\/produs\\\/gree-aovia-gph12aok5nna1a\\\/#breadcrumb\",\"itemListElement\":[{\"@type\":\"ListItem\",\"position\":1,\"name\":\"Pagina principal\u0103\",\"item\":\"https:\\\/\\\/tehnoformat.md\\\/ro\\\/\"},{\"@type\":\"ListItem\",\"position\":2,\"name\":\"Magazin\",\"item\":\"https:\\\/\\\/tehnoformat.md\\\/ro\\\/shop\\\/\"},{\"@type\":\"ListItem\",\"position\":3,\"name\":\"Gree Aovia GPH12AOK5NNA1A\"}]},{\"@type\":\"WebSite\",\"@id\":\"https:\\\/\\\/tehnoformat.md\\\/ro\\\/#website\",\"url\":\"https:\\\/\\\/tehnoformat.md\\\/ro\\\/\",\"name\":\"Tehnoformat.md\",\"description\":\"\",\"publisher\":{\"@id\":\"https:\\\/\\\/tehnoformat.md\\\/ro\\\/#organization\"},\"potentialAction\":[{\"@type\":\"SearchAction\",\"target\":{\"@type\":\"EntryPoint\",\"urlTemplate\":\"https:\\\/\\\/tehnoformat.md\\\/ro\\\/?s={search_term_string}\"},\"query-input\":{\"@type\":\"PropertyValueSpecification\",\"valueRequired\":true,\"valueName\":\"search_term_string\"}}],\"inLanguage\":\"ro-RO\"},{\"@type\":\"Organization\",\"@id\":\"https:\\\/\\\/tehnoformat.md\\\/ro\\\/#organization\",\"name\":\"Tehnoformat\",\"url\":\"https:\\\/\\\/tehnoformat.md\\\/ro\\\/\",\"logo\":{\"@type\":\"ImageObject\",\"inLanguage\":\"ro-RO\",\"@id\":\"https:\\\/\\\/tehnoformat.md\\\/ro\\\/#\\\/schema\\\/logo\\\/image\\\/\",\"url\":\"https:\\\/\\\/tehnoformat.md\\\/wp-content\\\/uploads\\\/2024\\\/10\\\/icon1.png\",\"contentUrl\":\"https:\\\/\\\/tehnoformat.md\\\/wp-content\\\/uploads\\\/2024\\\/10\\\/icon1.png\",\"width\":512,\"height\":512,\"caption\":\"Tehnoformat\"},\"image\":{\"@id\":\"https:\\\/\\\/tehnoformat.md\\\/ro\\\/#\\\/schema\\\/logo\\\/image\\\/\"},\"sameAs\":[\"https:\\\/\\\/www.facebook.com\\\/formatterm\",\"https:\\\/\\\/www.instagram.com\\\/tehnoformat.md\\\/\"]}]}<\/script>\n<!-- \/ Yoast SEO plugin. -->","yoast_head_json":{"title":"Gree Aovia GPH12AOK5NNA1A - Tehnoformat","robots":{"index":"index","follow":"follow","max-snippet":"max-snippet:-1","max-image-preview":"max-image-preview:large","max-video-preview":"max-video-preview:-1"},"canonical":"https:\/\/tehnoformat.md\/ro\/produs\/gree-aovia-gph12aok5nna1a\/","og_locale":"ro_RO","og_type":"article","og_title":"Gree Aovia GPH12AOK5NNA1A - Tehnoformat","og_description":"Gree Aovia (GPH12AO-K5NNA1A) Acest tip de aparat de aer condi\u021bionat mobil este unic \u0219i ofer\u0103 consumatorului posibilitatea de a evita instalarea \u0219i \u00eenchiderea pere\u021bilor \u0219i a aparatelor de aer condi\u021bionat \u00een camer\u0103. Mai jos sunt c\u00e2teva dintre avantaje:","og_url":"https:\/\/tehnoformat.md\/ro\/produs\/gree-aovia-gph12aok5nna1a\/","og_site_name":"Tehnoformat","article_publisher":"https:\/\/www.facebook.com\/formatterm","article_modified_time":"2025-07-12T07:41:05+00:00","og_image":[{"width":1000,"height":1000,"url":"https:\/\/tehnoformat.md\/wp-content\/uploads\/2024\/04\/aovia.jpg","type":"image\/jpeg"}],"twitter_card":"summary_large_image","twitter_misc":{"Timp estimat pentru citire":"2 minute"},"schema":{"@context":"https:\/\/schema.org","@graph":[{"@type":"WebPage","@id":"https:\/\/tehnoformat.md\/ro\/produs\/gree-aovia-gph12aok5nna1a\/","url":"https:\/\/tehnoformat.md\/ro\/produs\/gree-aovia-gph12aok5nna1a\/","name":"Gree Aovia GPH12AOK5NNA1A - Tehnoformat","isPartOf":{"@id":"https:\/\/tehnoformat.md\/ro\/#website"},"primaryImageOfPage":{"@id":"https:\/\/tehnoformat.md\/ro\/produs\/gree-aovia-gph12aok5nna1a\/#primaryimage"},"image":{"@id":"https:\/\/tehnoformat.md\/ro\/produs\/gree-aovia-gph12aok5nna1a\/#primaryimage"},"thumbnailUrl":"https:\/\/tehnoformat.md\/wp-content\/uploads\/2024\/04\/aovia.jpg","datePublished":"2024-04-11T08:31:57+00:00","dateModified":"2025-07-12T07:41:05+00:00","breadcrumb":{"@id":"https:\/\/tehnoformat.md\/ro\/produs\/gree-aovia-gph12aok5nna1a\/#breadcrumb"},"inLanguage":"ro-RO","potentialAction":[{"@type":"ReadAction","target":["https:\/\/tehnoformat.md\/ro\/produs\/gree-aovia-gph12aok5nna1a\/"]}]},{"@type":"ImageObject","inLanguage":"ro-RO","@id":"https:\/\/tehnoformat.md\/ro\/produs\/gree-aovia-gph12aok5nna1a\/#primaryimage","url":"https:\/\/tehnoformat.md\/wp-content\/uploads\/2024\/04\/aovia.jpg","contentUrl":"https:\/\/tehnoformat.md\/wp-content\/uploads\/2024\/04\/aovia.jpg","width":1000,"height":1000},{"@type":"BreadcrumbList","@id":"https:\/\/tehnoformat.md\/ro\/produs\/gree-aovia-gph12aok5nna1a\/#breadcrumb","itemListElement":[{"@type":"ListItem","position":1,"name":"Pagina principal\u0103","item":"https:\/\/tehnoformat.md\/ro\/"},{"@type":"ListItem","position":2,"name":"Magazin","item":"https:\/\/tehnoformat.md\/ro\/shop\/"},{"@type":"ListItem","position":3,"name":"Gree Aovia GPH12AOK5NNA1A"}]},{"@type":"WebSite","@id":"https:\/\/tehnoformat.md\/ro\/#website","url":"https:\/\/tehnoformat.md\/ro\/","name":"Tehnoformat.md","description":"","publisher":{"@id":"https:\/\/tehnoformat.md\/ro\/#organization"},"potentialAction":[{"@type":"SearchAction","target":{"@type":"EntryPoint","urlTemplate":"https:\/\/tehnoformat.md\/ro\/?s={search_term_string}"},"query-input":{"@type":"PropertyValueSpecification","valueRequired":true,"valueName":"search_term_string"}}],"inLanguage":"ro-RO"},{"@type":"Organization","@id":"https:\/\/tehnoformat.md\/ro\/#organization","name":"Tehnoformat","url":"https:\/\/tehnoformat.md\/ro\/","logo":{"@type":"ImageObject","inLanguage":"ro-RO","@id":"https:\/\/tehnoformat.md\/ro\/#\/schema\/logo\/image\/","url":"https:\/\/tehnoformat.md\/wp-content\/uploads\/2024\/10\/icon1.png","contentUrl":"https:\/\/tehnoformat.md\/wp-content\/uploads\/2024\/10\/icon1.png","width":512,"height":512,"caption":"Tehnoformat"},"image":{"@id":"https:\/\/tehnoformat.md\/ro\/#\/schema\/logo\/image\/"},"sameAs":["https:\/\/www.facebook.com\/formatterm","https:\/\/www.instagram.com\/tehnoformat.md\/"]}]}},"_links":{"self":[{"href":"https:\/\/tehnoformat.md\/ro\/wp-json\/wp\/v2\/product\/24725","targetHints":{"allow":["GET"]}}],"collection":[{"href":"https:\/\/tehnoformat.md\/ro\/wp-json\/wp\/v2\/product"}],"about":[{"href":"https:\/\/tehnoformat.md\/ro\/wp-json\/wp\/v2\/types\/product"}],"replies":[{"embeddable":true,"href":"https:\/\/tehnoformat.md\/ro\/wp-json\/wp\/v2\/comments?post=24725"}],"version-history":[{"count":2,"href":"https:\/\/tehnoformat.md\/ro\/wp-json\/wp\/v2\/product\/24725\/revisions"}],"predecessor-version":[{"id":24727,"href":"https:\/\/tehnoformat.md\/ro\/wp-json\/wp\/v2\/product\/24725\/revisions\/24727"}],"wp:featuredmedia":[{"embeddable":true,"href":"https:\/\/tehnoformat.md\/ro\/wp-json\/wp\/v2\/media\/20591"}],"wp:attachment":[{"href":"https:\/\/tehnoformat.md\/ro\/wp-json\/wp\/v2\/media?parent=24725"}],"wp:term":[{"taxonomy":"product_brand","embeddable":true,"href":"https:\/\/tehnoformat.md\/ro\/wp-json\/wp\/v2\/product_brand?post=24725"},{"taxonomy":"product_cat","embeddable":true,"href":"https:\/\/tehnoformat.md\/ro\/wp-json\/wp\/v2\/product_cat?post=24725"},{"taxonomy":"product_tag","embeddable":true,"href":"https:\/\/tehnoformat.md\/ro\/wp-json\/wp\/v2\/product_tag?post=24725"}],"curies":[{"name":"wp","href":"https:\/\/api.w.org\/{rel}","templated":true}]}}