{"id":24709,"date":"2024-04-12T15:34:21","date_gmt":"2024-04-12T12:34:21","guid":{"rendered":"https:\/\/tehnoformat.md\/product\/gree-muse-on-of-gwh24afdxe\/"},"modified":"2025-07-12T09:26:39","modified_gmt":"2025-07-12T06:26:39","slug":"gree-muse-on-of-gwh24afdxe","status":"publish","type":"product","link":"https:\/\/tehnoformat.md\/ro\/produs\/gree-muse-on-of-gwh24afdxe\/","title":{"rendered":"GREE MUSE on\/of GWH24AFDXE"},"content":{"rendered":"\t\t<div data-elementor-type=\"wp-post\" data-elementor-id=\"24709\" class=\"elementor elementor-24709 elementor-11047\">\n\t\t\t\t<div class=\"elementor-element elementor-element-45e6c70 e-flex e-con-boxed e-con e-parent\" data-id=\"45e6c70\" data-element_type=\"container\" data-e-type=\"container\">\n\t\t\t\t\t<div class=\"e-con-inner\">\n\t\t<div class=\"elementor-element elementor-element-cec24bc e-con-full e-flex e-con e-child\" data-id=\"cec24bc\" data-element_type=\"container\" data-e-type=\"container\">\n\t\t\t\t<div class=\"elementor-element elementor-element-30906be elementor-widget elementor-widget-image\" data-id=\"30906be\" data-element_type=\"widget\" data-e-type=\"widget\" data-widget_type=\"image.default\">\n\t\t\t\t<div class=\"elementor-widget-container\">\n\t\t\t\t\t\t\t\t\t\t\t\t\t\t\t<img fetchpriority=\"high\" decoding=\"async\" width=\"1024\" height=\"661\" src=\"https:\/\/tehnoformat.md\/wp-content\/uploads\/2024\/04\/gree-muse9000o1-1024x661.jpg\" class=\"attachment-large size-large wp-image-20627\" alt=\"\" srcset=\"https:\/\/tehnoformat.md\/wp-content\/uploads\/2024\/04\/gree-muse9000o1-1024x661.jpg 1024w, https:\/\/tehnoformat.md\/wp-content\/uploads\/2024\/04\/gree-muse9000o1-300x194.jpg 300w, https:\/\/tehnoformat.md\/wp-content\/uploads\/2024\/04\/gree-muse9000o1-768x495.jpg 768w, https:\/\/tehnoformat.md\/wp-content\/uploads\/2024\/04\/gree-muse9000o1-1536x991.jpg 1536w, https:\/\/tehnoformat.md\/wp-content\/uploads\/2024\/04\/gree-muse9000o1-1000x645.jpg 1000w, https:\/\/tehnoformat.md\/wp-content\/uploads\/2024\/04\/gree-muse9000o1.jpg 1567w\" sizes=\"(max-width: 1024px) 100vw, 1024px\" \/>\t\t\t\t\t\t\t\t\t\t\t\t\t\t\t<\/div>\n\t\t\t\t<\/div>\n\t\t\t\t<\/div>\n\t\t<div class=\"elementor-element elementor-element-5f38371 e-con-full e-flex e-con e-child\" data-id=\"5f38371\" data-element_type=\"container\" data-e-type=\"container\">\n\t\t\t\t<div class=\"elementor-element elementor-element-6e897b4 elementor-widget elementor-widget-text-editor\" data-id=\"6e897b4\" data-element_type=\"widget\" data-e-type=\"widget\" data-widget_type=\"text-editor.default\">\n\t\t\t\t<div class=\"elementor-widget-container\">\n\t\t\t\t\t\t\t\t\t<p>Aparatul de aer condi\u021bionat GREE GWH24AFDXE-K3NNA1A este o solu\u021bie excelent\u0103 pentru crearea unui climat confortabil \u00een \u00eenc\u0103peri de p\u00e2n\u0103 la 60 de metri p\u0103tra\u021bi. Se caracterizeaz\u0103 prin performan\u021be \u0219i fiabilitate ridicate, ceea ce \u00eel face o alegere ideal\u0103 pentru cl\u0103diri de birouri, apartamente \u0219i case private. <\/p><p>Echipat cu un compresor modern non-inverter cu o capacitate de 24.000 BTU, acest aparat de aer condi\u021bionat ofer\u0103 r\u0103cire \u0219i \u00eenc\u0103lzire eficient\u0103 \u00een orice perioad\u0103 a anului. Datorit\u0103 complexelor bogate din punct de vedere tehnologic, asigur\u0103 o func\u021bionare pe termen lung cu o eficien\u021b\u0103 energetic\u0103 optim\u0103. <\/p><p>Seria Gree Muse nu se caracterizeaz\u0103 doar prin performan\u021be ridicate, ci \u0219i prin design elegant. Unit\u0103\u021bile interioare compacte \u0219i ultramoderne se integreaz\u0103 cu u\u0219urin\u021b\u0103 \u00een orice interior, oferind nu doar confort, ci \u0219i satisfac\u021bie estetic\u0103. <\/p><p>Aparatul de aer condi\u021bionat GREE GWH24AFDXE-K3NNA1A ofer\u0103 o gam\u0103 complet\u0103 de func\u021bii pentru o utilizare confortabil\u0103: performan\u021b\u0103 excelent\u0103, eficien\u021b\u0103 energetic\u0103, design elegant \u0219i u\u0219urin\u021b\u0103 \u00een control.<\/p>\t\t\t\t\t\t\t\t<\/div>\n\t\t\t\t<\/div>\n\t\t\t\t<\/div>\n\t\t\t\t\t<\/div>\n\t\t\t\t<\/div>\n\t\t<div class=\"elementor-element elementor-element-f790624 e-flex e-con-boxed e-con e-parent\" data-id=\"f790624\" data-element_type=\"container\" data-e-type=\"container\">\n\t\t\t\t\t<div class=\"e-con-inner\">\n\t\t<div class=\"elementor-element elementor-element-fc3071b e-con-full e-flex e-con e-child\" data-id=\"fc3071b\" data-element_type=\"container\" data-e-type=\"container\">\n\t\t\t\t<div class=\"elementor-element elementor-element-5725ad8 elementor-widget elementor-widget-image\" data-id=\"5725ad8\" data-element_type=\"widget\" data-e-type=\"widget\" data-widget_type=\"image.default\">\n\t\t\t\t<div class=\"elementor-widget-container\">\n\t\t\t\t\t\t\t\t\t\t\t\t\t\t\t<img decoding=\"async\" width=\"1024\" height=\"609\" src=\"https:\/\/tehnoformat.md\/wp-content\/uploads\/2024\/04\/gree-muse9000o-1024x609.jpg\" class=\"attachment-large size-large wp-image-20626\" alt=\"\" srcset=\"https:\/\/tehnoformat.md\/wp-content\/uploads\/2024\/04\/gree-muse9000o-1024x609.jpg 1024w, https:\/\/tehnoformat.md\/wp-content\/uploads\/2024\/04\/gree-muse9000o-300x178.jpg 300w, https:\/\/tehnoformat.md\/wp-content\/uploads\/2024\/04\/gree-muse9000o-768x456.jpg 768w, https:\/\/tehnoformat.md\/wp-content\/uploads\/2024\/04\/gree-muse9000o-1536x913.jpg 1536w, https:\/\/tehnoformat.md\/wp-content\/uploads\/2024\/04\/gree-muse9000o-1000x594.jpg 1000w, https:\/\/tehnoformat.md\/wp-content\/uploads\/2024\/04\/gree-muse9000o.jpg 1600w\" sizes=\"(max-width: 1024px) 100vw, 1024px\" \/>\t\t\t\t\t\t\t\t\t\t\t\t\t\t\t<\/div>\n\t\t\t\t<\/div>\n\t\t\t\t<\/div>\n\t\t<div class=\"elementor-element elementor-element-dd48f0d e-con-full e-flex e-con e-child\" data-id=\"dd48f0d\" data-element_type=\"container\" data-e-type=\"container\">\n\t\t\t\t<div class=\"elementor-element elementor-element-f5830dd elementor-widget elementor-widget-text-editor\" data-id=\"f5830dd\" data-element_type=\"widget\" data-e-type=\"widget\" data-widget_type=\"text-editor.default\">\n\t\t\t\t<div class=\"elementor-widget-container\">\n\t\t\t\t\t\t\t\t\t<p>Avantajele sistemului split GREE GWH24AFDXE-K3NNA1A:<\/p><ul><li>Utilizarea freonului sigur R410A.<\/li><li>Filtru electrostatic de lung\u0103 durat\u0103 pentru pre-cur\u0103\u021barea fluxului de aer.<\/li><li>Ionizator de aer cu plasm\u0103 rece care distruge alergenii \u0219i bacteriile d\u0103un\u0103toare.<\/li><li>Func\u021bie de autocur\u0103\u021bare pentru protec\u021bie \u00eempotriva ciupercilor \u0219i mucegaiului: ventilatorul continu\u0103 s\u0103 func\u021bioneze dup\u0103 ce aparatul de aer condi\u021bionat este oprit, usc\u00e2nd corpul de umezeal\u0103.<\/li><li>Compatibilitate electromagnetic\u0103: aparatul de aer condi\u021bionat nu este sensibil la interferen\u021be electromagnetice \u0219i nu este o surs\u0103 de astfel de interferen\u021be.<\/li><li>Posibilitatea pornirii la tensiune redus\u0103 \u00een re\u021beaua de alimentare cu energie electric\u0103.<\/li><li>Panou deta\u0219abil al unit\u0103\u021bii interioare pentru o \u00eentre\u021binere u\u0219oar\u0103.<\/li><\/ul>\t\t\t\t\t\t\t\t<\/div>\n\t\t\t\t<\/div>\n\t\t\t\t<\/div>\n\t\t\t\t\t<\/div>\n\t\t\t\t<\/div>\n\t\t<div class=\"elementor-element elementor-element-e6a71a1 e-flex e-con-boxed e-con e-parent\" data-id=\"e6a71a1\" data-element_type=\"container\" data-e-type=\"container\">\n\t\t\t\t\t<div class=\"e-con-inner\">\n\t\t<div class=\"elementor-element elementor-element-bfb461f e-con-full e-flex e-con e-child\" data-id=\"bfb461f\" data-element_type=\"container\" data-e-type=\"container\">\n\t\t\t\t<div class=\"elementor-element elementor-element-f7e792b elementor-widget elementor-widget-image\" data-id=\"f7e792b\" data-element_type=\"widget\" data-e-type=\"widget\" data-widget_type=\"image.default\">\n\t\t\t\t<div class=\"elementor-widget-container\">\n\t\t\t\t\t\t\t\t\t\t\t\t\t\t\t<img decoding=\"async\" width=\"1024\" height=\"657\" src=\"https:\/\/tehnoformat.md\/wp-content\/uploads\/2024\/04\/gree-muse9000k-1024x657.jpg\" class=\"attachment-large size-large wp-image-20628\" alt=\"\" srcset=\"https:\/\/tehnoformat.md\/wp-content\/uploads\/2024\/04\/gree-muse9000k-1024x657.jpg 1024w, https:\/\/tehnoformat.md\/wp-content\/uploads\/2024\/04\/gree-muse9000k-300x193.jpg 300w, https:\/\/tehnoformat.md\/wp-content\/uploads\/2024\/04\/gree-muse9000k-768x493.jpg 768w, https:\/\/tehnoformat.md\/wp-content\/uploads\/2024\/04\/gree-muse9000k-1536x986.jpg 1536w, https:\/\/tehnoformat.md\/wp-content\/uploads\/2024\/04\/gree-muse9000k-1000x642.jpg 1000w, https:\/\/tehnoformat.md\/wp-content\/uploads\/2024\/04\/gree-muse9000k.jpg 1600w\" sizes=\"(max-width: 1024px) 100vw, 1024px\" \/>\t\t\t\t\t\t\t\t\t\t\t\t\t\t\t<\/div>\n\t\t\t\t<\/div>\n\t\t\t\t<\/div>\n\t\t<div class=\"elementor-element elementor-element-780cb7e e-con-full e-flex e-con e-child\" data-id=\"780cb7e\" data-element_type=\"container\" data-e-type=\"container\">\n\t\t\t\t<div class=\"elementor-element elementor-element-4f24f26 elementor-widget elementor-widget-text-editor\" data-id=\"4f24f26\" data-element_type=\"widget\" data-e-type=\"widget\" data-widget_type=\"text-editor.default\">\n\t\t\t\t<div class=\"elementor-widget-container\">\n\t\t\t\t\t\t\t\t\t<p>Func\u021bii \u0219i caracteristici ale sistemului split GREE GWH24AFDXE-K3NNA1A:<\/p><ul><li>Clasa de eficien\u021b\u0103 energetic\u0103 A, care este ridicat\u0103 pentru modelele cu compresor non-inverter \u0219i un pre\u021b accesibil.<\/li><li>Capacit\u0103\u021bile func\u021bionale includ modurile Turbo \u0219i Sleep, autodiagnosticare, repornire automat\u0103 \u0219i pornire u\u0219oar\u0103 pe vreme rece.<\/li><li>Un flux larg de aer asigur\u0103 o temperatur\u0103 uniform\u0103 \u00een \u00eentreaga \u00eenc\u0103pere.<\/li><li>Telecomanda este protejat\u0103 \u00eempotriva accesului neautorizat.<\/li><\/ul>\t\t\t\t\t\t\t\t<\/div>\n\t\t\t\t<\/div>\n\t\t\t\t<\/div>\n\t\t\t\t\t<\/div>\n\t\t\t\t<\/div>\n\t\t<div class=\"elementor-element elementor-element-9ac7225 e-flex e-con-boxed e-con e-parent\" data-id=\"9ac7225\" data-element_type=\"container\" data-e-type=\"container\">\n\t\t\t\t\t<div class=\"e-con-inner\">\n\t\t\t\t<div class=\"elementor-element elementor-element-714afbf elementor-widget elementor-widget-image\" data-id=\"714afbf\" data-element_type=\"widget\" data-e-type=\"widget\" data-widget_type=\"image.default\">\n\t\t\t\t<div class=\"elementor-widget-container\">\n\t\t\t\t\t\t\t\t\t\t\t\t\t\t\t<img loading=\"lazy\" decoding=\"async\" width=\"1024\" height=\"942\" src=\"https:\/\/tehnoformat.md\/wp-content\/uploads\/2024\/04\/gree-muse9000ke-1024x942.jpg\" class=\"attachment-large size-large wp-image-20629\" alt=\"\" srcset=\"https:\/\/tehnoformat.md\/wp-content\/uploads\/2024\/04\/gree-muse9000ke-1024x942.jpg 1024w, https:\/\/tehnoformat.md\/wp-content\/uploads\/2024\/04\/gree-muse9000ke-300x276.jpg 300w, https:\/\/tehnoformat.md\/wp-content\/uploads\/2024\/04\/gree-muse9000ke-768x706.jpg 768w, https:\/\/tehnoformat.md\/wp-content\/uploads\/2024\/04\/gree-muse9000ke-1000x920.jpg 1000w, https:\/\/tehnoformat.md\/wp-content\/uploads\/2024\/04\/gree-muse9000ke.jpg 1305w\" sizes=\"(max-width: 1024px) 100vw, 1024px\" \/>\t\t\t\t\t\t\t\t\t\t\t\t\t\t\t<\/div>\n\t\t\t\t<\/div>\n\t\t\t\t\t<\/div>\n\t\t\t\t<\/div>\n\t\t\t\t<\/div>\n\t\t","protected":false},"excerpt":{"rendered":"<p>Aparatul de aer condi\u021bionat GREE GWH24AFDXE-K3NNA1A este o solu\u021bie excelent\u0103 pentru crearea unui climat confortabil \u00een \u00eenc\u0103peri de p\u00e2n\u0103 la 60 de metri p\u0103tra\u021bi. Se caracterizeaz\u0103 prin performan\u021be \u0219i fiabilitate ridicate, ceea ce \u00eel face o alegere ideal\u0103 pentru cl\u0103diri de birouri, apartamente \u0219i case private. Echipat cu un compresor modern non-inverter cu o capacitate [&hellip;]<\/p>\n","protected":false},"featured_media":20620,"comment_status":"closed","ping_status":"open","template":"","meta":[],"product_brand":[],"product_cat":[793,783],"product_tag":[890,899,1034,961,1041],"class_list":{"0":"post-24709","1":"product","2":"type-product","3":"status-publish","4":"has-post-thumbnail","6":"product_cat-aparate-de-tip-split","7":"product_cat-conditionere","8":"product_tag-aer-conditionat-ro","9":"product_tag-btu-ro","10":"product_tag-conditioner-ro","11":"product_tag-gree-ro","12":"product_tag-split-sistem-ro","13":"ts_product_brand-gree-ro","15":"first","16":"instock","17":"sale","18":"shipping-taxable","19":"purchasable","20":"product-type-simple","21":"add-to-wishlist-after_add_to_cart"},"yoast_head":"<!-- This site is optimized with the Yoast SEO plugin v27.1.1 - https:\/\/yoast.com\/product\/yoast-seo-wordpress\/ -->\n<title>GREE MUSE on\/of GWH24AFDXE - Tehnoformat<\/title>\n<meta name=\"robots\" content=\"index, follow, max-snippet:-1, max-image-preview:large, max-video-preview:-1\" \/>\n<link rel=\"canonical\" href=\"https:\/\/tehnoformat.md\/ro\/produs\/gree-muse-on-of-gwh24afdxe\/\" \/>\n<meta property=\"og:locale\" content=\"ro_RO\" \/>\n<meta property=\"og:type\" content=\"article\" \/>\n<meta property=\"og:title\" content=\"GREE MUSE on\/of GWH24AFDXE - Tehnoformat\" \/>\n<meta property=\"og:description\" content=\"Aparatul de aer condi\u021bionat GREE GWH24AFDXE-K3NNA1A este o solu\u021bie excelent\u0103 pentru crearea unui climat confortabil \u00een \u00eenc\u0103peri de p\u00e2n\u0103 la 60 de metri p\u0103tra\u021bi. Se caracterizeaz\u0103 prin performan\u021be \u0219i fiabilitate ridicate, ceea ce \u00eel face o alegere ideal\u0103 pentru cl\u0103diri de birouri, apartamente \u0219i case private. Echipat cu un compresor modern non-inverter cu o capacitate [&hellip;]\" \/>\n<meta property=\"og:url\" content=\"https:\/\/tehnoformat.md\/ro\/produs\/gree-muse-on-of-gwh24afdxe\/\" \/>\n<meta property=\"og:site_name\" content=\"Tehnoformat\" \/>\n<meta property=\"article:publisher\" content=\"https:\/\/www.facebook.com\/formatterm\" \/>\n<meta property=\"article:modified_time\" content=\"2025-07-12T06:26:39+00:00\" \/>\n<meta property=\"og:image\" content=\"https:\/\/tehnoformat.md\/wp-content\/uploads\/2024\/04\/gree-muse2.jpg\" \/>\n\t<meta property=\"og:image:width\" content=\"1000\" \/>\n\t<meta property=\"og:image:height\" content=\"1000\" \/>\n\t<meta property=\"og:image:type\" content=\"image\/jpeg\" \/>\n<meta name=\"twitter:card\" content=\"summary_large_image\" \/>\n<meta name=\"twitter:label1\" content=\"Timp estimat pentru citire\" \/>\n\t<meta name=\"twitter:data1\" content=\"3 minute\" \/>\n<script type=\"application\/ld+json\" class=\"yoast-schema-graph\">{\"@context\":\"https:\/\/schema.org\",\"@graph\":[{\"@type\":\"WebPage\",\"@id\":\"https:\/\/tehnoformat.md\/ro\/produs\/gree-muse-on-of-gwh24afdxe\/\",\"url\":\"https:\/\/tehnoformat.md\/ro\/produs\/gree-muse-on-of-gwh24afdxe\/\",\"name\":\"GREE MUSE on\/of GWH24AFDXE - Tehnoformat\",\"isPartOf\":{\"@id\":\"https:\/\/tehnoformat.md\/ro\/#website\"},\"primaryImageOfPage\":{\"@id\":\"https:\/\/tehnoformat.md\/ro\/produs\/gree-muse-on-of-gwh24afdxe\/#primaryimage\"},\"image\":{\"@id\":\"https:\/\/tehnoformat.md\/ro\/produs\/gree-muse-on-of-gwh24afdxe\/#primaryimage\"},\"thumbnailUrl\":\"https:\/\/tehnoformat.md\/wp-content\/uploads\/2024\/04\/gree-muse2.jpg\",\"datePublished\":\"2024-04-12T12:34:21+00:00\",\"dateModified\":\"2025-07-12T06:26:39+00:00\",\"breadcrumb\":{\"@id\":\"https:\/\/tehnoformat.md\/ro\/produs\/gree-muse-on-of-gwh24afdxe\/#breadcrumb\"},\"inLanguage\":\"ro-RO\",\"potentialAction\":[{\"@type\":\"ReadAction\",\"target\":[\"https:\/\/tehnoformat.md\/ro\/produs\/gree-muse-on-of-gwh24afdxe\/\"]}]},{\"@type\":\"ImageObject\",\"inLanguage\":\"ro-RO\",\"@id\":\"https:\/\/tehnoformat.md\/ro\/produs\/gree-muse-on-of-gwh24afdxe\/#primaryimage\",\"url\":\"https:\/\/tehnoformat.md\/wp-content\/uploads\/2024\/04\/gree-muse2.jpg\",\"contentUrl\":\"https:\/\/tehnoformat.md\/wp-content\/uploads\/2024\/04\/gree-muse2.jpg\",\"width\":1000,\"height\":1000},{\"@type\":\"BreadcrumbList\",\"@id\":\"https:\/\/tehnoformat.md\/ro\/produs\/gree-muse-on-of-gwh24afdxe\/#breadcrumb\",\"itemListElement\":[{\"@type\":\"ListItem\",\"position\":1,\"name\":\"Pagina principal\u0103\",\"item\":\"https:\/\/tehnoformat.md\/ro\/\"},{\"@type\":\"ListItem\",\"position\":2,\"name\":\"Magazin\",\"item\":\"https:\/\/tehnoformat.md\/ro\/shop\/\"},{\"@type\":\"ListItem\",\"position\":3,\"name\":\"GREE MUSE on\/of GWH24AFDXE\"}]},{\"@type\":\"WebSite\",\"@id\":\"https:\/\/tehnoformat.md\/ro\/#website\",\"url\":\"https:\/\/tehnoformat.md\/ro\/\",\"name\":\"Tehnoformat.md\",\"description\":\"\",\"publisher\":{\"@id\":\"https:\/\/tehnoformat.md\/ro\/#organization\"},\"potentialAction\":[{\"@type\":\"SearchAction\",\"target\":{\"@type\":\"EntryPoint\",\"urlTemplate\":\"https:\/\/tehnoformat.md\/ro\/?s={search_term_string}\"},\"query-input\":{\"@type\":\"PropertyValueSpecification\",\"valueRequired\":true,\"valueName\":\"search_term_string\"}}],\"inLanguage\":\"ro-RO\"},{\"@type\":\"Organization\",\"@id\":\"https:\/\/tehnoformat.md\/ro\/#organization\",\"name\":\"Tehnoformat\",\"url\":\"https:\/\/tehnoformat.md\/ro\/\",\"logo\":{\"@type\":\"ImageObject\",\"inLanguage\":\"ro-RO\",\"@id\":\"https:\/\/tehnoformat.md\/ro\/#\/schema\/logo\/image\/\",\"url\":\"https:\/\/tehnoformat.md\/wp-content\/uploads\/2024\/10\/icon1.png\",\"contentUrl\":\"https:\/\/tehnoformat.md\/wp-content\/uploads\/2024\/10\/icon1.png\",\"width\":512,\"height\":512,\"caption\":\"Tehnoformat\"},\"image\":{\"@id\":\"https:\/\/tehnoformat.md\/ro\/#\/schema\/logo\/image\/\"},\"sameAs\":[\"https:\/\/www.facebook.com\/formatterm\",\"https:\/\/www.instagram.com\/tehnoformat.md\/\"]}]}<\/script>\n<!-- \/ Yoast SEO plugin. -->","yoast_head_json":{"title":"GREE MUSE on\/of GWH24AFDXE - Tehnoformat","robots":{"index":"index","follow":"follow","max-snippet":"max-snippet:-1","max-image-preview":"max-image-preview:large","max-video-preview":"max-video-preview:-1"},"canonical":"https:\/\/tehnoformat.md\/ro\/produs\/gree-muse-on-of-gwh24afdxe\/","og_locale":"ro_RO","og_type":"article","og_title":"GREE MUSE on\/of GWH24AFDXE - Tehnoformat","og_description":"Aparatul de aer condi\u021bionat GREE GWH24AFDXE-K3NNA1A este o solu\u021bie excelent\u0103 pentru crearea unui climat confortabil \u00een \u00eenc\u0103peri de p\u00e2n\u0103 la 60 de metri p\u0103tra\u021bi. Se caracterizeaz\u0103 prin performan\u021be \u0219i fiabilitate ridicate, ceea ce \u00eel face o alegere ideal\u0103 pentru cl\u0103diri de birouri, apartamente \u0219i case private. Echipat cu un compresor modern non-inverter cu o capacitate [&hellip;]","og_url":"https:\/\/tehnoformat.md\/ro\/produs\/gree-muse-on-of-gwh24afdxe\/","og_site_name":"Tehnoformat","article_publisher":"https:\/\/www.facebook.com\/formatterm","article_modified_time":"2025-07-12T06:26:39+00:00","og_image":[{"width":1000,"height":1000,"url":"https:\/\/tehnoformat.md\/wp-content\/uploads\/2024\/04\/gree-muse2.jpg","type":"image\/jpeg"}],"twitter_card":"summary_large_image","twitter_misc":{"Timp estimat pentru citire":"3 minute"},"schema":{"@context":"https:\/\/schema.org","@graph":[{"@type":"WebPage","@id":"https:\/\/tehnoformat.md\/ro\/produs\/gree-muse-on-of-gwh24afdxe\/","url":"https:\/\/tehnoformat.md\/ro\/produs\/gree-muse-on-of-gwh24afdxe\/","name":"GREE MUSE on\/of GWH24AFDXE - Tehnoformat","isPartOf":{"@id":"https:\/\/tehnoformat.md\/ro\/#website"},"primaryImageOfPage":{"@id":"https:\/\/tehnoformat.md\/ro\/produs\/gree-muse-on-of-gwh24afdxe\/#primaryimage"},"image":{"@id":"https:\/\/tehnoformat.md\/ro\/produs\/gree-muse-on-of-gwh24afdxe\/#primaryimage"},"thumbnailUrl":"https:\/\/tehnoformat.md\/wp-content\/uploads\/2024\/04\/gree-muse2.jpg","datePublished":"2024-04-12T12:34:21+00:00","dateModified":"2025-07-12T06:26:39+00:00","breadcrumb":{"@id":"https:\/\/tehnoformat.md\/ro\/produs\/gree-muse-on-of-gwh24afdxe\/#breadcrumb"},"inLanguage":"ro-RO","potentialAction":[{"@type":"ReadAction","target":["https:\/\/tehnoformat.md\/ro\/produs\/gree-muse-on-of-gwh24afdxe\/"]}]},{"@type":"ImageObject","inLanguage":"ro-RO","@id":"https:\/\/tehnoformat.md\/ro\/produs\/gree-muse-on-of-gwh24afdxe\/#primaryimage","url":"https:\/\/tehnoformat.md\/wp-content\/uploads\/2024\/04\/gree-muse2.jpg","contentUrl":"https:\/\/tehnoformat.md\/wp-content\/uploads\/2024\/04\/gree-muse2.jpg","width":1000,"height":1000},{"@type":"BreadcrumbList","@id":"https:\/\/tehnoformat.md\/ro\/produs\/gree-muse-on-of-gwh24afdxe\/#breadcrumb","itemListElement":[{"@type":"ListItem","position":1,"name":"Pagina principal\u0103","item":"https:\/\/tehnoformat.md\/ro\/"},{"@type":"ListItem","position":2,"name":"Magazin","item":"https:\/\/tehnoformat.md\/ro\/shop\/"},{"@type":"ListItem","position":3,"name":"GREE MUSE on\/of GWH24AFDXE"}]},{"@type":"WebSite","@id":"https:\/\/tehnoformat.md\/ro\/#website","url":"https:\/\/tehnoformat.md\/ro\/","name":"Tehnoformat.md","description":"","publisher":{"@id":"https:\/\/tehnoformat.md\/ro\/#organization"},"potentialAction":[{"@type":"SearchAction","target":{"@type":"EntryPoint","urlTemplate":"https:\/\/tehnoformat.md\/ro\/?s={search_term_string}"},"query-input":{"@type":"PropertyValueSpecification","valueRequired":true,"valueName":"search_term_string"}}],"inLanguage":"ro-RO"},{"@type":"Organization","@id":"https:\/\/tehnoformat.md\/ro\/#organization","name":"Tehnoformat","url":"https:\/\/tehnoformat.md\/ro\/","logo":{"@type":"ImageObject","inLanguage":"ro-RO","@id":"https:\/\/tehnoformat.md\/ro\/#\/schema\/logo\/image\/","url":"https:\/\/tehnoformat.md\/wp-content\/uploads\/2024\/10\/icon1.png","contentUrl":"https:\/\/tehnoformat.md\/wp-content\/uploads\/2024\/10\/icon1.png","width":512,"height":512,"caption":"Tehnoformat"},"image":{"@id":"https:\/\/tehnoformat.md\/ro\/#\/schema\/logo\/image\/"},"sameAs":["https:\/\/www.facebook.com\/formatterm","https:\/\/www.instagram.com\/tehnoformat.md\/"]}]}},"_links":{"self":[{"href":"https:\/\/tehnoformat.md\/ro\/wp-json\/wp\/v2\/product\/24709","targetHints":{"allow":["GET"]}}],"collection":[{"href":"https:\/\/tehnoformat.md\/ro\/wp-json\/wp\/v2\/product"}],"about":[{"href":"https:\/\/tehnoformat.md\/ro\/wp-json\/wp\/v2\/types\/product"}],"replies":[{"embeddable":true,"href":"https:\/\/tehnoformat.md\/ro\/wp-json\/wp\/v2\/comments?post=24709"}],"version-history":[{"count":4,"href":"https:\/\/tehnoformat.md\/ro\/wp-json\/wp\/v2\/product\/24709\/revisions"}],"predecessor-version":[{"id":24713,"href":"https:\/\/tehnoformat.md\/ro\/wp-json\/wp\/v2\/product\/24709\/revisions\/24713"}],"wp:featuredmedia":[{"embeddable":true,"href":"https:\/\/tehnoformat.md\/ro\/wp-json\/wp\/v2\/media\/20620"}],"wp:attachment":[{"href":"https:\/\/tehnoformat.md\/ro\/wp-json\/wp\/v2\/media?parent=24709"}],"wp:term":[{"taxonomy":"product_brand","embeddable":true,"href":"https:\/\/tehnoformat.md\/ro\/wp-json\/wp\/v2\/product_brand?post=24709"},{"taxonomy":"product_cat","embeddable":true,"href":"https:\/\/tehnoformat.md\/ro\/wp-json\/wp\/v2\/product_cat?post=24709"},{"taxonomy":"product_tag","embeddable":true,"href":"https:\/\/tehnoformat.md\/ro\/wp-json\/wp\/v2\/product_tag?post=24709"}],"curies":[{"name":"wp","href":"https:\/\/api.w.org\/{rel}","templated":true}]}}