{"id":24438,"date":"2024-05-03T10:25:20","date_gmt":"2024-05-03T07:25:20","guid":{"rendered":"https:\/\/tehnoformat.md\/product\/cooperhunter-vital-ch-s12ftxf2-ng\/"},"modified":"2025-06-27T16:54:41","modified_gmt":"2025-06-27T13:54:41","slug":"cooperhunter-vital-ch-s12ftxf2-ng","status":"publish","type":"product","link":"https:\/\/tehnoformat.md\/ro\/produs\/cooperhunter-vital-ch-s12ftxf2-ng\/","title":{"rendered":"Cooper&amp;Hunter Vital CH-S12FTXF2-NG"},"content":{"rendered":"\t\t<div data-elementor-type=\"wp-post\" data-elementor-id=\"24438\" class=\"elementor elementor-24438 elementor-12256\">\n\t\t\t\t<div class=\"elementor-element elementor-element-eb8ee48 e-flex e-con-boxed e-con e-parent\" data-id=\"eb8ee48\" data-element_type=\"container\" data-e-type=\"container\">\n\t\t\t\t\t<div class=\"e-con-inner\">\n\t\t<div class=\"elementor-element elementor-element-8461255 e-con-full e-flex e-con e-child\" data-id=\"8461255\" data-element_type=\"container\" data-e-type=\"container\">\n\t\t\t\t<div class=\"elementor-element elementor-element-3bb3caf elementor-widget elementor-widget-text-editor\" data-id=\"3bb3caf\" data-element_type=\"widget\" data-e-type=\"widget\" data-widget_type=\"text-editor.default\">\n\t\t\t\t<div class=\"elementor-widget-container\">\n\t\t\t\t\t\t\t\t\t<div class=\"logo-title-wrapper2\">\n<h4 class=\" l-main-title-color\">Cooper&amp;Hunter Vital CH-FTXF-NG<\/h4>\n<\/div>\n<p>Acest aparat de aer condi\u021bionat modern \u0219i puternic, Cooper&amp;Hunter Vital CH-FTXF-NG, va oferi o atmosfer\u0103 confortabil\u0103 \u00een casa dumneavoastr\u0103, indiferent de vreme. Datorit\u0103 tehnologiei inverter, func\u021bioneaz\u0103 eficient \u00eentr-o gam\u0103 larg\u0103 de temperaturi exterioare, oferind at\u00e2t \u00eenc\u0103lzire \u00een intervalul de la -15\u00b0C la +24\u00b0C, c\u00e2t \u0219i r\u0103cire de la -15\u00b0C la +48\u00b0C. \u00cen plus, aparatul de aer condi\u021bionat nu numai c\u0103 men\u021bine temperatura setat\u0103, dar cur\u0103\u021b\u0103 \u0219i re\u00eemprosp\u0103teaz\u0103 aerul din camer\u0103.  &nbsp;<\/p>\t\t\t\t\t\t\t\t<\/div>\n\t\t\t\t<\/div>\n\t\t\t\t<\/div>\n\t\t<div class=\"elementor-element elementor-element-39d3a8a e-con-full e-flex e-con e-child\" data-id=\"39d3a8a\" data-element_type=\"container\" data-e-type=\"container\">\n\t\t\t\t<div class=\"elementor-element elementor-element-af5707c elementor-widget elementor-widget-image\" data-id=\"af5707c\" data-element_type=\"widget\" data-e-type=\"widget\" data-widget_type=\"image.default\">\n\t\t\t\t<div class=\"elementor-widget-container\">\n\t\t\t\t\t\t\t\t\t\t\t\t\t\t\t<img fetchpriority=\"high\" decoding=\"async\" width=\"602\" height=\"598\" src=\"https:\/\/tehnoformat.md\/wp-content\/uploads\/2024\/05\/vital3.jpg\" class=\"attachment-large size-large wp-image-20899\" alt=\"\" srcset=\"https:\/\/tehnoformat.md\/wp-content\/uploads\/2024\/05\/vital3.jpg 602w, https:\/\/tehnoformat.md\/wp-content\/uploads\/2024\/05\/vital3-300x298.jpg 300w, https:\/\/tehnoformat.md\/wp-content\/uploads\/2024\/05\/vital3-180x180.jpg 180w, https:\/\/tehnoformat.md\/wp-content\/uploads\/2024\/05\/vital3-100x100.jpg 100w, https:\/\/tehnoformat.md\/wp-content\/uploads\/2024\/05\/vital3-54x54.jpg 54w, https:\/\/tehnoformat.md\/wp-content\/uploads\/2024\/05\/vital3-80x80.jpg 80w\" sizes=\"(max-width: 602px) 100vw, 602px\" \/>\t\t\t\t\t\t\t\t\t\t\t\t\t\t\t<\/div>\n\t\t\t\t<\/div>\n\t\t\t\t<\/div>\n\t\t\t\t\t<\/div>\n\t\t\t\t<\/div>\n\t\t<div class=\"elementor-element elementor-element-bf4040c e-flex e-con-boxed e-con e-parent\" data-id=\"bf4040c\" data-element_type=\"container\" data-e-type=\"container\">\n\t\t\t\t\t<div class=\"e-con-inner\">\n\t\t<div class=\"elementor-element elementor-element-548b810 e-con-full e-flex e-con e-child\" data-id=\"548b810\" data-element_type=\"container\" data-e-type=\"container\">\n\t\t\t\t<div class=\"elementor-element elementor-element-ef05807 elementor-widget elementor-widget-image\" data-id=\"ef05807\" data-element_type=\"widget\" data-e-type=\"widget\" data-widget_type=\"image.default\">\n\t\t\t\t<div class=\"elementor-widget-container\">\n\t\t\t\t\t\t\t\t\t\t\t\t\t\t\t<img decoding=\"async\" width=\"1024\" height=\"350\" src=\"https:\/\/tehnoformat.md\/wp-content\/uploads\/2024\/05\/vital-1024x350.jpg\" class=\"attachment-large size-large wp-image-20896\" alt=\"\" srcset=\"https:\/\/tehnoformat.md\/wp-content\/uploads\/2024\/05\/vital-1024x350.jpg 1024w, https:\/\/tehnoformat.md\/wp-content\/uploads\/2024\/05\/vital-300x103.jpg 300w, https:\/\/tehnoformat.md\/wp-content\/uploads\/2024\/05\/vital-768x263.jpg 768w, https:\/\/tehnoformat.md\/wp-content\/uploads\/2024\/05\/vital-1000x342.jpg 1000w, https:\/\/tehnoformat.md\/wp-content\/uploads\/2024\/05\/vital.jpg 1198w\" sizes=\"(max-width: 1024px) 100vw, 1024px\" \/>\t\t\t\t\t\t\t\t\t\t\t\t\t\t\t<\/div>\n\t\t\t\t<\/div>\n\t\t\t\t<\/div>\n\t\t<div class=\"elementor-element elementor-element-75807b3 e-con-full e-flex e-con e-child\" data-id=\"75807b3\" data-element_type=\"container\" data-e-type=\"container\">\n\t\t\t\t<div class=\"elementor-element elementor-element-0ff6035 elementor-widget elementor-widget-text-editor\" data-id=\"0ff6035\" data-element_type=\"widget\" data-e-type=\"widget\" data-widget_type=\"text-editor.default\">\n\t\t\t\t<div class=\"elementor-widget-container\">\n\t\t\t\t\t\t\t\t\t<p>Aparatul de aer condi\u021bionat Cooper&amp;Hunter Vital CH-FTXF-NG ofer\u0103 un sistem avansat de purificare a aerului, inclusiv \u0219apte filtre CH7-Sky Technology. Tehnologia filtrului CH SMART-Ion creeaz\u0103 un flux de ioni \u00eenc\u0103rca\u021bi negativ care ajut\u0103 la eliminarea prafului, viru\u0219ilor, bacteriilor, sporilor \u0219i polenului, asigur\u00e2nd un microclimat curat \u0219i s\u0103n\u0103tos \u00een casa dumneavoastr\u0103. <\/p>\t\t\t\t\t\t\t\t<\/div>\n\t\t\t\t<\/div>\n\t\t\t\t<\/div>\n\t\t\t\t\t<\/div>\n\t\t\t\t<\/div>\n\t\t<div class=\"elementor-element elementor-element-9c5cf7a e-flex e-con-boxed e-con e-parent\" data-id=\"9c5cf7a\" data-element_type=\"container\" data-e-type=\"container\">\n\t\t\t\t\t<div class=\"e-con-inner\">\n\t\t<div class=\"elementor-element elementor-element-1b3a5db e-con-full e-flex e-con e-child\" data-id=\"1b3a5db\" data-element_type=\"container\" data-e-type=\"container\">\n\t\t\t\t<div class=\"elementor-element elementor-element-465cf9a elementor-widget elementor-widget-text-editor\" data-id=\"465cf9a\" data-element_type=\"widget\" data-e-type=\"widget\" data-widget_type=\"text-editor.default\">\n\t\t\t\t<div class=\"elementor-widget-container\">\n\t\t\t\t\t\t\t\t\t<p>Aparatul de aer condi\u021bionat Cooper&amp;Hunter Vital CH-FTXF-NG are un temporizator convenabil care v\u0103 permite s\u0103 seta\u021bi rapid parametrii de timp dori\u021bi pentru func\u021bionare. Func\u021bia de autodiagnosticare monitorizeaz\u0103 principalele caracteristici de func\u021bionare pentru a preveni defec\u021biunile \u0219i func\u021bionarea defectuoas\u0103. Dac\u0103 apare o problem\u0103, afi\u0219ajul aparatului de aer condi\u021bionat afi\u0219eaz\u0103 un cod de eroare pentru un r\u0103spuns rapid.  <\/p>\t\t\t\t\t\t\t\t<\/div>\n\t\t\t\t<\/div>\n\t\t\t\t<\/div>\n\t\t<div class=\"elementor-element elementor-element-3771416 e-con-full e-flex e-con e-child\" data-id=\"3771416\" data-element_type=\"container\" data-e-type=\"container\">\n\t\t\t\t<div class=\"elementor-element elementor-element-014b900 elementor-widget elementor-widget-image\" data-id=\"014b900\" data-element_type=\"widget\" data-e-type=\"widget\" data-widget_type=\"image.default\">\n\t\t\t\t<div class=\"elementor-widget-container\">\n\t\t\t\t\t\t\t\t\t\t\t\t\t\t\t<img decoding=\"async\" width=\"768\" height=\"768\" src=\"https:\/\/tehnoformat.md\/wp-content\/uploads\/2024\/05\/vital2.jpg\" class=\"attachment-large size-large wp-image-20898\" alt=\"\" srcset=\"https:\/\/tehnoformat.md\/wp-content\/uploads\/2024\/05\/vital2.jpg 768w, https:\/\/tehnoformat.md\/wp-content\/uploads\/2024\/05\/vital2-300x300.jpg 300w, https:\/\/tehnoformat.md\/wp-content\/uploads\/2024\/05\/vital2-250x250.jpg 250w, https:\/\/tehnoformat.md\/wp-content\/uploads\/2024\/05\/vital2-180x180.jpg 180w, https:\/\/tehnoformat.md\/wp-content\/uploads\/2024\/05\/vital2-400x400.jpg 400w, https:\/\/tehnoformat.md\/wp-content\/uploads\/2024\/05\/vital2-100x100.jpg 100w, https:\/\/tehnoformat.md\/wp-content\/uploads\/2024\/05\/vital2-54x54.jpg 54w, https:\/\/tehnoformat.md\/wp-content\/uploads\/2024\/05\/vital2-310x310.jpg 310w, https:\/\/tehnoformat.md\/wp-content\/uploads\/2024\/05\/vital2-80x80.jpg 80w\" sizes=\"(max-width: 768px) 100vw, 768px\" \/>\t\t\t\t\t\t\t\t\t\t\t\t\t\t\t<\/div>\n\t\t\t\t<\/div>\n\t\t\t\t<\/div>\n\t\t\t\t\t<\/div>\n\t\t\t\t<\/div>\n\t\t<div class=\"elementor-element elementor-element-c879ba6 e-flex e-con-boxed e-con e-parent\" data-id=\"c879ba6\" data-element_type=\"container\" data-e-type=\"container\">\n\t\t\t\t\t<div class=\"e-con-inner\">\n\t\t<div class=\"elementor-element elementor-element-76dacdc e-con-full e-flex e-con e-child\" data-id=\"76dacdc\" data-element_type=\"container\" data-e-type=\"container\">\n\t\t\t\t<div class=\"elementor-element elementor-element-5816c3d elementor-widget elementor-widget-image\" data-id=\"5816c3d\" data-element_type=\"widget\" data-e-type=\"widget\" data-widget_type=\"image.default\">\n\t\t\t\t<div class=\"elementor-widget-container\">\n\t\t\t\t\t\t\t\t\t\t\t\t\t\t\t<img loading=\"lazy\" decoding=\"async\" width=\"768\" height=\"896\" src=\"https:\/\/tehnoformat.md\/wp-content\/uploads\/2024\/05\/vital10.jpg\" class=\"attachment-large size-large wp-image-20906\" alt=\"\" srcset=\"https:\/\/tehnoformat.md\/wp-content\/uploads\/2024\/05\/vital10.jpg 768w, https:\/\/tehnoformat.md\/wp-content\/uploads\/2024\/05\/vital10-257x300.jpg 257w\" sizes=\"(max-width: 768px) 100vw, 768px\" \/>\t\t\t\t\t\t\t\t\t\t\t\t\t\t\t<\/div>\n\t\t\t\t<\/div>\n\t\t\t\t<\/div>\n\t\t<div class=\"elementor-element elementor-element-ff81a68 e-con-full e-flex e-con e-child\" data-id=\"ff81a68\" data-element_type=\"container\" data-e-type=\"container\">\n\t\t\t\t<div class=\"elementor-element elementor-element-364c664 elementor-widget elementor-widget-text-editor\" data-id=\"364c664\" data-element_type=\"widget\" data-e-type=\"widget\" data-widget_type=\"text-editor.default\">\n\t\t\t\t<div class=\"elementor-widget-container\">\n\t\t\t\t\t\t\t\t\t<p>Aparatul de aer condi\u021bionat Cooper&amp;Hunter Vital CH-FTXF-NG accept\u0103 control prin Wi-Fi, ceea ce v\u0103 permite s\u0103 \u00eel controla\u021bi folosind un dispozitiv mobil pe Android sau iOS, nu doar cu o telecomand\u0103. Aceasta este o solu\u021bie convenabil\u0103 pentru monitorizarea aparatului de aer condi\u021bionat de oriunde din casa dumneavoastr\u0103. <\/p>\t\t\t\t\t\t\t\t<\/div>\n\t\t\t\t<\/div>\n\t\t\t\t<\/div>\n\t\t\t\t\t<\/div>\n\t\t\t\t<\/div>\n\t\t<div class=\"elementor-element elementor-element-13726a9 e-flex e-con-boxed e-con e-parent\" data-id=\"13726a9\" data-element_type=\"container\" data-e-type=\"container\">\n\t\t\t\t\t<div class=\"e-con-inner\">\n\t\t<div class=\"elementor-element elementor-element-8a5e109 e-con-full e-flex e-con e-child\" data-id=\"8a5e109\" data-element_type=\"container\" data-e-type=\"container\">\n\t\t\t\t<div class=\"elementor-element elementor-element-6a2120f elementor-widget elementor-widget-text-editor\" data-id=\"6a2120f\" data-element_type=\"widget\" data-e-type=\"widget\" data-widget_type=\"text-editor.default\">\n\t\t\t\t<div class=\"elementor-widget-container\">\n\t\t\t\t\t\t\t\t\t<h3 class=\"l-title l-title-center l-title-colorw\" style=\"text-align: center;\">Tehnologia I-Action<\/h3><p class=\"l-paragraph l-paragraph-center l-paragraph-colorw\" style=\"text-align: center;\">Compresorul bazat pe tehnologii inverter cre\u0219te eficien\u021ba echipamentului, reduc\u00e2nd \u00een acela\u0219i timp semnificativ consumul de energie. Compresorul inverter func\u021bioneaz\u0103 mai productiv \u0219i mai silen\u021bios. C\u00e2nd se atinge temperatura setat\u0103 \u00een \u00eenc\u0103pere, acesta nu se opre\u0219te, ci reduce viteza la minimum, \u00eencet\u00e2nd practic s\u0103 mai consume energie electric\u0103. Tehnologia proprie I-Action asigur\u0103 o func\u021bionare lin\u0103 \u0219i stabil\u0103 a compresorului la frecven\u021be joase.   <\/p>\t\t\t\t\t\t\t\t<\/div>\n\t\t\t\t<\/div>\n\t\t\t\t<\/div>\n\t\t<div class=\"elementor-element elementor-element-188db05 e-con-full e-flex e-con e-child\" data-id=\"188db05\" data-element_type=\"container\" data-e-type=\"container\">\n\t\t\t\t<div class=\"elementor-element elementor-element-85d5679 elementor-widget elementor-widget-image\" data-id=\"85d5679\" data-element_type=\"widget\" data-e-type=\"widget\" data-widget_type=\"image.default\">\n\t\t\t\t<div class=\"elementor-widget-container\">\n\t\t\t\t\t\t\t\t\t\t\t\t\t\t\t<img loading=\"lazy\" decoding=\"async\" width=\"700\" height=\"169\" src=\"https:\/\/tehnoformat.md\/wp-content\/uploads\/2024\/04\/gree-amber5.jpg\" class=\"attachment-large size-large wp-image-20801\" alt=\"\" srcset=\"https:\/\/tehnoformat.md\/wp-content\/uploads\/2024\/04\/gree-amber5.jpg 700w, https:\/\/tehnoformat.md\/wp-content\/uploads\/2024\/04\/gree-amber5-300x72.jpg 300w\" sizes=\"(max-width: 700px) 100vw, 700px\" \/>\t\t\t\t\t\t\t\t\t\t\t\t\t\t\t<\/div>\n\t\t\t\t<\/div>\n\t\t\t\t<\/div>\n\t\t\t\t\t<\/div>\n\t\t\t\t<\/div>\n\t\t<div class=\"elementor-element elementor-element-04eb0f7 e-flex e-con-boxed e-con e-parent\" data-id=\"04eb0f7\" data-element_type=\"container\" data-e-type=\"container\">\n\t\t\t\t\t<div class=\"e-con-inner\">\n\t\t\t\t<div class=\"elementor-element elementor-element-ffbc00a elementor-widget elementor-widget-image\" data-id=\"ffbc00a\" data-element_type=\"widget\" data-e-type=\"widget\" data-widget_type=\"image.default\">\n\t\t\t\t<div class=\"elementor-widget-container\">\n\t\t\t\t\t\t\t\t\t\t\t\t\t\t\t<img loading=\"lazy\" decoding=\"async\" width=\"1024\" height=\"538\" src=\"https:\/\/tehnoformat.md\/wp-content\/uploads\/2024\/05\/vital-demensiuni-1024x538.jpg\" class=\"attachment-large size-large wp-image-20907\" alt=\"\" srcset=\"https:\/\/tehnoformat.md\/wp-content\/uploads\/2024\/05\/vital-demensiuni-1024x538.jpg 1024w, https:\/\/tehnoformat.md\/wp-content\/uploads\/2024\/05\/vital-demensiuni-300x158.jpg 300w, https:\/\/tehnoformat.md\/wp-content\/uploads\/2024\/05\/vital-demensiuni-768x404.jpg 768w, https:\/\/tehnoformat.md\/wp-content\/uploads\/2024\/05\/vital-demensiuni-1536x808.jpg 1536w, https:\/\/tehnoformat.md\/wp-content\/uploads\/2024\/05\/vital-demensiuni-1000x526.jpg 1000w, https:\/\/tehnoformat.md\/wp-content\/uploads\/2024\/05\/vital-demensiuni.jpg 1552w\" sizes=\"(max-width: 1024px) 100vw, 1024px\" \/>\t\t\t\t\t\t\t\t\t\t\t\t\t\t\t<\/div>\n\t\t\t\t<\/div>\n\t\t\t\t\t<\/div>\n\t\t\t\t<\/div>\n\t\t\t\t<\/div>\n\t\t","protected":false},"excerpt":{"rendered":"<p>Cooper&amp;Hunter Vital CH-FTXF-NG Acest aparat de aer condi\u021bionat modern \u0219i puternic, Cooper&amp;Hunter Vital CH-FTXF-NG, va oferi o atmosfer\u0103 confortabil\u0103 \u00een casa dumneavoastr\u0103, indiferent de vreme. Datorit\u0103 tehnologiei inverter, func\u021bioneaz\u0103 eficient \u00eentr-o gam\u0103 larg\u0103 de temperaturi exterioare, oferind at\u00e2t \u00eenc\u0103lzire \u00een intervalul de la -15\u00b0C la +24\u00b0C, c\u00e2t \u0219i r\u0103cire de la -15\u00b0C la +48\u00b0C. \u00cen [&hellip;]<\/p>\n","protected":false},"featured_media":20902,"comment_status":"closed","ping_status":"open","template":"","meta":[],"product_brand":[],"product_cat":[793,783],"product_tag":[1029,899,913,1034,938,973,1041],"class_list":{"0":"post-24438","1":"product","2":"type-product","3":"status-publish","4":"has-post-thumbnail","6":"product_cat-aparate-de-tip-split","7":"product_cat-conditionere","8":"product_tag-aer-conditionat-ro-2","9":"product_tag-btu-ro","10":"product_tag-ch-ro","11":"product_tag-conditioner-ro","12":"product_tag-cooperhunter-ro","13":"product_tag-inverter-ro","14":"product_tag-split-sistem-ro","15":"ts_product_brand-cooperhunter-ro","17":"first","18":"instock","19":"sale","20":"shipping-taxable","21":"purchasable","22":"product-type-simple","23":"add-to-wishlist-after_add_to_cart"},"yoast_head":"<!-- This site is optimized with the Yoast SEO plugin v27.3 - https:\/\/yoast.com\/product\/yoast-seo-wordpress\/ -->\n<title>Cooper&amp;Hunter Vital CH-S12FTXF2-NG - Tehnoformat<\/title>\n<meta name=\"robots\" content=\"index, follow, max-snippet:-1, max-image-preview:large, max-video-preview:-1\" \/>\n<link rel=\"canonical\" href=\"https:\/\/tehnoformat.md\/ro\/produs\/cooperhunter-vital-ch-s12ftxf2-ng\/\" \/>\n<meta property=\"og:locale\" content=\"ro_RO\" \/>\n<meta property=\"og:type\" content=\"article\" \/>\n<meta property=\"og:title\" content=\"Cooper&amp;Hunter Vital CH-S12FTXF2-NG - Tehnoformat\" \/>\n<meta property=\"og:description\" content=\"Cooper&amp;Hunter Vital CH-FTXF-NG Acest aparat de aer condi\u021bionat modern \u0219i puternic, Cooper&amp;Hunter Vital CH-FTXF-NG, va oferi o atmosfer\u0103 confortabil\u0103 \u00een casa dumneavoastr\u0103, indiferent de vreme. Datorit\u0103 tehnologiei inverter, func\u021bioneaz\u0103 eficient \u00eentr-o gam\u0103 larg\u0103 de temperaturi exterioare, oferind at\u00e2t \u00eenc\u0103lzire \u00een intervalul de la -15\u00b0C la +24\u00b0C, c\u00e2t \u0219i r\u0103cire de la -15\u00b0C la +48\u00b0C. \u00cen [&hellip;]\" \/>\n<meta property=\"og:url\" content=\"https:\/\/tehnoformat.md\/ro\/produs\/cooperhunter-vital-ch-s12ftxf2-ng\/\" \/>\n<meta property=\"og:site_name\" content=\"Tehnoformat\" \/>\n<meta property=\"article:publisher\" content=\"https:\/\/www.facebook.com\/formatterm\" \/>\n<meta property=\"article:modified_time\" content=\"2025-06-27T13:54:41+00:00\" \/>\n<meta property=\"og:image\" content=\"https:\/\/tehnoformat.md\/wp-content\/uploads\/2024\/05\/vital6.jpg\" \/>\n\t<meta property=\"og:image:width\" content=\"1000\" \/>\n\t<meta property=\"og:image:height\" content=\"1000\" \/>\n\t<meta property=\"og:image:type\" content=\"image\/jpeg\" \/>\n<meta name=\"twitter:card\" content=\"summary_large_image\" \/>\n<meta name=\"twitter:label1\" content=\"Timp estimat pentru citire\" \/>\n\t<meta name=\"twitter:data1\" content=\"3 minute\" \/>\n<script type=\"application\/ld+json\" class=\"yoast-schema-graph\">{\"@context\":\"https:\\\/\\\/schema.org\",\"@graph\":[{\"@type\":\"WebPage\",\"@id\":\"https:\\\/\\\/tehnoformat.md\\\/ro\\\/produs\\\/cooperhunter-vital-ch-s12ftxf2-ng\\\/\",\"url\":\"https:\\\/\\\/tehnoformat.md\\\/ro\\\/produs\\\/cooperhunter-vital-ch-s12ftxf2-ng\\\/\",\"name\":\"Cooper&amp;Hunter Vital CH-S12FTXF2-NG - Tehnoformat\",\"isPartOf\":{\"@id\":\"https:\\\/\\\/tehnoformat.md\\\/ro\\\/#website\"},\"primaryImageOfPage\":{\"@id\":\"https:\\\/\\\/tehnoformat.md\\\/ro\\\/produs\\\/cooperhunter-vital-ch-s12ftxf2-ng\\\/#primaryimage\"},\"image\":{\"@id\":\"https:\\\/\\\/tehnoformat.md\\\/ro\\\/produs\\\/cooperhunter-vital-ch-s12ftxf2-ng\\\/#primaryimage\"},\"thumbnailUrl\":\"https:\\\/\\\/tehnoformat.md\\\/wp-content\\\/uploads\\\/2024\\\/05\\\/vital6.jpg\",\"datePublished\":\"2024-05-03T07:25:20+00:00\",\"dateModified\":\"2025-06-27T13:54:41+00:00\",\"breadcrumb\":{\"@id\":\"https:\\\/\\\/tehnoformat.md\\\/ro\\\/produs\\\/cooperhunter-vital-ch-s12ftxf2-ng\\\/#breadcrumb\"},\"inLanguage\":\"ro-RO\",\"potentialAction\":[{\"@type\":\"ReadAction\",\"target\":[\"https:\\\/\\\/tehnoformat.md\\\/ro\\\/produs\\\/cooperhunter-vital-ch-s12ftxf2-ng\\\/\"]}]},{\"@type\":\"ImageObject\",\"inLanguage\":\"ro-RO\",\"@id\":\"https:\\\/\\\/tehnoformat.md\\\/ro\\\/produs\\\/cooperhunter-vital-ch-s12ftxf2-ng\\\/#primaryimage\",\"url\":\"https:\\\/\\\/tehnoformat.md\\\/wp-content\\\/uploads\\\/2024\\\/05\\\/vital6.jpg\",\"contentUrl\":\"https:\\\/\\\/tehnoformat.md\\\/wp-content\\\/uploads\\\/2024\\\/05\\\/vital6.jpg\",\"width\":1000,\"height\":1000},{\"@type\":\"BreadcrumbList\",\"@id\":\"https:\\\/\\\/tehnoformat.md\\\/ro\\\/produs\\\/cooperhunter-vital-ch-s12ftxf2-ng\\\/#breadcrumb\",\"itemListElement\":[{\"@type\":\"ListItem\",\"position\":1,\"name\":\"Pagina principal\u0103\",\"item\":\"https:\\\/\\\/tehnoformat.md\\\/ro\\\/\"},{\"@type\":\"ListItem\",\"position\":2,\"name\":\"Magazin\",\"item\":\"https:\\\/\\\/tehnoformat.md\\\/ro\\\/shop\\\/\"},{\"@type\":\"ListItem\",\"position\":3,\"name\":\"Cooper&amp;Hunter Vital CH-S12FTXF2-NG\"}]},{\"@type\":\"WebSite\",\"@id\":\"https:\\\/\\\/tehnoformat.md\\\/ro\\\/#website\",\"url\":\"https:\\\/\\\/tehnoformat.md\\\/ro\\\/\",\"name\":\"Tehnoformat.md\",\"description\":\"\",\"publisher\":{\"@id\":\"https:\\\/\\\/tehnoformat.md\\\/ro\\\/#organization\"},\"potentialAction\":[{\"@type\":\"SearchAction\",\"target\":{\"@type\":\"EntryPoint\",\"urlTemplate\":\"https:\\\/\\\/tehnoformat.md\\\/ro\\\/?s={search_term_string}\"},\"query-input\":{\"@type\":\"PropertyValueSpecification\",\"valueRequired\":true,\"valueName\":\"search_term_string\"}}],\"inLanguage\":\"ro-RO\"},{\"@type\":\"Organization\",\"@id\":\"https:\\\/\\\/tehnoformat.md\\\/ro\\\/#organization\",\"name\":\"Tehnoformat\",\"url\":\"https:\\\/\\\/tehnoformat.md\\\/ro\\\/\",\"logo\":{\"@type\":\"ImageObject\",\"inLanguage\":\"ro-RO\",\"@id\":\"https:\\\/\\\/tehnoformat.md\\\/ro\\\/#\\\/schema\\\/logo\\\/image\\\/\",\"url\":\"https:\\\/\\\/tehnoformat.md\\\/wp-content\\\/uploads\\\/2024\\\/10\\\/icon1.png\",\"contentUrl\":\"https:\\\/\\\/tehnoformat.md\\\/wp-content\\\/uploads\\\/2024\\\/10\\\/icon1.png\",\"width\":512,\"height\":512,\"caption\":\"Tehnoformat\"},\"image\":{\"@id\":\"https:\\\/\\\/tehnoformat.md\\\/ro\\\/#\\\/schema\\\/logo\\\/image\\\/\"},\"sameAs\":[\"https:\\\/\\\/www.facebook.com\\\/formatterm\",\"https:\\\/\\\/www.instagram.com\\\/tehnoformat.md\\\/\"]}]}<\/script>\n<!-- \/ Yoast SEO plugin. -->","yoast_head_json":{"title":"Cooper&amp;Hunter Vital CH-S12FTXF2-NG - Tehnoformat","robots":{"index":"index","follow":"follow","max-snippet":"max-snippet:-1","max-image-preview":"max-image-preview:large","max-video-preview":"max-video-preview:-1"},"canonical":"https:\/\/tehnoformat.md\/ro\/produs\/cooperhunter-vital-ch-s12ftxf2-ng\/","og_locale":"ro_RO","og_type":"article","og_title":"Cooper&amp;Hunter Vital CH-S12FTXF2-NG - Tehnoformat","og_description":"Cooper&amp;Hunter Vital CH-FTXF-NG Acest aparat de aer condi\u021bionat modern \u0219i puternic, Cooper&amp;Hunter Vital CH-FTXF-NG, va oferi o atmosfer\u0103 confortabil\u0103 \u00een casa dumneavoastr\u0103, indiferent de vreme. Datorit\u0103 tehnologiei inverter, func\u021bioneaz\u0103 eficient \u00eentr-o gam\u0103 larg\u0103 de temperaturi exterioare, oferind at\u00e2t \u00eenc\u0103lzire \u00een intervalul de la -15\u00b0C la +24\u00b0C, c\u00e2t \u0219i r\u0103cire de la -15\u00b0C la +48\u00b0C. \u00cen [&hellip;]","og_url":"https:\/\/tehnoformat.md\/ro\/produs\/cooperhunter-vital-ch-s12ftxf2-ng\/","og_site_name":"Tehnoformat","article_publisher":"https:\/\/www.facebook.com\/formatterm","article_modified_time":"2025-06-27T13:54:41+00:00","og_image":[{"width":1000,"height":1000,"url":"https:\/\/tehnoformat.md\/wp-content\/uploads\/2024\/05\/vital6.jpg","type":"image\/jpeg"}],"twitter_card":"summary_large_image","twitter_misc":{"Timp estimat pentru citire":"3 minute"},"schema":{"@context":"https:\/\/schema.org","@graph":[{"@type":"WebPage","@id":"https:\/\/tehnoformat.md\/ro\/produs\/cooperhunter-vital-ch-s12ftxf2-ng\/","url":"https:\/\/tehnoformat.md\/ro\/produs\/cooperhunter-vital-ch-s12ftxf2-ng\/","name":"Cooper&amp;Hunter Vital CH-S12FTXF2-NG - Tehnoformat","isPartOf":{"@id":"https:\/\/tehnoformat.md\/ro\/#website"},"primaryImageOfPage":{"@id":"https:\/\/tehnoformat.md\/ro\/produs\/cooperhunter-vital-ch-s12ftxf2-ng\/#primaryimage"},"image":{"@id":"https:\/\/tehnoformat.md\/ro\/produs\/cooperhunter-vital-ch-s12ftxf2-ng\/#primaryimage"},"thumbnailUrl":"https:\/\/tehnoformat.md\/wp-content\/uploads\/2024\/05\/vital6.jpg","datePublished":"2024-05-03T07:25:20+00:00","dateModified":"2025-06-27T13:54:41+00:00","breadcrumb":{"@id":"https:\/\/tehnoformat.md\/ro\/produs\/cooperhunter-vital-ch-s12ftxf2-ng\/#breadcrumb"},"inLanguage":"ro-RO","potentialAction":[{"@type":"ReadAction","target":["https:\/\/tehnoformat.md\/ro\/produs\/cooperhunter-vital-ch-s12ftxf2-ng\/"]}]},{"@type":"ImageObject","inLanguage":"ro-RO","@id":"https:\/\/tehnoformat.md\/ro\/produs\/cooperhunter-vital-ch-s12ftxf2-ng\/#primaryimage","url":"https:\/\/tehnoformat.md\/wp-content\/uploads\/2024\/05\/vital6.jpg","contentUrl":"https:\/\/tehnoformat.md\/wp-content\/uploads\/2024\/05\/vital6.jpg","width":1000,"height":1000},{"@type":"BreadcrumbList","@id":"https:\/\/tehnoformat.md\/ro\/produs\/cooperhunter-vital-ch-s12ftxf2-ng\/#breadcrumb","itemListElement":[{"@type":"ListItem","position":1,"name":"Pagina principal\u0103","item":"https:\/\/tehnoformat.md\/ro\/"},{"@type":"ListItem","position":2,"name":"Magazin","item":"https:\/\/tehnoformat.md\/ro\/shop\/"},{"@type":"ListItem","position":3,"name":"Cooper&amp;Hunter Vital CH-S12FTXF2-NG"}]},{"@type":"WebSite","@id":"https:\/\/tehnoformat.md\/ro\/#website","url":"https:\/\/tehnoformat.md\/ro\/","name":"Tehnoformat.md","description":"","publisher":{"@id":"https:\/\/tehnoformat.md\/ro\/#organization"},"potentialAction":[{"@type":"SearchAction","target":{"@type":"EntryPoint","urlTemplate":"https:\/\/tehnoformat.md\/ro\/?s={search_term_string}"},"query-input":{"@type":"PropertyValueSpecification","valueRequired":true,"valueName":"search_term_string"}}],"inLanguage":"ro-RO"},{"@type":"Organization","@id":"https:\/\/tehnoformat.md\/ro\/#organization","name":"Tehnoformat","url":"https:\/\/tehnoformat.md\/ro\/","logo":{"@type":"ImageObject","inLanguage":"ro-RO","@id":"https:\/\/tehnoformat.md\/ro\/#\/schema\/logo\/image\/","url":"https:\/\/tehnoformat.md\/wp-content\/uploads\/2024\/10\/icon1.png","contentUrl":"https:\/\/tehnoformat.md\/wp-content\/uploads\/2024\/10\/icon1.png","width":512,"height":512,"caption":"Tehnoformat"},"image":{"@id":"https:\/\/tehnoformat.md\/ro\/#\/schema\/logo\/image\/"},"sameAs":["https:\/\/www.facebook.com\/formatterm","https:\/\/www.instagram.com\/tehnoformat.md\/"]}]}},"_links":{"self":[{"href":"https:\/\/tehnoformat.md\/ro\/wp-json\/wp\/v2\/product\/24438","targetHints":{"allow":["GET"]}}],"collection":[{"href":"https:\/\/tehnoformat.md\/ro\/wp-json\/wp\/v2\/product"}],"about":[{"href":"https:\/\/tehnoformat.md\/ro\/wp-json\/wp\/v2\/types\/product"}],"replies":[{"embeddable":true,"href":"https:\/\/tehnoformat.md\/ro\/wp-json\/wp\/v2\/comments?post=24438"}],"version-history":[{"count":4,"href":"https:\/\/tehnoformat.md\/ro\/wp-json\/wp\/v2\/product\/24438\/revisions"}],"predecessor-version":[{"id":24443,"href":"https:\/\/tehnoformat.md\/ro\/wp-json\/wp\/v2\/product\/24438\/revisions\/24443"}],"wp:featuredmedia":[{"embeddable":true,"href":"https:\/\/tehnoformat.md\/ro\/wp-json\/wp\/v2\/media\/20902"}],"wp:attachment":[{"href":"https:\/\/tehnoformat.md\/ro\/wp-json\/wp\/v2\/media?parent=24438"}],"wp:term":[{"taxonomy":"product_brand","embeddable":true,"href":"https:\/\/tehnoformat.md\/ro\/wp-json\/wp\/v2\/product_brand?post=24438"},{"taxonomy":"product_cat","embeddable":true,"href":"https:\/\/tehnoformat.md\/ro\/wp-json\/wp\/v2\/product_cat?post=24438"},{"taxonomy":"product_tag","embeddable":true,"href":"https:\/\/tehnoformat.md\/ro\/wp-json\/wp\/v2\/product_tag?post=24438"}],"curies":[{"name":"wp","href":"https:\/\/api.w.org\/{rel}","templated":true}]}}