{"id":23338,"date":"2024-11-18T17:55:03","date_gmt":"2024-11-18T14:55:03","guid":{"rendered":"https:\/\/tehnoformat.md\/product\/tesy-gcv-150-44tsr-bilight\/"},"modified":"2025-05-14T17:02:53","modified_gmt":"2025-05-14T14:02:53","slug":"tesy-gcv-150-44tsr-bilight","status":"publish","type":"product","link":"https:\/\/tehnoformat.md\/ro\/produs\/tesy-gcv-150-44tsr-bilight\/","title":{"rendered":"Tesy GCV 150 44TSR BiLight"},"content":{"rendered":"\t\t<div data-elementor-type=\"wp-post\" data-elementor-id=\"23338\" class=\"elementor elementor-23338 elementor-18953\">\n\t\t\t\t<div class=\"elementor-element elementor-element-c1b555e e-grid e-con-boxed e-con e-parent\" data-id=\"c1b555e\" data-element_type=\"container\" data-e-type=\"container\">\n\t\t\t\t\t<div class=\"e-con-inner\">\n\t\t\t\t<div class=\"elementor-element elementor-element-79d2767 elementor-align-center elementor-widget elementor-widget-button\" data-id=\"79d2767\" data-element_type=\"widget\" data-e-type=\"widget\" data-widget_type=\"button.default\">\n\t\t\t\t<div class=\"elementor-widget-container\">\n\t\t\t\t\t\t\t\t\t<div class=\"elementor-button-wrapper\">\n\t\t\t\t\t<a target=\"_blank\" rel=\"nofollow\" href=\"https:\/\/tehnoformat.md\/goto\/https:\/\/tesy.ru\/produkty\/datasheet\/308\" class=\"elementor-button elementor-button-link elementor-size-sm\" >\n\t\t\t\t\t\t<span class=\"elementor-button-content-wrapper\">\n\t\t\t\t\t\t\t\t\t<span class=\"elementor-button-text\">Pa\u0219aport<\/span>\n\t\t\t\t\t<\/span>\n\t\t\t\t\t<\/a>\n\t\t\t\t<\/div>\n\t\t\t\t\t\t\t\t<\/div>\n\t\t\t\t<\/div>\n\t\t\t\t<div class=\"elementor-element elementor-element-3073977 elementor-align-center elementor-widget elementor-widget-button\" data-id=\"3073977\" data-element_type=\"widget\" data-e-type=\"widget\" data-widget_type=\"button.default\">\n\t\t\t\t<div class=\"elementor-widget-container\">\n\t\t\t\t\t\t\t\t\t<div class=\"elementor-button-wrapper\">\n\t\t\t\t\t<a target=\"_blank\" rel=\"nofollow\" href=\"https:\/\/tehnoformat.md\/goto\/https:\/\/tesy.kz\/web\/files\/richeditor\/TESY%20Home%20RU%20v1.6.pdf\" class=\"elementor-button elementor-button-link elementor-size-sm\" >\n\t\t\t\t\t\t<span class=\"elementor-button-content-wrapper\">\n\t\t\t\t\t\t\t\t\t<span class=\"elementor-button-text\">Catalog<\/span>\n\t\t\t\t\t<\/span>\n\t\t\t\t\t<\/a>\n\t\t\t\t<\/div>\n\t\t\t\t\t\t\t\t<\/div>\n\t\t\t\t<\/div>\n\t\t\t\t<div class=\"elementor-element elementor-element-28c4b0a elementor-align-center elementor-widget elementor-widget-button\" data-id=\"28c4b0a\" data-element_type=\"widget\" data-e-type=\"widget\" data-widget_type=\"button.default\">\n\t\t\t\t<div class=\"elementor-widget-container\">\n\t\t\t\t\t\t\t\t\t<div class=\"elementor-button-wrapper\">\n\t\t\t\t\t<a target=\"_blank\" rel=\"nofollow\" href=\"https:\/\/tehnoformat.md\/goto\/https:\/\/tesy.es\/web\/files\/richeditor\/TESY%20Catalogue%20EWH%20SPAIN%20%202021_22.pdf\" class=\"elementor-button elementor-button-link elementor-size-sm\" >\n\t\t\t\t\t\t<span class=\"elementor-button-content-wrapper\">\n\t\t\t\t\t\t\t\t\t<span class=\"elementor-button-text\">Catalog<\/span>\n\t\t\t\t\t<\/span>\n\t\t\t\t\t<\/a>\n\t\t\t\t<\/div>\n\t\t\t\t\t\t\t\t<\/div>\n\t\t\t\t<\/div>\n\t\t\t\t\t<\/div>\n\t\t\t\t<\/div>\n\t\t<div class=\"elementor-element elementor-element-0e7b79e e-grid e-con-boxed e-con e-parent\" data-id=\"0e7b79e\" data-element_type=\"container\" data-e-type=\"container\">\n\t\t\t\t\t<div class=\"e-con-inner\">\n\t\t\t\t<div class=\"elementor-element elementor-element-a2b0fcb elementor-widget elementor-widget-text-editor\" data-id=\"a2b0fcb\" data-element_type=\"widget\" data-e-type=\"widget\" data-widget_type=\"text-editor.default\">\n\t\t\t\t<div class=\"elementor-widget-container\">\n\t\t\t\t\t\t\t\t\t<p>Boilerul <strong>Tesy Bilight GCV 150 44TSR BiLight<\/strong> are un design rotund bine g\u00e2ndit, destinat mont\u0103rii pe perete \u00een pozi\u021bie vertical\u0103 cu alimentare cu conduct\u0103 inferioar\u0103. Un <strong>element de \u00eenc\u0103lzire umed<\/strong> puternic cu o capacitate de 2,0 kW este responsabil pentru \u00eenc\u0103lzirea apei, asigur\u00e2nd func\u021bionarea eficient\u0103 a dispozitivului. <\/p><h6>Principalele caracteristici:<\/h6><ul><li><strong>Presiune de lucru:<\/strong> Modelul este capabil s\u0103 lucreze cu ap\u0103 sub presiune de p\u00e2n\u0103 la 8 bari, ceea ce \u00eel face potrivit pentru sistemele standard de alimentare cu ap\u0103.<\/li><li><strong>Control mecanic:<\/strong> Boilerul este echipat cu un sistem de control mecanic convenabil, inclusiv un indicator de putere \u0219i un termometru \u00eencorporat pentru controlul temperaturii.<\/li><li><strong>Siguran\u021ba:<\/strong> Aparatul este echipat cu un termostat cu protec\u021bie termic\u0103 \u0219i electric\u0103, care previne supra\u00eenc\u0103lzirea \u0219i asigur\u0103 o func\u021bionare \u00een siguran\u021b\u0103.<\/li><li><strong>Func\u021bii suplimentare:<\/strong> Boilerul are un mod de prevenire a \u00eenghe\u021bului \u0219i un \u00eentrerup\u0103tor electric rezistent la umiditate, care \u00eei cre\u0219te fiabilitatea \u0219i rezisten\u021ba la diferite condi\u021bii de func\u021bionare.<\/li><\/ul>\t\t\t\t\t\t\t\t<\/div>\n\t\t\t\t<\/div>\n\t\t\t\t<div class=\"elementor-element elementor-element-a1cd3d4 elementor-widget elementor-widget-image\" data-id=\"a1cd3d4\" data-element_type=\"widget\" data-e-type=\"widget\" data-widget_type=\"image.default\">\n\t\t\t\t<div class=\"elementor-widget-container\">\n\t\t\t\t\t\t\t\t\t\t\t\t\t\t\t<img fetchpriority=\"high\" decoding=\"async\" width=\"1024\" height=\"683\" src=\"https:\/\/tehnoformat.md\/wp-content\/uploads\/2024\/10\/tesy-gcv-30-3512-b11-tsrc-bilight8-1024x683.jpg\" class=\"attachment-large size-large wp-image-22543\" alt=\"\" srcset=\"https:\/\/tehnoformat.md\/wp-content\/uploads\/2024\/10\/tesy-gcv-30-3512-b11-tsrc-bilight8-1024x683.jpg 1024w, https:\/\/tehnoformat.md\/wp-content\/uploads\/2024\/10\/tesy-gcv-30-3512-b11-tsrc-bilight8-300x200.jpg 300w, https:\/\/tehnoformat.md\/wp-content\/uploads\/2024\/10\/tesy-gcv-30-3512-b11-tsrc-bilight8-768x512.jpg 768w, https:\/\/tehnoformat.md\/wp-content\/uploads\/2024\/10\/tesy-gcv-30-3512-b11-tsrc-bilight8-1000x667.jpg 1000w, https:\/\/tehnoformat.md\/wp-content\/uploads\/2024\/10\/tesy-gcv-30-3512-b11-tsrc-bilight8.jpg 1200w\" sizes=\"(max-width: 1024px) 100vw, 1024px\" \/>\t\t\t\t\t\t\t\t\t\t\t\t\t\t\t<\/div>\n\t\t\t\t<\/div>\n\t\t\t\t\t<\/div>\n\t\t\t\t<\/div>\n\t\t<div class=\"elementor-element elementor-element-80acec6 e-grid e-con-boxed e-con e-parent\" data-id=\"80acec6\" data-element_type=\"container\" data-e-type=\"container\">\n\t\t\t\t\t<div class=\"e-con-inner\">\n\t\t\t\t<div class=\"elementor-element elementor-element-e29bf0c elementor-widget elementor-widget-image\" data-id=\"e29bf0c\" data-element_type=\"widget\" data-e-type=\"widget\" data-widget_type=\"image.default\">\n\t\t\t\t<div class=\"elementor-widget-container\">\n\t\t\t\t\t\t\t\t\t\t\t\t\t\t\t<img decoding=\"async\" width=\"1000\" height=\"1000\" src=\"https:\/\/tehnoformat.md\/wp-content\/uploads\/2024\/10\/tesy-gcv-30-3512-b11-tsrc-bilight2.jpg\" class=\"attachment-large size-large wp-image-22537\" alt=\"\" srcset=\"https:\/\/tehnoformat.md\/wp-content\/uploads\/2024\/10\/tesy-gcv-30-3512-b11-tsrc-bilight2.jpg 1000w, https:\/\/tehnoformat.md\/wp-content\/uploads\/2024\/10\/tesy-gcv-30-3512-b11-tsrc-bilight2-300x300.jpg 300w, https:\/\/tehnoformat.md\/wp-content\/uploads\/2024\/10\/tesy-gcv-30-3512-b11-tsrc-bilight2-250x250.jpg 250w, https:\/\/tehnoformat.md\/wp-content\/uploads\/2024\/10\/tesy-gcv-30-3512-b11-tsrc-bilight2-768x768.jpg 768w, https:\/\/tehnoformat.md\/wp-content\/uploads\/2024\/10\/tesy-gcv-30-3512-b11-tsrc-bilight2-180x180.jpg 180w, https:\/\/tehnoformat.md\/wp-content\/uploads\/2024\/10\/tesy-gcv-30-3512-b11-tsrc-bilight2-400x400.jpg 400w, https:\/\/tehnoformat.md\/wp-content\/uploads\/2024\/10\/tesy-gcv-30-3512-b11-tsrc-bilight2-100x100.jpg 100w, https:\/\/tehnoformat.md\/wp-content\/uploads\/2024\/10\/tesy-gcv-30-3512-b11-tsrc-bilight2-54x54.jpg 54w, https:\/\/tehnoformat.md\/wp-content\/uploads\/2024\/10\/tesy-gcv-30-3512-b11-tsrc-bilight2-310x310.jpg 310w, https:\/\/tehnoformat.md\/wp-content\/uploads\/2024\/10\/tesy-gcv-30-3512-b11-tsrc-bilight2-80x80.jpg 80w\" sizes=\"(max-width: 1000px) 100vw, 1000px\" \/>\t\t\t\t\t\t\t\t\t\t\t\t\t\t\t<\/div>\n\t\t\t\t<\/div>\n\t\t\t\t<div class=\"elementor-element elementor-element-88c9fdd elementor-widget elementor-widget-text-editor\" data-id=\"88c9fdd\" data-element_type=\"widget\" data-e-type=\"widget\" data-widget_type=\"text-editor.default\">\n\t\t\t\t<div class=\"elementor-widget-container\">\n\t\t\t\t\t\t\t\t\t<p>Rezervoarele interne ale boilerelor <strong>TESY <\/strong>sunt fabricate folosind o tehnologie avansat\u0103 de acoperire cu ceramic\u0103 din sticl\u0103, care protejeaz\u0103 \u00een mod fiabil \u00eempotriva coroziunii \u0219i men\u021bine igiena ridicat\u0103 a apei. Aceast\u0103 acoperire ajut\u0103 la cre\u0219terea duratei de via\u021b\u0103 a dispozitivului \u0219i a func\u021bion\u0103rii sale f\u0103r\u0103 probleme, ceea ce face ca cazanele Tesy s\u0103 fie durabile \u0219i eficiente. <\/p><h6>Avantaje:<\/h6><ul><li><strong>Acoperire ceramic\u0103 din sticl\u0103:<\/strong> Ofer\u0103 protec\u021bie \u00eempotriva coroziunii \u0219i men\u021bine apa curat\u0103 \u0219i sigur\u0103 de utilizat, prelungind durata de via\u021b\u0103 a boilerului.<\/li><li><strong>Sudarea automat\u0103 cu plasm\u0103:<\/strong> O tehnologie unic\u0103 care une\u0219te dou\u0103 metale f\u0103r\u0103 utilizarea de materiale suplimentare. Acest lucru creeaz\u0103 o cus\u0103tur\u0103 puternic\u0103 \u0219i rezistent\u0103 la deteriorare, \u00eembun\u0103t\u0103\u021bind durabilitatea structurii. <\/li><li><strong>Izola\u021bie termic\u0103:<\/strong> Izola\u021bia termic\u0103 foarte eficient\u0103 din poliuretan extrudat de \u00eenalt\u0103 densitate asigur\u0103 pierderi minime de c\u0103ldur\u0103, f\u0103c\u00e2nd boilerul mai economic de utilizat.<\/li><li><strong>Anodul de magneziu:<\/strong> anodul cu durat\u0103 de via\u021b\u0103 extins\u0103 de trei ani protejeaz\u0103 \u00eempotriva coroziunii \u0219i poate fi \u00eenlocuit cu u\u0219urin\u021b\u0103 dac\u0103 este necesar.<\/li><\/ul><p>Aceste tehnologii inovatoare fac din boilerele TESY o alegere fiabil\u0103 pentru utilizare pe termen lung, asigur\u00e2nd eficien\u021ba \u0219i rentabilitatea dispozitivului.<\/p>\t\t\t\t\t\t\t\t<\/div>\n\t\t\t\t<\/div>\n\t\t\t\t\t<\/div>\n\t\t\t\t<\/div>\n\t\t<div class=\"elementor-element elementor-element-a74e418 e-grid e-con-boxed e-con e-parent\" data-id=\"a74e418\" data-element_type=\"container\" data-e-type=\"container\">\n\t\t\t\t\t<div class=\"e-con-inner\">\n\t\t\t\t<div class=\"elementor-element elementor-element-b6a2bf5 elementor-widget elementor-widget-text-editor\" data-id=\"b6a2bf5\" data-element_type=\"widget\" data-e-type=\"widget\" data-widget_type=\"text-editor.default\">\n\t\t\t\t<div class=\"elementor-widget-container\">\n\t\t\t\t\t\t\t\t\t<div class=\"flex-shrink-0 flex flex-col relative items-end\"><div><div class=\"pt-0\"><div class=\"gizmo-bot-avatar flex h-8 w-8 items-center justify-center overflow-hidden rounded-full\"><div class=\"relative p-1 rounded-sm flex items-center justify-center bg-token-main-surface-primary text-token-text-primary h-8 w-8\"> <\/div><\/div><\/div><\/div><\/div><div class=\"group\/conversation-turn relative flex w-full min-w-0 flex-col agent-turn\"><div class=\"flex-col gap-1 md:gap-3\"><div class=\"flex max-w-full flex-col flex-grow\"><div class=\"min-h-8 text-message flex w-full flex-col items-end gap-2 whitespace-normal break-words [.text-message+&amp;]:mt-5\" dir=\"auto\" data-message-author-role=\"assistant\" data-message-id=\"e001e3ed-c797-43b2-904f-58d70977e967\" data-message-model-slug=\"gpt-4o\"><div class=\"flex w-full flex-col gap-1 empty:hidden first:pt-[3px]\"><div class=\"markdown prose w-full break-words dark:prose-invert light\"><p>Tehnologia <strong>INSUTECH <\/strong>folosit\u0103 \u00een acest model de \u00eenc\u0103lzitor a fost special dezvoltat\u0103 pentru a asigura o izolare termica extrem de eficient\u0103. Una dintre caracteristicile cheie este absen\u021ba unei pun\u021bi termice \u00eentre rezervorul intern \u0219i banda de montare pe perete, care reduce pierderile de c\u0103ldur\u0103 cu <strong>16%<\/strong>, f\u0103c\u00e2nd boilerul mai economic \u0219i mai eficient de utilizat. <\/p><h6>Particularit\u0103\u021bi:<\/h6><ul><li><strong>Tehnologie PISTON EFFECT:<\/strong> Designul patentat al duzei \u00eencetine\u0219te amestecarea apei rece care intr\u0103 \u00een rezervor cu apa fierbinte deja \u00eenc\u0103lzit\u0103. Aceast\u0103 distribu\u021bie uniform\u0103 a presiunii \u00een zona de amestecare permite o cre\u0219tere cu <strong>15%<\/strong> a volumului de ap\u0103 cald\u0103 disponibil\u0103 \u00een compara\u021bie cu concuren\u021bii. <\/li><li><strong>Pierderi reduse de c\u0103ldur\u0103:<\/strong> Prin eliminarea pun\u021bii termice, dispozitivul re\u021bine c\u0103ldura mai mult timp, ceea ce ajut\u0103 la economisirea energiei \u0219i la \u00eembun\u0103t\u0103\u021birea eficien\u021bei cazanului.<\/li><\/ul><\/div><\/div><\/div><\/div><\/div><\/div>\t\t\t\t\t\t\t\t<\/div>\n\t\t\t\t<\/div>\n\t\t\t\t<div class=\"elementor-element elementor-element-1672da0 elementor-widget elementor-widget-image\" data-id=\"1672da0\" data-element_type=\"widget\" data-e-type=\"widget\" data-widget_type=\"image.default\">\n\t\t\t\t<div class=\"elementor-widget-container\">\n\t\t\t\t\t\t\t\t\t\t\t\t\t\t\t<img decoding=\"async\" width=\"1024\" height=\"683\" src=\"https:\/\/tehnoformat.md\/wp-content\/uploads\/2024\/10\/tesy-gcv-30-3512-b11-tsrc-bilight6-1024x683.jpg\" class=\"attachment-large size-large wp-image-22541\" alt=\"\" srcset=\"https:\/\/tehnoformat.md\/wp-content\/uploads\/2024\/10\/tesy-gcv-30-3512-b11-tsrc-bilight6-1024x683.jpg 1024w, https:\/\/tehnoformat.md\/wp-content\/uploads\/2024\/10\/tesy-gcv-30-3512-b11-tsrc-bilight6-300x200.jpg 300w, https:\/\/tehnoformat.md\/wp-content\/uploads\/2024\/10\/tesy-gcv-30-3512-b11-tsrc-bilight6-768x512.jpg 768w, https:\/\/tehnoformat.md\/wp-content\/uploads\/2024\/10\/tesy-gcv-30-3512-b11-tsrc-bilight6-1000x667.jpg 1000w, https:\/\/tehnoformat.md\/wp-content\/uploads\/2024\/10\/tesy-gcv-30-3512-b11-tsrc-bilight6.jpg 1200w\" sizes=\"(max-width: 1024px) 100vw, 1024px\" \/>\t\t\t\t\t\t\t\t\t\t\t\t\t\t\t<\/div>\n\t\t\t\t<\/div>\n\t\t\t\t\t<\/div>\n\t\t\t\t<\/div>\n\t\t<div class=\"elementor-element elementor-element-f3f4a78 e-flex e-con-boxed e-con e-parent\" data-id=\"f3f4a78\" data-element_type=\"container\" data-e-type=\"container\">\n\t\t\t\t\t<div class=\"e-con-inner\">\n\t\t\t\t<div class=\"elementor-element elementor-element-466f584 elementor-widget elementor-widget-image\" data-id=\"466f584\" data-element_type=\"widget\" data-e-type=\"widget\" data-widget_type=\"image.default\">\n\t\t\t\t<div class=\"elementor-widget-container\">\n\t\t\t\t\t\t\t\t\t\t\t\t\t\t\t<img loading=\"lazy\" decoding=\"async\" width=\"866\" height=\"544\" src=\"https:\/\/tehnoformat.md\/wp-content\/uploads\/2024\/11\/tesy-gcv-80-4420-tsrc-bilight.jpg\" class=\"attachment-large size-large wp-image-22770\" alt=\"\" srcset=\"https:\/\/tehnoformat.md\/wp-content\/uploads\/2024\/11\/tesy-gcv-80-4420-tsrc-bilight.jpg 866w, https:\/\/tehnoformat.md\/wp-content\/uploads\/2024\/11\/tesy-gcv-80-4420-tsrc-bilight-300x188.jpg 300w, https:\/\/tehnoformat.md\/wp-content\/uploads\/2024\/11\/tesy-gcv-80-4420-tsrc-bilight-768x482.jpg 768w\" sizes=\"(max-width: 866px) 100vw, 866px\" \/>\t\t\t\t\t\t\t\t\t\t\t\t\t\t\t<\/div>\n\t\t\t\t<\/div>\n\t\t\t\t\t<\/div>\n\t\t\t\t<\/div>\n\t\t\t\t<\/div>\n\t\t","protected":false},"excerpt":{"rendered":"<p>Pa\u0219aport Catalog Catalog Boilerul Tesy Bilight GCV 150 44TSR BiLight are un design rotund bine g\u00e2ndit, destinat mont\u0103rii pe perete \u00een pozi\u021bie vertical\u0103 cu alimentare cu conduct\u0103 inferioar\u0103. Un element de \u00eenc\u0103lzire umed puternic cu o capacitate de 2,0 kW este responsabil pentru \u00eenc\u0103lzirea apei, asigur\u00e2nd func\u021bionarea eficient\u0103 a dispozitivului. Principalele caracteristici: Presiune de lucru: [&hellip;]<\/p>\n","protected":false},"featured_media":22771,"comment_status":"closed","ping_status":"open","template":"","meta":[],"product_brand":[],"product_cat":[784,795],"product_tag":[902,903,908,935,1014],"class_list":{"0":"post-23338","1":"product","2":"type-product","3":"status-publish","4":"has-post-thumbnail","6":"product_cat-boilere","7":"product_cat-incalzitoare-de-apa","8":"product_tag-bilight-ro","9":"product_tag-boiler-ro","10":"product_tag-boiler-electric-ro","11":"product_tag-compact-ro","12":"product_tag-tesy-ro","13":"ts_product_brand-tesy-ro","15":"first","16":"instock","17":"sale","18":"shipping-taxable","19":"purchasable","20":"product-type-simple","21":"add-to-wishlist-after_add_to_cart"},"yoast_head":"<!-- This site is optimized with the Yoast SEO plugin v27.1.1 - https:\/\/yoast.com\/product\/yoast-seo-wordpress\/ -->\n<title>Tesy GCV 150 44TSR BiLight - Tehnoformat<\/title>\n<meta name=\"robots\" content=\"index, follow, max-snippet:-1, max-image-preview:large, max-video-preview:-1\" \/>\n<link rel=\"canonical\" href=\"https:\/\/tehnoformat.md\/ro\/produs\/tesy-gcv-150-44tsr-bilight\/\" \/>\n<meta property=\"og:locale\" content=\"ro_RO\" \/>\n<meta property=\"og:type\" content=\"article\" \/>\n<meta property=\"og:title\" content=\"Tesy GCV 150 44TSR BiLight - Tehnoformat\" \/>\n<meta property=\"og:description\" content=\"Pa\u0219aport Catalog Catalog Boilerul Tesy Bilight GCV 150 44TSR BiLight are un design rotund bine g\u00e2ndit, destinat mont\u0103rii pe perete \u00een pozi\u021bie vertical\u0103 cu alimentare cu conduct\u0103 inferioar\u0103. Un element de \u00eenc\u0103lzire umed puternic cu o capacitate de 2,0 kW este responsabil pentru \u00eenc\u0103lzirea apei, asigur\u00e2nd func\u021bionarea eficient\u0103 a dispozitivului. Principalele caracteristici: Presiune de lucru: [&hellip;]\" \/>\n<meta property=\"og:url\" content=\"https:\/\/tehnoformat.md\/ro\/produs\/tesy-gcv-150-44tsr-bilight\/\" \/>\n<meta property=\"og:site_name\" content=\"Tehnoformat\" \/>\n<meta property=\"article:publisher\" content=\"https:\/\/www.facebook.com\/formatterm\" \/>\n<meta property=\"article:modified_time\" content=\"2025-05-14T14:02:53+00:00\" \/>\n<meta property=\"og:image\" content=\"https:\/\/tehnoformat.md\/wp-content\/uploads\/2024\/11\/tesy-gcv-80-3520-tsrc-bilight.jpg\" \/>\n\t<meta property=\"og:image:width\" content=\"1000\" \/>\n\t<meta property=\"og:image:height\" content=\"1000\" \/>\n\t<meta property=\"og:image:type\" content=\"image\/jpeg\" \/>\n<meta name=\"twitter:card\" content=\"summary_large_image\" \/>\n<meta name=\"twitter:label1\" content=\"Timp estimat pentru citire\" \/>\n\t<meta name=\"twitter:data1\" content=\"4 minute\" \/>\n<script type=\"application\/ld+json\" class=\"yoast-schema-graph\">{\"@context\":\"https:\/\/schema.org\",\"@graph\":[{\"@type\":\"WebPage\",\"@id\":\"https:\/\/tehnoformat.md\/ro\/produs\/tesy-gcv-150-44tsr-bilight\/\",\"url\":\"https:\/\/tehnoformat.md\/ro\/produs\/tesy-gcv-150-44tsr-bilight\/\",\"name\":\"Tesy GCV 150 44TSR BiLight - Tehnoformat\",\"isPartOf\":{\"@id\":\"https:\/\/tehnoformat.md\/ro\/#website\"},\"primaryImageOfPage\":{\"@id\":\"https:\/\/tehnoformat.md\/ro\/produs\/tesy-gcv-150-44tsr-bilight\/#primaryimage\"},\"image\":{\"@id\":\"https:\/\/tehnoformat.md\/ro\/produs\/tesy-gcv-150-44tsr-bilight\/#primaryimage\"},\"thumbnailUrl\":\"https:\/\/tehnoformat.md\/wp-content\/uploads\/2024\/11\/tesy-gcv-80-3520-tsrc-bilight.jpg\",\"datePublished\":\"2024-11-18T14:55:03+00:00\",\"dateModified\":\"2025-05-14T14:02:53+00:00\",\"breadcrumb\":{\"@id\":\"https:\/\/tehnoformat.md\/ro\/produs\/tesy-gcv-150-44tsr-bilight\/#breadcrumb\"},\"inLanguage\":\"ro-RO\",\"potentialAction\":[{\"@type\":\"ReadAction\",\"target\":[\"https:\/\/tehnoformat.md\/ro\/produs\/tesy-gcv-150-44tsr-bilight\/\"]}]},{\"@type\":\"ImageObject\",\"inLanguage\":\"ro-RO\",\"@id\":\"https:\/\/tehnoformat.md\/ro\/produs\/tesy-gcv-150-44tsr-bilight\/#primaryimage\",\"url\":\"https:\/\/tehnoformat.md\/wp-content\/uploads\/2024\/11\/tesy-gcv-80-3520-tsrc-bilight.jpg\",\"contentUrl\":\"https:\/\/tehnoformat.md\/wp-content\/uploads\/2024\/11\/tesy-gcv-80-3520-tsrc-bilight.jpg\",\"width\":1000,\"height\":1000},{\"@type\":\"BreadcrumbList\",\"@id\":\"https:\/\/tehnoformat.md\/ro\/produs\/tesy-gcv-150-44tsr-bilight\/#breadcrumb\",\"itemListElement\":[{\"@type\":\"ListItem\",\"position\":1,\"name\":\"Pagina principal\u0103\",\"item\":\"https:\/\/tehnoformat.md\/ro\/\"},{\"@type\":\"ListItem\",\"position\":2,\"name\":\"Magazin\",\"item\":\"https:\/\/tehnoformat.md\/ro\/shop\/\"},{\"@type\":\"ListItem\",\"position\":3,\"name\":\"Tesy GCV 150 44TSR BiLight\"}]},{\"@type\":\"WebSite\",\"@id\":\"https:\/\/tehnoformat.md\/ro\/#website\",\"url\":\"https:\/\/tehnoformat.md\/ro\/\",\"name\":\"Tehnoformat.md\",\"description\":\"\",\"publisher\":{\"@id\":\"https:\/\/tehnoformat.md\/ro\/#organization\"},\"potentialAction\":[{\"@type\":\"SearchAction\",\"target\":{\"@type\":\"EntryPoint\",\"urlTemplate\":\"https:\/\/tehnoformat.md\/ro\/?s={search_term_string}\"},\"query-input\":{\"@type\":\"PropertyValueSpecification\",\"valueRequired\":true,\"valueName\":\"search_term_string\"}}],\"inLanguage\":\"ro-RO\"},{\"@type\":\"Organization\",\"@id\":\"https:\/\/tehnoformat.md\/ro\/#organization\",\"name\":\"Tehnoformat\",\"url\":\"https:\/\/tehnoformat.md\/ro\/\",\"logo\":{\"@type\":\"ImageObject\",\"inLanguage\":\"ro-RO\",\"@id\":\"https:\/\/tehnoformat.md\/ro\/#\/schema\/logo\/image\/\",\"url\":\"https:\/\/tehnoformat.md\/wp-content\/uploads\/2024\/10\/icon1.png\",\"contentUrl\":\"https:\/\/tehnoformat.md\/wp-content\/uploads\/2024\/10\/icon1.png\",\"width\":512,\"height\":512,\"caption\":\"Tehnoformat\"},\"image\":{\"@id\":\"https:\/\/tehnoformat.md\/ro\/#\/schema\/logo\/image\/\"},\"sameAs\":[\"https:\/\/www.facebook.com\/formatterm\",\"https:\/\/www.instagram.com\/tehnoformat.md\/\"]}]}<\/script>\n<!-- \/ Yoast SEO plugin. -->","yoast_head_json":{"title":"Tesy GCV 150 44TSR BiLight - Tehnoformat","robots":{"index":"index","follow":"follow","max-snippet":"max-snippet:-1","max-image-preview":"max-image-preview:large","max-video-preview":"max-video-preview:-1"},"canonical":"https:\/\/tehnoformat.md\/ro\/produs\/tesy-gcv-150-44tsr-bilight\/","og_locale":"ro_RO","og_type":"article","og_title":"Tesy GCV 150 44TSR BiLight - Tehnoformat","og_description":"Pa\u0219aport Catalog Catalog Boilerul Tesy Bilight GCV 150 44TSR BiLight are un design rotund bine g\u00e2ndit, destinat mont\u0103rii pe perete \u00een pozi\u021bie vertical\u0103 cu alimentare cu conduct\u0103 inferioar\u0103. Un element de \u00eenc\u0103lzire umed puternic cu o capacitate de 2,0 kW este responsabil pentru \u00eenc\u0103lzirea apei, asigur\u00e2nd func\u021bionarea eficient\u0103 a dispozitivului. Principalele caracteristici: Presiune de lucru: [&hellip;]","og_url":"https:\/\/tehnoformat.md\/ro\/produs\/tesy-gcv-150-44tsr-bilight\/","og_site_name":"Tehnoformat","article_publisher":"https:\/\/www.facebook.com\/formatterm","article_modified_time":"2025-05-14T14:02:53+00:00","og_image":[{"width":1000,"height":1000,"url":"https:\/\/tehnoformat.md\/wp-content\/uploads\/2024\/11\/tesy-gcv-80-3520-tsrc-bilight.jpg","type":"image\/jpeg"}],"twitter_card":"summary_large_image","twitter_misc":{"Timp estimat pentru citire":"4 minute"},"schema":{"@context":"https:\/\/schema.org","@graph":[{"@type":"WebPage","@id":"https:\/\/tehnoformat.md\/ro\/produs\/tesy-gcv-150-44tsr-bilight\/","url":"https:\/\/tehnoformat.md\/ro\/produs\/tesy-gcv-150-44tsr-bilight\/","name":"Tesy GCV 150 44TSR BiLight - Tehnoformat","isPartOf":{"@id":"https:\/\/tehnoformat.md\/ro\/#website"},"primaryImageOfPage":{"@id":"https:\/\/tehnoformat.md\/ro\/produs\/tesy-gcv-150-44tsr-bilight\/#primaryimage"},"image":{"@id":"https:\/\/tehnoformat.md\/ro\/produs\/tesy-gcv-150-44tsr-bilight\/#primaryimage"},"thumbnailUrl":"https:\/\/tehnoformat.md\/wp-content\/uploads\/2024\/11\/tesy-gcv-80-3520-tsrc-bilight.jpg","datePublished":"2024-11-18T14:55:03+00:00","dateModified":"2025-05-14T14:02:53+00:00","breadcrumb":{"@id":"https:\/\/tehnoformat.md\/ro\/produs\/tesy-gcv-150-44tsr-bilight\/#breadcrumb"},"inLanguage":"ro-RO","potentialAction":[{"@type":"ReadAction","target":["https:\/\/tehnoformat.md\/ro\/produs\/tesy-gcv-150-44tsr-bilight\/"]}]},{"@type":"ImageObject","inLanguage":"ro-RO","@id":"https:\/\/tehnoformat.md\/ro\/produs\/tesy-gcv-150-44tsr-bilight\/#primaryimage","url":"https:\/\/tehnoformat.md\/wp-content\/uploads\/2024\/11\/tesy-gcv-80-3520-tsrc-bilight.jpg","contentUrl":"https:\/\/tehnoformat.md\/wp-content\/uploads\/2024\/11\/tesy-gcv-80-3520-tsrc-bilight.jpg","width":1000,"height":1000},{"@type":"BreadcrumbList","@id":"https:\/\/tehnoformat.md\/ro\/produs\/tesy-gcv-150-44tsr-bilight\/#breadcrumb","itemListElement":[{"@type":"ListItem","position":1,"name":"Pagina principal\u0103","item":"https:\/\/tehnoformat.md\/ro\/"},{"@type":"ListItem","position":2,"name":"Magazin","item":"https:\/\/tehnoformat.md\/ro\/shop\/"},{"@type":"ListItem","position":3,"name":"Tesy GCV 150 44TSR BiLight"}]},{"@type":"WebSite","@id":"https:\/\/tehnoformat.md\/ro\/#website","url":"https:\/\/tehnoformat.md\/ro\/","name":"Tehnoformat.md","description":"","publisher":{"@id":"https:\/\/tehnoformat.md\/ro\/#organization"},"potentialAction":[{"@type":"SearchAction","target":{"@type":"EntryPoint","urlTemplate":"https:\/\/tehnoformat.md\/ro\/?s={search_term_string}"},"query-input":{"@type":"PropertyValueSpecification","valueRequired":true,"valueName":"search_term_string"}}],"inLanguage":"ro-RO"},{"@type":"Organization","@id":"https:\/\/tehnoformat.md\/ro\/#organization","name":"Tehnoformat","url":"https:\/\/tehnoformat.md\/ro\/","logo":{"@type":"ImageObject","inLanguage":"ro-RO","@id":"https:\/\/tehnoformat.md\/ro\/#\/schema\/logo\/image\/","url":"https:\/\/tehnoformat.md\/wp-content\/uploads\/2024\/10\/icon1.png","contentUrl":"https:\/\/tehnoformat.md\/wp-content\/uploads\/2024\/10\/icon1.png","width":512,"height":512,"caption":"Tehnoformat"},"image":{"@id":"https:\/\/tehnoformat.md\/ro\/#\/schema\/logo\/image\/"},"sameAs":["https:\/\/www.facebook.com\/formatterm","https:\/\/www.instagram.com\/tehnoformat.md\/"]}]}},"_links":{"self":[{"href":"https:\/\/tehnoformat.md\/ro\/wp-json\/wp\/v2\/product\/23338","targetHints":{"allow":["GET"]}}],"collection":[{"href":"https:\/\/tehnoformat.md\/ro\/wp-json\/wp\/v2\/product"}],"about":[{"href":"https:\/\/tehnoformat.md\/ro\/wp-json\/wp\/v2\/types\/product"}],"replies":[{"embeddable":true,"href":"https:\/\/tehnoformat.md\/ro\/wp-json\/wp\/v2\/comments?post=23338"}],"version-history":[{"count":3,"href":"https:\/\/tehnoformat.md\/ro\/wp-json\/wp\/v2\/product\/23338\/revisions"}],"predecessor-version":[{"id":23340,"href":"https:\/\/tehnoformat.md\/ro\/wp-json\/wp\/v2\/product\/23338\/revisions\/23340"}],"wp:featuredmedia":[{"embeddable":true,"href":"https:\/\/tehnoformat.md\/ro\/wp-json\/wp\/v2\/media\/22771"}],"wp:attachment":[{"href":"https:\/\/tehnoformat.md\/ro\/wp-json\/wp\/v2\/media?parent=23338"}],"wp:term":[{"taxonomy":"product_brand","embeddable":true,"href":"https:\/\/tehnoformat.md\/ro\/wp-json\/wp\/v2\/product_brand?post=23338"},{"taxonomy":"product_cat","embeddable":true,"href":"https:\/\/tehnoformat.md\/ro\/wp-json\/wp\/v2\/product_cat?post=23338"},{"taxonomy":"product_tag","embeddable":true,"href":"https:\/\/tehnoformat.md\/ro\/wp-json\/wp\/v2\/product_tag?post=23338"}],"curies":[{"name":"wp","href":"https:\/\/api.w.org\/{rel}","templated":true}]}}