{"id":23331,"date":"2024-11-20T17:10:03","date_gmt":"2024-11-20T14:10:03","guid":{"rendered":"https:\/\/tehnoformat.md\/product\/tesy-gcr-80-27-22-e31-ecw\/"},"modified":"2026-03-05T17:55:20","modified_gmt":"2026-03-05T14:55:20","slug":"tesy-gcr-80-27-22-e31-ecw","status":"publish","type":"product","link":"https:\/\/tehnoformat.md\/ro\/produs\/tesy-gcr-80-27-22-e31-ecw\/","title":{"rendered":"Tesy GCR 80 27\/22 E31 ECW"},"content":{"rendered":"\t\t<div data-elementor-type=\"wp-post\" data-elementor-id=\"23331\" class=\"elementor elementor-23331 elementor-19001\">\n\t\t\t\t<div class=\"elementor-element elementor-element-c1b555e e-grid e-con-boxed e-con e-parent\" data-id=\"c1b555e\" data-element_type=\"container\" data-e-type=\"container\">\n\t\t\t\t\t<div class=\"e-con-inner\">\n\t\t\t\t<div class=\"elementor-element elementor-element-79d2767 elementor-align-center elementor-widget elementor-widget-button\" data-id=\"79d2767\" data-element_type=\"widget\" data-e-type=\"widget\" data-widget_type=\"button.default\">\n\t\t\t\t<div class=\"elementor-widget-container\">\n\t\t\t\t\t\t\t\t\t<div class=\"elementor-button-wrapper\">\n\t\t\t\t\t<a target=\"_blank\" rel=\"nofollow\" href=\"https:\/\/tehnoformat.md\/goto\/https:\/\/tesy.com\/products\/datasheet\/491\" class=\"elementor-button elementor-button-link elementor-size-sm\" >\n\t\t\t\t\t\t<span class=\"elementor-button-content-wrapper\">\n\t\t\t\t\t\t\t\t\t<span class=\"elementor-button-text\">Pa\u0219aport<\/span>\n\t\t\t\t\t<\/span>\n\t\t\t\t\t<\/a>\n\t\t\t\t<\/div>\n\t\t\t\t\t\t\t\t<\/div>\n\t\t\t\t<\/div>\n\t\t\t\t<div class=\"elementor-element elementor-element-3073977 elementor-align-center elementor-widget elementor-widget-button\" data-id=\"3073977\" data-element_type=\"widget\" data-e-type=\"widget\" data-widget_type=\"button.default\">\n\t\t\t\t<div class=\"elementor-widget-container\">\n\t\t\t\t\t\t\t\t\t<div class=\"elementor-button-wrapper\">\n\t\t\t\t\t<a target=\"_blank\" rel=\"nofollow\" href=\"https:\/\/tehnoformat.md\/goto\/https:\/\/tesy.kz\/web\/files\/richeditor\/TESY%20Home%20RU%20v1.6.pdf\" class=\"elementor-button elementor-button-link elementor-size-sm\" >\n\t\t\t\t\t\t<span class=\"elementor-button-content-wrapper\">\n\t\t\t\t\t\t\t\t\t<span class=\"elementor-button-text\">Catalog<\/span>\n\t\t\t\t\t<\/span>\n\t\t\t\t\t<\/a>\n\t\t\t\t<\/div>\n\t\t\t\t\t\t\t\t<\/div>\n\t\t\t\t<\/div>\n\t\t\t\t<div class=\"elementor-element elementor-element-28c4b0a elementor-align-center elementor-widget elementor-widget-button\" data-id=\"28c4b0a\" data-element_type=\"widget\" data-e-type=\"widget\" data-widget_type=\"button.default\">\n\t\t\t\t<div class=\"elementor-widget-container\">\n\t\t\t\t\t\t\t\t\t<div class=\"elementor-button-wrapper\">\n\t\t\t\t\t<a target=\"_blank\" rel=\"nofollow\" href=\"https:\/\/tehnoformat.md\/goto\/https:\/\/tesy.es\/web\/files\/richeditor\/TESY%20Catalogue%20EWH%20SPAIN%20%202021_22.pdf\" class=\"elementor-button elementor-button-link elementor-size-sm\" >\n\t\t\t\t\t\t<span class=\"elementor-button-content-wrapper\">\n\t\t\t\t\t\t\t\t\t<span class=\"elementor-button-text\">Catalog<\/span>\n\t\t\t\t\t<\/span>\n\t\t\t\t\t<\/a>\n\t\t\t\t<\/div>\n\t\t\t\t\t\t\t\t<\/div>\n\t\t\t\t<\/div>\n\t\t\t\t\t<\/div>\n\t\t\t\t<\/div>\n\t\t<div class=\"elementor-element elementor-element-0b9128e e-flex e-con-boxed e-con e-parent\" data-id=\"0b9128e\" data-element_type=\"container\" data-e-type=\"container\">\n\t\t\t\t\t<div class=\"e-con-inner\">\n\t\t\t\t<div class=\"elementor-element elementor-element-a250290 elementor-widget elementor-widget-text-editor\" data-id=\"a250290\" data-element_type=\"widget\" data-e-type=\"widget\" data-widget_type=\"text-editor.default\">\n\t\t\t\t<div class=\"elementor-widget-container\">\n\t\t\t\t\t\t\t\t\t<p>Modelul <strong>TESY GCR 80 27\/22 E31 ECW<\/strong> este un \u00eenc\u0103lzitor de apa high-tech cu doua rezervoare cu o capacitate totala de 65 de litri, asigur\u00e2nd \u00eenc\u0103lzirea rapid\u0103 \u0219i economic\u0103 a apei. Datorit\u0103 designului s\u0103u flexibil, este potrivit pentru instalare vertical\u0103 \u0219i orizontal\u0103, f\u0103c\u00e2ndu-l o solu\u021bie versatil\u0103 pentru o varietate de spa\u021bii. <\/p><h5><strong>Principalele caracteristici:<\/strong><\/h5><ul><li><strong>Capacitate:<\/strong> 65 litri (dou\u0103 rezervoare interne).<\/li><li><strong>Puterea elementului de \u00eenc\u0103lzire:<\/strong> P\u00e2n\u0103 la 2,2 kW.<\/li><li><strong>Instalare:<\/strong> Poate fi instalat vertical sau orizontal.<\/li><\/ul><h5><strong>Materiale \u0219i protec\u021bie:<\/strong><\/h5><ul><li><strong>Acoperire email:<\/strong> rezisten\u021b\u0103 ridicat\u0103 la coroziune, prelungind durata de via\u021b\u0103 a rezervoarelor.<\/li><li><strong>Supap\u0103 de limitare a presiunii:<\/strong> pentru func\u021bionare \u00een siguran\u021b\u0103 atunci c\u00e2nd presiunea apei cre\u0219te.<\/li><li><strong>Dispozitiv de curent rezidual (RCD):<\/strong> protec\u021bie suplimentar\u0103 \u00eempotriva scurtcircuitelor \u0219i supra\u00eenc\u0103rc\u0103rilor electrice.<img fetchpriority=\"high\" decoding=\"async\" class=\"wp-image-18983 alignnone\" src=\"https:\/\/tehnoformat.md\/wp-content\/uploads\/2024\/11\/tesy-gcr-50-2722e31-ec2.jpg\" alt=\"\" width=\"1380\" height=\"507\" srcset=\"https:\/\/tehnoformat.md\/wp-content\/uploads\/2024\/11\/tesy-gcr-50-2722e31-ec2.jpg 1280w, https:\/\/tehnoformat.md\/wp-content\/uploads\/2024\/11\/tesy-gcr-50-2722e31-ec2-300x110.jpg 300w, https:\/\/tehnoformat.md\/wp-content\/uploads\/2024\/11\/tesy-gcr-50-2722e31-ec2-1024x376.jpg 1024w, https:\/\/tehnoformat.md\/wp-content\/uploads\/2024\/11\/tesy-gcr-50-2722e31-ec2-768x282.jpg 768w, https:\/\/tehnoformat.md\/wp-content\/uploads\/2024\/11\/tesy-gcr-50-2722e31-ec2-1000x367.jpg 1000w\" sizes=\"(max-width: 1380px) 100vw, 1380px\" \/><\/li><\/ul>\t\t\t\t\t\t\t\t<\/div>\n\t\t\t\t<\/div>\n\t\t\t\t\t<\/div>\n\t\t\t\t<\/div>\n\t\t<div class=\"elementor-element elementor-element-33a75e3 e-flex e-con-boxed e-con e-parent\" data-id=\"33a75e3\" data-element_type=\"container\" data-e-type=\"container\">\n\t\t\t\t\t<div class=\"e-con-inner\">\n\t\t\t\t<div class=\"elementor-element elementor-element-6036623 elementor-widget elementor-widget-text-editor\" data-id=\"6036623\" data-element_type=\"widget\" data-e-type=\"widget\" data-widget_type=\"text-editor.default\">\n\t\t\t\t<div class=\"elementor-widget-container\">\n\t\t\t\t\t\t\t\t\t<h5><strong>Comenzi \u0219i func\u021bii:<\/strong><\/h5><ul><li><strong>Panou de control electronic:<\/strong> butoane tactile \u0219i afi\u0219aj pentru set\u0103ri convenabile de temperatur\u0103 \u0219i mod.<\/li><li><strong>Sistem de autodiagnosticare:<\/strong> Ofer\u0103 control asupra func\u021bion\u0103rii dispozitivului \u0219i avertizeaz\u0103 asupra posibilelor defec\u021biuni.<\/li><li><strong>Modul anti-\u00eenghe\u021b:<\/strong> previne deteriorarea echipamentului la temperaturi sc\u0103zute.<img decoding=\"async\" class=\"size-full wp-image-18989 alignnone\" src=\"https:\/\/tehnoformat.md\/wp-content\/uploads\/2024\/11\/tesy-gcr-50-2722e31-ec8.jpg\" alt=\"\" width=\"1920\" height=\"1080\" srcset=\"https:\/\/tehnoformat.md\/wp-content\/uploads\/2024\/11\/tesy-gcr-50-2722e31-ec8.jpg 1920w, https:\/\/tehnoformat.md\/wp-content\/uploads\/2024\/11\/tesy-gcr-50-2722e31-ec8-300x169.jpg 300w, https:\/\/tehnoformat.md\/wp-content\/uploads\/2024\/11\/tesy-gcr-50-2722e31-ec8-1024x576.jpg 1024w, https:\/\/tehnoformat.md\/wp-content\/uploads\/2024\/11\/tesy-gcr-50-2722e31-ec8-768x432.jpg 768w, https:\/\/tehnoformat.md\/wp-content\/uploads\/2024\/11\/tesy-gcr-50-2722e31-ec8-1536x864.jpg 1536w, https:\/\/tehnoformat.md\/wp-content\/uploads\/2024\/11\/tesy-gcr-50-2722e31-ec8-1000x563.jpg 1000w\" sizes=\"(max-width: 1920px) 100vw, 1920px\" \/><\/li><\/ul><h5><strong>Avantaje:<\/strong><\/h5><ul><li>Dimensiuni compacte \u0219i instalare universal\u0103.<\/li><li>Sistem de control modern pentru u\u0219urin\u021b\u0103 \u00een operare.<\/li><li>Protec\u021bie fiabil\u0103 \u00eempotriva coroziunii \u0219i supra\u00eenc\u0103lzirii.<\/li><\/ul><p><strong>TESY GCR 80 27\/22 E31 ECW<\/strong> este o combina\u021bie de design modern, tehnologie avansat\u0103 \u0219i fiabilitate ridicat\u0103, ceea ce \u00eel face o alegere excelent\u0103 pentru utilizarea pe termen lung \u00een via\u021ba de zi cu zi.<img decoding=\"async\" class=\"aligncenter wp-image-18985\" src=\"https:\/\/tehnoformat.md\/wp-content\/uploads\/2024\/11\/tesy-gcr-50-2722e31-ec4.jpg\" alt=\"\" width=\"1300\" height=\"732\" srcset=\"https:\/\/tehnoformat.md\/wp-content\/uploads\/2024\/11\/tesy-gcr-50-2722e31-ec4.jpg 1180w, https:\/\/tehnoformat.md\/wp-content\/uploads\/2024\/11\/tesy-gcr-50-2722e31-ec4-300x169.jpg 300w, https:\/\/tehnoformat.md\/wp-content\/uploads\/2024\/11\/tesy-gcr-50-2722e31-ec4-1024x576.jpg 1024w, https:\/\/tehnoformat.md\/wp-content\/uploads\/2024\/11\/tesy-gcr-50-2722e31-ec4-768x432.jpg 768w, https:\/\/tehnoformat.md\/wp-content\/uploads\/2024\/11\/tesy-gcr-50-2722e31-ec4-1000x563.jpg 1000w\" sizes=\"(max-width: 1300px) 100vw, 1300px\" \/><\/p>\t\t\t\t\t\t\t\t<\/div>\n\t\t\t\t<\/div>\n\t\t\t\t\t<\/div>\n\t\t\t\t<\/div>\n\t\t\t\t<\/div>\n\t\t","protected":false},"excerpt":{"rendered":"<p>Pa\u0219aport Catalog Catalog Modelul TESY GCR 80 27\/22 E31 ECW este un \u00eenc\u0103lzitor de apa high-tech cu doua rezervoare cu o capacitate totala de 65 de litri, asigur\u00e2nd \u00eenc\u0103lzirea rapid\u0103 \u0219i economic\u0103 a apei. Datorit\u0103 designului s\u0103u flexibil, este potrivit pentru instalare vertical\u0103 \u0219i orizontal\u0103, f\u0103c\u00e2ndu-l o solu\u021bie versatil\u0103 pentru o varietate de spa\u021bii. Principalele [&hellip;]<\/p>\n","protected":false},"featured_media":22796,"comment_status":"closed","ping_status":"open","template":"","meta":[],"product_brand":[],"product_cat":[784,795],"product_tag":[900,902,903,908,935,1014],"class_list":{"0":"post-23331","1":"product","2":"type-product","3":"status-publish","4":"has-post-thumbnail","6":"product_cat-boilere","7":"product_cat-incalzitoare-de-apa","8":"product_tag-bellislimo-ro","9":"product_tag-bilight-ro","10":"product_tag-boiler-ro","11":"product_tag-boiler-electric-ro","12":"product_tag-compact-ro","13":"product_tag-tesy-ro","14":"ts_product_brand-tesy-ro","16":"first","17":"instock","18":"shipping-taxable","19":"purchasable","20":"product-type-simple","21":"add-to-wishlist-after_add_to_cart"},"yoast_head":"<!-- This site is optimized with the Yoast SEO plugin v27.1.1 - https:\/\/yoast.com\/product\/yoast-seo-wordpress\/ -->\n<title>Tesy GCR 80 27\/22 E31 ECW - Tehnoformat<\/title>\n<meta name=\"robots\" content=\"index, follow, max-snippet:-1, max-image-preview:large, max-video-preview:-1\" \/>\n<link rel=\"canonical\" href=\"https:\/\/tehnoformat.md\/ro\/produs\/tesy-gcr-80-27-22-e31-ecw\/\" \/>\n<meta property=\"og:locale\" content=\"ro_RO\" \/>\n<meta property=\"og:type\" content=\"article\" \/>\n<meta property=\"og:title\" content=\"Tesy GCR 80 27\/22 E31 ECW - Tehnoformat\" \/>\n<meta property=\"og:description\" content=\"Pa\u0219aport Catalog Catalog Modelul TESY GCR 80 27\/22 E31 ECW este un \u00eenc\u0103lzitor de apa high-tech cu doua rezervoare cu o capacitate totala de 65 de litri, asigur\u00e2nd \u00eenc\u0103lzirea rapid\u0103 \u0219i economic\u0103 a apei. Datorit\u0103 designului s\u0103u flexibil, este potrivit pentru instalare vertical\u0103 \u0219i orizontal\u0103, f\u0103c\u00e2ndu-l o solu\u021bie versatil\u0103 pentru o varietate de spa\u021bii. Principalele [&hellip;]\" \/>\n<meta property=\"og:url\" content=\"https:\/\/tehnoformat.md\/ro\/produs\/tesy-gcr-80-27-22-e31-ecw\/\" \/>\n<meta property=\"og:site_name\" content=\"Tehnoformat\" \/>\n<meta property=\"article:publisher\" content=\"https:\/\/www.facebook.com\/formatterm\" \/>\n<meta property=\"article:modified_time\" content=\"2026-03-05T14:55:20+00:00\" \/>\n<meta property=\"og:image\" content=\"https:\/\/tehnoformat.md\/wp-content\/uploads\/2024\/11\/tesy-gcr-50-2722e31-ec7.jpg\" \/>\n\t<meta property=\"og:image:width\" content=\"1000\" \/>\n\t<meta property=\"og:image:height\" content=\"1000\" \/>\n\t<meta property=\"og:image:type\" content=\"image\/jpeg\" \/>\n<meta name=\"twitter:card\" content=\"summary_large_image\" \/>\n<meta name=\"twitter:label1\" content=\"Timp estimat pentru citire\" \/>\n\t<meta name=\"twitter:data1\" content=\"2 minute\" \/>\n<script type=\"application\/ld+json\" class=\"yoast-schema-graph\">{\"@context\":\"https:\/\/schema.org\",\"@graph\":[{\"@type\":\"WebPage\",\"@id\":\"https:\/\/tehnoformat.md\/ro\/produs\/tesy-gcr-80-27-22-e31-ecw\/\",\"url\":\"https:\/\/tehnoformat.md\/ro\/produs\/tesy-gcr-80-27-22-e31-ecw\/\",\"name\":\"Tesy GCR 80 27\/22 E31 ECW - Tehnoformat\",\"isPartOf\":{\"@id\":\"https:\/\/tehnoformat.md\/ro\/#website\"},\"primaryImageOfPage\":{\"@id\":\"https:\/\/tehnoformat.md\/ro\/produs\/tesy-gcr-80-27-22-e31-ecw\/#primaryimage\"},\"image\":{\"@id\":\"https:\/\/tehnoformat.md\/ro\/produs\/tesy-gcr-80-27-22-e31-ecw\/#primaryimage\"},\"thumbnailUrl\":\"https:\/\/tehnoformat.md\/wp-content\/uploads\/2024\/11\/tesy-gcr-50-2722e31-ec7.jpg\",\"datePublished\":\"2024-11-20T14:10:03+00:00\",\"dateModified\":\"2026-03-05T14:55:20+00:00\",\"breadcrumb\":{\"@id\":\"https:\/\/tehnoformat.md\/ro\/produs\/tesy-gcr-80-27-22-e31-ecw\/#breadcrumb\"},\"inLanguage\":\"ro-RO\",\"potentialAction\":[{\"@type\":\"ReadAction\",\"target\":[\"https:\/\/tehnoformat.md\/ro\/produs\/tesy-gcr-80-27-22-e31-ecw\/\"]}]},{\"@type\":\"ImageObject\",\"inLanguage\":\"ro-RO\",\"@id\":\"https:\/\/tehnoformat.md\/ro\/produs\/tesy-gcr-80-27-22-e31-ecw\/#primaryimage\",\"url\":\"https:\/\/tehnoformat.md\/wp-content\/uploads\/2024\/11\/tesy-gcr-50-2722e31-ec7.jpg\",\"contentUrl\":\"https:\/\/tehnoformat.md\/wp-content\/uploads\/2024\/11\/tesy-gcr-50-2722e31-ec7.jpg\",\"width\":1000,\"height\":1000},{\"@type\":\"BreadcrumbList\",\"@id\":\"https:\/\/tehnoformat.md\/ro\/produs\/tesy-gcr-80-27-22-e31-ecw\/#breadcrumb\",\"itemListElement\":[{\"@type\":\"ListItem\",\"position\":1,\"name\":\"Pagina principal\u0103\",\"item\":\"https:\/\/tehnoformat.md\/ro\/\"},{\"@type\":\"ListItem\",\"position\":2,\"name\":\"Magazin\",\"item\":\"https:\/\/tehnoformat.md\/ro\/shop\/\"},{\"@type\":\"ListItem\",\"position\":3,\"name\":\"Tesy GCR 80 27\/22 E31 ECW\"}]},{\"@type\":\"WebSite\",\"@id\":\"https:\/\/tehnoformat.md\/ro\/#website\",\"url\":\"https:\/\/tehnoformat.md\/ro\/\",\"name\":\"Tehnoformat.md\",\"description\":\"\",\"publisher\":{\"@id\":\"https:\/\/tehnoformat.md\/ro\/#organization\"},\"potentialAction\":[{\"@type\":\"SearchAction\",\"target\":{\"@type\":\"EntryPoint\",\"urlTemplate\":\"https:\/\/tehnoformat.md\/ro\/?s={search_term_string}\"},\"query-input\":{\"@type\":\"PropertyValueSpecification\",\"valueRequired\":true,\"valueName\":\"search_term_string\"}}],\"inLanguage\":\"ro-RO\"},{\"@type\":\"Organization\",\"@id\":\"https:\/\/tehnoformat.md\/ro\/#organization\",\"name\":\"Tehnoformat\",\"url\":\"https:\/\/tehnoformat.md\/ro\/\",\"logo\":{\"@type\":\"ImageObject\",\"inLanguage\":\"ro-RO\",\"@id\":\"https:\/\/tehnoformat.md\/ro\/#\/schema\/logo\/image\/\",\"url\":\"https:\/\/tehnoformat.md\/wp-content\/uploads\/2024\/10\/icon1.png\",\"contentUrl\":\"https:\/\/tehnoformat.md\/wp-content\/uploads\/2024\/10\/icon1.png\",\"width\":512,\"height\":512,\"caption\":\"Tehnoformat\"},\"image\":{\"@id\":\"https:\/\/tehnoformat.md\/ro\/#\/schema\/logo\/image\/\"},\"sameAs\":[\"https:\/\/www.facebook.com\/formatterm\",\"https:\/\/www.instagram.com\/tehnoformat.md\/\"]}]}<\/script>\n<!-- \/ Yoast SEO plugin. -->","yoast_head_json":{"title":"Tesy GCR 80 27\/22 E31 ECW - Tehnoformat","robots":{"index":"index","follow":"follow","max-snippet":"max-snippet:-1","max-image-preview":"max-image-preview:large","max-video-preview":"max-video-preview:-1"},"canonical":"https:\/\/tehnoformat.md\/ro\/produs\/tesy-gcr-80-27-22-e31-ecw\/","og_locale":"ro_RO","og_type":"article","og_title":"Tesy GCR 80 27\/22 E31 ECW - Tehnoformat","og_description":"Pa\u0219aport Catalog Catalog Modelul TESY GCR 80 27\/22 E31 ECW este un \u00eenc\u0103lzitor de apa high-tech cu doua rezervoare cu o capacitate totala de 65 de litri, asigur\u00e2nd \u00eenc\u0103lzirea rapid\u0103 \u0219i economic\u0103 a apei. Datorit\u0103 designului s\u0103u flexibil, este potrivit pentru instalare vertical\u0103 \u0219i orizontal\u0103, f\u0103c\u00e2ndu-l o solu\u021bie versatil\u0103 pentru o varietate de spa\u021bii. Principalele [&hellip;]","og_url":"https:\/\/tehnoformat.md\/ro\/produs\/tesy-gcr-80-27-22-e31-ecw\/","og_site_name":"Tehnoformat","article_publisher":"https:\/\/www.facebook.com\/formatterm","article_modified_time":"2026-03-05T14:55:20+00:00","og_image":[{"width":1000,"height":1000,"url":"https:\/\/tehnoformat.md\/wp-content\/uploads\/2024\/11\/tesy-gcr-50-2722e31-ec7.jpg","type":"image\/jpeg"}],"twitter_card":"summary_large_image","twitter_misc":{"Timp estimat pentru citire":"2 minute"},"schema":{"@context":"https:\/\/schema.org","@graph":[{"@type":"WebPage","@id":"https:\/\/tehnoformat.md\/ro\/produs\/tesy-gcr-80-27-22-e31-ecw\/","url":"https:\/\/tehnoformat.md\/ro\/produs\/tesy-gcr-80-27-22-e31-ecw\/","name":"Tesy GCR 80 27\/22 E31 ECW - Tehnoformat","isPartOf":{"@id":"https:\/\/tehnoformat.md\/ro\/#website"},"primaryImageOfPage":{"@id":"https:\/\/tehnoformat.md\/ro\/produs\/tesy-gcr-80-27-22-e31-ecw\/#primaryimage"},"image":{"@id":"https:\/\/tehnoformat.md\/ro\/produs\/tesy-gcr-80-27-22-e31-ecw\/#primaryimage"},"thumbnailUrl":"https:\/\/tehnoformat.md\/wp-content\/uploads\/2024\/11\/tesy-gcr-50-2722e31-ec7.jpg","datePublished":"2024-11-20T14:10:03+00:00","dateModified":"2026-03-05T14:55:20+00:00","breadcrumb":{"@id":"https:\/\/tehnoformat.md\/ro\/produs\/tesy-gcr-80-27-22-e31-ecw\/#breadcrumb"},"inLanguage":"ro-RO","potentialAction":[{"@type":"ReadAction","target":["https:\/\/tehnoformat.md\/ro\/produs\/tesy-gcr-80-27-22-e31-ecw\/"]}]},{"@type":"ImageObject","inLanguage":"ro-RO","@id":"https:\/\/tehnoformat.md\/ro\/produs\/tesy-gcr-80-27-22-e31-ecw\/#primaryimage","url":"https:\/\/tehnoformat.md\/wp-content\/uploads\/2024\/11\/tesy-gcr-50-2722e31-ec7.jpg","contentUrl":"https:\/\/tehnoformat.md\/wp-content\/uploads\/2024\/11\/tesy-gcr-50-2722e31-ec7.jpg","width":1000,"height":1000},{"@type":"BreadcrumbList","@id":"https:\/\/tehnoformat.md\/ro\/produs\/tesy-gcr-80-27-22-e31-ecw\/#breadcrumb","itemListElement":[{"@type":"ListItem","position":1,"name":"Pagina principal\u0103","item":"https:\/\/tehnoformat.md\/ro\/"},{"@type":"ListItem","position":2,"name":"Magazin","item":"https:\/\/tehnoformat.md\/ro\/shop\/"},{"@type":"ListItem","position":3,"name":"Tesy GCR 80 27\/22 E31 ECW"}]},{"@type":"WebSite","@id":"https:\/\/tehnoformat.md\/ro\/#website","url":"https:\/\/tehnoformat.md\/ro\/","name":"Tehnoformat.md","description":"","publisher":{"@id":"https:\/\/tehnoformat.md\/ro\/#organization"},"potentialAction":[{"@type":"SearchAction","target":{"@type":"EntryPoint","urlTemplate":"https:\/\/tehnoformat.md\/ro\/?s={search_term_string}"},"query-input":{"@type":"PropertyValueSpecification","valueRequired":true,"valueName":"search_term_string"}}],"inLanguage":"ro-RO"},{"@type":"Organization","@id":"https:\/\/tehnoformat.md\/ro\/#organization","name":"Tehnoformat","url":"https:\/\/tehnoformat.md\/ro\/","logo":{"@type":"ImageObject","inLanguage":"ro-RO","@id":"https:\/\/tehnoformat.md\/ro\/#\/schema\/logo\/image\/","url":"https:\/\/tehnoformat.md\/wp-content\/uploads\/2024\/10\/icon1.png","contentUrl":"https:\/\/tehnoformat.md\/wp-content\/uploads\/2024\/10\/icon1.png","width":512,"height":512,"caption":"Tehnoformat"},"image":{"@id":"https:\/\/tehnoformat.md\/ro\/#\/schema\/logo\/image\/"},"sameAs":["https:\/\/www.facebook.com\/formatterm","https:\/\/www.instagram.com\/tehnoformat.md\/"]}]}},"_links":{"self":[{"href":"https:\/\/tehnoformat.md\/ro\/wp-json\/wp\/v2\/product\/23331","targetHints":{"allow":["GET"]}}],"collection":[{"href":"https:\/\/tehnoformat.md\/ro\/wp-json\/wp\/v2\/product"}],"about":[{"href":"https:\/\/tehnoformat.md\/ro\/wp-json\/wp\/v2\/types\/product"}],"replies":[{"embeddable":true,"href":"https:\/\/tehnoformat.md\/ro\/wp-json\/wp\/v2\/comments?post=23331"}],"version-history":[{"count":2,"href":"https:\/\/tehnoformat.md\/ro\/wp-json\/wp\/v2\/product\/23331\/revisions"}],"predecessor-version":[{"id":23334,"href":"https:\/\/tehnoformat.md\/ro\/wp-json\/wp\/v2\/product\/23331\/revisions\/23334"}],"wp:featuredmedia":[{"embeddable":true,"href":"https:\/\/tehnoformat.md\/ro\/wp-json\/wp\/v2\/media\/22796"}],"wp:attachment":[{"href":"https:\/\/tehnoformat.md\/ro\/wp-json\/wp\/v2\/media?parent=23331"}],"wp:term":[{"taxonomy":"product_brand","embeddable":true,"href":"https:\/\/tehnoformat.md\/ro\/wp-json\/wp\/v2\/product_brand?post=23331"},{"taxonomy":"product_cat","embeddable":true,"href":"https:\/\/tehnoformat.md\/ro\/wp-json\/wp\/v2\/product_cat?post=23331"},{"taxonomy":"product_tag","embeddable":true,"href":"https:\/\/tehnoformat.md\/ro\/wp-json\/wp\/v2\/product_tag?post=23331"}],"curies":[{"name":"wp","href":"https:\/\/api.w.org\/{rel}","templated":true}]}}