{"id":23327,"date":"2024-11-21T16:53:04","date_gmt":"2024-11-21T13:53:04","guid":{"rendered":"https:\/\/tehnoformat.md\/product\/tesy-gcv-100-47-20-c-21-ec-modeco-electronic\/"},"modified":"2026-03-05T17:51:59","modified_gmt":"2026-03-05T14:51:59","slug":"tesy-gcv-100-47-20-c-21-ec-modeco-electronic","status":"publish","type":"product","link":"https:\/\/tehnoformat.md\/ro\/produs\/tesy-gcv-100-47-20-c-21-ec-modeco-electronic\/","title":{"rendered":"Tesy GCV 100 47\/20 C 21 EC ModEco Electronic"},"content":{"rendered":"\t\t<div data-elementor-type=\"wp-post\" data-elementor-id=\"23327\" class=\"elementor elementor-23327 elementor-19024\">\n\t\t\t\t<div class=\"elementor-element elementor-element-c1b555e e-grid e-con-boxed e-con e-parent\" data-id=\"c1b555e\" data-element_type=\"container\" data-e-type=\"container\">\n\t\t\t\t\t<div class=\"e-con-inner\">\n\t\t\t\t<div class=\"elementor-element elementor-element-79d2767 elementor-align-center elementor-widget elementor-widget-button\" data-id=\"79d2767\" data-element_type=\"widget\" data-e-type=\"widget\" data-widget_type=\"button.default\">\n\t\t\t\t<div class=\"elementor-widget-container\">\n\t\t\t\t\t\t\t\t\t<div class=\"elementor-button-wrapper\">\n\t\t\t\t\t<a target=\"_blank\" rel=\"nofollow\" href=\"https:\/\/tehnoformat.md\/goto\/https:\/\/tesy.com\/products\/datasheet\/738\" class=\"elementor-button elementor-button-link elementor-size-sm\" >\n\t\t\t\t\t\t<span class=\"elementor-button-content-wrapper\">\n\t\t\t\t\t\t\t\t\t<span class=\"elementor-button-text\">Pa\u0219aport<\/span>\n\t\t\t\t\t<\/span>\n\t\t\t\t\t<\/a>\n\t\t\t\t<\/div>\n\t\t\t\t\t\t\t\t<\/div>\n\t\t\t\t<\/div>\n\t\t\t\t<div class=\"elementor-element elementor-element-3073977 elementor-align-center elementor-widget elementor-widget-button\" data-id=\"3073977\" data-element_type=\"widget\" data-e-type=\"widget\" data-widget_type=\"button.default\">\n\t\t\t\t<div class=\"elementor-widget-container\">\n\t\t\t\t\t\t\t\t\t<div class=\"elementor-button-wrapper\">\n\t\t\t\t\t<a target=\"_blank\" rel=\"nofollow\" href=\"https:\/\/tehnoformat.md\/goto\/https:\/\/tesy.kz\/web\/files\/richeditor\/TESY%20Home%20RU%20v1.6.pdf\" class=\"elementor-button elementor-button-link elementor-size-sm\" >\n\t\t\t\t\t\t<span class=\"elementor-button-content-wrapper\">\n\t\t\t\t\t\t\t\t\t<span class=\"elementor-button-text\">Catalog<\/span>\n\t\t\t\t\t<\/span>\n\t\t\t\t\t<\/a>\n\t\t\t\t<\/div>\n\t\t\t\t\t\t\t\t<\/div>\n\t\t\t\t<\/div>\n\t\t\t\t<div class=\"elementor-element elementor-element-28c4b0a elementor-align-center elementor-widget elementor-widget-button\" data-id=\"28c4b0a\" data-element_type=\"widget\" data-e-type=\"widget\" data-widget_type=\"button.default\">\n\t\t\t\t<div class=\"elementor-widget-container\">\n\t\t\t\t\t\t\t\t\t<div class=\"elementor-button-wrapper\">\n\t\t\t\t\t<a target=\"_blank\" rel=\"nofollow\" href=\"https:\/\/tehnoformat.md\/goto\/https:\/\/tesy.es\/web\/files\/richeditor\/TESY%20Catalogue%20EWH%20SPAIN%20%202021_22.pdf\" class=\"elementor-button elementor-button-link elementor-size-sm\" >\n\t\t\t\t\t\t<span class=\"elementor-button-content-wrapper\">\n\t\t\t\t\t\t\t\t\t<span class=\"elementor-button-text\">Catalog<\/span>\n\t\t\t\t\t<\/span>\n\t\t\t\t\t<\/a>\n\t\t\t\t<\/div>\n\t\t\t\t\t\t\t\t<\/div>\n\t\t\t\t<\/div>\n\t\t\t\t\t<\/div>\n\t\t\t\t<\/div>\n\t\t<div class=\"elementor-element elementor-element-0b9128e e-flex e-con-boxed e-con e-parent\" data-id=\"0b9128e\" data-element_type=\"container\" data-e-type=\"container\">\n\t\t\t\t\t<div class=\"e-con-inner\">\n\t\t\t\t<div class=\"elementor-element elementor-element-a250290 elementor-widget elementor-widget-text-editor\" data-id=\"a250290\" data-element_type=\"widget\" data-e-type=\"widget\" data-widget_type=\"text-editor.default\">\n\t\t\t\t<div class=\"elementor-widget-container\">\n\t\t\t\t\t\t\t\t\t<p><strong>Boilerul TESY ModEco Electronic GCV 100 47 20 C21 EC<\/strong> este un \u00eenc\u0103lzitor de ap\u0103 modern conceput pentru a oferi confort, fiabilitate \u0219i eficien\u021b\u0103 energetic\u0103. Capacitatea rezervorului de 100 litri permite satisfacerea at\u00e2t a nevoilor unei familii mici, c\u00e2t \u0219i a utilizatorilor cu consum mare de ap\u0103 cald\u0103. <\/p><h5><strong>Avantaje \u0219i caracteristici func\u021bionale:<\/strong><\/h5><ul><li><strong>Duz\u0103 cu efect de piston<\/strong>: Designul unic al duzei din o\u021bel inoxidabil ofer\u0103 cu 15% mai mult\u0103 ap\u0103 cald\u0103 per \u00eenc\u0103lzire.<\/li><li><strong>Insutech Plus:<\/strong> Izolarea termic\u0103 foarte eficient\u0103 cu distribu\u021bia uniform\u0103 a spumei dense permite reducerea la minimum a pierderilor de c\u0103ldur\u0103.<\/li><li><strong>Acoperire cu ceramic\u0103 din sticl\u0103 Crystal Tech:<\/strong> Protejeaz\u0103 suprafa\u021ba interioar\u0103 a rezervorului \u0219i a elementului de \u00eenc\u0103lzire de calcar \u0219i coroziune, ceea ce m\u0103re\u0219te durata de via\u021b\u0103 a dispozitivului.<\/li><\/ul><p><img fetchpriority=\"high\" decoding=\"async\" class=\"alignnone wp-image-19032\" src=\"https:\/\/tehnoformat.md\/wp-content\/uploads\/2024\/11\/tesy-gcv-100-4720-c-21-ec-modeco-electronic5.jpg\" alt=\"\" width=\"1350\" height=\"759\" srcset=\"https:\/\/tehnoformat.md\/wp-content\/uploads\/2024\/11\/tesy-gcv-100-4720-c-21-ec-modeco-electronic5.jpg 1280w, https:\/\/tehnoformat.md\/wp-content\/uploads\/2024\/11\/tesy-gcv-100-4720-c-21-ec-modeco-electronic5-300x169.jpg 300w, https:\/\/tehnoformat.md\/wp-content\/uploads\/2024\/11\/tesy-gcv-100-4720-c-21-ec-modeco-electronic5-1024x576.jpg 1024w, https:\/\/tehnoformat.md\/wp-content\/uploads\/2024\/11\/tesy-gcv-100-4720-c-21-ec-modeco-electronic5-768x432.jpg 768w, https:\/\/tehnoformat.md\/wp-content\/uploads\/2024\/11\/tesy-gcv-100-4720-c-21-ec-modeco-electronic5-1000x563.jpg 1000w\" sizes=\"(max-width: 1350px) 100vw, 1350px\" \/><\/p>\t\t\t\t\t\t\t\t<\/div>\n\t\t\t\t<\/div>\n\t\t\t\t\t<\/div>\n\t\t\t\t<\/div>\n\t\t<div class=\"elementor-element elementor-element-33a75e3 e-flex e-con-boxed e-con e-parent\" data-id=\"33a75e3\" data-element_type=\"container\" data-e-type=\"container\">\n\t\t\t\t\t<div class=\"e-con-inner\">\n\t\t\t\t<div class=\"elementor-element elementor-element-6036623 elementor-widget elementor-widget-text-editor\" data-id=\"6036623\" data-element_type=\"widget\" data-e-type=\"widget\" data-widget_type=\"text-editor.default\">\n\t\t\t\t<div class=\"elementor-widget-container\">\n\t\t\t\t\t\t\t\t\t<div class=\"flex max-w-full flex-col flex-grow\"><div class=\"min-h-8 text-message flex w-full flex-col items-end gap-2 whitespace-normal break-words [.text-message+&amp;]:mt-5\" dir=\"auto\" data-message-author-role=\"assistant\" data-message-id=\"352a49cf-cff9-45de-95bf-cc69a9854fe9\" data-client-thread-id=\"672093b1-20a0-800a-abb4-408f45befce4\" data-message-model-slug=\"gpt-4o\"><div class=\"flex w-full flex-col gap-1 empty:hidden first:pt-[3px]\"><div class=\"markdown prose w-full break-words dark:prose-invert light\"><h5><strong>Control \u0219i u\u0219urin\u021b\u0103 \u00een utilizare:<\/strong><\/h5><ul><li><strong>Afi\u0219aj LCD intuitiv \u0219i panou tactil:<\/strong> control convenabil al tuturor func\u021biilor \u0219i modurilor.<\/li><li><strong>ECO SMART:<\/strong> Modul de protec\u021bie reduce consumul de energie prin adaptarea la programul de consum de ap\u0103.<\/li><li><strong>Func\u021bia de memorie:<\/strong> monitorizeaz\u0103 \u0219i re\u021bine automat set\u0103rile utilizatorului pentru a optimiza func\u021bionarea.<\/li><li><strong>Mod vacan\u021b\u0103:<\/strong> Ofer\u0103 func\u021bionare economic\u0103 \u00een timpul absen\u021belor lungi.<\/li><\/ul><h5><strong>Beneficii suplimentare:<\/strong><\/h5><ul><li>Protec\u021bie \u00eempotriva depunerilor \u0219i coroziunii.<\/li><li>Posibilitate de modificare a programului de consum de apa.<\/li><li>Durabilitate datorit\u0103 materialelor moderne \u0219i designului atent.<\/li><\/ul><p><strong>Boilerul TESY ModEco Electronic GCV 100 47 20 C21 EC<\/strong> este o combina\u021bie de \u00eenalt\u0103 tehnologie \u0219i confort, ceea ce o face o alegere excelent\u0103 pentru utilizatorii care apreciaz\u0103 economia \u0219i fiabilitatea.<img decoding=\"async\" class=\"aligncenter wp-image-19029\" src=\"https:\/\/tehnoformat.md\/wp-content\/uploads\/2024\/11\/tesy-gcv-100-4720-c-21-ec-modeco-electronic2.jpg\" alt=\"\" width=\"1350\" height=\"909\" srcset=\"https:\/\/tehnoformat.md\/wp-content\/uploads\/2024\/11\/tesy-gcv-100-4720-c-21-ec-modeco-electronic2.jpg 1074w, https:\/\/tehnoformat.md\/wp-content\/uploads\/2024\/11\/tesy-gcv-100-4720-c-21-ec-modeco-electronic2-300x202.jpg 300w, https:\/\/tehnoformat.md\/wp-content\/uploads\/2024\/11\/tesy-gcv-100-4720-c-21-ec-modeco-electronic2-1024x689.jpg 1024w, https:\/\/tehnoformat.md\/wp-content\/uploads\/2024\/11\/tesy-gcv-100-4720-c-21-ec-modeco-electronic2-768x517.jpg 768w, https:\/\/tehnoformat.md\/wp-content\/uploads\/2024\/11\/tesy-gcv-100-4720-c-21-ec-modeco-electronic2-1000x673.jpg 1000w\" sizes=\"(max-width: 1350px) 100vw, 1350px\" \/><\/p><\/div><\/div><\/div><\/div>\t\t\t\t\t\t\t\t<\/div>\n\t\t\t\t<\/div>\n\t\t\t\t\t<\/div>\n\t\t\t\t<\/div>\n\t\t\t\t<\/div>\n\t\t","protected":false},"excerpt":{"rendered":"<p>Pa\u0219aport Catalog Catalog Boilerul TESY ModEco Electronic GCV 100 47 20 C21 EC este un \u00eenc\u0103lzitor de ap\u0103 modern conceput pentru a oferi confort, fiabilitate \u0219i eficien\u021b\u0103 energetic\u0103. Capacitatea rezervorului de 100 litri permite satisfacerea at\u00e2t a nevoilor unei familii mici, c\u00e2t \u0219i a utilizatorilor cu consum mare de ap\u0103 cald\u0103. Avantaje \u0219i caracteristici func\u021bionale: [&hellip;]<\/p>\n","protected":false},"featured_media":22799,"comment_status":"closed","ping_status":"open","template":"","meta":[],"product_brand":[],"product_cat":[784,795],"product_tag":[903,908,935,984,1014],"class_list":{"0":"post-23327","1":"product","2":"type-product","3":"status-publish","4":"has-post-thumbnail","6":"product_cat-boilere","7":"product_cat-incalzitoare-de-apa","8":"product_tag-boiler-ro","9":"product_tag-boiler-electric-ro","10":"product_tag-compact-ro","11":"product_tag-modeco-ro","12":"product_tag-tesy-ro","13":"ts_product_brand-tesy-ro","15":"first","16":"instock","17":"shipping-taxable","18":"purchasable","19":"product-type-simple","20":"add-to-wishlist-after_add_to_cart"},"yoast_head":"<!-- This site is optimized with the Yoast SEO plugin v27.1.1 - https:\/\/yoast.com\/product\/yoast-seo-wordpress\/ -->\n<title>Tesy GCV 100 47\/20 C 21 EC ModEco Electronic - Tehnoformat<\/title>\n<meta name=\"robots\" content=\"index, follow, max-snippet:-1, max-image-preview:large, max-video-preview:-1\" \/>\n<link rel=\"canonical\" href=\"https:\/\/tehnoformat.md\/ro\/produs\/tesy-gcv-100-47-20-c-21-ec-modeco-electronic\/\" \/>\n<meta property=\"og:locale\" content=\"ro_RO\" \/>\n<meta property=\"og:type\" content=\"article\" \/>\n<meta property=\"og:title\" content=\"Tesy GCV 100 47\/20 C 21 EC ModEco Electronic - Tehnoformat\" \/>\n<meta property=\"og:description\" content=\"Pa\u0219aport Catalog Catalog Boilerul TESY ModEco Electronic GCV 100 47 20 C21 EC este un \u00eenc\u0103lzitor de ap\u0103 modern conceput pentru a oferi confort, fiabilitate \u0219i eficien\u021b\u0103 energetic\u0103. Capacitatea rezervorului de 100 litri permite satisfacerea at\u00e2t a nevoilor unei familii mici, c\u00e2t \u0219i a utilizatorilor cu consum mare de ap\u0103 cald\u0103. Avantaje \u0219i caracteristici func\u021bionale: [&hellip;]\" \/>\n<meta property=\"og:url\" content=\"https:\/\/tehnoformat.md\/ro\/produs\/tesy-gcv-100-47-20-c-21-ec-modeco-electronic\/\" \/>\n<meta property=\"og:site_name\" content=\"Tehnoformat\" \/>\n<meta property=\"article:publisher\" content=\"https:\/\/www.facebook.com\/formatterm\" \/>\n<meta property=\"article:modified_time\" content=\"2026-03-05T14:51:59+00:00\" \/>\n<meta property=\"og:image\" content=\"https:\/\/tehnoformat.md\/wp-content\/uploads\/2024\/11\/tesy-gcv-100-4720-c-21-ec-modeco-electronic1.jpg\" \/>\n\t<meta property=\"og:image:width\" content=\"1000\" \/>\n\t<meta property=\"og:image:height\" content=\"1000\" \/>\n\t<meta property=\"og:image:type\" content=\"image\/jpeg\" \/>\n<meta name=\"twitter:card\" content=\"summary_large_image\" \/>\n<meta name=\"twitter:label1\" content=\"Timp estimat pentru citire\" \/>\n\t<meta name=\"twitter:data1\" content=\"2 minute\" \/>\n<script type=\"application\/ld+json\" class=\"yoast-schema-graph\">{\"@context\":\"https:\/\/schema.org\",\"@graph\":[{\"@type\":\"WebPage\",\"@id\":\"https:\/\/tehnoformat.md\/ro\/produs\/tesy-gcv-100-47-20-c-21-ec-modeco-electronic\/\",\"url\":\"https:\/\/tehnoformat.md\/ro\/produs\/tesy-gcv-100-47-20-c-21-ec-modeco-electronic\/\",\"name\":\"Tesy GCV 100 47\/20 C 21 EC ModEco Electronic - Tehnoformat\",\"isPartOf\":{\"@id\":\"https:\/\/tehnoformat.md\/ro\/#website\"},\"primaryImageOfPage\":{\"@id\":\"https:\/\/tehnoformat.md\/ro\/produs\/tesy-gcv-100-47-20-c-21-ec-modeco-electronic\/#primaryimage\"},\"image\":{\"@id\":\"https:\/\/tehnoformat.md\/ro\/produs\/tesy-gcv-100-47-20-c-21-ec-modeco-electronic\/#primaryimage\"},\"thumbnailUrl\":\"https:\/\/tehnoformat.md\/wp-content\/uploads\/2024\/11\/tesy-gcv-100-4720-c-21-ec-modeco-electronic1.jpg\",\"datePublished\":\"2024-11-21T13:53:04+00:00\",\"dateModified\":\"2026-03-05T14:51:59+00:00\",\"breadcrumb\":{\"@id\":\"https:\/\/tehnoformat.md\/ro\/produs\/tesy-gcv-100-47-20-c-21-ec-modeco-electronic\/#breadcrumb\"},\"inLanguage\":\"ro-RO\",\"potentialAction\":[{\"@type\":\"ReadAction\",\"target\":[\"https:\/\/tehnoformat.md\/ro\/produs\/tesy-gcv-100-47-20-c-21-ec-modeco-electronic\/\"]}]},{\"@type\":\"ImageObject\",\"inLanguage\":\"ro-RO\",\"@id\":\"https:\/\/tehnoformat.md\/ro\/produs\/tesy-gcv-100-47-20-c-21-ec-modeco-electronic\/#primaryimage\",\"url\":\"https:\/\/tehnoformat.md\/wp-content\/uploads\/2024\/11\/tesy-gcv-100-4720-c-21-ec-modeco-electronic1.jpg\",\"contentUrl\":\"https:\/\/tehnoformat.md\/wp-content\/uploads\/2024\/11\/tesy-gcv-100-4720-c-21-ec-modeco-electronic1.jpg\",\"width\":1000,\"height\":1000},{\"@type\":\"BreadcrumbList\",\"@id\":\"https:\/\/tehnoformat.md\/ro\/produs\/tesy-gcv-100-47-20-c-21-ec-modeco-electronic\/#breadcrumb\",\"itemListElement\":[{\"@type\":\"ListItem\",\"position\":1,\"name\":\"Pagina principal\u0103\",\"item\":\"https:\/\/tehnoformat.md\/ro\/\"},{\"@type\":\"ListItem\",\"position\":2,\"name\":\"Magazin\",\"item\":\"https:\/\/tehnoformat.md\/ro\/shop\/\"},{\"@type\":\"ListItem\",\"position\":3,\"name\":\"Tesy GCV 100 47\/20 C 21 EC ModEco Electronic\"}]},{\"@type\":\"WebSite\",\"@id\":\"https:\/\/tehnoformat.md\/ro\/#website\",\"url\":\"https:\/\/tehnoformat.md\/ro\/\",\"name\":\"Tehnoformat.md\",\"description\":\"\",\"publisher\":{\"@id\":\"https:\/\/tehnoformat.md\/ro\/#organization\"},\"potentialAction\":[{\"@type\":\"SearchAction\",\"target\":{\"@type\":\"EntryPoint\",\"urlTemplate\":\"https:\/\/tehnoformat.md\/ro\/?s={search_term_string}\"},\"query-input\":{\"@type\":\"PropertyValueSpecification\",\"valueRequired\":true,\"valueName\":\"search_term_string\"}}],\"inLanguage\":\"ro-RO\"},{\"@type\":\"Organization\",\"@id\":\"https:\/\/tehnoformat.md\/ro\/#organization\",\"name\":\"Tehnoformat\",\"url\":\"https:\/\/tehnoformat.md\/ro\/\",\"logo\":{\"@type\":\"ImageObject\",\"inLanguage\":\"ro-RO\",\"@id\":\"https:\/\/tehnoformat.md\/ro\/#\/schema\/logo\/image\/\",\"url\":\"https:\/\/tehnoformat.md\/wp-content\/uploads\/2024\/10\/icon1.png\",\"contentUrl\":\"https:\/\/tehnoformat.md\/wp-content\/uploads\/2024\/10\/icon1.png\",\"width\":512,\"height\":512,\"caption\":\"Tehnoformat\"},\"image\":{\"@id\":\"https:\/\/tehnoformat.md\/ro\/#\/schema\/logo\/image\/\"},\"sameAs\":[\"https:\/\/www.facebook.com\/formatterm\",\"https:\/\/www.instagram.com\/tehnoformat.md\/\"]}]}<\/script>\n<!-- \/ Yoast SEO plugin. -->","yoast_head_json":{"title":"Tesy GCV 100 47\/20 C 21 EC ModEco Electronic - Tehnoformat","robots":{"index":"index","follow":"follow","max-snippet":"max-snippet:-1","max-image-preview":"max-image-preview:large","max-video-preview":"max-video-preview:-1"},"canonical":"https:\/\/tehnoformat.md\/ro\/produs\/tesy-gcv-100-47-20-c-21-ec-modeco-electronic\/","og_locale":"ro_RO","og_type":"article","og_title":"Tesy GCV 100 47\/20 C 21 EC ModEco Electronic - Tehnoformat","og_description":"Pa\u0219aport Catalog Catalog Boilerul TESY ModEco Electronic GCV 100 47 20 C21 EC este un \u00eenc\u0103lzitor de ap\u0103 modern conceput pentru a oferi confort, fiabilitate \u0219i eficien\u021b\u0103 energetic\u0103. Capacitatea rezervorului de 100 litri permite satisfacerea at\u00e2t a nevoilor unei familii mici, c\u00e2t \u0219i a utilizatorilor cu consum mare de ap\u0103 cald\u0103. Avantaje \u0219i caracteristici func\u021bionale: [&hellip;]","og_url":"https:\/\/tehnoformat.md\/ro\/produs\/tesy-gcv-100-47-20-c-21-ec-modeco-electronic\/","og_site_name":"Tehnoformat","article_publisher":"https:\/\/www.facebook.com\/formatterm","article_modified_time":"2026-03-05T14:51:59+00:00","og_image":[{"width":1000,"height":1000,"url":"https:\/\/tehnoformat.md\/wp-content\/uploads\/2024\/11\/tesy-gcv-100-4720-c-21-ec-modeco-electronic1.jpg","type":"image\/jpeg"}],"twitter_card":"summary_large_image","twitter_misc":{"Timp estimat pentru citire":"2 minute"},"schema":{"@context":"https:\/\/schema.org","@graph":[{"@type":"WebPage","@id":"https:\/\/tehnoformat.md\/ro\/produs\/tesy-gcv-100-47-20-c-21-ec-modeco-electronic\/","url":"https:\/\/tehnoformat.md\/ro\/produs\/tesy-gcv-100-47-20-c-21-ec-modeco-electronic\/","name":"Tesy GCV 100 47\/20 C 21 EC ModEco Electronic - Tehnoformat","isPartOf":{"@id":"https:\/\/tehnoformat.md\/ro\/#website"},"primaryImageOfPage":{"@id":"https:\/\/tehnoformat.md\/ro\/produs\/tesy-gcv-100-47-20-c-21-ec-modeco-electronic\/#primaryimage"},"image":{"@id":"https:\/\/tehnoformat.md\/ro\/produs\/tesy-gcv-100-47-20-c-21-ec-modeco-electronic\/#primaryimage"},"thumbnailUrl":"https:\/\/tehnoformat.md\/wp-content\/uploads\/2024\/11\/tesy-gcv-100-4720-c-21-ec-modeco-electronic1.jpg","datePublished":"2024-11-21T13:53:04+00:00","dateModified":"2026-03-05T14:51:59+00:00","breadcrumb":{"@id":"https:\/\/tehnoformat.md\/ro\/produs\/tesy-gcv-100-47-20-c-21-ec-modeco-electronic\/#breadcrumb"},"inLanguage":"ro-RO","potentialAction":[{"@type":"ReadAction","target":["https:\/\/tehnoformat.md\/ro\/produs\/tesy-gcv-100-47-20-c-21-ec-modeco-electronic\/"]}]},{"@type":"ImageObject","inLanguage":"ro-RO","@id":"https:\/\/tehnoformat.md\/ro\/produs\/tesy-gcv-100-47-20-c-21-ec-modeco-electronic\/#primaryimage","url":"https:\/\/tehnoformat.md\/wp-content\/uploads\/2024\/11\/tesy-gcv-100-4720-c-21-ec-modeco-electronic1.jpg","contentUrl":"https:\/\/tehnoformat.md\/wp-content\/uploads\/2024\/11\/tesy-gcv-100-4720-c-21-ec-modeco-electronic1.jpg","width":1000,"height":1000},{"@type":"BreadcrumbList","@id":"https:\/\/tehnoformat.md\/ro\/produs\/tesy-gcv-100-47-20-c-21-ec-modeco-electronic\/#breadcrumb","itemListElement":[{"@type":"ListItem","position":1,"name":"Pagina principal\u0103","item":"https:\/\/tehnoformat.md\/ro\/"},{"@type":"ListItem","position":2,"name":"Magazin","item":"https:\/\/tehnoformat.md\/ro\/shop\/"},{"@type":"ListItem","position":3,"name":"Tesy GCV 100 47\/20 C 21 EC ModEco Electronic"}]},{"@type":"WebSite","@id":"https:\/\/tehnoformat.md\/ro\/#website","url":"https:\/\/tehnoformat.md\/ro\/","name":"Tehnoformat.md","description":"","publisher":{"@id":"https:\/\/tehnoformat.md\/ro\/#organization"},"potentialAction":[{"@type":"SearchAction","target":{"@type":"EntryPoint","urlTemplate":"https:\/\/tehnoformat.md\/ro\/?s={search_term_string}"},"query-input":{"@type":"PropertyValueSpecification","valueRequired":true,"valueName":"search_term_string"}}],"inLanguage":"ro-RO"},{"@type":"Organization","@id":"https:\/\/tehnoformat.md\/ro\/#organization","name":"Tehnoformat","url":"https:\/\/tehnoformat.md\/ro\/","logo":{"@type":"ImageObject","inLanguage":"ro-RO","@id":"https:\/\/tehnoformat.md\/ro\/#\/schema\/logo\/image\/","url":"https:\/\/tehnoformat.md\/wp-content\/uploads\/2024\/10\/icon1.png","contentUrl":"https:\/\/tehnoformat.md\/wp-content\/uploads\/2024\/10\/icon1.png","width":512,"height":512,"caption":"Tehnoformat"},"image":{"@id":"https:\/\/tehnoformat.md\/ro\/#\/schema\/logo\/image\/"},"sameAs":["https:\/\/www.facebook.com\/formatterm","https:\/\/www.instagram.com\/tehnoformat.md\/"]}]}},"_links":{"self":[{"href":"https:\/\/tehnoformat.md\/ro\/wp-json\/wp\/v2\/product\/23327","targetHints":{"allow":["GET"]}}],"collection":[{"href":"https:\/\/tehnoformat.md\/ro\/wp-json\/wp\/v2\/product"}],"about":[{"href":"https:\/\/tehnoformat.md\/ro\/wp-json\/wp\/v2\/types\/product"}],"replies":[{"embeddable":true,"href":"https:\/\/tehnoformat.md\/ro\/wp-json\/wp\/v2\/comments?post=23327"}],"version-history":[{"count":3,"href":"https:\/\/tehnoformat.md\/ro\/wp-json\/wp\/v2\/product\/23327\/revisions"}],"predecessor-version":[{"id":23330,"href":"https:\/\/tehnoformat.md\/ro\/wp-json\/wp\/v2\/product\/23327\/revisions\/23330"}],"wp:featuredmedia":[{"embeddable":true,"href":"https:\/\/tehnoformat.md\/ro\/wp-json\/wp\/v2\/media\/22799"}],"wp:attachment":[{"href":"https:\/\/tehnoformat.md\/ro\/wp-json\/wp\/v2\/media?parent=23327"}],"wp:term":[{"taxonomy":"product_brand","embeddable":true,"href":"https:\/\/tehnoformat.md\/ro\/wp-json\/wp\/v2\/product_brand?post=23327"},{"taxonomy":"product_cat","embeddable":true,"href":"https:\/\/tehnoformat.md\/ro\/wp-json\/wp\/v2\/product_cat?post=23327"},{"taxonomy":"product_tag","embeddable":true,"href":"https:\/\/tehnoformat.md\/ro\/wp-json\/wp\/v2\/product_tag?post=23327"}],"curies":[{"name":"wp","href":"https:\/\/api.w.org\/{rel}","templated":true}]}}