{"id":23320,"date":"2024-11-22T12:55:14","date_gmt":"2024-11-22T09:55:14","guid":{"rendered":"https:\/\/tehnoformat.md\/product\/tesy-gcv-100-47-24d-c21-ts2rc-modeco-ceramic\/"},"modified":"2026-03-05T17:48:44","modified_gmt":"2026-03-05T14:48:44","slug":"tesy-gcv-100-47-24d-c21-ts2rc-modeco-ceramic","status":"publish","type":"product","link":"https:\/\/tehnoformat.md\/ro\/produs\/tesy-gcv-100-47-24d-c21-ts2rc-modeco-ceramic\/","title":{"rendered":"Tesy GCV 100 47\/24D C21 TS2RC ModEco Ceramic"},"content":{"rendered":"\t\t<div data-elementor-type=\"wp-post\" data-elementor-id=\"23320\" class=\"elementor elementor-23320 elementor-19073\">\n\t\t\t\t<div class=\"elementor-element elementor-element-c1b555e e-grid e-con-boxed e-con e-parent\" data-id=\"c1b555e\" data-element_type=\"container\" data-e-type=\"container\">\n\t\t\t\t\t<div class=\"e-con-inner\">\n\t\t\t\t<div class=\"elementor-element elementor-element-79d2767 elementor-align-center elementor-widget elementor-widget-button\" data-id=\"79d2767\" data-element_type=\"widget\" data-e-type=\"widget\" data-widget_type=\"button.default\">\n\t\t\t\t<div class=\"elementor-widget-container\">\n\t\t\t\t\t\t\t\t\t<div class=\"elementor-button-wrapper\">\n\t\t\t\t\t<a target=\"_blank\" rel=\"nofollow\" href=\"https:\/\/tehnoformat.md\/goto\/https:\/\/tesy.com\/products\/datasheet\/194\" class=\"elementor-button elementor-button-link elementor-size-sm\" >\n\t\t\t\t\t\t<span class=\"elementor-button-content-wrapper\">\n\t\t\t\t\t\t\t\t\t<span class=\"elementor-button-text\">Pa\u0219aport<\/span>\n\t\t\t\t\t<\/span>\n\t\t\t\t\t<\/a>\n\t\t\t\t<\/div>\n\t\t\t\t\t\t\t\t<\/div>\n\t\t\t\t<\/div>\n\t\t\t\t<div class=\"elementor-element elementor-element-3073977 elementor-align-center elementor-widget elementor-widget-button\" data-id=\"3073977\" data-element_type=\"widget\" data-e-type=\"widget\" data-widget_type=\"button.default\">\n\t\t\t\t<div class=\"elementor-widget-container\">\n\t\t\t\t\t\t\t\t\t<div class=\"elementor-button-wrapper\">\n\t\t\t\t\t<a target=\"_blank\" rel=\"nofollow\" href=\"https:\/\/tehnoformat.md\/goto\/https:\/\/tesy.kz\/web\/files\/richeditor\/TESY%20Home%20RU%20v1.6.pdf\" class=\"elementor-button elementor-button-link elementor-size-sm\" >\n\t\t\t\t\t\t<span class=\"elementor-button-content-wrapper\">\n\t\t\t\t\t\t\t\t\t<span class=\"elementor-button-text\">Catalog<\/span>\n\t\t\t\t\t<\/span>\n\t\t\t\t\t<\/a>\n\t\t\t\t<\/div>\n\t\t\t\t\t\t\t\t<\/div>\n\t\t\t\t<\/div>\n\t\t\t\t<div class=\"elementor-element elementor-element-28c4b0a elementor-align-center elementor-widget elementor-widget-button\" data-id=\"28c4b0a\" data-element_type=\"widget\" data-e-type=\"widget\" data-widget_type=\"button.default\">\n\t\t\t\t<div class=\"elementor-widget-container\">\n\t\t\t\t\t\t\t\t\t<div class=\"elementor-button-wrapper\">\n\t\t\t\t\t<a target=\"_blank\" rel=\"nofollow\" href=\"https:\/\/tehnoformat.md\/goto\/https:\/\/tesy.es\/web\/files\/richeditor\/TESY%20Catalogue%20EWH%20SPAIN%20%202021_22.pdf\" class=\"elementor-button elementor-button-link elementor-size-sm\" >\n\t\t\t\t\t\t<span class=\"elementor-button-content-wrapper\">\n\t\t\t\t\t\t\t\t\t<span class=\"elementor-button-text\">Catalog<\/span>\n\t\t\t\t\t<\/span>\n\t\t\t\t\t<\/a>\n\t\t\t\t<\/div>\n\t\t\t\t\t\t\t\t<\/div>\n\t\t\t\t<\/div>\n\t\t\t\t\t<\/div>\n\t\t\t\t<\/div>\n\t\t<div class=\"elementor-element elementor-element-9f7eb32 e-flex e-con-boxed e-con e-parent\" data-id=\"9f7eb32\" data-element_type=\"container\" data-e-type=\"container\">\n\t\t\t\t\t<div class=\"e-con-inner\">\n\t\t\t\t<div class=\"elementor-element elementor-element-89a637d elementor-widget elementor-widget-text-editor\" data-id=\"89a637d\" data-element_type=\"widget\" data-e-type=\"widget\" data-widget_type=\"text-editor.default\">\n\t\t\t\t<div class=\"elementor-widget-container\">\n\t\t\t\t\t\t\t\t\t<div class=\"flex max-w-full flex-col flex-grow\"><div class=\"min-h-8 text-message flex w-full flex-col items-end gap-2 whitespace-normal break-words [.text-message+&amp;]:mt-5\" dir=\"auto\" data-message-author-role=\"assistant\" data-message-id=\"a3573a17-f17b-45d8-80a7-8ae035420171\" data-client-thread-id=\"672093b1-20a0-800a-abb4-408f45befce4\" data-message-model-slug=\"gpt-4o\"><div class=\"flex w-full flex-col gap-1 empty:hidden first:pt-[3px]\"><div class=\"markdown prose w-full break-words dark:prose-invert light\"><p><strong>Boilerul Tesy GCV 100 47\/24D C21 TS2RC ModEco<\/strong> cu o capacitate de 100 de litri de la TESY combin\u0103 tehnologii avansate, eficien\u021b\u0103 energetic\u0103 \u0219i fiabilitate, oferind o alimentare confortabil\u0103 cu ap\u0103 cald\u0103 casei dumneavoastr\u0103.<\/p><h4><img fetchpriority=\"high\" decoding=\"async\" class=\"aligncenter size-full wp-image-19056\" src=\"https:\/\/tehnoformat.md\/wp-content\/uploads\/2024\/11\/tesy-gcv-100-4720c21-tsrc-modeco4.jpg\" alt=\"\" width=\"1440\" height=\"777\" srcset=\"https:\/\/tehnoformat.md\/wp-content\/uploads\/2024\/11\/tesy-gcv-100-4720c21-tsrc-modeco4.jpg 1440w, https:\/\/tehnoformat.md\/wp-content\/uploads\/2024\/11\/tesy-gcv-100-4720c21-tsrc-modeco4-300x162.jpg 300w, https:\/\/tehnoformat.md\/wp-content\/uploads\/2024\/11\/tesy-gcv-100-4720c21-tsrc-modeco4-1024x553.jpg 1024w, https:\/\/tehnoformat.md\/wp-content\/uploads\/2024\/11\/tesy-gcv-100-4720c21-tsrc-modeco4-768x414.jpg 768w, https:\/\/tehnoformat.md\/wp-content\/uploads\/2024\/11\/tesy-gcv-100-4720c21-tsrc-modeco4-1000x540.jpg 1000w\" sizes=\"(max-width: 1440px) 100vw, 1440px\" \/><\/h4><h5><strong>Eficien\u021b\u0103 energetic\u0103 \u0219i izola\u021bie:<\/strong><\/h5><ul><li><strong>INSUTECH Plus:<\/strong> Izola\u021bia termic\u0103 avansat\u0103 din poliuretan de \u00eenalt\u0103 densitate minimizeaz\u0103 pierderile de c\u0103ldur\u0103, reduc\u00e2nd costurile cu energie \u0219i asigur\u00e2nd men\u021binerea pe termen lung a temperaturii apei.<\/li><\/ul><h5><strong>Materiale \u0219i durabilitate:<\/strong><\/h5><p><img decoding=\"async\" class=\"size-full wp-image-19060 alignright\" src=\"https:\/\/tehnoformat.md\/wp-content\/uploads\/2024\/11\/tesy-gcv-100-4720c21-tsrc-modeco8.jpg\" alt=\"\" width=\"881\" height=\"692\" srcset=\"https:\/\/tehnoformat.md\/wp-content\/uploads\/2024\/11\/tesy-gcv-100-4720c21-tsrc-modeco8.jpg 881w, https:\/\/tehnoformat.md\/wp-content\/uploads\/2024\/11\/tesy-gcv-100-4720c21-tsrc-modeco8-300x236.jpg 300w, https:\/\/tehnoformat.md\/wp-content\/uploads\/2024\/11\/tesy-gcv-100-4720c21-tsrc-modeco8-768x603.jpg 768w\" sizes=\"(max-width: 881px) 100vw, 881px\" \/><\/p><ul><li><strong>Acoperire cu ceramic\u0103 din sticl\u0103 Crystal Tech:<\/strong> Ofer\u0103 protec\u021bie rezervorului interior \u00eempotriva coroziunii \u0219i prelunge\u0219te durata de via\u021b\u0103 a dispozitivului.<\/li><li><strong>Anod de magneziu:<\/strong> Protejeaz\u0103 rezervorul de formarea ruginii \u0219i cre\u0219te durabilitatea cazanului.<\/li><\/ul><h5><strong>Tehnologii de \u00eenc\u0103lzire:<\/strong><\/h5><ul><li><strong>Element de \u00eenc\u0103lzire cu acoperire ceramic\u0103:<\/strong> Elementul de \u00eenc\u0103lzire uscat previne formarea calcarului, simplific\u0103 \u00eentre\u021binerea \u0219i asigur\u0103 o func\u021bionare stabil\u0103 chiar \u0219i \u00een condi\u021bii de ap\u0103 dure.<\/li><li><strong>Efect PISTON:<\/strong> Designul patentat al duzei din o\u021bel inoxidabil cre\u0219te cantitatea disponibil\u0103 de ap\u0103 cald\u0103 cu 15%.<\/li><\/ul><h5><strong>Control \u0219i confort:<\/strong><\/h5><ul><li><strong>Control mecanic:<\/strong> control simplu \u0219i fiabil al temperaturii cu termostatul \u00eencorporat.<\/li><li><strong>Termostat capilar:<\/strong> asigur\u0103 setarea precis\u0103 a temperaturii de \u00eenc\u0103lzire.<\/li><\/ul><h5><strong>Siguran\u0163\u0103:<\/strong><\/h5><ul><li><strong>Dubla protec\u021bie \u00eempotriva supra\u00eenc\u0103lzirii:<\/strong> Centrala este echipata cu un termostat \u0219i o supapa de siguran\u021b\u0103 pentru a preveni excesul de presiune.<\/li><li><strong>Protec\u021bie \u00eempotriva \u00eenghe\u021bului:<\/strong> V\u0103 permite s\u0103 utiliza\u021bi dispozitivul \u00een siguran\u021b\u0103 chiar \u0219i pe vreme rece.<\/li><li><strong>Testarea scurgerilor:<\/strong> rezervorul poate rezista la o presiune de p\u00e2n\u0103 la 8 ATM, ceea ce confirm\u0103 fiabilitatea acestuia.<\/li><\/ul><p><strong>Tesy GCV 100 47\/20 C21 TSRC ModEco<\/strong> este un \u00eenc\u0103lzitor de ap\u0103 modern \u0219i economic, ideal pentru casa dvs., oferind o alimentare stabil\u0103 cu ap\u0103 cald\u0103 cu costuri minime de energie.<\/p><p><img decoding=\"async\" class=\"aligncenter wp-image-19079 size-full\" src=\"https:\/\/tehnoformat.md\/wp-content\/uploads\/2024\/11\/tesy-gcv-100-4724d-c21-ts2rc-modeco-ceramic.jpg\" alt=\"\" width=\"1200\" height=\"700\" srcset=\"https:\/\/tehnoformat.md\/wp-content\/uploads\/2024\/11\/tesy-gcv-100-4724d-c21-ts2rc-modeco-ceramic.jpg 1200w, https:\/\/tehnoformat.md\/wp-content\/uploads\/2024\/11\/tesy-gcv-100-4724d-c21-ts2rc-modeco-ceramic-300x175.jpg 300w, https:\/\/tehnoformat.md\/wp-content\/uploads\/2024\/11\/tesy-gcv-100-4724d-c21-ts2rc-modeco-ceramic-1024x597.jpg 1024w, https:\/\/tehnoformat.md\/wp-content\/uploads\/2024\/11\/tesy-gcv-100-4724d-c21-ts2rc-modeco-ceramic-768x448.jpg 768w, https:\/\/tehnoformat.md\/wp-content\/uploads\/2024\/11\/tesy-gcv-100-4724d-c21-ts2rc-modeco-ceramic-1000x583.jpg 1000w\" sizes=\"(max-width: 1200px) 100vw, 1200px\" \/><\/p><\/div><\/div><\/div><\/div>\t\t\t\t\t\t\t\t<\/div>\n\t\t\t\t<\/div>\n\t\t\t\t\t<\/div>\n\t\t\t\t<\/div>\n\t\t\t\t<\/div>\n\t\t","protected":false},"excerpt":{"rendered":"<p>Pa\u0219aport Catalog Catalog Boilerul Tesy GCV 100 47\/24D C21 TS2RC ModEco cu o capacitate de 100 de litri de la TESY combin\u0103 tehnologii avansate, eficien\u021b\u0103 energetic\u0103 \u0219i fiabilitate, oferind o alimentare confortabil\u0103 cu ap\u0103 cald\u0103 casei dumneavoastr\u0103. Eficien\u021b\u0103 energetic\u0103 \u0219i izola\u021bie: INSUTECH Plus: Izola\u021bia termic\u0103 avansat\u0103 din poliuretan de \u00eenalt\u0103 densitate minimizeaz\u0103 pierderile de c\u0103ldur\u0103, [&hellip;]<\/p>\n","protected":false},"featured_media":22808,"comment_status":"closed","ping_status":"open","template":"","meta":[],"product_brand":[],"product_cat":[784,795],"product_tag":[903,908,935,984,1014],"class_list":{"0":"post-23320","1":"product","2":"type-product","3":"status-publish","4":"has-post-thumbnail","6":"product_cat-boilere","7":"product_cat-incalzitoare-de-apa","8":"product_tag-boiler-ro","9":"product_tag-boiler-electric-ro","10":"product_tag-compact-ro","11":"product_tag-modeco-ro","12":"product_tag-tesy-ro","13":"ts_product_brand-tesy-ro","15":"first","16":"instock","17":"shipping-taxable","18":"purchasable","19":"product-type-simple","20":"add-to-wishlist-after_add_to_cart"},"yoast_head":"<!-- This site is optimized with the Yoast SEO plugin v27.1.1 - https:\/\/yoast.com\/product\/yoast-seo-wordpress\/ -->\n<title>Tesy GCV 100 47\/24D C21 TS2RC ModEco Ceramic - Tehnoformat<\/title>\n<meta name=\"robots\" content=\"index, follow, max-snippet:-1, max-image-preview:large, max-video-preview:-1\" \/>\n<link rel=\"canonical\" href=\"https:\/\/tehnoformat.md\/ro\/produs\/tesy-gcv-100-47-24d-c21-ts2rc-modeco-ceramic\/\" \/>\n<meta property=\"og:locale\" content=\"ro_RO\" \/>\n<meta property=\"og:type\" content=\"article\" \/>\n<meta property=\"og:title\" content=\"Tesy GCV 100 47\/24D C21 TS2RC ModEco Ceramic - Tehnoformat\" \/>\n<meta property=\"og:description\" content=\"Pa\u0219aport Catalog Catalog Boilerul Tesy GCV 100 47\/24D C21 TS2RC ModEco cu o capacitate de 100 de litri de la TESY combin\u0103 tehnologii avansate, eficien\u021b\u0103 energetic\u0103 \u0219i fiabilitate, oferind o alimentare confortabil\u0103 cu ap\u0103 cald\u0103 casei dumneavoastr\u0103. Eficien\u021b\u0103 energetic\u0103 \u0219i izola\u021bie: INSUTECH Plus: Izola\u021bia termic\u0103 avansat\u0103 din poliuretan de \u00eenalt\u0103 densitate minimizeaz\u0103 pierderile de c\u0103ldur\u0103, [&hellip;]\" \/>\n<meta property=\"og:url\" content=\"https:\/\/tehnoformat.md\/ro\/produs\/tesy-gcv-100-47-24d-c21-ts2rc-modeco-ceramic\/\" \/>\n<meta property=\"og:site_name\" content=\"Tehnoformat\" \/>\n<meta property=\"article:publisher\" content=\"https:\/\/www.facebook.com\/formatterm\" \/>\n<meta property=\"article:modified_time\" content=\"2026-03-05T14:48:44+00:00\" \/>\n<meta property=\"og:image\" content=\"https:\/\/tehnoformat.md\/wp-content\/uploads\/2024\/11\/tesy-gcv-100-4720c21-tsrc-modeco3.jpg\" \/>\n\t<meta property=\"og:image:width\" content=\"1000\" \/>\n\t<meta property=\"og:image:height\" content=\"1000\" \/>\n\t<meta property=\"og:image:type\" content=\"image\/jpeg\" \/>\n<meta name=\"twitter:card\" content=\"summary_large_image\" \/>\n<meta name=\"twitter:label1\" content=\"Timp estimat pentru citire\" \/>\n\t<meta name=\"twitter:data1\" content=\"3 minute\" \/>\n<script type=\"application\/ld+json\" class=\"yoast-schema-graph\">{\"@context\":\"https:\/\/schema.org\",\"@graph\":[{\"@type\":\"WebPage\",\"@id\":\"https:\/\/tehnoformat.md\/ro\/produs\/tesy-gcv-100-47-24d-c21-ts2rc-modeco-ceramic\/\",\"url\":\"https:\/\/tehnoformat.md\/ro\/produs\/tesy-gcv-100-47-24d-c21-ts2rc-modeco-ceramic\/\",\"name\":\"Tesy GCV 100 47\/24D C21 TS2RC ModEco Ceramic - Tehnoformat\",\"isPartOf\":{\"@id\":\"https:\/\/tehnoformat.md\/ro\/#website\"},\"primaryImageOfPage\":{\"@id\":\"https:\/\/tehnoformat.md\/ro\/produs\/tesy-gcv-100-47-24d-c21-ts2rc-modeco-ceramic\/#primaryimage\"},\"image\":{\"@id\":\"https:\/\/tehnoformat.md\/ro\/produs\/tesy-gcv-100-47-24d-c21-ts2rc-modeco-ceramic\/#primaryimage\"},\"thumbnailUrl\":\"https:\/\/tehnoformat.md\/wp-content\/uploads\/2024\/11\/tesy-gcv-100-4720c21-tsrc-modeco3.jpg\",\"datePublished\":\"2024-11-22T09:55:14+00:00\",\"dateModified\":\"2026-03-05T14:48:44+00:00\",\"breadcrumb\":{\"@id\":\"https:\/\/tehnoformat.md\/ro\/produs\/tesy-gcv-100-47-24d-c21-ts2rc-modeco-ceramic\/#breadcrumb\"},\"inLanguage\":\"ro-RO\",\"potentialAction\":[{\"@type\":\"ReadAction\",\"target\":[\"https:\/\/tehnoformat.md\/ro\/produs\/tesy-gcv-100-47-24d-c21-ts2rc-modeco-ceramic\/\"]}]},{\"@type\":\"ImageObject\",\"inLanguage\":\"ro-RO\",\"@id\":\"https:\/\/tehnoformat.md\/ro\/produs\/tesy-gcv-100-47-24d-c21-ts2rc-modeco-ceramic\/#primaryimage\",\"url\":\"https:\/\/tehnoformat.md\/wp-content\/uploads\/2024\/11\/tesy-gcv-100-4720c21-tsrc-modeco3.jpg\",\"contentUrl\":\"https:\/\/tehnoformat.md\/wp-content\/uploads\/2024\/11\/tesy-gcv-100-4720c21-tsrc-modeco3.jpg\",\"width\":1000,\"height\":1000},{\"@type\":\"BreadcrumbList\",\"@id\":\"https:\/\/tehnoformat.md\/ro\/produs\/tesy-gcv-100-47-24d-c21-ts2rc-modeco-ceramic\/#breadcrumb\",\"itemListElement\":[{\"@type\":\"ListItem\",\"position\":1,\"name\":\"Pagina principal\u0103\",\"item\":\"https:\/\/tehnoformat.md\/ro\/\"},{\"@type\":\"ListItem\",\"position\":2,\"name\":\"Magazin\",\"item\":\"https:\/\/tehnoformat.md\/ro\/shop\/\"},{\"@type\":\"ListItem\",\"position\":3,\"name\":\"Tesy GCV 100 47\/24D C21 TS2RC ModEco Ceramic\"}]},{\"@type\":\"WebSite\",\"@id\":\"https:\/\/tehnoformat.md\/ro\/#website\",\"url\":\"https:\/\/tehnoformat.md\/ro\/\",\"name\":\"Tehnoformat.md\",\"description\":\"\",\"publisher\":{\"@id\":\"https:\/\/tehnoformat.md\/ro\/#organization\"},\"potentialAction\":[{\"@type\":\"SearchAction\",\"target\":{\"@type\":\"EntryPoint\",\"urlTemplate\":\"https:\/\/tehnoformat.md\/ro\/?s={search_term_string}\"},\"query-input\":{\"@type\":\"PropertyValueSpecification\",\"valueRequired\":true,\"valueName\":\"search_term_string\"}}],\"inLanguage\":\"ro-RO\"},{\"@type\":\"Organization\",\"@id\":\"https:\/\/tehnoformat.md\/ro\/#organization\",\"name\":\"Tehnoformat\",\"url\":\"https:\/\/tehnoformat.md\/ro\/\",\"logo\":{\"@type\":\"ImageObject\",\"inLanguage\":\"ro-RO\",\"@id\":\"https:\/\/tehnoformat.md\/ro\/#\/schema\/logo\/image\/\",\"url\":\"https:\/\/tehnoformat.md\/wp-content\/uploads\/2024\/10\/icon1.png\",\"contentUrl\":\"https:\/\/tehnoformat.md\/wp-content\/uploads\/2024\/10\/icon1.png\",\"width\":512,\"height\":512,\"caption\":\"Tehnoformat\"},\"image\":{\"@id\":\"https:\/\/tehnoformat.md\/ro\/#\/schema\/logo\/image\/\"},\"sameAs\":[\"https:\/\/www.facebook.com\/formatterm\",\"https:\/\/www.instagram.com\/tehnoformat.md\/\"]}]}<\/script>\n<!-- \/ Yoast SEO plugin. -->","yoast_head_json":{"title":"Tesy GCV 100 47\/24D C21 TS2RC ModEco Ceramic - Tehnoformat","robots":{"index":"index","follow":"follow","max-snippet":"max-snippet:-1","max-image-preview":"max-image-preview:large","max-video-preview":"max-video-preview:-1"},"canonical":"https:\/\/tehnoformat.md\/ro\/produs\/tesy-gcv-100-47-24d-c21-ts2rc-modeco-ceramic\/","og_locale":"ro_RO","og_type":"article","og_title":"Tesy GCV 100 47\/24D C21 TS2RC ModEco Ceramic - Tehnoformat","og_description":"Pa\u0219aport Catalog Catalog Boilerul Tesy GCV 100 47\/24D C21 TS2RC ModEco cu o capacitate de 100 de litri de la TESY combin\u0103 tehnologii avansate, eficien\u021b\u0103 energetic\u0103 \u0219i fiabilitate, oferind o alimentare confortabil\u0103 cu ap\u0103 cald\u0103 casei dumneavoastr\u0103. Eficien\u021b\u0103 energetic\u0103 \u0219i izola\u021bie: INSUTECH Plus: Izola\u021bia termic\u0103 avansat\u0103 din poliuretan de \u00eenalt\u0103 densitate minimizeaz\u0103 pierderile de c\u0103ldur\u0103, [&hellip;]","og_url":"https:\/\/tehnoformat.md\/ro\/produs\/tesy-gcv-100-47-24d-c21-ts2rc-modeco-ceramic\/","og_site_name":"Tehnoformat","article_publisher":"https:\/\/www.facebook.com\/formatterm","article_modified_time":"2026-03-05T14:48:44+00:00","og_image":[{"width":1000,"height":1000,"url":"https:\/\/tehnoformat.md\/wp-content\/uploads\/2024\/11\/tesy-gcv-100-4720c21-tsrc-modeco3.jpg","type":"image\/jpeg"}],"twitter_card":"summary_large_image","twitter_misc":{"Timp estimat pentru citire":"3 minute"},"schema":{"@context":"https:\/\/schema.org","@graph":[{"@type":"WebPage","@id":"https:\/\/tehnoformat.md\/ro\/produs\/tesy-gcv-100-47-24d-c21-ts2rc-modeco-ceramic\/","url":"https:\/\/tehnoformat.md\/ro\/produs\/tesy-gcv-100-47-24d-c21-ts2rc-modeco-ceramic\/","name":"Tesy GCV 100 47\/24D C21 TS2RC ModEco Ceramic - Tehnoformat","isPartOf":{"@id":"https:\/\/tehnoformat.md\/ro\/#website"},"primaryImageOfPage":{"@id":"https:\/\/tehnoformat.md\/ro\/produs\/tesy-gcv-100-47-24d-c21-ts2rc-modeco-ceramic\/#primaryimage"},"image":{"@id":"https:\/\/tehnoformat.md\/ro\/produs\/tesy-gcv-100-47-24d-c21-ts2rc-modeco-ceramic\/#primaryimage"},"thumbnailUrl":"https:\/\/tehnoformat.md\/wp-content\/uploads\/2024\/11\/tesy-gcv-100-4720c21-tsrc-modeco3.jpg","datePublished":"2024-11-22T09:55:14+00:00","dateModified":"2026-03-05T14:48:44+00:00","breadcrumb":{"@id":"https:\/\/tehnoformat.md\/ro\/produs\/tesy-gcv-100-47-24d-c21-ts2rc-modeco-ceramic\/#breadcrumb"},"inLanguage":"ro-RO","potentialAction":[{"@type":"ReadAction","target":["https:\/\/tehnoformat.md\/ro\/produs\/tesy-gcv-100-47-24d-c21-ts2rc-modeco-ceramic\/"]}]},{"@type":"ImageObject","inLanguage":"ro-RO","@id":"https:\/\/tehnoformat.md\/ro\/produs\/tesy-gcv-100-47-24d-c21-ts2rc-modeco-ceramic\/#primaryimage","url":"https:\/\/tehnoformat.md\/wp-content\/uploads\/2024\/11\/tesy-gcv-100-4720c21-tsrc-modeco3.jpg","contentUrl":"https:\/\/tehnoformat.md\/wp-content\/uploads\/2024\/11\/tesy-gcv-100-4720c21-tsrc-modeco3.jpg","width":1000,"height":1000},{"@type":"BreadcrumbList","@id":"https:\/\/tehnoformat.md\/ro\/produs\/tesy-gcv-100-47-24d-c21-ts2rc-modeco-ceramic\/#breadcrumb","itemListElement":[{"@type":"ListItem","position":1,"name":"Pagina principal\u0103","item":"https:\/\/tehnoformat.md\/ro\/"},{"@type":"ListItem","position":2,"name":"Magazin","item":"https:\/\/tehnoformat.md\/ro\/shop\/"},{"@type":"ListItem","position":3,"name":"Tesy GCV 100 47\/24D C21 TS2RC ModEco Ceramic"}]},{"@type":"WebSite","@id":"https:\/\/tehnoformat.md\/ro\/#website","url":"https:\/\/tehnoformat.md\/ro\/","name":"Tehnoformat.md","description":"","publisher":{"@id":"https:\/\/tehnoformat.md\/ro\/#organization"},"potentialAction":[{"@type":"SearchAction","target":{"@type":"EntryPoint","urlTemplate":"https:\/\/tehnoformat.md\/ro\/?s={search_term_string}"},"query-input":{"@type":"PropertyValueSpecification","valueRequired":true,"valueName":"search_term_string"}}],"inLanguage":"ro-RO"},{"@type":"Organization","@id":"https:\/\/tehnoformat.md\/ro\/#organization","name":"Tehnoformat","url":"https:\/\/tehnoformat.md\/ro\/","logo":{"@type":"ImageObject","inLanguage":"ro-RO","@id":"https:\/\/tehnoformat.md\/ro\/#\/schema\/logo\/image\/","url":"https:\/\/tehnoformat.md\/wp-content\/uploads\/2024\/10\/icon1.png","contentUrl":"https:\/\/tehnoformat.md\/wp-content\/uploads\/2024\/10\/icon1.png","width":512,"height":512,"caption":"Tehnoformat"},"image":{"@id":"https:\/\/tehnoformat.md\/ro\/#\/schema\/logo\/image\/"},"sameAs":["https:\/\/www.facebook.com\/formatterm","https:\/\/www.instagram.com\/tehnoformat.md\/"]}]}},"_links":{"self":[{"href":"https:\/\/tehnoformat.md\/ro\/wp-json\/wp\/v2\/product\/23320","targetHints":{"allow":["GET"]}}],"collection":[{"href":"https:\/\/tehnoformat.md\/ro\/wp-json\/wp\/v2\/product"}],"about":[{"href":"https:\/\/tehnoformat.md\/ro\/wp-json\/wp\/v2\/types\/product"}],"replies":[{"embeddable":true,"href":"https:\/\/tehnoformat.md\/ro\/wp-json\/wp\/v2\/comments?post=23320"}],"version-history":[{"count":2,"href":"https:\/\/tehnoformat.md\/ro\/wp-json\/wp\/v2\/product\/23320\/revisions"}],"predecessor-version":[{"id":23322,"href":"https:\/\/tehnoformat.md\/ro\/wp-json\/wp\/v2\/product\/23320\/revisions\/23322"}],"wp:featuredmedia":[{"embeddable":true,"href":"https:\/\/tehnoformat.md\/ro\/wp-json\/wp\/v2\/media\/22808"}],"wp:attachment":[{"href":"https:\/\/tehnoformat.md\/ro\/wp-json\/wp\/v2\/media?parent=23320"}],"wp:term":[{"taxonomy":"product_brand","embeddable":true,"href":"https:\/\/tehnoformat.md\/ro\/wp-json\/wp\/v2\/product_brand?post=23320"},{"taxonomy":"product_cat","embeddable":true,"href":"https:\/\/tehnoformat.md\/ro\/wp-json\/wp\/v2\/product_cat?post=23320"},{"taxonomy":"product_tag","embeddable":true,"href":"https:\/\/tehnoformat.md\/ro\/wp-json\/wp\/v2\/product_tag?post=23320"}],"curies":[{"name":"wp","href":"https:\/\/api.w.org\/{rel}","templated":true}]}}