{"id":23273,"date":"2024-11-27T14:24:58","date_gmt":"2024-11-27T11:24:58","guid":{"rendered":"https:\/\/tehnoformat.md\/product\/euroterm-et-s20-1sf-ng\/"},"modified":"2026-02-11T12:50:18","modified_gmt":"2026-02-11T09:50:18","slug":"euroterm-et-s20-1sf-ng","status":"publish","type":"product","link":"https:\/\/tehnoformat.md\/ro\/produs\/euroterm-et-s20-1sf-ng\/","title":{"rendered":"Euroterm ET S20-1SF NG"},"content":{"rendered":"\t\t<div data-elementor-type=\"product-post\" data-elementor-id=\"23273\" class=\"elementor elementor-23273 elementor-19216\">\n\t\t\t\t<div class=\"elementor-element elementor-element-f054b77 e-flex e-con-boxed e-con e-parent\" data-id=\"f054b77\" data-element_type=\"container\" data-e-type=\"container\">\n\t\t\t\t\t<div class=\"e-con-inner\">\n\t\t\t\t<div class=\"elementor-element elementor-element-b67bcf3 elementor-widget elementor-widget-text-editor\" data-id=\"b67bcf3\" data-element_type=\"widget\" data-e-type=\"widget\" data-widget_type=\"text-editor.default\">\n\t\t\t\t<div class=\"elementor-widget-container\">\n\t\t\t\t\t\t\t\t\t<div class=\"flex-shrink-0 flex flex-col relative items-end\"><div class=\"pt-0\"><div class=\"gizmo-bot-avatar flex h-8 w-8 items-center justify-center overflow-hidden rounded-full\"><div class=\"relative p-1 rounded-sm flex items-center justify-center bg-token-main-surface-primary text-token-text-primary h-8 w-8\"><p>\u00cenc\u0103lzitorul este echipat cu o camer\u0103 de ardere deschis\u0103 \u0219i un sistem for\u021bat de eliminare a fumului. Aerul necesar procesului de ardere provine direct din \u00eenc\u0103pere, iar produsele de ardere \u0219i gazele de ardere sunt \u00eendep\u0103rtate eficient de o turbin\u0103 \u00eencorporat\u0103. <\/p><p>Puterea aparatului este de 20 kW, ceea ce asigur\u0103 o capacitate de p\u00e2n\u0103 la 10 litri de ap\u0103 cald\u0103 pe minut. Utilizarea dispozitivului este extrem de simpl\u0103: cu o singur\u0103 atingere pute\u021bi seta temperatura dorit\u0103 a apei. Dup\u0103 oprire \u0219i repornire, \u00eenc\u0103lzitorul de ap\u0103 salveaz\u0103 automat \u0219i folose\u0219te parametrii seta\u021bi anterior. Datorit\u0103 microprocesorului \u00eencorporat, dispozitivul \u00ee\u0219i regleaz\u0103 \u00een mod independent caracteristicile de func\u021bionare \u00een func\u021bie de temperatura apei de intrare \u0219i de set\u0103rile utilizatorului, asigur\u00e2nd o temperatur\u0103 stabil\u0103 la ie\u0219ire. \u00cen plus, microprocesorul este responsabil pentru controlul aliment\u0103rii cu gaz.    <\/p><p>Boilerul se distinge prin calitatea ridicat\u0103 a construc\u021biei, designul modern \u0219i dimensiunile optime. Informa\u021biile despre func\u021bionarea dispozitivului sunt afi\u0219ate pe afi\u0219ajul \u00eencorporat, fiind u\u0219or de monitorizat \u0219i configurat. Aprinderea electronic\u0103 automat\u0103 face operarea \u0219i mai comod\u0103: doar deschide\u021bi robinetul de ap\u0103 cald\u0103 \u0219i aparatul va \u00eencepe s\u0103 func\u021bioneze imediat.  <\/p><\/div><\/div><\/div><\/div>\t\t\t\t\t\t\t\t<\/div>\n\t\t\t\t<\/div>\n\t\t\t\t\t<\/div>\n\t\t\t\t<\/div>\n\t\t<div class=\"elementor-element elementor-element-694e160 e-flex e-con-boxed e-con e-parent\" data-id=\"694e160\" data-element_type=\"container\" data-e-type=\"container\">\n\t\t\t\t\t<div class=\"e-con-inner\">\n\t\t\t\t<div class=\"elementor-element elementor-element-d021ac8 elementor-widget elementor-widget-image\" data-id=\"d021ac8\" data-element_type=\"widget\" data-e-type=\"widget\" data-widget_type=\"image.default\">\n\t\t\t\t<div class=\"elementor-widget-container\">\n\t\t\t\t\t\t\t\t\t\t\t\t\t\t\t<img fetchpriority=\"high\" decoding=\"async\" width=\"1000\" height=\"1000\" src=\"https:\/\/tehnoformat.md\/wp-content\/uploads\/2024\/11\/et-s4.jpg\" class=\"attachment-large size-large wp-image-22846\" alt=\"\" srcset=\"https:\/\/tehnoformat.md\/wp-content\/uploads\/2024\/11\/et-s4.jpg 1000w, https:\/\/tehnoformat.md\/wp-content\/uploads\/2024\/11\/et-s4-300x300.jpg 300w, https:\/\/tehnoformat.md\/wp-content\/uploads\/2024\/11\/et-s4-250x250.jpg 250w, https:\/\/tehnoformat.md\/wp-content\/uploads\/2024\/11\/et-s4-768x768.jpg 768w, https:\/\/tehnoformat.md\/wp-content\/uploads\/2024\/11\/et-s4-180x180.jpg 180w, https:\/\/tehnoformat.md\/wp-content\/uploads\/2024\/11\/et-s4-400x400.jpg 400w, https:\/\/tehnoformat.md\/wp-content\/uploads\/2024\/11\/et-s4-100x100.jpg 100w, https:\/\/tehnoformat.md\/wp-content\/uploads\/2024\/11\/et-s4-54x54.jpg 54w, https:\/\/tehnoformat.md\/wp-content\/uploads\/2024\/11\/et-s4-310x310.jpg 310w, https:\/\/tehnoformat.md\/wp-content\/uploads\/2024\/11\/et-s4-80x80.jpg 80w\" sizes=\"(max-width: 1000px) 100vw, 1000px\" \/>\t\t\t\t\t\t\t\t\t\t\t\t\t\t\t<\/div>\n\t\t\t\t<\/div>\n\t\t\t\t\t<\/div>\n\t\t\t\t<\/div>\n\t\t<div class=\"elementor-element elementor-element-d88f3b4 e-flex e-con-boxed e-con e-parent\" data-id=\"d88f3b4\" data-element_type=\"container\" data-e-type=\"container\">\n\t\t\t\t\t<div class=\"e-con-inner\">\n\t\t\t\t<div class=\"elementor-element elementor-element-fd2f03b elementor-widget elementor-widget-text-editor\" data-id=\"fd2f03b\" data-element_type=\"widget\" data-e-type=\"widget\" data-widget_type=\"text-editor.default\">\n\t\t\t\t<div class=\"elementor-widget-container\">\n\t\t\t\t\t\t\t\t\t<div class=\"flex-shrink-0 flex flex-col relative items-end\"><div class=\"pt-0\"><div class=\"gizmo-bot-avatar flex h-8 w-8 items-center justify-center overflow-hidden rounded-full\"><div class=\"relative p-1 rounded-sm flex items-center justify-center bg-token-main-surface-primary text-token-text-primary h-8 w-8\"><p>Acest model este echipat cu o func\u021bie pentru comutarea \u00eentre modurile \u201eIarn\u0103\u201d \u0219i \u201eVar\u0103\u201d. Acest lucru v\u0103 permite s\u0103 reduce\u021bi puterea \u00eenc\u0103lzitorului de ap\u0103 \u00een timpul sezonului cald, ceea ce reduce consumul de gaz \u0219i previne supra\u00eenc\u0103lzirea apei \u00een timpul verii. Presiunea minim\u0103 a apei pentru ca dispozitivul s\u0103 func\u021bioneze este de numai 0,2 bari, ceea ce o face deosebit de convenabil\u0103 pentru regiunile cu presiune sc\u0103zut\u0103 a apei.  <\/p><p>Siguran\u021ba \u00een func\u021bionare este asigurat\u0103 de sistemele electronice moderne care monitorizeaz\u0103 constant procesele de ardere a combustibilului, eliminarea gazelor de ardere \u0219i controlul presiunii apei.<\/p><p>Boilerul poate fi configurat s\u0103 func\u021bioneze cu diferite tipuri de gaz. Dac\u0103 trebuie s\u0103 reconfigura\u021bi pentru gaz lichefiat, ne pute\u021bi contacta &#8211; vom fi bucuro\u0219i s\u0103 v\u0103 ajut\u0103m s\u0103 adapta\u021bi dispozitivul la nevoile dumneavoastr\u0103. <\/p><\/div><\/div><\/div><\/div>\t\t\t\t\t\t\t\t<\/div>\n\t\t\t\t<\/div>\n\t\t\t\t\t<\/div>\n\t\t\t\t<\/div>\n\t\t<div class=\"elementor-element elementor-element-d43866e e-flex e-con-boxed e-con e-parent\" data-id=\"d43866e\" data-element_type=\"container\" data-e-type=\"container\">\n\t\t\t\t\t<div class=\"e-con-inner\">\n\t\t\t\t<div class=\"elementor-element elementor-element-fbb802d elementor-widget elementor-widget-image\" data-id=\"fbb802d\" data-element_type=\"widget\" data-e-type=\"widget\" data-widget_type=\"image.default\">\n\t\t\t\t<div class=\"elementor-widget-container\">\n\t\t\t\t\t\t\t\t\t\t\t\t\t\t\t<img decoding=\"async\" width=\"1000\" height=\"1000\" src=\"https:\/\/tehnoformat.md\/wp-content\/uploads\/2024\/10\/etw6.jpg\" class=\"attachment-large size-large wp-image-22685\" alt=\"\" srcset=\"https:\/\/tehnoformat.md\/wp-content\/uploads\/2024\/10\/etw6.jpg 1000w, https:\/\/tehnoformat.md\/wp-content\/uploads\/2024\/10\/etw6-300x300.jpg 300w, https:\/\/tehnoformat.md\/wp-content\/uploads\/2024\/10\/etw6-250x250.jpg 250w, https:\/\/tehnoformat.md\/wp-content\/uploads\/2024\/10\/etw6-768x768.jpg 768w, https:\/\/tehnoformat.md\/wp-content\/uploads\/2024\/10\/etw6-180x180.jpg 180w, https:\/\/tehnoformat.md\/wp-content\/uploads\/2024\/10\/etw6-400x400.jpg 400w, https:\/\/tehnoformat.md\/wp-content\/uploads\/2024\/10\/etw6-100x100.jpg 100w, https:\/\/tehnoformat.md\/wp-content\/uploads\/2024\/10\/etw6-54x54.jpg 54w, https:\/\/tehnoformat.md\/wp-content\/uploads\/2024\/10\/etw6-310x310.jpg 310w, https:\/\/tehnoformat.md\/wp-content\/uploads\/2024\/10\/etw6-80x80.jpg 80w\" sizes=\"(max-width: 1000px) 100vw, 1000px\" \/>\t\t\t\t\t\t\t\t\t\t\t\t\t\t\t<\/div>\n\t\t\t\t<\/div>\n\t\t\t\t\t<\/div>\n\t\t\t\t<\/div>\n\t\t<div class=\"elementor-element elementor-element-4b65a6e e-flex e-con-boxed e-con e-parent\" data-id=\"4b65a6e\" data-element_type=\"container\" data-e-type=\"container\">\n\t\t\t\t\t<div class=\"e-con-inner\">\n\t\t\t\t<div class=\"elementor-element elementor-element-269dee3 elementor-widget elementor-widget-text-editor\" data-id=\"269dee3\" data-element_type=\"widget\" data-e-type=\"widget\" data-widget_type=\"text-editor.default\">\n\t\t\t\t<div class=\"elementor-widget-container\">\n\t\t\t\t\t\t\t\t\t<ul><li><strong>Autodiagnosticare:<\/strong> Dispozitivul detecteaz\u0103 automat defec\u021biunile \u0219i le afi\u0219eaz\u0103 pe afi\u0219aj, simplific\u00e2nd \u00eentre\u021binerea.<\/li><li><strong>Sistem de protec\u021bie \u00eempotriva incendiilor:<\/strong> previne scurgerea de gaz \u00een cazul stingerii accidentale a fl\u0103c\u0103rii.<\/li><li><strong>Verificare redundant\u0103 a supapei de gaz:<\/strong> ofer\u0103 siguran\u021b\u0103 suplimentar\u0103 prin verificarea func\u021bion\u0103rii supapei de gaz.<\/li><li><strong>Auto-reglarea suprapresiunii aerului evacuat:<\/strong> dispozitivul regleaz\u0103 automat presiunea pentru o func\u021bionare stabil\u0103 \u0219i sigur\u0103.<\/li><li><strong>Autoverificare automat\u0103 a arderii incomplete:<\/strong> monitorizeaz\u0103 calitatea procesului de ardere pentru a preveni formarea de gaze nocive.<\/li><li><strong>Sistem de cur\u0103\u021bare cu aprindere \u00eent\u00e2rziat\u0103:<\/strong> elimin\u0103 reziduurile de gaze, prevenind acumularea de amestecuri inflamabile.<\/li><li><strong>Protec\u021bie la ap\u0103 sc\u0103zut\u0103:<\/strong> dispozitivul se opre\u0219te atunci c\u00e2nd presiunea apei este insuficient\u0103, prevenind supra\u00eenc\u0103lzirea.<\/li><li><strong>Protec\u021bie la supra\u00eenc\u0103lzire:<\/strong> opre\u0219te automat dispozitivul c\u00e2nd se atinge o temperatur\u0103 extrem de ridicat\u0103.<\/li><\/ul>\t\t\t\t\t\t\t\t<\/div>\n\t\t\t\t<\/div>\n\t\t\t\t\t<\/div>\n\t\t\t\t<\/div>\n\t\t\t\t<\/div>\n\t\t","protected":false},"excerpt":{"rendered":"<p>\u00cenc\u0103lzitorul este echipat cu o camer\u0103 de ardere deschis\u0103 \u0219i un sistem for\u021bat de eliminare a fumului. Aerul necesar procesului de ardere provine direct din \u00eenc\u0103pere, iar produsele de ardere \u0219i gazele de ardere sunt \u00eendep\u0103rtate eficient de o turbin\u0103 \u00eencorporat\u0103. Puterea aparatului este de 20 kW, ceea ce asigur\u0103 o capacitate de p\u00e2n\u0103 la [&hellip;]<\/p>\n","protected":false},"featured_media":22843,"comment_status":"closed","ping_status":"open","template":"","meta":[],"product_brand":[],"product_cat":[787],"product_tag":[934,953,970],"class_list":{"0":"post-23273","1":"product","2":"type-product","3":"status-publish","4":"has-post-thumbnail","6":"product_cat-coloane-pe-gaz","7":"product_tag-coloana-de-gaz-ro","8":"product_tag-euroterm-ro","9":"product_tag-incalzitor-de-apa-pe-gaz-ro","10":"ts_product_brand-euroterm-ro","12":"first","13":"instock","14":"sale","15":"shipping-taxable","16":"purchasable","17":"product-type-simple","18":"add-to-wishlist-after_add_to_cart"},"yoast_head":"<!-- This site is optimized with the Yoast SEO plugin v27.3 - https:\/\/yoast.com\/product\/yoast-seo-wordpress\/ -->\n<title>Euroterm ET S20-1SF NG - Tehnoformat<\/title>\n<meta name=\"robots\" content=\"index, follow, max-snippet:-1, max-image-preview:large, max-video-preview:-1\" \/>\n<link rel=\"canonical\" href=\"https:\/\/tehnoformat.md\/ro\/produs\/euroterm-et-s20-1sf-ng\/\" \/>\n<meta property=\"og:locale\" content=\"ro_RO\" \/>\n<meta property=\"og:type\" content=\"article\" \/>\n<meta property=\"og:title\" content=\"Euroterm ET S20-1SF NG - Tehnoformat\" \/>\n<meta property=\"og:description\" content=\"\u00cenc\u0103lzitorul este echipat cu o camer\u0103 de ardere deschis\u0103 \u0219i un sistem for\u021bat de eliminare a fumului. Aerul necesar procesului de ardere provine direct din \u00eenc\u0103pere, iar produsele de ardere \u0219i gazele de ardere sunt \u00eendep\u0103rtate eficient de o turbin\u0103 \u00eencorporat\u0103. Puterea aparatului este de 20 kW, ceea ce asigur\u0103 o capacitate de p\u00e2n\u0103 la [&hellip;]\" \/>\n<meta property=\"og:url\" content=\"https:\/\/tehnoformat.md\/ro\/produs\/euroterm-et-s20-1sf-ng\/\" \/>\n<meta property=\"og:site_name\" content=\"Tehnoformat\" \/>\n<meta property=\"article:publisher\" content=\"https:\/\/www.facebook.com\/formatterm\" \/>\n<meta property=\"article:modified_time\" content=\"2026-02-11T09:50:18+00:00\" \/>\n<meta property=\"og:image\" content=\"https:\/\/tehnoformat.md\/wp-content\/uploads\/2024\/11\/et-s1.jpg\" \/>\n\t<meta property=\"og:image:width\" content=\"1000\" \/>\n\t<meta property=\"og:image:height\" content=\"1000\" \/>\n\t<meta property=\"og:image:type\" content=\"image\/jpeg\" \/>\n<meta name=\"twitter:card\" content=\"summary_large_image\" \/>\n<meta name=\"twitter:label1\" content=\"Timp estimat pentru citire\" \/>\n\t<meta name=\"twitter:data1\" content=\"3 minute\" \/>\n<script type=\"application\/ld+json\" class=\"yoast-schema-graph\">{\"@context\":\"https:\\\/\\\/schema.org\",\"@graph\":[{\"@type\":\"WebPage\",\"@id\":\"https:\\\/\\\/tehnoformat.md\\\/ro\\\/produs\\\/euroterm-et-s20-1sf-ng\\\/\",\"url\":\"https:\\\/\\\/tehnoformat.md\\\/ro\\\/produs\\\/euroterm-et-s20-1sf-ng\\\/\",\"name\":\"Euroterm ET S20-1SF NG - Tehnoformat\",\"isPartOf\":{\"@id\":\"https:\\\/\\\/tehnoformat.md\\\/ro\\\/#website\"},\"primaryImageOfPage\":{\"@id\":\"https:\\\/\\\/tehnoformat.md\\\/ro\\\/produs\\\/euroterm-et-s20-1sf-ng\\\/#primaryimage\"},\"image\":{\"@id\":\"https:\\\/\\\/tehnoformat.md\\\/ro\\\/produs\\\/euroterm-et-s20-1sf-ng\\\/#primaryimage\"},\"thumbnailUrl\":\"https:\\\/\\\/tehnoformat.md\\\/wp-content\\\/uploads\\\/2024\\\/11\\\/et-s1.jpg\",\"datePublished\":\"2024-11-27T11:24:58+00:00\",\"dateModified\":\"2026-02-11T09:50:18+00:00\",\"breadcrumb\":{\"@id\":\"https:\\\/\\\/tehnoformat.md\\\/ro\\\/produs\\\/euroterm-et-s20-1sf-ng\\\/#breadcrumb\"},\"inLanguage\":\"ro-RO\",\"potentialAction\":[{\"@type\":\"ReadAction\",\"target\":[\"https:\\\/\\\/tehnoformat.md\\\/ro\\\/produs\\\/euroterm-et-s20-1sf-ng\\\/\"]}]},{\"@type\":\"ImageObject\",\"inLanguage\":\"ro-RO\",\"@id\":\"https:\\\/\\\/tehnoformat.md\\\/ro\\\/produs\\\/euroterm-et-s20-1sf-ng\\\/#primaryimage\",\"url\":\"https:\\\/\\\/tehnoformat.md\\\/wp-content\\\/uploads\\\/2024\\\/11\\\/et-s1.jpg\",\"contentUrl\":\"https:\\\/\\\/tehnoformat.md\\\/wp-content\\\/uploads\\\/2024\\\/11\\\/et-s1.jpg\",\"width\":1000,\"height\":1000},{\"@type\":\"BreadcrumbList\",\"@id\":\"https:\\\/\\\/tehnoformat.md\\\/ro\\\/produs\\\/euroterm-et-s20-1sf-ng\\\/#breadcrumb\",\"itemListElement\":[{\"@type\":\"ListItem\",\"position\":1,\"name\":\"Pagina principal\u0103\",\"item\":\"https:\\\/\\\/tehnoformat.md\\\/ro\\\/\"},{\"@type\":\"ListItem\",\"position\":2,\"name\":\"Magazin\",\"item\":\"https:\\\/\\\/tehnoformat.md\\\/ro\\\/shop\\\/\"},{\"@type\":\"ListItem\",\"position\":3,\"name\":\"Euroterm ET S20-1SF NG\"}]},{\"@type\":\"WebSite\",\"@id\":\"https:\\\/\\\/tehnoformat.md\\\/ro\\\/#website\",\"url\":\"https:\\\/\\\/tehnoformat.md\\\/ro\\\/\",\"name\":\"Tehnoformat.md\",\"description\":\"\",\"publisher\":{\"@id\":\"https:\\\/\\\/tehnoformat.md\\\/ro\\\/#organization\"},\"potentialAction\":[{\"@type\":\"SearchAction\",\"target\":{\"@type\":\"EntryPoint\",\"urlTemplate\":\"https:\\\/\\\/tehnoformat.md\\\/ro\\\/?s={search_term_string}\"},\"query-input\":{\"@type\":\"PropertyValueSpecification\",\"valueRequired\":true,\"valueName\":\"search_term_string\"}}],\"inLanguage\":\"ro-RO\"},{\"@type\":\"Organization\",\"@id\":\"https:\\\/\\\/tehnoformat.md\\\/ro\\\/#organization\",\"name\":\"Tehnoformat\",\"url\":\"https:\\\/\\\/tehnoformat.md\\\/ro\\\/\",\"logo\":{\"@type\":\"ImageObject\",\"inLanguage\":\"ro-RO\",\"@id\":\"https:\\\/\\\/tehnoformat.md\\\/ro\\\/#\\\/schema\\\/logo\\\/image\\\/\",\"url\":\"https:\\\/\\\/tehnoformat.md\\\/wp-content\\\/uploads\\\/2024\\\/10\\\/icon1.png\",\"contentUrl\":\"https:\\\/\\\/tehnoformat.md\\\/wp-content\\\/uploads\\\/2024\\\/10\\\/icon1.png\",\"width\":512,\"height\":512,\"caption\":\"Tehnoformat\"},\"image\":{\"@id\":\"https:\\\/\\\/tehnoformat.md\\\/ro\\\/#\\\/schema\\\/logo\\\/image\\\/\"},\"sameAs\":[\"https:\\\/\\\/www.facebook.com\\\/formatterm\",\"https:\\\/\\\/www.instagram.com\\\/tehnoformat.md\\\/\"]}]}<\/script>\n<!-- \/ Yoast SEO plugin. -->","yoast_head_json":{"title":"Euroterm ET S20-1SF NG - Tehnoformat","robots":{"index":"index","follow":"follow","max-snippet":"max-snippet:-1","max-image-preview":"max-image-preview:large","max-video-preview":"max-video-preview:-1"},"canonical":"https:\/\/tehnoformat.md\/ro\/produs\/euroterm-et-s20-1sf-ng\/","og_locale":"ro_RO","og_type":"article","og_title":"Euroterm ET S20-1SF NG - Tehnoformat","og_description":"\u00cenc\u0103lzitorul este echipat cu o camer\u0103 de ardere deschis\u0103 \u0219i un sistem for\u021bat de eliminare a fumului. Aerul necesar procesului de ardere provine direct din \u00eenc\u0103pere, iar produsele de ardere \u0219i gazele de ardere sunt \u00eendep\u0103rtate eficient de o turbin\u0103 \u00eencorporat\u0103. Puterea aparatului este de 20 kW, ceea ce asigur\u0103 o capacitate de p\u00e2n\u0103 la [&hellip;]","og_url":"https:\/\/tehnoformat.md\/ro\/produs\/euroterm-et-s20-1sf-ng\/","og_site_name":"Tehnoformat","article_publisher":"https:\/\/www.facebook.com\/formatterm","article_modified_time":"2026-02-11T09:50:18+00:00","og_image":[{"width":1000,"height":1000,"url":"https:\/\/tehnoformat.md\/wp-content\/uploads\/2024\/11\/et-s1.jpg","type":"image\/jpeg"}],"twitter_card":"summary_large_image","twitter_misc":{"Timp estimat pentru citire":"3 minute"},"schema":{"@context":"https:\/\/schema.org","@graph":[{"@type":"WebPage","@id":"https:\/\/tehnoformat.md\/ro\/produs\/euroterm-et-s20-1sf-ng\/","url":"https:\/\/tehnoformat.md\/ro\/produs\/euroterm-et-s20-1sf-ng\/","name":"Euroterm ET S20-1SF NG - Tehnoformat","isPartOf":{"@id":"https:\/\/tehnoformat.md\/ro\/#website"},"primaryImageOfPage":{"@id":"https:\/\/tehnoformat.md\/ro\/produs\/euroterm-et-s20-1sf-ng\/#primaryimage"},"image":{"@id":"https:\/\/tehnoformat.md\/ro\/produs\/euroterm-et-s20-1sf-ng\/#primaryimage"},"thumbnailUrl":"https:\/\/tehnoformat.md\/wp-content\/uploads\/2024\/11\/et-s1.jpg","datePublished":"2024-11-27T11:24:58+00:00","dateModified":"2026-02-11T09:50:18+00:00","breadcrumb":{"@id":"https:\/\/tehnoformat.md\/ro\/produs\/euroterm-et-s20-1sf-ng\/#breadcrumb"},"inLanguage":"ro-RO","potentialAction":[{"@type":"ReadAction","target":["https:\/\/tehnoformat.md\/ro\/produs\/euroterm-et-s20-1sf-ng\/"]}]},{"@type":"ImageObject","inLanguage":"ro-RO","@id":"https:\/\/tehnoformat.md\/ro\/produs\/euroterm-et-s20-1sf-ng\/#primaryimage","url":"https:\/\/tehnoformat.md\/wp-content\/uploads\/2024\/11\/et-s1.jpg","contentUrl":"https:\/\/tehnoformat.md\/wp-content\/uploads\/2024\/11\/et-s1.jpg","width":1000,"height":1000},{"@type":"BreadcrumbList","@id":"https:\/\/tehnoformat.md\/ro\/produs\/euroterm-et-s20-1sf-ng\/#breadcrumb","itemListElement":[{"@type":"ListItem","position":1,"name":"Pagina principal\u0103","item":"https:\/\/tehnoformat.md\/ro\/"},{"@type":"ListItem","position":2,"name":"Magazin","item":"https:\/\/tehnoformat.md\/ro\/shop\/"},{"@type":"ListItem","position":3,"name":"Euroterm ET S20-1SF NG"}]},{"@type":"WebSite","@id":"https:\/\/tehnoformat.md\/ro\/#website","url":"https:\/\/tehnoformat.md\/ro\/","name":"Tehnoformat.md","description":"","publisher":{"@id":"https:\/\/tehnoformat.md\/ro\/#organization"},"potentialAction":[{"@type":"SearchAction","target":{"@type":"EntryPoint","urlTemplate":"https:\/\/tehnoformat.md\/ro\/?s={search_term_string}"},"query-input":{"@type":"PropertyValueSpecification","valueRequired":true,"valueName":"search_term_string"}}],"inLanguage":"ro-RO"},{"@type":"Organization","@id":"https:\/\/tehnoformat.md\/ro\/#organization","name":"Tehnoformat","url":"https:\/\/tehnoformat.md\/ro\/","logo":{"@type":"ImageObject","inLanguage":"ro-RO","@id":"https:\/\/tehnoformat.md\/ro\/#\/schema\/logo\/image\/","url":"https:\/\/tehnoformat.md\/wp-content\/uploads\/2024\/10\/icon1.png","contentUrl":"https:\/\/tehnoformat.md\/wp-content\/uploads\/2024\/10\/icon1.png","width":512,"height":512,"caption":"Tehnoformat"},"image":{"@id":"https:\/\/tehnoformat.md\/ro\/#\/schema\/logo\/image\/"},"sameAs":["https:\/\/www.facebook.com\/formatterm","https:\/\/www.instagram.com\/tehnoformat.md\/"]}]}},"_links":{"self":[{"href":"https:\/\/tehnoformat.md\/ro\/wp-json\/wp\/v2\/product\/23273","targetHints":{"allow":["GET"]}}],"collection":[{"href":"https:\/\/tehnoformat.md\/ro\/wp-json\/wp\/v2\/product"}],"about":[{"href":"https:\/\/tehnoformat.md\/ro\/wp-json\/wp\/v2\/types\/product"}],"replies":[{"embeddable":true,"href":"https:\/\/tehnoformat.md\/ro\/wp-json\/wp\/v2\/comments?post=23273"}],"version-history":[{"count":2,"href":"https:\/\/tehnoformat.md\/ro\/wp-json\/wp\/v2\/product\/23273\/revisions"}],"predecessor-version":[{"id":23276,"href":"https:\/\/tehnoformat.md\/ro\/wp-json\/wp\/v2\/product\/23273\/revisions\/23276"}],"wp:featuredmedia":[{"embeddable":true,"href":"https:\/\/tehnoformat.md\/ro\/wp-json\/wp\/v2\/media\/22843"}],"wp:attachment":[{"href":"https:\/\/tehnoformat.md\/ro\/wp-json\/wp\/v2\/media?parent=23273"}],"wp:term":[{"taxonomy":"product_brand","embeddable":true,"href":"https:\/\/tehnoformat.md\/ro\/wp-json\/wp\/v2\/product_brand?post=23273"},{"taxonomy":"product_cat","embeddable":true,"href":"https:\/\/tehnoformat.md\/ro\/wp-json\/wp\/v2\/product_cat?post=23273"},{"taxonomy":"product_tag","embeddable":true,"href":"https:\/\/tehnoformat.md\/ro\/wp-json\/wp\/v2\/product_tag?post=23273"}],"curies":[{"name":"wp","href":"https:\/\/api.w.org\/{rel}","templated":true}]}}