{"id":23259,"date":"2024-11-28T11:11:54","date_gmt":"2024-11-28T08:11:54","guid":{"rendered":"https:\/\/tehnoformat.md\/product\/thermex-h-15-o-pro\/"},"modified":"2025-04-24T16:13:44","modified_gmt":"2025-04-24T13:13:44","slug":"thermex-h-15-o-pro","status":"publish","type":"product","link":"https:\/\/tehnoformat.md\/ro\/produs\/thermex-h-15-o-pro\/","title":{"rendered":"THERMEX H 15 O (pro)"},"content":{"rendered":"\t\t<div data-elementor-type=\"wp-post\" data-elementor-id=\"23259\" class=\"elementor elementor-23259 elementor-19246\">\n\t\t\t\t<div class=\"elementor-element elementor-element-c1b555e e-grid e-con-boxed e-con e-parent\" data-id=\"c1b555e\" data-element_type=\"container\" data-e-type=\"container\">\n\t\t\t\t\t<div class=\"e-con-inner\">\n\t\t\t\t<div class=\"elementor-element elementor-element-79d2767 elementor-align-center elementor-widget elementor-widget-button\" data-id=\"79d2767\" data-element_type=\"widget\" data-e-type=\"widget\" data-widget_type=\"button.default\">\n\t\t\t\t<div class=\"elementor-widget-container\">\n\t\t\t\t\t\t\t\t\t<div class=\"elementor-button-wrapper\">\n\t\t\t\t\t<a target=\"_blank\" rel=\"nofollow\" href=\"https:\/\/tehnoformat.md\/goto\/https:\/\/thermex.ru\/upload\/uf\/356\/52staqqmbvd0w5r9xm63tl6567il82ku.pdf\" class=\"elementor-button elementor-button-link elementor-size-sm\" >\n\t\t\t\t\t\t<span class=\"elementor-button-content-wrapper\">\n\t\t\t\t\t\t\t\t\t<span class=\"elementor-button-text\">Pa\u0219aport<\/span>\n\t\t\t\t\t<\/span>\n\t\t\t\t\t<\/a>\n\t\t\t\t<\/div>\n\t\t\t\t\t\t\t\t<\/div>\n\t\t\t\t<\/div>\n\t\t\t\t<div class=\"elementor-element elementor-element-3073977 elementor-align-center elementor-widget elementor-widget-button\" data-id=\"3073977\" data-element_type=\"widget\" data-e-type=\"widget\" data-widget_type=\"button.default\">\n\t\t\t\t<div class=\"elementor-widget-container\">\n\t\t\t\t\t\t\t\t\t<div class=\"elementor-button-wrapper\">\n\t\t\t\t\t<a target=\"_blank\" rel=\"nofollow\" href=\"https:\/\/tehnoformat.md\/goto\/https:\/\/thermex.ru\/upload\/uf\/e92\/d34x9rnnd46xx9e4iu124wsllstlgca7.jpeg\" class=\"elementor-button elementor-button-link elementor-size-sm\" >\n\t\t\t\t\t\t<span class=\"elementor-button-content-wrapper\">\n\t\t\t\t\t\t\t\t\t<span class=\"elementor-button-text\">Desen tehnic<\/span>\n\t\t\t\t\t<\/span>\n\t\t\t\t\t<\/a>\n\t\t\t\t<\/div>\n\t\t\t\t\t\t\t\t<\/div>\n\t\t\t\t<\/div>\n\t\t\t\t<div class=\"elementor-element elementor-element-28c4b0a elementor-align-center elementor-widget elementor-widget-button\" data-id=\"28c4b0a\" data-element_type=\"widget\" data-e-type=\"widget\" data-widget_type=\"button.default\">\n\t\t\t\t<div class=\"elementor-widget-container\">\n\t\t\t\t\t\t\t\t\t<div class=\"elementor-button-wrapper\">\n\t\t\t\t\t<a target=\"_blank\" rel=\"nofollow\" href=\"https:\/\/tehnoformat.md\/goto\/https:\/\/thermex.ru\/upload\/catalog-thermex-2022.pdf\" class=\"elementor-button elementor-button-link elementor-size-sm\" >\n\t\t\t\t\t\t<span class=\"elementor-button-content-wrapper\">\n\t\t\t\t\t\t\t\t\t<span class=\"elementor-button-text\">Catalog<\/span>\n\t\t\t\t\t<\/span>\n\t\t\t\t\t<\/a>\n\t\t\t\t<\/div>\n\t\t\t\t\t\t\t\t<\/div>\n\t\t\t\t<\/div>\n\t\t\t\t\t<\/div>\n\t\t\t\t<\/div>\n\t\t<div class=\"elementor-element elementor-element-8ac18ae e-flex e-con-boxed e-con e-parent\" data-id=\"8ac18ae\" data-element_type=\"container\" data-e-type=\"container\">\n\t\t\t\t\t<div class=\"e-con-inner\">\n\t\t\t\t<div class=\"elementor-element elementor-element-098821f elementor-widget elementor-widget-text-editor\" data-id=\"098821f\" data-element_type=\"widget\" data-e-type=\"widget\" data-widget_type=\"text-editor.default\">\n\t\t\t\t<div class=\"elementor-widget-container\">\n\t\t\t\t\t\t\t\t\t<p><strong style=\"font-size: 16px;\">Boiler electric Thermex H 15 O (Pro)<\/strong><span style=\"font-size: 16px;\"> \u2014 un \u00eenc\u0103lzitor de ap\u0103 cu stocare elegant \u0219i fiabil, cu o capacitate a rezervorului de 15 litri. Este ideal pentru amplasarea compact\u0103 \u00eentr-o cas\u0103 sau birou, oferind \u00eenc\u0103lzire rapid\u0103 a apei \u0219i u\u0219urin\u021b\u0103 \u00een utilizare. <img fetchpriority=\"high\" decoding=\"async\" class=\"size-full wp-image-19190 alignright\" src=\"https:\/\/tehnoformat.md\/wp-content\/uploads\/2024\/11\/thermex-h-10-o-pro-5.jpg\" alt=\"\" width=\"900\" height=\"460\" srcset=\"https:\/\/tehnoformat.md\/wp-content\/uploads\/2024\/11\/thermex-h-10-o-pro-5.jpg 900w, https:\/\/tehnoformat.md\/wp-content\/uploads\/2024\/11\/thermex-h-10-o-pro-5-300x153.jpg 300w, https:\/\/tehnoformat.md\/wp-content\/uploads\/2024\/11\/thermex-h-10-o-pro-5-768x393.jpg 768w\" sizes=\"(max-width: 900px) 100vw, 900px\" \/><\/span><\/p><div class=\"flex max-w-full flex-col flex-grow\"><div class=\"min-h-8 text-message flex w-full flex-col items-end gap-2 whitespace-normal break-words [.text-message+&amp;]:mt-5\" dir=\"auto\" data-message-author-role=\"assistant\" data-message-id=\"6e95d6f0-679b-4add-8e3a-7b412d1abcee\" data-message-model-slug=\"gpt-4o\"><div class=\"flex w-full flex-col gap-1 empty:hidden first:pt-[3px]\"><div class=\"markdown prose w-full break-words dark:prose-invert light\"><h5><strong>Avantaje:<\/strong><\/h5><ol><li><strong>Design ergonomic:<\/strong><ul><li>Forma dreptunghiular\u0103 face boilerul atractiv din punct de vedere estetic \u0219i convenabil pentru instalare.<\/li><li>Dimensiunea compact\u0103 v\u0103 permite s\u0103 plasa\u021bi dispozitivul chiar \u0219i \u00een spa\u021bii limitate.<\/li><\/ul><\/li><li><strong>Controale intuitive:<\/strong><ul><li>Termostatul mecanic este amplasat convenabil pe corp pentru o reglare u\u0219oar\u0103 a temperaturii.<\/li><li>U\u0219or de operat, ideal pentru utilizarea zilnic\u0103.<\/li><\/ul><\/li><li><strong>\u00cenc\u0103lzire eficient\u0103:<\/strong><ul><li>Elementul de \u00eenc\u0103lzire umed incorporat cu o putere de 1500 W asigura \u00eenc\u0103lzirea rapid\u0103 a apei la temperatura setat\u0103.<\/li><li>Eficien\u021ba energetic\u0103 reduce costurile cu energia.<\/li><\/ul><\/li><li><strong>Versatilitatea instal\u0103rii:<\/strong><\/li><\/ol><ul><li style=\"list-style-type: none;\"><ul><li>Instalarea vertical\u0103 v\u0103 permite s\u0103 amplasa\u021bi centrala aproape oriunde.<\/li><\/ul><\/li><\/ul><hr><h5><strong><img decoding=\"async\" class=\"alignleft wp-image-19189\" src=\"https:\/\/tehnoformat.md\/wp-content\/uploads\/2024\/11\/thermex-h-10-o-pro-4.jpg\" alt=\"\" width=\"700\" height=\"417\" srcset=\"https:\/\/tehnoformat.md\/wp-content\/uploads\/2024\/11\/thermex-h-10-o-pro-4.jpg 900w, https:\/\/tehnoformat.md\/wp-content\/uploads\/2024\/11\/thermex-h-10-o-pro-4-300x179.jpg 300w, https:\/\/tehnoformat.md\/wp-content\/uploads\/2024\/11\/thermex-h-10-o-pro-4-768x457.jpg 768w\" sizes=\"(max-width: 700px) 100vw, 700px\" \/>Specifica\u021bii tehnice:<\/strong><\/h5><ul><li><strong>Volum:<\/strong> 15 litri.<\/li><li><strong>Element de \u00eenc\u0103lzire:<\/strong> element de \u00eenc\u0103lzire umed, putere 1500 W.<\/li><li><strong>Temperatura de \u00eenc\u0103lzire:<\/strong> pana la 75\u00b0C.<\/li><li><strong>Control:<\/strong> mecanic.<\/li><li><strong>Instalare:<\/strong> vertical\u0103.<\/li><li><strong>Culoare:<\/strong> alb.<\/li><\/ul><p><strong>Thermex H 15 O (Pro)<\/strong> este o solu\u021bie practic\u0103 \u0219i elegant\u0103 pentru cei care apreciaz\u0103 o combina\u021bie de calitate, confort \u0219i fiabilitate.<\/p><\/div><\/div><\/div><\/div>\t\t\t\t\t\t\t\t<\/div>\n\t\t\t\t<\/div>\n\t\t\t\t\t<\/div>\n\t\t\t\t<\/div>\n\t\t\t\t<\/div>\n\t\t","protected":false},"excerpt":{"rendered":"<p>Pa\u0219aport Desen tehnic Catalog Boiler electric Thermex H 15 O (Pro) \u2014 un \u00eenc\u0103lzitor de ap\u0103 cu stocare elegant \u0219i fiabil, cu o capacitate a rezervorului de 15 litri. Este ideal pentru amplasarea compact\u0103 \u00eentr-o cas\u0103 sau birou, oferind \u00eenc\u0103lzire rapid\u0103 a apei \u0219i u\u0219urin\u021b\u0103 \u00een utilizare. Avantaje: Design ergonomic: Forma dreptunghiular\u0103 face boilerul atractiv [&hellip;]<\/p>\n","protected":false},"featured_media":22837,"comment_status":"closed","ping_status":"open","template":"","meta":[],"product_brand":[],"product_cat":[784,795],"product_tag":[903,908,935,996,1015],"class_list":{"0":"post-23259","1":"product","2":"type-product","3":"status-publish","4":"has-post-thumbnail","6":"product_cat-boilere","7":"product_cat-incalzitoare-de-apa","8":"product_tag-boiler-ro","9":"product_tag-boiler-electric-ro","10":"product_tag-compact-ro","11":"product_tag-pro-ro","12":"product_tag-thermex-ro","13":"ts_product_brand-thermex-ro","15":"first","16":"instock","17":"sale","18":"shipping-taxable","19":"purchasable","20":"product-type-simple","21":"add-to-wishlist-after_add_to_cart"},"yoast_head":"<!-- This site is optimized with the Yoast SEO plugin v27.1.1 - https:\/\/yoast.com\/product\/yoast-seo-wordpress\/ -->\n<title>Boiler Electric THERMEX H 15 O (pro) - Tehnoformat<\/title>\n<meta name=\"robots\" content=\"index, follow, max-snippet:-1, max-image-preview:large, max-video-preview:-1\" \/>\n<link rel=\"canonical\" href=\"https:\/\/tehnoformat.md\/ro\/produs\/thermex-h-15-o-pro\/\" \/>\n<meta property=\"og:locale\" content=\"ro_RO\" \/>\n<meta property=\"og:type\" content=\"article\" \/>\n<meta property=\"og:title\" content=\"Boiler Electric THERMEX H 15 O (pro) - Tehnoformat\" \/>\n<meta property=\"og:description\" content=\"Pa\u0219aport Desen tehnic Catalog Boiler electric Thermex H 15 O (Pro) \u2014 un \u00eenc\u0103lzitor de ap\u0103 cu stocare elegant \u0219i fiabil, cu o capacitate a rezervorului de 15 litri. Este ideal pentru amplasarea compact\u0103 \u00eentr-o cas\u0103 sau birou, oferind \u00eenc\u0103lzire rapid\u0103 a apei \u0219i u\u0219urin\u021b\u0103 \u00een utilizare. Avantaje: Design ergonomic: Forma dreptunghiular\u0103 face boilerul atractiv [&hellip;]\" \/>\n<meta property=\"og:url\" content=\"https:\/\/tehnoformat.md\/ro\/produs\/thermex-h-15-o-pro\/\" \/>\n<meta property=\"og:site_name\" content=\"Tehnoformat\" \/>\n<meta property=\"article:publisher\" content=\"https:\/\/www.facebook.com\/formatterm\" \/>\n<meta property=\"article:modified_time\" content=\"2025-04-24T13:13:44+00:00\" \/>\n<meta property=\"og:image\" content=\"https:\/\/tehnoformat.md\/wp-content\/uploads\/2024\/11\/thermex-h-10-o-pro.jpg\" \/>\n\t<meta property=\"og:image:width\" content=\"1000\" \/>\n\t<meta property=\"og:image:height\" content=\"1000\" \/>\n\t<meta property=\"og:image:type\" content=\"image\/jpeg\" \/>\n<meta name=\"twitter:card\" content=\"summary_large_image\" \/>\n<meta name=\"twitter:label1\" content=\"Timp estimat pentru citire\" \/>\n\t<meta name=\"twitter:data1\" content=\"2 minute\" \/>\n<script type=\"application\/ld+json\" class=\"yoast-schema-graph\">{\"@context\":\"https:\/\/schema.org\",\"@graph\":[{\"@type\":\"WebPage\",\"@id\":\"https:\/\/tehnoformat.md\/ro\/produs\/thermex-h-15-o-pro\/\",\"url\":\"https:\/\/tehnoformat.md\/ro\/produs\/thermex-h-15-o-pro\/\",\"name\":\"Boiler Electric THERMEX H 15 O (pro) - Tehnoformat\",\"isPartOf\":{\"@id\":\"https:\/\/tehnoformat.md\/ro\/#website\"},\"primaryImageOfPage\":{\"@id\":\"https:\/\/tehnoformat.md\/ro\/produs\/thermex-h-15-o-pro\/#primaryimage\"},\"image\":{\"@id\":\"https:\/\/tehnoformat.md\/ro\/produs\/thermex-h-15-o-pro\/#primaryimage\"},\"thumbnailUrl\":\"https:\/\/tehnoformat.md\/wp-content\/uploads\/2024\/11\/thermex-h-10-o-pro.jpg\",\"datePublished\":\"2024-11-28T08:11:54+00:00\",\"dateModified\":\"2025-04-24T13:13:44+00:00\",\"breadcrumb\":{\"@id\":\"https:\/\/tehnoformat.md\/ro\/produs\/thermex-h-15-o-pro\/#breadcrumb\"},\"inLanguage\":\"ro-RO\",\"potentialAction\":[{\"@type\":\"ReadAction\",\"target\":[\"https:\/\/tehnoformat.md\/ro\/produs\/thermex-h-15-o-pro\/\"]}]},{\"@type\":\"ImageObject\",\"inLanguage\":\"ro-RO\",\"@id\":\"https:\/\/tehnoformat.md\/ro\/produs\/thermex-h-15-o-pro\/#primaryimage\",\"url\":\"https:\/\/tehnoformat.md\/wp-content\/uploads\/2024\/11\/thermex-h-10-o-pro.jpg\",\"contentUrl\":\"https:\/\/tehnoformat.md\/wp-content\/uploads\/2024\/11\/thermex-h-10-o-pro.jpg\",\"width\":1000,\"height\":1000},{\"@type\":\"BreadcrumbList\",\"@id\":\"https:\/\/tehnoformat.md\/ro\/produs\/thermex-h-15-o-pro\/#breadcrumb\",\"itemListElement\":[{\"@type\":\"ListItem\",\"position\":1,\"name\":\"Pagina principal\u0103\",\"item\":\"https:\/\/tehnoformat.md\/ro\/\"},{\"@type\":\"ListItem\",\"position\":2,\"name\":\"Magazin\",\"item\":\"https:\/\/tehnoformat.md\/ro\/shop\/\"},{\"@type\":\"ListItem\",\"position\":3,\"name\":\"THERMEX H 15 O (pro)\"}]},{\"@type\":\"WebSite\",\"@id\":\"https:\/\/tehnoformat.md\/ro\/#website\",\"url\":\"https:\/\/tehnoformat.md\/ro\/\",\"name\":\"Tehnoformat.md\",\"description\":\"\",\"publisher\":{\"@id\":\"https:\/\/tehnoformat.md\/ro\/#organization\"},\"potentialAction\":[{\"@type\":\"SearchAction\",\"target\":{\"@type\":\"EntryPoint\",\"urlTemplate\":\"https:\/\/tehnoformat.md\/ro\/?s={search_term_string}\"},\"query-input\":{\"@type\":\"PropertyValueSpecification\",\"valueRequired\":true,\"valueName\":\"search_term_string\"}}],\"inLanguage\":\"ro-RO\"},{\"@type\":\"Organization\",\"@id\":\"https:\/\/tehnoformat.md\/ro\/#organization\",\"name\":\"Tehnoformat\",\"url\":\"https:\/\/tehnoformat.md\/ro\/\",\"logo\":{\"@type\":\"ImageObject\",\"inLanguage\":\"ro-RO\",\"@id\":\"https:\/\/tehnoformat.md\/ro\/#\/schema\/logo\/image\/\",\"url\":\"https:\/\/tehnoformat.md\/wp-content\/uploads\/2024\/10\/icon1.png\",\"contentUrl\":\"https:\/\/tehnoformat.md\/wp-content\/uploads\/2024\/10\/icon1.png\",\"width\":512,\"height\":512,\"caption\":\"Tehnoformat\"},\"image\":{\"@id\":\"https:\/\/tehnoformat.md\/ro\/#\/schema\/logo\/image\/\"},\"sameAs\":[\"https:\/\/www.facebook.com\/formatterm\",\"https:\/\/www.instagram.com\/tehnoformat.md\/\"]}]}<\/script>\n<!-- \/ Yoast SEO plugin. -->","yoast_head_json":{"title":"Boiler Electric THERMEX H 15 O (pro) - Tehnoformat","robots":{"index":"index","follow":"follow","max-snippet":"max-snippet:-1","max-image-preview":"max-image-preview:large","max-video-preview":"max-video-preview:-1"},"canonical":"https:\/\/tehnoformat.md\/ro\/produs\/thermex-h-15-o-pro\/","og_locale":"ro_RO","og_type":"article","og_title":"Boiler Electric THERMEX H 15 O (pro) - Tehnoformat","og_description":"Pa\u0219aport Desen tehnic Catalog Boiler electric Thermex H 15 O (Pro) \u2014 un \u00eenc\u0103lzitor de ap\u0103 cu stocare elegant \u0219i fiabil, cu o capacitate a rezervorului de 15 litri. Este ideal pentru amplasarea compact\u0103 \u00eentr-o cas\u0103 sau birou, oferind \u00eenc\u0103lzire rapid\u0103 a apei \u0219i u\u0219urin\u021b\u0103 \u00een utilizare. Avantaje: Design ergonomic: Forma dreptunghiular\u0103 face boilerul atractiv [&hellip;]","og_url":"https:\/\/tehnoformat.md\/ro\/produs\/thermex-h-15-o-pro\/","og_site_name":"Tehnoformat","article_publisher":"https:\/\/www.facebook.com\/formatterm","article_modified_time":"2025-04-24T13:13:44+00:00","og_image":[{"width":1000,"height":1000,"url":"https:\/\/tehnoformat.md\/wp-content\/uploads\/2024\/11\/thermex-h-10-o-pro.jpg","type":"image\/jpeg"}],"twitter_card":"summary_large_image","twitter_misc":{"Timp estimat pentru citire":"2 minute"},"schema":{"@context":"https:\/\/schema.org","@graph":[{"@type":"WebPage","@id":"https:\/\/tehnoformat.md\/ro\/produs\/thermex-h-15-o-pro\/","url":"https:\/\/tehnoformat.md\/ro\/produs\/thermex-h-15-o-pro\/","name":"Boiler Electric THERMEX H 15 O (pro) - Tehnoformat","isPartOf":{"@id":"https:\/\/tehnoformat.md\/ro\/#website"},"primaryImageOfPage":{"@id":"https:\/\/tehnoformat.md\/ro\/produs\/thermex-h-15-o-pro\/#primaryimage"},"image":{"@id":"https:\/\/tehnoformat.md\/ro\/produs\/thermex-h-15-o-pro\/#primaryimage"},"thumbnailUrl":"https:\/\/tehnoformat.md\/wp-content\/uploads\/2024\/11\/thermex-h-10-o-pro.jpg","datePublished":"2024-11-28T08:11:54+00:00","dateModified":"2025-04-24T13:13:44+00:00","breadcrumb":{"@id":"https:\/\/tehnoformat.md\/ro\/produs\/thermex-h-15-o-pro\/#breadcrumb"},"inLanguage":"ro-RO","potentialAction":[{"@type":"ReadAction","target":["https:\/\/tehnoformat.md\/ro\/produs\/thermex-h-15-o-pro\/"]}]},{"@type":"ImageObject","inLanguage":"ro-RO","@id":"https:\/\/tehnoformat.md\/ro\/produs\/thermex-h-15-o-pro\/#primaryimage","url":"https:\/\/tehnoformat.md\/wp-content\/uploads\/2024\/11\/thermex-h-10-o-pro.jpg","contentUrl":"https:\/\/tehnoformat.md\/wp-content\/uploads\/2024\/11\/thermex-h-10-o-pro.jpg","width":1000,"height":1000},{"@type":"BreadcrumbList","@id":"https:\/\/tehnoformat.md\/ro\/produs\/thermex-h-15-o-pro\/#breadcrumb","itemListElement":[{"@type":"ListItem","position":1,"name":"Pagina principal\u0103","item":"https:\/\/tehnoformat.md\/ro\/"},{"@type":"ListItem","position":2,"name":"Magazin","item":"https:\/\/tehnoformat.md\/ro\/shop\/"},{"@type":"ListItem","position":3,"name":"THERMEX H 15 O (pro)"}]},{"@type":"WebSite","@id":"https:\/\/tehnoformat.md\/ro\/#website","url":"https:\/\/tehnoformat.md\/ro\/","name":"Tehnoformat.md","description":"","publisher":{"@id":"https:\/\/tehnoformat.md\/ro\/#organization"},"potentialAction":[{"@type":"SearchAction","target":{"@type":"EntryPoint","urlTemplate":"https:\/\/tehnoformat.md\/ro\/?s={search_term_string}"},"query-input":{"@type":"PropertyValueSpecification","valueRequired":true,"valueName":"search_term_string"}}],"inLanguage":"ro-RO"},{"@type":"Organization","@id":"https:\/\/tehnoformat.md\/ro\/#organization","name":"Tehnoformat","url":"https:\/\/tehnoformat.md\/ro\/","logo":{"@type":"ImageObject","inLanguage":"ro-RO","@id":"https:\/\/tehnoformat.md\/ro\/#\/schema\/logo\/image\/","url":"https:\/\/tehnoformat.md\/wp-content\/uploads\/2024\/10\/icon1.png","contentUrl":"https:\/\/tehnoformat.md\/wp-content\/uploads\/2024\/10\/icon1.png","width":512,"height":512,"caption":"Tehnoformat"},"image":{"@id":"https:\/\/tehnoformat.md\/ro\/#\/schema\/logo\/image\/"},"sameAs":["https:\/\/www.facebook.com\/formatterm","https:\/\/www.instagram.com\/tehnoformat.md\/"]}]}},"_links":{"self":[{"href":"https:\/\/tehnoformat.md\/ro\/wp-json\/wp\/v2\/product\/23259","targetHints":{"allow":["GET"]}}],"collection":[{"href":"https:\/\/tehnoformat.md\/ro\/wp-json\/wp\/v2\/product"}],"about":[{"href":"https:\/\/tehnoformat.md\/ro\/wp-json\/wp\/v2\/types\/product"}],"replies":[{"embeddable":true,"href":"https:\/\/tehnoformat.md\/ro\/wp-json\/wp\/v2\/comments?post=23259"}],"version-history":[{"count":3,"href":"https:\/\/tehnoformat.md\/ro\/wp-json\/wp\/v2\/product\/23259\/revisions"}],"predecessor-version":[{"id":23262,"href":"https:\/\/tehnoformat.md\/ro\/wp-json\/wp\/v2\/product\/23259\/revisions\/23262"}],"wp:featuredmedia":[{"embeddable":true,"href":"https:\/\/tehnoformat.md\/ro\/wp-json\/wp\/v2\/media\/22837"}],"wp:attachment":[{"href":"https:\/\/tehnoformat.md\/ro\/wp-json\/wp\/v2\/media?parent=23259"}],"wp:term":[{"taxonomy":"product_brand","embeddable":true,"href":"https:\/\/tehnoformat.md\/ro\/wp-json\/wp\/v2\/product_brand?post=23259"},{"taxonomy":"product_cat","embeddable":true,"href":"https:\/\/tehnoformat.md\/ro\/wp-json\/wp\/v2\/product_cat?post=23259"},{"taxonomy":"product_tag","embeddable":true,"href":"https:\/\/tehnoformat.md\/ro\/wp-json\/wp\/v2\/product_tag?post=23259"}],"curies":[{"name":"wp","href":"https:\/\/api.w.org\/{rel}","templated":true}]}}