{"id":23243,"date":"2024-11-29T09:45:16","date_gmt":"2024-11-29T06:45:16","guid":{"rendered":"https:\/\/tehnoformat.md\/product\/thermex-nika-30-v\/"},"modified":"2025-04-18T11:20:41","modified_gmt":"2025-04-18T08:20:41","slug":"thermex-nika-30-v","status":"publish","type":"product","link":"https:\/\/tehnoformat.md\/ro\/produs\/thermex-nika-30-v\/","title":{"rendered":"THERMEX Nika 30 V"},"content":{"rendered":"\t\t<div data-elementor-type=\"wp-post\" data-elementor-id=\"23243\" class=\"elementor elementor-23243 elementor-19321\">\n\t\t\t\t<div class=\"elementor-element elementor-element-c1b555e e-grid e-con-boxed e-con e-parent\" data-id=\"c1b555e\" data-element_type=\"container\" data-e-type=\"container\">\n\t\t\t\t\t<div class=\"e-con-inner\">\n\t\t\t\t<div class=\"elementor-element elementor-element-79d2767 elementor-align-center elementor-widget elementor-widget-button\" data-id=\"79d2767\" data-element_type=\"widget\" data-e-type=\"widget\" data-widget_type=\"button.default\">\n\t\t\t\t<div class=\"elementor-widget-container\">\n\t\t\t\t\t\t\t\t\t<div class=\"elementor-button-wrapper\">\n\t\t\t\t\t<a target=\"_blank\" rel=\"nofollow\" href=\"https:\/\/tehnoformat.md\/goto\/https:\/\/thermex.ua\/upload\/iblock\/b27\/b2731051ceb04d67886c74c21df91605.pdf\" class=\"elementor-button elementor-button-link elementor-size-sm\" >\n\t\t\t\t\t\t<span class=\"elementor-button-content-wrapper\">\n\t\t\t\t\t\t\t\t\t<span class=\"elementor-button-text\">Pa\u0219aport<\/span>\n\t\t\t\t\t<\/span>\n\t\t\t\t\t<\/a>\n\t\t\t\t<\/div>\n\t\t\t\t\t\t\t\t<\/div>\n\t\t\t\t<\/div>\n\t\t\t\t<div class=\"elementor-element elementor-element-28c4b0a elementor-align-center elementor-widget elementor-widget-button\" data-id=\"28c4b0a\" data-element_type=\"widget\" data-e-type=\"widget\" data-widget_type=\"button.default\">\n\t\t\t\t<div class=\"elementor-widget-container\">\n\t\t\t\t\t\t\t\t\t<div class=\"elementor-button-wrapper\">\n\t\t\t\t\t<a target=\"_blank\" rel=\"nofollow\" href=\"https:\/\/tehnoformat.md\/goto\/https:\/\/thermex.ru\/upload\/catalog-thermex-2022.pdf\" class=\"elementor-button elementor-button-link elementor-size-sm\" >\n\t\t\t\t\t\t<span class=\"elementor-button-content-wrapper\">\n\t\t\t\t\t\t\t\t\t<span class=\"elementor-button-text\">Catalog<\/span>\n\t\t\t\t\t<\/span>\n\t\t\t\t\t<\/a>\n\t\t\t\t<\/div>\n\t\t\t\t\t\t\t\t<\/div>\n\t\t\t\t<\/div>\n\t\t\t\t\t<\/div>\n\t\t\t\t<\/div>\n\t\t<div class=\"elementor-element elementor-element-8ac18ae e-flex e-con-boxed e-con e-parent\" data-id=\"8ac18ae\" data-element_type=\"container\" data-e-type=\"container\">\n\t\t\t\t\t<div class=\"e-con-inner\">\n\t\t\t\t<div class=\"elementor-element elementor-element-098821f elementor-widget elementor-widget-text-editor\" data-id=\"098821f\" data-element_type=\"widget\" data-e-type=\"widget\" data-widget_type=\"text-editor.default\">\n\t\t\t\t<div class=\"elementor-widget-container\">\n\t\t\t\t\t\t\t\t\t<p>Boilerul <strong>Thermex Nika 30 V<\/strong> este un \u00eenc\u0103lzitor modern de ap\u0103 cu acumulare care combin\u0103 avantajele designului clasic \u0219i tehnologiilor inovatoare de \u00eenc\u0103lzire folosind un element de \u00eenc\u0103lzire \u201euscat\u201d. Acest model este o solu\u021bie universal\u0103 pentru un apartament, o cas\u0103 de \u021bar\u0103 sau o caban\u0103, oferind o utilizare confortabil\u0103 a apei calde. <\/p><hr><h5><strong>Avantaje:<\/strong><\/h5><ol><li><strong>\u00cenc\u0103lzire eficient\u0103 \u0219i fiabil\u0103:<\/strong><ul><li>Elementul de \u00eenc\u0103lzire EcoDryHeat \u201euscat\u201d nu intr\u0103 \u00een contact cu apa, ceea ce previne formarea depunerilor \u0219i prelunge\u0219te durata de via\u021b\u0103.<\/li><li>Puterea elementului de \u00eenc\u0103lzire este de 1500 W, ceea ce v\u0103 permite s\u0103 \u00eenc\u0103lzi\u021bi rapid apa.<\/li><\/ul><\/li><li><strong>Grij\u0103 pentru calitatea apei:<\/strong><ul><li>Rezervorul interior cu acoperire din por\u021belan Bioglass protejeaz\u0103 \u00eempotriva coroziunii \u0219i men\u021bine apa curat\u0103 \u0219i proasp\u0103t\u0103.<\/li><\/ul><\/li><li><strong>Rezisten\u021b\u0103 \u0219i durabilitate:<\/strong><ul><li>Corpul rotund este rezistent la cioc\u0103nirea, deterior\u0103rile mecanice \u0219i decolorarea, ceea ce asigur\u0103 func\u021bionarea pe termen lung.<\/li><\/ul><\/li><li><strong>Design clasic:<\/strong><ul><li>Corpul alb cu un strat durabil se potrive\u0219te perfect \u00een orice interior.<\/li><\/ul><\/li><li><strong>Control convenabil:<\/strong><ul><li>Regulatorul mecanic montat frontal \u0219i indica\u021bia luminoas\u0103 faciliteaz\u0103 setarea \u0219i controlul temperaturii.<\/li><\/ul><\/li><li><strong>Multifunc\u021bionalitate:<\/strong><ul><li>Conexiunea la mai multe puncte de alimentare cu ap\u0103 v\u0103 permite s\u0103 satisface\u021bi nevoile unei familii numeroase.<\/li><\/ul><\/li><li><strong>Securitate ridicat\u0103:<\/strong><\/li><\/ol><ul><li style=\"list-style-type: none;\"><ul><li>Protec\u021bia la suprapresiune \u0219i dispozitivul de curent rezidual (RCD) asigur\u0103 o utilizare \u00een siguran\u021b\u0103.<\/li><\/ul><\/li><\/ul><hr><h5><strong>Specifica\u021bii tehnice:<\/strong><\/h5><ul><li><strong>Volum:<\/strong> 30 litri.<\/li><li><strong>Element de \u00eenc\u0103lzire:<\/strong> Element de \u00eenc\u0103lzire \u201eUscat\u201d EcoDryHeat, putere 1500 W.<\/li><li><strong>Material rezervor:<\/strong> por\u021belan Bioglass.<\/li><li><strong>Presiune de lucru:<\/strong> 0,05 \u2013 0,6 MPa.<\/li><li><strong>Temperatura maxim\u0103 de \u00eenc\u0103lzire:<\/strong> pana la 75\u00b0C.<\/li><li><strong>Clasa de protec\u021bie:<\/strong> IPX4.<\/li><li><strong>Dimensiunea conexiunii:<\/strong> G1\/2.<\/li><li><strong>Tensiune:<\/strong> 230 V.<\/li><\/ul><hr><p><strong>Thermex Nika 30 V <\/strong>este o combina\u021bie de durabilitate, comoditate \u0219i eficien\u021b\u0103, care este potrivit\u0103 at\u00e2t pentru locuin\u021be compacte de ora\u0219, c\u00e2t \u0219i pentru o cas\u0103 de \u021bar\u0103.<\/p>\t\t\t\t\t\t\t\t<\/div>\n\t\t\t\t<\/div>\n\t\t\t\t\t<\/div>\n\t\t\t\t<\/div>\n\t\t\t\t<\/div>\n\t\t","protected":false},"excerpt":{"rendered":"<p>Pa\u0219aport Catalog Boilerul Thermex Nika 30 V este un \u00eenc\u0103lzitor modern de ap\u0103 cu acumulare care combin\u0103 avantajele designului clasic \u0219i tehnologiilor inovatoare de \u00eenc\u0103lzire folosind un element de \u00eenc\u0103lzire \u201euscat\u201d. Acest model este o solu\u021bie universal\u0103 pentru un apartament, o cas\u0103 de \u021bar\u0103 sau o caban\u0103, oferind o utilizare confortabil\u0103 a apei calde. Avantaje: [&hellip;]<\/p>\n","protected":false},"featured_media":22871,"comment_status":"closed","ping_status":"open","template":"","meta":[],"product_brand":[],"product_cat":[784,795],"product_tag":[903,908,935,996,1015],"class_list":{"0":"post-23243","1":"product","2":"type-product","3":"status-publish","4":"has-post-thumbnail","6":"product_cat-boilere","7":"product_cat-incalzitoare-de-apa","8":"product_tag-boiler-ro","9":"product_tag-boiler-electric-ro","10":"product_tag-compact-ro","11":"product_tag-pro-ro","12":"product_tag-thermex-ro","13":"ts_product_brand-thermex-ro","15":"first","16":"instock","17":"sale","18":"shipping-taxable","19":"purchasable","20":"product-type-simple","21":"add-to-wishlist-after_add_to_cart"},"yoast_head":"<!-- This site is optimized with the Yoast SEO plugin v27.1.1 - https:\/\/yoast.com\/product\/yoast-seo-wordpress\/ -->\n<title>Boiler Electric THERMEX Nika 30 V - Tehnoformat<\/title>\n<meta name=\"robots\" content=\"index, follow, max-snippet:-1, max-image-preview:large, max-video-preview:-1\" \/>\n<link rel=\"canonical\" href=\"https:\/\/tehnoformat.md\/ro\/produs\/thermex-nika-30-v\/\" \/>\n<meta property=\"og:locale\" content=\"ro_RO\" \/>\n<meta property=\"og:type\" content=\"article\" \/>\n<meta property=\"og:title\" content=\"Boiler Electric THERMEX Nika 30 V - Tehnoformat\" \/>\n<meta property=\"og:description\" content=\"Pa\u0219aport Catalog Boilerul Thermex Nika 30 V este un \u00eenc\u0103lzitor modern de ap\u0103 cu acumulare care combin\u0103 avantajele designului clasic \u0219i tehnologiilor inovatoare de \u00eenc\u0103lzire folosind un element de \u00eenc\u0103lzire \u201euscat\u201d. Acest model este o solu\u021bie universal\u0103 pentru un apartament, o cas\u0103 de \u021bar\u0103 sau o caban\u0103, oferind o utilizare confortabil\u0103 a apei calde. Avantaje: [&hellip;]\" \/>\n<meta property=\"og:url\" content=\"https:\/\/tehnoformat.md\/ro\/produs\/thermex-nika-30-v\/\" \/>\n<meta property=\"og:site_name\" content=\"Tehnoformat\" \/>\n<meta property=\"article:publisher\" content=\"https:\/\/www.facebook.com\/formatterm\" \/>\n<meta property=\"article:modified_time\" content=\"2025-04-18T08:20:41+00:00\" \/>\n<meta property=\"og:image\" content=\"https:\/\/tehnoformat.md\/wp-content\/uploads\/2024\/11\/thermex-nika-30-v.jpg\" \/>\n\t<meta property=\"og:image:width\" content=\"1000\" \/>\n\t<meta property=\"og:image:height\" content=\"1000\" \/>\n\t<meta property=\"og:image:type\" content=\"image\/jpeg\" \/>\n<meta name=\"twitter:card\" content=\"summary_large_image\" \/>\n<meta name=\"twitter:label1\" content=\"Timp estimat pentru citire\" \/>\n\t<meta name=\"twitter:data1\" content=\"2 minute\" \/>\n<script type=\"application\/ld+json\" class=\"yoast-schema-graph\">{\"@context\":\"https:\/\/schema.org\",\"@graph\":[{\"@type\":\"WebPage\",\"@id\":\"https:\/\/tehnoformat.md\/ro\/produs\/thermex-nika-30-v\/\",\"url\":\"https:\/\/tehnoformat.md\/ro\/produs\/thermex-nika-30-v\/\",\"name\":\"Boiler Electric THERMEX Nika 30 V - Tehnoformat\",\"isPartOf\":{\"@id\":\"https:\/\/tehnoformat.md\/ro\/#website\"},\"primaryImageOfPage\":{\"@id\":\"https:\/\/tehnoformat.md\/ro\/produs\/thermex-nika-30-v\/#primaryimage\"},\"image\":{\"@id\":\"https:\/\/tehnoformat.md\/ro\/produs\/thermex-nika-30-v\/#primaryimage\"},\"thumbnailUrl\":\"https:\/\/tehnoformat.md\/wp-content\/uploads\/2024\/11\/thermex-nika-30-v.jpg\",\"datePublished\":\"2024-11-29T06:45:16+00:00\",\"dateModified\":\"2025-04-18T08:20:41+00:00\",\"breadcrumb\":{\"@id\":\"https:\/\/tehnoformat.md\/ro\/produs\/thermex-nika-30-v\/#breadcrumb\"},\"inLanguage\":\"ro-RO\",\"potentialAction\":[{\"@type\":\"ReadAction\",\"target\":[\"https:\/\/tehnoformat.md\/ro\/produs\/thermex-nika-30-v\/\"]}]},{\"@type\":\"ImageObject\",\"inLanguage\":\"ro-RO\",\"@id\":\"https:\/\/tehnoformat.md\/ro\/produs\/thermex-nika-30-v\/#primaryimage\",\"url\":\"https:\/\/tehnoformat.md\/wp-content\/uploads\/2024\/11\/thermex-nika-30-v.jpg\",\"contentUrl\":\"https:\/\/tehnoformat.md\/wp-content\/uploads\/2024\/11\/thermex-nika-30-v.jpg\",\"width\":1000,\"height\":1000},{\"@type\":\"BreadcrumbList\",\"@id\":\"https:\/\/tehnoformat.md\/ro\/produs\/thermex-nika-30-v\/#breadcrumb\",\"itemListElement\":[{\"@type\":\"ListItem\",\"position\":1,\"name\":\"Pagina principal\u0103\",\"item\":\"https:\/\/tehnoformat.md\/ro\/\"},{\"@type\":\"ListItem\",\"position\":2,\"name\":\"Magazin\",\"item\":\"https:\/\/tehnoformat.md\/ro\/shop\/\"},{\"@type\":\"ListItem\",\"position\":3,\"name\":\"THERMEX Nika 30 V\"}]},{\"@type\":\"WebSite\",\"@id\":\"https:\/\/tehnoformat.md\/ro\/#website\",\"url\":\"https:\/\/tehnoformat.md\/ro\/\",\"name\":\"Tehnoformat.md\",\"description\":\"\",\"publisher\":{\"@id\":\"https:\/\/tehnoformat.md\/ro\/#organization\"},\"potentialAction\":[{\"@type\":\"SearchAction\",\"target\":{\"@type\":\"EntryPoint\",\"urlTemplate\":\"https:\/\/tehnoformat.md\/ro\/?s={search_term_string}\"},\"query-input\":{\"@type\":\"PropertyValueSpecification\",\"valueRequired\":true,\"valueName\":\"search_term_string\"}}],\"inLanguage\":\"ro-RO\"},{\"@type\":\"Organization\",\"@id\":\"https:\/\/tehnoformat.md\/ro\/#organization\",\"name\":\"Tehnoformat\",\"url\":\"https:\/\/tehnoformat.md\/ro\/\",\"logo\":{\"@type\":\"ImageObject\",\"inLanguage\":\"ro-RO\",\"@id\":\"https:\/\/tehnoformat.md\/ro\/#\/schema\/logo\/image\/\",\"url\":\"https:\/\/tehnoformat.md\/wp-content\/uploads\/2024\/10\/icon1.png\",\"contentUrl\":\"https:\/\/tehnoformat.md\/wp-content\/uploads\/2024\/10\/icon1.png\",\"width\":512,\"height\":512,\"caption\":\"Tehnoformat\"},\"image\":{\"@id\":\"https:\/\/tehnoformat.md\/ro\/#\/schema\/logo\/image\/\"},\"sameAs\":[\"https:\/\/www.facebook.com\/formatterm\",\"https:\/\/www.instagram.com\/tehnoformat.md\/\"]}]}<\/script>\n<!-- \/ Yoast SEO plugin. -->","yoast_head_json":{"title":"Boiler Electric THERMEX Nika 30 V - Tehnoformat","robots":{"index":"index","follow":"follow","max-snippet":"max-snippet:-1","max-image-preview":"max-image-preview:large","max-video-preview":"max-video-preview:-1"},"canonical":"https:\/\/tehnoformat.md\/ro\/produs\/thermex-nika-30-v\/","og_locale":"ro_RO","og_type":"article","og_title":"Boiler Electric THERMEX Nika 30 V - Tehnoformat","og_description":"Pa\u0219aport Catalog Boilerul Thermex Nika 30 V este un \u00eenc\u0103lzitor modern de ap\u0103 cu acumulare care combin\u0103 avantajele designului clasic \u0219i tehnologiilor inovatoare de \u00eenc\u0103lzire folosind un element de \u00eenc\u0103lzire \u201euscat\u201d. Acest model este o solu\u021bie universal\u0103 pentru un apartament, o cas\u0103 de \u021bar\u0103 sau o caban\u0103, oferind o utilizare confortabil\u0103 a apei calde. Avantaje: [&hellip;]","og_url":"https:\/\/tehnoformat.md\/ro\/produs\/thermex-nika-30-v\/","og_site_name":"Tehnoformat","article_publisher":"https:\/\/www.facebook.com\/formatterm","article_modified_time":"2025-04-18T08:20:41+00:00","og_image":[{"width":1000,"height":1000,"url":"https:\/\/tehnoformat.md\/wp-content\/uploads\/2024\/11\/thermex-nika-30-v.jpg","type":"image\/jpeg"}],"twitter_card":"summary_large_image","twitter_misc":{"Timp estimat pentru citire":"2 minute"},"schema":{"@context":"https:\/\/schema.org","@graph":[{"@type":"WebPage","@id":"https:\/\/tehnoformat.md\/ro\/produs\/thermex-nika-30-v\/","url":"https:\/\/tehnoformat.md\/ro\/produs\/thermex-nika-30-v\/","name":"Boiler Electric THERMEX Nika 30 V - Tehnoformat","isPartOf":{"@id":"https:\/\/tehnoformat.md\/ro\/#website"},"primaryImageOfPage":{"@id":"https:\/\/tehnoformat.md\/ro\/produs\/thermex-nika-30-v\/#primaryimage"},"image":{"@id":"https:\/\/tehnoformat.md\/ro\/produs\/thermex-nika-30-v\/#primaryimage"},"thumbnailUrl":"https:\/\/tehnoformat.md\/wp-content\/uploads\/2024\/11\/thermex-nika-30-v.jpg","datePublished":"2024-11-29T06:45:16+00:00","dateModified":"2025-04-18T08:20:41+00:00","breadcrumb":{"@id":"https:\/\/tehnoformat.md\/ro\/produs\/thermex-nika-30-v\/#breadcrumb"},"inLanguage":"ro-RO","potentialAction":[{"@type":"ReadAction","target":["https:\/\/tehnoformat.md\/ro\/produs\/thermex-nika-30-v\/"]}]},{"@type":"ImageObject","inLanguage":"ro-RO","@id":"https:\/\/tehnoformat.md\/ro\/produs\/thermex-nika-30-v\/#primaryimage","url":"https:\/\/tehnoformat.md\/wp-content\/uploads\/2024\/11\/thermex-nika-30-v.jpg","contentUrl":"https:\/\/tehnoformat.md\/wp-content\/uploads\/2024\/11\/thermex-nika-30-v.jpg","width":1000,"height":1000},{"@type":"BreadcrumbList","@id":"https:\/\/tehnoformat.md\/ro\/produs\/thermex-nika-30-v\/#breadcrumb","itemListElement":[{"@type":"ListItem","position":1,"name":"Pagina principal\u0103","item":"https:\/\/tehnoformat.md\/ro\/"},{"@type":"ListItem","position":2,"name":"Magazin","item":"https:\/\/tehnoformat.md\/ro\/shop\/"},{"@type":"ListItem","position":3,"name":"THERMEX Nika 30 V"}]},{"@type":"WebSite","@id":"https:\/\/tehnoformat.md\/ro\/#website","url":"https:\/\/tehnoformat.md\/ro\/","name":"Tehnoformat.md","description":"","publisher":{"@id":"https:\/\/tehnoformat.md\/ro\/#organization"},"potentialAction":[{"@type":"SearchAction","target":{"@type":"EntryPoint","urlTemplate":"https:\/\/tehnoformat.md\/ro\/?s={search_term_string}"},"query-input":{"@type":"PropertyValueSpecification","valueRequired":true,"valueName":"search_term_string"}}],"inLanguage":"ro-RO"},{"@type":"Organization","@id":"https:\/\/tehnoformat.md\/ro\/#organization","name":"Tehnoformat","url":"https:\/\/tehnoformat.md\/ro\/","logo":{"@type":"ImageObject","inLanguage":"ro-RO","@id":"https:\/\/tehnoformat.md\/ro\/#\/schema\/logo\/image\/","url":"https:\/\/tehnoformat.md\/wp-content\/uploads\/2024\/10\/icon1.png","contentUrl":"https:\/\/tehnoformat.md\/wp-content\/uploads\/2024\/10\/icon1.png","width":512,"height":512,"caption":"Tehnoformat"},"image":{"@id":"https:\/\/tehnoformat.md\/ro\/#\/schema\/logo\/image\/"},"sameAs":["https:\/\/www.facebook.com\/formatterm","https:\/\/www.instagram.com\/tehnoformat.md\/"]}]}},"_links":{"self":[{"href":"https:\/\/tehnoformat.md\/ro\/wp-json\/wp\/v2\/product\/23243","targetHints":{"allow":["GET"]}}],"collection":[{"href":"https:\/\/tehnoformat.md\/ro\/wp-json\/wp\/v2\/product"}],"about":[{"href":"https:\/\/tehnoformat.md\/ro\/wp-json\/wp\/v2\/types\/product"}],"replies":[{"embeddable":true,"href":"https:\/\/tehnoformat.md\/ro\/wp-json\/wp\/v2\/comments?post=23243"}],"version-history":[{"count":2,"href":"https:\/\/tehnoformat.md\/ro\/wp-json\/wp\/v2\/product\/23243\/revisions"}],"predecessor-version":[{"id":23245,"href":"https:\/\/tehnoformat.md\/ro\/wp-json\/wp\/v2\/product\/23243\/revisions\/23245"}],"wp:featuredmedia":[{"embeddable":true,"href":"https:\/\/tehnoformat.md\/ro\/wp-json\/wp\/v2\/media\/22871"}],"wp:attachment":[{"href":"https:\/\/tehnoformat.md\/ro\/wp-json\/wp\/v2\/media?parent=23243"}],"wp:term":[{"taxonomy":"product_brand","embeddable":true,"href":"https:\/\/tehnoformat.md\/ro\/wp-json\/wp\/v2\/product_brand?post=23243"},{"taxonomy":"product_cat","embeddable":true,"href":"https:\/\/tehnoformat.md\/ro\/wp-json\/wp\/v2\/product_cat?post=23243"},{"taxonomy":"product_tag","embeddable":true,"href":"https:\/\/tehnoformat.md\/ro\/wp-json\/wp\/v2\/product_tag?post=23243"}],"curies":[{"name":"wp","href":"https:\/\/api.w.org\/{rel}","templated":true}]}}