{"id":23235,"date":"2024-11-29T11:30:13","date_gmt":"2024-11-29T08:30:13","guid":{"rendered":"https:\/\/tehnoformat.md\/product\/thermex-id-30-v-smart\/"},"modified":"2025-04-17T17:02:16","modified_gmt":"2025-04-17T14:02:16","slug":"thermex-id-30-v-smart","status":"publish","type":"product","link":"https:\/\/tehnoformat.md\/ro\/produs\/thermex-id-30-v-smart\/","title":{"rendered":"THERMEX ID 30 V (smart)"},"content":{"rendered":"\t\t<div data-elementor-type=\"wp-post\" data-elementor-id=\"23235\" class=\"elementor elementor-23235 elementor-19353\">\n\t\t\t\t<div class=\"elementor-element elementor-element-c1b555e e-grid e-con-boxed e-con e-parent\" data-id=\"c1b555e\" data-element_type=\"container\" data-e-type=\"container\">\n\t\t\t\t\t<div class=\"e-con-inner\">\n\t\t\t\t<div class=\"elementor-element elementor-element-79d2767 elementor-align-center elementor-widget elementor-widget-button\" data-id=\"79d2767\" data-element_type=\"widget\" data-e-type=\"widget\" data-widget_type=\"button.default\">\n\t\t\t\t<div class=\"elementor-widget-container\">\n\t\t\t\t\t\t\t\t\t<div class=\"elementor-button-wrapper\">\n\t\t\t\t\t<a target=\"_blank\" rel=\"nofollow\" href=\"https:\/\/tehnoformat.md\/goto\/https:\/\/shop.thermex.ru\/upload\/iblock\/aa0\/4fn4icwr3kebx32x0em6aejyvjassu1n.pdf\" class=\"elementor-button elementor-button-link elementor-size-sm\" >\n\t\t\t\t\t\t<span class=\"elementor-button-content-wrapper\">\n\t\t\t\t\t\t\t\t\t<span class=\"elementor-button-text\">Pa\u0219aport<\/span>\n\t\t\t\t\t<\/span>\n\t\t\t\t\t<\/a>\n\t\t\t\t<\/div>\n\t\t\t\t\t\t\t\t<\/div>\n\t\t\t\t<\/div>\n\t\t\t\t<div class=\"elementor-element elementor-element-28c4b0a elementor-align-center elementor-widget elementor-widget-button\" data-id=\"28c4b0a\" data-element_type=\"widget\" data-e-type=\"widget\" data-widget_type=\"button.default\">\n\t\t\t\t<div class=\"elementor-widget-container\">\n\t\t\t\t\t\t\t\t\t<div class=\"elementor-button-wrapper\">\n\t\t\t\t\t<a target=\"_blank\" rel=\"nofollow\" href=\"https:\/\/tehnoformat.md\/goto\/https:\/\/thermex.ru\/upload\/catalog-thermex-2022.pdf\" class=\"elementor-button elementor-button-link elementor-size-sm\" >\n\t\t\t\t\t\t<span class=\"elementor-button-content-wrapper\">\n\t\t\t\t\t\t\t\t\t<span class=\"elementor-button-text\">Catalog<\/span>\n\t\t\t\t\t<\/span>\n\t\t\t\t\t<\/a>\n\t\t\t\t<\/div>\n\t\t\t\t\t\t\t\t<\/div>\n\t\t\t\t<\/div>\n\t\t\t\t\t<\/div>\n\t\t\t\t<\/div>\n\t\t<div class=\"elementor-element elementor-element-8ac18ae e-flex e-con-boxed e-con e-parent\" data-id=\"8ac18ae\" data-element_type=\"container\" data-e-type=\"container\">\n\t\t\t\t\t<div class=\"e-con-inner\">\n\t\t\t\t<div class=\"elementor-element elementor-element-098821f elementor-widget elementor-widget-text-editor\" data-id=\"098821f\" data-element_type=\"widget\" data-e-type=\"widget\" data-widget_type=\"text-editor.default\">\n\t\t\t\t<div class=\"elementor-widget-container\">\n\t\t\t\t\t\t\t\t\t<p><img fetchpriority=\"high\" decoding=\"async\" class=\"size-full wp-image-19355 alignright\" src=\"https:\/\/tehnoformat.md\/wp-content\/uploads\/2024\/11\/thermex-id-30-v-smart-1.jpg\" alt=\"\" width=\"600\" height=\"400\" srcset=\"https:\/\/tehnoformat.md\/wp-content\/uploads\/2024\/11\/thermex-id-30-v-smart-1.jpg 600w, https:\/\/tehnoformat.md\/wp-content\/uploads\/2024\/11\/thermex-id-30-v-smart-1-300x200.jpg 300w\" sizes=\"(max-width: 600px) 100vw, 600px\" \/><\/p><p><strong>Boilerul Thermex ID 30V SMART<\/strong> este un \u00eenc\u0103lzitor electric modern cu acumulare de ap\u0103 cu func\u021bia SMART \u0219i control prin aplica\u021bia <strong>Thermex Home<\/strong>. Ofer\u0103 confort, eficien\u021b\u0103 energetic\u0103 \u0219i fiabilitate cu un rezervor interior din o\u021bel inoxidabil \u0219i func\u021bii inteligente. <\/p><hr><h5><strong>Avantaje:<\/strong><\/h5><ol><li><strong>Rezervor interior din o\u021bel inoxidabil:<\/strong><ul><li>Fiabilitate \u0219i durabilitate datorit\u0103 rezisten\u021bei mari la coroziune.<\/li><\/ul><\/li><li><strong>Func\u021bia SMART:<\/strong><ul><li>Boilerul \u00ee\u0219i aminte\u0219te obiceiurile utilizatorului \u0219i ajusteaz\u0103 automat modul de \u00eenc\u0103lzire a apei la programul t\u0103u zilnic.<\/li><li>Optimizarea consumului de energie prin func\u021bionarea \u00een regim minim atunci c\u00e2nd nu este necesar\u0103 ap\u0103 cald\u0103.<\/li><\/ul><\/li><li><strong>Control prin Wi-Fi:<\/strong><ul><li>Conectarea la aplica\u021bia <strong>Thermex Home<\/strong> v\u0103 permite s\u0103 configura\u021bi \u0219i s\u0103 controla\u021bi de la distan\u021b\u0103 func\u021bionarea \u00eenc\u0103lzitorului dvs. de ap\u0103.<\/li><li>Control convenabil al temperaturii, modurilor \u0219i monitorizarea st\u0103rii dispozitivului direct de pe smartphone.<\/li><\/ul><\/li><li><strong>Eficien\u021b\u0103 energetic\u0103:<\/strong><ul><li>Clasa de eficien\u021b\u0103 energetic\u0103 <strong>B <\/strong>\u0219i trei niveluri de putere (0,7, 1,3 \u0219i 2,0 kW) asigur\u0103 o utilizare flexibil\u0103 \u0219i economii de resurse.<\/li><\/ul><\/li><li><strong>Compactitate \u0219i versatilitate:<\/strong><ul><li>Corpul plat cu instalare vertical\u0103 permite amplasarea u\u0219oar\u0103 a cazanului chiar \u0219i \u00een spa\u021biu limitat.<\/li><\/ul><\/li><li><strong>U\u0219urin\u021b\u0103 de utilizare:<\/strong><\/li><\/ol><ul><li style=\"list-style-type: none;\"><ul><li>\u00cenc\u0103lzire rapid\u0103 a apei \u00een <strong>47 de minute<\/strong> la \u0394t = 45\u00b0C (pentru 2 kW).<\/li><li>Inclus: supap\u0103 de siguran\u021b\u0103 \u0219i cablu electric.<\/li><\/ul><\/li><\/ul><p><img decoding=\"async\" class=\"aligncenter size-full wp-image-19363\" src=\"https:\/\/tehnoformat.md\/wp-content\/uploads\/2024\/11\/thermex-id-30-v-smart-7.jpg\" alt=\"\" width=\"2400\" height=\"1200\" srcset=\"https:\/\/tehnoformat.md\/wp-content\/uploads\/2024\/11\/thermex-id-30-v-smart-7.jpg 2400w, https:\/\/tehnoformat.md\/wp-content\/uploads\/2024\/11\/thermex-id-30-v-smart-7-300x150.jpg 300w, https:\/\/tehnoformat.md\/wp-content\/uploads\/2024\/11\/thermex-id-30-v-smart-7-1024x512.jpg 1024w, https:\/\/tehnoformat.md\/wp-content\/uploads\/2024\/11\/thermex-id-30-v-smart-7-768x384.jpg 768w, https:\/\/tehnoformat.md\/wp-content\/uploads\/2024\/11\/thermex-id-30-v-smart-7-1536x768.jpg 1536w, https:\/\/tehnoformat.md\/wp-content\/uploads\/2024\/11\/thermex-id-30-v-smart-7-2048x1024.jpg 2048w, https:\/\/tehnoformat.md\/wp-content\/uploads\/2024\/11\/thermex-id-30-v-smart-7-1000x500.jpg 1000w\" sizes=\"(max-width: 2400px) 100vw, 2400px\" \/><\/p><hr><h5><strong>Specifica\u021bii tehnice:<\/strong><\/h5><ul><li><strong>Tip<\/strong>: cumulativ, electric.<\/li><li><strong>Volum:<\/strong> 30 litri.<\/li><li><strong>Putere de \u00eenc\u0103lzire: <\/strong>2,0 kW.<\/li><li><strong>Timp de \u00eenc\u0103lzire:<\/strong> 50 minute (\u0394t = 45\u00b0C, la 2 kW).<\/li><li><strong>Temperatur\u0103 maxim\u0103:<\/strong> 75\u00b0C.<\/li><li><strong>Material rezervor:<\/strong> o\u021bel inoxidabil.<\/li><li><strong>Dimensiuni:<\/strong><ul><li><strong>L\u0103\u021bime<\/strong><strong>:<\/strong> 453 mm.<\/li><li><strong>Ad\u00e2ncime:<\/strong> 263 mm.<\/li><li><strong>\u00cen\u0103l\u021bime:<\/strong> 587 mm.<\/li><\/ul><\/li><li><strong>Diametrul conductei:<\/strong> 1\/2&#8243;.<\/li><li><strong>Clasa de eficien\u021b\u0103 energetic\u0103:<\/strong> B.<\/li><li><strong>Clasa de protec\u021bie:<\/strong> IPX4.<\/li><\/ul><hr><p><strong>Thermex ID 30V SMART<\/strong> este o solu\u021bie ideal\u0103 pentru cei care caut\u0103 un \u00eenc\u0103lzitor de ap\u0103 modern, cu func\u021bii inteligente, design compact \u0219i construc\u021bie fiabil\u0103.<\/p>\t\t\t\t\t\t\t\t<\/div>\n\t\t\t\t<\/div>\n\t\t\t\t\t<\/div>\n\t\t\t\t<\/div>\n\t\t\t\t<\/div>\n\t\t","protected":false},"excerpt":{"rendered":"<p>Pa\u0219aport Catalog Boilerul Thermex ID 30V SMART este un \u00eenc\u0103lzitor electric modern cu acumulare de ap\u0103 cu func\u021bia SMART \u0219i control prin aplica\u021bia Thermex Home. Ofer\u0103 confort, eficien\u021b\u0103 energetic\u0103 \u0219i fiabilitate cu un rezervor interior din o\u021bel inoxidabil \u0219i func\u021bii inteligente. Avantaje: Rezervor interior din o\u021bel inoxidabil: Fiabilitate \u0219i durabilitate datorit\u0103 rezisten\u021bei mari la coroziune. [&hellip;]<\/p>\n","protected":false},"featured_media":22889,"comment_status":"closed","ping_status":"open","template":"","meta":[],"product_brand":[],"product_cat":[784,795],"product_tag":[903,908,935,996,1015],"class_list":{"0":"post-23235","1":"product","2":"type-product","3":"status-publish","4":"has-post-thumbnail","6":"product_cat-boilere","7":"product_cat-incalzitoare-de-apa","8":"product_tag-boiler-ro","9":"product_tag-boiler-electric-ro","10":"product_tag-compact-ro","11":"product_tag-pro-ro","12":"product_tag-thermex-ro","13":"ts_product_brand-thermex-ro","15":"first","16":"instock","17":"sale","18":"shipping-taxable","19":"purchasable","20":"product-type-simple","21":"add-to-wishlist-after_add_to_cart"},"yoast_head":"<!-- This site is optimized with the Yoast SEO plugin v27.1.1 - https:\/\/yoast.com\/product\/yoast-seo-wordpress\/ -->\n<title>Boiler Electric THERMEX ID 30 V (smart) - Tehnoformat<\/title>\n<meta name=\"robots\" content=\"index, follow, max-snippet:-1, max-image-preview:large, max-video-preview:-1\" \/>\n<link rel=\"canonical\" href=\"https:\/\/tehnoformat.md\/ro\/produs\/thermex-id-30-v-smart\/\" \/>\n<meta property=\"og:locale\" content=\"ro_RO\" \/>\n<meta property=\"og:type\" content=\"article\" \/>\n<meta property=\"og:title\" content=\"Boiler Electric THERMEX ID 30 V (smart) - Tehnoformat\" \/>\n<meta property=\"og:description\" content=\"Pa\u0219aport Catalog Boilerul Thermex ID 30V SMART este un \u00eenc\u0103lzitor electric modern cu acumulare de ap\u0103 cu func\u021bia SMART \u0219i control prin aplica\u021bia Thermex Home. Ofer\u0103 confort, eficien\u021b\u0103 energetic\u0103 \u0219i fiabilitate cu un rezervor interior din o\u021bel inoxidabil \u0219i func\u021bii inteligente. Avantaje: Rezervor interior din o\u021bel inoxidabil: Fiabilitate \u0219i durabilitate datorit\u0103 rezisten\u021bei mari la coroziune. [&hellip;]\" \/>\n<meta property=\"og:url\" content=\"https:\/\/tehnoformat.md\/ro\/produs\/thermex-id-30-v-smart\/\" \/>\n<meta property=\"og:site_name\" content=\"Tehnoformat\" \/>\n<meta property=\"article:publisher\" content=\"https:\/\/www.facebook.com\/formatterm\" \/>\n<meta property=\"article:modified_time\" content=\"2025-04-17T14:02:16+00:00\" \/>\n<meta property=\"og:image\" content=\"https:\/\/tehnoformat.md\/wp-content\/uploads\/2024\/11\/thermex-id-30-v-smart-6.jpg\" \/>\n\t<meta property=\"og:image:width\" content=\"1000\" \/>\n\t<meta property=\"og:image:height\" content=\"1000\" \/>\n\t<meta property=\"og:image:type\" content=\"image\/jpeg\" \/>\n<meta name=\"twitter:card\" content=\"summary_large_image\" \/>\n<meta name=\"twitter:label1\" content=\"Timp estimat pentru citire\" \/>\n\t<meta name=\"twitter:data1\" content=\"3 minute\" \/>\n<script type=\"application\/ld+json\" class=\"yoast-schema-graph\">{\"@context\":\"https:\/\/schema.org\",\"@graph\":[{\"@type\":\"WebPage\",\"@id\":\"https:\/\/tehnoformat.md\/ro\/produs\/thermex-id-30-v-smart\/\",\"url\":\"https:\/\/tehnoformat.md\/ro\/produs\/thermex-id-30-v-smart\/\",\"name\":\"Boiler Electric THERMEX ID 30 V (smart) - Tehnoformat\",\"isPartOf\":{\"@id\":\"https:\/\/tehnoformat.md\/ro\/#website\"},\"primaryImageOfPage\":{\"@id\":\"https:\/\/tehnoformat.md\/ro\/produs\/thermex-id-30-v-smart\/#primaryimage\"},\"image\":{\"@id\":\"https:\/\/tehnoformat.md\/ro\/produs\/thermex-id-30-v-smart\/#primaryimage\"},\"thumbnailUrl\":\"https:\/\/tehnoformat.md\/wp-content\/uploads\/2024\/11\/thermex-id-30-v-smart-6.jpg\",\"datePublished\":\"2024-11-29T08:30:13+00:00\",\"dateModified\":\"2025-04-17T14:02:16+00:00\",\"breadcrumb\":{\"@id\":\"https:\/\/tehnoformat.md\/ro\/produs\/thermex-id-30-v-smart\/#breadcrumb\"},\"inLanguage\":\"ro-RO\",\"potentialAction\":[{\"@type\":\"ReadAction\",\"target\":[\"https:\/\/tehnoformat.md\/ro\/produs\/thermex-id-30-v-smart\/\"]}]},{\"@type\":\"ImageObject\",\"inLanguage\":\"ro-RO\",\"@id\":\"https:\/\/tehnoformat.md\/ro\/produs\/thermex-id-30-v-smart\/#primaryimage\",\"url\":\"https:\/\/tehnoformat.md\/wp-content\/uploads\/2024\/11\/thermex-id-30-v-smart-6.jpg\",\"contentUrl\":\"https:\/\/tehnoformat.md\/wp-content\/uploads\/2024\/11\/thermex-id-30-v-smart-6.jpg\",\"width\":1000,\"height\":1000},{\"@type\":\"BreadcrumbList\",\"@id\":\"https:\/\/tehnoformat.md\/ro\/produs\/thermex-id-30-v-smart\/#breadcrumb\",\"itemListElement\":[{\"@type\":\"ListItem\",\"position\":1,\"name\":\"Pagina principal\u0103\",\"item\":\"https:\/\/tehnoformat.md\/ro\/\"},{\"@type\":\"ListItem\",\"position\":2,\"name\":\"Magazin\",\"item\":\"https:\/\/tehnoformat.md\/ro\/shop\/\"},{\"@type\":\"ListItem\",\"position\":3,\"name\":\"THERMEX ID 30 V (smart)\"}]},{\"@type\":\"WebSite\",\"@id\":\"https:\/\/tehnoformat.md\/ro\/#website\",\"url\":\"https:\/\/tehnoformat.md\/ro\/\",\"name\":\"Tehnoformat.md\",\"description\":\"\",\"publisher\":{\"@id\":\"https:\/\/tehnoformat.md\/ro\/#organization\"},\"potentialAction\":[{\"@type\":\"SearchAction\",\"target\":{\"@type\":\"EntryPoint\",\"urlTemplate\":\"https:\/\/tehnoformat.md\/ro\/?s={search_term_string}\"},\"query-input\":{\"@type\":\"PropertyValueSpecification\",\"valueRequired\":true,\"valueName\":\"search_term_string\"}}],\"inLanguage\":\"ro-RO\"},{\"@type\":\"Organization\",\"@id\":\"https:\/\/tehnoformat.md\/ro\/#organization\",\"name\":\"Tehnoformat\",\"url\":\"https:\/\/tehnoformat.md\/ro\/\",\"logo\":{\"@type\":\"ImageObject\",\"inLanguage\":\"ro-RO\",\"@id\":\"https:\/\/tehnoformat.md\/ro\/#\/schema\/logo\/image\/\",\"url\":\"https:\/\/tehnoformat.md\/wp-content\/uploads\/2024\/10\/icon1.png\",\"contentUrl\":\"https:\/\/tehnoformat.md\/wp-content\/uploads\/2024\/10\/icon1.png\",\"width\":512,\"height\":512,\"caption\":\"Tehnoformat\"},\"image\":{\"@id\":\"https:\/\/tehnoformat.md\/ro\/#\/schema\/logo\/image\/\"},\"sameAs\":[\"https:\/\/www.facebook.com\/formatterm\",\"https:\/\/www.instagram.com\/tehnoformat.md\/\"]}]}<\/script>\n<!-- \/ Yoast SEO plugin. -->","yoast_head_json":{"title":"Boiler Electric THERMEX ID 30 V (smart) - Tehnoformat","robots":{"index":"index","follow":"follow","max-snippet":"max-snippet:-1","max-image-preview":"max-image-preview:large","max-video-preview":"max-video-preview:-1"},"canonical":"https:\/\/tehnoformat.md\/ro\/produs\/thermex-id-30-v-smart\/","og_locale":"ro_RO","og_type":"article","og_title":"Boiler Electric THERMEX ID 30 V (smart) - Tehnoformat","og_description":"Pa\u0219aport Catalog Boilerul Thermex ID 30V SMART este un \u00eenc\u0103lzitor electric modern cu acumulare de ap\u0103 cu func\u021bia SMART \u0219i control prin aplica\u021bia Thermex Home. Ofer\u0103 confort, eficien\u021b\u0103 energetic\u0103 \u0219i fiabilitate cu un rezervor interior din o\u021bel inoxidabil \u0219i func\u021bii inteligente. Avantaje: Rezervor interior din o\u021bel inoxidabil: Fiabilitate \u0219i durabilitate datorit\u0103 rezisten\u021bei mari la coroziune. [&hellip;]","og_url":"https:\/\/tehnoformat.md\/ro\/produs\/thermex-id-30-v-smart\/","og_site_name":"Tehnoformat","article_publisher":"https:\/\/www.facebook.com\/formatterm","article_modified_time":"2025-04-17T14:02:16+00:00","og_image":[{"width":1000,"height":1000,"url":"https:\/\/tehnoformat.md\/wp-content\/uploads\/2024\/11\/thermex-id-30-v-smart-6.jpg","type":"image\/jpeg"}],"twitter_card":"summary_large_image","twitter_misc":{"Timp estimat pentru citire":"3 minute"},"schema":{"@context":"https:\/\/schema.org","@graph":[{"@type":"WebPage","@id":"https:\/\/tehnoformat.md\/ro\/produs\/thermex-id-30-v-smart\/","url":"https:\/\/tehnoformat.md\/ro\/produs\/thermex-id-30-v-smart\/","name":"Boiler Electric THERMEX ID 30 V (smart) - Tehnoformat","isPartOf":{"@id":"https:\/\/tehnoformat.md\/ro\/#website"},"primaryImageOfPage":{"@id":"https:\/\/tehnoformat.md\/ro\/produs\/thermex-id-30-v-smart\/#primaryimage"},"image":{"@id":"https:\/\/tehnoformat.md\/ro\/produs\/thermex-id-30-v-smart\/#primaryimage"},"thumbnailUrl":"https:\/\/tehnoformat.md\/wp-content\/uploads\/2024\/11\/thermex-id-30-v-smart-6.jpg","datePublished":"2024-11-29T08:30:13+00:00","dateModified":"2025-04-17T14:02:16+00:00","breadcrumb":{"@id":"https:\/\/tehnoformat.md\/ro\/produs\/thermex-id-30-v-smart\/#breadcrumb"},"inLanguage":"ro-RO","potentialAction":[{"@type":"ReadAction","target":["https:\/\/tehnoformat.md\/ro\/produs\/thermex-id-30-v-smart\/"]}]},{"@type":"ImageObject","inLanguage":"ro-RO","@id":"https:\/\/tehnoformat.md\/ro\/produs\/thermex-id-30-v-smart\/#primaryimage","url":"https:\/\/tehnoformat.md\/wp-content\/uploads\/2024\/11\/thermex-id-30-v-smart-6.jpg","contentUrl":"https:\/\/tehnoformat.md\/wp-content\/uploads\/2024\/11\/thermex-id-30-v-smart-6.jpg","width":1000,"height":1000},{"@type":"BreadcrumbList","@id":"https:\/\/tehnoformat.md\/ro\/produs\/thermex-id-30-v-smart\/#breadcrumb","itemListElement":[{"@type":"ListItem","position":1,"name":"Pagina principal\u0103","item":"https:\/\/tehnoformat.md\/ro\/"},{"@type":"ListItem","position":2,"name":"Magazin","item":"https:\/\/tehnoformat.md\/ro\/shop\/"},{"@type":"ListItem","position":3,"name":"THERMEX ID 30 V (smart)"}]},{"@type":"WebSite","@id":"https:\/\/tehnoformat.md\/ro\/#website","url":"https:\/\/tehnoformat.md\/ro\/","name":"Tehnoformat.md","description":"","publisher":{"@id":"https:\/\/tehnoformat.md\/ro\/#organization"},"potentialAction":[{"@type":"SearchAction","target":{"@type":"EntryPoint","urlTemplate":"https:\/\/tehnoformat.md\/ro\/?s={search_term_string}"},"query-input":{"@type":"PropertyValueSpecification","valueRequired":true,"valueName":"search_term_string"}}],"inLanguage":"ro-RO"},{"@type":"Organization","@id":"https:\/\/tehnoformat.md\/ro\/#organization","name":"Tehnoformat","url":"https:\/\/tehnoformat.md\/ro\/","logo":{"@type":"ImageObject","inLanguage":"ro-RO","@id":"https:\/\/tehnoformat.md\/ro\/#\/schema\/logo\/image\/","url":"https:\/\/tehnoformat.md\/wp-content\/uploads\/2024\/10\/icon1.png","contentUrl":"https:\/\/tehnoformat.md\/wp-content\/uploads\/2024\/10\/icon1.png","width":512,"height":512,"caption":"Tehnoformat"},"image":{"@id":"https:\/\/tehnoformat.md\/ro\/#\/schema\/logo\/image\/"},"sameAs":["https:\/\/www.facebook.com\/formatterm","https:\/\/www.instagram.com\/tehnoformat.md\/"]}]}},"_links":{"self":[{"href":"https:\/\/tehnoformat.md\/ro\/wp-json\/wp\/v2\/product\/23235","targetHints":{"allow":["GET"]}}],"collection":[{"href":"https:\/\/tehnoformat.md\/ro\/wp-json\/wp\/v2\/product"}],"about":[{"href":"https:\/\/tehnoformat.md\/ro\/wp-json\/wp\/v2\/types\/product"}],"replies":[{"embeddable":true,"href":"https:\/\/tehnoformat.md\/ro\/wp-json\/wp\/v2\/comments?post=23235"}],"version-history":[{"count":2,"href":"https:\/\/tehnoformat.md\/ro\/wp-json\/wp\/v2\/product\/23235\/revisions"}],"predecessor-version":[{"id":23238,"href":"https:\/\/tehnoformat.md\/ro\/wp-json\/wp\/v2\/product\/23235\/revisions\/23238"}],"wp:featuredmedia":[{"embeddable":true,"href":"https:\/\/tehnoformat.md\/ro\/wp-json\/wp\/v2\/media\/22889"}],"wp:attachment":[{"href":"https:\/\/tehnoformat.md\/ro\/wp-json\/wp\/v2\/media?parent=23235"}],"wp:term":[{"taxonomy":"product_brand","embeddable":true,"href":"https:\/\/tehnoformat.md\/ro\/wp-json\/wp\/v2\/product_brand?post=23235"},{"taxonomy":"product_cat","embeddable":true,"href":"https:\/\/tehnoformat.md\/ro\/wp-json\/wp\/v2\/product_cat?post=23235"},{"taxonomy":"product_tag","embeddable":true,"href":"https:\/\/tehnoformat.md\/ro\/wp-json\/wp\/v2\/product_tag?post=23235"}],"curies":[{"name":"wp","href":"https:\/\/api.w.org\/{rel}","templated":true}]}}