{"id":23230,"date":"2024-11-29T17:18:43","date_gmt":"2024-11-29T14:18:43","guid":{"rendered":"https:\/\/tehnoformat.md\/product\/thermex-edisson-king-30-v\/"},"modified":"2025-04-17T16:46:08","modified_gmt":"2025-04-17T13:46:08","slug":"thermex-edisson-king-30-v","status":"publish","type":"product","link":"https:\/\/tehnoformat.md\/ro\/produs\/thermex-edisson-king-30-v\/","title":{"rendered":"THERMEX EDISSON King 30 V"},"content":{"rendered":"\t\t<div data-elementor-type=\"wp-post\" data-elementor-id=\"23230\" class=\"elementor elementor-23230 elementor-19367\">\n\t\t\t\t<div class=\"elementor-element elementor-element-c1b555e e-grid e-con-boxed e-con e-parent\" data-id=\"c1b555e\" data-element_type=\"container\" data-e-type=\"container\">\n\t\t\t\t\t<div class=\"e-con-inner\">\n\t\t\t\t<div class=\"elementor-element elementor-element-79d2767 elementor-align-center elementor-widget elementor-widget-button\" data-id=\"79d2767\" data-element_type=\"widget\" data-e-type=\"widget\" data-widget_type=\"button.default\">\n\t\t\t\t<div class=\"elementor-widget-container\">\n\t\t\t\t\t\t\t\t\t<div class=\"elementor-button-wrapper\">\n\t\t\t\t\t<a target=\"_blank\" rel=\"nofollow\" href=\"https:\/\/tehnoformat.md\/goto\/https:\/\/shop.thermex.ru\/upload\/iblock\/a29\/uervrs9ejmvnfgqs9j7a0lac5jspda0y.pdf\" class=\"elementor-button elementor-button-link elementor-size-sm\" >\n\t\t\t\t\t\t<span class=\"elementor-button-content-wrapper\">\n\t\t\t\t\t\t\t\t\t<span class=\"elementor-button-text\">Pa\u0219aport<\/span>\n\t\t\t\t\t<\/span>\n\t\t\t\t\t<\/a>\n\t\t\t\t<\/div>\n\t\t\t\t\t\t\t\t<\/div>\n\t\t\t\t<\/div>\n\t\t\t\t<div class=\"elementor-element elementor-element-28c4b0a elementor-align-center elementor-widget elementor-widget-button\" data-id=\"28c4b0a\" data-element_type=\"widget\" data-e-type=\"widget\" data-widget_type=\"button.default\">\n\t\t\t\t<div class=\"elementor-widget-container\">\n\t\t\t\t\t\t\t\t\t<div class=\"elementor-button-wrapper\">\n\t\t\t\t\t<a target=\"_blank\" rel=\"nofollow\" href=\"https:\/\/tehnoformat.md\/goto\/https:\/\/thermex.ru\/upload\/catalog-thermex-2022.pdf\" class=\"elementor-button elementor-button-link elementor-size-sm\" >\n\t\t\t\t\t\t<span class=\"elementor-button-content-wrapper\">\n\t\t\t\t\t\t\t\t\t<span class=\"elementor-button-text\">Catalog<\/span>\n\t\t\t\t\t<\/span>\n\t\t\t\t\t<\/a>\n\t\t\t\t<\/div>\n\t\t\t\t\t\t\t\t<\/div>\n\t\t\t\t<\/div>\n\t\t\t\t\t<\/div>\n\t\t\t\t<\/div>\n\t\t<div class=\"elementor-element elementor-element-8ac18ae e-flex e-con-boxed e-con e-parent\" data-id=\"8ac18ae\" data-element_type=\"container\" data-e-type=\"container\">\n\t\t\t\t\t<div class=\"e-con-inner\">\n\t\t\t\t<div class=\"elementor-element elementor-element-098821f elementor-widget elementor-widget-text-editor\" data-id=\"098821f\" data-element_type=\"widget\" data-e-type=\"widget\" data-widget_type=\"text-editor.default\">\n\t\t\t\t<div class=\"elementor-widget-container\">\n\t\t\t\t\t\t\t\t\t<h5><strong>Boiler electric THERMEX EDISSON King 30 V<\/strong><\/h5><p><strong>THERMEX EDISSON King 30 V<\/strong> este un \u00eenc\u0103lzitor de ap\u0103 cu stocare fiabil, conceput pentru uz casnic \u0219i industrial. Asigur\u0103 alimentarea cu ap\u0103 cald\u0103 \u00een spa\u021bii \u00eenchise \u00eenc\u0103lzite, func\u021bioneaz\u0103 pe baza unui rezervor interior din o\u021bel inoxidabil cu izola\u021bie termic\u0103 foarte eficient\u0103. <img fetchpriority=\"high\" decoding=\"async\" class=\"alignright wp-image-19370\" src=\"https:\/\/tehnoformat.md\/wp-content\/uploads\/2024\/11\/thermex-edisson-king-30-v-1.jpg\" alt=\"\" width=\"700\" height=\"450\" srcset=\"https:\/\/tehnoformat.md\/wp-content\/uploads\/2024\/11\/thermex-edisson-king-30-v-1.jpg 1200w, https:\/\/tehnoformat.md\/wp-content\/uploads\/2024\/11\/thermex-edisson-king-30-v-1-300x193.jpg 300w, https:\/\/tehnoformat.md\/wp-content\/uploads\/2024\/11\/thermex-edisson-king-30-v-1-1024x658.jpg 1024w, https:\/\/tehnoformat.md\/wp-content\/uploads\/2024\/11\/thermex-edisson-king-30-v-1-768x493.jpg 768w, https:\/\/tehnoformat.md\/wp-content\/uploads\/2024\/11\/thermex-edisson-king-30-v-1-1000x643.jpg 1000w\" sizes=\"(max-width: 700px) 100vw, 700px\" \/><\/p><hr><h5><strong>Avantaje<\/strong><\/h5><ol><li><strong>Rezervor interior din o\u021bel inoxidabil:<\/strong><ul><li>Ofer\u0103 rezisten\u021b\u0103 la coroziune \u0219i durabilitate a dispozitivului.<\/li><\/ul><\/li><li><strong>Izola\u021bie termic\u0103 eficient\u0103:<\/strong><ul><li>Utilizarea spumei poliuretanice ecologice minimizeaz\u0103 pierderile de c\u0103ldur\u0103 \u0219i reduce costurile energetice.<\/li><\/ul><\/li><li><strong>\u00cenc\u0103lzire rapid\u0103:<\/strong><ul><li>Elementul de \u00eenc\u0103lzire are o putere de <strong>2 kW<\/strong>, ceea ce permite \u00eenc\u0103lzirea a 30 de litri de ap\u0103 \u00een <strong>34 de minute<\/strong> la o temperatur\u0103 maxim\u0103 de <strong>75\u00b0C.<\/strong><\/li><\/ul><\/li><li><strong>U\u0219urin\u021b\u0103 de conectare:<\/strong><ul><li>Prev\u0103zut cu doua racorduri filetate: pentru intrarea apei rece (cu marcaj albastru) \u0219i ie\u0219ire ap\u0103 cald\u0103 (cu marcaj ro\u0219u).<\/li><\/ul><\/li><li><strong>Compactitate:<\/strong><ul><li>Instalarea vertical\u0103 \u0219i dimensiunile compacte (434x250x580 mm) fac boilerul convenabil pentru amplasare chiar \u0219i \u00een \u00eenc\u0103peri mici.<\/li><\/ul><\/li><li><strong>Siguran\u0163\u0103:<\/strong><ul><li>Echipat cu o supap\u0103 de siguran\u021b\u0103 pentru a proteja \u00eempotriva presiunii excesive.<\/li><\/ul><\/li><li><strong>Durabilitate:<\/strong><\/li><\/ol><ul><li style=\"list-style-type: none;\"><ul><li>Garan\u021bie: <strong>5 ani<\/strong> pentru rezervor \u0219i <strong>24 luni<\/strong> pentru componentele electrice.<\/li><\/ul><\/li><\/ul><hr><h5><strong>Specifica\u021bii tehnice<\/strong><\/h5><ul><li><strong>Brand:<\/strong> Thermex<\/li><li><strong>Volum:<\/strong> 30 l<\/li><li><strong>Tip boiler:<\/strong> cumulativ<\/li><li><strong>Metoda de \u00eenc\u0103lzire:<\/strong> Electrica<\/li><li><strong>Putere:<\/strong> 2 kW<\/li><li><strong>Acoperire rezervor:<\/strong> o\u021bel inoxidabil<\/li><li><strong>Tip element de \u00eenc\u0103lzire:<\/strong> Umed<\/li><li><strong>Temperatura maxim\u0103:<\/strong> 75 \u00b0C<\/li><li><strong>Timp de \u00eenc\u0103lzire (\u0394t = 45\u00b0C):<\/strong> 34 minute<\/li><li><strong>Dimensiuni (LxAx\u00ce):<\/strong> 434x250x580 mm<\/li><li><strong>Greutate:<\/strong> 9,6 kg<\/li><li><strong>Serie:<\/strong> EDISSON King<\/li><li><strong>Presiune de lucru:<\/strong> 0,05 \u2013 0,6 MPa<\/li><li><strong>Clasa de eficienta energetica:<\/strong> B<\/li><li><strong>Garan\u021bie:<\/strong> 5 ani (rezervor) \/ 24 luni (electricitate)<\/li><\/ul><p><strong>THERMEX EDISSON King 30 V<\/strong> este o alegere excelent\u0103 pentru alimentarea stabil\u0103 cu ap\u0103 cald\u0103 acas\u0103, la birou sau \u00eentr-o instala\u021bie industrial\u0103. Un rezervor fiabil din o\u021bel inoxidabil, performan\u021ba ridicat\u0103 \u0219i u\u0219urin\u021ba \u00een utilizare \u00eel fac un asistent de \u00eencredere \u00een via\u021ba de zi cu zi. <\/p>\t\t\t\t\t\t\t\t<\/div>\n\t\t\t\t<\/div>\n\t\t\t\t\t<\/div>\n\t\t\t\t<\/div>\n\t\t\t\t<\/div>\n\t\t","protected":false},"excerpt":{"rendered":"<p>Pa\u0219aport Catalog Boiler electric THERMEX EDISSON King 30 V THERMEX EDISSON King 30 V este un \u00eenc\u0103lzitor de ap\u0103 cu stocare fiabil, conceput pentru uz casnic \u0219i industrial. Asigur\u0103 alimentarea cu ap\u0103 cald\u0103 \u00een spa\u021bii \u00eenchise \u00eenc\u0103lzite, func\u021bioneaz\u0103 pe baza unui rezervor interior din o\u021bel inoxidabil cu izola\u021bie termic\u0103 foarte eficient\u0103. Avantaje Rezervor interior din [&hellip;]<\/p>\n","protected":false},"featured_media":22896,"comment_status":"closed","ping_status":"open","template":"","meta":[],"product_brand":[],"product_cat":[784,795],"product_tag":[903,908,935,996,1015],"class_list":{"0":"post-23230","1":"product","2":"type-product","3":"status-publish","4":"has-post-thumbnail","6":"product_cat-boilere","7":"product_cat-incalzitoare-de-apa","8":"product_tag-boiler-ro","9":"product_tag-boiler-electric-ro","10":"product_tag-compact-ro","11":"product_tag-pro-ro","12":"product_tag-thermex-ro","13":"ts_product_brand-thermex-ro","15":"first","16":"instock","17":"sale","18":"shipping-taxable","19":"purchasable","20":"product-type-simple","21":"add-to-wishlist-after_add_to_cart"},"yoast_head":"<!-- This site is optimized with the Yoast SEO plugin v27.1.1 - https:\/\/yoast.com\/product\/yoast-seo-wordpress\/ -->\n<title>Boiler Electric THERMEX EDISSON King 30 V - Tehnoformat<\/title>\n<meta name=\"robots\" content=\"index, follow, max-snippet:-1, max-image-preview:large, max-video-preview:-1\" \/>\n<link rel=\"canonical\" href=\"https:\/\/tehnoformat.md\/ro\/produs\/thermex-edisson-king-30-v\/\" \/>\n<meta property=\"og:locale\" content=\"ro_RO\" \/>\n<meta property=\"og:type\" content=\"article\" \/>\n<meta property=\"og:title\" content=\"Boiler Electric THERMEX EDISSON King 30 V - Tehnoformat\" \/>\n<meta property=\"og:description\" content=\"Pa\u0219aport Catalog Boiler electric THERMEX EDISSON King 30 V THERMEX EDISSON King 30 V este un \u00eenc\u0103lzitor de ap\u0103 cu stocare fiabil, conceput pentru uz casnic \u0219i industrial. Asigur\u0103 alimentarea cu ap\u0103 cald\u0103 \u00een spa\u021bii \u00eenchise \u00eenc\u0103lzite, func\u021bioneaz\u0103 pe baza unui rezervor interior din o\u021bel inoxidabil cu izola\u021bie termic\u0103 foarte eficient\u0103. Avantaje Rezervor interior din [&hellip;]\" \/>\n<meta property=\"og:url\" content=\"https:\/\/tehnoformat.md\/ro\/produs\/thermex-edisson-king-30-v\/\" \/>\n<meta property=\"og:site_name\" content=\"Tehnoformat\" \/>\n<meta property=\"article:publisher\" content=\"https:\/\/www.facebook.com\/formatterm\" \/>\n<meta property=\"article:modified_time\" content=\"2025-04-17T13:46:08+00:00\" \/>\n<meta property=\"og:image\" content=\"https:\/\/tehnoformat.md\/wp-content\/uploads\/2024\/11\/thermex-edisson-king-30-v.jpg\" \/>\n\t<meta property=\"og:image:width\" content=\"1000\" \/>\n\t<meta property=\"og:image:height\" content=\"1000\" \/>\n\t<meta property=\"og:image:type\" content=\"image\/jpeg\" \/>\n<meta name=\"twitter:card\" content=\"summary_large_image\" \/>\n<meta name=\"twitter:label1\" content=\"Timp estimat pentru citire\" \/>\n\t<meta name=\"twitter:data1\" content=\"2 minute\" \/>\n<script type=\"application\/ld+json\" class=\"yoast-schema-graph\">{\"@context\":\"https:\/\/schema.org\",\"@graph\":[{\"@type\":\"WebPage\",\"@id\":\"https:\/\/tehnoformat.md\/ro\/produs\/thermex-edisson-king-30-v\/\",\"url\":\"https:\/\/tehnoformat.md\/ro\/produs\/thermex-edisson-king-30-v\/\",\"name\":\"Boiler Electric THERMEX EDISSON King 30 V - Tehnoformat\",\"isPartOf\":{\"@id\":\"https:\/\/tehnoformat.md\/ro\/#website\"},\"primaryImageOfPage\":{\"@id\":\"https:\/\/tehnoformat.md\/ro\/produs\/thermex-edisson-king-30-v\/#primaryimage\"},\"image\":{\"@id\":\"https:\/\/tehnoformat.md\/ro\/produs\/thermex-edisson-king-30-v\/#primaryimage\"},\"thumbnailUrl\":\"https:\/\/tehnoformat.md\/wp-content\/uploads\/2024\/11\/thermex-edisson-king-30-v.jpg\",\"datePublished\":\"2024-11-29T14:18:43+00:00\",\"dateModified\":\"2025-04-17T13:46:08+00:00\",\"breadcrumb\":{\"@id\":\"https:\/\/tehnoformat.md\/ro\/produs\/thermex-edisson-king-30-v\/#breadcrumb\"},\"inLanguage\":\"ro-RO\",\"potentialAction\":[{\"@type\":\"ReadAction\",\"target\":[\"https:\/\/tehnoformat.md\/ro\/produs\/thermex-edisson-king-30-v\/\"]}]},{\"@type\":\"ImageObject\",\"inLanguage\":\"ro-RO\",\"@id\":\"https:\/\/tehnoformat.md\/ro\/produs\/thermex-edisson-king-30-v\/#primaryimage\",\"url\":\"https:\/\/tehnoformat.md\/wp-content\/uploads\/2024\/11\/thermex-edisson-king-30-v.jpg\",\"contentUrl\":\"https:\/\/tehnoformat.md\/wp-content\/uploads\/2024\/11\/thermex-edisson-king-30-v.jpg\",\"width\":1000,\"height\":1000},{\"@type\":\"BreadcrumbList\",\"@id\":\"https:\/\/tehnoformat.md\/ro\/produs\/thermex-edisson-king-30-v\/#breadcrumb\",\"itemListElement\":[{\"@type\":\"ListItem\",\"position\":1,\"name\":\"Pagina principal\u0103\",\"item\":\"https:\/\/tehnoformat.md\/ro\/\"},{\"@type\":\"ListItem\",\"position\":2,\"name\":\"Magazin\",\"item\":\"https:\/\/tehnoformat.md\/ro\/shop\/\"},{\"@type\":\"ListItem\",\"position\":3,\"name\":\"THERMEX EDISSON King 30 V\"}]},{\"@type\":\"WebSite\",\"@id\":\"https:\/\/tehnoformat.md\/ro\/#website\",\"url\":\"https:\/\/tehnoformat.md\/ro\/\",\"name\":\"Tehnoformat.md\",\"description\":\"\",\"publisher\":{\"@id\":\"https:\/\/tehnoformat.md\/ro\/#organization\"},\"potentialAction\":[{\"@type\":\"SearchAction\",\"target\":{\"@type\":\"EntryPoint\",\"urlTemplate\":\"https:\/\/tehnoformat.md\/ro\/?s={search_term_string}\"},\"query-input\":{\"@type\":\"PropertyValueSpecification\",\"valueRequired\":true,\"valueName\":\"search_term_string\"}}],\"inLanguage\":\"ro-RO\"},{\"@type\":\"Organization\",\"@id\":\"https:\/\/tehnoformat.md\/ro\/#organization\",\"name\":\"Tehnoformat\",\"url\":\"https:\/\/tehnoformat.md\/ro\/\",\"logo\":{\"@type\":\"ImageObject\",\"inLanguage\":\"ro-RO\",\"@id\":\"https:\/\/tehnoformat.md\/ro\/#\/schema\/logo\/image\/\",\"url\":\"https:\/\/tehnoformat.md\/wp-content\/uploads\/2024\/10\/icon1.png\",\"contentUrl\":\"https:\/\/tehnoformat.md\/wp-content\/uploads\/2024\/10\/icon1.png\",\"width\":512,\"height\":512,\"caption\":\"Tehnoformat\"},\"image\":{\"@id\":\"https:\/\/tehnoformat.md\/ro\/#\/schema\/logo\/image\/\"},\"sameAs\":[\"https:\/\/www.facebook.com\/formatterm\",\"https:\/\/www.instagram.com\/tehnoformat.md\/\"]}]}<\/script>\n<!-- \/ Yoast SEO plugin. -->","yoast_head_json":{"title":"Boiler Electric THERMEX EDISSON King 30 V - Tehnoformat","robots":{"index":"index","follow":"follow","max-snippet":"max-snippet:-1","max-image-preview":"max-image-preview:large","max-video-preview":"max-video-preview:-1"},"canonical":"https:\/\/tehnoformat.md\/ro\/produs\/thermex-edisson-king-30-v\/","og_locale":"ro_RO","og_type":"article","og_title":"Boiler Electric THERMEX EDISSON King 30 V - Tehnoformat","og_description":"Pa\u0219aport Catalog Boiler electric THERMEX EDISSON King 30 V THERMEX EDISSON King 30 V este un \u00eenc\u0103lzitor de ap\u0103 cu stocare fiabil, conceput pentru uz casnic \u0219i industrial. Asigur\u0103 alimentarea cu ap\u0103 cald\u0103 \u00een spa\u021bii \u00eenchise \u00eenc\u0103lzite, func\u021bioneaz\u0103 pe baza unui rezervor interior din o\u021bel inoxidabil cu izola\u021bie termic\u0103 foarte eficient\u0103. Avantaje Rezervor interior din [&hellip;]","og_url":"https:\/\/tehnoformat.md\/ro\/produs\/thermex-edisson-king-30-v\/","og_site_name":"Tehnoformat","article_publisher":"https:\/\/www.facebook.com\/formatterm","article_modified_time":"2025-04-17T13:46:08+00:00","og_image":[{"width":1000,"height":1000,"url":"https:\/\/tehnoformat.md\/wp-content\/uploads\/2024\/11\/thermex-edisson-king-30-v.jpg","type":"image\/jpeg"}],"twitter_card":"summary_large_image","twitter_misc":{"Timp estimat pentru citire":"2 minute"},"schema":{"@context":"https:\/\/schema.org","@graph":[{"@type":"WebPage","@id":"https:\/\/tehnoformat.md\/ro\/produs\/thermex-edisson-king-30-v\/","url":"https:\/\/tehnoformat.md\/ro\/produs\/thermex-edisson-king-30-v\/","name":"Boiler Electric THERMEX EDISSON King 30 V - Tehnoformat","isPartOf":{"@id":"https:\/\/tehnoformat.md\/ro\/#website"},"primaryImageOfPage":{"@id":"https:\/\/tehnoformat.md\/ro\/produs\/thermex-edisson-king-30-v\/#primaryimage"},"image":{"@id":"https:\/\/tehnoformat.md\/ro\/produs\/thermex-edisson-king-30-v\/#primaryimage"},"thumbnailUrl":"https:\/\/tehnoformat.md\/wp-content\/uploads\/2024\/11\/thermex-edisson-king-30-v.jpg","datePublished":"2024-11-29T14:18:43+00:00","dateModified":"2025-04-17T13:46:08+00:00","breadcrumb":{"@id":"https:\/\/tehnoformat.md\/ro\/produs\/thermex-edisson-king-30-v\/#breadcrumb"},"inLanguage":"ro-RO","potentialAction":[{"@type":"ReadAction","target":["https:\/\/tehnoformat.md\/ro\/produs\/thermex-edisson-king-30-v\/"]}]},{"@type":"ImageObject","inLanguage":"ro-RO","@id":"https:\/\/tehnoformat.md\/ro\/produs\/thermex-edisson-king-30-v\/#primaryimage","url":"https:\/\/tehnoformat.md\/wp-content\/uploads\/2024\/11\/thermex-edisson-king-30-v.jpg","contentUrl":"https:\/\/tehnoformat.md\/wp-content\/uploads\/2024\/11\/thermex-edisson-king-30-v.jpg","width":1000,"height":1000},{"@type":"BreadcrumbList","@id":"https:\/\/tehnoformat.md\/ro\/produs\/thermex-edisson-king-30-v\/#breadcrumb","itemListElement":[{"@type":"ListItem","position":1,"name":"Pagina principal\u0103","item":"https:\/\/tehnoformat.md\/ro\/"},{"@type":"ListItem","position":2,"name":"Magazin","item":"https:\/\/tehnoformat.md\/ro\/shop\/"},{"@type":"ListItem","position":3,"name":"THERMEX EDISSON King 30 V"}]},{"@type":"WebSite","@id":"https:\/\/tehnoformat.md\/ro\/#website","url":"https:\/\/tehnoformat.md\/ro\/","name":"Tehnoformat.md","description":"","publisher":{"@id":"https:\/\/tehnoformat.md\/ro\/#organization"},"potentialAction":[{"@type":"SearchAction","target":{"@type":"EntryPoint","urlTemplate":"https:\/\/tehnoformat.md\/ro\/?s={search_term_string}"},"query-input":{"@type":"PropertyValueSpecification","valueRequired":true,"valueName":"search_term_string"}}],"inLanguage":"ro-RO"},{"@type":"Organization","@id":"https:\/\/tehnoformat.md\/ro\/#organization","name":"Tehnoformat","url":"https:\/\/tehnoformat.md\/ro\/","logo":{"@type":"ImageObject","inLanguage":"ro-RO","@id":"https:\/\/tehnoformat.md\/ro\/#\/schema\/logo\/image\/","url":"https:\/\/tehnoformat.md\/wp-content\/uploads\/2024\/10\/icon1.png","contentUrl":"https:\/\/tehnoformat.md\/wp-content\/uploads\/2024\/10\/icon1.png","width":512,"height":512,"caption":"Tehnoformat"},"image":{"@id":"https:\/\/tehnoformat.md\/ro\/#\/schema\/logo\/image\/"},"sameAs":["https:\/\/www.facebook.com\/formatterm","https:\/\/www.instagram.com\/tehnoformat.md\/"]}]}},"_links":{"self":[{"href":"https:\/\/tehnoformat.md\/ro\/wp-json\/wp\/v2\/product\/23230","targetHints":{"allow":["GET"]}}],"collection":[{"href":"https:\/\/tehnoformat.md\/ro\/wp-json\/wp\/v2\/product"}],"about":[{"href":"https:\/\/tehnoformat.md\/ro\/wp-json\/wp\/v2\/types\/product"}],"replies":[{"embeddable":true,"href":"https:\/\/tehnoformat.md\/ro\/wp-json\/wp\/v2\/comments?post=23230"}],"version-history":[{"count":4,"href":"https:\/\/tehnoformat.md\/ro\/wp-json\/wp\/v2\/product\/23230\/revisions"}],"predecessor-version":[{"id":23234,"href":"https:\/\/tehnoformat.md\/ro\/wp-json\/wp\/v2\/product\/23230\/revisions\/23234"}],"wp:featuredmedia":[{"embeddable":true,"href":"https:\/\/tehnoformat.md\/ro\/wp-json\/wp\/v2\/media\/22896"}],"wp:attachment":[{"href":"https:\/\/tehnoformat.md\/ro\/wp-json\/wp\/v2\/media?parent=23230"}],"wp:term":[{"taxonomy":"product_brand","embeddable":true,"href":"https:\/\/tehnoformat.md\/ro\/wp-json\/wp\/v2\/product_brand?post=23230"},{"taxonomy":"product_cat","embeddable":true,"href":"https:\/\/tehnoformat.md\/ro\/wp-json\/wp\/v2\/product_cat?post=23230"},{"taxonomy":"product_tag","embeddable":true,"href":"https:\/\/tehnoformat.md\/ro\/wp-json\/wp\/v2\/product_tag?post=23230"}],"curies":[{"name":"wp","href":"https:\/\/api.w.org\/{rel}","templated":true}]}}