{"id":23209,"date":"2024-12-16T09:54:22","date_gmt":"2024-12-16T06:54:22","guid":{"rendered":"https:\/\/tehnoformat.md\/product\/wilo-yonos-pico-25-8-180mm\/"},"modified":"2026-02-11T12:42:41","modified_gmt":"2026-02-11T09:42:41","slug":"wilo-yonos-pico-25-8-180mm","status":"publish","type":"product","link":"https:\/\/tehnoformat.md\/ro\/produs\/wilo-yonos-pico-25-8-180mm\/","title":{"rendered":"Wilo Yonos PICO 25\/8-180mm"},"content":{"rendered":"\t\t<div data-elementor-type=\"product-post\" data-elementor-id=\"23209\" class=\"elementor elementor-23209 elementor-19469\">\n\t\t\t\t<div class=\"elementor-element elementor-element-acd34b0 e-flex e-con-boxed e-con e-parent\" data-id=\"acd34b0\" data-element_type=\"container\" data-e-type=\"container\">\n\t\t\t\t\t<div class=\"e-con-inner\">\n\t\t<div class=\"elementor-element elementor-element-1ab53e9 e-grid e-con-full e-con e-child\" data-id=\"1ab53e9\" data-element_type=\"container\" data-e-type=\"container\">\n\t\t\t\t<div class=\"elementor-element elementor-element-28ac4c4 elementor-align-center elementor-widget elementor-widget-button\" data-id=\"28ac4c4\" data-element_type=\"widget\" data-e-type=\"widget\" data-widget_type=\"button.default\">\n\t\t\t\t<div class=\"elementor-widget-container\">\n\t\t\t\t\t\t\t\t\t<div class=\"elementor-button-wrapper\">\n\t\t\t\t\t<a target=\"_blank\" rel=\"nofollow\" href=\"https:\/\/tehnoformat.md\/goto\/https:\/\/cdn.wl-russia.ru\/download\/wilo_f_0200002b0000fc8a00010092.pdf\" class=\"elementor-button elementor-button-link elementor-size-sm\" >\n\t\t\t\t\t\t<span class=\"elementor-button-content-wrapper\">\n\t\t\t\t\t\t\t\t\t<span class=\"elementor-button-text\">Pa\u0219aport<\/span>\n\t\t\t\t\t<\/span>\n\t\t\t\t\t<\/a>\n\t\t\t\t<\/div>\n\t\t\t\t\t\t\t\t<\/div>\n\t\t\t\t<\/div>\n\t\t\t\t<div class=\"elementor-element elementor-element-f328901 elementor-align-center elementor-widget elementor-widget-button\" data-id=\"f328901\" data-element_type=\"widget\" data-e-type=\"widget\" data-widget_type=\"button.default\">\n\t\t\t\t<div class=\"elementor-widget-container\">\n\t\t\t\t\t\t\t\t\t<div class=\"elementor-button-wrapper\">\n\t\t\t\t\t<a target=\"_blank\" rel=\"nofollow\" href=\"https:\/\/tehnoformat.md\/goto\/https:\/\/cdn.wl-russia.ru\/download\/wilo54629.pdf\" class=\"elementor-button elementor-button-link elementor-size-sm\" >\n\t\t\t\t\t\t<span class=\"elementor-button-content-wrapper\">\n\t\t\t\t\t\t\t\t\t<span class=\"elementor-button-text\">Catalog<\/span>\n\t\t\t\t\t<\/span>\n\t\t\t\t\t<\/a>\n\t\t\t\t<\/div>\n\t\t\t\t\t\t\t\t<\/div>\n\t\t\t\t<\/div>\n\t\t\t\t<\/div>\n\t\t\t\t\t<\/div>\n\t\t\t\t<\/div>\n\t\t<div class=\"elementor-element elementor-element-4f95874 e-flex e-con-boxed e-con e-parent\" data-id=\"4f95874\" data-element_type=\"container\" data-e-type=\"container\">\n\t\t\t\t\t<div class=\"e-con-inner\">\n\t\t\t\t<div class=\"elementor-element elementor-element-44dd725 elementor-widget elementor-widget-text-editor\" data-id=\"44dd725\" data-element_type=\"widget\" data-e-type=\"widget\" data-widget_type=\"text-editor.default\">\n\t\t\t\t<div class=\"elementor-widget-container\">\n\t\t\t\t\t\t\t\t\t<p><strong>Scop:<\/strong> Pompa de circula\u021bie <strong>Wilo Yonos PICO 1.0<\/strong> extrem de eficient\u0103 cu sistem de control electronic este proiectat\u0103 pentru utilizarea \u00een sistemele de \u00eenc\u0103lzire \u0219i aer condi\u021bionat. Aceast\u0103 pomp\u0103 nu necesit\u0103 \u00eentre\u021binere \u0219i are o conexiune filetat\u0103, un motor cu comuta\u021bie electronic\u0103 cu protec\u021bie la blocare \u0219i control electronic al puterii \u00eencorporat, permi\u021b\u00e2nd controlul lin al presiunii diferen\u021biale. <\/p><p><strong>Particularit\u0103\u021bi:<\/strong><\/p><ul><li>Posibilitate de selectare a modului de control \u00een func\u021bie de tipul de sistem: calorifer sau \u00eenc\u0103lzire \u00een pardoseal\u0103.<\/li><li>Pompa asigur\u0103 o func\u021bionare stabil\u0103 \u0219i eficient\u0103 \u00een orice condi\u021bii de \u00eenc\u0103lzire \u0219i aer condi\u021bionat.<\/li><\/ul>\t\t\t\t\t\t\t\t<\/div>\n\t\t\t\t<\/div>\n\t\t\t\t\t<\/div>\n\t\t\t\t<\/div>\n\t\t<div class=\"elementor-element elementor-element-05a1a55 e-flex e-con-boxed e-con e-parent\" data-id=\"05a1a55\" data-element_type=\"container\" data-e-type=\"container\">\n\t\t\t\t\t<div class=\"e-con-inner\">\n\t\t<div class=\"elementor-element elementor-element-fa461c9 e-con-full e-flex e-con e-child\" data-id=\"fa461c9\" data-element_type=\"container\" data-e-type=\"container\">\n\t\t\t\t<div class=\"elementor-element elementor-element-8f20fa5 elementor-widget elementor-widget-text-editor\" data-id=\"8f20fa5\" data-element_type=\"widget\" data-e-type=\"widget\" data-widget_type=\"text-editor.default\">\n\t\t\t\t<div class=\"elementor-widget-container\">\n\t\t\t\t\t\t\t\t\t<p><strong>Caracteristici distinctive ale pompei Wilo Yonos PICO 1.0:<\/strong><\/p><ul><li>Lungimea corpului pompei redus\u0103.<\/li><li>Rotor umed pentru o func\u021bionare mai silen\u021bioas\u0103.<\/li><li>Motor electric cu rezisten\u021b\u0103 la curen\u021bi de blocare \u0219i protec\u021bie \u00eencorporat\u0103.<\/li><li>Func\u021bie de eliberare automat\u0103 pentru a preveni oprirea lucrului.<\/li><li>Filtru de particule mici \u00eencorporat pentru a proteja \u00eempotriva impurit\u0103\u021bilor.<\/li><li>Instalare rapid\u0103 \u0219i u\u0219oar\u0103 datorit\u0103 designului compact.<\/li><li>Posibilitate de preselec\u021bie a modului de control pentru func\u021bionarea optim\u0103 a sistemului.<\/li><li><strong>Buton de control verde<\/strong> pentru u\u0219urin\u021b\u0103 de punere \u00een func\u021biune \u0219i \u00eentre\u021binere.<\/li><li>Eficien\u021b\u0103 energetic\u0103 ridicat\u0103, care reduce consumul de energie electric\u0103.<\/li><li>Indica\u021bie LED a presiunii \u0219i a puterii curente \u00een wa\u021bi.<\/li><li>Indicarea erorilor \u0219i a mesajelor de eroare.<\/li><li>Func\u021bia de eliminare a aerului din cavitatea pompei at\u00e2t \u00een \u200b\u200bmodul automat c\u00e2t \u0219i manual.<\/li><li>Conexiune electric\u0103 simpl\u0103 folosind Wilo-Connector.<\/li><li>Corpul este din font\u0103 gri (EN-GJL-200).<\/li><li>Rotor din material sintetic (PP cu 40% fibr\u0103 de sticl\u0103).<\/li><li>Arborele este din o\u021bel inoxidabil, rulmen\u021bii sunt din metal-grafit.<\/li><\/ul>\t\t\t\t\t\t\t\t<\/div>\n\t\t\t\t<\/div>\n\t\t\t\t<\/div>\n\t\t<div class=\"elementor-element elementor-element-1607dbd e-con-full e-flex e-con e-child\" data-id=\"1607dbd\" data-element_type=\"container\" data-e-type=\"container\">\n\t\t\t\t<div class=\"elementor-element elementor-element-7676714 elementor-widget elementor-widget-image\" data-id=\"7676714\" data-element_type=\"widget\" data-e-type=\"widget\" data-widget_type=\"image.default\">\n\t\t\t\t<div class=\"elementor-widget-container\">\n\t\t\t\t\t\t\t\t\t\t\t\t\t\t\t<img fetchpriority=\"high\" decoding=\"async\" width=\"1000\" height=\"1000\" src=\"https:\/\/tehnoformat.md\/wp-content\/uploads\/2024\/09\/wilo-yonos-pico1.jpg\" class=\"attachment-large size-large wp-image-22143\" alt=\"\" srcset=\"https:\/\/tehnoformat.md\/wp-content\/uploads\/2024\/09\/wilo-yonos-pico1.jpg 1000w, https:\/\/tehnoformat.md\/wp-content\/uploads\/2024\/09\/wilo-yonos-pico1-300x300.jpg 300w, https:\/\/tehnoformat.md\/wp-content\/uploads\/2024\/09\/wilo-yonos-pico1-250x250.jpg 250w, https:\/\/tehnoformat.md\/wp-content\/uploads\/2024\/09\/wilo-yonos-pico1-768x768.jpg 768w, https:\/\/tehnoformat.md\/wp-content\/uploads\/2024\/09\/wilo-yonos-pico1-180x180.jpg 180w, https:\/\/tehnoformat.md\/wp-content\/uploads\/2024\/09\/wilo-yonos-pico1-400x400.jpg 400w, https:\/\/tehnoformat.md\/wp-content\/uploads\/2024\/09\/wilo-yonos-pico1-100x100.jpg 100w, https:\/\/tehnoformat.md\/wp-content\/uploads\/2024\/09\/wilo-yonos-pico1-54x54.jpg 54w, https:\/\/tehnoformat.md\/wp-content\/uploads\/2024\/09\/wilo-yonos-pico1-310x310.jpg 310w, https:\/\/tehnoformat.md\/wp-content\/uploads\/2024\/09\/wilo-yonos-pico1-80x80.jpg 80w\" sizes=\"(max-width: 1000px) 100vw, 1000px\" \/>\t\t\t\t\t\t\t\t\t\t\t\t\t\t\t<\/div>\n\t\t\t\t<\/div>\n\t\t\t\t<\/div>\n\t\t\t\t\t<\/div>\n\t\t\t\t<\/div>\n\t\t<div class=\"elementor-element elementor-element-9ea4444 e-flex e-con-boxed e-con e-parent\" data-id=\"9ea4444\" data-element_type=\"container\" data-e-type=\"container\">\n\t\t\t\t\t<div class=\"e-con-inner\">\n\t\t\t\t<div class=\"elementor-element elementor-element-a765119 elementor-widget elementor-widget-image\" data-id=\"a765119\" data-element_type=\"widget\" data-e-type=\"widget\" data-widget_type=\"image.default\">\n\t\t\t\t<div class=\"elementor-widget-container\">\n\t\t\t\t\t\t\t\t\t\t\t\t\t\t\t<img decoding=\"async\" width=\"720\" height=\"328\" src=\"https:\/\/tehnoformat.md\/wp-content\/uploads\/2024\/09\/wilo-yonos-pico2.jpg\" class=\"attachment-large size-large wp-image-22144\" alt=\"\" srcset=\"https:\/\/tehnoformat.md\/wp-content\/uploads\/2024\/09\/wilo-yonos-pico2.jpg 720w, https:\/\/tehnoformat.md\/wp-content\/uploads\/2024\/09\/wilo-yonos-pico2-300x137.jpg 300w\" sizes=\"(max-width: 720px) 100vw, 720px\" \/>\t\t\t\t\t\t\t\t\t\t\t\t\t\t\t<\/div>\n\t\t\t\t<\/div>\n\t\t\t\t\t<\/div>\n\t\t\t\t<\/div>\n\t\t<div class=\"elementor-element elementor-element-3093eb7 e-flex e-con-boxed e-con e-parent\" data-id=\"3093eb7\" data-element_type=\"container\" data-e-type=\"container\">\n\t\t\t\t\t<div class=\"e-con-inner\">\n\t\t\t\t<div class=\"elementor-element elementor-element-556072c elementor-widget elementor-widget-text-editor\" data-id=\"556072c\" data-element_type=\"widget\" data-e-type=\"widget\" data-widget_type=\"text-editor.default\">\n\t\t\t\t<div class=\"elementor-widget-container\">\n\t\t\t\t\t\t\t\t\t<p>Modul de control poate fi selectat \u00een func\u021bie de tipul sistemului de \u00eenc\u0103lzire: cu calorifere\/prin pardoseal\u0103.<\/p>\t\t\t\t\t\t\t\t<\/div>\n\t\t\t\t<\/div>\n\t\t\t\t\t<\/div>\n\t\t\t\t<\/div>\n\t\t\t\t<\/div>\n\t\t","protected":false},"excerpt":{"rendered":"<p>Pa\u0219aport Catalog Scop: Pompa de circula\u021bie Wilo Yonos PICO 1.0 extrem de eficient\u0103 cu sistem de control electronic este proiectat\u0103 pentru utilizarea \u00een sistemele de \u00eenc\u0103lzire \u0219i aer condi\u021bionat. Aceast\u0103 pomp\u0103 nu necesit\u0103 \u00eentre\u021binere \u0219i are o conexiune filetat\u0103, un motor cu comuta\u021bie electronic\u0103 cu protec\u021bie la blocare \u0219i control electronic al puterii \u00eencorporat, permi\u021b\u00e2nd [&hellip;]<\/p>\n","protected":false},"featured_media":22143,"comment_status":"closed","ping_status":"open","template":"","meta":[],"product_brand":[],"product_cat":[814],"product_tag":[991,1026,1028],"class_list":{"0":"post-23209","1":"product","2":"type-product","3":"status-publish","4":"has-post-thumbnail","6":"product_cat-circulatie","7":"product_tag-pompa-de-circulatie-ro","8":"product_tag-wilo-ro","9":"product_tag-yonos-pico-ro","10":"ts_product_brand-wilo-ro","12":"first","13":"instock","14":"sale","15":"shipping-taxable","16":"purchasable","17":"product-type-simple","18":"add-to-wishlist-after_add_to_cart"},"yoast_head":"<!-- This site is optimized with the Yoast SEO plugin v27.1.1 - https:\/\/yoast.com\/product\/yoast-seo-wordpress\/ -->\n<title>Wilo Yonos PICO 25\/8-180mm - Tehnoformat<\/title>\n<meta name=\"robots\" content=\"index, follow, max-snippet:-1, max-image-preview:large, max-video-preview:-1\" \/>\n<link rel=\"canonical\" href=\"https:\/\/tehnoformat.md\/ro\/produs\/wilo-yonos-pico-25-8-180mm\/\" \/>\n<meta property=\"og:locale\" content=\"ro_RO\" \/>\n<meta property=\"og:type\" content=\"article\" \/>\n<meta property=\"og:title\" content=\"Wilo Yonos PICO 25\/8-180mm - Tehnoformat\" \/>\n<meta property=\"og:description\" content=\"Pa\u0219aport Catalog Scop: Pompa de circula\u021bie Wilo Yonos PICO 1.0 extrem de eficient\u0103 cu sistem de control electronic este proiectat\u0103 pentru utilizarea \u00een sistemele de \u00eenc\u0103lzire \u0219i aer condi\u021bionat. Aceast\u0103 pomp\u0103 nu necesit\u0103 \u00eentre\u021binere \u0219i are o conexiune filetat\u0103, un motor cu comuta\u021bie electronic\u0103 cu protec\u021bie la blocare \u0219i control electronic al puterii \u00eencorporat, permi\u021b\u00e2nd [&hellip;]\" \/>\n<meta property=\"og:url\" content=\"https:\/\/tehnoformat.md\/ro\/produs\/wilo-yonos-pico-25-8-180mm\/\" \/>\n<meta property=\"og:site_name\" content=\"Tehnoformat\" \/>\n<meta property=\"article:publisher\" content=\"https:\/\/www.facebook.com\/formatterm\" \/>\n<meta property=\"article:modified_time\" content=\"2026-02-11T09:42:41+00:00\" \/>\n<meta property=\"og:image\" content=\"https:\/\/tehnoformat.md\/wp-content\/uploads\/2024\/09\/wilo-yonos-pico1.jpg\" \/>\n\t<meta property=\"og:image:width\" content=\"1000\" \/>\n\t<meta property=\"og:image:height\" content=\"1000\" \/>\n\t<meta property=\"og:image:type\" content=\"image\/jpeg\" \/>\n<meta name=\"twitter:card\" content=\"summary_large_image\" \/>\n<meta name=\"twitter:label1\" content=\"Timp estimat pentru citire\" \/>\n\t<meta name=\"twitter:data1\" content=\"3 minute\" \/>\n<script type=\"application\/ld+json\" class=\"yoast-schema-graph\">{\"@context\":\"https:\/\/schema.org\",\"@graph\":[{\"@type\":\"WebPage\",\"@id\":\"https:\/\/tehnoformat.md\/ro\/produs\/wilo-yonos-pico-25-8-180mm\/\",\"url\":\"https:\/\/tehnoformat.md\/ro\/produs\/wilo-yonos-pico-25-8-180mm\/\",\"name\":\"Wilo Yonos PICO 25\/8-180mm - Tehnoformat\",\"isPartOf\":{\"@id\":\"https:\/\/tehnoformat.md\/ro\/#website\"},\"primaryImageOfPage\":{\"@id\":\"https:\/\/tehnoformat.md\/ro\/produs\/wilo-yonos-pico-25-8-180mm\/#primaryimage\"},\"image\":{\"@id\":\"https:\/\/tehnoformat.md\/ro\/produs\/wilo-yonos-pico-25-8-180mm\/#primaryimage\"},\"thumbnailUrl\":\"https:\/\/tehnoformat.md\/wp-content\/uploads\/2024\/09\/wilo-yonos-pico1.jpg\",\"datePublished\":\"2024-12-16T06:54:22+00:00\",\"dateModified\":\"2026-02-11T09:42:41+00:00\",\"breadcrumb\":{\"@id\":\"https:\/\/tehnoformat.md\/ro\/produs\/wilo-yonos-pico-25-8-180mm\/#breadcrumb\"},\"inLanguage\":\"ro-RO\",\"potentialAction\":[{\"@type\":\"ReadAction\",\"target\":[\"https:\/\/tehnoformat.md\/ro\/produs\/wilo-yonos-pico-25-8-180mm\/\"]}]},{\"@type\":\"ImageObject\",\"inLanguage\":\"ro-RO\",\"@id\":\"https:\/\/tehnoformat.md\/ro\/produs\/wilo-yonos-pico-25-8-180mm\/#primaryimage\",\"url\":\"https:\/\/tehnoformat.md\/wp-content\/uploads\/2024\/09\/wilo-yonos-pico1.jpg\",\"contentUrl\":\"https:\/\/tehnoformat.md\/wp-content\/uploads\/2024\/09\/wilo-yonos-pico1.jpg\",\"width\":1000,\"height\":1000},{\"@type\":\"BreadcrumbList\",\"@id\":\"https:\/\/tehnoformat.md\/ro\/produs\/wilo-yonos-pico-25-8-180mm\/#breadcrumb\",\"itemListElement\":[{\"@type\":\"ListItem\",\"position\":1,\"name\":\"Pagina principal\u0103\",\"item\":\"https:\/\/tehnoformat.md\/ro\/\"},{\"@type\":\"ListItem\",\"position\":2,\"name\":\"Magazin\",\"item\":\"https:\/\/tehnoformat.md\/ro\/shop\/\"},{\"@type\":\"ListItem\",\"position\":3,\"name\":\"Wilo Yonos PICO 25\/8-180mm\"}]},{\"@type\":\"WebSite\",\"@id\":\"https:\/\/tehnoformat.md\/ro\/#website\",\"url\":\"https:\/\/tehnoformat.md\/ro\/\",\"name\":\"Tehnoformat.md\",\"description\":\"\",\"publisher\":{\"@id\":\"https:\/\/tehnoformat.md\/ro\/#organization\"},\"potentialAction\":[{\"@type\":\"SearchAction\",\"target\":{\"@type\":\"EntryPoint\",\"urlTemplate\":\"https:\/\/tehnoformat.md\/ro\/?s={search_term_string}\"},\"query-input\":{\"@type\":\"PropertyValueSpecification\",\"valueRequired\":true,\"valueName\":\"search_term_string\"}}],\"inLanguage\":\"ro-RO\"},{\"@type\":\"Organization\",\"@id\":\"https:\/\/tehnoformat.md\/ro\/#organization\",\"name\":\"Tehnoformat\",\"url\":\"https:\/\/tehnoformat.md\/ro\/\",\"logo\":{\"@type\":\"ImageObject\",\"inLanguage\":\"ro-RO\",\"@id\":\"https:\/\/tehnoformat.md\/ro\/#\/schema\/logo\/image\/\",\"url\":\"https:\/\/tehnoformat.md\/wp-content\/uploads\/2024\/10\/icon1.png\",\"contentUrl\":\"https:\/\/tehnoformat.md\/wp-content\/uploads\/2024\/10\/icon1.png\",\"width\":512,\"height\":512,\"caption\":\"Tehnoformat\"},\"image\":{\"@id\":\"https:\/\/tehnoformat.md\/ro\/#\/schema\/logo\/image\/\"},\"sameAs\":[\"https:\/\/www.facebook.com\/formatterm\",\"https:\/\/www.instagram.com\/tehnoformat.md\/\"]}]}<\/script>\n<!-- \/ Yoast SEO plugin. -->","yoast_head_json":{"title":"Wilo Yonos PICO 25\/8-180mm - Tehnoformat","robots":{"index":"index","follow":"follow","max-snippet":"max-snippet:-1","max-image-preview":"max-image-preview:large","max-video-preview":"max-video-preview:-1"},"canonical":"https:\/\/tehnoformat.md\/ro\/produs\/wilo-yonos-pico-25-8-180mm\/","og_locale":"ro_RO","og_type":"article","og_title":"Wilo Yonos PICO 25\/8-180mm - Tehnoformat","og_description":"Pa\u0219aport Catalog Scop: Pompa de circula\u021bie Wilo Yonos PICO 1.0 extrem de eficient\u0103 cu sistem de control electronic este proiectat\u0103 pentru utilizarea \u00een sistemele de \u00eenc\u0103lzire \u0219i aer condi\u021bionat. Aceast\u0103 pomp\u0103 nu necesit\u0103 \u00eentre\u021binere \u0219i are o conexiune filetat\u0103, un motor cu comuta\u021bie electronic\u0103 cu protec\u021bie la blocare \u0219i control electronic al puterii \u00eencorporat, permi\u021b\u00e2nd [&hellip;]","og_url":"https:\/\/tehnoformat.md\/ro\/produs\/wilo-yonos-pico-25-8-180mm\/","og_site_name":"Tehnoformat","article_publisher":"https:\/\/www.facebook.com\/formatterm","article_modified_time":"2026-02-11T09:42:41+00:00","og_image":[{"width":1000,"height":1000,"url":"https:\/\/tehnoformat.md\/wp-content\/uploads\/2024\/09\/wilo-yonos-pico1.jpg","type":"image\/jpeg"}],"twitter_card":"summary_large_image","twitter_misc":{"Timp estimat pentru citire":"3 minute"},"schema":{"@context":"https:\/\/schema.org","@graph":[{"@type":"WebPage","@id":"https:\/\/tehnoformat.md\/ro\/produs\/wilo-yonos-pico-25-8-180mm\/","url":"https:\/\/tehnoformat.md\/ro\/produs\/wilo-yonos-pico-25-8-180mm\/","name":"Wilo Yonos PICO 25\/8-180mm - Tehnoformat","isPartOf":{"@id":"https:\/\/tehnoformat.md\/ro\/#website"},"primaryImageOfPage":{"@id":"https:\/\/tehnoformat.md\/ro\/produs\/wilo-yonos-pico-25-8-180mm\/#primaryimage"},"image":{"@id":"https:\/\/tehnoformat.md\/ro\/produs\/wilo-yonos-pico-25-8-180mm\/#primaryimage"},"thumbnailUrl":"https:\/\/tehnoformat.md\/wp-content\/uploads\/2024\/09\/wilo-yonos-pico1.jpg","datePublished":"2024-12-16T06:54:22+00:00","dateModified":"2026-02-11T09:42:41+00:00","breadcrumb":{"@id":"https:\/\/tehnoformat.md\/ro\/produs\/wilo-yonos-pico-25-8-180mm\/#breadcrumb"},"inLanguage":"ro-RO","potentialAction":[{"@type":"ReadAction","target":["https:\/\/tehnoformat.md\/ro\/produs\/wilo-yonos-pico-25-8-180mm\/"]}]},{"@type":"ImageObject","inLanguage":"ro-RO","@id":"https:\/\/tehnoformat.md\/ro\/produs\/wilo-yonos-pico-25-8-180mm\/#primaryimage","url":"https:\/\/tehnoformat.md\/wp-content\/uploads\/2024\/09\/wilo-yonos-pico1.jpg","contentUrl":"https:\/\/tehnoformat.md\/wp-content\/uploads\/2024\/09\/wilo-yonos-pico1.jpg","width":1000,"height":1000},{"@type":"BreadcrumbList","@id":"https:\/\/tehnoformat.md\/ro\/produs\/wilo-yonos-pico-25-8-180mm\/#breadcrumb","itemListElement":[{"@type":"ListItem","position":1,"name":"Pagina principal\u0103","item":"https:\/\/tehnoformat.md\/ro\/"},{"@type":"ListItem","position":2,"name":"Magazin","item":"https:\/\/tehnoformat.md\/ro\/shop\/"},{"@type":"ListItem","position":3,"name":"Wilo Yonos PICO 25\/8-180mm"}]},{"@type":"WebSite","@id":"https:\/\/tehnoformat.md\/ro\/#website","url":"https:\/\/tehnoformat.md\/ro\/","name":"Tehnoformat.md","description":"","publisher":{"@id":"https:\/\/tehnoformat.md\/ro\/#organization"},"potentialAction":[{"@type":"SearchAction","target":{"@type":"EntryPoint","urlTemplate":"https:\/\/tehnoformat.md\/ro\/?s={search_term_string}"},"query-input":{"@type":"PropertyValueSpecification","valueRequired":true,"valueName":"search_term_string"}}],"inLanguage":"ro-RO"},{"@type":"Organization","@id":"https:\/\/tehnoformat.md\/ro\/#organization","name":"Tehnoformat","url":"https:\/\/tehnoformat.md\/ro\/","logo":{"@type":"ImageObject","inLanguage":"ro-RO","@id":"https:\/\/tehnoformat.md\/ro\/#\/schema\/logo\/image\/","url":"https:\/\/tehnoformat.md\/wp-content\/uploads\/2024\/10\/icon1.png","contentUrl":"https:\/\/tehnoformat.md\/wp-content\/uploads\/2024\/10\/icon1.png","width":512,"height":512,"caption":"Tehnoformat"},"image":{"@id":"https:\/\/tehnoformat.md\/ro\/#\/schema\/logo\/image\/"},"sameAs":["https:\/\/www.facebook.com\/formatterm","https:\/\/www.instagram.com\/tehnoformat.md\/"]}]}},"_links":{"self":[{"href":"https:\/\/tehnoformat.md\/ro\/wp-json\/wp\/v2\/product\/23209","targetHints":{"allow":["GET"]}}],"collection":[{"href":"https:\/\/tehnoformat.md\/ro\/wp-json\/wp\/v2\/product"}],"about":[{"href":"https:\/\/tehnoformat.md\/ro\/wp-json\/wp\/v2\/types\/product"}],"replies":[{"embeddable":true,"href":"https:\/\/tehnoformat.md\/ro\/wp-json\/wp\/v2\/comments?post=23209"}],"version-history":[{"count":2,"href":"https:\/\/tehnoformat.md\/ro\/wp-json\/wp\/v2\/product\/23209\/revisions"}],"predecessor-version":[{"id":23211,"href":"https:\/\/tehnoformat.md\/ro\/wp-json\/wp\/v2\/product\/23209\/revisions\/23211"}],"wp:featuredmedia":[{"embeddable":true,"href":"https:\/\/tehnoformat.md\/ro\/wp-json\/wp\/v2\/media\/22143"}],"wp:attachment":[{"href":"https:\/\/tehnoformat.md\/ro\/wp-json\/wp\/v2\/media?parent=23209"}],"wp:term":[{"taxonomy":"product_brand","embeddable":true,"href":"https:\/\/tehnoformat.md\/ro\/wp-json\/wp\/v2\/product_brand?post=23209"},{"taxonomy":"product_cat","embeddable":true,"href":"https:\/\/tehnoformat.md\/ro\/wp-json\/wp\/v2\/product_cat?post=23209"},{"taxonomy":"product_tag","embeddable":true,"href":"https:\/\/tehnoformat.md\/ro\/wp-json\/wp\/v2\/product_tag?post=23209"}],"curies":[{"name":"wp","href":"https:\/\/api.w.org\/{rel}","templated":true}]}}