{"id":23205,"date":"2024-12-16T10:20:09","date_gmt":"2024-12-16T07:20:09","guid":{"rendered":"https:\/\/tehnoformat.md\/product\/wilo-yonos-para-25-6-130mm\/"},"modified":"2026-02-11T12:41:58","modified_gmt":"2026-02-11T09:41:58","slug":"wilo-yonos-para-25-6-130mm","status":"publish","type":"product","link":"https:\/\/tehnoformat.md\/ro\/produs\/wilo-yonos-para-25-6-130mm\/","title":{"rendered":"Wilo Yonos PARA 25\/6-130mm"},"content":{"rendered":"\t\t<div data-elementor-type=\"product-post\" data-elementor-id=\"23205\" class=\"elementor elementor-23205 elementor-19480\">\n\t\t\t\t<div class=\"elementor-element elementor-element-b4fda65 e-flex e-con-boxed e-con e-parent\" data-id=\"b4fda65\" data-element_type=\"container\" data-e-type=\"container\">\n\t\t\t\t\t<div class=\"e-con-inner\">\n\t\t\t\t<div class=\"elementor-element elementor-element-edbdef1 elementor-align-center elementor-widget elementor-widget-button\" data-id=\"edbdef1\" data-element_type=\"widget\" data-e-type=\"widget\" data-widget_type=\"button.default\">\n\t\t\t\t<div class=\"elementor-widget-container\">\n\t\t\t\t\t\t\t\t\t<div class=\"elementor-button-wrapper\">\n\t\t\t\t\t<a target=\"_blank\" rel=\"nofollow\" href=\"https:\/\/tehnoformat.md\/goto\/https:\/\/cdn.wl-russia.ru\/download\/wilo54629.pdf\" class=\"elementor-button elementor-button-link elementor-size-sm\" >\n\t\t\t\t\t\t<span class=\"elementor-button-content-wrapper\">\n\t\t\t\t\t\t\t\t\t<span class=\"elementor-button-text\">Catalog<\/span>\n\t\t\t\t\t<\/span>\n\t\t\t\t\t<\/a>\n\t\t\t\t<\/div>\n\t\t\t\t\t\t\t\t<\/div>\n\t\t\t\t<\/div>\n\t\t\t\t\t<\/div>\n\t\t\t\t<\/div>\n\t\t<div class=\"elementor-element elementor-element-1376534 e-flex e-con-boxed e-con e-parent\" data-id=\"1376534\" data-element_type=\"container\" data-e-type=\"container\">\n\t\t\t\t\t<div class=\"e-con-inner\">\n\t\t\t\t<div class=\"elementor-element elementor-element-caeb1e5 elementor-widget elementor-widget-text-editor\" data-id=\"caeb1e5\" data-element_type=\"widget\" data-e-type=\"widget\" data-widget_type=\"text-editor.default\">\n\t\t\t\t<div class=\"elementor-widget-container\">\n\t\t\t\t\t\t\t\t\t<h4><strong>Wilo Yonos PARA 25\/6-130mm<\/strong><\/h4><p>Pompa de circula\u021bie <strong>Wilo Yonos PARA 25\/6-130mm<\/strong> este o solu\u021bie eficient\u0103 \u0219i fiabil\u0103 pentru sistemele de \u00eenc\u0103lzire \u0219i aer condi\u021bionat. Asigur\u0103 debitul optim de ap\u0103 \u00een instala\u021bii, combin\u00e2nd performan\u021ba ridicat\u0103 cu un consum redus de energie. <\/p><h5><strong>Caracteristici \u0219i func\u021bii<\/strong><\/h5><ul><li><strong>Eficien\u021b\u0103 energetic\u0103 ridicat\u0103<\/strong>: Cu un motor cu magnet permanent \u0219i tehnologia de control al presiunii diferen\u021biale, pompa consum\u0103 mai pu\u021bin\u0103 energie, rezult\u00e2nd economii pe termen lung.<\/li><li><strong>Adaptare automat\u0103 a sistemului<\/strong>: Func\u021bia de reglare automat\u0103 permite pompei s\u0103 se adapteze la cerin\u021bele specifice ale sistemului, optimiz\u00e2nd func\u021bionarea \u0219i reduc\u00e2nd uzura componentelor.<\/li><li><strong>Func\u021bionare silen\u021bioas\u0103<\/strong>: Proiectat pentru niveluri minime de zgomot, asigur\u00e2nd confort chiar \u0219i \u00een zonele reziden\u021biale.<\/li><li><strong>Design compact \u0219i instalare u\u0219oar\u0103<\/strong>: Dimensiunile mici \u0219i conexiunile standard faciliteaz\u0103 instalarea rapid\u0103 \u0219i u\u0219oar\u0103 \u00een diferite tipuri de sisteme.<\/li><li><strong>Indicator LED intuitiv<\/strong>: Afi\u0219ajul LED v\u0103 permite s\u0103 monitoriza\u021bi cu u\u0219urin\u021b\u0103 modul de func\u021bionare \u0219i set\u0103rile curente ale pompei.<\/li><li><strong>Protec\u021bie la suprasarcin\u0103<\/strong>: pompa este echipat\u0103 cu elemente de siguran\u021b\u0103 pentru a preveni deteriorarea cauzat\u0103 de supratensiuni sau alte defec\u021biuni electrice.<\/li><li><strong>Durabilitate \u0219i fiabilitate<\/strong>: Materialele de \u00eenalt\u0103 calitate \u0219i construc\u021bia robust\u0103 asigur\u0103 o durat\u0103 lung\u0103 de via\u021b\u0103 \u0219i o performan\u021b\u0103 stabil\u0103.<\/li><\/ul><p>Pompa de circula\u021bie <strong>Wilo Yonos PARA 25\/6-130mm<\/strong> este ideal\u0103 pentru cei care doresc s\u0103-\u0219i sporeasc\u0103 eficien\u021ba sistemului de \u00eenc\u0103lzire \u0219i s\u0103 ob\u021bin\u0103 echipamente fiabile \u0219i u\u0219or de utilizat.<\/p><p><img fetchpriority=\"high\" decoding=\"async\" class=\"aligncenter size-full wp-image-19490\" src=\"https:\/\/tehnoformat.md\/wp-content\/uploads\/2024\/12\/wilo-yonos-para-256-130mm4.jpg\" alt=\"\" width=\"1000\" height=\"1000\" srcset=\"https:\/\/tehnoformat.md\/wp-content\/uploads\/2024\/12\/wilo-yonos-para-256-130mm4.jpg 1000w, https:\/\/tehnoformat.md\/wp-content\/uploads\/2024\/12\/wilo-yonos-para-256-130mm4-300x300.jpg 300w, https:\/\/tehnoformat.md\/wp-content\/uploads\/2024\/12\/wilo-yonos-para-256-130mm4-250x250.jpg 250w, https:\/\/tehnoformat.md\/wp-content\/uploads\/2024\/12\/wilo-yonos-para-256-130mm4-768x768.jpg 768w, https:\/\/tehnoformat.md\/wp-content\/uploads\/2024\/12\/wilo-yonos-para-256-130mm4-180x180.jpg 180w, https:\/\/tehnoformat.md\/wp-content\/uploads\/2024\/12\/wilo-yonos-para-256-130mm4-400x400.jpg 400w, https:\/\/tehnoformat.md\/wp-content\/uploads\/2024\/12\/wilo-yonos-para-256-130mm4-100x100.jpg 100w, https:\/\/tehnoformat.md\/wp-content\/uploads\/2024\/12\/wilo-yonos-para-256-130mm4-54x54.jpg 54w, https:\/\/tehnoformat.md\/wp-content\/uploads\/2024\/12\/wilo-yonos-para-256-130mm4-310x310.jpg 310w, https:\/\/tehnoformat.md\/wp-content\/uploads\/2024\/12\/wilo-yonos-para-256-130mm4-80x80.jpg 80w\" sizes=\"(max-width: 1000px) 100vw, 1000px\" \/><\/p>\t\t\t\t\t\t\t\t<\/div>\n\t\t\t\t<\/div>\n\t\t\t\t\t<\/div>\n\t\t\t\t<\/div>\n\t\t\t\t<\/div>\n\t\t","protected":false},"excerpt":{"rendered":"<p>Catalog Wilo Yonos PARA 25\/6-130mm Pompa de circula\u021bie Wilo Yonos PARA 25\/6-130mm este o solu\u021bie eficient\u0103 \u0219i fiabil\u0103 pentru sistemele de \u00eenc\u0103lzire \u0219i aer condi\u021bionat. Asigur\u0103 debitul optim de ap\u0103 \u00een instala\u021bii, combin\u00e2nd performan\u021ba ridicat\u0103 cu un consum redus de energie. Caracteristici \u0219i func\u021bii Eficien\u021b\u0103 energetic\u0103 ridicat\u0103: Cu un motor cu magnet permanent \u0219i tehnologia [&hellip;]<\/p>\n","protected":false},"featured_media":22909,"comment_status":"closed","ping_status":"open","template":"","meta":[],"product_brand":[],"product_cat":[814],"product_tag":[991,1026,1028],"class_list":{"0":"post-23205","1":"product","2":"type-product","3":"status-publish","4":"has-post-thumbnail","6":"product_cat-circulatie","7":"product_tag-pompa-de-circulatie-ro","8":"product_tag-wilo-ro","9":"product_tag-yonos-pico-ro","10":"ts_product_brand-wilo-ro","12":"first","13":"instock","14":"sale","15":"shipping-taxable","16":"purchasable","17":"product-type-simple","18":"add-to-wishlist-after_add_to_cart"},"yoast_head":"<!-- This site is optimized with the Yoast SEO plugin v27.1.1 - https:\/\/yoast.com\/product\/yoast-seo-wordpress\/ -->\n<title>Wilo Yonos PARA 25\/6-130mm - Tehnoformat<\/title>\n<meta name=\"robots\" content=\"index, follow, max-snippet:-1, max-image-preview:large, max-video-preview:-1\" \/>\n<link rel=\"canonical\" href=\"https:\/\/tehnoformat.md\/ro\/produs\/wilo-yonos-para-25-6-130mm\/\" \/>\n<meta property=\"og:locale\" content=\"ro_RO\" \/>\n<meta property=\"og:type\" content=\"article\" \/>\n<meta property=\"og:title\" content=\"Wilo Yonos PARA 25\/6-130mm - Tehnoformat\" \/>\n<meta property=\"og:description\" content=\"Catalog Wilo Yonos PARA 25\/6-130mm Pompa de circula\u021bie Wilo Yonos PARA 25\/6-130mm este o solu\u021bie eficient\u0103 \u0219i fiabil\u0103 pentru sistemele de \u00eenc\u0103lzire \u0219i aer condi\u021bionat. Asigur\u0103 debitul optim de ap\u0103 \u00een instala\u021bii, combin\u00e2nd performan\u021ba ridicat\u0103 cu un consum redus de energie. Caracteristici \u0219i func\u021bii Eficien\u021b\u0103 energetic\u0103 ridicat\u0103: Cu un motor cu magnet permanent \u0219i tehnologia [&hellip;]\" \/>\n<meta property=\"og:url\" content=\"https:\/\/tehnoformat.md\/ro\/produs\/wilo-yonos-para-25-6-130mm\/\" \/>\n<meta property=\"og:site_name\" content=\"Tehnoformat\" \/>\n<meta property=\"article:publisher\" content=\"https:\/\/www.facebook.com\/formatterm\" \/>\n<meta property=\"article:modified_time\" content=\"2026-02-11T09:41:58+00:00\" \/>\n<meta property=\"og:image\" content=\"https:\/\/tehnoformat.md\/wp-content\/uploads\/2024\/12\/wilo-yonos-para-256-130mm.jpg\" \/>\n\t<meta property=\"og:image:width\" content=\"1000\" \/>\n\t<meta property=\"og:image:height\" content=\"1000\" \/>\n\t<meta property=\"og:image:type\" content=\"image\/jpeg\" \/>\n<meta name=\"twitter:card\" content=\"summary_large_image\" \/>\n<meta name=\"twitter:label1\" content=\"Timp estimat pentru citire\" \/>\n\t<meta name=\"twitter:data1\" content=\"1 minut\" \/>\n<script type=\"application\/ld+json\" class=\"yoast-schema-graph\">{\"@context\":\"https:\/\/schema.org\",\"@graph\":[{\"@type\":\"WebPage\",\"@id\":\"https:\/\/tehnoformat.md\/ro\/produs\/wilo-yonos-para-25-6-130mm\/\",\"url\":\"https:\/\/tehnoformat.md\/ro\/produs\/wilo-yonos-para-25-6-130mm\/\",\"name\":\"Wilo Yonos PARA 25\/6-130mm - Tehnoformat\",\"isPartOf\":{\"@id\":\"https:\/\/tehnoformat.md\/ro\/#website\"},\"primaryImageOfPage\":{\"@id\":\"https:\/\/tehnoformat.md\/ro\/produs\/wilo-yonos-para-25-6-130mm\/#primaryimage\"},\"image\":{\"@id\":\"https:\/\/tehnoformat.md\/ro\/produs\/wilo-yonos-para-25-6-130mm\/#primaryimage\"},\"thumbnailUrl\":\"https:\/\/tehnoformat.md\/wp-content\/uploads\/2024\/12\/wilo-yonos-para-256-130mm.jpg\",\"datePublished\":\"2024-12-16T07:20:09+00:00\",\"dateModified\":\"2026-02-11T09:41:58+00:00\",\"breadcrumb\":{\"@id\":\"https:\/\/tehnoformat.md\/ro\/produs\/wilo-yonos-para-25-6-130mm\/#breadcrumb\"},\"inLanguage\":\"ro-RO\",\"potentialAction\":[{\"@type\":\"ReadAction\",\"target\":[\"https:\/\/tehnoformat.md\/ro\/produs\/wilo-yonos-para-25-6-130mm\/\"]}]},{\"@type\":\"ImageObject\",\"inLanguage\":\"ro-RO\",\"@id\":\"https:\/\/tehnoformat.md\/ro\/produs\/wilo-yonos-para-25-6-130mm\/#primaryimage\",\"url\":\"https:\/\/tehnoformat.md\/wp-content\/uploads\/2024\/12\/wilo-yonos-para-256-130mm.jpg\",\"contentUrl\":\"https:\/\/tehnoformat.md\/wp-content\/uploads\/2024\/12\/wilo-yonos-para-256-130mm.jpg\",\"width\":1000,\"height\":1000},{\"@type\":\"BreadcrumbList\",\"@id\":\"https:\/\/tehnoformat.md\/ro\/produs\/wilo-yonos-para-25-6-130mm\/#breadcrumb\",\"itemListElement\":[{\"@type\":\"ListItem\",\"position\":1,\"name\":\"Pagina principal\u0103\",\"item\":\"https:\/\/tehnoformat.md\/ro\/\"},{\"@type\":\"ListItem\",\"position\":2,\"name\":\"Magazin\",\"item\":\"https:\/\/tehnoformat.md\/ro\/shop\/\"},{\"@type\":\"ListItem\",\"position\":3,\"name\":\"Wilo Yonos PARA 25\/6-130mm\"}]},{\"@type\":\"WebSite\",\"@id\":\"https:\/\/tehnoformat.md\/ro\/#website\",\"url\":\"https:\/\/tehnoformat.md\/ro\/\",\"name\":\"Tehnoformat.md\",\"description\":\"\",\"publisher\":{\"@id\":\"https:\/\/tehnoformat.md\/ro\/#organization\"},\"potentialAction\":[{\"@type\":\"SearchAction\",\"target\":{\"@type\":\"EntryPoint\",\"urlTemplate\":\"https:\/\/tehnoformat.md\/ro\/?s={search_term_string}\"},\"query-input\":{\"@type\":\"PropertyValueSpecification\",\"valueRequired\":true,\"valueName\":\"search_term_string\"}}],\"inLanguage\":\"ro-RO\"},{\"@type\":\"Organization\",\"@id\":\"https:\/\/tehnoformat.md\/ro\/#organization\",\"name\":\"Tehnoformat\",\"url\":\"https:\/\/tehnoformat.md\/ro\/\",\"logo\":{\"@type\":\"ImageObject\",\"inLanguage\":\"ro-RO\",\"@id\":\"https:\/\/tehnoformat.md\/ro\/#\/schema\/logo\/image\/\",\"url\":\"https:\/\/tehnoformat.md\/wp-content\/uploads\/2024\/10\/icon1.png\",\"contentUrl\":\"https:\/\/tehnoformat.md\/wp-content\/uploads\/2024\/10\/icon1.png\",\"width\":512,\"height\":512,\"caption\":\"Tehnoformat\"},\"image\":{\"@id\":\"https:\/\/tehnoformat.md\/ro\/#\/schema\/logo\/image\/\"},\"sameAs\":[\"https:\/\/www.facebook.com\/formatterm\",\"https:\/\/www.instagram.com\/tehnoformat.md\/\"]}]}<\/script>\n<!-- \/ Yoast SEO plugin. -->","yoast_head_json":{"title":"Wilo Yonos PARA 25\/6-130mm - Tehnoformat","robots":{"index":"index","follow":"follow","max-snippet":"max-snippet:-1","max-image-preview":"max-image-preview:large","max-video-preview":"max-video-preview:-1"},"canonical":"https:\/\/tehnoformat.md\/ro\/produs\/wilo-yonos-para-25-6-130mm\/","og_locale":"ro_RO","og_type":"article","og_title":"Wilo Yonos PARA 25\/6-130mm - Tehnoformat","og_description":"Catalog Wilo Yonos PARA 25\/6-130mm Pompa de circula\u021bie Wilo Yonos PARA 25\/6-130mm este o solu\u021bie eficient\u0103 \u0219i fiabil\u0103 pentru sistemele de \u00eenc\u0103lzire \u0219i aer condi\u021bionat. Asigur\u0103 debitul optim de ap\u0103 \u00een instala\u021bii, combin\u00e2nd performan\u021ba ridicat\u0103 cu un consum redus de energie. Caracteristici \u0219i func\u021bii Eficien\u021b\u0103 energetic\u0103 ridicat\u0103: Cu un motor cu magnet permanent \u0219i tehnologia [&hellip;]","og_url":"https:\/\/tehnoformat.md\/ro\/produs\/wilo-yonos-para-25-6-130mm\/","og_site_name":"Tehnoformat","article_publisher":"https:\/\/www.facebook.com\/formatterm","article_modified_time":"2026-02-11T09:41:58+00:00","og_image":[{"width":1000,"height":1000,"url":"https:\/\/tehnoformat.md\/wp-content\/uploads\/2024\/12\/wilo-yonos-para-256-130mm.jpg","type":"image\/jpeg"}],"twitter_card":"summary_large_image","twitter_misc":{"Timp estimat pentru citire":"1 minut"},"schema":{"@context":"https:\/\/schema.org","@graph":[{"@type":"WebPage","@id":"https:\/\/tehnoformat.md\/ro\/produs\/wilo-yonos-para-25-6-130mm\/","url":"https:\/\/tehnoformat.md\/ro\/produs\/wilo-yonos-para-25-6-130mm\/","name":"Wilo Yonos PARA 25\/6-130mm - Tehnoformat","isPartOf":{"@id":"https:\/\/tehnoformat.md\/ro\/#website"},"primaryImageOfPage":{"@id":"https:\/\/tehnoformat.md\/ro\/produs\/wilo-yonos-para-25-6-130mm\/#primaryimage"},"image":{"@id":"https:\/\/tehnoformat.md\/ro\/produs\/wilo-yonos-para-25-6-130mm\/#primaryimage"},"thumbnailUrl":"https:\/\/tehnoformat.md\/wp-content\/uploads\/2024\/12\/wilo-yonos-para-256-130mm.jpg","datePublished":"2024-12-16T07:20:09+00:00","dateModified":"2026-02-11T09:41:58+00:00","breadcrumb":{"@id":"https:\/\/tehnoformat.md\/ro\/produs\/wilo-yonos-para-25-6-130mm\/#breadcrumb"},"inLanguage":"ro-RO","potentialAction":[{"@type":"ReadAction","target":["https:\/\/tehnoformat.md\/ro\/produs\/wilo-yonos-para-25-6-130mm\/"]}]},{"@type":"ImageObject","inLanguage":"ro-RO","@id":"https:\/\/tehnoformat.md\/ro\/produs\/wilo-yonos-para-25-6-130mm\/#primaryimage","url":"https:\/\/tehnoformat.md\/wp-content\/uploads\/2024\/12\/wilo-yonos-para-256-130mm.jpg","contentUrl":"https:\/\/tehnoformat.md\/wp-content\/uploads\/2024\/12\/wilo-yonos-para-256-130mm.jpg","width":1000,"height":1000},{"@type":"BreadcrumbList","@id":"https:\/\/tehnoformat.md\/ro\/produs\/wilo-yonos-para-25-6-130mm\/#breadcrumb","itemListElement":[{"@type":"ListItem","position":1,"name":"Pagina principal\u0103","item":"https:\/\/tehnoformat.md\/ro\/"},{"@type":"ListItem","position":2,"name":"Magazin","item":"https:\/\/tehnoformat.md\/ro\/shop\/"},{"@type":"ListItem","position":3,"name":"Wilo Yonos PARA 25\/6-130mm"}]},{"@type":"WebSite","@id":"https:\/\/tehnoformat.md\/ro\/#website","url":"https:\/\/tehnoformat.md\/ro\/","name":"Tehnoformat.md","description":"","publisher":{"@id":"https:\/\/tehnoformat.md\/ro\/#organization"},"potentialAction":[{"@type":"SearchAction","target":{"@type":"EntryPoint","urlTemplate":"https:\/\/tehnoformat.md\/ro\/?s={search_term_string}"},"query-input":{"@type":"PropertyValueSpecification","valueRequired":true,"valueName":"search_term_string"}}],"inLanguage":"ro-RO"},{"@type":"Organization","@id":"https:\/\/tehnoformat.md\/ro\/#organization","name":"Tehnoformat","url":"https:\/\/tehnoformat.md\/ro\/","logo":{"@type":"ImageObject","inLanguage":"ro-RO","@id":"https:\/\/tehnoformat.md\/ro\/#\/schema\/logo\/image\/","url":"https:\/\/tehnoformat.md\/wp-content\/uploads\/2024\/10\/icon1.png","contentUrl":"https:\/\/tehnoformat.md\/wp-content\/uploads\/2024\/10\/icon1.png","width":512,"height":512,"caption":"Tehnoformat"},"image":{"@id":"https:\/\/tehnoformat.md\/ro\/#\/schema\/logo\/image\/"},"sameAs":["https:\/\/www.facebook.com\/formatterm","https:\/\/www.instagram.com\/tehnoformat.md\/"]}]}},"_links":{"self":[{"href":"https:\/\/tehnoformat.md\/ro\/wp-json\/wp\/v2\/product\/23205","targetHints":{"allow":["GET"]}}],"collection":[{"href":"https:\/\/tehnoformat.md\/ro\/wp-json\/wp\/v2\/product"}],"about":[{"href":"https:\/\/tehnoformat.md\/ro\/wp-json\/wp\/v2\/types\/product"}],"replies":[{"embeddable":true,"href":"https:\/\/tehnoformat.md\/ro\/wp-json\/wp\/v2\/comments?post=23205"}],"version-history":[{"count":1,"href":"https:\/\/tehnoformat.md\/ro\/wp-json\/wp\/v2\/product\/23205\/revisions"}],"predecessor-version":[{"id":23206,"href":"https:\/\/tehnoformat.md\/ro\/wp-json\/wp\/v2\/product\/23205\/revisions\/23206"}],"wp:featuredmedia":[{"embeddable":true,"href":"https:\/\/tehnoformat.md\/ro\/wp-json\/wp\/v2\/media\/22909"}],"wp:attachment":[{"href":"https:\/\/tehnoformat.md\/ro\/wp-json\/wp\/v2\/media?parent=23205"}],"wp:term":[{"taxonomy":"product_brand","embeddable":true,"href":"https:\/\/tehnoformat.md\/ro\/wp-json\/wp\/v2\/product_brand?post=23205"},{"taxonomy":"product_cat","embeddable":true,"href":"https:\/\/tehnoformat.md\/ro\/wp-json\/wp\/v2\/product_cat?post=23205"},{"taxonomy":"product_tag","embeddable":true,"href":"https:\/\/tehnoformat.md\/ro\/wp-json\/wp\/v2\/product_tag?post=23205"}],"curies":[{"name":"wp","href":"https:\/\/api.w.org\/{rel}","templated":true}]}}