{"id":23194,"date":"2024-12-17T09:53:35","date_gmt":"2024-12-17T06:53:35","guid":{"rendered":"https:\/\/tehnoformat.md\/product\/circulatingpumps-cp60-2-25-180mm\/"},"modified":"2025-04-16T10:18:22","modified_gmt":"2025-04-16T07:18:22","slug":"circulatingpumps-cp60-2-25-180mm","status":"publish","type":"product","link":"https:\/\/tehnoformat.md\/ro\/produs\/circulatingpumps-cp60-2-25-180mm\/","title":{"rendered":"CirculatingPumps CP60.2-25-180mm"},"content":{"rendered":"\t\t<div data-elementor-type=\"product-post\" data-elementor-id=\"23194\" class=\"elementor elementor-23194 elementor-19513\">\n\t\t\t\t<div class=\"elementor-element elementor-element-b4fda65 e-flex e-con-boxed e-con e-parent\" data-id=\"b4fda65\" data-element_type=\"container\" data-e-type=\"container\">\n\t\t\t\t\t<div class=\"e-con-inner\">\n\t\t\t\t<div class=\"elementor-element elementor-element-edbdef1 elementor-align-center elementor-widget elementor-widget-button\" data-id=\"edbdef1\" data-element_type=\"widget\" data-e-type=\"widget\" data-widget_type=\"button.default\">\n\t\t\t\t<div class=\"elementor-widget-container\">\n\t\t\t\t\t\t\t\t\t<div class=\"elementor-button-wrapper\">\n\t\t\t\t\t<a target=\"_blank\" rel=\"nofollow\" href=\"https:\/\/tehnoformat.md\/goto\/https:\/\/www.uk-plumbing.com\/wp-content\/uploads\/CP50Pump-1.pdf\" class=\"elementor-button elementor-button-link elementor-size-sm\" >\n\t\t\t\t\t\t<span class=\"elementor-button-content-wrapper\">\n\t\t\t\t\t\t\t\t\t<span class=\"elementor-button-text\">Pa\u0219aport<\/span>\n\t\t\t\t\t<\/span>\n\t\t\t\t\t<\/a>\n\t\t\t\t<\/div>\n\t\t\t\t\t\t\t\t<\/div>\n\t\t\t\t<\/div>\n\t\t\t\t\t<\/div>\n\t\t\t\t<\/div>\n\t\t<div class=\"elementor-element elementor-element-1376534 e-flex e-con-boxed e-con e-parent\" data-id=\"1376534\" data-element_type=\"container\" data-e-type=\"container\">\n\t\t\t\t\t<div class=\"e-con-inner\">\n\t\t\t\t<div class=\"elementor-element elementor-element-caeb1e5 elementor-widget elementor-widget-text-editor\" data-id=\"caeb1e5\" data-element_type=\"widget\" data-e-type=\"widget\" data-widget_type=\"text-editor.default\">\n\t\t\t\t<div class=\"elementor-widget-container\">\n\t\t\t\t\t\t\t\t\t<p><strong><img fetchpriority=\"high\" decoding=\"async\" class=\"alignright wp-image-19506\" src=\"https:\/\/tehnoformat.md\/wp-content\/uploads\/2024\/12\/circulatingpumps-cp601.jpg\" alt=\"\" width=\"700\" height=\"700\" srcset=\"https:\/\/tehnoformat.md\/wp-content\/uploads\/2024\/12\/circulatingpumps-cp601.jpg 1000w, https:\/\/tehnoformat.md\/wp-content\/uploads\/2024\/12\/circulatingpumps-cp601-300x300.jpg 300w, https:\/\/tehnoformat.md\/wp-content\/uploads\/2024\/12\/circulatingpumps-cp601-250x250.jpg 250w, https:\/\/tehnoformat.md\/wp-content\/uploads\/2024\/12\/circulatingpumps-cp601-768x768.jpg 768w, https:\/\/tehnoformat.md\/wp-content\/uploads\/2024\/12\/circulatingpumps-cp601-180x180.jpg 180w, https:\/\/tehnoformat.md\/wp-content\/uploads\/2024\/12\/circulatingpumps-cp601-400x400.jpg 400w, https:\/\/tehnoformat.md\/wp-content\/uploads\/2024\/12\/circulatingpumps-cp601-100x100.jpg 100w, https:\/\/tehnoformat.md\/wp-content\/uploads\/2024\/12\/circulatingpumps-cp601-54x54.jpg 54w, https:\/\/tehnoformat.md\/wp-content\/uploads\/2024\/12\/circulatingpumps-cp601-310x310.jpg 310w, https:\/\/tehnoformat.md\/wp-content\/uploads\/2024\/12\/circulatingpumps-cp601-80x80.jpg 80w\" sizes=\"(max-width: 700px) 100vw, 700px\" \/>Pompa de circula\u021bie pentru \u00eenc\u0103lzire central\u0103<\/strong> CP60 este o unitate avansat\u0103 cu o \u00een\u0103l\u021bime de ridicare de p\u00e2n\u0103 la 6 metri, conceput\u0103 pentru a asigura eficien\u021ba maxim\u0103 pentru sistemul dumneavoastr\u0103. Aceast\u0103 pomp\u0103 cu un singur cap este echipat\u0103 cu caracteristici moderne, ceea ce o face alegerea ideal\u0103 pentru solu\u021bii moderne eficiente din punct de vedere energetic. <\/p><p>Designul inovator al pompei \u00eei permite s\u0103 fie utilizat \u00een diverse sisteme precum sisteme de alimentare cu ap\u0103 cald\u0103, \u00eenc\u0103lzire prin pardoseal\u0103 \u0219i aer condi\u021bionat, oferind versatilitate \u0219i adaptabilitate la diferite nevoi.<\/p><p>Pompa asigur\u0103 o \u00een\u0103l\u021bime de ridicare de p\u00e2n\u0103 la 6 metri \u0219i func\u021bioneaz\u0103 cu lichid \u00eentr-un interval de temperatur\u0103 de la -10\u00b0C la +95\u00b0C. Este prevazut cu racorduri filetate BSP M de 1\u00bd&#8221; \u0219i o distan\u021b\u0103 \u00eentre centru de 180 mm. <\/p><p>Modelul dispune de un mod de control \u0394p-v (presiune diferen\u021bial\u0103 variabil\u0103), care se adapteaz\u0103 automat la condi\u021biile de presiune \u00een schimbare, asigur\u00e2nd performan\u021be optime. Pentru o flexibilitate suplimentar\u0103, utilizatorii pot selecta dintre trei set\u0103ri fixe de vitez\u0103 pentru a personaliza performan\u021ba pompei pentru a se potrivi aplica\u021biilor specifice. <\/p><p>Motorul electric bazat pe tehnologia EC nu numai c\u0103 asigur\u0103 o func\u021bionare fiabil\u0103 \u0219i puternic\u0103, dar \u0219i reduce semnificativ consumul de energie. Pompa respect\u0103 cele mai recente standarde de eficien\u021b\u0103 energetic\u0103 ErP (Energy-related Products), ceea ce o face o solu\u021bie ecologic\u0103 \u0219i rentabil\u0103. <\/p><p>Sistemul de control electronic integrat \u00eembun\u0103t\u0103\u021be\u0219te eficien\u021ba general\u0103 a unit\u0103\u021bii prin controlul inteligent al func\u021bion\u0103rii.<\/p><p>Pentru u\u0219urin\u021b\u0103 \u00een utilizare, pompa este echipat\u0103 cu un indicator LED care afi\u0219eaz\u0103 starea de func\u021bionare \u0219i v\u0103 permite s\u0103 controla\u021bi cu u\u0219urin\u021b\u0103 procesul. Acest lucru asigur\u0103 integrarea u\u0219oar\u0103 a pompei \u00een sistemele de \u00eenc\u0103lzire \u0219i r\u0103cire. <\/p><p>Supapele motorizate compatibile \u0219i conexiunile pompelor sunt, de asemenea, disponibile pentru func\u021bionalitate extins\u0103.<\/p><h5>Avantaje<\/h5><ul><li>Eficien\u021b\u0103 ridicat\u0103 \u0219i consum redus de energie<\/li><li>\u00cen\u0103l\u021bimea maxim\u0103 de ridicare &#8211; 6 metri<\/li><li>Respectarea standardului de eficien\u021b\u0103 energetic\u0103 ErP 2015<\/li><li>Racorduri filetate 1\u00bd&#8221; BSP M<\/li><li>Distan\u021ba la centru &#8211; 180 mm<\/li><li>Moduri de control reglabile<\/li><li>Sistem electronic de control al puterii \u00eencorporat<\/li><li>Func\u021bioneaz\u0103 dintr-o re\u021bea standard de 230 V, 50 Hz<\/li><li>Interval de temperatur\u0103 de func\u021bionare: de la -10\u00b0C la +95\u00b0C<\/li><\/ul>\t\t\t\t\t\t\t\t<\/div>\n\t\t\t\t<\/div>\n\t\t\t\t\t<\/div>\n\t\t\t\t<\/div>\n\t\t\t\t<\/div>\n\t\t","protected":false},"excerpt":{"rendered":"<p>Pa\u0219aport Pompa de circula\u021bie pentru \u00eenc\u0103lzire central\u0103 CP60 este o unitate avansat\u0103 cu o \u00een\u0103l\u021bime de ridicare de p\u00e2n\u0103 la 6 metri, conceput\u0103 pentru a asigura eficien\u021ba maxim\u0103 pentru sistemul dumneavoastr\u0103. Aceast\u0103 pomp\u0103 cu un singur cap este echipat\u0103 cu caracteristici moderne, ceea ce o face alegerea ideal\u0103 pentru solu\u021bii moderne eficiente din punct de [&hellip;]<\/p>\n","protected":false},"featured_media":22913,"comment_status":"closed","ping_status":"open","template":"","meta":[],"product_brand":[],"product_cat":[814],"product_tag":[932,914,991,1026,1028],"class_list":{"0":"post-23194","1":"product","2":"type-product","3":"status-publish","4":"has-post-thumbnail","6":"product_cat-circulatie","7":"product_tag-circulatingpumps-ro","8":"product_tag-cp60-ro","9":"product_tag-pompa-de-circulatie-ro","10":"product_tag-wilo-ro","11":"product_tag-yonos-pico-ro","12":"ts_product_brand-circulatingpumps-ro","14":"first","15":"instock","16":"sale","17":"shipping-taxable","18":"purchasable","19":"product-type-simple","20":"add-to-wishlist-after_add_to_cart"},"yoast_head":"<!-- This site is optimized with the Yoast SEO plugin v27.1.1 - https:\/\/yoast.com\/product\/yoast-seo-wordpress\/ -->\n<title>CirculatingPumps CP60.2-25-180mm - Tehnoformat<\/title>\n<meta name=\"robots\" content=\"index, follow, max-snippet:-1, max-image-preview:large, max-video-preview:-1\" \/>\n<link rel=\"canonical\" href=\"https:\/\/tehnoformat.md\/ro\/produs\/circulatingpumps-cp60-2-25-180mm\/\" \/>\n<meta property=\"og:locale\" content=\"ro_RO\" \/>\n<meta property=\"og:type\" content=\"article\" \/>\n<meta property=\"og:title\" content=\"CirculatingPumps CP60.2-25-180mm - Tehnoformat\" \/>\n<meta property=\"og:description\" content=\"Pa\u0219aport Pompa de circula\u021bie pentru \u00eenc\u0103lzire central\u0103 CP60 este o unitate avansat\u0103 cu o \u00een\u0103l\u021bime de ridicare de p\u00e2n\u0103 la 6 metri, conceput\u0103 pentru a asigura eficien\u021ba maxim\u0103 pentru sistemul dumneavoastr\u0103. Aceast\u0103 pomp\u0103 cu un singur cap este echipat\u0103 cu caracteristici moderne, ceea ce o face alegerea ideal\u0103 pentru solu\u021bii moderne eficiente din punct de [&hellip;]\" \/>\n<meta property=\"og:url\" content=\"https:\/\/tehnoformat.md\/ro\/produs\/circulatingpumps-cp60-2-25-180mm\/\" \/>\n<meta property=\"og:site_name\" content=\"Tehnoformat\" \/>\n<meta property=\"article:publisher\" content=\"https:\/\/www.facebook.com\/formatterm\" \/>\n<meta property=\"article:modified_time\" content=\"2025-04-16T07:18:22+00:00\" \/>\n<meta property=\"og:image\" content=\"https:\/\/tehnoformat.md\/wp-content\/uploads\/2024\/12\/circulatingpumps-cp60.2-25-130mm.jpg\" \/>\n\t<meta property=\"og:image:width\" content=\"1000\" \/>\n\t<meta property=\"og:image:height\" content=\"1000\" \/>\n\t<meta property=\"og:image:type\" content=\"image\/jpeg\" \/>\n<meta name=\"twitter:card\" content=\"summary_large_image\" \/>\n<meta name=\"twitter:label1\" content=\"Timp estimat pentru citire\" \/>\n\t<meta name=\"twitter:data1\" content=\"3 minute\" \/>\n<script type=\"application\/ld+json\" class=\"yoast-schema-graph\">{\"@context\":\"https:\/\/schema.org\",\"@graph\":[{\"@type\":\"WebPage\",\"@id\":\"https:\/\/tehnoformat.md\/ro\/produs\/circulatingpumps-cp60-2-25-180mm\/\",\"url\":\"https:\/\/tehnoformat.md\/ro\/produs\/circulatingpumps-cp60-2-25-180mm\/\",\"name\":\"CirculatingPumps CP60.2-25-180mm - Tehnoformat\",\"isPartOf\":{\"@id\":\"https:\/\/tehnoformat.md\/ro\/#website\"},\"primaryImageOfPage\":{\"@id\":\"https:\/\/tehnoformat.md\/ro\/produs\/circulatingpumps-cp60-2-25-180mm\/#primaryimage\"},\"image\":{\"@id\":\"https:\/\/tehnoformat.md\/ro\/produs\/circulatingpumps-cp60-2-25-180mm\/#primaryimage\"},\"thumbnailUrl\":\"https:\/\/tehnoformat.md\/wp-content\/uploads\/2024\/12\/circulatingpumps-cp60.2-25-130mm.jpg\",\"datePublished\":\"2024-12-17T06:53:35+00:00\",\"dateModified\":\"2025-04-16T07:18:22+00:00\",\"breadcrumb\":{\"@id\":\"https:\/\/tehnoformat.md\/ro\/produs\/circulatingpumps-cp60-2-25-180mm\/#breadcrumb\"},\"inLanguage\":\"ro-RO\",\"potentialAction\":[{\"@type\":\"ReadAction\",\"target\":[\"https:\/\/tehnoformat.md\/ro\/produs\/circulatingpumps-cp60-2-25-180mm\/\"]}]},{\"@type\":\"ImageObject\",\"inLanguage\":\"ro-RO\",\"@id\":\"https:\/\/tehnoformat.md\/ro\/produs\/circulatingpumps-cp60-2-25-180mm\/#primaryimage\",\"url\":\"https:\/\/tehnoformat.md\/wp-content\/uploads\/2024\/12\/circulatingpumps-cp60.2-25-130mm.jpg\",\"contentUrl\":\"https:\/\/tehnoformat.md\/wp-content\/uploads\/2024\/12\/circulatingpumps-cp60.2-25-130mm.jpg\",\"width\":1000,\"height\":1000},{\"@type\":\"BreadcrumbList\",\"@id\":\"https:\/\/tehnoformat.md\/ro\/produs\/circulatingpumps-cp60-2-25-180mm\/#breadcrumb\",\"itemListElement\":[{\"@type\":\"ListItem\",\"position\":1,\"name\":\"Pagina principal\u0103\",\"item\":\"https:\/\/tehnoformat.md\/ro\/\"},{\"@type\":\"ListItem\",\"position\":2,\"name\":\"Magazin\",\"item\":\"https:\/\/tehnoformat.md\/ro\/shop\/\"},{\"@type\":\"ListItem\",\"position\":3,\"name\":\"CirculatingPumps CP60.2-25-180mm\"}]},{\"@type\":\"WebSite\",\"@id\":\"https:\/\/tehnoformat.md\/ro\/#website\",\"url\":\"https:\/\/tehnoformat.md\/ro\/\",\"name\":\"Tehnoformat.md\",\"description\":\"\",\"publisher\":{\"@id\":\"https:\/\/tehnoformat.md\/ro\/#organization\"},\"potentialAction\":[{\"@type\":\"SearchAction\",\"target\":{\"@type\":\"EntryPoint\",\"urlTemplate\":\"https:\/\/tehnoformat.md\/ro\/?s={search_term_string}\"},\"query-input\":{\"@type\":\"PropertyValueSpecification\",\"valueRequired\":true,\"valueName\":\"search_term_string\"}}],\"inLanguage\":\"ro-RO\"},{\"@type\":\"Organization\",\"@id\":\"https:\/\/tehnoformat.md\/ro\/#organization\",\"name\":\"Tehnoformat\",\"url\":\"https:\/\/tehnoformat.md\/ro\/\",\"logo\":{\"@type\":\"ImageObject\",\"inLanguage\":\"ro-RO\",\"@id\":\"https:\/\/tehnoformat.md\/ro\/#\/schema\/logo\/image\/\",\"url\":\"https:\/\/tehnoformat.md\/wp-content\/uploads\/2024\/10\/icon1.png\",\"contentUrl\":\"https:\/\/tehnoformat.md\/wp-content\/uploads\/2024\/10\/icon1.png\",\"width\":512,\"height\":512,\"caption\":\"Tehnoformat\"},\"image\":{\"@id\":\"https:\/\/tehnoformat.md\/ro\/#\/schema\/logo\/image\/\"},\"sameAs\":[\"https:\/\/www.facebook.com\/formatterm\",\"https:\/\/www.instagram.com\/tehnoformat.md\/\"]}]}<\/script>\n<!-- \/ Yoast SEO plugin. -->","yoast_head_json":{"title":"CirculatingPumps CP60.2-25-180mm - Tehnoformat","robots":{"index":"index","follow":"follow","max-snippet":"max-snippet:-1","max-image-preview":"max-image-preview:large","max-video-preview":"max-video-preview:-1"},"canonical":"https:\/\/tehnoformat.md\/ro\/produs\/circulatingpumps-cp60-2-25-180mm\/","og_locale":"ro_RO","og_type":"article","og_title":"CirculatingPumps CP60.2-25-180mm - Tehnoformat","og_description":"Pa\u0219aport Pompa de circula\u021bie pentru \u00eenc\u0103lzire central\u0103 CP60 este o unitate avansat\u0103 cu o \u00een\u0103l\u021bime de ridicare de p\u00e2n\u0103 la 6 metri, conceput\u0103 pentru a asigura eficien\u021ba maxim\u0103 pentru sistemul dumneavoastr\u0103. Aceast\u0103 pomp\u0103 cu un singur cap este echipat\u0103 cu caracteristici moderne, ceea ce o face alegerea ideal\u0103 pentru solu\u021bii moderne eficiente din punct de [&hellip;]","og_url":"https:\/\/tehnoformat.md\/ro\/produs\/circulatingpumps-cp60-2-25-180mm\/","og_site_name":"Tehnoformat","article_publisher":"https:\/\/www.facebook.com\/formatterm","article_modified_time":"2025-04-16T07:18:22+00:00","og_image":[{"width":1000,"height":1000,"url":"https:\/\/tehnoformat.md\/wp-content\/uploads\/2024\/12\/circulatingpumps-cp60.2-25-130mm.jpg","type":"image\/jpeg"}],"twitter_card":"summary_large_image","twitter_misc":{"Timp estimat pentru citire":"3 minute"},"schema":{"@context":"https:\/\/schema.org","@graph":[{"@type":"WebPage","@id":"https:\/\/tehnoformat.md\/ro\/produs\/circulatingpumps-cp60-2-25-180mm\/","url":"https:\/\/tehnoformat.md\/ro\/produs\/circulatingpumps-cp60-2-25-180mm\/","name":"CirculatingPumps CP60.2-25-180mm - Tehnoformat","isPartOf":{"@id":"https:\/\/tehnoformat.md\/ro\/#website"},"primaryImageOfPage":{"@id":"https:\/\/tehnoformat.md\/ro\/produs\/circulatingpumps-cp60-2-25-180mm\/#primaryimage"},"image":{"@id":"https:\/\/tehnoformat.md\/ro\/produs\/circulatingpumps-cp60-2-25-180mm\/#primaryimage"},"thumbnailUrl":"https:\/\/tehnoformat.md\/wp-content\/uploads\/2024\/12\/circulatingpumps-cp60.2-25-130mm.jpg","datePublished":"2024-12-17T06:53:35+00:00","dateModified":"2025-04-16T07:18:22+00:00","breadcrumb":{"@id":"https:\/\/tehnoformat.md\/ro\/produs\/circulatingpumps-cp60-2-25-180mm\/#breadcrumb"},"inLanguage":"ro-RO","potentialAction":[{"@type":"ReadAction","target":["https:\/\/tehnoformat.md\/ro\/produs\/circulatingpumps-cp60-2-25-180mm\/"]}]},{"@type":"ImageObject","inLanguage":"ro-RO","@id":"https:\/\/tehnoformat.md\/ro\/produs\/circulatingpumps-cp60-2-25-180mm\/#primaryimage","url":"https:\/\/tehnoformat.md\/wp-content\/uploads\/2024\/12\/circulatingpumps-cp60.2-25-130mm.jpg","contentUrl":"https:\/\/tehnoformat.md\/wp-content\/uploads\/2024\/12\/circulatingpumps-cp60.2-25-130mm.jpg","width":1000,"height":1000},{"@type":"BreadcrumbList","@id":"https:\/\/tehnoformat.md\/ro\/produs\/circulatingpumps-cp60-2-25-180mm\/#breadcrumb","itemListElement":[{"@type":"ListItem","position":1,"name":"Pagina principal\u0103","item":"https:\/\/tehnoformat.md\/ro\/"},{"@type":"ListItem","position":2,"name":"Magazin","item":"https:\/\/tehnoformat.md\/ro\/shop\/"},{"@type":"ListItem","position":3,"name":"CirculatingPumps CP60.2-25-180mm"}]},{"@type":"WebSite","@id":"https:\/\/tehnoformat.md\/ro\/#website","url":"https:\/\/tehnoformat.md\/ro\/","name":"Tehnoformat.md","description":"","publisher":{"@id":"https:\/\/tehnoformat.md\/ro\/#organization"},"potentialAction":[{"@type":"SearchAction","target":{"@type":"EntryPoint","urlTemplate":"https:\/\/tehnoformat.md\/ro\/?s={search_term_string}"},"query-input":{"@type":"PropertyValueSpecification","valueRequired":true,"valueName":"search_term_string"}}],"inLanguage":"ro-RO"},{"@type":"Organization","@id":"https:\/\/tehnoformat.md\/ro\/#organization","name":"Tehnoformat","url":"https:\/\/tehnoformat.md\/ro\/","logo":{"@type":"ImageObject","inLanguage":"ro-RO","@id":"https:\/\/tehnoformat.md\/ro\/#\/schema\/logo\/image\/","url":"https:\/\/tehnoformat.md\/wp-content\/uploads\/2024\/10\/icon1.png","contentUrl":"https:\/\/tehnoformat.md\/wp-content\/uploads\/2024\/10\/icon1.png","width":512,"height":512,"caption":"Tehnoformat"},"image":{"@id":"https:\/\/tehnoformat.md\/ro\/#\/schema\/logo\/image\/"},"sameAs":["https:\/\/www.facebook.com\/formatterm","https:\/\/www.instagram.com\/tehnoformat.md\/"]}]}},"_links":{"self":[{"href":"https:\/\/tehnoformat.md\/ro\/wp-json\/wp\/v2\/product\/23194","targetHints":{"allow":["GET"]}}],"collection":[{"href":"https:\/\/tehnoformat.md\/ro\/wp-json\/wp\/v2\/product"}],"about":[{"href":"https:\/\/tehnoformat.md\/ro\/wp-json\/wp\/v2\/types\/product"}],"replies":[{"embeddable":true,"href":"https:\/\/tehnoformat.md\/ro\/wp-json\/wp\/v2\/comments?post=23194"}],"version-history":[{"count":2,"href":"https:\/\/tehnoformat.md\/ro\/wp-json\/wp\/v2\/product\/23194\/revisions"}],"predecessor-version":[{"id":23196,"href":"https:\/\/tehnoformat.md\/ro\/wp-json\/wp\/v2\/product\/23194\/revisions\/23196"}],"wp:featuredmedia":[{"embeddable":true,"href":"https:\/\/tehnoformat.md\/ro\/wp-json\/wp\/v2\/media\/22913"}],"wp:attachment":[{"href":"https:\/\/tehnoformat.md\/ro\/wp-json\/wp\/v2\/media?parent=23194"}],"wp:term":[{"taxonomy":"product_brand","embeddable":true,"href":"https:\/\/tehnoformat.md\/ro\/wp-json\/wp\/v2\/product_brand?post=23194"},{"taxonomy":"product_cat","embeddable":true,"href":"https:\/\/tehnoformat.md\/ro\/wp-json\/wp\/v2\/product_cat?post=23194"},{"taxonomy":"product_tag","embeddable":true,"href":"https:\/\/tehnoformat.md\/ro\/wp-json\/wp\/v2\/product_tag?post=23194"}],"curies":[{"name":"wp","href":"https:\/\/api.w.org\/{rel}","templated":true}]}}