{"id":23168,"date":"2025-02-07T12:03:03","date_gmt":"2025-02-07T09:03:03","guid":{"rendered":"https:\/\/tehnoformat.md\/product\/juntek-tn-pu1020a\/"},"modified":"2026-02-11T12:40:13","modified_gmt":"2026-02-11T09:40:13","slug":"juntek-tn-pu1020a","status":"publish","type":"product","link":"https:\/\/tehnoformat.md\/ro\/produs\/juntek-tn-pu1020a\/","title":{"rendered":"Juntek TN-PU1020A"},"content":{"rendered":"\t\t<div data-elementor-type=\"product-post\" data-elementor-id=\"23168\" class=\"elementor elementor-23168 elementor-19656\">\n\t\t\t\t<div class=\"elementor-element elementor-element-f054b77 e-flex e-con-boxed e-con e-parent\" data-id=\"f054b77\" data-element_type=\"container\" data-e-type=\"container\">\n\t\t\t\t\t<div class=\"e-con-inner\">\n\t\t\t\t<div class=\"elementor-element elementor-element-b67bcf3 elementor-widget elementor-widget-text-editor\" data-id=\"b67bcf3\" data-element_type=\"widget\" data-e-type=\"widget\" data-widget_type=\"text-editor.default\">\n\t\t\t\t<div class=\"elementor-widget-container\">\n\t\t\t\t\t\t\t\t\t<div class=\"flex-shrink-0 flex flex-col relative items-end\"><div class=\"pt-0\"><div class=\"gizmo-bot-avatar flex h-8 w-8 items-center justify-center overflow-hidden rounded-full\"><div class=\"relative p-1 rounded-sm flex items-center justify-center bg-token-main-surface-primary text-token-text-primary h-8 w-8\"><p>\u00cenc\u0103lzitorul de ap\u0103 <strong>Juntek TN \u2014 PU1020A-02-XX NG<\/strong> este echipat cu o camer\u0103 de ardere deschis\u0103, iar aerul necesar procesului de ardere provine direct din \u00eenc\u0103pere.<\/p><p>Puterea aparatului este de 20 kW, ceea ce asigur\u0103 o capacitate de p\u00e2n\u0103 la 10 litri de ap\u0103 cald\u0103 pe minut. Utilizarea dispozitivului este extrem de simpl\u0103: cu o singur\u0103 atingere pute\u021bi seta temperatura dorit\u0103 a apei. Dup\u0103 oprire \u0219i repornire, \u00eenc\u0103lzitorul de ap\u0103 salveaz\u0103 automat \u0219i folose\u0219te parametrii seta\u021bi anterior. Datorit\u0103 microprocesorului \u00eencorporat, dispozitivul \u00ee\u0219i regleaz\u0103 \u00een mod independent caracteristicile de func\u021bionare \u00een func\u021bie de temperatura apei de intrare \u0219i de set\u0103rile utilizatorului, asigur\u00e2nd o temperatur\u0103 stabil\u0103 la ie\u0219ire. \u00cen plus, microprocesorul este responsabil pentru controlul aliment\u0103rii cu gaz.    <\/p><p>Boilerul se distinge prin calitatea ridicat\u0103 a construc\u021biei, designul modern \u0219i dimensiunile optime. Informa\u021biile despre func\u021bionarea dispozitivului sunt afi\u0219ate pe afi\u0219ajul \u00eencorporat, fiind u\u0219or de monitorizat \u0219i configurat. Aprinderea electronic\u0103 automat\u0103 face operarea \u0219i mai comod\u0103: doar deschide\u021bi robinetul de ap\u0103 cald\u0103 \u0219i aparatul va \u00eencepe s\u0103 func\u021bioneze imediat.  <\/p><p><img fetchpriority=\"high\" decoding=\"async\" class=\"aligncenter wp-image-19664\" src=\"https:\/\/tehnoformat.md\/wp-content\/uploads\/2025\/02\/juntek-tn4.jpg\" alt=\"\" width=\"1250\" height=\"773\" srcset=\"https:\/\/tehnoformat.md\/wp-content\/uploads\/2025\/02\/juntek-tn4.jpg 970w, https:\/\/tehnoformat.md\/wp-content\/uploads\/2025\/02\/juntek-tn4-300x186.jpg 300w, https:\/\/tehnoformat.md\/wp-content\/uploads\/2025\/02\/juntek-tn4-768x475.jpg 768w\" sizes=\"(max-width: 1250px) 100vw, 1250px\" \/><\/p><\/div><\/div><\/div><\/div>\t\t\t\t\t\t\t\t<\/div>\n\t\t\t\t<\/div>\n\t\t\t\t\t<\/div>\n\t\t\t\t<\/div>\n\t\t<div class=\"elementor-element elementor-element-d88f3b4 e-flex e-con-boxed e-con e-parent\" data-id=\"d88f3b4\" data-element_type=\"container\" data-e-type=\"container\">\n\t\t\t\t\t<div class=\"e-con-inner\">\n\t\t\t\t<div class=\"elementor-element elementor-element-fd2f03b elementor-widget elementor-widget-text-editor\" data-id=\"fd2f03b\" data-element_type=\"widget\" data-e-type=\"widget\" data-widget_type=\"text-editor.default\">\n\t\t\t\t<div class=\"elementor-widget-container\">\n\t\t\t\t\t\t\t\t\t<div class=\"flex-shrink-0 flex flex-col relative items-end\"><div class=\"pt-0\"><div class=\"gizmo-bot-avatar flex h-8 w-8 items-center justify-center overflow-hidden rounded-full\"><div class=\"relative p-1 rounded-sm flex items-center justify-center bg-token-main-surface-primary text-token-text-primary h-8 w-8\"><p>Acest model este echipat cu o func\u021bie pentru comutarea \u00eentre modurile \u201eIarn\u0103\u201d \u0219i \u201eVar\u0103\u201d. Acest lucru v\u0103 permite s\u0103 reduce\u021bi puterea \u00eenc\u0103lzitorului de ap\u0103 \u00een timpul sezonului cald, ceea ce reduce consumul de gaz \u0219i previne supra\u00eenc\u0103lzirea apei \u00een timpul verii. Presiunea minim\u0103 a apei pentru ca dispozitivul s\u0103 func\u021bioneze este de numai 0,3 bari, ceea ce o face deosebit de convenabil\u0103 pentru regiunile cu presiune sc\u0103zut\u0103 a apei.  <\/p><p>Siguran\u021ba \u00een func\u021bionare este asigurat\u0103 de sistemele electronice moderne care monitorizeaz\u0103 constant procesele de ardere a combustibilului, eliminarea gazelor de ardere \u0219i controlul presiunii apei.<\/p><p><strong>Boilerul poate fi configurat s\u0103 func\u021bioneze cu diferite tipuri de gaz. Dac\u0103 trebuie s\u0103 reconfigura\u021bi pentru gaz lichefiat, ne pute\u021bi contacta &#8211; vom fi bucuro\u0219i s\u0103 v\u0103 ajut\u0103m s\u0103 adapta\u021bi dispozitivul la nevoile dumneavoastr\u0103. <\/strong><\/p><\/div><\/div><\/div><\/div>\t\t\t\t\t\t\t\t<\/div>\n\t\t\t\t<\/div>\n\t\t\t\t\t<\/div>\n\t\t\t\t<\/div>\n\t\t\t\t<\/div>\n\t\t","protected":false},"excerpt":{"rendered":"<p>\u00cenc\u0103lzitorul de ap\u0103 Juntek TN \u2014 PU1020A-02-XX NG este echipat cu o camer\u0103 de ardere deschis\u0103, iar aerul necesar procesului de ardere provine direct din \u00eenc\u0103pere. Puterea aparatului este de 20 kW, ceea ce asigur\u0103 o capacitate de p\u00e2n\u0103 la 10 litri de ap\u0103 cald\u0103 pe minut. Utilizarea dispozitivului este extrem de simpl\u0103: cu o [&hellip;]<\/p>\n","protected":false},"featured_media":22947,"comment_status":"closed","ping_status":"open","template":"","meta":[],"product_brand":[],"product_cat":[787],"product_tag":[934,970,975],"class_list":{"0":"post-23168","1":"product","2":"type-product","3":"status-publish","4":"has-post-thumbnail","6":"product_cat-coloane-pe-gaz","7":"product_tag-coloana-de-gaz-ro","8":"product_tag-incalzitor-de-apa-pe-gaz-ro","9":"product_tag-juntek-ro","10":"ts_product_brand-juntek-ro","12":"first","13":"instock","14":"sale","15":"shipping-taxable","16":"purchasable","17":"product-type-simple","18":"add-to-wishlist-after_add_to_cart"},"yoast_head":"<!-- This site is optimized with the Yoast SEO plugin v27.3 - https:\/\/yoast.com\/product\/yoast-seo-wordpress\/ -->\n<title>Coloan\u0103 de gaz Juntek TN-PU1020A<\/title>\n<meta name=\"robots\" content=\"index, follow, max-snippet:-1, max-image-preview:large, max-video-preview:-1\" \/>\n<link rel=\"canonical\" href=\"https:\/\/tehnoformat.md\/ro\/produs\/juntek-tn-pu1020a\/\" \/>\n<meta property=\"og:locale\" content=\"ro_RO\" \/>\n<meta property=\"og:type\" content=\"article\" \/>\n<meta property=\"og:title\" content=\"Coloan\u0103 de gaz Juntek TN-PU1020A\" \/>\n<meta property=\"og:description\" content=\"\u00cenc\u0103lzitorul de ap\u0103 Juntek TN \u2014 PU1020A-02-XX NG este echipat cu o camer\u0103 de ardere deschis\u0103, iar aerul necesar procesului de ardere provine direct din \u00eenc\u0103pere. Puterea aparatului este de 20 kW, ceea ce asigur\u0103 o capacitate de p\u00e2n\u0103 la 10 litri de ap\u0103 cald\u0103 pe minut. Utilizarea dispozitivului este extrem de simpl\u0103: cu o [&hellip;]\" \/>\n<meta property=\"og:url\" content=\"https:\/\/tehnoformat.md\/ro\/produs\/juntek-tn-pu1020a\/\" \/>\n<meta property=\"og:site_name\" content=\"Tehnoformat\" \/>\n<meta property=\"article:publisher\" content=\"https:\/\/www.facebook.com\/formatterm\" \/>\n<meta property=\"article:modified_time\" content=\"2026-02-11T09:40:13+00:00\" \/>\n<meta property=\"og:image\" content=\"https:\/\/tehnoformat.md\/wp-content\/uploads\/2025\/02\/juntek-tn-1.jpg\" \/>\n\t<meta property=\"og:image:width\" content=\"1000\" \/>\n\t<meta property=\"og:image:height\" content=\"1000\" \/>\n\t<meta property=\"og:image:type\" content=\"image\/jpeg\" \/>\n<meta name=\"twitter:card\" content=\"summary_large_image\" \/>\n<meta name=\"twitter:label1\" content=\"Timp estimat pentru citire\" \/>\n\t<meta name=\"twitter:data1\" content=\"2 minute\" \/>\n<script type=\"application\/ld+json\" class=\"yoast-schema-graph\">{\"@context\":\"https:\\\/\\\/schema.org\",\"@graph\":[{\"@type\":\"WebPage\",\"@id\":\"https:\\\/\\\/tehnoformat.md\\\/ro\\\/produs\\\/juntek-tn-pu1020a\\\/\",\"url\":\"https:\\\/\\\/tehnoformat.md\\\/ro\\\/produs\\\/juntek-tn-pu1020a\\\/\",\"name\":\"Coloan\u0103 de gaz Juntek TN-PU1020A\",\"isPartOf\":{\"@id\":\"https:\\\/\\\/tehnoformat.md\\\/ro\\\/#website\"},\"primaryImageOfPage\":{\"@id\":\"https:\\\/\\\/tehnoformat.md\\\/ro\\\/produs\\\/juntek-tn-pu1020a\\\/#primaryimage\"},\"image\":{\"@id\":\"https:\\\/\\\/tehnoformat.md\\\/ro\\\/produs\\\/juntek-tn-pu1020a\\\/#primaryimage\"},\"thumbnailUrl\":\"https:\\\/\\\/tehnoformat.md\\\/wp-content\\\/uploads\\\/2025\\\/02\\\/juntek-tn-1.jpg\",\"datePublished\":\"2025-02-07T09:03:03+00:00\",\"dateModified\":\"2026-02-11T09:40:13+00:00\",\"breadcrumb\":{\"@id\":\"https:\\\/\\\/tehnoformat.md\\\/ro\\\/produs\\\/juntek-tn-pu1020a\\\/#breadcrumb\"},\"inLanguage\":\"ro-RO\",\"potentialAction\":[{\"@type\":\"ReadAction\",\"target\":[\"https:\\\/\\\/tehnoformat.md\\\/ro\\\/produs\\\/juntek-tn-pu1020a\\\/\"]}]},{\"@type\":\"ImageObject\",\"inLanguage\":\"ro-RO\",\"@id\":\"https:\\\/\\\/tehnoformat.md\\\/ro\\\/produs\\\/juntek-tn-pu1020a\\\/#primaryimage\",\"url\":\"https:\\\/\\\/tehnoformat.md\\\/wp-content\\\/uploads\\\/2025\\\/02\\\/juntek-tn-1.jpg\",\"contentUrl\":\"https:\\\/\\\/tehnoformat.md\\\/wp-content\\\/uploads\\\/2025\\\/02\\\/juntek-tn-1.jpg\",\"width\":1000,\"height\":1000},{\"@type\":\"BreadcrumbList\",\"@id\":\"https:\\\/\\\/tehnoformat.md\\\/ro\\\/produs\\\/juntek-tn-pu1020a\\\/#breadcrumb\",\"itemListElement\":[{\"@type\":\"ListItem\",\"position\":1,\"name\":\"Pagina principal\u0103\",\"item\":\"https:\\\/\\\/tehnoformat.md\\\/ro\\\/\"},{\"@type\":\"ListItem\",\"position\":2,\"name\":\"Magazin\",\"item\":\"https:\\\/\\\/tehnoformat.md\\\/ro\\\/shop\\\/\"},{\"@type\":\"ListItem\",\"position\":3,\"name\":\"Juntek TN-PU1020A\"}]},{\"@type\":\"WebSite\",\"@id\":\"https:\\\/\\\/tehnoformat.md\\\/ro\\\/#website\",\"url\":\"https:\\\/\\\/tehnoformat.md\\\/ro\\\/\",\"name\":\"Tehnoformat.md\",\"description\":\"\",\"publisher\":{\"@id\":\"https:\\\/\\\/tehnoformat.md\\\/ro\\\/#organization\"},\"potentialAction\":[{\"@type\":\"SearchAction\",\"target\":{\"@type\":\"EntryPoint\",\"urlTemplate\":\"https:\\\/\\\/tehnoformat.md\\\/ro\\\/?s={search_term_string}\"},\"query-input\":{\"@type\":\"PropertyValueSpecification\",\"valueRequired\":true,\"valueName\":\"search_term_string\"}}],\"inLanguage\":\"ro-RO\"},{\"@type\":\"Organization\",\"@id\":\"https:\\\/\\\/tehnoformat.md\\\/ro\\\/#organization\",\"name\":\"Tehnoformat\",\"url\":\"https:\\\/\\\/tehnoformat.md\\\/ro\\\/\",\"logo\":{\"@type\":\"ImageObject\",\"inLanguage\":\"ro-RO\",\"@id\":\"https:\\\/\\\/tehnoformat.md\\\/ro\\\/#\\\/schema\\\/logo\\\/image\\\/\",\"url\":\"https:\\\/\\\/tehnoformat.md\\\/wp-content\\\/uploads\\\/2024\\\/10\\\/icon1.png\",\"contentUrl\":\"https:\\\/\\\/tehnoformat.md\\\/wp-content\\\/uploads\\\/2024\\\/10\\\/icon1.png\",\"width\":512,\"height\":512,\"caption\":\"Tehnoformat\"},\"image\":{\"@id\":\"https:\\\/\\\/tehnoformat.md\\\/ro\\\/#\\\/schema\\\/logo\\\/image\\\/\"},\"sameAs\":[\"https:\\\/\\\/www.facebook.com\\\/formatterm\",\"https:\\\/\\\/www.instagram.com\\\/tehnoformat.md\\\/\"]}]}<\/script>\n<!-- \/ Yoast SEO plugin. -->","yoast_head_json":{"title":"Coloan\u0103 de gaz Juntek TN-PU1020A","robots":{"index":"index","follow":"follow","max-snippet":"max-snippet:-1","max-image-preview":"max-image-preview:large","max-video-preview":"max-video-preview:-1"},"canonical":"https:\/\/tehnoformat.md\/ro\/produs\/juntek-tn-pu1020a\/","og_locale":"ro_RO","og_type":"article","og_title":"Coloan\u0103 de gaz Juntek TN-PU1020A","og_description":"\u00cenc\u0103lzitorul de ap\u0103 Juntek TN \u2014 PU1020A-02-XX NG este echipat cu o camer\u0103 de ardere deschis\u0103, iar aerul necesar procesului de ardere provine direct din \u00eenc\u0103pere. Puterea aparatului este de 20 kW, ceea ce asigur\u0103 o capacitate de p\u00e2n\u0103 la 10 litri de ap\u0103 cald\u0103 pe minut. Utilizarea dispozitivului este extrem de simpl\u0103: cu o [&hellip;]","og_url":"https:\/\/tehnoformat.md\/ro\/produs\/juntek-tn-pu1020a\/","og_site_name":"Tehnoformat","article_publisher":"https:\/\/www.facebook.com\/formatterm","article_modified_time":"2026-02-11T09:40:13+00:00","og_image":[{"width":1000,"height":1000,"url":"https:\/\/tehnoformat.md\/wp-content\/uploads\/2025\/02\/juntek-tn-1.jpg","type":"image\/jpeg"}],"twitter_card":"summary_large_image","twitter_misc":{"Timp estimat pentru citire":"2 minute"},"schema":{"@context":"https:\/\/schema.org","@graph":[{"@type":"WebPage","@id":"https:\/\/tehnoformat.md\/ro\/produs\/juntek-tn-pu1020a\/","url":"https:\/\/tehnoformat.md\/ro\/produs\/juntek-tn-pu1020a\/","name":"Coloan\u0103 de gaz Juntek TN-PU1020A","isPartOf":{"@id":"https:\/\/tehnoformat.md\/ro\/#website"},"primaryImageOfPage":{"@id":"https:\/\/tehnoformat.md\/ro\/produs\/juntek-tn-pu1020a\/#primaryimage"},"image":{"@id":"https:\/\/tehnoformat.md\/ro\/produs\/juntek-tn-pu1020a\/#primaryimage"},"thumbnailUrl":"https:\/\/tehnoformat.md\/wp-content\/uploads\/2025\/02\/juntek-tn-1.jpg","datePublished":"2025-02-07T09:03:03+00:00","dateModified":"2026-02-11T09:40:13+00:00","breadcrumb":{"@id":"https:\/\/tehnoformat.md\/ro\/produs\/juntek-tn-pu1020a\/#breadcrumb"},"inLanguage":"ro-RO","potentialAction":[{"@type":"ReadAction","target":["https:\/\/tehnoformat.md\/ro\/produs\/juntek-tn-pu1020a\/"]}]},{"@type":"ImageObject","inLanguage":"ro-RO","@id":"https:\/\/tehnoformat.md\/ro\/produs\/juntek-tn-pu1020a\/#primaryimage","url":"https:\/\/tehnoformat.md\/wp-content\/uploads\/2025\/02\/juntek-tn-1.jpg","contentUrl":"https:\/\/tehnoformat.md\/wp-content\/uploads\/2025\/02\/juntek-tn-1.jpg","width":1000,"height":1000},{"@type":"BreadcrumbList","@id":"https:\/\/tehnoformat.md\/ro\/produs\/juntek-tn-pu1020a\/#breadcrumb","itemListElement":[{"@type":"ListItem","position":1,"name":"Pagina principal\u0103","item":"https:\/\/tehnoformat.md\/ro\/"},{"@type":"ListItem","position":2,"name":"Magazin","item":"https:\/\/tehnoformat.md\/ro\/shop\/"},{"@type":"ListItem","position":3,"name":"Juntek TN-PU1020A"}]},{"@type":"WebSite","@id":"https:\/\/tehnoformat.md\/ro\/#website","url":"https:\/\/tehnoformat.md\/ro\/","name":"Tehnoformat.md","description":"","publisher":{"@id":"https:\/\/tehnoformat.md\/ro\/#organization"},"potentialAction":[{"@type":"SearchAction","target":{"@type":"EntryPoint","urlTemplate":"https:\/\/tehnoformat.md\/ro\/?s={search_term_string}"},"query-input":{"@type":"PropertyValueSpecification","valueRequired":true,"valueName":"search_term_string"}}],"inLanguage":"ro-RO"},{"@type":"Organization","@id":"https:\/\/tehnoformat.md\/ro\/#organization","name":"Tehnoformat","url":"https:\/\/tehnoformat.md\/ro\/","logo":{"@type":"ImageObject","inLanguage":"ro-RO","@id":"https:\/\/tehnoformat.md\/ro\/#\/schema\/logo\/image\/","url":"https:\/\/tehnoformat.md\/wp-content\/uploads\/2024\/10\/icon1.png","contentUrl":"https:\/\/tehnoformat.md\/wp-content\/uploads\/2024\/10\/icon1.png","width":512,"height":512,"caption":"Tehnoformat"},"image":{"@id":"https:\/\/tehnoformat.md\/ro\/#\/schema\/logo\/image\/"},"sameAs":["https:\/\/www.facebook.com\/formatterm","https:\/\/www.instagram.com\/tehnoformat.md\/"]}]}},"_links":{"self":[{"href":"https:\/\/tehnoformat.md\/ro\/wp-json\/wp\/v2\/product\/23168","targetHints":{"allow":["GET"]}}],"collection":[{"href":"https:\/\/tehnoformat.md\/ro\/wp-json\/wp\/v2\/product"}],"about":[{"href":"https:\/\/tehnoformat.md\/ro\/wp-json\/wp\/v2\/types\/product"}],"replies":[{"embeddable":true,"href":"https:\/\/tehnoformat.md\/ro\/wp-json\/wp\/v2\/comments?post=23168"}],"version-history":[{"count":2,"href":"https:\/\/tehnoformat.md\/ro\/wp-json\/wp\/v2\/product\/23168\/revisions"}],"predecessor-version":[{"id":23172,"href":"https:\/\/tehnoformat.md\/ro\/wp-json\/wp\/v2\/product\/23168\/revisions\/23172"}],"wp:featuredmedia":[{"embeddable":true,"href":"https:\/\/tehnoformat.md\/ro\/wp-json\/wp\/v2\/media\/22947"}],"wp:attachment":[{"href":"https:\/\/tehnoformat.md\/ro\/wp-json\/wp\/v2\/media?parent=23168"}],"wp:term":[{"taxonomy":"product_brand","embeddable":true,"href":"https:\/\/tehnoformat.md\/ro\/wp-json\/wp\/v2\/product_brand?post=23168"},{"taxonomy":"product_cat","embeddable":true,"href":"https:\/\/tehnoformat.md\/ro\/wp-json\/wp\/v2\/product_cat?post=23168"},{"taxonomy":"product_tag","embeddable":true,"href":"https:\/\/tehnoformat.md\/ro\/wp-json\/wp\/v2\/product_tag?post=23168"}],"curies":[{"name":"wp","href":"https:\/\/api.w.org\/{rel}","templated":true}]}}