{"id":23166,"date":"2025-02-07T14:01:07","date_gmt":"2025-02-07T11:01:07","guid":{"rendered":"https:\/\/tehnoformat.md\/product\/juntek-ft-pb1325d\/"},"modified":"2025-04-16T10:38:22","modified_gmt":"2025-04-16T07:38:22","slug":"juntek-ft-pb1325d","status":"publish","type":"product","link":"https:\/\/tehnoformat.md\/ro\/produs\/juntek-ft-pb1325d\/","title":{"rendered":"Juntek FT-PB1325D"},"content":{"rendered":"\t\t<div data-elementor-type=\"product-post\" data-elementor-id=\"23166\" class=\"elementor elementor-23166 elementor-19668\">\n\t\t\t\t<div class=\"elementor-element elementor-element-7bb91c4 e-con-full e-flex e-con e-parent\" data-id=\"7bb91c4\" data-element_type=\"container\" data-e-type=\"container\">\n\t\t\t\t<div class=\"elementor-element elementor-element-f89fbd7 elementor-widget__width-initial elementor-widget elementor-widget-image\" data-id=\"f89fbd7\" data-element_type=\"widget\" data-e-type=\"widget\" data-widget_type=\"image.default\">\n\t\t\t\t<div class=\"elementor-widget-container\">\n\t\t\t\t\t\t\t\t\t\t\t\t\t\t\t<img fetchpriority=\"high\" decoding=\"async\" width=\"596\" height=\"1024\" src=\"https:\/\/tehnoformat.md\/wp-content\/uploads\/2025\/02\/juntek55-596x1024.jpg\" class=\"attachment-large size-large wp-image-22946\" alt=\"\" srcset=\"https:\/\/tehnoformat.md\/wp-content\/uploads\/2025\/02\/juntek55-596x1024.jpg 596w, https:\/\/tehnoformat.md\/wp-content\/uploads\/2025\/02\/juntek55-175x300.jpg 175w, https:\/\/tehnoformat.md\/wp-content\/uploads\/2025\/02\/juntek55-768x1320.jpg 768w, https:\/\/tehnoformat.md\/wp-content\/uploads\/2025\/02\/juntek55.jpg 824w\" sizes=\"(max-width: 596px) 100vw, 596px\" \/>\t\t\t\t\t\t\t\t\t\t\t\t\t\t\t<\/div>\n\t\t\t\t<\/div>\n\t\t<div class=\"elementor-element elementor-element-128f40a e-con-full e-flex e-con e-child\" data-id=\"128f40a\" data-element_type=\"container\" data-e-type=\"container\">\n\t\t\t\t<div class=\"elementor-element elementor-element-018ab8d elementor-widget elementor-widget-text-editor\" data-id=\"018ab8d\" data-element_type=\"widget\" data-e-type=\"widget\" data-widget_type=\"text-editor.default\">\n\t\t\t\t<div class=\"elementor-widget-container\">\n\t\t\t\t\t\t\t\t\t<p><strong>Modula\u021bia electronic\u0103 termostatic\u0103<\/strong> ofer\u0103 un control mai precis al temperaturii, o stabilitate mai mare \u0219i economii semnificative de gaz \u0219i ap\u0103. <strong>Pornire automat\u0103 foarte lin\u0103<\/strong> atunci c\u00e2nd este nevoie de ap\u0103. Siguran\u021b\u0103 maxim\u0103 datorit\u0103 controlului electronic al emisiilor, detec\u021biei fl\u0103c\u0103rii, <strong>senzorului de supra\u00eenc\u0103lzire a apei<\/strong>, controlului temperaturii la ie\u0219ire \u0219i detect\u0103rii debitului de ap\u0103. <\/p>\t\t\t\t\t\t\t\t<\/div>\n\t\t\t\t<\/div>\n\t\t\t\t<\/div>\n\t\t\t\t<\/div>\n\t\t<div class=\"elementor-element elementor-element-5b59696 e-con-full e-flex e-con e-parent\" data-id=\"5b59696\" data-element_type=\"container\" data-e-type=\"container\">\n\t\t\t\t<div class=\"elementor-element elementor-element-2c94e49 elementor-widget elementor-widget-text-editor\" data-id=\"2c94e49\" data-element_type=\"widget\" data-e-type=\"widget\" data-widget_type=\"text-editor.default\">\n\t\t\t\t<div class=\"elementor-widget-container\">\n\t\t\t\t\t\t\t\t\t<p><span class=\"a-list-item\">\u00cenc\u0103lzitor instantaneu pe gaz cu camera etansa: compatibil cu instala\u021bii solare, u\u0219or de instalat. Termostat Smart Zone: Temperatura este reglat\u0103 \u00een mod constant pentru a men\u021bine o valoare constant\u0103, asigur\u00e2nd o temperatur\u0103 stabil\u0103 \u0219i confortabil\u0103 a apei, chiar \u0219i atunci c\u00e2nd ap\u0103 cald\u0103 este folosit\u0103 \u00een alt\u0103 parte a casei \u00een acela\u0219i timp. Noul regulator autonom modern de dozare a gazului cu control mai precis al temperaturii.  <\/span><\/p>\t\t\t\t\t\t\t\t<\/div>\n\t\t\t\t<\/div>\n\t\t\t\t<div class=\"elementor-element elementor-element-ce299e3 elementor-widget elementor-widget-image\" data-id=\"ce299e3\" data-element_type=\"widget\" data-e-type=\"widget\" data-widget_type=\"image.default\">\n\t\t\t\t<div class=\"elementor-widget-container\">\n\t\t\t\t\t\t\t\t\t\t\t\t\t\t\t<img decoding=\"async\" src=\"https:\/\/tehnoformat.md\/wp-content\/uploads\/2025\/02\/juntek15-1.jpg\" title=\"Juntek15\" alt=\"Juntek15\" loading=\"lazy\" \/>\t\t\t\t\t\t\t\t\t\t\t\t\t\t\t<\/div>\n\t\t\t\t<\/div>\n\t\t\t\t<\/div>\n\t\t<div class=\"elementor-element elementor-element-3d4adbf e-con-full e-flex e-con e-parent\" data-id=\"3d4adbf\" data-element_type=\"container\" data-e-type=\"container\">\n\t\t\t\t<div class=\"elementor-element elementor-element-138b62f elementor-widget elementor-widget-text-editor\" data-id=\"138b62f\" data-element_type=\"widget\" data-e-type=\"widget\" data-widget_type=\"text-editor.default\">\n\t\t\t\t<div class=\"elementor-widget-container\">\n\t\t\t\t\t\t\t\t\t<p><span class=\"a-list-item\">Emisii sc\u0103zute de NOx: arz\u0103tor cu emisii sc\u0103zute, eficien\u021b\u0103 ridicat\u0103 \u0219i economie de energie, sigur \u0219i fiabil. Rezervor de ap\u0103 din cupru antibacterian f\u0103r\u0103 oxigen: rezistent la coroziune \u0219i etan\u0219at, conductivitate termic\u0103 rapid\u0103, eficien\u021b\u0103 energetic\u0103 ridicat\u0103 \u0219i durat\u0103 lung\u0103 de via\u021b\u0103. <\/span><\/p>\t\t\t\t\t\t\t\t<\/div>\n\t\t\t\t<\/div>\n\t\t\t\t<\/div>\n\t\t<div class=\"elementor-element elementor-element-5e98181 e-flex e-con-boxed e-con e-parent\" data-id=\"5e98181\" data-element_type=\"container\" data-e-type=\"container\">\n\t\t\t\t\t<div class=\"e-con-inner\">\n\t\t\t\t<div class=\"elementor-element elementor-element-b96727d elementor-widget elementor-widget-image\" data-id=\"b96727d\" data-element_type=\"widget\" data-e-type=\"widget\" data-widget_type=\"image.default\">\n\t\t\t\t<div class=\"elementor-widget-container\">\n\t\t\t\t\t\t\t\t\t\t\t\t\t\t\t<img decoding=\"async\" src=\"https:\/\/tehnoformat.md\/wp-content\/uploads\/2025\/02\/juntek14.jpg\" title=\"Juntek14\" alt=\"Juntek14\" loading=\"lazy\" \/>\t\t\t\t\t\t\t\t\t\t\t\t\t\t\t<\/div>\n\t\t\t\t<\/div>\n\t\t\t\t\t<\/div>\n\t\t\t\t<\/div>\n\t\t<div class=\"elementor-element elementor-element-d4e14e7 e-con-full e-flex e-con e-parent\" data-id=\"d4e14e7\" data-element_type=\"container\" data-e-type=\"container\">\n\t\t\t\t<div class=\"elementor-element elementor-element-42ead82 elementor-widget elementor-widget-text-editor\" data-id=\"42ead82\" data-element_type=\"widget\" data-e-type=\"widget\" data-widget_type=\"text-editor.default\">\n\t\t\t\t<div class=\"elementor-widget-container\">\n\t\t\t\t\t\t\t\t\t<p><span class=\"a-list-item\"><span>Afi\u0219aj LED multifunc\u021bional &#8211; Afi\u0219aj LED, u\u0219or de utilizat. V\u0103 permite s\u0103 verifica\u021bi \u00een orice moment temperatura apei calde din baie, iar temperatura poate fi reglat\u0103 \u00een orice moment \u00een func\u021bie de dorin\u021bele dumneavoastr\u0103, iar alte grafice v\u0103 permit s\u0103 verifica\u021bi \u00een orice moment func\u021bionarea corect\u0103 a \u00eenc\u0103lzitorului de ap\u0103. Design minimalist, elegant \u0219i modern de panouri albe.  <\/span><\/span><\/p>\t\t\t\t\t\t\t\t<\/div>\n\t\t\t\t<\/div>\n\t\t\t\t<\/div>\n\t\t<div class=\"elementor-element elementor-element-9102b6a e-flex e-con-boxed e-con e-parent\" data-id=\"9102b6a\" data-element_type=\"container\" data-e-type=\"container\">\n\t\t\t\t\t<div class=\"e-con-inner\">\n\t\t\t\t<div class=\"elementor-element elementor-element-edf77bd elementor-widget elementor-widget-image\" data-id=\"edf77bd\" data-element_type=\"widget\" data-e-type=\"widget\" data-widget_type=\"image.default\">\n\t\t\t\t<div class=\"elementor-widget-container\">\n\t\t\t\t\t\t\t\t\t\t\t\t\t\t\t<img decoding=\"async\" src=\"https:\/\/tehnoformat.md\/wp-content\/uploads\/2025\/02\/juntek12.jpg\" title=\"Juntek12\" alt=\"Juntek12\" loading=\"lazy\" \/>\t\t\t\t\t\t\t\t\t\t\t\t\t\t\t<\/div>\n\t\t\t\t<\/div>\n\t\t\t\t\t<\/div>\n\t\t\t\t<\/div>\n\t\t<div class=\"elementor-element elementor-element-8371e36 e-con-full e-flex e-con e-parent\" data-id=\"8371e36\" data-element_type=\"container\" data-e-type=\"container\">\n\t\t\t\t<div class=\"elementor-element elementor-element-cf0526d elementor-widget elementor-widget-text-editor\" data-id=\"cf0526d\" data-element_type=\"widget\" data-e-type=\"widget\" data-widget_type=\"text-editor.default\">\n\t\t\t\t<div class=\"elementor-widget-container\">\n\t\t\t\t\t\t\t\t\t<p><span class=\"a-list-item\">Aprindere electronic\u0103 foarte lin\u0103 &#8211; \u00cenc\u0103lzitorul pe gaz este echipat cu aprindere electronic\u0103 automat\u0103 de joas\u0103 presiune, care v\u0103 permite s\u0103 ave\u021bi ap\u0103 cald\u0103 chiar \u0219i la presiune sc\u0103zut\u0103 a apei; Func\u021bioneaz\u0103 cu o presiune minim\u0103 a apei de 0,1 bar. Putere minima 5 kW. Racord gaz: 1\/2&#8243;. Racord apa cald\u0103 \u0219i rece: 1\/2&#8243;. Racord gaz \u00d8 60\/100 mm.   <\/span><\/p>\t\t\t\t\t\t\t\t<\/div>\n\t\t\t\t<\/div>\n\t\t\t\t<\/div>\n\t\t<div class=\"elementor-element elementor-element-ebd32ca e-flex e-con-boxed e-con e-parent\" data-id=\"ebd32ca\" data-element_type=\"container\" data-e-type=\"container\">\n\t\t\t\t\t<div class=\"e-con-inner\">\n\t\t\t\t<div class=\"elementor-element elementor-element-272a89f elementor-widget elementor-widget-image\" data-id=\"272a89f\" data-element_type=\"widget\" data-e-type=\"widget\" data-widget_type=\"image.default\">\n\t\t\t\t<div class=\"elementor-widget-container\">\n\t\t\t\t\t\t\t\t\t\t\t\t\t\t\t<img decoding=\"async\" src=\"https:\/\/tehnoformat.md\/wp-content\/uploads\/2025\/02\/juntek13.jpg\" title=\"Juntek13\" alt=\"Juntek13\" loading=\"lazy\" \/>\t\t\t\t\t\t\t\t\t\t\t\t\t\t\t<\/div>\n\t\t\t\t<\/div>\n\t\t\t\t\t<\/div>\n\t\t\t\t<\/div>\n\t\t<div class=\"elementor-element elementor-element-f77b5a4 e-flex e-con-boxed e-con e-parent\" data-id=\"f77b5a4\" data-element_type=\"container\" data-e-type=\"container\">\n\t\t\t\t\t<div class=\"e-con-inner\">\n\t\t\t\t<div class=\"elementor-element elementor-element-ab99b28 elementor-widget elementor-widget-text-editor\" data-id=\"ab99b28\" data-element_type=\"widget\" data-e-type=\"widget\" data-widget_type=\"text-editor.default\">\n\t\t\t\t<div class=\"elementor-widget-container\">\n\t\t\t\t\t\t\t\t\t<div class=\"elementor-element elementor-element-5a141579 elementor-widget elementor-widget-heading\" data-id=\"5a141579\" data-element_type=\"widget\" data-settings=\"{\"_ob_shadough_use\":\"no\",\"_ob_allow_hoveranimator\":\"no\"}\" data-widget_type=\"heading.default\"><div class=\"elementor-widget-container\"><h5 class=\"elementor-heading-title elementor-size-default\">Beneficiile de impermeabilizare Juntek<\/h5><\/div><\/div><div class=\"elementor-element elementor-element-37cd8043 elementor-widget elementor-widget-text-editor\" data-id=\"37cd8043\" data-element_type=\"widget\" data-settings=\"{\"_ob_postman_use\":\"no\",\"_ob_shadough_use\":\"no\",\"_ob_allow_hoveranimator\":\"no\"}\" data-widget_type=\"text-editor.default\"><div class=\"elementor-widget-container\"><ul><li>Instalare \u00een interiorul \u0219i exteriorul \u00eenc\u0103perii<\/li><li>Camer\u0103 etan\u0219\u0103<\/li><li><strong>Controlul termostatic treptat<\/strong> al temperaturii<\/li><li>Putere minim\u0103 4,3 kW<\/li><li><strong>Emisii reduse de NOx<\/strong><\/li><li>Control electronic al emisiilor<\/li><li>Siguran\u021b\u0103 prin ionizare<\/li><li>Aprindere electronic\u0103 foarte lin\u0103<\/li><li>Alimentare 230V<\/li><li><strong>Eficien\u021b\u0103 energetic\u0103 ridicat\u0103<\/strong><\/li><li>Afi\u0219aj LCD, u\u0219or de utilizat<\/li><li>Dimensiuni compacte<\/li><li>Func\u021bioneaz\u0103 cu o presiune minim\u0103 a apei de 0,1 bar.<\/li><\/ul><\/div><\/div>\t\t\t\t\t\t\t\t<\/div>\n\t\t\t\t<\/div>\n\t\t\t\t\t<\/div>\n\t\t\t\t<\/div>\n\t\t<div class=\"elementor-element elementor-element-a6382c2 e-flex e-con-boxed e-con e-parent\" data-id=\"a6382c2\" data-element_type=\"container\" data-e-type=\"container\">\n\t\t\t\t\t<div class=\"e-con-inner\">\n\t\t\t\t<div class=\"elementor-element elementor-element-b53f997 elementor-widget elementor-widget-image\" data-id=\"b53f997\" data-element_type=\"widget\" data-e-type=\"widget\" data-widget_type=\"image.default\">\n\t\t\t\t<div class=\"elementor-widget-container\">\n\t\t\t\t\t\t\t\t\t\t\t\t\t\t\t<img decoding=\"async\" width=\"905\" height=\"1024\" src=\"https:\/\/tehnoformat.md\/wp-content\/uploads\/2025\/02\/juntek16-905x1024.jpg\" class=\"attachment-large size-large wp-image-22945\" alt=\"\" srcset=\"https:\/\/tehnoformat.md\/wp-content\/uploads\/2025\/02\/juntek16-905x1024.jpg 905w, https:\/\/tehnoformat.md\/wp-content\/uploads\/2025\/02\/juntek16-265x300.jpg 265w, https:\/\/tehnoformat.md\/wp-content\/uploads\/2025\/02\/juntek16-768x869.jpg 768w, https:\/\/tehnoformat.md\/wp-content\/uploads\/2025\/02\/juntek16-1000x1131.jpg 1000w, https:\/\/tehnoformat.md\/wp-content\/uploads\/2025\/02\/juntek16.jpg 1143w\" sizes=\"(max-width: 905px) 100vw, 905px\" \/>\t\t\t\t\t\t\t\t\t\t\t\t\t\t\t<\/div>\n\t\t\t\t<\/div>\n\t\t\t\t\t<\/div>\n\t\t\t\t<\/div>\n\t\t\t\t<\/div>\n\t\t","protected":false},"excerpt":{"rendered":"<p>Modula\u021bia electronic\u0103 termostatic\u0103 ofer\u0103 un control mai precis al temperaturii, o stabilitate mai mare \u0219i economii semnificative de gaz \u0219i ap\u0103. Pornire automat\u0103 foarte lin\u0103 atunci c\u00e2nd este nevoie de ap\u0103. Siguran\u021b\u0103 maxim\u0103 datorit\u0103 controlului electronic al emisiilor, detec\u021biei fl\u0103c\u0103rii, senzorului de supra\u00eenc\u0103lzire a apei, controlului temperaturii la ie\u0219ire \u0219i detect\u0103rii debitului de ap\u0103. \u00cenc\u0103lzitor [&hellip;]<\/p>\n","protected":false},"featured_media":22930,"comment_status":"closed","ping_status":"open","template":"","meta":[],"product_brand":[],"product_cat":[787],"product_tag":[934,970,975,1017],"class_list":{"0":"post-23166","1":"product","2":"type-product","3":"status-publish","4":"has-post-thumbnail","6":"product_cat-coloane-pe-gaz","7":"product_tag-coloana-de-gaz-ro","8":"product_tag-incalzitor-de-apa-pe-gaz-ro","9":"product_tag-juntek-ro","10":"product_tag-turbo-ro","11":"ts_product_brand-juntek-ro","13":"first","14":"instock","15":"sale","16":"shipping-taxable","17":"purchasable","18":"product-type-simple","19":"add-to-wishlist-after_add_to_cart"},"yoast_head":"<!-- This site is optimized with the Yoast SEO plugin v27.1.1 - https:\/\/yoast.com\/product\/yoast-seo-wordpress\/ -->\n<title>Coloan\u0103 de gaz Juntek FT-PB1325D<\/title>\n<meta name=\"robots\" content=\"index, follow, max-snippet:-1, max-image-preview:large, max-video-preview:-1\" \/>\n<link rel=\"canonical\" href=\"https:\/\/tehnoformat.md\/ro\/produs\/juntek-ft-pb1325d\/\" \/>\n<meta property=\"og:locale\" content=\"ro_RO\" \/>\n<meta property=\"og:type\" content=\"article\" \/>\n<meta property=\"og:title\" content=\"Coloan\u0103 de gaz Juntek FT-PB1325D\" \/>\n<meta property=\"og:description\" content=\"Modula\u021bia electronic\u0103 termostatic\u0103 ofer\u0103 un control mai precis al temperaturii, o stabilitate mai mare \u0219i economii semnificative de gaz \u0219i ap\u0103. Pornire automat\u0103 foarte lin\u0103 atunci c\u00e2nd este nevoie de ap\u0103. Siguran\u021b\u0103 maxim\u0103 datorit\u0103 controlului electronic al emisiilor, detec\u021biei fl\u0103c\u0103rii, senzorului de supra\u00eenc\u0103lzire a apei, controlului temperaturii la ie\u0219ire \u0219i detect\u0103rii debitului de ap\u0103. \u00cenc\u0103lzitor [&hellip;]\" \/>\n<meta property=\"og:url\" content=\"https:\/\/tehnoformat.md\/ro\/produs\/juntek-ft-pb1325d\/\" \/>\n<meta property=\"og:site_name\" content=\"Tehnoformat\" \/>\n<meta property=\"article:publisher\" content=\"https:\/\/www.facebook.com\/formatterm\" \/>\n<meta property=\"article:modified_time\" content=\"2025-04-16T07:38:22+00:00\" \/>\n<meta property=\"og:image\" content=\"https:\/\/tehnoformat.md\/wp-content\/uploads\/2025\/02\/juntek1.jpg\" \/>\n\t<meta property=\"og:image:width\" content=\"1000\" \/>\n\t<meta property=\"og:image:height\" content=\"1000\" \/>\n\t<meta property=\"og:image:type\" content=\"image\/jpeg\" \/>\n<meta name=\"twitter:card\" content=\"summary_large_image\" \/>\n<meta name=\"twitter:label1\" content=\"Timp estimat pentru citire\" \/>\n\t<meta name=\"twitter:data1\" content=\"4 minute\" \/>\n<script type=\"application\/ld+json\" class=\"yoast-schema-graph\">{\"@context\":\"https:\/\/schema.org\",\"@graph\":[{\"@type\":\"WebPage\",\"@id\":\"https:\/\/tehnoformat.md\/ro\/produs\/juntek-ft-pb1325d\/\",\"url\":\"https:\/\/tehnoformat.md\/ro\/produs\/juntek-ft-pb1325d\/\",\"name\":\"Coloan\u0103 de gaz Juntek FT-PB1325D\",\"isPartOf\":{\"@id\":\"https:\/\/tehnoformat.md\/ro\/#website\"},\"primaryImageOfPage\":{\"@id\":\"https:\/\/tehnoformat.md\/ro\/produs\/juntek-ft-pb1325d\/#primaryimage\"},\"image\":{\"@id\":\"https:\/\/tehnoformat.md\/ro\/produs\/juntek-ft-pb1325d\/#primaryimage\"},\"thumbnailUrl\":\"https:\/\/tehnoformat.md\/wp-content\/uploads\/2025\/02\/juntek1.jpg\",\"datePublished\":\"2025-02-07T11:01:07+00:00\",\"dateModified\":\"2025-04-16T07:38:22+00:00\",\"breadcrumb\":{\"@id\":\"https:\/\/tehnoformat.md\/ro\/produs\/juntek-ft-pb1325d\/#breadcrumb\"},\"inLanguage\":\"ro-RO\",\"potentialAction\":[{\"@type\":\"ReadAction\",\"target\":[\"https:\/\/tehnoformat.md\/ro\/produs\/juntek-ft-pb1325d\/\"]}]},{\"@type\":\"ImageObject\",\"inLanguage\":\"ro-RO\",\"@id\":\"https:\/\/tehnoformat.md\/ro\/produs\/juntek-ft-pb1325d\/#primaryimage\",\"url\":\"https:\/\/tehnoformat.md\/wp-content\/uploads\/2025\/02\/juntek1.jpg\",\"contentUrl\":\"https:\/\/tehnoformat.md\/wp-content\/uploads\/2025\/02\/juntek1.jpg\",\"width\":1000,\"height\":1000},{\"@type\":\"BreadcrumbList\",\"@id\":\"https:\/\/tehnoformat.md\/ro\/produs\/juntek-ft-pb1325d\/#breadcrumb\",\"itemListElement\":[{\"@type\":\"ListItem\",\"position\":1,\"name\":\"Pagina principal\u0103\",\"item\":\"https:\/\/tehnoformat.md\/ro\/\"},{\"@type\":\"ListItem\",\"position\":2,\"name\":\"Magazin\",\"item\":\"https:\/\/tehnoformat.md\/ro\/shop\/\"},{\"@type\":\"ListItem\",\"position\":3,\"name\":\"Juntek FT-PB1325D\"}]},{\"@type\":\"WebSite\",\"@id\":\"https:\/\/tehnoformat.md\/ro\/#website\",\"url\":\"https:\/\/tehnoformat.md\/ro\/\",\"name\":\"Tehnoformat.md\",\"description\":\"\",\"publisher\":{\"@id\":\"https:\/\/tehnoformat.md\/ro\/#organization\"},\"potentialAction\":[{\"@type\":\"SearchAction\",\"target\":{\"@type\":\"EntryPoint\",\"urlTemplate\":\"https:\/\/tehnoformat.md\/ro\/?s={search_term_string}\"},\"query-input\":{\"@type\":\"PropertyValueSpecification\",\"valueRequired\":true,\"valueName\":\"search_term_string\"}}],\"inLanguage\":\"ro-RO\"},{\"@type\":\"Organization\",\"@id\":\"https:\/\/tehnoformat.md\/ro\/#organization\",\"name\":\"Tehnoformat\",\"url\":\"https:\/\/tehnoformat.md\/ro\/\",\"logo\":{\"@type\":\"ImageObject\",\"inLanguage\":\"ro-RO\",\"@id\":\"https:\/\/tehnoformat.md\/ro\/#\/schema\/logo\/image\/\",\"url\":\"https:\/\/tehnoformat.md\/wp-content\/uploads\/2024\/10\/icon1.png\",\"contentUrl\":\"https:\/\/tehnoformat.md\/wp-content\/uploads\/2024\/10\/icon1.png\",\"width\":512,\"height\":512,\"caption\":\"Tehnoformat\"},\"image\":{\"@id\":\"https:\/\/tehnoformat.md\/ro\/#\/schema\/logo\/image\/\"},\"sameAs\":[\"https:\/\/www.facebook.com\/formatterm\",\"https:\/\/www.instagram.com\/tehnoformat.md\/\"]}]}<\/script>\n<!-- \/ Yoast SEO plugin. -->","yoast_head_json":{"title":"Coloan\u0103 de gaz Juntek FT-PB1325D","robots":{"index":"index","follow":"follow","max-snippet":"max-snippet:-1","max-image-preview":"max-image-preview:large","max-video-preview":"max-video-preview:-1"},"canonical":"https:\/\/tehnoformat.md\/ro\/produs\/juntek-ft-pb1325d\/","og_locale":"ro_RO","og_type":"article","og_title":"Coloan\u0103 de gaz Juntek FT-PB1325D","og_description":"Modula\u021bia electronic\u0103 termostatic\u0103 ofer\u0103 un control mai precis al temperaturii, o stabilitate mai mare \u0219i economii semnificative de gaz \u0219i ap\u0103. Pornire automat\u0103 foarte lin\u0103 atunci c\u00e2nd este nevoie de ap\u0103. Siguran\u021b\u0103 maxim\u0103 datorit\u0103 controlului electronic al emisiilor, detec\u021biei fl\u0103c\u0103rii, senzorului de supra\u00eenc\u0103lzire a apei, controlului temperaturii la ie\u0219ire \u0219i detect\u0103rii debitului de ap\u0103. \u00cenc\u0103lzitor [&hellip;]","og_url":"https:\/\/tehnoformat.md\/ro\/produs\/juntek-ft-pb1325d\/","og_site_name":"Tehnoformat","article_publisher":"https:\/\/www.facebook.com\/formatterm","article_modified_time":"2025-04-16T07:38:22+00:00","og_image":[{"width":1000,"height":1000,"url":"https:\/\/tehnoformat.md\/wp-content\/uploads\/2025\/02\/juntek1.jpg","type":"image\/jpeg"}],"twitter_card":"summary_large_image","twitter_misc":{"Timp estimat pentru citire":"4 minute"},"schema":{"@context":"https:\/\/schema.org","@graph":[{"@type":"WebPage","@id":"https:\/\/tehnoformat.md\/ro\/produs\/juntek-ft-pb1325d\/","url":"https:\/\/tehnoformat.md\/ro\/produs\/juntek-ft-pb1325d\/","name":"Coloan\u0103 de gaz Juntek FT-PB1325D","isPartOf":{"@id":"https:\/\/tehnoformat.md\/ro\/#website"},"primaryImageOfPage":{"@id":"https:\/\/tehnoformat.md\/ro\/produs\/juntek-ft-pb1325d\/#primaryimage"},"image":{"@id":"https:\/\/tehnoformat.md\/ro\/produs\/juntek-ft-pb1325d\/#primaryimage"},"thumbnailUrl":"https:\/\/tehnoformat.md\/wp-content\/uploads\/2025\/02\/juntek1.jpg","datePublished":"2025-02-07T11:01:07+00:00","dateModified":"2025-04-16T07:38:22+00:00","breadcrumb":{"@id":"https:\/\/tehnoformat.md\/ro\/produs\/juntek-ft-pb1325d\/#breadcrumb"},"inLanguage":"ro-RO","potentialAction":[{"@type":"ReadAction","target":["https:\/\/tehnoformat.md\/ro\/produs\/juntek-ft-pb1325d\/"]}]},{"@type":"ImageObject","inLanguage":"ro-RO","@id":"https:\/\/tehnoformat.md\/ro\/produs\/juntek-ft-pb1325d\/#primaryimage","url":"https:\/\/tehnoformat.md\/wp-content\/uploads\/2025\/02\/juntek1.jpg","contentUrl":"https:\/\/tehnoformat.md\/wp-content\/uploads\/2025\/02\/juntek1.jpg","width":1000,"height":1000},{"@type":"BreadcrumbList","@id":"https:\/\/tehnoformat.md\/ro\/produs\/juntek-ft-pb1325d\/#breadcrumb","itemListElement":[{"@type":"ListItem","position":1,"name":"Pagina principal\u0103","item":"https:\/\/tehnoformat.md\/ro\/"},{"@type":"ListItem","position":2,"name":"Magazin","item":"https:\/\/tehnoformat.md\/ro\/shop\/"},{"@type":"ListItem","position":3,"name":"Juntek FT-PB1325D"}]},{"@type":"WebSite","@id":"https:\/\/tehnoformat.md\/ro\/#website","url":"https:\/\/tehnoformat.md\/ro\/","name":"Tehnoformat.md","description":"","publisher":{"@id":"https:\/\/tehnoformat.md\/ro\/#organization"},"potentialAction":[{"@type":"SearchAction","target":{"@type":"EntryPoint","urlTemplate":"https:\/\/tehnoformat.md\/ro\/?s={search_term_string}"},"query-input":{"@type":"PropertyValueSpecification","valueRequired":true,"valueName":"search_term_string"}}],"inLanguage":"ro-RO"},{"@type":"Organization","@id":"https:\/\/tehnoformat.md\/ro\/#organization","name":"Tehnoformat","url":"https:\/\/tehnoformat.md\/ro\/","logo":{"@type":"ImageObject","inLanguage":"ro-RO","@id":"https:\/\/tehnoformat.md\/ro\/#\/schema\/logo\/image\/","url":"https:\/\/tehnoformat.md\/wp-content\/uploads\/2024\/10\/icon1.png","contentUrl":"https:\/\/tehnoformat.md\/wp-content\/uploads\/2024\/10\/icon1.png","width":512,"height":512,"caption":"Tehnoformat"},"image":{"@id":"https:\/\/tehnoformat.md\/ro\/#\/schema\/logo\/image\/"},"sameAs":["https:\/\/www.facebook.com\/formatterm","https:\/\/www.instagram.com\/tehnoformat.md\/"]}]}},"_links":{"self":[{"href":"https:\/\/tehnoformat.md\/ro\/wp-json\/wp\/v2\/product\/23166","targetHints":{"allow":["GET"]}}],"collection":[{"href":"https:\/\/tehnoformat.md\/ro\/wp-json\/wp\/v2\/product"}],"about":[{"href":"https:\/\/tehnoformat.md\/ro\/wp-json\/wp\/v2\/types\/product"}],"replies":[{"embeddable":true,"href":"https:\/\/tehnoformat.md\/ro\/wp-json\/wp\/v2\/comments?post=23166"}],"version-history":[{"count":2,"href":"https:\/\/tehnoformat.md\/ro\/wp-json\/wp\/v2\/product\/23166\/revisions"}],"predecessor-version":[{"id":23171,"href":"https:\/\/tehnoformat.md\/ro\/wp-json\/wp\/v2\/product\/23166\/revisions\/23171"}],"wp:featuredmedia":[{"embeddable":true,"href":"https:\/\/tehnoformat.md\/ro\/wp-json\/wp\/v2\/media\/22930"}],"wp:attachment":[{"href":"https:\/\/tehnoformat.md\/ro\/wp-json\/wp\/v2\/media?parent=23166"}],"wp:term":[{"taxonomy":"product_brand","embeddable":true,"href":"https:\/\/tehnoformat.md\/ro\/wp-json\/wp\/v2\/product_brand?post=23166"},{"taxonomy":"product_cat","embeddable":true,"href":"https:\/\/tehnoformat.md\/ro\/wp-json\/wp\/v2\/product_cat?post=23166"},{"taxonomy":"product_tag","embeddable":true,"href":"https:\/\/tehnoformat.md\/ro\/wp-json\/wp\/v2\/product_tag?post=23166"}],"curies":[{"name":"wp","href":"https:\/\/api.w.org\/{rel}","templated":true}]}}