{"id":23173,"date":"2024-03-27T13:30:47","date_gmt":"2024-03-27T10:30:47","guid":{"rendered":"https:\/\/tehnoformat.md\/credit\/"},"modified":"2025-04-14T10:57:29","modified_gmt":"2025-04-14T07:57:29","slug":"credit","status":"publish","type":"page","link":"https:\/\/tehnoformat.md\/ro\/credit\/","title":{"rendered":"Credit"},"content":{"rendered":"\t\t<div data-elementor-type=\"wp-page\" data-elementor-id=\"23173\" class=\"elementor elementor-23173 elementor-8451\">\n\t\t\t\t<div class=\"elementor-element elementor-element-ccee5e6 e-flex e-con-boxed e-con e-parent\" data-id=\"ccee5e6\" data-element_type=\"container\" data-e-type=\"container\">\n\t\t\t\t\t<div class=\"e-con-inner\">\n\t\t\t\t<div class=\"elementor-element elementor-element-441f46a elementor-widget elementor-widget-heading\" data-id=\"441f46a\" data-element_type=\"widget\" data-e-type=\"widget\" data-widget_type=\"heading.default\">\n\t\t\t\t<div class=\"elementor-widget-container\">\n\t\t\t\t\t<h2 class=\"elementor-heading-title elementor-size-default\"> Nu se aplic\u0103 articolelor cu reducere sau ofertelor speciale. <\/h2>\t\t\t\t<\/div>\n\t\t\t\t<\/div>\n\t\t\t\t\t<\/div>\n\t\t\t\t<\/div>\n\t\t<div class=\"elementor-element elementor-element-07b0ccc e-flex e-con-boxed e-con e-parent\" data-id=\"07b0ccc\" data-element_type=\"container\" data-e-type=\"container\">\n\t\t\t\t\t<div class=\"e-con-inner\">\n\t\t\t\t<div class=\"elementor-element elementor-element-718aff2 elementor-widget elementor-widget-spacer\" data-id=\"718aff2\" data-element_type=\"widget\" data-e-type=\"widget\" data-widget_type=\"spacer.default\">\n\t\t\t\t<div class=\"elementor-widget-container\">\n\t\t\t\t\t\t\t<div class=\"elementor-spacer\">\n\t\t\t<div class=\"elementor-spacer-inner\"><\/div>\n\t\t<\/div>\n\t\t\t\t\t\t<\/div>\n\t\t\t\t<\/div>\n\t\t\t\t\t<\/div>\n\t\t\t\t<\/div>\n\t\t<div class=\"elementor-element elementor-element-fce6cc7 e-flex e-con-boxed e-con e-parent\" data-id=\"fce6cc7\" data-element_type=\"container\" data-e-type=\"container\">\n\t\t\t\t\t<div class=\"e-con-inner\">\n\t\t\t\t<div class=\"elementor-element elementor-element-26781b8 elementor-widget elementor-widget-text-editor\" data-id=\"26781b8\" data-element_type=\"widget\" data-e-type=\"widget\" data-widget_type=\"text-editor.default\">\n\t\t\t\t<div class=\"elementor-widget-container\">\n\t\t\t\t\t\t\t\t\t<p><strong>\u00cen special pentru clien\u021bii no\u0219tri, prezent\u0103m un nou serviciu \u201e<u>cump\u0103rare \u00een rate\u201d<\/u>. Aceasta este solu\u021bia optim\u0103 pentru ca tu s\u0103 te bucuri de achizi\u021bia ta ast\u0103zi \u0219i s\u0103 pl\u0103te\u0219ti \u00een termen de 6 luni f\u0103r\u0103 costuri suplimentare sau ascunse. <\/strong><\/p><div><p><img decoding=\"async\" class=\"alignleft\" src=\"https:\/\/termoformat.md\/img\/content_images\/rassrochka.jpg\" alt=\"\" width=\"219\" height=\"180\"> Inten\u021biona\u021bi s\u0103 \u00eenlocui\u021bi sau s\u0103 achizi\u021biona\u021bi echipamente tehnice noi pentru ventila\u021bie, \u00eenc\u0103lzire, alimentare cu ap\u0103 sau instala\u021bii sanitare, dar nu ave\u021bi \u00eentreaga cantitate dintr-o dat\u0103? Deoarece ne pas\u0103 de clien\u021bii no\u0219tri \u0219i \u00eencerc\u0103m s\u0103 facem procesul de cump\u0103rare c\u00e2t mai confortabil, ne-am g\u00e2ndit \u0219i la asta! <\/p><p> Compania noastr\u0103 asigur\u0103 rate f\u0103r\u0103 dob\u00e2nd\u0103, f\u0103r\u0103 comisioane, dob\u00e2nzi \u0219i pl\u0103\u021bi \u00een exces, pentru \u00eentreaga gam\u0103 de m\u0103rfuri prezentate \u00een magazinele noastre \u0219i pe site-ul <u>tehnoformat.md<\/u> <\/p><p> Plata \u00een rate este un tip convenabil de plat\u0103 \u00een care efectua\u021bi imediat o achizi\u021bie \u0219i pl\u0103ti\u021bi \u00een p\u0103r\u021bi egale \u00een decurs de 6 luni.<\/p><p> P\u00e2n\u0103 acum, mul\u021bi dintre noi \u00eenc\u0103 nu \u00een\u021belegem diferen\u021ba dintre rate \u0219i un \u00eemprumut. La urma urmei, orice \u00eent\u00e2rziere \u00een pl\u0103\u021bi este asociat\u0103 cu dob\u00e2nd\u0103 \u0219i riscuri. \u00cen practic\u0103, ratele sunt mult mai profitabile pentru cump\u0103r\u0103tori. Pl\u0103\u021bile \u00een rate au avantajul c\u0103 nu au comisioane ascunse \u0219i o dob\u00e2nd\u0103 zero fa\u021b\u0103 de un \u00eemprumut. Rata v\u0103 permite s\u0103 v\u0103 \u00eemp\u0103r\u021bi\u021bi pl\u0103\u021bile \u00een mod convenabil \u00een p\u0103r\u021bi mai mici dintr-o sum\u0103 adecvat\u0103 de cheltuieli pentru dvs., astfel \u00eenc\u00e2t cheltuielile dvs. s\u0103 nu suprasoliciteze bugetul planificat.    <br> Cu alte cuvinte, pentru acela\u0219i produs pl\u0103ti\u021bi aceea\u0219i sum\u0103, doar \u00eemp\u0103r\u021bit\u0103 \u00een 6 p\u0103r\u021bi egale, de parc\u0103 a\u021bi pl\u0103ti achizi\u021bia deodat\u0103. Aceasta este o oportunitate unic\u0103 de a ob\u021bine produsul dorit f\u0103r\u0103 a avea \u00eentreaga sum\u0103 de bani dintr-o dat\u0103. <\/p><\/div><p>   <u>Exemplu:<\/u> ai ales o centrala electrica care costa 2400 lei; Folosind oferta noastr\u0103 de rate ve\u021bi pl\u0103ti 400 lei pentru 6 luni, \u00een total 2400 lei. U\u0219or, simplu \u0219i convenabil!!!  <\/p><p> Pute\u021bi aplica pentru un plan de rate \u00eempreun\u0103 cu achizi\u021bia dvs. \u00een magazinele noastre, av\u00e2nd la dvs. actul de identitate. Doar spune-i managerului nostru despre asta \u0219i el va fi bucuros s\u0103 te ajute. <\/p><p> Cerin\u021be pentru cei care doresc s\u0103 pl\u0103teasc\u0103 \u00een rate:<img decoding=\"async\" class=\"alignright\" src=\"https:\/\/termoformat.md\/img\/content_images\/rassrochka1.jpg\" alt=\"\" width=\"193\" height=\"193\"><\/p><ul><li>disponibilitatea c\u0103r\u021bii de identitate a unui cet\u0103\u021bean al Republicii Moldova<\/li><li>v\u00e2rsta minim\u0103 &#8211; 21 de ani<\/li><li>plan de rate de p\u00e2n\u0103 la 6 luni<\/li><li>suma creditului &#8211; de la 500 lei p\u00e2n\u0103 la 30.000 lei<\/li><li>venit permanent<\/li><\/ul><p><strong> Cu serviciul \u201ecump\u0103rare \u00een rate*\u201d, facem procesul de cump\u0103rare mai pl\u0103cut!!!<\/strong><\/p>\t\t\t\t\t\t\t\t<\/div>\n\t\t\t\t<\/div>\n\t\t\t\t<div class=\"elementor-element elementor-element-cae7e70 elementor-widget elementor-widget-heading\" data-id=\"cae7e70\" data-element_type=\"widget\" data-e-type=\"widget\" data-widget_type=\"heading.default\">\n\t\t\t\t<div class=\"elementor-widget-container\">\n\t\t\t\t\t<h2 class=\"elementor-heading-title elementor-size-default\">* Verifica\u021bi cu managerul. Nu se aplic\u0103 articolelor cu reducere sau ofertelor speciale. <\/h2>\t\t\t\t<\/div>\n\t\t\t\t<\/div>\n\t\t\t\t\t<\/div>\n\t\t\t\t<\/div>\n\t\t<div class=\"elementor-element elementor-element-8a1d138 e-flex e-con-boxed e-con e-parent\" data-id=\"8a1d138\" data-element_type=\"container\" data-e-type=\"container\">\n\t\t\t\t\t<div class=\"e-con-inner\">\n\t\t\t\t<div class=\"elementor-element elementor-element-9e30324 elementor-widget elementor-widget-spacer\" data-id=\"9e30324\" data-element_type=\"widget\" data-e-type=\"widget\" data-widget_type=\"spacer.default\">\n\t\t\t\t<div class=\"elementor-widget-container\">\n\t\t\t\t\t\t\t<div class=\"elementor-spacer\">\n\t\t\t<div class=\"elementor-spacer-inner\"><\/div>\n\t\t<\/div>\n\t\t\t\t\t\t<\/div>\n\t\t\t\t<\/div>\n\t\t\t\t\t<\/div>\n\t\t\t\t<\/div>\n\t\t\t\t<\/div>\n\t\t","protected":false},"excerpt":{"rendered":"<p>Nu se aplic\u0103 articolelor cu reducere sau ofertelor speciale. \u00cen special pentru clien\u021bii no\u0219tri, prezent\u0103m un nou serviciu \u201ecump\u0103rare \u00een rate\u201d. Aceasta este solu\u021bia optim\u0103 pentru ca tu s\u0103 te bucuri de achizi\u021bia ta ast\u0103zi \u0219i s\u0103 pl\u0103te\u0219ti \u00een termen de 6 luni f\u0103r\u0103 costuri suplimentare sau ascunse. Inten\u021biona\u021bi s\u0103 \u00eenlocui\u021bi sau s\u0103 achizi\u021biona\u021bi echipamente [&hellip;]<\/p>\n","protected":false},"author":1,"featured_media":0,"parent":0,"menu_order":0,"comment_status":"closed","ping_status":"open","template":"","meta":{"footnotes":""},"class_list":["post-23173","page","type-page","status-publish","hentry"],"yoast_head":"<!-- This site is optimized with the Yoast SEO plugin v27.3 - https:\/\/yoast.com\/product\/yoast-seo-wordpress\/ -->\n<title>Credit - Tehnoformat<\/title>\n<meta name=\"robots\" content=\"noindex, follow\" \/>\n<meta property=\"og:locale\" content=\"ro_RO\" \/>\n<meta property=\"og:type\" content=\"article\" \/>\n<meta property=\"og:title\" content=\"Credit - Tehnoformat\" \/>\n<meta property=\"og:description\" content=\"Nu se aplic\u0103 articolelor cu reducere sau ofertelor speciale. \u00cen special pentru clien\u021bii no\u0219tri, prezent\u0103m un nou serviciu \u201ecump\u0103rare \u00een rate\u201d. Aceasta este solu\u021bia optim\u0103 pentru ca tu s\u0103 te bucuri de achizi\u021bia ta ast\u0103zi \u0219i s\u0103 pl\u0103te\u0219ti \u00een termen de 6 luni f\u0103r\u0103 costuri suplimentare sau ascunse. Inten\u021biona\u021bi s\u0103 \u00eenlocui\u021bi sau s\u0103 achizi\u021biona\u021bi echipamente [&hellip;]\" \/>\n<meta property=\"og:url\" content=\"https:\/\/tehnoformat.md\/ro\/credit\/\" \/>\n<meta property=\"og:site_name\" content=\"Tehnoformat\" \/>\n<meta property=\"article:publisher\" content=\"https:\/\/www.facebook.com\/formatterm\" \/>\n<meta property=\"article:modified_time\" content=\"2025-04-14T07:57:29+00:00\" \/>\n<meta property=\"og:image\" content=\"https:\/\/termoformat.md\/img\/content_images\/rassrochka.jpg\" \/>\n<meta name=\"twitter:card\" content=\"summary_large_image\" \/>\n<meta name=\"twitter:label1\" content=\"Timp estimat pentru citire\" \/>\n\t<meta name=\"twitter:data1\" content=\"2 minute\" \/>\n<script type=\"application\/ld+json\" class=\"yoast-schema-graph\">{\"@context\":\"https:\\\/\\\/schema.org\",\"@graph\":[{\"@type\":\"WebPage\",\"@id\":\"https:\\\/\\\/tehnoformat.md\\\/ro\\\/credit\\\/\",\"url\":\"https:\\\/\\\/tehnoformat.md\\\/ro\\\/credit\\\/\",\"name\":\"Credit - Tehnoformat\",\"isPartOf\":{\"@id\":\"https:\\\/\\\/tehnoformat.md\\\/ro\\\/#website\"},\"primaryImageOfPage\":{\"@id\":\"https:\\\/\\\/tehnoformat.md\\\/ro\\\/credit\\\/#primaryimage\"},\"image\":{\"@id\":\"https:\\\/\\\/tehnoformat.md\\\/ro\\\/credit\\\/#primaryimage\"},\"thumbnailUrl\":\"https:\\\/\\\/termoformat.md\\\/img\\\/content_images\\\/rassrochka.jpg\",\"datePublished\":\"2024-03-27T10:30:47+00:00\",\"dateModified\":\"2025-04-14T07:57:29+00:00\",\"breadcrumb\":{\"@id\":\"https:\\\/\\\/tehnoformat.md\\\/ro\\\/credit\\\/#breadcrumb\"},\"inLanguage\":\"ro-RO\",\"potentialAction\":[{\"@type\":\"ReadAction\",\"target\":[\"https:\\\/\\\/tehnoformat.md\\\/ro\\\/credit\\\/\"]}]},{\"@type\":\"ImageObject\",\"inLanguage\":\"ro-RO\",\"@id\":\"https:\\\/\\\/tehnoformat.md\\\/ro\\\/credit\\\/#primaryimage\",\"url\":\"https:\\\/\\\/termoformat.md\\\/img\\\/content_images\\\/rassrochka.jpg\",\"contentUrl\":\"https:\\\/\\\/termoformat.md\\\/img\\\/content_images\\\/rassrochka.jpg\"},{\"@type\":\"BreadcrumbList\",\"@id\":\"https:\\\/\\\/tehnoformat.md\\\/ro\\\/credit\\\/#breadcrumb\",\"itemListElement\":[{\"@type\":\"ListItem\",\"position\":1,\"name\":\"Pagina principal\u0103\",\"item\":\"https:\\\/\\\/tehnoformat.md\\\/ro\\\/\"},{\"@type\":\"ListItem\",\"position\":2,\"name\":\"Credit\"}]},{\"@type\":\"WebSite\",\"@id\":\"https:\\\/\\\/tehnoformat.md\\\/ro\\\/#website\",\"url\":\"https:\\\/\\\/tehnoformat.md\\\/ro\\\/\",\"name\":\"Tehnoformat.md\",\"description\":\"\",\"publisher\":{\"@id\":\"https:\\\/\\\/tehnoformat.md\\\/ro\\\/#organization\"},\"potentialAction\":[{\"@type\":\"SearchAction\",\"target\":{\"@type\":\"EntryPoint\",\"urlTemplate\":\"https:\\\/\\\/tehnoformat.md\\\/ro\\\/?s={search_term_string}\"},\"query-input\":{\"@type\":\"PropertyValueSpecification\",\"valueRequired\":true,\"valueName\":\"search_term_string\"}}],\"inLanguage\":\"ro-RO\"},{\"@type\":\"Organization\",\"@id\":\"https:\\\/\\\/tehnoformat.md\\\/ro\\\/#organization\",\"name\":\"Tehnoformat\",\"url\":\"https:\\\/\\\/tehnoformat.md\\\/ro\\\/\",\"logo\":{\"@type\":\"ImageObject\",\"inLanguage\":\"ro-RO\",\"@id\":\"https:\\\/\\\/tehnoformat.md\\\/ro\\\/#\\\/schema\\\/logo\\\/image\\\/\",\"url\":\"https:\\\/\\\/tehnoformat.md\\\/wp-content\\\/uploads\\\/2024\\\/10\\\/icon1.png\",\"contentUrl\":\"https:\\\/\\\/tehnoformat.md\\\/wp-content\\\/uploads\\\/2024\\\/10\\\/icon1.png\",\"width\":512,\"height\":512,\"caption\":\"Tehnoformat\"},\"image\":{\"@id\":\"https:\\\/\\\/tehnoformat.md\\\/ro\\\/#\\\/schema\\\/logo\\\/image\\\/\"},\"sameAs\":[\"https:\\\/\\\/www.facebook.com\\\/formatterm\",\"https:\\\/\\\/www.instagram.com\\\/tehnoformat.md\\\/\"]}]}<\/script>\n<!-- \/ Yoast SEO plugin. -->","yoast_head_json":{"title":"Credit - Tehnoformat","robots":{"index":"noindex","follow":"follow"},"og_locale":"ro_RO","og_type":"article","og_title":"Credit - Tehnoformat","og_description":"Nu se aplic\u0103 articolelor cu reducere sau ofertelor speciale. \u00cen special pentru clien\u021bii no\u0219tri, prezent\u0103m un nou serviciu \u201ecump\u0103rare \u00een rate\u201d. Aceasta este solu\u021bia optim\u0103 pentru ca tu s\u0103 te bucuri de achizi\u021bia ta ast\u0103zi \u0219i s\u0103 pl\u0103te\u0219ti \u00een termen de 6 luni f\u0103r\u0103 costuri suplimentare sau ascunse. Inten\u021biona\u021bi s\u0103 \u00eenlocui\u021bi sau s\u0103 achizi\u021biona\u021bi echipamente [&hellip;]","og_url":"https:\/\/tehnoformat.md\/ro\/credit\/","og_site_name":"Tehnoformat","article_publisher":"https:\/\/www.facebook.com\/formatterm","article_modified_time":"2025-04-14T07:57:29+00:00","og_image":[{"url":"https:\/\/termoformat.md\/img\/content_images\/rassrochka.jpg","type":"","width":"","height":""}],"twitter_card":"summary_large_image","twitter_misc":{"Timp estimat pentru citire":"2 minute"},"schema":{"@context":"https:\/\/schema.org","@graph":[{"@type":"WebPage","@id":"https:\/\/tehnoformat.md\/ro\/credit\/","url":"https:\/\/tehnoformat.md\/ro\/credit\/","name":"Credit - Tehnoformat","isPartOf":{"@id":"https:\/\/tehnoformat.md\/ro\/#website"},"primaryImageOfPage":{"@id":"https:\/\/tehnoformat.md\/ro\/credit\/#primaryimage"},"image":{"@id":"https:\/\/tehnoformat.md\/ro\/credit\/#primaryimage"},"thumbnailUrl":"https:\/\/termoformat.md\/img\/content_images\/rassrochka.jpg","datePublished":"2024-03-27T10:30:47+00:00","dateModified":"2025-04-14T07:57:29+00:00","breadcrumb":{"@id":"https:\/\/tehnoformat.md\/ro\/credit\/#breadcrumb"},"inLanguage":"ro-RO","potentialAction":[{"@type":"ReadAction","target":["https:\/\/tehnoformat.md\/ro\/credit\/"]}]},{"@type":"ImageObject","inLanguage":"ro-RO","@id":"https:\/\/tehnoformat.md\/ro\/credit\/#primaryimage","url":"https:\/\/termoformat.md\/img\/content_images\/rassrochka.jpg","contentUrl":"https:\/\/termoformat.md\/img\/content_images\/rassrochka.jpg"},{"@type":"BreadcrumbList","@id":"https:\/\/tehnoformat.md\/ro\/credit\/#breadcrumb","itemListElement":[{"@type":"ListItem","position":1,"name":"Pagina principal\u0103","item":"https:\/\/tehnoformat.md\/ro\/"},{"@type":"ListItem","position":2,"name":"Credit"}]},{"@type":"WebSite","@id":"https:\/\/tehnoformat.md\/ro\/#website","url":"https:\/\/tehnoformat.md\/ro\/","name":"Tehnoformat.md","description":"","publisher":{"@id":"https:\/\/tehnoformat.md\/ro\/#organization"},"potentialAction":[{"@type":"SearchAction","target":{"@type":"EntryPoint","urlTemplate":"https:\/\/tehnoformat.md\/ro\/?s={search_term_string}"},"query-input":{"@type":"PropertyValueSpecification","valueRequired":true,"valueName":"search_term_string"}}],"inLanguage":"ro-RO"},{"@type":"Organization","@id":"https:\/\/tehnoformat.md\/ro\/#organization","name":"Tehnoformat","url":"https:\/\/tehnoformat.md\/ro\/","logo":{"@type":"ImageObject","inLanguage":"ro-RO","@id":"https:\/\/tehnoformat.md\/ro\/#\/schema\/logo\/image\/","url":"https:\/\/tehnoformat.md\/wp-content\/uploads\/2024\/10\/icon1.png","contentUrl":"https:\/\/tehnoformat.md\/wp-content\/uploads\/2024\/10\/icon1.png","width":512,"height":512,"caption":"Tehnoformat"},"image":{"@id":"https:\/\/tehnoformat.md\/ro\/#\/schema\/logo\/image\/"},"sameAs":["https:\/\/www.facebook.com\/formatterm","https:\/\/www.instagram.com\/tehnoformat.md\/"]}]}},"_links":{"self":[{"href":"https:\/\/tehnoformat.md\/ro\/wp-json\/wp\/v2\/pages\/23173","targetHints":{"allow":["GET"]}}],"collection":[{"href":"https:\/\/tehnoformat.md\/ro\/wp-json\/wp\/v2\/pages"}],"about":[{"href":"https:\/\/tehnoformat.md\/ro\/wp-json\/wp\/v2\/types\/page"}],"author":[{"embeddable":true,"href":"https:\/\/tehnoformat.md\/ro\/wp-json\/wp\/v2\/users\/1"}],"replies":[{"embeddable":true,"href":"https:\/\/tehnoformat.md\/ro\/wp-json\/wp\/v2\/comments?post=23173"}],"version-history":[{"count":1,"href":"https:\/\/tehnoformat.md\/ro\/wp-json\/wp\/v2\/pages\/23173\/revisions"}],"predecessor-version":[{"id":23174,"href":"https:\/\/tehnoformat.md\/ro\/wp-json\/wp\/v2\/pages\/23173\/revisions\/23174"}],"wp:attachment":[{"href":"https:\/\/tehnoformat.md\/ro\/wp-json\/wp\/v2\/media?parent=23173"}],"curies":[{"name":"wp","href":"https:\/\/api.w.org\/{rel}","templated":true}]}}