{"id":23108,"date":"2024-03-27T10:23:37","date_gmt":"2024-03-27T07:23:37","guid":{"rendered":"https:\/\/tehnoformat.md\/livrare\/"},"modified":"2025-03-31T15:40:05","modified_gmt":"2025-03-31T12:40:05","slug":"livrare","status":"publish","type":"page","link":"https:\/\/tehnoformat.md\/ro\/livrare\/","title":{"rendered":"Livrare"},"content":{"rendered":"\t\t<div data-elementor-type=\"wp-page\" data-elementor-id=\"23108\" class=\"elementor elementor-23108 elementor-8130\">\n\t\t\t\t<div class=\"elementor-element elementor-element-fd233c2 e-flex e-con-boxed e-con e-parent\" data-id=\"fd233c2\" data-element_type=\"container\" data-e-type=\"container\">\n\t\t\t\t\t<div class=\"e-con-inner\">\n\t\t\t\t<div class=\"elementor-element elementor-element-f826e1a elementor-widget elementor-widget-heading\" data-id=\"f826e1a\" data-element_type=\"widget\" data-e-type=\"widget\" data-widget_type=\"heading.default\">\n\t\t\t\t<div class=\"elementor-widget-container\">\n\t\t\t\t\t<h2 class=\"elementor-heading-title elementor-size-default\">Nu ave\u021bi transport? Vom fi bucuro\u0219i s\u0103 v\u0103 ajut\u0103m! <\/h2>\t\t\t\t<\/div>\n\t\t\t\t<\/div>\n\t\t\t\t\t<\/div>\n\t\t\t\t<\/div>\n\t\t<div class=\"elementor-element elementor-element-17c2540 e-flex e-con-boxed e-con e-parent\" data-id=\"17c2540\" data-element_type=\"container\" data-e-type=\"container\">\n\t\t\t\t\t<div class=\"e-con-inner\">\n\t\t\t\t<div class=\"elementor-element elementor-element-7f64e02 elementor-widget elementor-widget-text-editor\" data-id=\"7f64e02\" data-element_type=\"widget\" data-e-type=\"widget\" data-widget_type=\"text-editor.default\">\n\t\t\t\t<div class=\"elementor-widget-container\">\n\t\t\t\t\t\t\t\t\t<h4><strong> <\/strong><\/h4><p><img decoding=\"async\" class=\"alignleft\" src=\"https:\/\/termoformat.md\/img\/content_images\/transport.jpg\" alt=\"\" width=\"153\" height=\"119\"> Dac\u0103 a\u021bi selectat deja un produs din magazinele noastre sau de pe site-ul nostru \u0219i ave\u021bi nevoie de livrarea produsului selectat, pute\u021bi comanda acest serviciu de la noi! Livram \u00een Chi\u0219in\u0103u \u0219i pe toat\u0103 \u021bara folosind autovehicule proprii. <br> Pentru a face acest lucru, trebuie pur \u0219i simplu s\u0103 informa\u021bi managerul nostru despre aceasta sau s\u0103 bifa\u021bi caseta corespunz\u0103toare atunci c\u00e2nd plasa\u021bi o comand\u0103 de pe site.<br> C\u00e2nd comanda\u021bi livrarea de la compania noastr\u0103, pute\u021bi fi complet sigur c\u0103 ve\u021bi primi comanda intact\u0103 \u0219i la timp.<\/p><p><img decoding=\"async\" class=\"alignleft\" src=\"https:\/\/termoformat.md\/img\/content_images\/chisinau.jpg\" alt=\"\" width=\"146\" height=\"133\">   <u><strong>Livrare in Chisinau<\/strong><\/u><br>Costul de livrare in Chisinau este gratuit pentru comenzile de peste 1500 lei. Dac\u0103 costul achizi\u021biei dumneavoastr\u0103 este mai mic dec\u00e2t suma indicat\u0103, livrarea este de 75 lei. Costul livr\u0103rii \u00een suburbiile Chi\u0219in\u0103ului este de 100 de lei.  <br> \u00cen cazul \u00een care cererea este primit\u0103 \u00eenainte de ora 14:00, comanda \u00een Chi\u0219in\u0103u va fi livrat\u0103 \u00een aceea\u0219i zi, dac\u0103 dup\u0103 ora 14:00 vei primi marfa a doua zi \u00eenainte de pr\u00e2nz. \u00cen cazul \u00een care ave\u021bi nevoie s\u0103 primi\u021bi urgent m\u0103rfurile, contacta\u021bi managerul nostru, acesta va clarifica volumul de munc\u0103 al curierilor \u0219i v\u0103 va informa despre timpul minim de livrare a m\u0103rfurilor. <br> Cererile primite \u00een weekend (a doua jum\u0103tate de s\u00e2mb\u0103t\u0103, duminic\u0103) vor fi procesate luni \u00een prima jum\u0103tate a zilei.<\/p><p><img decoding=\"async\" class=\"alignleft\" src=\"https:\/\/termoformat.md\/img\/content_images\/moldova.jpg\" alt=\"\" width=\"148\" height=\"183\">   <u><strong>Livrare pe teritoriul Republicii Moldova<\/strong><\/u><br>Costul de livrare \u00een orice regiune a Moldovei este de 4,5 l\/km dus, iar m\u0103rfurile care dep\u0103\u0219esc 100 kg sau dimensiuni peste: lungime &#8211; 2 m, \u00een\u0103l\u021bime &#8211; 1,5 m \u0219i l\u0103\u021bime &#8211; 1,2 m, tariful este de 6 l\/km dus. \u00cen func\u021bie de dimensiunile \u0219i greutatea comenzii dvs., v\u0103 rug\u0103m s\u0103 contacta\u021bi managerul pentru a clarifica costul final de livrare. <br> Livrarea comenzilor pe teritoriul Republicii Moldova dureaz\u0103 1-3 zile lucr\u0103toare de la plasare. \u00cen orice caz, managerul nostru v\u0103 va contacta \u0219i v\u0103 va clarifica timpul minim de livrare al m\u0103rfurilor. <br>   <u>Aten\u021bie!<\/u> Marfa trebuie primit\u0103 de persoana ale c\u0103rei detalii au fost specificate la comand\u0103, prin prezentarea oric\u0103rui document de identificare la curierul nostru. De asemenea, v\u0103 atragem aten\u021bia asupra faptului c\u0103, la primire, m\u0103rfurile trebuie verificate de c\u0103tre cump\u0103r\u0103tor pentru caracterul complet \u0219i absen\u021ba daunelor externe. <\/p><p><img loading=\"lazy\" decoding=\"async\" class=\"\" src=\"https:\/\/termoformat.md\/img\/content_images\/2020_05_22_15_19_46_logo.png\" alt=\"\" width=\"163\" height=\"31\"><br>Compania noastr\u0103 coopereaz\u0103 \u0219i cu serviciul de curierat \u201eNova Poshta\u201d. Putem trimite marfa comandat\u0103 prin intermediul companiei \u201eNova Poshta\u201d \u00een orice punct din Moldova, v\u0103 rugam sa verifica\u021bi costul livr\u0103rii cu m\u0103n\u0103gerii.  <br>Termenul de livrare pentru produsele comandate este de 2-3 zile lucr\u0103toare.<br>V\u0103 rug\u0103m s\u0103 re\u021bine\u021bi c\u0103, la primire, bunurile trebuie verificate de c\u0103tre cump\u0103r\u0103tor pentru caracterul complet \u0219i absen\u021ba daunelor externe. Prin semnarea formularului de scrisoare de transport expres, confirma\u021bi c\u0103 nu ave\u021bi preten\u021bii \u00eempotriva v\u00e2nz\u0103torului \u0219i transportatorului. <\/p><p><em>Dac\u0103 produsul este livrat \u0219i \u00eendepline\u0219te toate obliga\u021biile de garan\u021bie, dar din anumite motive v\u0103 r\u0103zg\u00e2ndi\u021bi \u00een privin\u021ba achizi\u021bion\u0103rii lui, va trebui s\u0103 pl\u0103ti\u021bi cheltuielile de livrare ale curierului \u0219i costul livr\u0103rii. Prin urmare, \u00eenainte de a plasa comanda, asigura\u021bi-v\u0103 c\u0103 a\u021bi ales modelul pe care dori\u021bi cu adev\u0103rat s\u0103-l cump\u0103ra\u021bi. <\/em><\/p><p><u><strong>Aten\u021bie!<\/strong><\/u><\/p><ul><li><strong><em>Livrarea se face p\u00e2n\u0103 la u\u0219a dvs. Costul de livrare nu include ridicarea la etaj \u0219i aducerea \u00een incint\u0103, mutarea produsului prin apartament\/cas\u0103, instalarea \u0219i racordarea, demonstrarea caracteristicilor consumatorilor \u0219i instruirea cump\u0103r\u0103torului. <\/em><\/strong><\/li><li><strong><em>Nu se efectueaz\u0103 transportul mai multor bunuri \u00een scopul select\u0103rii uneia dintre ele la locul de livrare.<\/em><\/strong><\/li><li><em>Efectu\u0103m o verificare am\u0103nun\u021bit\u0103 a fiec\u0103rei comenzi \u00eenainte de a fi expediat\u0103: sunt verificate integralitatea, calitatea \u0219i fiabilitatea ambalajului. Cu toate acestea, v\u0103 rug\u0103m s\u0103 re\u021bine\u021bi c\u0103, la primire, m\u0103rfurile trebuie verificate pentru completitudine \u0219i absen\u021ba daunelor externe de c\u0103tre cump\u0103r\u0103tor. \u00cen cazul \u00een care se constat\u0103 discrepan\u021be la primirea bunurilor, ave\u021bi dreptul de a refuza bunurile. V\u0103 rug\u0103m s\u0103 re\u021bine\u021bi c\u0103 din momentul transferului m\u0103rfurilor \u0219i semn\u0103rii documentelor de \u00eenso\u021bire, riscul de deteriorare a m\u0103rfii trece la cump\u0103r\u0103tor. \u00cen cazul refuzului nejustificat al bunurilor livrate, costul livr\u0103rii se achit\u0103 \u00een mod obligatoriu, pe baza calculelor f\u0103cute mai sus.    <\/em><\/li><li><em>Dac\u0103 \u00een momentul comenzii a\u021bi selectat un produs cu instalare, livrarea se va face \u00een ziua mont\u0103rii de c\u0103tre echipa de montaj.<\/em><\/li><li><em>De asemenea, este posibil\u0103 ridicarea comenzilor din magazin &#8211; pentru a face acest lucru, trebuie mai \u00eent\u00e2i s\u0103 rezerva\u021bi produsul prin telefon la speciali\u0219tii no\u0219tri sau s\u0103 plasa\u021bi o comand\u0103 prin co\u0219ul de cump\u0103r\u0103turi de pe site.<\/em><\/li><\/ul><p>Pentru informa\u021bii suplimentare despre livrarea m\u0103rfurilor, v\u0103 rug\u0103m s\u0103 suna\u021bi la: 069-888-802; 060-444-651;<\/p>\t\t\t\t\t\t\t\t<\/div>\n\t\t\t\t<\/div>\n\t\t\t\t\t<\/div>\n\t\t\t\t<\/div>\n\t\t\t\t<\/div>\n\t\t","protected":false},"excerpt":{"rendered":"<p>Nu ave\u021bi transport? Vom fi bucuro\u0219i s\u0103 v\u0103 ajut\u0103m! Dac\u0103 a\u021bi selectat deja un produs din magazinele noastre sau de pe site-ul nostru \u0219i ave\u021bi nevoie de livrarea produsului selectat, pute\u021bi comanda acest serviciu de la noi! Livram \u00een Chi\u0219in\u0103u \u0219i pe toat\u0103 \u021bara folosind autovehicule proprii. Pentru a face acest lucru, trebuie pur \u0219i [&hellip;]<\/p>\n","protected":false},"author":1,"featured_media":0,"parent":0,"menu_order":0,"comment_status":"closed","ping_status":"open","template":"","meta":{"footnotes":""},"class_list":["post-23108","page","type-page","status-publish","hentry"],"yoast_head":"<!-- This site is optimized with the Yoast SEO plugin v27.1.1 - https:\/\/yoast.com\/product\/yoast-seo-wordpress\/ -->\n<title>Livrare - Tehnoformat<\/title>\n<meta name=\"robots\" content=\"index, follow, max-snippet:-1, max-image-preview:large, max-video-preview:-1\" \/>\n<link rel=\"canonical\" href=\"https:\/\/tehnoformat.md\/ro\/livrare\/\" \/>\n<meta property=\"og:locale\" content=\"ro_RO\" \/>\n<meta property=\"og:type\" content=\"article\" \/>\n<meta property=\"og:title\" content=\"Livrare - Tehnoformat\" \/>\n<meta property=\"og:description\" content=\"Nu ave\u021bi transport? Vom fi bucuro\u0219i s\u0103 v\u0103 ajut\u0103m! Dac\u0103 a\u021bi selectat deja un produs din magazinele noastre sau de pe site-ul nostru \u0219i ave\u021bi nevoie de livrarea produsului selectat, pute\u021bi comanda acest serviciu de la noi! Livram \u00een Chi\u0219in\u0103u \u0219i pe toat\u0103 \u021bara folosind autovehicule proprii. Pentru a face acest lucru, trebuie pur \u0219i [&hellip;]\" \/>\n<meta property=\"og:url\" content=\"https:\/\/tehnoformat.md\/ro\/livrare\/\" \/>\n<meta property=\"og:site_name\" content=\"Tehnoformat\" \/>\n<meta property=\"article:publisher\" content=\"https:\/\/www.facebook.com\/formatterm\" \/>\n<meta property=\"article:modified_time\" content=\"2025-03-31T12:40:05+00:00\" \/>\n<meta property=\"og:image\" content=\"https:\/\/termoformat.md\/img\/content_images\/transport.jpg\" \/>\n<meta name=\"twitter:card\" content=\"summary_large_image\" \/>\n<meta name=\"twitter:label1\" content=\"Timp estimat pentru citire\" \/>\n\t<meta name=\"twitter:data1\" content=\"4 minute\" \/>\n<script type=\"application\/ld+json\" class=\"yoast-schema-graph\">{\"@context\":\"https:\/\/schema.org\",\"@graph\":[{\"@type\":\"WebPage\",\"@id\":\"https:\/\/tehnoformat.md\/ro\/livrare\/\",\"url\":\"https:\/\/tehnoformat.md\/ro\/livrare\/\",\"name\":\"Livrare - Tehnoformat\",\"isPartOf\":{\"@id\":\"https:\/\/tehnoformat.md\/ro\/#website\"},\"primaryImageOfPage\":{\"@id\":\"https:\/\/tehnoformat.md\/ro\/livrare\/#primaryimage\"},\"image\":{\"@id\":\"https:\/\/tehnoformat.md\/ro\/livrare\/#primaryimage\"},\"thumbnailUrl\":\"https:\/\/termoformat.md\/img\/content_images\/transport.jpg\",\"datePublished\":\"2024-03-27T07:23:37+00:00\",\"dateModified\":\"2025-03-31T12:40:05+00:00\",\"breadcrumb\":{\"@id\":\"https:\/\/tehnoformat.md\/ro\/livrare\/#breadcrumb\"},\"inLanguage\":\"ro-RO\",\"potentialAction\":[{\"@type\":\"ReadAction\",\"target\":[\"https:\/\/tehnoformat.md\/ro\/livrare\/\"]}]},{\"@type\":\"ImageObject\",\"inLanguage\":\"ro-RO\",\"@id\":\"https:\/\/tehnoformat.md\/ro\/livrare\/#primaryimage\",\"url\":\"https:\/\/termoformat.md\/img\/content_images\/transport.jpg\",\"contentUrl\":\"https:\/\/termoformat.md\/img\/content_images\/transport.jpg\"},{\"@type\":\"BreadcrumbList\",\"@id\":\"https:\/\/tehnoformat.md\/ro\/livrare\/#breadcrumb\",\"itemListElement\":[{\"@type\":\"ListItem\",\"position\":1,\"name\":\"Pagina principal\u0103\",\"item\":\"https:\/\/tehnoformat.md\/ro\/\"},{\"@type\":\"ListItem\",\"position\":2,\"name\":\"Livrare\"}]},{\"@type\":\"WebSite\",\"@id\":\"https:\/\/tehnoformat.md\/ro\/#website\",\"url\":\"https:\/\/tehnoformat.md\/ro\/\",\"name\":\"Tehnoformat.md\",\"description\":\"\",\"publisher\":{\"@id\":\"https:\/\/tehnoformat.md\/ro\/#organization\"},\"potentialAction\":[{\"@type\":\"SearchAction\",\"target\":{\"@type\":\"EntryPoint\",\"urlTemplate\":\"https:\/\/tehnoformat.md\/ro\/?s={search_term_string}\"},\"query-input\":{\"@type\":\"PropertyValueSpecification\",\"valueRequired\":true,\"valueName\":\"search_term_string\"}}],\"inLanguage\":\"ro-RO\"},{\"@type\":\"Organization\",\"@id\":\"https:\/\/tehnoformat.md\/ro\/#organization\",\"name\":\"Tehnoformat\",\"url\":\"https:\/\/tehnoformat.md\/ro\/\",\"logo\":{\"@type\":\"ImageObject\",\"inLanguage\":\"ro-RO\",\"@id\":\"https:\/\/tehnoformat.md\/ro\/#\/schema\/logo\/image\/\",\"url\":\"https:\/\/tehnoformat.md\/wp-content\/uploads\/2024\/10\/icon1.png\",\"contentUrl\":\"https:\/\/tehnoformat.md\/wp-content\/uploads\/2024\/10\/icon1.png\",\"width\":512,\"height\":512,\"caption\":\"Tehnoformat\"},\"image\":{\"@id\":\"https:\/\/tehnoformat.md\/ro\/#\/schema\/logo\/image\/\"},\"sameAs\":[\"https:\/\/www.facebook.com\/formatterm\",\"https:\/\/www.instagram.com\/tehnoformat.md\/\"]}]}<\/script>\n<!-- \/ Yoast SEO plugin. -->","yoast_head_json":{"title":"Livrare - Tehnoformat","robots":{"index":"index","follow":"follow","max-snippet":"max-snippet:-1","max-image-preview":"max-image-preview:large","max-video-preview":"max-video-preview:-1"},"canonical":"https:\/\/tehnoformat.md\/ro\/livrare\/","og_locale":"ro_RO","og_type":"article","og_title":"Livrare - Tehnoformat","og_description":"Nu ave\u021bi transport? Vom fi bucuro\u0219i s\u0103 v\u0103 ajut\u0103m! Dac\u0103 a\u021bi selectat deja un produs din magazinele noastre sau de pe site-ul nostru \u0219i ave\u021bi nevoie de livrarea produsului selectat, pute\u021bi comanda acest serviciu de la noi! Livram \u00een Chi\u0219in\u0103u \u0219i pe toat\u0103 \u021bara folosind autovehicule proprii. Pentru a face acest lucru, trebuie pur \u0219i [&hellip;]","og_url":"https:\/\/tehnoformat.md\/ro\/livrare\/","og_site_name":"Tehnoformat","article_publisher":"https:\/\/www.facebook.com\/formatterm","article_modified_time":"2025-03-31T12:40:05+00:00","og_image":[{"url":"https:\/\/termoformat.md\/img\/content_images\/transport.jpg","type":"","width":"","height":""}],"twitter_card":"summary_large_image","twitter_misc":{"Timp estimat pentru citire":"4 minute"},"schema":{"@context":"https:\/\/schema.org","@graph":[{"@type":"WebPage","@id":"https:\/\/tehnoformat.md\/ro\/livrare\/","url":"https:\/\/tehnoformat.md\/ro\/livrare\/","name":"Livrare - Tehnoformat","isPartOf":{"@id":"https:\/\/tehnoformat.md\/ro\/#website"},"primaryImageOfPage":{"@id":"https:\/\/tehnoformat.md\/ro\/livrare\/#primaryimage"},"image":{"@id":"https:\/\/tehnoformat.md\/ro\/livrare\/#primaryimage"},"thumbnailUrl":"https:\/\/termoformat.md\/img\/content_images\/transport.jpg","datePublished":"2024-03-27T07:23:37+00:00","dateModified":"2025-03-31T12:40:05+00:00","breadcrumb":{"@id":"https:\/\/tehnoformat.md\/ro\/livrare\/#breadcrumb"},"inLanguage":"ro-RO","potentialAction":[{"@type":"ReadAction","target":["https:\/\/tehnoformat.md\/ro\/livrare\/"]}]},{"@type":"ImageObject","inLanguage":"ro-RO","@id":"https:\/\/tehnoformat.md\/ro\/livrare\/#primaryimage","url":"https:\/\/termoformat.md\/img\/content_images\/transport.jpg","contentUrl":"https:\/\/termoformat.md\/img\/content_images\/transport.jpg"},{"@type":"BreadcrumbList","@id":"https:\/\/tehnoformat.md\/ro\/livrare\/#breadcrumb","itemListElement":[{"@type":"ListItem","position":1,"name":"Pagina principal\u0103","item":"https:\/\/tehnoformat.md\/ro\/"},{"@type":"ListItem","position":2,"name":"Livrare"}]},{"@type":"WebSite","@id":"https:\/\/tehnoformat.md\/ro\/#website","url":"https:\/\/tehnoformat.md\/ro\/","name":"Tehnoformat.md","description":"","publisher":{"@id":"https:\/\/tehnoformat.md\/ro\/#organization"},"potentialAction":[{"@type":"SearchAction","target":{"@type":"EntryPoint","urlTemplate":"https:\/\/tehnoformat.md\/ro\/?s={search_term_string}"},"query-input":{"@type":"PropertyValueSpecification","valueRequired":true,"valueName":"search_term_string"}}],"inLanguage":"ro-RO"},{"@type":"Organization","@id":"https:\/\/tehnoformat.md\/ro\/#organization","name":"Tehnoformat","url":"https:\/\/tehnoformat.md\/ro\/","logo":{"@type":"ImageObject","inLanguage":"ro-RO","@id":"https:\/\/tehnoformat.md\/ro\/#\/schema\/logo\/image\/","url":"https:\/\/tehnoformat.md\/wp-content\/uploads\/2024\/10\/icon1.png","contentUrl":"https:\/\/tehnoformat.md\/wp-content\/uploads\/2024\/10\/icon1.png","width":512,"height":512,"caption":"Tehnoformat"},"image":{"@id":"https:\/\/tehnoformat.md\/ro\/#\/schema\/logo\/image\/"},"sameAs":["https:\/\/www.facebook.com\/formatterm","https:\/\/www.instagram.com\/tehnoformat.md\/"]}]}},"_links":{"self":[{"href":"https:\/\/tehnoformat.md\/ro\/wp-json\/wp\/v2\/pages\/23108","targetHints":{"allow":["GET"]}}],"collection":[{"href":"https:\/\/tehnoformat.md\/ro\/wp-json\/wp\/v2\/pages"}],"about":[{"href":"https:\/\/tehnoformat.md\/ro\/wp-json\/wp\/v2\/types\/page"}],"author":[{"embeddable":true,"href":"https:\/\/tehnoformat.md\/ro\/wp-json\/wp\/v2\/users\/1"}],"replies":[{"embeddable":true,"href":"https:\/\/tehnoformat.md\/ro\/wp-json\/wp\/v2\/comments?post=23108"}],"version-history":[{"count":1,"href":"https:\/\/tehnoformat.md\/ro\/wp-json\/wp\/v2\/pages\/23108\/revisions"}],"predecessor-version":[{"id":23109,"href":"https:\/\/tehnoformat.md\/ro\/wp-json\/wp\/v2\/pages\/23108\/revisions\/23109"}],"wp:attachment":[{"href":"https:\/\/tehnoformat.md\/ro\/wp-json\/wp\/v2\/media?parent=23108"}],"curies":[{"name":"wp","href":"https:\/\/api.w.org\/{rel}","templated":true}]}}